{"id":10493,"date":"2024-05-16T09:27:51","date_gmt":"2024-05-16T09:27:51","guid":{"rendered":"https:\/\/www.elementvape.de\/?post_type=product&#038;p=10493"},"modified":"2025-12-06T05:56:08","modified_gmt":"2025-12-06T05:56:08","slug":"randm-tornado-15000-vape","status":"publish","type":"product","link":"https:\/\/www.elementvape.de\/pt\/produkt\/randm-tornado-15000-vape\/","title":{"rendered":"RANDM TORNADO 15000 Puffs VAPE"},"content":{"rendered":"<h2>RandM Tornado 15000 \u2013 Uma nova era de cigarros eletr\u00f3nicos<\/h2>\n<p>Lan\u00e7amento do RandM Tornado 15000<br \/>\nO RandM Tornado 15000 marca um marco como o mais recente dispositivo na renomada linha RandM Tornado da RandM. Com impressionantes 15.000 puxadas, este dispositivo estabelece um novo padr\u00e3o de durabilidade e desempenho.<\/p>\n<h2>Fun\u00e7\u00f5es do RandM Tornado 15000<\/h2>\n<p>O RandM Tornado 15000 possui muitas caracter\u00edsticas not\u00e1veis que o tornam o melhor cigarro eletr\u00f3nico Tornado.<\/p>\n<p>Dose de 25 ml, suporta 15.000 puxadas: Com a grande dose de 25 ml, pode desfrutar de at\u00e9 15.000 puxadas. Assim, o RandM Tornado 15000 \u00e9 ideal para um prazer duradouro e fumar sem interrup\u00e7\u00f5es.<\/p>\n<p>Indicador digital de desempenho: Com o indicador digital de desempenho, pode monitorizar a autonomia da bateria a qualquer momento e carreg\u00e1-la atempadamente, garantindo uma experi\u00eancia de fumar cont\u00ednua.<\/p>\n<p>Conector de carregamento Tipo-C: O conector de carregamento Tipo-C moderno permite uma carga r\u00e1pida e conveniente do dispositivo, para que possa passar menos tempo \u00e0 espera e mais tempo a vaporizar.<\/p>\n<p>Bateria de 850 mAh: O RandM Tornado 15000 est\u00e1 equipado com uma bateria potente de 850 mAh, que fornece energia suficiente para fumar durante longos per\u00edodos, sem preocupa\u00e7\u00f5es com o carregamento.<\/p>\n<p>Bobina de malha (0,90 Ohm): A bobina de malha incorporada com uma resist\u00eancia de 0,90 Ohm garante que os seus l\u00edquidos favoritos vaporizem de forma uniforme e eficiente, resultando num sabor intenso e nuvens densas de vapor.<\/p>\n<p>A MAIS RECENTE L\u00cdQUIDO COM O MELHOR SABOR: O RandM Tornado 15000 disp\u00f5e, gra\u00e7as \u00e0 sua tecnologia avan\u00e7ada de vaporiza\u00e7\u00e3o, de um l\u00edquido com o sabor mais delicioso, real\u00e7ando o sabor e aroma completos do l\u00edquido.<\/p>\n<h3>Vantagens do RandM Tornado 15000<\/h3>\n<p>Experi\u00eancia de vapor duradoura: Com o seu reservat\u00f3rio espa\u00e7oso e bateria potente, o RandM Tornado 15000 oferece-lhe uma divers\u00e3o de vapor prolongada, que pode desfrutar durante todo o dia.<\/p>\n<p>DESEMPENHO EXCEPCIONAL: Com tecnologia avan\u00e7ada, o RandM Tornado 15000 fornece um desempenho not\u00e1vel que satisfaz at\u00e9 os vaporizadores mais exigentes.<\/p>\n<p>DESIGN F\u00c1CIL DE UTILIZAR: Com um design amig\u00e1vel e opera\u00e7\u00e3o simples, o RandM Tornado 15000 \u00e9 adequado tanto para iniciantes quanto para vaporizadores experientes.<\/p>\n<h3>Aplica\u00e7\u00e3o e uso do RandM Tornado 15000<\/h3>\n<p>Versatilidade: O RandM Tornado 15000 \u00e9 perfeito para uso em casa, em movimento ou em eventos sociais.<\/p>\n<p>F\u00e1cil de usar: Com um design intuitivo, o RandM Tornado 15000 \u00e9 f\u00e1cil de manusear, permitindo que se concentre totalmente na vaporiza\u00e7\u00e3o.<\/p>\n<p>Por que escolher o RandM Tornado 15000?<br \/>\nMARCA DE ALTA QUALIDADE RANDM: Como parte da renomada marca RandM, o RandM Tornado 15000 representa qualidade e inova\u00e7\u00e3o, oferecendo uma experi\u00eancia de vapor de primeira classe em que pode confiar.<\/p>\n<p>TECNOLOGIA INOVADORA: Com tecnologia avan\u00e7ada, o RandM Tornado 15000 estabelece um novo padr\u00e3o na vaporiza\u00e7\u00e3o, proporcionando uma experi\u00eancia de vapor \u00fanica e incompar\u00e1vel.<\/p>\n<p>GARANTIA DE SATISFA\u00c7\u00c3O DO CLIENTE: Com o RandM Tornado 15000, pode contar com desempenho de primeira e uma satisfa\u00e7\u00e3o do cliente excepcional.<\/p>\n<h3>Oferecemos as seguintes op\u00e7\u00f5es de sabores com o RandM Tornado 15000<\/h3>\n<p>Ma\u00e7\u00e3 P\u00eassego P\u00eara<br \/>\nBanana Gelo<br \/>\nLimonada de Frutos Vermelhos<br \/>\nCereja Blue Razz<br \/>\nGoma de Menta Blueberry<br \/>\nCranberry de Blueberry e Cereja<br \/>\nRom\u00e3 Blueberry<br \/>\nFramboesa Bluesour<br \/>\nCola de Cereja<br \/>\nUrso de Goma<br \/>\nPicol\u00e9 de Gelo<br \/>\nKiwi Maracuj\u00e1 Goiaba<br \/>\nLim\u00e3o &amp; Lima<br \/>\nLuch Gelo<br \/>\nManga no Gelo<br \/>\nSenhor Azul<br \/>\nDoce de P\u00eassego e Mirtilo<br \/>\nGelo de Energia Vermelha<br \/>\nMorango Banana<br \/>\nMorango Uva<br \/>\nMorango Kiwi<br \/>\nMorango Red Bull<br \/>\nLimonada de Morango Melancia<\/p>","protected":false},"excerpt":{"rendered":"<p>RandM Tornado 15000 \u2013 Eine neue Welt E-Zigaretten RandM Tornado 15000 Einf\u00fchrung Der RandM Tornado 15000 markiert einen Meilenstein als neuestes Ger\u00e4t in der renommierten RandM Tornado-Reihe von RandM. Mit beeindruckenden 15.000 Z\u00fcgen setzt dieses Ger\u00e4t einen neuen Standard f\u00fcr Haltbarkeit und Leistung. RandM Tornado 15000 Funktionen Die RandM Tornado 15000 verf\u00fcgt \u00fcber viele bemerkenswerte [&hellip;]<\/p>","protected":false},"featured_media":10490,"template":"","meta":{"inline_featured_image":false},"product_cat":[15,78,735,746,741,733,747,740,734,753,754,745,742,748,750,737,736,749,752,756,739,743,744,755,738,751],"product_tag":[710,709,674],"tiered_pricing_type":"fixed","tiered_pricing_fixed_rules":{"50":"8.09","110":"7.64","210":"7.19","510":"6.74","1100":"6.29"},"tiered_pricing_percentage_rules":[],"tiered_pricing_minimum":1,"_administrator_tiered_pricing_type":"fixed","_administrator_tiered_pricing_fixed_rules":[],"_editor_tiered_pricing_type":"fixed","_editor_tiered_pricing_fixed_rules":[],"_author_tiered_pricing_type":"fixed","_author_tiered_pricing_fixed_rules":[],"_contributor_tiered_pricing_type":"fixed","_contributor_tiered_pricing_fixed_rules":[],"_subscriber_tiered_pricing_type":"fixed","_subscriber_tiered_pricing_fixed_rules":[],"_customer_tiered_pricing_type":"fixed","_customer_tiered_pricing_fixed_rules":[],"_shop_manager_tiered_pricing_type":"fixed","_shop_manager_tiered_pricing_fixed_rules":[],"_wpseo_manager_tiered_pricing_type":"fixed","_wpseo_manager_tiered_pricing_fixed_rules":[],"_wpseo_editor_tiered_pricing_type":"fixed","_wpseo_editor_tiered_pricing_fixed_rules":[],"_wholesale_customer_tiered_pricing_type":"fixed","_wholesale_customer_tiered_pricing_fixed_rules":[],"_marketer_tiered_pricing_type":"fixed","_marketer_tiered_pricing_fixed_rules":[],"_sales_manager_tiered_pricing_type":"fixed","_sales_manager_tiered_pricing_fixed_rules":[],"_sales_rep_tiered_pricing_type":"fixed","_sales_rep_tiered_pricing_fixed_rules":[],"yoast_head":"<!-- This site is optimized with the Yoast SEO plugin v23.3 - https:\/\/yoast.com\/wordpress\/plugins\/seo\/ -->\n<title>RANDM TORNADO 15000 Puffs VAPE | ElementVape.de<\/title>\n<meta name=\"description\" content=\"Wir bieten RANDM TORNADO 15000 Puffs VAPE , Elementvape.de akzeptieren Gro\u00df-und Einzelhandel Bestellungen.\" \/>\n<meta name=\"robots\" content=\"index, follow, max-snippet:-1, max-image-preview:large, max-video-preview:-1\" \/>\n<link rel=\"canonical\" href=\"https:\/\/www.elementvape.de\/pt\/produkt\/randm-tornado-15000-vape\/\" \/>\n<meta property=\"og:locale\" content=\"pt_PT\" \/>\n<meta property=\"og:type\" content=\"article\" \/>\n<meta property=\"og:title\" content=\"RANDM TORNADO 15000 Puffs VAPE | ElementVape.de\" \/>\n<meta property=\"og:description\" content=\"Wir bieten RANDM TORNADO 15000 Puffs VAPE , Elementvape.de akzeptieren Gro\u00df-und Einzelhandel Bestellungen.\" \/>\n<meta property=\"og:url\" content=\"https:\/\/www.elementvape.de\/pt\/produkt\/randm-tornado-15000-vape\/\" \/>\n<meta property=\"og:site_name\" content=\"ElementVape.de\" \/>\n<meta property=\"article:modified_time\" content=\"2025-12-06T05:56:08+00:00\" \/>\n<meta property=\"og:image\" content=\"https:\/\/www.elementvape.de\/wp-content\/uploads\/2024\/05\/Fumot-Randm-Tornado-15000-Disposable-Vape-15000-Puffs-9.webp\" \/>\n\t<meta property=\"og:image:width\" content=\"800\" \/>\n\t<meta property=\"og:image:height\" content=\"800\" \/>\n\t<meta property=\"og:image:type\" content=\"image\/webp\" \/>\n<meta name=\"twitter:card\" content=\"summary_large_image\" \/>\n<meta name=\"twitter:label1\" content=\"Est. reading time\" \/>\n\t<meta name=\"twitter:data1\" content=\"3 minutos\" \/>\n<script type=\"application\/ld+json\" class=\"yoast-schema-graph\">{\"@context\":\"https:\/\/schema.org\",\"@graph\":[{\"@type\":\"WebPage\",\"@id\":\"https:\/\/www.elementvape.de\/da\/produkt\/randm-tornado-15000-vape\/\",\"url\":\"https:\/\/www.elementvape.de\/da\/produkt\/randm-tornado-15000-vape\/\",\"name\":\"RANDM TORNADO 15000 Puffs VAPE | ElementVape.de\",\"isPartOf\":{\"@id\":\"https:\/\/www.elementvape.de\/#website\"},\"primaryImageOfPage\":{\"@id\":\"https:\/\/www.elementvape.de\/da\/produkt\/randm-tornado-15000-vape\/#primaryimage\"},\"image\":{\"@id\":\"https:\/\/www.elementvape.de\/da\/produkt\/randm-tornado-15000-vape\/#primaryimage\"},\"thumbnailUrl\":\"https:\/\/www.elementvape.de\/wp-content\/uploads\/2024\/05\/Fumot-Randm-Tornado-15000-Disposable-Vape-15000-Puffs-9.webp\",\"datePublished\":\"2024-05-16T09:27:51+00:00\",\"dateModified\":\"2025-12-06T05:56:08+00:00\",\"description\":\"Wir bieten RANDM TORNADO 15000 Puffs VAPE , Elementvape.de akzeptieren Gro\u00df-und Einzelhandel Bestellungen.\",\"breadcrumb\":{\"@id\":\"https:\/\/www.elementvape.de\/da\/produkt\/randm-tornado-15000-vape\/#breadcrumb\"},\"inLanguage\":\"pt-PT\",\"potentialAction\":[{\"@type\":\"ReadAction\",\"target\":[\"https:\/\/www.elementvape.de\/da\/produkt\/randm-tornado-15000-vape\/\"]}]},{\"@type\":\"ImageObject\",\"inLanguage\":\"pt-PT\",\"@id\":\"https:\/\/www.elementvape.de\/da\/produkt\/randm-tornado-15000-vape\/#primaryimage\",\"url\":\"https:\/\/www.elementvape.de\/wp-content\/uploads\/2024\/05\/Fumot-Randm-Tornado-15000-Disposable-Vape-15000-Puffs-9.webp\",\"contentUrl\":\"https:\/\/www.elementvape.de\/wp-content\/uploads\/2024\/05\/Fumot-Randm-Tornado-15000-Disposable-Vape-15000-Puffs-9.webp\",\"width\":800,\"height\":800},{\"@type\":\"BreadcrumbList\",\"@id\":\"https:\/\/www.elementvape.de\/da\/produkt\/randm-tornado-15000-vape\/#breadcrumb\",\"itemListElement\":[{\"@type\":\"ListItem\",\"position\":1,\"name\":\"Home\",\"item\":\"https:\/\/www.elementvape.de\/\"},{\"@type\":\"ListItem\",\"position\":2,\"name\":\"Shop\",\"item\":\"https:\/\/www.elementvape.de\/shop\/\"},{\"@type\":\"ListItem\",\"position\":3,\"name\":\"RANDM TORNADO 15000 Puffs VAPE\"}]},{\"@type\":\"WebSite\",\"@id\":\"https:\/\/www.elementvape.de\/#website\",\"url\":\"https:\/\/www.elementvape.de\/\",\"name\":\"ElementVape.de\",\"description\":\"\",\"publisher\":{\"@id\":\"https:\/\/www.elementvape.de\/#organization\"},\"potentialAction\":[{\"@type\":\"SearchAction\",\"target\":{\"@type\":\"EntryPoint\",\"urlTemplate\":\"https:\/\/www.elementvape.de\/?s={search_term_string}\"},\"query-input\":\"required name=search_term_string\"}],\"inLanguage\":\"pt-PT\"},{\"@type\":\"Organization\",\"@id\":\"https:\/\/www.elementvape.de\/#organization\",\"name\":\"ElementVape.DE\",\"url\":\"https:\/\/www.elementvape.de\/\",\"logo\":{\"@type\":\"ImageObject\",\"inLanguage\":\"pt-PT\",\"@id\":\"https:\/\/www.elementvape.de\/#\/schema\/logo\/image\/\",\"url\":\"https:\/\/www.elementvape.de\/wp-content\/uploads\/2024\/09\/cropped-1elementvape-3.png\",\"contentUrl\":\"https:\/\/www.elementvape.de\/wp-content\/uploads\/2024\/09\/cropped-1elementvape-3.png\",\"width\":285,\"height\":228,\"caption\":\"ElementVape.DE\"},\"image\":{\"@id\":\"https:\/\/www.elementvape.de\/#\/schema\/logo\/image\/\"}}]}<\/script>\n<!-- \/ Yoast SEO plugin. -->","yoast_head_json":{"title":"RANDM TORNADO 15000 Puffs VAPE | ElementVape.de","description":"Wir bieten RANDM TORNADO 15000 Puffs VAPE , Elementvape.de akzeptieren Gro\u00df-und Einzelhandel Bestellungen.","robots":{"index":"index","follow":"follow","max-snippet":"max-snippet:-1","max-image-preview":"max-image-preview:large","max-video-preview":"max-video-preview:-1"},"canonical":"https:\/\/www.elementvape.de\/pt\/produkt\/randm-tornado-15000-vape\/","og_locale":"pt_PT","og_type":"article","og_title":"RANDM TORNADO 15000 Puffs VAPE | ElementVape.de","og_description":"Wir bieten RANDM TORNADO 15000 Puffs VAPE , Elementvape.de akzeptieren Gro\u00df-und Einzelhandel Bestellungen.","og_url":"https:\/\/www.elementvape.de\/pt\/produkt\/randm-tornado-15000-vape\/","og_site_name":"ElementVape.de","article_modified_time":"2025-12-06T05:56:08+00:00","og_image":[{"width":800,"height":800,"url":"https:\/\/www.elementvape.de\/wp-content\/uploads\/2024\/05\/Fumot-Randm-Tornado-15000-Disposable-Vape-15000-Puffs-9.webp","type":"image\/webp"}],"twitter_card":"summary_large_image","twitter_misc":{"Est. reading time":"3 minutos"},"schema":{"@context":"https:\/\/schema.org","@graph":[{"@type":"WebPage","@id":"https:\/\/www.elementvape.de\/da\/produkt\/randm-tornado-15000-vape\/","url":"https:\/\/www.elementvape.de\/da\/produkt\/randm-tornado-15000-vape\/","name":"RANDM TORNADO 15000 Puffs VAPE | ElementVape.de","isPartOf":{"@id":"https:\/\/www.elementvape.de\/#website"},"primaryImageOfPage":{"@id":"https:\/\/www.elementvape.de\/da\/produkt\/randm-tornado-15000-vape\/#primaryimage"},"image":{"@id":"https:\/\/www.elementvape.de\/da\/produkt\/randm-tornado-15000-vape\/#primaryimage"},"thumbnailUrl":"https:\/\/www.elementvape.de\/wp-content\/uploads\/2024\/05\/Fumot-Randm-Tornado-15000-Disposable-Vape-15000-Puffs-9.webp","datePublished":"2024-05-16T09:27:51+00:00","dateModified":"2025-12-06T05:56:08+00:00","description":"Wir bieten RANDM TORNADO 15000 Puffs VAPE , Elementvape.de akzeptieren Gro\u00df-und Einzelhandel Bestellungen.","breadcrumb":{"@id":"https:\/\/www.elementvape.de\/da\/produkt\/randm-tornado-15000-vape\/#breadcrumb"},"inLanguage":"pt-PT","potentialAction":[{"@type":"ReadAction","target":["https:\/\/www.elementvape.de\/da\/produkt\/randm-tornado-15000-vape\/"]}]},{"@type":"ImageObject","inLanguage":"pt-PT","@id":"https:\/\/www.elementvape.de\/da\/produkt\/randm-tornado-15000-vape\/#primaryimage","url":"https:\/\/www.elementvape.de\/wp-content\/uploads\/2024\/05\/Fumot-Randm-Tornado-15000-Disposable-Vape-15000-Puffs-9.webp","contentUrl":"https:\/\/www.elementvape.de\/wp-content\/uploads\/2024\/05\/Fumot-Randm-Tornado-15000-Disposable-Vape-15000-Puffs-9.webp","width":800,"height":800},{"@type":"BreadcrumbList","@id":"https:\/\/www.elementvape.de\/da\/produkt\/randm-tornado-15000-vape\/#breadcrumb","itemListElement":[{"@type":"ListItem","position":1,"name":"Home","item":"https:\/\/www.elementvape.de\/"},{"@type":"ListItem","position":2,"name":"Shop","item":"https:\/\/www.elementvape.de\/shop\/"},{"@type":"ListItem","position":3,"name":"RANDM TORNADO 15000 Puffs VAPE"}]},{"@type":"WebSite","@id":"https:\/\/www.elementvape.de\/#website","url":"https:\/\/www.elementvape.de\/","name":"ElementVape.de","description":"","publisher":{"@id":"https:\/\/www.elementvape.de\/#organization"},"potentialAction":[{"@type":"SearchAction","target":{"@type":"EntryPoint","urlTemplate":"https:\/\/www.elementvape.de\/?s={search_term_string}"},"query-input":"required name=search_term_string"}],"inLanguage":"pt-PT"},{"@type":"Organization","@id":"https:\/\/www.elementvape.de\/#organization","name":"ElementVape.DE","url":"https:\/\/www.elementvape.de\/","logo":{"@type":"ImageObject","inLanguage":"pt-PT","@id":"https:\/\/www.elementvape.de\/#\/schema\/logo\/image\/","url":"https:\/\/www.elementvape.de\/wp-content\/uploads\/2024\/09\/cropped-1elementvape-3.png","contentUrl":"https:\/\/www.elementvape.de\/wp-content\/uploads\/2024\/09\/cropped-1elementvape-3.png","width":285,"height":228,"caption":"ElementVape.DE"},"image":{"@id":"https:\/\/www.elementvape.de\/#\/schema\/logo\/image\/"}}]}},"_links":{"self":[{"href":"https:\/\/www.elementvape.de\/pt\/wp-json\/wp\/v2\/product\/10493"}],"collection":[{"href":"https:\/\/www.elementvape.de\/pt\/wp-json\/wp\/v2\/product"}],"about":[{"href":"https:\/\/www.elementvape.de\/pt\/wp-json\/wp\/v2\/types\/product"}],"wp:featuredmedia":[{"embeddable":true,"href":"https:\/\/www.elementvape.de\/pt\/wp-json\/wp\/v2\/media\/10490"}],"wp:attachment":[{"href":"https:\/\/www.elementvape.de\/pt\/wp-json\/wp\/v2\/media?parent=10493"}],"wp:term":[{"taxonomy":"product_cat","embeddable":true,"href":"https:\/\/www.elementvape.de\/pt\/wp-json\/wp\/v2\/product_cat?post=10493"},{"taxonomy":"product_tag","embeddable":true,"href":"https:\/\/www.elementvape.de\/pt\/wp-json\/wp\/v2\/product_tag?post=10493"}],"curies":[{"name":"wp","href":"https:\/\/api.w.org\/{rel}","templated":true}]}}