{"id":10400,"date":"2024-05-08T08:31:27","date_gmt":"2024-05-08T08:31:27","guid":{"rendered":"https:\/\/www.elementvape.de\/?post_type=product&#038;p=10400"},"modified":"2024-09-12T10:31:46","modified_gmt":"2024-09-12T10:31:46","slug":"elf-bar-elfa-pods-2-ml","status":"publish","type":"product","link":"https:\/\/www.elementvape.de\/pt\/produkt\/elf-bar-elfa-pods-2-ml\/","title":{"rendered":"ELF BAR ELFA Pods \u2013 2 ml"},"content":{"rendered":"<h2>Cartuchos ELFA da ELF BAR: Cont\u00eam 20 mg de nicotina<\/h2>\n<p>Os Pods Elfa s\u00e3o pods l\u00edquidos pr\u00e9-carregados da marca Elf Bar, contendo 2 ml de l\u00edquido Elfbar em v\u00e1rios sabores, em embalagens com 2 pods. Nos Pods Elfa s\u00e3o utilizados bobinas de rede. Isto proporciona um aroma rico e uma n\u00e9voa de sabor suave.<\/p>\n<p>\u2713 Bobina de malha<br \/>\n\u2713 F\u00e1cil de instalar<br \/>\n\u2713 Sem necessidade de trocar a bobina<br \/>\n\u2713 Sabor intenso at\u00e9 \u00e0 \u00faltima dentada<\/p>\n<h2>Quais os tipos de ELF BAR ELFA Pod dispon\u00edveis?<\/h2>\n<h3>Estes s\u00e3o os sabores de ELFA Pod:<\/h3>\n<p>Limonada Blue Razz: Limonada refrescante com framboesas azuis e lim\u00e3o picante.<br \/>\nLimonada Rosa: Limonada rosa com morangos, framboesas e lim\u00e3o.<br \/>\nFrutas Tropicais: Uma mistura de frutas tropicais com manga, anan\u00e1s, papaia e kiwi.<br \/>\nFrutos Vermelhos Mistos: Uma mistura de mirtilos, amoras, morangos e framboesas.<br \/>\nMa\u00e7\u00e3 P\u00eassego: Uma combina\u00e7\u00e3o cl\u00e1ssica de ma\u00e7\u00e3s suculentas e p\u00eassegos frescos.<br \/>\nBanana: Fatias de banana congeladas com textura cremosa.<br \/>\nMirtilos: Um punhado de mirtilos frescos.<br \/>\nMarshmallow de Mirtilo: Marshmallow doce com sabor a mirtilo e um toque de frescura.<br \/>\nBlueberry Sour Raspberry: Uma mistura frutada de mirtilos e framboesas com leve acidez e sabor refrescante.<br \/>\nLimonada Blue Razz: Limonada refrescante com framboesas azuis e lim\u00e3o picante.<br \/>\nCaramelos de cereja: Doces e suculentos caramelos de cereja.<br \/>\nCola: Sabor cl\u00e1ssico de cola com retrogosto refrescante.<br \/>\nCranberry Grape: Uma combina\u00e7\u00e3o frutada de arandos e uvas, doce e azeda.<br \/>\nElfergy (Elfstorm): Bebida energ\u00e9tica extremamente gelada.<br \/>\nUvas: O sabor puro de uvas maduras com um aroma doce e frutado.<br \/>\nKiwi-Passiflora: Uma mistura tropical de kiwi e maracuj\u00e1.<br \/>\nManga: Manga madura com aroma doce e cremoso.<br \/>\nGelado de morango: Gelado cremoso de morango, levemente refrigerado.<br \/>\nP\u00eassego suculento: O sabor suculento de p\u00eassegos com um aroma doce e frutado.<br \/>\nMorango-Kiwi: A do\u00e7ura dos morangos e a frutacidade do kiwi.<br \/>\nMelancia: Melancia suculenta com um toque de frescura.<\/p>\n<p>Test\u00e1mos exaustivamente os Elfa Pods da Elf Bar e cheg\u00e1mos \u00e0 conclus\u00e3o: at\u00e9 2024, neste segmento de produtos (pods pr\u00e9-carregados), n\u00e3o haver\u00e1 produto melhor da Elf Bar ou de outra marca pelo pre\u00e7o destes pods. Barato, de alta qualidade e com uma vasta sele\u00e7\u00e3o de pods pr\u00e9-carregados, n\u00e3o encontrar\u00e1 outra marca com pods pr\u00e9-carregados. Com os Elfa Pods, a Elf Bar criou um produto realmente bom.<\/p>","protected":false},"excerpt":{"rendered":"<p>ELFA-Kartuschen von ELF BAR: Enth\u00e4lt 20 mg Nikotin Elfa Pods sind vorgef\u00fcllte fl\u00fcssige Pods (Kapseln) der Marke Elf Bar, die 2 ml Elfbar-Fl\u00fcssigkeit in verschiedenen Geschmacksrichtungen enthalten, in Packungen mit 2 Pods. In Elfa Pods werden Netzspulen verwendet. Dies sorgt f\u00fcr ein reichhaltiges Aroma und einen mild aromatischen Dampf. \u2713 Mesh-Spule \u2713 Einfach zu installieren [&hellip;]<\/p>","protected":false},"featured_media":10401,"template":"","meta":{"inline_featured_image":false},"product_cat":[15,78,750,737,736,749,76],"product_tag":[],"tiered_pricing_type":"fixed","tiered_pricing_fixed_rules":[],"tiered_pricing_percentage_rules":[],"tiered_pricing_minimum":1,"_administrator_tiered_pricing_type":"fixed","_administrator_tiered_pricing_fixed_rules":[],"_editor_tiered_pricing_type":"fixed","_editor_tiered_pricing_fixed_rules":[],"_author_tiered_pricing_type":"fixed","_author_tiered_pricing_fixed_rules":[],"_contributor_tiered_pricing_type":"fixed","_contributor_tiered_pricing_fixed_rules":[],"_subscriber_tiered_pricing_type":"fixed","_subscriber_tiered_pricing_fixed_rules":[],"_customer_tiered_pricing_type":"fixed","_customer_tiered_pricing_fixed_rules":[],"_shop_manager_tiered_pricing_type":"fixed","_shop_manager_tiered_pricing_fixed_rules":[],"_wpseo_manager_tiered_pricing_type":"fixed","_wpseo_manager_tiered_pricing_fixed_rules":[],"_wpseo_editor_tiered_pricing_type":"fixed","_wpseo_editor_tiered_pricing_fixed_rules":[],"_wholesale_customer_tiered_pricing_type":"fixed","_wholesale_customer_tiered_pricing_fixed_rules":[],"_marketer_tiered_pricing_type":"fixed","_marketer_tiered_pricing_fixed_rules":[],"_sales_manager_tiered_pricing_type":"fixed","_sales_manager_tiered_pricing_fixed_rules":[],"_sales_rep_tiered_pricing_type":"fixed","_sales_rep_tiered_pricing_fixed_rules":[],"yoast_head":"<!-- This site is optimized with the Yoast SEO plugin v23.3 - https:\/\/yoast.com\/wordpress\/plugins\/seo\/ -->\n<title>ELF BAR ELFA Pods - 2 ml | ElementVape.de<\/title>\n<meta name=\"description\" content=\"Wir bieten ELF BAR ELFA Pods - 2 ml , Elementvape.de akzeptieren Gro\u00df-und Einzelhandel Bestellungen.\" \/>\n<meta name=\"robots\" content=\"index, follow, max-snippet:-1, max-image-preview:large, max-video-preview:-1\" \/>\n<link rel=\"canonical\" href=\"https:\/\/www.elementvape.de\/pt\/produkt\/elf-bar-elfa-pods-2-ml\/\" \/>\n<meta property=\"og:locale\" content=\"pt_PT\" \/>\n<meta property=\"og:type\" content=\"article\" \/>\n<meta property=\"og:title\" content=\"ELF BAR ELFA Pods - 2 ml | ElementVape.de\" \/>\n<meta property=\"og:description\" content=\"Wir bieten ELF BAR ELFA Pods - 2 ml , Elementvape.de akzeptieren Gro\u00df-und Einzelhandel Bestellungen.\" \/>\n<meta property=\"og:url\" content=\"https:\/\/www.elementvape.de\/pt\/produkt\/elf-bar-elfa-pods-2-ml\/\" \/>\n<meta property=\"og:site_name\" content=\"ElementVape.de\" \/>\n<meta property=\"article:modified_time\" content=\"2024-09-12T10:31:46+00:00\" \/>\n<meta property=\"og:image\" content=\"https:\/\/www.elementvape.de\/wp-content\/uploads\/2024\/05\/Elf-Bar-Elfa-Pod.webp\" \/>\n\t<meta property=\"og:image:width\" content=\"800\" \/>\n\t<meta property=\"og:image:height\" content=\"800\" \/>\n\t<meta property=\"og:image:type\" content=\"image\/webp\" \/>\n<meta name=\"twitter:card\" content=\"summary_large_image\" \/>\n<meta name=\"twitter:label1\" content=\"Est. reading time\" \/>\n\t<meta name=\"twitter:data1\" content=\"3 minutos\" \/>\n<script type=\"application\/ld+json\" class=\"yoast-schema-graph\">{\"@context\":\"https:\/\/schema.org\",\"@graph\":[{\"@type\":\"WebPage\",\"@id\":\"https:\/\/www.elementvape.de\/produkt\/elf-bar-elfa-pods-2-ml\/\",\"url\":\"https:\/\/www.elementvape.de\/produkt\/elf-bar-elfa-pods-2-ml\/\",\"name\":\"ELF BAR ELFA Pods - 2 ml | ElementVape.de\",\"isPartOf\":{\"@id\":\"https:\/\/www.elementvape.de\/#website\"},\"primaryImageOfPage\":{\"@id\":\"https:\/\/www.elementvape.de\/produkt\/elf-bar-elfa-pods-2-ml\/#primaryimage\"},\"image\":{\"@id\":\"https:\/\/www.elementvape.de\/produkt\/elf-bar-elfa-pods-2-ml\/#primaryimage\"},\"thumbnailUrl\":\"https:\/\/www.elementvape.de\/wp-content\/uploads\/2024\/05\/Elf-Bar-Elfa-Pod.webp\",\"datePublished\":\"2024-05-08T08:31:27+00:00\",\"dateModified\":\"2024-09-12T10:31:46+00:00\",\"description\":\"Wir bieten ELF BAR ELFA Pods - 2 ml , Elementvape.de akzeptieren Gro\u00df-und Einzelhandel Bestellungen.\",\"breadcrumb\":{\"@id\":\"https:\/\/www.elementvape.de\/produkt\/elf-bar-elfa-pods-2-ml\/#breadcrumb\"},\"inLanguage\":\"pt-PT\",\"potentialAction\":[{\"@type\":\"ReadAction\",\"target\":[\"https:\/\/www.elementvape.de\/produkt\/elf-bar-elfa-pods-2-ml\/\"]}]},{\"@type\":\"ImageObject\",\"inLanguage\":\"pt-PT\",\"@id\":\"https:\/\/www.elementvape.de\/produkt\/elf-bar-elfa-pods-2-ml\/#primaryimage\",\"url\":\"https:\/\/www.elementvape.de\/wp-content\/uploads\/2024\/05\/Elf-Bar-Elfa-Pod.webp\",\"contentUrl\":\"https:\/\/www.elementvape.de\/wp-content\/uploads\/2024\/05\/Elf-Bar-Elfa-Pod.webp\",\"width\":800,\"height\":800,\"caption\":\"Elf-Bar-Elfa-Pod\"},{\"@type\":\"BreadcrumbList\",\"@id\":\"https:\/\/www.elementvape.de\/produkt\/elf-bar-elfa-pods-2-ml\/#breadcrumb\",\"itemListElement\":[{\"@type\":\"ListItem\",\"position\":1,\"name\":\"Home\",\"item\":\"https:\/\/www.elementvape.de\/\"},{\"@type\":\"ListItem\",\"position\":2,\"name\":\"Shop\",\"item\":\"https:\/\/www.elementvape.de\/shop\/\"},{\"@type\":\"ListItem\",\"position\":3,\"name\":\"ELF BAR ELFA Pods &#8211; 2 ml\"}]},{\"@type\":\"WebSite\",\"@id\":\"https:\/\/www.elementvape.de\/#website\",\"url\":\"https:\/\/www.elementvape.de\/\",\"name\":\"ElementVape.de\",\"description\":\"\",\"publisher\":{\"@id\":\"https:\/\/www.elementvape.de\/#organization\"},\"potentialAction\":[{\"@type\":\"SearchAction\",\"target\":{\"@type\":\"EntryPoint\",\"urlTemplate\":\"https:\/\/www.elementvape.de\/?s={search_term_string}\"},\"query-input\":\"required name=search_term_string\"}],\"inLanguage\":\"pt-PT\"},{\"@type\":\"Organization\",\"@id\":\"https:\/\/www.elementvape.de\/#organization\",\"name\":\"ElementVape.DE\",\"url\":\"https:\/\/www.elementvape.de\/\",\"logo\":{\"@type\":\"ImageObject\",\"inLanguage\":\"pt-PT\",\"@id\":\"https:\/\/www.elementvape.de\/#\/schema\/logo\/image\/\",\"url\":\"https:\/\/www.elementvape.de\/wp-content\/uploads\/2024\/09\/cropped-1elementvape-3.png\",\"contentUrl\":\"https:\/\/www.elementvape.de\/wp-content\/uploads\/2024\/09\/cropped-1elementvape-3.png\",\"width\":285,\"height\":228,\"caption\":\"ElementVape.DE\"},\"image\":{\"@id\":\"https:\/\/www.elementvape.de\/#\/schema\/logo\/image\/\"}}]}<\/script>\n<!-- \/ Yoast SEO plugin. -->","yoast_head_json":{"title":"ELF BAR ELFA Pods - 2 ml | ElementVape.de","description":"Wir bieten ELF BAR ELFA Pods - 2 ml , Elementvape.de akzeptieren Gro\u00df-und Einzelhandel Bestellungen.","robots":{"index":"index","follow":"follow","max-snippet":"max-snippet:-1","max-image-preview":"max-image-preview:large","max-video-preview":"max-video-preview:-1"},"canonical":"https:\/\/www.elementvape.de\/pt\/produkt\/elf-bar-elfa-pods-2-ml\/","og_locale":"pt_PT","og_type":"article","og_title":"ELF BAR ELFA Pods - 2 ml | ElementVape.de","og_description":"Wir bieten ELF BAR ELFA Pods - 2 ml , Elementvape.de akzeptieren Gro\u00df-und Einzelhandel Bestellungen.","og_url":"https:\/\/www.elementvape.de\/pt\/produkt\/elf-bar-elfa-pods-2-ml\/","og_site_name":"ElementVape.de","article_modified_time":"2024-09-12T10:31:46+00:00","og_image":[{"width":800,"height":800,"url":"https:\/\/www.elementvape.de\/wp-content\/uploads\/2024\/05\/Elf-Bar-Elfa-Pod.webp","type":"image\/webp"}],"twitter_card":"summary_large_image","twitter_misc":{"Est. reading time":"3 minutos"},"schema":{"@context":"https:\/\/schema.org","@graph":[{"@type":"WebPage","@id":"https:\/\/www.elementvape.de\/produkt\/elf-bar-elfa-pods-2-ml\/","url":"https:\/\/www.elementvape.de\/produkt\/elf-bar-elfa-pods-2-ml\/","name":"ELF BAR ELFA Pods - 2 ml | ElementVape.de","isPartOf":{"@id":"https:\/\/www.elementvape.de\/#website"},"primaryImageOfPage":{"@id":"https:\/\/www.elementvape.de\/produkt\/elf-bar-elfa-pods-2-ml\/#primaryimage"},"image":{"@id":"https:\/\/www.elementvape.de\/produkt\/elf-bar-elfa-pods-2-ml\/#primaryimage"},"thumbnailUrl":"https:\/\/www.elementvape.de\/wp-content\/uploads\/2024\/05\/Elf-Bar-Elfa-Pod.webp","datePublished":"2024-05-08T08:31:27+00:00","dateModified":"2024-09-12T10:31:46+00:00","description":"Wir bieten ELF BAR ELFA Pods - 2 ml , Elementvape.de akzeptieren Gro\u00df-und Einzelhandel Bestellungen.","breadcrumb":{"@id":"https:\/\/www.elementvape.de\/produkt\/elf-bar-elfa-pods-2-ml\/#breadcrumb"},"inLanguage":"pt-PT","potentialAction":[{"@type":"ReadAction","target":["https:\/\/www.elementvape.de\/produkt\/elf-bar-elfa-pods-2-ml\/"]}]},{"@type":"ImageObject","inLanguage":"pt-PT","@id":"https:\/\/www.elementvape.de\/produkt\/elf-bar-elfa-pods-2-ml\/#primaryimage","url":"https:\/\/www.elementvape.de\/wp-content\/uploads\/2024\/05\/Elf-Bar-Elfa-Pod.webp","contentUrl":"https:\/\/www.elementvape.de\/wp-content\/uploads\/2024\/05\/Elf-Bar-Elfa-Pod.webp","width":800,"height":800,"caption":"Elf-Bar-Elfa-Pod"},{"@type":"BreadcrumbList","@id":"https:\/\/www.elementvape.de\/produkt\/elf-bar-elfa-pods-2-ml\/#breadcrumb","itemListElement":[{"@type":"ListItem","position":1,"name":"Home","item":"https:\/\/www.elementvape.de\/"},{"@type":"ListItem","position":2,"name":"Shop","item":"https:\/\/www.elementvape.de\/shop\/"},{"@type":"ListItem","position":3,"name":"ELF BAR ELFA Pods &#8211; 2 ml"}]},{"@type":"WebSite","@id":"https:\/\/www.elementvape.de\/#website","url":"https:\/\/www.elementvape.de\/","name":"ElementVape.de","description":"","publisher":{"@id":"https:\/\/www.elementvape.de\/#organization"},"potentialAction":[{"@type":"SearchAction","target":{"@type":"EntryPoint","urlTemplate":"https:\/\/www.elementvape.de\/?s={search_term_string}"},"query-input":"required name=search_term_string"}],"inLanguage":"pt-PT"},{"@type":"Organization","@id":"https:\/\/www.elementvape.de\/#organization","name":"ElementVape.DE","url":"https:\/\/www.elementvape.de\/","logo":{"@type":"ImageObject","inLanguage":"pt-PT","@id":"https:\/\/www.elementvape.de\/#\/schema\/logo\/image\/","url":"https:\/\/www.elementvape.de\/wp-content\/uploads\/2024\/09\/cropped-1elementvape-3.png","contentUrl":"https:\/\/www.elementvape.de\/wp-content\/uploads\/2024\/09\/cropped-1elementvape-3.png","width":285,"height":228,"caption":"ElementVape.DE"},"image":{"@id":"https:\/\/www.elementvape.de\/#\/schema\/logo\/image\/"}}]}},"_links":{"self":[{"href":"https:\/\/www.elementvape.de\/pt\/wp-json\/wp\/v2\/product\/10400"}],"collection":[{"href":"https:\/\/www.elementvape.de\/pt\/wp-json\/wp\/v2\/product"}],"about":[{"href":"https:\/\/www.elementvape.de\/pt\/wp-json\/wp\/v2\/types\/product"}],"wp:featuredmedia":[{"embeddable":true,"href":"https:\/\/www.elementvape.de\/pt\/wp-json\/wp\/v2\/media\/10401"}],"wp:attachment":[{"href":"https:\/\/www.elementvape.de\/pt\/wp-json\/wp\/v2\/media?parent=10400"}],"wp:term":[{"taxonomy":"product_cat","embeddable":true,"href":"https:\/\/www.elementvape.de\/pt\/wp-json\/wp\/v2\/product_cat?post=10400"},{"taxonomy":"product_tag","embeddable":true,"href":"https:\/\/www.elementvape.de\/pt\/wp-json\/wp\/v2\/product_tag?post=10400"}],"curies":[{"name":"wp","href":"https:\/\/api.w.org\/{rel}","templated":true}]}}