{"id":10317,"date":"2024-04-29T09:18:40","date_gmt":"2024-04-29T09:18:40","guid":{"rendered":"https:\/\/www.elementvape.de\/?post_type=product&#038;p=10317"},"modified":"2025-04-02T02:02:45","modified_gmt":"2025-04-02T02:02:45","slug":"randm-tornado-7000-einweg-vape-7000-puffs-eu-lagerraum","status":"publish","type":"product","link":"https:\/\/www.elementvape.de\/pt\/produkt\/randm-tornado-7000-einweg-vape-7000-puffs-eu-lagerraum\/","title":{"rendered":"RandM Tornado 7000 Cigarettes eletr\u00f3nicas 7000 Puffs Comprar armaz\u00e9m na UE"},"content":{"rendered":"<p>Este invent\u00e1rio ser\u00e1 atualizado em 27 de dezembro. A quantidade m\u00ednima de pedido para cigarros eletr\u00f4nicos \u00e9 de 1 embalagem, que cont\u00e9m 10 cigarros eletr\u00f4nicos. Pode escolher o sabor favorito.<\/p>\n<p>O pre\u00e7o deste produto corresponde ao pre\u00e7o de 10 vaporizadores<\/p>\n<p>Se desejar saber o stock mais recente, pode contactar-me por email<br \/>\nEmail: <strong>elementvapede@gmail.com<\/strong><\/p>\n<h1>RandM Tornado 7000: A experi\u00eancia definitiva de vaporiza\u00e7\u00e3o<\/h1>\n<h2>Apresentamos: RandM Tornado 7000: Libere a tempestade de sabores<\/h2>\n<p>Experimente o extraordin\u00e1rio com o RandM Tornado 7000, um dispositivo de vaporiza\u00e7\u00e3o conhecido pelo seu sabor limpo e suave. Este vaporizador excecional foi desenvolvido para proporcionar uma viagem de sabor envolvente a cada puxada. Seja voc\u00ea um vaporizador experiente ou esteja a come\u00e7ar, o <strong>RandM Tornado 7000<\/strong> garante uma experi\u00eancia de vaporiza\u00e7\u00e3o emocionante que o far\u00e1 voltar sempre para mais.<\/p>\n<h2>Autonomia de bateria incompar\u00e1vel e design f\u00e1cil de usar<\/h2>\n<p>Com uma bateria recarreg\u00e1vel de 1000 mAh potente, o RandM Tornado 7000 garante sess\u00f5es de vaporiza\u00e7\u00e3o mais longas, sem necessidade de recarregar frequentemente. Diga adeus \u00e0 procura constante de uma fonte de energia. Este atomizador \u00e9 constru\u00eddo para durabilidade e oferece-lhe prazer cont\u00ednuo de vapor.<\/p>\n<p>O design ergon\u00f3mico do <strong>RandM Tornado 7000<\/strong> \u00e9 prova da sua artesania superior. O dispositivo encaixa confortavelmente na m\u00e3o, sendo port\u00e1til e f\u00e1cil de usar em qualquer lugar. A sua constru\u00e7\u00e3o elegante e robusta garante uma experi\u00eancia de vaporiza\u00e7\u00e3o de primeira classe, sem ru\u00eddos ou sons estranhos durante o funcionamento.<\/p>\n<h4>Par\u00e2metros<\/h4>\n<p>Sal de nicotina 2 %<br \/>\nE-l\u00edquido de 14 ml<br \/>\n7000 puxadas por dispositivo<br \/>\nControlo de fluxo de ar<br \/>\nCarregador Tipo-C<br \/>\nBateria recarreg\u00e1vel<br \/>\nBateria integrada de 850 mAh<br \/>\nDispon\u00edvel em 5 sabores<br \/>\n10 unidades numa caixa de exibi\u00e7\u00e3o<\/p>\n<h3>Inala\u00e7\u00e3o sem esfor\u00e7o com conforto pr\u00e9-preenchido<\/h3>\n<p>Sem necessidade de reabastecimento ou troca de bobinas complicada. O RandM Tornado 7000 vem pr\u00e9-preenchido com 14 ml de sal de nicotina 70 mg e pode ser usado diretamente na embalagem. Isso significa que pode desfrutar do vapor imediatamente, sem se preocupar com configura\u00e7\u00e3o ou manuten\u00e7\u00e3o. Basta inalar atrav\u00e9s da boca do dispositivo e desfrutar de at\u00e9 7.000 tragos antes de precisar recarregar.<\/p>\n<h3>Mergulhe numa experi\u00eancia de vapor colorida<\/h3>\n<p>Deixe-se fascinar pelas luzes RGB brilhantes do RandM Tornado 7000. Quando recebe um pux\u00e3o, a parte inferior do dispositivo ilumina-se exibindo uma paleta de cores fascinante. Desde amarelo alegre, vermelho ardente, azul tranquilo, verde calmante at\u00e9 roxo encantador, estas luzes conferem \u00e0s suas sess\u00f5es de vapor um toque de prazer visual. As luzes acompanham o seu pux\u00e3o e permanecem acesas por cerca de 7 segundos, criando uma experi\u00eancia verdadeiramente imersiva.<\/p>\n<h3>Fluxo de ar ajust\u00e1vel e bobina de malha avan\u00e7ada<\/h3>\n<p>O RandM Tornado 7000 oferece fluxo de ar ajust\u00e1vel, permitindo personalizar a sua experi\u00eancia de vapor de acordo com as suas prefer\u00eancias. Ajuste precisamente o fluxo de ar para alcan\u00e7ar o equil\u00edbrio perfeito entre sabor e produ\u00e7\u00e3o de vapor, garantindo uma experi\u00eancia satisfat\u00f3ria a cada tragada.<\/p>\n<p>Equipado com uma bobina de malha de alta qualidade, fornece <strong>RandM Tornado 7000<\/strong> uma produ\u00e7\u00e3o de sabor e vapor excecional. A tecnologia de bobina de malha garante uma distribui\u00e7\u00e3o uniforme do calor, resultando em tragadas suaves e consistentes. Surpreenda-se com a riqueza e profundidade dos sabores que ir\u00e1 experimentar com este dispositivo de vapor not\u00e1vel.<\/p>\n<h3>Mime-se com uma variedade de sabores<\/h3>\n<p>Com o <strong>RandM Tornado 7000<\/strong> as suas papilas gustativas ser\u00e3o mimadas com uma vasta sele\u00e7\u00e3o de sabores que satisfazem todos os paladares. Escolha entre uma impressionante variedade de at\u00e9 50 sabores, incluindo uma deliciosa mistura de frutas, doces, refrigerantes e misturas refrescantes de frutas com gelo. Seja desejando uma sensa\u00e7\u00e3o frutada picante, um prazer doce nost\u00e1lgico ou vapor inspirado em uma bebida gaseificada, o RandM Tornado 7000 tem um sabor que ir\u00e1 lev\u00e1-lo ao vapor de felicidade.<\/p>\n<h4>Experimente a diferen\u00e7a RandM<\/h4>\n<p>Quando se trata de vaporizadores descart\u00e1veis, o RandM Tornado 7000 \u00e9 um verdadeiro revolucion\u00e1rio. A bateria recarreg\u00e1vel \u00e9 de alta qualidade e pr\u00e1tica<\/p>\n<h4>Fa\u00e7a j\u00e1 a sua encomenda do RandM Tornado 7000<\/h4>\n<p>Est\u00e1 pronto para melhorar a sua experi\u00eancia de vapor? N\u00e3o perca as funcionalidades incr\u00edveis e os sabores que o RandM Tornado 7000 oferece. Fa\u00e7a j\u00e1 a sua encomenda e mergulhe no mundo das nuvens arom\u00e1ticas e do vapor sem esfor\u00e7o.<\/p>\n<h4>sabor:<\/h4>\n<p>1. Mirtilo Framboesa<br \/>\n2. Frutos Vermelhos Mistos<br \/>\n3. Morango Melancia<br \/>\n4. Mirtilo Com Gelo<br \/>\n5. P\u00eassego Gelo<\/p>\n<p>&nbsp;<\/p>","protected":false},"excerpt":{"rendered":"<p>Dieses Inventar wird am 27. Dezember aktualisiert. Die Mindestbestellmenge f\u00fcr E-Zigaretten betr\u00e4gt 1 Packung, die 10 E-Zigaretten enth\u00e4lt. Sie k\u00f6nnen Ihren Lieblingsgeschmack w\u00e4hlen. Der Preis dieses Produkts entspricht dem Preis von 10 vapes Wenn Sie den neuesten Lagerbestand erfahren m\u00f6chten, k\u00f6nnen Sie mich per\u00a0E-Mail kontaktieren E-Mail: elementvapede@gmail.com RandM Tornado 7000: Das ultimative Dampferlebnis Wir stellen [&hellip;]<\/p>","protected":false},"featured_media":10327,"template":"","meta":{"inline_featured_image":false},"product_cat":[15,78,735,746,741,733,747,740,734,753,754,745,742,748,750,737,736,749,752,756,739,743,744,755,738,751],"product_tag":[710,709,681],"tiered_pricing_type":"fixed","tiered_pricing_fixed_rules":{"50":"7.40","110":"6.99","210":"6.58","510":"6.17","1100":"5.75"},"tiered_pricing_percentage_rules":[],"tiered_pricing_minimum":1,"_administrator_tiered_pricing_type":"fixed","_administrator_tiered_pricing_fixed_rules":[],"_editor_tiered_pricing_type":"fixed","_editor_tiered_pricing_fixed_rules":[],"_author_tiered_pricing_type":"fixed","_author_tiered_pricing_fixed_rules":[],"_contributor_tiered_pricing_type":"fixed","_contributor_tiered_pricing_fixed_rules":[],"_subscriber_tiered_pricing_type":"fixed","_subscriber_tiered_pricing_fixed_rules":[],"_customer_tiered_pricing_type":"fixed","_customer_tiered_pricing_fixed_rules":[],"_shop_manager_tiered_pricing_type":"fixed","_shop_manager_tiered_pricing_fixed_rules":[],"_wpseo_manager_tiered_pricing_type":"fixed","_wpseo_manager_tiered_pricing_fixed_rules":[],"_wpseo_editor_tiered_pricing_type":"fixed","_wpseo_editor_tiered_pricing_fixed_rules":[],"_wholesale_customer_tiered_pricing_type":"fixed","_wholesale_customer_tiered_pricing_fixed_rules":[],"_marketer_tiered_pricing_type":"fixed","_marketer_tiered_pricing_fixed_rules":[],"_sales_manager_tiered_pricing_type":"fixed","_sales_manager_tiered_pricing_fixed_rules":[],"_sales_rep_tiered_pricing_type":"fixed","_sales_rep_tiered_pricing_fixed_rules":[],"yoast_head":"<!-- This site is optimized with the Yoast SEO plugin v23.3 - https:\/\/yoast.com\/wordpress\/plugins\/seo\/ -->\n<title>RandM Tornado 7000 E-Zigaretten 7000 Puffs Kaufen Eu lagerraum | ElementVape.de<\/title>\n<meta name=\"description\" content=\"Wir bieten RandM Tornado 7000 E-Zigaretten 7000 Puffs Kaufen Eu lagerraum , Elementvape.de akzeptieren Gro\u00df-und Einzelhandel Bestellungen.\" \/>\n<meta name=\"robots\" content=\"index, follow, max-snippet:-1, max-image-preview:large, max-video-preview:-1\" \/>\n<link rel=\"canonical\" href=\"https:\/\/www.elementvape.de\/pt\/produkt\/randm-tornado-7000-einweg-vape-7000-puffs-eu-lagerraum\/\" \/>\n<meta property=\"og:locale\" content=\"pt_PT\" \/>\n<meta property=\"og:type\" content=\"article\" \/>\n<meta property=\"og:title\" content=\"RandM Tornado 7000 E-Zigaretten 7000 Puffs Kaufen Eu lagerraum | ElementVape.de\" \/>\n<meta property=\"og:description\" content=\"Wir bieten RandM Tornado 7000 E-Zigaretten 7000 Puffs Kaufen Eu lagerraum , Elementvape.de akzeptieren Gro\u00df-und Einzelhandel Bestellungen.\" \/>\n<meta property=\"og:url\" content=\"https:\/\/www.elementvape.de\/pt\/produkt\/randm-tornado-7000-einweg-vape-7000-puffs-eu-lagerraum\/\" \/>\n<meta property=\"og:site_name\" content=\"ElementVape.de\" \/>\n<meta property=\"article:modified_time\" content=\"2025-04-02T02:02:45+00:00\" \/>\n<meta property=\"og:image\" content=\"https:\/\/www.elementvape.de\/wp-content\/uploads\/2024\/04\/PINK-LEMONADE_1024x1024.webp\" \/>\n\t<meta property=\"og:image:width\" content=\"1024\" \/>\n\t<meta property=\"og:image:height\" content=\"512\" \/>\n\t<meta property=\"og:image:type\" content=\"image\/webp\" \/>\n<meta name=\"twitter:card\" content=\"summary_large_image\" \/>\n<meta name=\"twitter:label1\" content=\"Est. reading time\" \/>\n\t<meta name=\"twitter:data1\" content=\"4 minutos\" \/>\n<script type=\"application\/ld+json\" class=\"yoast-schema-graph\">{\"@context\":\"https:\/\/schema.org\",\"@graph\":[{\"@type\":\"WebPage\",\"@id\":\"https:\/\/www.elementvape.de\/produkt\/randm-tornado-7000-einweg-vape-7000-puffs-eu-lagerraum\/\",\"url\":\"https:\/\/www.elementvape.de\/produkt\/randm-tornado-7000-einweg-vape-7000-puffs-eu-lagerraum\/\",\"name\":\"RandM Tornado 7000 E-Zigaretten 7000 Puffs Kaufen Eu lagerraum | ElementVape.de\",\"isPartOf\":{\"@id\":\"https:\/\/www.elementvape.de\/#website\"},\"primaryImageOfPage\":{\"@id\":\"https:\/\/www.elementvape.de\/produkt\/randm-tornado-7000-einweg-vape-7000-puffs-eu-lagerraum\/#primaryimage\"},\"image\":{\"@id\":\"https:\/\/www.elementvape.de\/produkt\/randm-tornado-7000-einweg-vape-7000-puffs-eu-lagerraum\/#primaryimage\"},\"thumbnailUrl\":\"https:\/\/www.elementvape.de\/wp-content\/uploads\/2024\/04\/PINK-LEMONADE_1024x1024.webp\",\"datePublished\":\"2024-04-29T09:18:40+00:00\",\"dateModified\":\"2025-04-02T02:02:45+00:00\",\"description\":\"Wir bieten RandM Tornado 7000 E-Zigaretten 7000 Puffs Kaufen Eu lagerraum , Elementvape.de akzeptieren Gro\u00df-und Einzelhandel Bestellungen.\",\"breadcrumb\":{\"@id\":\"https:\/\/www.elementvape.de\/produkt\/randm-tornado-7000-einweg-vape-7000-puffs-eu-lagerraum\/#breadcrumb\"},\"inLanguage\":\"pt-PT\",\"potentialAction\":[{\"@type\":\"ReadAction\",\"target\":[\"https:\/\/www.elementvape.de\/produkt\/randm-tornado-7000-einweg-vape-7000-puffs-eu-lagerraum\/\"]}]},{\"@type\":\"ImageObject\",\"inLanguage\":\"pt-PT\",\"@id\":\"https:\/\/www.elementvape.de\/produkt\/randm-tornado-7000-einweg-vape-7000-puffs-eu-lagerraum\/#primaryimage\",\"url\":\"https:\/\/www.elementvape.de\/wp-content\/uploads\/2024\/04\/PINK-LEMONADE_1024x1024.webp\",\"contentUrl\":\"https:\/\/www.elementvape.de\/wp-content\/uploads\/2024\/04\/PINK-LEMONADE_1024x1024.webp\",\"width\":1024,\"height\":512,\"caption\":\"PINK-LEMONADE_1024x1024\"},{\"@type\":\"BreadcrumbList\",\"@id\":\"https:\/\/www.elementvape.de\/produkt\/randm-tornado-7000-einweg-vape-7000-puffs-eu-lagerraum\/#breadcrumb\",\"itemListElement\":[{\"@type\":\"ListItem\",\"position\":1,\"name\":\"Home\",\"item\":\"https:\/\/www.elementvape.de\/\"},{\"@type\":\"ListItem\",\"position\":2,\"name\":\"Shop\",\"item\":\"https:\/\/www.elementvape.de\/shop\/\"},{\"@type\":\"ListItem\",\"position\":3,\"name\":\"RandM Tornado 7000 E-Zigaretten 7000 Puffs Kaufen Eu lagerraum\"}]},{\"@type\":\"WebSite\",\"@id\":\"https:\/\/www.elementvape.de\/#website\",\"url\":\"https:\/\/www.elementvape.de\/\",\"name\":\"ElementVape.de\",\"description\":\"\",\"publisher\":{\"@id\":\"https:\/\/www.elementvape.de\/#organization\"},\"potentialAction\":[{\"@type\":\"SearchAction\",\"target\":{\"@type\":\"EntryPoint\",\"urlTemplate\":\"https:\/\/www.elementvape.de\/?s={search_term_string}\"},\"query-input\":\"required name=search_term_string\"}],\"inLanguage\":\"pt-PT\"},{\"@type\":\"Organization\",\"@id\":\"https:\/\/www.elementvape.de\/#organization\",\"name\":\"ElementVape.DE\",\"url\":\"https:\/\/www.elementvape.de\/\",\"logo\":{\"@type\":\"ImageObject\",\"inLanguage\":\"pt-PT\",\"@id\":\"https:\/\/www.elementvape.de\/#\/schema\/logo\/image\/\",\"url\":\"https:\/\/www.elementvape.de\/wp-content\/uploads\/2024\/09\/cropped-1elementvape-3.png\",\"contentUrl\":\"https:\/\/www.elementvape.de\/wp-content\/uploads\/2024\/09\/cropped-1elementvape-3.png\",\"width\":285,\"height\":228,\"caption\":\"ElementVape.DE\"},\"image\":{\"@id\":\"https:\/\/www.elementvape.de\/#\/schema\/logo\/image\/\"}}]}<\/script>\n<!-- \/ Yoast SEO plugin. -->","yoast_head_json":{"title":"RandM Tornado 7000 E-Zigaretten 7000 Puffs Kaufen Eu lagerraum | ElementVape.de","description":"Wir bieten RandM Tornado 7000 E-Zigaretten 7000 Puffs Kaufen Eu lagerraum , Elementvape.de akzeptieren Gro\u00df-und Einzelhandel Bestellungen.","robots":{"index":"index","follow":"follow","max-snippet":"max-snippet:-1","max-image-preview":"max-image-preview:large","max-video-preview":"max-video-preview:-1"},"canonical":"https:\/\/www.elementvape.de\/pt\/produkt\/randm-tornado-7000-einweg-vape-7000-puffs-eu-lagerraum\/","og_locale":"pt_PT","og_type":"article","og_title":"RandM Tornado 7000 E-Zigaretten 7000 Puffs Kaufen Eu lagerraum | ElementVape.de","og_description":"Wir bieten RandM Tornado 7000 E-Zigaretten 7000 Puffs Kaufen Eu lagerraum , Elementvape.de akzeptieren Gro\u00df-und Einzelhandel Bestellungen.","og_url":"https:\/\/www.elementvape.de\/pt\/produkt\/randm-tornado-7000-einweg-vape-7000-puffs-eu-lagerraum\/","og_site_name":"ElementVape.de","article_modified_time":"2025-04-02T02:02:45+00:00","og_image":[{"width":1024,"height":512,"url":"https:\/\/www.elementvape.de\/wp-content\/uploads\/2024\/04\/PINK-LEMONADE_1024x1024.webp","type":"image\/webp"}],"twitter_card":"summary_large_image","twitter_misc":{"Est. reading time":"4 minutos"},"schema":{"@context":"https:\/\/schema.org","@graph":[{"@type":"WebPage","@id":"https:\/\/www.elementvape.de\/produkt\/randm-tornado-7000-einweg-vape-7000-puffs-eu-lagerraum\/","url":"https:\/\/www.elementvape.de\/produkt\/randm-tornado-7000-einweg-vape-7000-puffs-eu-lagerraum\/","name":"RandM Tornado 7000 E-Zigaretten 7000 Puffs Kaufen Eu lagerraum | ElementVape.de","isPartOf":{"@id":"https:\/\/www.elementvape.de\/#website"},"primaryImageOfPage":{"@id":"https:\/\/www.elementvape.de\/produkt\/randm-tornado-7000-einweg-vape-7000-puffs-eu-lagerraum\/#primaryimage"},"image":{"@id":"https:\/\/www.elementvape.de\/produkt\/randm-tornado-7000-einweg-vape-7000-puffs-eu-lagerraum\/#primaryimage"},"thumbnailUrl":"https:\/\/www.elementvape.de\/wp-content\/uploads\/2024\/04\/PINK-LEMONADE_1024x1024.webp","datePublished":"2024-04-29T09:18:40+00:00","dateModified":"2025-04-02T02:02:45+00:00","description":"Wir bieten RandM Tornado 7000 E-Zigaretten 7000 Puffs Kaufen Eu lagerraum , Elementvape.de akzeptieren Gro\u00df-und Einzelhandel Bestellungen.","breadcrumb":{"@id":"https:\/\/www.elementvape.de\/produkt\/randm-tornado-7000-einweg-vape-7000-puffs-eu-lagerraum\/#breadcrumb"},"inLanguage":"pt-PT","potentialAction":[{"@type":"ReadAction","target":["https:\/\/www.elementvape.de\/produkt\/randm-tornado-7000-einweg-vape-7000-puffs-eu-lagerraum\/"]}]},{"@type":"ImageObject","inLanguage":"pt-PT","@id":"https:\/\/www.elementvape.de\/produkt\/randm-tornado-7000-einweg-vape-7000-puffs-eu-lagerraum\/#primaryimage","url":"https:\/\/www.elementvape.de\/wp-content\/uploads\/2024\/04\/PINK-LEMONADE_1024x1024.webp","contentUrl":"https:\/\/www.elementvape.de\/wp-content\/uploads\/2024\/04\/PINK-LEMONADE_1024x1024.webp","width":1024,"height":512,"caption":"PINK-LEMONADE_1024x1024"},{"@type":"BreadcrumbList","@id":"https:\/\/www.elementvape.de\/produkt\/randm-tornado-7000-einweg-vape-7000-puffs-eu-lagerraum\/#breadcrumb","itemListElement":[{"@type":"ListItem","position":1,"name":"Home","item":"https:\/\/www.elementvape.de\/"},{"@type":"ListItem","position":2,"name":"Shop","item":"https:\/\/www.elementvape.de\/shop\/"},{"@type":"ListItem","position":3,"name":"RandM Tornado 7000 E-Zigaretten 7000 Puffs Kaufen Eu lagerraum"}]},{"@type":"WebSite","@id":"https:\/\/www.elementvape.de\/#website","url":"https:\/\/www.elementvape.de\/","name":"ElementVape.de","description":"","publisher":{"@id":"https:\/\/www.elementvape.de\/#organization"},"potentialAction":[{"@type":"SearchAction","target":{"@type":"EntryPoint","urlTemplate":"https:\/\/www.elementvape.de\/?s={search_term_string}"},"query-input":"required name=search_term_string"}],"inLanguage":"pt-PT"},{"@type":"Organization","@id":"https:\/\/www.elementvape.de\/#organization","name":"ElementVape.DE","url":"https:\/\/www.elementvape.de\/","logo":{"@type":"ImageObject","inLanguage":"pt-PT","@id":"https:\/\/www.elementvape.de\/#\/schema\/logo\/image\/","url":"https:\/\/www.elementvape.de\/wp-content\/uploads\/2024\/09\/cropped-1elementvape-3.png","contentUrl":"https:\/\/www.elementvape.de\/wp-content\/uploads\/2024\/09\/cropped-1elementvape-3.png","width":285,"height":228,"caption":"ElementVape.DE"},"image":{"@id":"https:\/\/www.elementvape.de\/#\/schema\/logo\/image\/"}}]}},"_links":{"self":[{"href":"https:\/\/www.elementvape.de\/pt\/wp-json\/wp\/v2\/product\/10317"}],"collection":[{"href":"https:\/\/www.elementvape.de\/pt\/wp-json\/wp\/v2\/product"}],"about":[{"href":"https:\/\/www.elementvape.de\/pt\/wp-json\/wp\/v2\/types\/product"}],"wp:featuredmedia":[{"embeddable":true,"href":"https:\/\/www.elementvape.de\/pt\/wp-json\/wp\/v2\/media\/10327"}],"wp:attachment":[{"href":"https:\/\/www.elementvape.de\/pt\/wp-json\/wp\/v2\/media?parent=10317"}],"wp:term":[{"taxonomy":"product_cat","embeddable":true,"href":"https:\/\/www.elementvape.de\/pt\/wp-json\/wp\/v2\/product_cat?post=10317"},{"taxonomy":"product_tag","embeddable":true,"href":"https:\/\/www.elementvape.de\/pt\/wp-json\/wp\/v2\/product_tag?post=10317"}],"curies":[{"name":"wp","href":"https:\/\/api.w.org\/{rel}","templated":true}]}}