{"id":3,"date":"2024-04-18T07:42:08","date_gmt":"2024-04-18T07:42:08","guid":{"rendered":"http:\/\/elementvape.de\/?page_id=3"},"modified":"2025-12-11T06:57:14","modified_gmt":"2025-12-11T06:57:14","slug":"privacy-policy","status":"publish","type":"page","link":"https:\/\/www.elementvape.de\/pt\/privacy-policy\/","title":{"rendered":"Pol\u00edtica de Privacidade"},"content":{"rendered":"<p>Esta pol\u00edtica de privacidade explica como os seus dados pessoais s\u00e3o recolhidos, utilizados e partilhados quando voc\u00ea <strong>Elementvape<\/strong> (doravante designada por \"Website\") visita ou realiza uma compra l\u00e1.<\/p>\n\n\n\n<h2 class=\"wp-block-heading\">1. Quais dados pessoais recolhemos<\/h2>\n\n\n\n<p>Quando visita o Website, recolhemos automaticamente certas informa\u00e7\u00f5es sobre o seu dispositivo, incluindo informa\u00e7\u00f5es sobre o seu navegador web, o seu endere\u00e7o IP, o seu fuso hor\u00e1rio, bem como alguns cookies instalados no seu dispositivo.<\/p>\n\n\n\n<p>Al\u00e9m disso, ao navegar no Website, recolhemos informa\u00e7\u00f5es sobre quais p\u00e1ginas ou produtos espec\u00edficos voc\u00ea visualiza, atrav\u00e9s de quais websites ou termos de pesquisa chegou ao nosso Website, e como interage com o Website. Estas informa\u00e7\u00f5es recolhidas automaticamente s\u00e3o designadas por <strong>\u00abInforma\u00e7\u00f5es do dispositivo\u00bb<\/strong>.<\/p>\n\n\n\n<h3 class=\"wp-block-heading\">1.1 Tecnologias de recolha de dados<\/h3>\n\n\n\n<p>Recolhemos informa\u00e7\u00f5es do dispositivo usando as seguintes tecnologias:<\/p>\n\n\n\n<ul>\n<li><strong>Cookies:<\/strong> S\u00e3o ficheiros de dados armazenados no seu dispositivo ou computador que normalmente cont\u00eam uma identifica\u00e7\u00e3o an\u00f3nima e \u00fanica. Saiba mais sobre cookies e como pode desativ\u00e1-los.<\/li>\n\n\n\n<li><strong>Ficheiros de registo (logs):<\/strong> Registam a\u00e7\u00f5es no Website e recolhem dados como o seu endere\u00e7o IP, o tipo de navegador, o fornecedor de servi\u00e7os de internet, p\u00e1ginas de refer\u00eancia\/sa\u00edda, bem como carimbos de data e hora.<\/li>\n\n\n\n<li><strong>Web Beacons, Tags e Pixels:<\/strong> S\u00e3o ficheiros eletr\u00f3nicos utilizados para registar informa\u00e7\u00f5es sobre a sua navega\u00e7\u00e3o no Website.<\/li>\n<\/ul>\n\n\n\n<h3 class=\"wp-block-heading\">1.2 Informa\u00e7\u00f5es de encomenda<\/h3>\n\n\n\n<p>Quando realiza uma compra ou tenta fazer uma compra atrav\u00e9s do Website, recolhemos tamb\u00e9m certas informa\u00e7\u00f5es suas. Estas incluem:<\/p>\n\n\n\n<ul>\n<li>Nome<\/li>\n\n\n\n<li>Endere\u00e7o de fatura\u00e7\u00e3o<\/li>\n\n\n\n<li>Endere\u00e7o de entrega<\/li>\n\n\n\n<li>Informa\u00e7\u00f5es de pagamento (incluindo n\u00fameros de cart\u00f5es de cr\u00e9dito)<\/li>\n\n\n\n<li>Endere\u00e7o de e-mail<\/li>\n\n\n\n<li>N\u00famero de telefone<\/li>\n<\/ul>\n\n\n\n<p>Referimo-nos a estas informa\u00e7\u00f5es como <strong>\u201cInforma\u00e7\u00f5es de encomenda\u201d<\/strong>. Sempre que nos referimos a \u201cdados pessoais\u201d nesta pol\u00edtica de privacidade, referimo-nos tanto a informa\u00e7\u00f5es do dispositivo como a informa\u00e7\u00f5es de encomenda.<\/p>\n\n\n\n<h2 class=\"wp-block-heading\">2. Como utilizamos os seus dados pessoais<\/h2>\n\n\n\n<p>Utilizamos as <strong>Informa\u00e7\u00f5es de encomenda<\/strong> que recolhemos, geralmente, para processar as encomendas efetuadas atrav\u00e9s do Website (incluindo o processamento das suas informa\u00e7\u00f5es de pagamento, a organiza\u00e7\u00e3o do envio e o fornecimento de faturas e\/ou confirma\u00e7\u00f5es de encomenda).<\/p>\n\n\n\n<p>Al\u00e9m disso, utilizamos estas informa\u00e7\u00f5es de encomenda para:<\/p>\n\n\n\n<ul>\n<li>comunicar consigo;<\/li>\n\n\n\n<li>analisar as nossas encomendas para detetar potenciais riscos ou fraudes; e<\/li>\n\n\n\n<li>fornecer-lhe informa\u00e7\u00f5es ou publicidade relativas aos nossos produtos ou servi\u00e7os \u2013 quando estiverem de acordo com as prefer\u00eancias que partilhou connosco.<\/li>\n<\/ul>\n\n\n\n<p>Utilizamos as <strong>Informa\u00e7\u00f5es do dispositivo<\/strong> que recolhemos para nos ajudar a detetar potenciais riscos e fraudes (em particular, o seu endere\u00e7o IP) e, de forma mais geral, para melhorar e otimizar o nosso Website (por exemplo, atrav\u00e9s da gera\u00e7\u00e3o de an\u00e1lises sobre a forma como os nossos clientes navegam e interagem com o Website, bem como para avaliar o sucesso das nossas campanhas de marketing e publicidade).<\/p>\n\n\n\n<h2 class=\"wp-block-heading\">3. Partilha dos seus dados pessoais<\/h2>\n\n\n\n<p>Partilhamos os seus dados pessoais com terceiros que nos ajudam a utilizar os seus dados, conforme descrito acima.<\/p>\n\n\n\n<ul>\n<li><strong>Prestadores de servi\u00e7os:<\/strong> Utilizamos prestadores de servi\u00e7os externos para alojamento, envio e processamento de pagamentos.<\/li>\n\n\n\n<li><strong>Ferramentas de An\u00e1lise:<\/strong> Utilizamos <strong>Google Analytics<\/strong>, para entender como os nossos clientes utilizam o site.<\/li>\n<\/ul>\n\n\n\n<p>Por fim, podemos tamb\u00e9m partilhar os seus dados pessoais para cumprir leis e regulamentos aplic\u00e1veis, responder a uma intima\u00e7\u00e3o, mandado de busca ou outros pedidos legais de informa\u00e7\u00e3o que recebamos, ou para proteger os nossos direitos de outra forma.<\/p>\n\n\n\n<h2 class=\"wp-block-heading\">4. Como protegemos os seus dados?<\/h2>\n\n\n\n<p>Os seus dados pessoais s\u00e3o armazenados em redes seguras e apenas acess\u00edveis a um n\u00famero limitado de pessoas que possuem direitos de acesso espec\u00edficos a esses sistemas e est\u00e3o obrigadas a manter a confidencialidade.<\/p>\n\n\n\n<p>Al\u00e9m disso, todas as informa\u00e7\u00f5es sens\u00edveis ou de cart\u00e3o de cr\u00e9dito fornecidas por si s\u00e3o transmitidas de forma encriptada atrav\u00e9s de <strong>Tecnologia Secure Socket Layer (SSL\/TLS)<\/strong> .<\/p>\n\n\n\n<p>Implementamos v\u00e1rias medidas de seguran\u00e7a ao fazer uma encomenda, inserir, transmitir ou aceder aos seus dados, para garantir a seguran\u00e7a dos seus dados pessoais. Todas as transa\u00e7\u00f5es s\u00e3o processadas atrav\u00e9s de um fornecedor de gateway e n\u00e3o s\u00e3o armazenadas ou processadas nos nossos pr\u00f3prios servidores.<\/p>\n\n\n\n<h2 class=\"wp-block-heading\">5. Publicidade comportamental &amp; N\u00e3o rastrear<\/h2>\n\n\n\n<p>Como mencionado acima, usamos os seus dados pessoais para lhe enviar publicidade direcionada ou comunica\u00e7\u00f5es de marketing que acreditamos que possam ser do seu interesse.<\/p>\n\n\n\n<p><strong>N\u00e3o rastrear (Do Not Track)<\/strong> Por favor, note que n\u00e3o alteramos as pr\u00e1ticas de recolha e uso de dados do nosso site quando recebemos um sinal de 'N\u00e3o rastrear' do seu navegador.<\/p>\n\n\n\n<h2 class=\"wp-block-heading\">6. Os seus direitos (Para residentes na Europa)<\/h2>\n\n\n\n<p>Se residir na Europa, tem o direito de aceder aos seus dados pessoais que temos armazenados e solicitar a corre\u00e7\u00e3o, atualiza\u00e7\u00e3o ou elimina\u00e7\u00e3o desses dados. Se desejar exercer esse direito, por favor, entre em contacto connosco atrav\u00e9s das informa\u00e7\u00f5es de contacto abaixo.<\/p>\n\n\n\n<p>Aviso adicional para residentes na Europa: Processamos os seus dados para cumprir contratos que possamos ter consigo (por exemplo, ao fazer uma encomenda atrav\u00e9s do site) ou para perseguir os nossos interesses comerciais leg\u00edtimos acima mencionados. Al\u00e9m disso, note que os seus dados podem ser transferidos para fora da Europa, incluindo para o Canad\u00e1 e os Estados Unidos.<\/p>\n\n\n\n<h2 class=\"wp-block-heading\">7. Reten\u00e7\u00e3o de dados<\/h2>\n\n\n\n<p>Se fizer uma encomenda atrav\u00e9s do site, manteremos as informa\u00e7\u00f5es da sua encomenda para os nossos registos, a menos que nos solicite que as eliminemos.<\/p>\n\n\n\n<h2 class=\"wp-block-heading\">8. Menores de idade<\/h2>\n\n\n\n<p>O site n\u00e3o \u00e9 destinado a pessoas com menos de 18 anos. N\u00e3o recolhemos conscientemente dados pessoais de crian\u00e7as ou adolescentes.<\/p>\n\n\n\n<h2 class=\"wp-block-heading\">9. Altera\u00e7\u00f5es<\/h2>\n\n\n\n<p>Podemos atualizar esta pol\u00edtica de privacidade ocasionalmente para refletir altera\u00e7\u00f5es nas nossas pr\u00e1ticas ou por outros motivos operacionais, legais ou regulamentares.<\/p>","protected":false},"excerpt":{"rendered":"<p>Diese Datenschutzerkl\u00e4rung erl\u00e4utert, wie Ihre personenbezogenen Daten erhoben, verwendet und weitergegeben werden, wenn Sie Elementvape (nachfolgend die \u201eWebsite\u201c) besuchen oder dort einen Einkauf t\u00e4tigen. 1. Welche personenbezogenen Daten wir erheben Wenn Sie die Website besuchen, erfassen wir automatisch bestimmte Informationen \u00fcber Ihr Ger\u00e4t, darunter Informationen zu Ihrem Webbrowser, Ihrer IP-Adresse, Ihrer Zeitzone sowie einigen der [&hellip;]<\/p>","protected":false},"author":1,"featured_media":0,"parent":0,"menu_order":0,"comment_status":"closed","ping_status":"open","template":"","meta":{"inline_featured_image":false,"footnotes":""},"yoast_head":"<!-- This site is optimized with the Yoast SEO plugin v23.3 - https:\/\/yoast.com\/wordpress\/plugins\/seo\/ -->\n<title>Datenschutzrichtlinie<\/title>\n<meta name=\"description\" content=\"Unsere Datenschutzrichtlinie erkl\u00e4rt, wie wir Ihre Daten erfassen, nutzen und sch\u00fctzen, wenn Sie unsere Website besuchen oder einkaufen.\" \/>\n<meta name=\"robots\" content=\"index, follow, max-snippet:-1, max-image-preview:large, max-video-preview:-1\" \/>\n<link rel=\"canonical\" href=\"https:\/\/www.elementvape.de\/pt\/privacy-policy\/\" \/>\n<meta property=\"og:locale\" content=\"pt_PT\" \/>\n<meta property=\"og:type\" content=\"article\" \/>\n<meta property=\"og:title\" content=\"Datenschutzrichtlinie\" \/>\n<meta property=\"og:description\" content=\"Unsere Datenschutzrichtlinie erkl\u00e4rt, wie wir Ihre Daten erfassen, nutzen und sch\u00fctzen, wenn Sie unsere Website besuchen oder einkaufen.\" \/>\n<meta property=\"og:url\" content=\"https:\/\/www.elementvape.de\/pt\/privacy-policy\/\" \/>\n<meta property=\"og:site_name\" content=\"ElementVape.de\" \/>\n<meta property=\"article:modified_time\" content=\"2025-12-11T06:57:14+00:00\" \/>\n<meta name=\"twitter:card\" content=\"summary_large_image\" \/>\n<meta name=\"twitter:label1\" content=\"Est. reading time\" \/>\n\t<meta name=\"twitter:data1\" content=\"5 minutos\" \/>\n<script type=\"application\/ld+json\" class=\"yoast-schema-graph\">{\"@context\":\"https:\/\/schema.org\",\"@graph\":[{\"@type\":\"WebPage\",\"@id\":\"https:\/\/www.elementvape.de\/privacy-policy\/\",\"url\":\"https:\/\/www.elementvape.de\/privacy-policy\/\",\"name\":\"Datenschutzrichtlinie\",\"isPartOf\":{\"@id\":\"https:\/\/www.elementvape.de\/#website\"},\"datePublished\":\"2024-04-18T07:42:08+00:00\",\"dateModified\":\"2025-12-11T06:57:14+00:00\",\"description\":\"Unsere Datenschutzrichtlinie erkl\u00e4rt, wie wir Ihre Daten erfassen, nutzen und sch\u00fctzen, wenn Sie unsere Website besuchen oder einkaufen.\",\"breadcrumb\":{\"@id\":\"https:\/\/www.elementvape.de\/privacy-policy\/#breadcrumb\"},\"inLanguage\":\"pt-PT\",\"potentialAction\":[{\"@type\":\"ReadAction\",\"target\":[\"https:\/\/www.elementvape.de\/privacy-policy\/\"]}]},{\"@type\":\"BreadcrumbList\",\"@id\":\"https:\/\/www.elementvape.de\/privacy-policy\/#breadcrumb\",\"itemListElement\":[{\"@type\":\"ListItem\",\"position\":1,\"name\":\"Home\",\"item\":\"https:\/\/www.elementvape.de\/\"},{\"@type\":\"ListItem\",\"position\":2,\"name\":\"Datenschutzrichtlinie\"}]},{\"@type\":\"WebSite\",\"@id\":\"https:\/\/www.elementvape.de\/#website\",\"url\":\"https:\/\/www.elementvape.de\/\",\"name\":\"ElementVape.de\",\"description\":\"\",\"publisher\":{\"@id\":\"https:\/\/www.elementvape.de\/#organization\"},\"potentialAction\":[{\"@type\":\"SearchAction\",\"target\":{\"@type\":\"EntryPoint\",\"urlTemplate\":\"https:\/\/www.elementvape.de\/?s={search_term_string}\"},\"query-input\":\"required name=search_term_string\"}],\"inLanguage\":\"pt-PT\"},{\"@type\":\"Organization\",\"@id\":\"https:\/\/www.elementvape.de\/#organization\",\"name\":\"ElementVape.DE\",\"url\":\"https:\/\/www.elementvape.de\/\",\"logo\":{\"@type\":\"ImageObject\",\"inLanguage\":\"pt-PT\",\"@id\":\"https:\/\/www.elementvape.de\/#\/schema\/logo\/image\/\",\"url\":\"https:\/\/www.elementvape.de\/wp-content\/uploads\/2024\/09\/cropped-1elementvape-3.png\",\"contentUrl\":\"https:\/\/www.elementvape.de\/wp-content\/uploads\/2024\/09\/cropped-1elementvape-3.png\",\"width\":285,\"height\":228,\"caption\":\"ElementVape.DE\"},\"image\":{\"@id\":\"https:\/\/www.elementvape.de\/#\/schema\/logo\/image\/\"}}]}<\/script>\n<!-- \/ Yoast SEO plugin. -->","yoast_head_json":{"title":"Datenschutzrichtlinie","description":"Unsere Datenschutzrichtlinie erkl\u00e4rt, wie wir Ihre Daten erfassen, nutzen und sch\u00fctzen, wenn Sie unsere Website besuchen oder einkaufen.","robots":{"index":"index","follow":"follow","max-snippet":"max-snippet:-1","max-image-preview":"max-image-preview:large","max-video-preview":"max-video-preview:-1"},"canonical":"https:\/\/www.elementvape.de\/pt\/privacy-policy\/","og_locale":"pt_PT","og_type":"article","og_title":"Datenschutzrichtlinie","og_description":"Unsere Datenschutzrichtlinie erkl\u00e4rt, wie wir Ihre Daten erfassen, nutzen und sch\u00fctzen, wenn Sie unsere Website besuchen oder einkaufen.","og_url":"https:\/\/www.elementvape.de\/pt\/privacy-policy\/","og_site_name":"ElementVape.de","article_modified_time":"2025-12-11T06:57:14+00:00","twitter_card":"summary_large_image","twitter_misc":{"Est. reading time":"5 minutos"},"schema":{"@context":"https:\/\/schema.org","@graph":[{"@type":"WebPage","@id":"https:\/\/www.elementvape.de\/privacy-policy\/","url":"https:\/\/www.elementvape.de\/privacy-policy\/","name":"Datenschutzrichtlinie","isPartOf":{"@id":"https:\/\/www.elementvape.de\/#website"},"datePublished":"2024-04-18T07:42:08+00:00","dateModified":"2025-12-11T06:57:14+00:00","description":"Unsere Datenschutzrichtlinie erkl\u00e4rt, wie wir Ihre Daten erfassen, nutzen und sch\u00fctzen, wenn Sie unsere Website besuchen oder einkaufen.","breadcrumb":{"@id":"https:\/\/www.elementvape.de\/privacy-policy\/#breadcrumb"},"inLanguage":"pt-PT","potentialAction":[{"@type":"ReadAction","target":["https:\/\/www.elementvape.de\/privacy-policy\/"]}]},{"@type":"BreadcrumbList","@id":"https:\/\/www.elementvape.de\/privacy-policy\/#breadcrumb","itemListElement":[{"@type":"ListItem","position":1,"name":"Home","item":"https:\/\/www.elementvape.de\/"},{"@type":"ListItem","position":2,"name":"Datenschutzrichtlinie"}]},{"@type":"WebSite","@id":"https:\/\/www.elementvape.de\/#website","url":"https:\/\/www.elementvape.de\/","name":"ElementVape.de","description":"","publisher":{"@id":"https:\/\/www.elementvape.de\/#organization"},"potentialAction":[{"@type":"SearchAction","target":{"@type":"EntryPoint","urlTemplate":"https:\/\/www.elementvape.de\/?s={search_term_string}"},"query-input":"required name=search_term_string"}],"inLanguage":"pt-PT"},{"@type":"Organization","@id":"https:\/\/www.elementvape.de\/#organization","name":"ElementVape.DE","url":"https:\/\/www.elementvape.de\/","logo":{"@type":"ImageObject","inLanguage":"pt-PT","@id":"https:\/\/www.elementvape.de\/#\/schema\/logo\/image\/","url":"https:\/\/www.elementvape.de\/wp-content\/uploads\/2024\/09\/cropped-1elementvape-3.png","contentUrl":"https:\/\/www.elementvape.de\/wp-content\/uploads\/2024\/09\/cropped-1elementvape-3.png","width":285,"height":228,"caption":"ElementVape.DE"},"image":{"@id":"https:\/\/www.elementvape.de\/#\/schema\/logo\/image\/"}}]}},"_links":{"self":[{"href":"https:\/\/www.elementvape.de\/pt\/wp-json\/wp\/v2\/pages\/3"}],"collection":[{"href":"https:\/\/www.elementvape.de\/pt\/wp-json\/wp\/v2\/pages"}],"about":[{"href":"https:\/\/www.elementvape.de\/pt\/wp-json\/wp\/v2\/types\/page"}],"author":[{"embeddable":true,"href":"https:\/\/www.elementvape.de\/pt\/wp-json\/wp\/v2\/users\/1"}],"replies":[{"embeddable":true,"href":"https:\/\/www.elementvape.de\/pt\/wp-json\/wp\/v2\/comments?post=3"}],"version-history":[{"count":3,"href":"https:\/\/www.elementvape.de\/pt\/wp-json\/wp\/v2\/pages\/3\/revisions"}],"predecessor-version":[{"id":16681,"href":"https:\/\/www.elementvape.de\/pt\/wp-json\/wp\/v2\/pages\/3\/revisions\/16681"}],"wp:attachment":[{"href":"https:\/\/www.elementvape.de\/pt\/wp-json\/wp\/v2\/media?parent=3"}],"curies":[{"name":"wp","href":"https:\/\/api.w.org\/{rel}","templated":true}]}}