{"id":14259,"date":"2024-09-10T07:29:15","date_gmt":"2024-09-10T07:29:15","guid":{"rendered":"https:\/\/www.elementvape.de\/?page_id=14259"},"modified":"2025-12-11T07:00:30","modified_gmt":"2025-12-11T07:00:30","slug":"terms-conditions","status":"publish","type":"page","link":"https:\/\/www.elementvape.de\/pt\/terms-conditions\/","title":{"rendered":"Termos e Condi\u00e7\u00f5es"},"content":{"rendered":"<h2 class=\"wp-block-heading\"><strong>Termos e Condi\u00e7\u00f5es Gerais (TCG) &amp; Condi\u00e7\u00f5es de Utiliza\u00e7\u00e3o<\/strong><\/h2>\n\n\n\n<p><strong>POR FAVOR, LEIA ESTES TERMOS DE UTILIZA\u00c7\u00c3O CUIDADOSAMENTE ANTES DE UTILIZAR ESTE SITE.<\/strong> AO ACEDER E UTILIZAR ESTE SITE, CONFIRMA QUE LEU, COMPRENDE E CONCORDA COM ESTES TERMOS. SE N\u00c3O CONCORDA COM ESTES TERMOS, N\u00c3O DEVE UTILIZAR O SITE.<\/p>\n\n\n\n<h3 class=\"wp-block-heading\">1. Concord\u00e2ncia com os Termos<\/h3>\n\n\n\n<p>Ao utilizar o site <strong>Elementvape<\/strong> (doravante referido como \u00abo site\u00bb) ou ao clicar em \u00abConcordo\u00bb declara-se como utilizador concordar com estes Termos e Condi\u00e7\u00f5es Gerais. A Elementvape reserva-se o direito de bloquear ou encerrar o seu acesso ao site a qualquer momento e sem aviso pr\u00e9vio, especialmente em caso de viola\u00e7\u00e3o deste acordo ou das pol\u00edticas aplic\u00e1veis.<\/p>\n\n\n\n<h3 class=\"wp-block-heading\">2. Limite de Idade (Prote\u00e7\u00e3o de Jovens)<\/h3>\n\n\n\n<p><strong>AVISO IMPORTANTE: DEVE TER A IDADE LEGAL MINIMA PARA A COMPRA DE PRODUTOS DE TABACO OU CIGARROS ELETR\u00d3NICOS NA SUA JURISDI\u00c7\u00c3O.<\/strong><\/p>\n\n\n\n<p>Este acordo e a utiliza\u00e7\u00e3o do site destinam-se exclusivamente a pessoas que tenham atingido a idade m\u00ednima legal (em muitas jurisdi\u00e7\u00f5es, 18 ou 21 anos). Se n\u00e3o cumprir este requisito, por favor, saia imediatamente do site. N\u00e3o toleramos exce\u00e7\u00f5es a esta regra.<\/p>\n\n\n\n<p><em>Nota: A Elementvape vende os seus produtos e servi\u00e7os apenas a adultos. Caso verifiquemos que n\u00e3o atende aos requisitos de idade (pelo menos 21 anos, salvo disposi\u00e7\u00e3o legal em contr\u00e1rio), a Elementvape recusar\u00e1 o servi\u00e7o e encerrar\u00e1 a sua conta imediatamente.<\/em><\/p>\n\n\n\n<h3 class=\"wp-block-heading\">3. Privacidade<\/h3>\n\n\n\n<p>Para compreender completamente as nossas pr\u00e1ticas comerciais e o tratamento dos seus dados, leia por favor a nossa <strong>[Pol\u00edtica de Privacidade]<\/strong> (Link para a p\u00e1gina de privacidade), que tamb\u00e9m se aplica \u00e0 sua visita a este site.<\/p>\n\n\n\n<h3 class=\"wp-block-heading\">4. Licen\u00e7a de Utiliza\u00e7\u00e3o e Acesso ao Site<\/h3>\n\n\n\n<p>Ao aceitar este acordo, a Elementvape concede-lhe uma licen\u00e7a limitada, n\u00e3o exclusiva e intransfer\u00edvel para utilizar este site para fins de compras pessoais.<\/p>\n\n\n\n<ul>\n<li>Compromete-se a n\u00e3o fornecer informa\u00e7\u00f5es falsas ou fraudulentas para obter acesso a este site.<\/li>\n\n\n\n<li>Reconhece que todo o conte\u00fado, design e servi\u00e7os neste site s\u00e3o propriedade intelectual da Elementvape e est\u00e3o protegidos por direitos de autor, marcas registadas e outros direitos de prote\u00e7\u00e3o internacional.<\/li>\n\n\n\n<li>Todos os direitos que n\u00e3o lhe sejam expressamente concedidos neste documento permanecem reservados \u00e0 Elementvape.<\/li>\n<\/ul>\n\n\n\n<h3 class=\"wp-block-heading\">5. A sua Conta de Utilizador<\/h3>\n\n\n\n<p>Ao criar uma conta neste site, voc\u00ea \u00e9 respons\u00e1vel por manter a confidencialidade dos seus dados de conta e senha, bem como por limitar o acesso ao seu computador. Concorda em assumir a responsabilidade por todas as atividades que ocorram sob sua conta ou senha.<\/p>\n\n\n\n<h3 class=\"wp-block-heading\">6. Contribui\u00e7\u00f5es dos utilizadores e comunica\u00e7\u00e3o<\/h3>\n\n\n\n<p>Qualquer material, informa\u00e7\u00e3o, ideias ou outras comunica\u00e7\u00f5es que envie ou publique neste site ser\u00e3o considerados n\u00e3o confidenciais e n\u00e3o protegidos por direitos de autor. A Elementvape tem o direito de usar esses conte\u00fados para quaisquer fins comerciais ou n\u00e3o comerciais, sem restri\u00e7\u00f5es.<\/p>\n\n\n\n<h3 class=\"wp-block-heading\">7. Garantia, envio e devolu\u00e7\u00f5es<\/h3>\n\n\n\n<p>Informa\u00e7\u00f5es detalhadas sobre as nossas condi\u00e7\u00f5es de garantia, pol\u00edticas de envio e processos de devolu\u00e7\u00e3o encontram-se na nossa p\u00e1gina separada <strong>\u201eGarantia, envio e devolu\u00e7\u00f5es\u201c<\/strong>. Estas pol\u00edticas fazem parte destes termos de uso.<\/p>\n\n\n\n<h3 class=\"wp-block-heading\">8. Direitos de autor (Copyright)<\/h3>\n\n\n\n<p>Todo o conte\u00fado deste site (incluindo textos, gr\u00e1ficos, log\u00f3tipos, imagens) \u00e9 propriedade da Elementvape. Nenhum material pode ser copiado, reproduzido, republicado, carregado ou distribu\u00eddo de outra forma sem a autoriza\u00e7\u00e3o expressa por escrito da Elementvape.<\/p>\n\n\n\n<h3 class=\"wp-block-heading\">9. Isen\u00e7\u00e3o de responsabilidade<\/h3>\n\n\n\n<p>Este site e todas as informa\u00e7\u00f5es, conte\u00fados, materiais e produtos nele contidos s\u00e3o fornecidos pela Elementvape na base de \u201ccomo \u00e9\u201d (\u201cas is\u201d) e \u201cenquanto dispon\u00edvel\u201d. A Elementvape n\u00e3o oferece garantias expressas ou impl\u00edcitas quanto ao funcionamento do site ou \u00e0 precis\u00e3o das informa\u00e7\u00f5es nele contidas, na medida permitida por lei.<\/p>\n\n\n\n<h3 class=\"wp-block-heading\">10. Legisla\u00e7\u00e3o aplic\u00e1vel e foro<\/h3>\n\n\n\n<p>Este site \u00e9 operado por <strong>Portugal<\/strong> e estas condi\u00e7\u00f5es de uso, bem como quaisquer disputas decorrentes do uso do site, est\u00e3o sujeitas \u00e0s leis de Portugal, independentemente de quaisquer conflitos de leis.<\/p>\n\n\n\n<h3 class=\"wp-block-heading\">11. Altera\u00e7\u00f5es aos termos de uso<\/h3>\n\n\n\n<p>A Elementvape reserva-se o direito de atualizar ou alterar estes termos de uso a qualquer momento, a seu exclusivo crit\u00e9rio. \u00c9 sua responsabilidade verificar regularmente esta p\u00e1gina para altera\u00e7\u00f5es. A continua\u00e7\u00e3o do uso do site ap\u00f3s a publica\u00e7\u00e3o de altera\u00e7\u00f5es constitui aceita\u00e7\u00e3o dessas altera\u00e7\u00f5es.<\/p>\n\n\n\n<h3 class=\"wp-block-heading\">12. Cl\u00e1usula de interpreta\u00e7\u00e3o<\/h3>\n\n\n\n<p>O direito final de interpretar estes termos e o conte\u00fado do site cabe, na medida do permitido por lei, \u00e0 Elementvape.<\/p>","protected":false},"excerpt":{"rendered":"<p>Allgemeine Gesch\u00e4ftsbedingungen (AGB) &amp; Nutzungsbedingungen BITTE LESEN SIE DIESE NUTZUNGSBEDINGUNGEN SORGF\u00c4LTIG DURCH, BEVOR SIE DIESE WEBSITE NUTZEN. DURCH DEN ZUGRIFF AUF UND DIE NUTZUNG DIESER WEBSITE BEST\u00c4TIGEN SIE, DASS SIE DIESE BEDINGUNGEN GELESEN UND VERSTANDEN HABEN UND DIESEN ZUSTIMMEN. WENN SIE DIESEN BEDINGUNGEN NICHT ZUSTIMMEN, D\u00dcRFEN SIE DIE WEBSITE NICHT NUTZEN. 1. Zustimmung zu den [&hellip;]<\/p>","protected":false},"author":3,"featured_media":0,"parent":0,"menu_order":0,"comment_status":"closed","ping_status":"closed","template":"","meta":{"inline_featured_image":false,"footnotes":""},"yoast_head":"<!-- This site is optimized with the Yoast SEO plugin v23.3 - https:\/\/yoast.com\/wordpress\/plugins\/seo\/ -->\n<title>Gesch\u00e4ftsbedingungen<\/title>\n<meta name=\"description\" content=\"Unsere Nutzungsbedingungen regeln Altersanforderungen, Datenschutz, Rechte und Pflichten f\u00fcr eine sichere und rechtskonforme Nutzung unserer Website.\" \/>\n<meta name=\"robots\" content=\"index, follow, max-snippet:-1, max-image-preview:large, max-video-preview:-1\" \/>\n<link rel=\"canonical\" href=\"https:\/\/www.elementvape.de\/pt\/terms-conditions\/\" \/>\n<meta property=\"og:locale\" content=\"pt_PT\" \/>\n<meta property=\"og:type\" content=\"article\" \/>\n<meta property=\"og:title\" content=\"Gesch\u00e4ftsbedingungen\" \/>\n<meta property=\"og:description\" content=\"Unsere Nutzungsbedingungen regeln Altersanforderungen, Datenschutz, Rechte und Pflichten f\u00fcr eine sichere und rechtskonforme Nutzung unserer Website.\" \/>\n<meta property=\"og:url\" content=\"https:\/\/www.elementvape.de\/pt\/terms-conditions\/\" \/>\n<meta property=\"og:site_name\" content=\"ElementVape.de\" \/>\n<meta property=\"article:modified_time\" content=\"2025-12-11T07:00:30+00:00\" \/>\n<meta name=\"twitter:card\" content=\"summary_large_image\" \/>\n<meta name=\"twitter:label1\" content=\"Est. reading time\" \/>\n\t<meta name=\"twitter:data1\" content=\"4 minutos\" \/>\n<script type=\"application\/ld+json\" class=\"yoast-schema-graph\">{\"@context\":\"https:\/\/schema.org\",\"@graph\":[{\"@type\":\"WebPage\",\"@id\":\"https:\/\/www.elementvape.de\/terms-conditions\/\",\"url\":\"https:\/\/www.elementvape.de\/terms-conditions\/\",\"name\":\"Gesch\u00e4ftsbedingungen\",\"isPartOf\":{\"@id\":\"https:\/\/www.elementvape.de\/#website\"},\"datePublished\":\"2024-09-10T07:29:15+00:00\",\"dateModified\":\"2025-12-11T07:00:30+00:00\",\"description\":\"Unsere Nutzungsbedingungen regeln Altersanforderungen, Datenschutz, Rechte und Pflichten f\u00fcr eine sichere und rechtskonforme Nutzung unserer Website.\",\"breadcrumb\":{\"@id\":\"https:\/\/www.elementvape.de\/terms-conditions\/#breadcrumb\"},\"inLanguage\":\"pt-PT\",\"potentialAction\":[{\"@type\":\"ReadAction\",\"target\":[\"https:\/\/www.elementvape.de\/terms-conditions\/\"]}]},{\"@type\":\"BreadcrumbList\",\"@id\":\"https:\/\/www.elementvape.de\/terms-conditions\/#breadcrumb\",\"itemListElement\":[{\"@type\":\"ListItem\",\"position\":1,\"name\":\"Home\",\"item\":\"https:\/\/www.elementvape.de\/\"},{\"@type\":\"ListItem\",\"position\":2,\"name\":\"Gesch\u00e4ftsbedingungen\"}]},{\"@type\":\"WebSite\",\"@id\":\"https:\/\/www.elementvape.de\/#website\",\"url\":\"https:\/\/www.elementvape.de\/\",\"name\":\"ElementVape.de\",\"description\":\"\",\"publisher\":{\"@id\":\"https:\/\/www.elementvape.de\/#organization\"},\"potentialAction\":[{\"@type\":\"SearchAction\",\"target\":{\"@type\":\"EntryPoint\",\"urlTemplate\":\"https:\/\/www.elementvape.de\/?s={search_term_string}\"},\"query-input\":\"required name=search_term_string\"}],\"inLanguage\":\"pt-PT\"},{\"@type\":\"Organization\",\"@id\":\"https:\/\/www.elementvape.de\/#organization\",\"name\":\"ElementVape.DE\",\"url\":\"https:\/\/www.elementvape.de\/\",\"logo\":{\"@type\":\"ImageObject\",\"inLanguage\":\"pt-PT\",\"@id\":\"https:\/\/www.elementvape.de\/#\/schema\/logo\/image\/\",\"url\":\"https:\/\/www.elementvape.de\/wp-content\/uploads\/2024\/09\/cropped-1elementvape-3.png\",\"contentUrl\":\"https:\/\/www.elementvape.de\/wp-content\/uploads\/2024\/09\/cropped-1elementvape-3.png\",\"width\":285,\"height\":228,\"caption\":\"ElementVape.DE\"},\"image\":{\"@id\":\"https:\/\/www.elementvape.de\/#\/schema\/logo\/image\/\"}}]}<\/script>\n<!-- \/ Yoast SEO plugin. -->","yoast_head_json":{"title":"Gesch\u00e4ftsbedingungen","description":"Unsere Nutzungsbedingungen regeln Altersanforderungen, Datenschutz, Rechte und Pflichten f\u00fcr eine sichere und rechtskonforme Nutzung unserer Website.","robots":{"index":"index","follow":"follow","max-snippet":"max-snippet:-1","max-image-preview":"max-image-preview:large","max-video-preview":"max-video-preview:-1"},"canonical":"https:\/\/www.elementvape.de\/pt\/terms-conditions\/","og_locale":"pt_PT","og_type":"article","og_title":"Gesch\u00e4ftsbedingungen","og_description":"Unsere Nutzungsbedingungen regeln Altersanforderungen, Datenschutz, Rechte und Pflichten f\u00fcr eine sichere und rechtskonforme Nutzung unserer Website.","og_url":"https:\/\/www.elementvape.de\/pt\/terms-conditions\/","og_site_name":"ElementVape.de","article_modified_time":"2025-12-11T07:00:30+00:00","twitter_card":"summary_large_image","twitter_misc":{"Est. reading time":"4 minutos"},"schema":{"@context":"https:\/\/schema.org","@graph":[{"@type":"WebPage","@id":"https:\/\/www.elementvape.de\/terms-conditions\/","url":"https:\/\/www.elementvape.de\/terms-conditions\/","name":"Gesch\u00e4ftsbedingungen","isPartOf":{"@id":"https:\/\/www.elementvape.de\/#website"},"datePublished":"2024-09-10T07:29:15+00:00","dateModified":"2025-12-11T07:00:30+00:00","description":"Unsere Nutzungsbedingungen regeln Altersanforderungen, Datenschutz, Rechte und Pflichten f\u00fcr eine sichere und rechtskonforme Nutzung unserer Website.","breadcrumb":{"@id":"https:\/\/www.elementvape.de\/terms-conditions\/#breadcrumb"},"inLanguage":"pt-PT","potentialAction":[{"@type":"ReadAction","target":["https:\/\/www.elementvape.de\/terms-conditions\/"]}]},{"@type":"BreadcrumbList","@id":"https:\/\/www.elementvape.de\/terms-conditions\/#breadcrumb","itemListElement":[{"@type":"ListItem","position":1,"name":"Home","item":"https:\/\/www.elementvape.de\/"},{"@type":"ListItem","position":2,"name":"Gesch\u00e4ftsbedingungen"}]},{"@type":"WebSite","@id":"https:\/\/www.elementvape.de\/#website","url":"https:\/\/www.elementvape.de\/","name":"ElementVape.de","description":"","publisher":{"@id":"https:\/\/www.elementvape.de\/#organization"},"potentialAction":[{"@type":"SearchAction","target":{"@type":"EntryPoint","urlTemplate":"https:\/\/www.elementvape.de\/?s={search_term_string}"},"query-input":"required name=search_term_string"}],"inLanguage":"pt-PT"},{"@type":"Organization","@id":"https:\/\/www.elementvape.de\/#organization","name":"ElementVape.DE","url":"https:\/\/www.elementvape.de\/","logo":{"@type":"ImageObject","inLanguage":"pt-PT","@id":"https:\/\/www.elementvape.de\/#\/schema\/logo\/image\/","url":"https:\/\/www.elementvape.de\/wp-content\/uploads\/2024\/09\/cropped-1elementvape-3.png","contentUrl":"https:\/\/www.elementvape.de\/wp-content\/uploads\/2024\/09\/cropped-1elementvape-3.png","width":285,"height":228,"caption":"ElementVape.DE"},"image":{"@id":"https:\/\/www.elementvape.de\/#\/schema\/logo\/image\/"}}]}},"_links":{"self":[{"href":"https:\/\/www.elementvape.de\/pt\/wp-json\/wp\/v2\/pages\/14259"}],"collection":[{"href":"https:\/\/www.elementvape.de\/pt\/wp-json\/wp\/v2\/pages"}],"about":[{"href":"https:\/\/www.elementvape.de\/pt\/wp-json\/wp\/v2\/types\/page"}],"author":[{"embeddable":true,"href":"https:\/\/www.elementvape.de\/pt\/wp-json\/wp\/v2\/users\/3"}],"replies":[{"embeddable":true,"href":"https:\/\/www.elementvape.de\/pt\/wp-json\/wp\/v2\/comments?post=14259"}],"version-history":[{"count":5,"href":"https:\/\/www.elementvape.de\/pt\/wp-json\/wp\/v2\/pages\/14259\/revisions"}],"predecessor-version":[{"id":16683,"href":"https:\/\/www.elementvape.de\/pt\/wp-json\/wp\/v2\/pages\/14259\/revisions\/16683"}],"wp:attachment":[{"href":"https:\/\/www.elementvape.de\/pt\/wp-json\/wp\/v2\/media?parent=14259"}],"curies":[{"name":"wp","href":"https:\/\/api.w.org\/{rel}","templated":true}]}}