{"id":8791,"date":"2024-04-20T06:56:29","date_gmt":"2024-04-20T06:56:29","guid":{"rendered":"https:\/\/www.elementvape.de\/?post_type=product&#038;p=8791"},"modified":"2024-09-12T10:32:24","modified_gmt":"2024-09-12T10:32:24","slug":"pro-pod-kit-25w-900mah-batterie-vthru-pro-mit-3ml","status":"publish","type":"product","link":"https:\/\/www.elementvape.de\/pl\/produkt\/pro-pod-kit-25w-900mah-batterie-vthru-pro-mit-3ml\/","title":{"rendered":"Voopoo v. thru pro pod kit 25w 900mah bateria vthru pro z 3ml kartrid\u017cem Vmate v2 0.7\/1,2 ohm elektroniczny papieros vape"},"content":{"rendered":"<p>&nbsp;<\/p>\n<div class=\"product-specs-list-container\">\n<ul class=\"product-specs-list util-clearfix\">\n<li class=\"product-prop line-limit-length\"><span class=\"property-title\">Wygl\u0105d:\u00a0<\/span><span class=\"property-desc line-limit-length\">Kszta\u0142t pude\u0142ka<\/span><\/li>\n<li class=\"product-prop line-limit-length\"><span class=\"property-title\">Kompatybilny akumulator:\u00a0<\/span><span class=\"property-desc line-limit-length\">Brak<\/span><\/li>\n<li class=\"product-prop line-limit-length\"><span class=\"property-title\">Funkcja monitorowania liczby palenia:\u00a0<\/span><span class=\"property-desc line-limit-length\">Nie<\/span><\/li>\n<li class=\"product-prop line-limit-length\"><span class=\"property-title\">Etui silikonowe:\u00a0<\/span><span class=\"property-desc line-limit-length\">Nie<\/span><\/li>\n<li class=\"product-prop line-limit-length\"><span class=\"property-title\">Regulacja temperatury:\u00a0<\/span><span class=\"property-desc line-limit-length\">Nie<\/span><\/li>\n<li class=\"product-prop line-limit-length\"><span class=\"property-title\">Wbudowany lub zewn\u0119trzny akumulator:\u00a0<\/span><span class=\"property-desc line-limit-length\">Wbudowany<\/span><\/li>\n<li class=\"product-prop line-limit-length\"><span class=\"property-title\">Funkcja ochrony przed zwarciem:\u00a0<\/span><span class=\"property-desc line-limit-length\">Ja<\/span><\/li>\n<li class=\"product-prop line-limit-length\"><span class=\"property-title\">Funkcja ochrony przed przegrzaniem:\u00a0<\/span><span class=\"property-desc line-limit-length\">Nie<\/span><\/li>\n<li class=\"product-prop line-limit-length\"><span class=\"property-title\">Funkcja alarmu niskiego napi\u0119cia:\u00a0<\/span><span class=\"property-desc line-limit-length\">Ja<\/span><\/li>\n<li class=\"product-prop line-limit-length\"><span class=\"property-title\">Funkcja identyfikacji atomizera:\u00a0<\/span><span class=\"property-desc line-limit-length\">Ja<\/span><\/li>\n<li class=\"product-prop line-limit-length\"><span class=\"property-title\">Tryb ustawie\u0144 TCR:\u00a0<\/span><span class=\"property-desc line-limit-length\">Nie<\/span><\/li>\n<li class=\"product-prop line-limit-length\"><span class=\"property-title\">Nominalna pojemno\u015b\u0107:\u00a0<\/span><span class=\"property-desc line-limit-length\">900 mAh<\/span><\/li>\n<li class=\"product-prop line-limit-length\"><span class=\"property-title\">Materia\u0142:\u00a0<\/span><span class=\"property-desc line-limit-length\">Metal<\/span><\/li>\n<li class=\"product-prop line-limit-length\"><span class=\"property-title\">Kompatybilny model:\u00a0<\/span><span class=\"property-desc line-limit-length\">Elektroniczna Papieros Vape<\/span><\/li>\n<li class=\"product-prop line-limit-length\"><span class=\"property-title\">Numer modelu:\u00a0<\/span><span class=\"property-desc line-limit-length\">Zestaw VOOPOO V.THRU Pro Pod Vape Kit<\/span><\/li>\n<li class=\"product-prop line-limit-length\"><span class=\"property-title\">\u0141adowarka USB:\u00a0<\/span><span class=\"property-desc line-limit-length\">Ja<\/span><\/li>\n<li class=\"product-prop line-limit-length\"><span class=\"property-title\">Aktualizacja oprogramowania:\u00a0<\/span><span class=\"property-desc line-limit-length\">Nie<\/span><\/li>\n<li class=\"product-prop line-limit-length\"><span class=\"property-title\">Wy\u015bwietlacz:\u00a0<\/span><span class=\"property-desc line-limit-length\">Ja<\/span><\/li>\n<li class=\"product-prop line-limit-length\"><span class=\"property-title\">Typ:\u00a0<\/span><span class=\"property-desc line-limit-length\">Z bateri\u0105<\/span><\/li>\n<li class=\"product-prop line-limit-length\"><span class=\"property-title\">Nazwa marki:\u00a0<\/span><span class=\"property-desc line-limit-length\">VOOPOO<\/span><\/li>\n<li class=\"product-prop line-limit-length\"><span class=\"property-title\">Pochodzenie:\u00a0<\/span><span class=\"property-desc line-limit-length\">CN (pochodzenie)<\/span><\/li>\n<\/ul>\n<\/div>\n<div class=\"detailmodule_html\">\n<div class=\"detail-desc-decorate-richtext\">\n<div class=\"detailmodule_text\">\n<p>&nbsp;<\/p>\n<p id=\"tl_1\" class=\"detail-desc-decorate-title\" style=\"font-family: OpenSans; font-size: 20px; font-weight: 900; line-height: 28px; margin-bottom: 12px;\">Oryginalny zestaw Voopoo V. Thru Pro Pod Vape Kit 25W 900mAh bateria V przez Pro 3ml pusta wk\u0142adka Gen elektroniczny papieros Vapor izer<\/p>\n<\/div>\n<div class=\"detailmodule_text\">\n<p id=\"tl_2\" class=\"detail-desc-decorate-title\" style=\"font-family: OpenSans; font-size: 20px; font-weight: 900; line-height: 28px; margin-bottom: 12px;\">Kr\u00f3tki opis zestawu Voopoo V. Thru Pro:<\/p>\n<p id=\"tl_3\" class=\"detail-desc-decorate-content\" style=\"font-family: OpenSans; font-size: 14px; font-weight: 300; line-height: 20px; margin-bottom: 12px;\">Zestaw V. Thru Pro to \u0142atwy w obs\u0142udze i tani zestaw startowy o niewielkich rozmiarach, ale du\u017cej mocy. Nap\u0119dzany jest przez wbudowan\u0105 bateri\u0119 o pojemno\u015bci 900mAh, z szybkim \u0142adowaniem Typ-C 5V\/1a. Dzi\u0119ki bezprzyciskowemu designowi, v. Thru Pro jest prosty w uruchomieniu, pod\u0142\u0105czeniu i wdychaniu. W zestawie znajduje si\u0119 3ml pusta wk\u0142adka 0,7 Ohm i 1,2 Ohm Dual V. Thru Pro Pods, kt\u00f3re zapewniaj\u0105 najwy\u017csz\u0105 jako\u015b\u0107 i smak. Chip Gen zapewnia sta\u0142e napi\u0119cie wyj\u015bciowe, aby zapewni\u0107 Ci doskona\u0142e doznania smakowe. 0,69-calowy ekran OLED wy\u015bwietla informacje o urz\u0105dzeniu. Wyposa\u017cony jest r\u00f3wnie\u017c w inteligentny tryb zabezpieczenia dzieci, aby zapobiec przypadkowemu uruchomieniu przez dzieci. Dzi\u0119ki pe\u0142nemu dopasowaniu 360\u00b0, poczujesz smak, bez konieczno\u015bci wymiany wk\u0142adek. Magnetyczny system ssania i zatrzask\u00f3w oraz super prosty system zatrzaskowy zapewniaj\u0105 mocne osadzenie i \u0142atwe wyci\u0105ganie.<\/p>\n<\/div>\n<div class=\"detailmodule_text\">\n<p id=\"tl_4\" class=\"detail-desc-decorate-title\" style=\"font-family: OpenSans; font-size: 20px; font-weight: 900; line-height: 28px; margin-bottom: 12px;\">Funkcja:<\/p>\n<p id=\"tl_5\" class=\"detail-desc-decorate-content\" style=\"font-family: OpenSans; font-size: 14px; font-weight: 300; line-height: 20px; margin-bottom: 12px;\">Start na podstawie indukcji powietrza<br \/>\nPojemno\u015b\u0107 pustej wk\u0142adki 3ml<br \/>\nDualne wk\u0142adki 0,7 &amp; 1,2\u03a9<br \/>\nEkran OLED 0,69\u2019<br \/>\n900mAh wbudowana bateria<br \/>\nInteligentny tryb bezpieczny dla dzieci<br \/>\n360 \u00b0 pe\u0142ny design dopasowany do ust<br \/>\nMagnetyczne odci\u0105ganie i podw\u00f3jne zatrzask<br \/>\nWzmocnienie<br \/>\nNiezale\u017cna i jednorazowa przestrze\u0144 kondensatu<\/p>\n<\/div>\n<div class=\"detailmodule_text\">\n<p id=\"tl_6\" class=\"detail-desc-decorate-title\" style=\"font-family: OpenSans; font-size: 20px; font-weight: 900; line-height: 28px; margin-bottom: 12px;\">Specyfikacje<\/p>\n<p id=\"tl_7\" class=\"detail-desc-decorate-content\" style=\"font-family: OpenSans; font-size: 14px; font-weight: 300; line-height: 20px; margin-bottom: 12px;\">Nazwa produktu: v. thru pro<br \/>\nRozmiar: 28,5*14,9*95,5mm<br \/>\nWaga: 44g<br \/>\nZakres mocy: 5-25w<br \/>\nPojemno\u015b\u0107: 3ml<br \/>\nZakres oporu: 0,7 &amp; 1,2\u03a9<br \/>\nNapi\u0119cie wyj\u015bciowe: 3,2-4,2V<br \/>\nBateria: 900mAh wbudowana<\/p>\n<\/div>\n<div class=\"detailmodule_text\">\n<p id=\"tl_8\" class=\"detail-desc-decorate-title\" style=\"font-family: OpenSans; font-size: 20px; font-weight: 900; line-height: 28px; margin-bottom: 12px;\">Lista pakiet\u00f3w<\/p>\n<p id=\"tl_9\" class=\"detail-desc-decorate-content\" style=\"font-family: OpenSans; font-size: 14px; font-weight: 300; line-height: 20px; margin-bottom: 12px;\">Ciep\u0142e przypomnienie: o v. thru pro nowa i stara opakowanie zestawu b\u0119d\u0105 wysy\u0142ane losowo.<\/p>\n<p>Lista pakiet\u00f3w (nowy zestaw):<br \/>\n1 * urz\u0105dzenie v. thru pro<br \/>\n1 * wk\u0142adka vmate v2 (0,7 Ohm\/3ml)<br \/>\n1 * wk\u0142adka vmate v2 (1,2 Ohm\/3ml)<br \/>\n1 * Kabel typu-C<br \/>\n1 * Instrukcja obs\u0142ugi<\/p>\n<p>Lista pakiet\u00f3w (stary zestaw):<br \/>\n1 * urz\u0105dzenie v. thru pro<br \/>\n1 * pod v. thru pro (0,7 Ohm\/3ml)<br \/>\n1 * pod v. thru pro (1,2 Ohm\/3ml)<br \/>\n1 * Kabel typu-C<br \/>\n1 * Instrukcja obs\u0142ugi<\/p>\n<\/div>\n<div class=\"detailmodule_image\"><img decoding=\"async\" loading=\"lazy\" class=\"detail-desc-decorate-image\" src=\"https:\/\/ae01.alicdn.com\/kf\/Hb96528f62cc74b26bea851a1e776d990s.jpg\" \/><\/div>\n<div class=\"detailmodule_image\"><img decoding=\"async\" loading=\"lazy\" class=\"detail-desc-decorate-image\" style=\"margin-bottom: 10px;\" src=\"https:\/\/ae01.alicdn.com\/kf\/S8667a54d58524668965bed2f2dc7cbdct.jpg\" \/><br \/>\n<img decoding=\"async\" loading=\"lazy\" class=\"detail-desc-decorate-image\" src=\"https:\/\/ae01.alicdn.com\/kf\/H7fbc308cb9f7424b836d8c53f8cf8a0bP.jpg\" \/><br \/>\n<img decoding=\"async\" loading=\"lazy\" class=\"detail-desc-decorate-image\" src=\"https:\/\/ae01.alicdn.com\/kf\/H41420df517f24564983673e4f6be9d7cf.jpg\" \/><br \/>\n<img decoding=\"async\" loading=\"lazy\" class=\"detail-desc-decorate-image\" src=\"https:\/\/ae01.alicdn.com\/kf\/H4d840733967c4b0cacbf1db08dbcfcc6e.jpg\" \/><br \/>\n<img decoding=\"async\" loading=\"lazy\" class=\"detail-desc-decorate-image\" src=\"https:\/\/ae01.alicdn.com\/kf\/H7e3e691bf021499fa5b3affe3f90da96P.jpg\" \/><br \/>\n<img decoding=\"async\" loading=\"lazy\" class=\"detail-desc-decorate-image\" src=\"https:\/\/ae01.alicdn.com\/kf\/Hc03c4b145d764c5199ae2767c5bbd32ff.jpg\" \/><br \/>\n<img decoding=\"async\" loading=\"lazy\" class=\"detail-desc-decorate-image\" src=\"https:\/\/ae01.alicdn.com\/kf\/Hfe89e81db40949fd93c7140c65c216bfv.jpg\" \/><br \/>\n<img decoding=\"async\" loading=\"lazy\" class=\"detail-desc-decorate-image\" style=\"margin-bottom: 10px;\" src=\"https:\/\/ae01.alicdn.com\/kf\/Se4017182eab2461e86f3ea9089378f1fS.jpg\" \/><\/div>\n<p>&nbsp;<\/p>\n<\/div>\n<\/div>","protected":false},"excerpt":{"rendered":"<p>&nbsp; Aussehen:\u00a0Box Form Kompatibler Akku:\u00a0Kein \u00dcberwachung Funktion Von Rauchen Anzahl:\u00a0Nein Silikon Fall:\u00a0Nein Temperaturregelung:\u00a0Nein Eingebaute Oder Externe Batterie:\u00a0Eingebaute Kurzschlussschutz Funktion:\u00a0Ja \u00dcberhitzungsschutz-funktion:\u00a0Nein Niederspannungsalarmfunktion:\u00a0Ja Zerst\u00e4uber Identifikation Funktion:\u00a0Ja TCR Einstellung Modi:\u00a0Nein Nominale Kapazit\u00e4t:\u00a0900 mAh Material:\u00a0Metall Compatible Model:\u00a0Electronic Cigarette Vape Modellnummer:\u00a0VOOPOO V.THRU Pro Pod Vape Kit Usb-ladeger\u00e4t:\u00a0Ja Firmware-upgrade:\u00a0Nein Display:\u00a0Ja Art:\u00a0Mit Batterie Markenname:\u00a0VOOPOO Ursprung:\u00a0CN (Herkunft) &nbsp; Original Voopoo V. Thru Pro [&hellip;]<\/p>","protected":false},"featured_media":8792,"template":"","meta":{"inline_featured_image":false},"product_cat":[750,737,736,749,76],"product_tag":[],"tiered_pricing_type":"fixed","tiered_pricing_fixed_rules":[],"tiered_pricing_percentage_rules":[],"tiered_pricing_minimum":1,"_administrator_tiered_pricing_type":"fixed","_administrator_tiered_pricing_fixed_rules":[],"_editor_tiered_pricing_type":"fixed","_editor_tiered_pricing_fixed_rules":[],"_author_tiered_pricing_type":"fixed","_author_tiered_pricing_fixed_rules":[],"_contributor_tiered_pricing_type":"fixed","_contributor_tiered_pricing_fixed_rules":[],"_subscriber_tiered_pricing_type":"fixed","_subscriber_tiered_pricing_fixed_rules":[],"_customer_tiered_pricing_type":"fixed","_customer_tiered_pricing_fixed_rules":[],"_shop_manager_tiered_pricing_type":"fixed","_shop_manager_tiered_pricing_fixed_rules":[],"_wpseo_manager_tiered_pricing_type":"fixed","_wpseo_manager_tiered_pricing_fixed_rules":[],"_wpseo_editor_tiered_pricing_type":"fixed","_wpseo_editor_tiered_pricing_fixed_rules":[],"_wholesale_customer_tiered_pricing_type":"fixed","_wholesale_customer_tiered_pricing_fixed_rules":[],"_marketer_tiered_pricing_type":"fixed","_marketer_tiered_pricing_fixed_rules":[],"_sales_manager_tiered_pricing_type":"fixed","_sales_manager_tiered_pricing_fixed_rules":[],"_sales_rep_tiered_pricing_type":"fixed","_sales_rep_tiered_pricing_fixed_rules":[],"yoast_head":"<!-- This site is optimized with the Yoast SEO plugin v23.3 - https:\/\/yoast.com\/wordpress\/plugins\/seo\/ -->\n<title>Voopoo v. thru pro pod kit 25w 900mah batterie vthru pro mit 3ml vmate v2 patrone 0.7\/1,2 ohm elektronische zigarette vape | ElementVape.de<\/title>\n<meta name=\"description\" content=\"Wir bieten Voopoo v. thru pro pod kit 25w 900mah batterie vthru pro mit 3ml vmate v2 patrone 0.7\/1,2 ohm elektronische zigarette vape , Elementvape.de akzeptieren Gro\u00df-und Einzelhandel Bestellungen.\" \/>\n<meta name=\"robots\" content=\"index, follow, max-snippet:-1, max-image-preview:large, max-video-preview:-1\" \/>\n<link rel=\"canonical\" href=\"https:\/\/www.elementvape.de\/pl\/produkt\/pro-pod-kit-25w-900mah-batterie-vthru-pro-mit-3ml\/\" \/>\n<meta property=\"og:locale\" content=\"pl_PL\" \/>\n<meta property=\"og:type\" content=\"article\" \/>\n<meta property=\"og:title\" content=\"Voopoo v. thru pro pod kit 25w 900mah batterie vthru pro mit 3ml vmate v2 patrone 0.7\/1,2 ohm elektronische zigarette vape | ElementVape.de\" \/>\n<meta property=\"og:description\" content=\"Wir bieten Voopoo v. thru pro pod kit 25w 900mah batterie vthru pro mit 3ml vmate v2 patrone 0.7\/1,2 ohm elektronische zigarette vape , Elementvape.de akzeptieren Gro\u00df-und Einzelhandel Bestellungen.\" \/>\n<meta property=\"og:url\" content=\"https:\/\/www.elementvape.de\/pl\/produkt\/pro-pod-kit-25w-900mah-batterie-vthru-pro-mit-3ml\/\" \/>\n<meta property=\"og:site_name\" content=\"ElementVape.de\" \/>\n<meta property=\"article:modified_time\" content=\"2024-09-12T10:32:24+00:00\" \/>\n<meta property=\"og:image\" content=\"https:\/\/ae01.alicdn.com\/kf\/S878ac8cf8b83442db544a2541ddb12dbD\/Original-voopoo-v-thru-pro-pod-kit-25w-900mah-batterie-vthru-pro-mit-3ml-vmate-v2.jpg\" \/>\n\t<meta property=\"og:image:width\" content=\"800\" \/>\n\t<meta property=\"og:image:height\" content=\"800\" \/>\n\t<meta property=\"og:image:type\" content=\"image\/jpeg\" \/>\n<meta name=\"twitter:card\" content=\"summary_large_image\" \/>\n<meta name=\"twitter:label1\" content=\"Est. reading time\" \/>\n\t<meta name=\"twitter:data1\" content=\"5 minut\" \/>\n<script type=\"application\/ld+json\" class=\"yoast-schema-graph\">{\"@context\":\"https:\/\/schema.org\",\"@graph\":[{\"@type\":\"WebPage\",\"@id\":\"https:\/\/www.elementvape.de\/es\/produkt\/pro-pod-kit-25w-900mah-batterie-vthru-pro-mit-3ml\/\",\"url\":\"https:\/\/www.elementvape.de\/es\/produkt\/pro-pod-kit-25w-900mah-batterie-vthru-pro-mit-3ml\/\",\"name\":\"Voopoo v. thru pro pod kit 25w 900mah batterie vthru pro mit 3ml vmate v2 patrone 0.7\/1,2 ohm elektronische zigarette vape | ElementVape.de\",\"isPartOf\":{\"@id\":\"https:\/\/www.elementvape.de\/#website\"},\"primaryImageOfPage\":{\"@id\":\"https:\/\/www.elementvape.de\/es\/produkt\/pro-pod-kit-25w-900mah-batterie-vthru-pro-mit-3ml\/#primaryimage\"},\"image\":{\"@id\":\"https:\/\/www.elementvape.de\/es\/produkt\/pro-pod-kit-25w-900mah-batterie-vthru-pro-mit-3ml\/#primaryimage\"},\"thumbnailUrl\":\"https:\/\/ae01.alicdn.com\/kf\/S878ac8cf8b83442db544a2541ddb12dbD\/Original-voopoo-v-thru-pro-pod-kit-25w-900mah-batterie-vthru-pro-mit-3ml-vmate-v2.jpg\",\"datePublished\":\"2024-04-20T06:56:29+00:00\",\"dateModified\":\"2024-09-12T10:32:24+00:00\",\"description\":\"Wir bieten Voopoo v. thru pro pod kit 25w 900mah batterie vthru pro mit 3ml vmate v2 patrone 0.7\/1,2 ohm elektronische zigarette vape , Elementvape.de akzeptieren Gro\u00df-und Einzelhandel Bestellungen.\",\"breadcrumb\":{\"@id\":\"https:\/\/www.elementvape.de\/es\/produkt\/pro-pod-kit-25w-900mah-batterie-vthru-pro-mit-3ml\/#breadcrumb\"},\"inLanguage\":\"pl-PL\",\"potentialAction\":[{\"@type\":\"ReadAction\",\"target\":[\"https:\/\/www.elementvape.de\/es\/produkt\/pro-pod-kit-25w-900mah-batterie-vthru-pro-mit-3ml\/\"]}]},{\"@type\":\"ImageObject\",\"inLanguage\":\"pl-PL\",\"@id\":\"https:\/\/www.elementvape.de\/es\/produkt\/pro-pod-kit-25w-900mah-batterie-vthru-pro-mit-3ml\/#primaryimage\",\"url\":\"https:\/\/ae01.alicdn.com\/kf\/S878ac8cf8b83442db544a2541ddb12dbD\/Original-voopoo-v-thru-pro-pod-kit-25w-900mah-batterie-vthru-pro-mit-3ml-vmate-v2.jpg\",\"contentUrl\":\"https:\/\/ae01.alicdn.com\/kf\/S878ac8cf8b83442db544a2541ddb12dbD\/Original-voopoo-v-thru-pro-pod-kit-25w-900mah-batterie-vthru-pro-mit-3ml-vmate-v2.jpg\",\"width\":800,\"height\":800},{\"@type\":\"BreadcrumbList\",\"@id\":\"https:\/\/www.elementvape.de\/es\/produkt\/pro-pod-kit-25w-900mah-batterie-vthru-pro-mit-3ml\/#breadcrumb\",\"itemListElement\":[{\"@type\":\"ListItem\",\"position\":1,\"name\":\"Home\",\"item\":\"https:\/\/www.elementvape.de\/\"},{\"@type\":\"ListItem\",\"position\":2,\"name\":\"Shop\",\"item\":\"https:\/\/www.elementvape.de\/shop\/\"},{\"@type\":\"ListItem\",\"position\":3,\"name\":\"Voopoo v. thru pro pod kit 25w 900mah batterie vthru pro mit 3ml vmate v2 patrone 0.7\/1,2 ohm elektronische zigarette vape\"}]},{\"@type\":\"WebSite\",\"@id\":\"https:\/\/www.elementvape.de\/#website\",\"url\":\"https:\/\/www.elementvape.de\/\",\"name\":\"ElementVape.de\",\"description\":\"\",\"publisher\":{\"@id\":\"https:\/\/www.elementvape.de\/#organization\"},\"potentialAction\":[{\"@type\":\"SearchAction\",\"target\":{\"@type\":\"EntryPoint\",\"urlTemplate\":\"https:\/\/www.elementvape.de\/?s={search_term_string}\"},\"query-input\":\"required name=search_term_string\"}],\"inLanguage\":\"pl-PL\"},{\"@type\":\"Organization\",\"@id\":\"https:\/\/www.elementvape.de\/#organization\",\"name\":\"ElementVape.DE\",\"url\":\"https:\/\/www.elementvape.de\/\",\"logo\":{\"@type\":\"ImageObject\",\"inLanguage\":\"pl-PL\",\"@id\":\"https:\/\/www.elementvape.de\/#\/schema\/logo\/image\/\",\"url\":\"https:\/\/www.elementvape.de\/wp-content\/uploads\/2024\/09\/cropped-1elementvape-3.png\",\"contentUrl\":\"https:\/\/www.elementvape.de\/wp-content\/uploads\/2024\/09\/cropped-1elementvape-3.png\",\"width\":285,\"height\":228,\"caption\":\"ElementVape.DE\"},\"image\":{\"@id\":\"https:\/\/www.elementvape.de\/#\/schema\/logo\/image\/\"}}]}<\/script>\n<!-- \/ Yoast SEO plugin. -->","yoast_head_json":{"title":"Voopoo v. thru pro pod kit 25w 900mah batterie vthru pro mit 3ml vmate v2 patrone 0.7\/1,2 ohm elektronische zigarette vape | ElementVape.de","description":"Wir bieten Voopoo v. thru pro pod kit 25w 900mah batterie vthru pro mit 3ml vmate v2 patrone 0.7\/1,2 ohm elektronische zigarette vape , Elementvape.de akzeptieren Gro\u00df-und Einzelhandel Bestellungen.","robots":{"index":"index","follow":"follow","max-snippet":"max-snippet:-1","max-image-preview":"max-image-preview:large","max-video-preview":"max-video-preview:-1"},"canonical":"https:\/\/www.elementvape.de\/pl\/produkt\/pro-pod-kit-25w-900mah-batterie-vthru-pro-mit-3ml\/","og_locale":"pl_PL","og_type":"article","og_title":"Voopoo v. thru pro pod kit 25w 900mah batterie vthru pro mit 3ml vmate v2 patrone 0.7\/1,2 ohm elektronische zigarette vape | ElementVape.de","og_description":"Wir bieten Voopoo v. thru pro pod kit 25w 900mah batterie vthru pro mit 3ml vmate v2 patrone 0.7\/1,2 ohm elektronische zigarette vape , Elementvape.de akzeptieren Gro\u00df-und Einzelhandel Bestellungen.","og_url":"https:\/\/www.elementvape.de\/pl\/produkt\/pro-pod-kit-25w-900mah-batterie-vthru-pro-mit-3ml\/","og_site_name":"ElementVape.de","article_modified_time":"2024-09-12T10:32:24+00:00","og_image":[{"width":800,"height":800,"url":"https:\/\/ae01.alicdn.com\/kf\/S878ac8cf8b83442db544a2541ddb12dbD\/Original-voopoo-v-thru-pro-pod-kit-25w-900mah-batterie-vthru-pro-mit-3ml-vmate-v2.jpg","type":"image\/jpeg"}],"twitter_card":"summary_large_image","twitter_misc":{"Est. reading time":"5 minut"},"schema":{"@context":"https:\/\/schema.org","@graph":[{"@type":"WebPage","@id":"https:\/\/www.elementvape.de\/es\/produkt\/pro-pod-kit-25w-900mah-batterie-vthru-pro-mit-3ml\/","url":"https:\/\/www.elementvape.de\/es\/produkt\/pro-pod-kit-25w-900mah-batterie-vthru-pro-mit-3ml\/","name":"Voopoo v. thru pro pod kit 25w 900mah batterie vthru pro mit 3ml vmate v2 patrone 0.7\/1,2 ohm elektronische zigarette vape | ElementVape.de","isPartOf":{"@id":"https:\/\/www.elementvape.de\/#website"},"primaryImageOfPage":{"@id":"https:\/\/www.elementvape.de\/es\/produkt\/pro-pod-kit-25w-900mah-batterie-vthru-pro-mit-3ml\/#primaryimage"},"image":{"@id":"https:\/\/www.elementvape.de\/es\/produkt\/pro-pod-kit-25w-900mah-batterie-vthru-pro-mit-3ml\/#primaryimage"},"thumbnailUrl":"https:\/\/ae01.alicdn.com\/kf\/S878ac8cf8b83442db544a2541ddb12dbD\/Original-voopoo-v-thru-pro-pod-kit-25w-900mah-batterie-vthru-pro-mit-3ml-vmate-v2.jpg","datePublished":"2024-04-20T06:56:29+00:00","dateModified":"2024-09-12T10:32:24+00:00","description":"Wir bieten Voopoo v. thru pro pod kit 25w 900mah batterie vthru pro mit 3ml vmate v2 patrone 0.7\/1,2 ohm elektronische zigarette vape , Elementvape.de akzeptieren Gro\u00df-und Einzelhandel Bestellungen.","breadcrumb":{"@id":"https:\/\/www.elementvape.de\/es\/produkt\/pro-pod-kit-25w-900mah-batterie-vthru-pro-mit-3ml\/#breadcrumb"},"inLanguage":"pl-PL","potentialAction":[{"@type":"ReadAction","target":["https:\/\/www.elementvape.de\/es\/produkt\/pro-pod-kit-25w-900mah-batterie-vthru-pro-mit-3ml\/"]}]},{"@type":"ImageObject","inLanguage":"pl-PL","@id":"https:\/\/www.elementvape.de\/es\/produkt\/pro-pod-kit-25w-900mah-batterie-vthru-pro-mit-3ml\/#primaryimage","url":"https:\/\/ae01.alicdn.com\/kf\/S878ac8cf8b83442db544a2541ddb12dbD\/Original-voopoo-v-thru-pro-pod-kit-25w-900mah-batterie-vthru-pro-mit-3ml-vmate-v2.jpg","contentUrl":"https:\/\/ae01.alicdn.com\/kf\/S878ac8cf8b83442db544a2541ddb12dbD\/Original-voopoo-v-thru-pro-pod-kit-25w-900mah-batterie-vthru-pro-mit-3ml-vmate-v2.jpg","width":800,"height":800},{"@type":"BreadcrumbList","@id":"https:\/\/www.elementvape.de\/es\/produkt\/pro-pod-kit-25w-900mah-batterie-vthru-pro-mit-3ml\/#breadcrumb","itemListElement":[{"@type":"ListItem","position":1,"name":"Home","item":"https:\/\/www.elementvape.de\/"},{"@type":"ListItem","position":2,"name":"Shop","item":"https:\/\/www.elementvape.de\/shop\/"},{"@type":"ListItem","position":3,"name":"Voopoo v. thru pro pod kit 25w 900mah batterie vthru pro mit 3ml vmate v2 patrone 0.7\/1,2 ohm elektronische zigarette vape"}]},{"@type":"WebSite","@id":"https:\/\/www.elementvape.de\/#website","url":"https:\/\/www.elementvape.de\/","name":"ElementVape.de","description":"","publisher":{"@id":"https:\/\/www.elementvape.de\/#organization"},"potentialAction":[{"@type":"SearchAction","target":{"@type":"EntryPoint","urlTemplate":"https:\/\/www.elementvape.de\/?s={search_term_string}"},"query-input":"required name=search_term_string"}],"inLanguage":"pl-PL"},{"@type":"Organization","@id":"https:\/\/www.elementvape.de\/#organization","name":"ElementVape.DE","url":"https:\/\/www.elementvape.de\/","logo":{"@type":"ImageObject","inLanguage":"pl-PL","@id":"https:\/\/www.elementvape.de\/#\/schema\/logo\/image\/","url":"https:\/\/www.elementvape.de\/wp-content\/uploads\/2024\/09\/cropped-1elementvape-3.png","contentUrl":"https:\/\/www.elementvape.de\/wp-content\/uploads\/2024\/09\/cropped-1elementvape-3.png","width":285,"height":228,"caption":"ElementVape.DE"},"image":{"@id":"https:\/\/www.elementvape.de\/#\/schema\/logo\/image\/"}}]}},"_links":{"self":[{"href":"https:\/\/www.elementvape.de\/pl\/wp-json\/wp\/v2\/product\/8791"}],"collection":[{"href":"https:\/\/www.elementvape.de\/pl\/wp-json\/wp\/v2\/product"}],"about":[{"href":"https:\/\/www.elementvape.de\/pl\/wp-json\/wp\/v2\/types\/product"}],"wp:featuredmedia":[{"embeddable":true,"href":"https:\/\/www.elementvape.de\/pl\/wp-json\/wp\/v2\/media\/8792"}],"wp:attachment":[{"href":"https:\/\/www.elementvape.de\/pl\/wp-json\/wp\/v2\/media?parent=8791"}],"wp:term":[{"taxonomy":"product_cat","embeddable":true,"href":"https:\/\/www.elementvape.de\/pl\/wp-json\/wp\/v2\/product_cat?post=8791"},{"taxonomy":"product_tag","embeddable":true,"href":"https:\/\/www.elementvape.de\/pl\/wp-json\/wp\/v2\/product_tag?post=8791"}],"curies":[{"name":"wp","href":"https:\/\/api.w.org\/{rel}","templated":true}]}}