{"id":8730,"date":"2024-04-20T06:54:30","date_gmt":"2024-04-20T06:54:30","guid":{"rendered":"https:\/\/www.elementvape.de\/?post_type=product&#038;p=8730"},"modified":"2024-09-12T10:32:26","modified_gmt":"2024-09-12T10:32:26","slug":"neue-farbe-vapor-esso-eco-nano-pod-kit","status":"publish","type":"product","link":"https:\/\/www.elementvape.de\/pl\/produkt\/neue-farbe-vapor-esso-eco-nano-pod-kit\/","title":{"rendered":"Nowy kolor Vapor Esso Eco Nano Pod Kit 1000mAh bateria Vape 6ml puste podwody 0,8 Ohm Orex Heizung i papierosowy vaporizer"},"content":{"rendered":"<p>&nbsp;<\/p>\n<div class=\"product-specs-list-container\">\n<ul class=\"product-specs-list util-clearfix\">\n<li class=\"product-prop line-limit-length\"><span class=\"property-title\">Wygl\u0105d:\u00a0<\/span><span class=\"property-desc line-limit-length\">Kszta\u0142t pude\u0142ka<\/span><\/li>\n<li class=\"product-prop line-limit-length\"><span class=\"property-title\">Kompatybilny akumulator:\u00a0<\/span><span class=\"property-desc line-limit-length\">Brak<\/span><\/li>\n<li class=\"product-prop line-limit-length\"><span class=\"property-title\">Funkcja monitorowania liczby palenia:\u00a0<\/span><span class=\"property-desc line-limit-length\">Nie<\/span><\/li>\n<li class=\"product-prop line-limit-length\"><span class=\"property-title\">Etui silikonowe:\u00a0<\/span><span class=\"property-desc line-limit-length\">Nie<\/span><\/li>\n<li class=\"product-prop line-limit-length\"><span class=\"property-title\">Regulacja temperatury:\u00a0<\/span><span class=\"property-desc line-limit-length\">Nie<\/span><\/li>\n<li class=\"product-prop line-limit-length\"><span class=\"property-title\">Wbudowany lub zewn\u0119trzny akumulator:\u00a0<\/span><span class=\"property-desc line-limit-length\">Wbudowany<\/span><\/li>\n<li class=\"product-prop line-limit-length\"><span class=\"property-title\">Funkcja ochrony przed zwarciem:\u00a0<\/span><span class=\"property-desc line-limit-length\">Ja<\/span><\/li>\n<li class=\"product-prop line-limit-length\"><span class=\"property-title\">Funkcja ochrony przed przegrzaniem:\u00a0<\/span><span class=\"property-desc line-limit-length\">Ja<\/span><\/li>\n<li class=\"product-prop line-limit-length\"><span class=\"property-title\">Funkcja alarmu niskiego napi\u0119cia:\u00a0<\/span><span class=\"property-desc line-limit-length\">Ja<\/span><\/li>\n<li class=\"product-prop line-limit-length\"><span class=\"property-title\">Funkcja identyfikacji atomizera:\u00a0<\/span><span class=\"property-desc line-limit-length\">Ja<\/span><\/li>\n<li class=\"product-prop line-limit-length\"><span class=\"property-title\">Tryb ustawie\u0144 TCR:\u00a0<\/span><span class=\"property-desc line-limit-length\">Nie<\/span><\/li>\n<li class=\"product-prop line-limit-length\"><span class=\"property-title\">Nominalna pojemno\u015b\u0107:\u00a0<\/span><span class=\"property-desc line-limit-length\">1000mAh<\/span><\/li>\n<li class=\"product-prop line-limit-length\"><span class=\"property-title\">Materia\u0142:\u00a0<\/span><span class=\"property-desc line-limit-length\">Metal<\/span><\/li>\n<li class=\"product-prop line-limit-length\"><span class=\"property-title\">Kompatybilny model:\u00a0<\/span><span class=\"property-desc line-limit-length\">Elektroniczna Papieros Vape<\/span><\/li>\n<li class=\"product-prop line-limit-length\"><span class=\"property-title\">Numer modelu:\u00a0<\/span><span class=\"property-desc line-limit-length\">Zestaw Pod Vaporesso ECO Nano<\/span><\/li>\n<li class=\"product-prop line-limit-length\"><span class=\"property-title\">\u0141adowarka USB:\u00a0<\/span><span class=\"property-desc line-limit-length\">Ja<\/span><\/li>\n<li class=\"product-prop line-limit-length\"><span class=\"property-title\">Aktualizacja oprogramowania:\u00a0<\/span><span class=\"property-desc line-limit-length\">Nie<\/span><\/li>\n<li class=\"product-prop line-limit-length\"><span class=\"property-title\">Wy\u015bwietlacz:\u00a0<\/span><span class=\"property-desc line-limit-length\">Nie<\/span><\/li>\n<li class=\"product-prop line-limit-length\"><span class=\"property-title\">Typ:\u00a0<\/span><span class=\"property-desc line-limit-length\">Z bateri\u0105<\/span><\/li>\n<li class=\"product-prop line-limit-length\"><span class=\"property-title\">Nazwa marki:\u00a0<\/span><span class=\"property-desc line-limit-length\">vaporesso<\/span><\/li>\n<li class=\"product-prop line-limit-length\"><span class=\"property-title\">Pochodzenie:\u00a0<\/span><span class=\"property-desc line-limit-length\">CN (pochodzenie)<\/span><\/li>\n<\/ul>\n<\/div>\n<div class=\"detailmodule_html\">\n<div class=\"detail-desc-decorate-richtext\">\n<div class=\"detailmodule_text\">\n<div><\/div>\n<p id=\"tl_1\" class=\"detail-desc-decorate-title\" style=\"font-family: OpenSans; font-size: 20px; font-weight: 900; line-height: 28px; margin-bottom: 12px;\">Nowy kolor Vapor Esso Eco Nano Pod Kit 1000mAh bateria Vape 6ml puste podwody 0,8 Ohm Orex Heizung i papierosowy vaporizer<\/p>\n<\/div>\n<div class=\"detailmodule_text\">\n<p id=\"tl_2\" class=\"detail-desc-decorate-title\" style=\"font-family: OpenSans; font-size: 20px; font-weight: 900; line-height: 28px; margin-bottom: 12px;\">Opis:<\/p>\n<p id=\"tl_3\" class=\"detail-desc-decorate-content\" style=\"font-family: OpenSans; font-size: 14px; font-weight: 300; line-height: 20px; margin-bottom: 12px;\">Vapor esso eco nano zestaw \u0142\u0105czy styl i kompaktowo\u015b\u0107, 1000mAh wewn\u0119trzna bateria i jej pojemno\u015b\u0107 6ml s\u0105 na pewno trwa\u0142e. Wyb\u00f3r oporu 0,8 Ohm i 1,2 Ohm dzia\u0142a bez zarzutu dla fantastycznego dostarczania smaku. Nape\u0142nianie od do\u0142u, magnetyczne po\u0142\u0105czenie zapewnia bezproblemowe mocowanie pod, pozostawaj poinformowany o stanie baterii, aby zapewni\u0107, \u017ce nigdy nie b\u0119dziesz zaskoczony. Z kszta\u0142tem pude\u0142ka, wygodnie mie\u015bci si\u0119 w d\u0142oni<\/p>\n<\/div>\n<div class=\"detailmodule_text\">\n<p id=\"tl_4\" class=\"detail-desc-decorate-title\" style=\"font-family: OpenSans; font-size: 20px; font-weight: 900; line-height: 28px; margin-bottom: 12px;\">Parametry:<\/p>\n<p id=\"tl_5\" class=\"detail-desc-decorate-content\" style=\"font-family: OpenSans; font-size: 14px; font-weight: 300; line-height: 20px; margin-bottom: 12px;\">\u2022 Wymiary: 44,7*18*77mm<br \/>\n\u2022 Pojemno\u015b\u0107 podu: 6ml<br \/>\n\u2022 Op\u00f3r podu: 0,8 Ohm\/1,2 Ohm<br \/>\n\u2022 Pojemno\u015b\u0107 baterii: 1000mAh<br \/>\n\u2022 \u0141adowanie: Typ-C, 1A<br \/>\n\u2022 Sss tech<br \/>\n\u2022 Corex technologia grzewcza<br \/>\n\u2022 Ekologiczne opakowanie<br \/>\n\u2022 Obs\u0142uga do 13000 puf\u00f3w na jednym podzie<br \/>\n\u2022 Magnetyczne po\u0142\u0105czenie<br \/>\n\u2022 Wska\u017anik baterii<br \/>\n\u2022 Dolny system nape\u0142niania<\/p>\n<\/div>\n<div class=\"detailmodule_text\">\n<p id=\"tl_6\" class=\"detail-desc-decorate-title\" style=\"font-family: OpenSans; font-size: 20px; font-weight: 900; line-height: 28px; margin-bottom: 12px;\">Paczka:<\/p>\n<p id=\"tl_7\" class=\"detail-desc-decorate-content\" style=\"font-family: OpenSans; font-size: 14px; font-weight: 300; line-height: 20px; margin-bottom: 12px;\">1 * bateria vapor esso eco nano<br \/>\n1 * vapor esso eco nano 0,8 Ohm kapsu\u0142a (pojemno\u015b\u0107 6ml)<br \/>\n1 * Instrukcja obs\u0142ugi<\/p>\n<\/div>\n<div class=\"detailmodule_image\"><img decoding=\"async\" loading=\"lazy\" class=\"detail-desc-decorate-image\" src=\"https:\/\/ae01.alicdn.com\/kf\/Sdf28506360144dbda23c986cdc2b275bj.jpg\" \/><\/div>\n<div class=\"detailmodule_image\"><img decoding=\"async\" loading=\"lazy\" class=\"detail-desc-decorate-image\" src=\"https:\/\/ae01.alicdn.com\/kf\/S8d6d139d5fbf4ac9afb2ab645e7b2356L.jpg\" \/><br \/>\n<img decoding=\"async\" loading=\"lazy\" class=\"detail-desc-decorate-image\" src=\"https:\/\/ae01.alicdn.com\/kf\/S347f14409b26403983b685a98c3c2184Z.jpg\" \/><br \/>\n<img decoding=\"async\" loading=\"lazy\" class=\"detail-desc-decorate-image\" src=\"https:\/\/ae01.alicdn.com\/kf\/S5feb7071a1d04f4688e38b98292cb26dL.jpg\" \/><br \/>\n<img decoding=\"async\" loading=\"lazy\" class=\"detail-desc-decorate-image\" src=\"https:\/\/ae01.alicdn.com\/kf\/S075affcbe003456c9559641bbfa5dce62.jpg\" \/><br \/>\n<img decoding=\"async\" loading=\"lazy\" class=\"detail-desc-decorate-image\" src=\"https:\/\/ae01.alicdn.com\/kf\/Sb982a02880f243549685a2885222c2bbA.jpg\" \/><br \/>\n<img decoding=\"async\" loading=\"lazy\" class=\"detail-desc-decorate-image\" src=\"https:\/\/ae01.alicdn.com\/kf\/Sdaee9e30d10846aea9508e71ee4d3143D.jpg\" \/><br \/>\n<img decoding=\"async\" loading=\"lazy\" class=\"detail-desc-decorate-image\" src=\"https:\/\/ae01.alicdn.com\/kf\/S6673c7a258544488906e15fe519d28fbC.jpg\" \/><br \/>\n<img decoding=\"async\" loading=\"lazy\" class=\"detail-desc-decorate-image\" src=\"https:\/\/ae01.alicdn.com\/kf\/Scab771e3b8d04560811c37effa575c28l.jpg\" \/><br \/>\n<img decoding=\"async\" loading=\"lazy\" class=\"detail-desc-decorate-image\" src=\"https:\/\/ae01.alicdn.com\/kf\/S9de6942b42cc459f9754a98748b7a5a3I.jpg\" \/><br \/>\n<img decoding=\"async\" loading=\"lazy\" class=\"detail-desc-decorate-image\" src=\"https:\/\/ae01.alicdn.com\/kf\/Sf1e8875ea29b428d92f7b18655401b07k.jpg\" \/><\/div>\n<div class=\"detailmodule_image\"><img decoding=\"async\" loading=\"lazy\" class=\"detail-desc-decorate-image\" src=\"https:\/\/ae01.alicdn.com\/kf\/S9a8ba1f205cb45b387362806d1946fbeq.jpg\" \/><br \/>\n<img decoding=\"async\" loading=\"lazy\" class=\"detail-desc-decorate-image\" src=\"https:\/\/ae01.alicdn.com\/kf\/S1fb11e74884c4d7f9b7a0dcd6eea522cV.jpg\" \/><\/div>\n<p>&nbsp;<\/p>\n<\/div>\n<\/div>","protected":false},"excerpt":{"rendered":"<p>&nbsp; Aussehen:\u00a0Box Form Kompatibler Akku:\u00a0Kein \u00dcberwachung Funktion Von Rauchen Anzahl:\u00a0Nein Silikon Fall:\u00a0Nein Temperaturregelung:\u00a0Nein Eingebaute Oder Externe Batterie:\u00a0Eingebaute Kurzschlussschutz Funktion:\u00a0Ja \u00dcberhitzungsschutz-funktion:\u00a0Ja Niederspannungsalarmfunktion:\u00a0Ja Zerst\u00e4uber Identifikation Funktion:\u00a0Ja TCR Einstellung Modi:\u00a0Nein Nominale Kapazit\u00e4t:\u00a01000mAh Material:\u00a0Metall Compatible Model:\u00a0Electronic Cigarette Vape Modellnummer:\u00a0Vaporesso ECO Nano Pod Kit Usb-ladeger\u00e4t:\u00a0Ja Firmware-upgrade:\u00a0Nein Display:\u00a0Nein Art:\u00a0Mit Batterie Markenname:\u00a0vaporesso Ursprung:\u00a0CN (Herkunft) Neue Farbe Vapor esso Eco Nano Pod Kit [&hellip;]<\/p>","protected":false},"featured_media":8732,"template":"","meta":{"inline_featured_image":false},"product_cat":[750,737,736,749,76],"product_tag":[],"tiered_pricing_type":"fixed","tiered_pricing_fixed_rules":[],"tiered_pricing_percentage_rules":[],"tiered_pricing_minimum":1,"_administrator_tiered_pricing_type":"fixed","_administrator_tiered_pricing_fixed_rules":[],"_editor_tiered_pricing_type":"fixed","_editor_tiered_pricing_fixed_rules":[],"_author_tiered_pricing_type":"fixed","_author_tiered_pricing_fixed_rules":[],"_contributor_tiered_pricing_type":"fixed","_contributor_tiered_pricing_fixed_rules":[],"_subscriber_tiered_pricing_type":"fixed","_subscriber_tiered_pricing_fixed_rules":[],"_customer_tiered_pricing_type":"fixed","_customer_tiered_pricing_fixed_rules":[],"_shop_manager_tiered_pricing_type":"fixed","_shop_manager_tiered_pricing_fixed_rules":[],"_wpseo_manager_tiered_pricing_type":"fixed","_wpseo_manager_tiered_pricing_fixed_rules":[],"_wpseo_editor_tiered_pricing_type":"fixed","_wpseo_editor_tiered_pricing_fixed_rules":[],"_wholesale_customer_tiered_pricing_type":"fixed","_wholesale_customer_tiered_pricing_fixed_rules":[],"_marketer_tiered_pricing_type":"fixed","_marketer_tiered_pricing_fixed_rules":[],"_sales_manager_tiered_pricing_type":"fixed","_sales_manager_tiered_pricing_fixed_rules":[],"_sales_rep_tiered_pricing_type":"fixed","_sales_rep_tiered_pricing_fixed_rules":[],"yoast_head":"<!-- This site is optimized with the Yoast SEO plugin v23.3 - https:\/\/yoast.com\/wordpress\/plugins\/seo\/ -->\n<title>Neue Farbe Vapor esso Eco Nano Pod Kit 1000mAh Batterie Vape 6ml leere Pod Patrone 0,8 Ohm Orex Heizung und Zigaretten verdampfer | ElementVape.de<\/title>\n<meta name=\"description\" content=\"Wir bieten Neue Farbe Vapor esso Eco Nano Pod Kit 1000mAh Batterie Vape 6ml leere Pod Patrone 0,8 Ohm Orex Heizung und Zigaretten verdampfer , Elementvape.de akzeptieren Gro\u00df-und Einzelhandel Bestellungen.\" \/>\n<meta name=\"robots\" content=\"index, follow, max-snippet:-1, max-image-preview:large, max-video-preview:-1\" \/>\n<link rel=\"canonical\" href=\"https:\/\/www.elementvape.de\/pl\/produkt\/neue-farbe-vapor-esso-eco-nano-pod-kit\/\" \/>\n<meta property=\"og:locale\" content=\"pl_PL\" \/>\n<meta property=\"og:type\" content=\"article\" \/>\n<meta property=\"og:title\" content=\"Neue Farbe Vapor esso Eco Nano Pod Kit 1000mAh Batterie Vape 6ml leere Pod Patrone 0,8 Ohm Orex Heizung und Zigaretten verdampfer | ElementVape.de\" \/>\n<meta property=\"og:description\" content=\"Wir bieten Neue Farbe Vapor esso Eco Nano Pod Kit 1000mAh Batterie Vape 6ml leere Pod Patrone 0,8 Ohm Orex Heizung und Zigaretten verdampfer , Elementvape.de akzeptieren Gro\u00df-und Einzelhandel Bestellungen.\" \/>\n<meta property=\"og:url\" content=\"https:\/\/www.elementvape.de\/pl\/produkt\/neue-farbe-vapor-esso-eco-nano-pod-kit\/\" \/>\n<meta property=\"og:site_name\" content=\"ElementVape.de\" \/>\n<meta property=\"article:modified_time\" content=\"2024-09-12T10:32:26+00:00\" \/>\n<meta property=\"og:image\" content=\"https:\/\/ae01.alicdn.com\/kf\/S5cbc940dfb5f495988d20bf0a9c6a650H\/Neue-Farbe-Vapor-esso-Eco-Nano-Pod-Kit-1000mAh-Batterie-Vape-6ml-leere-Pod-Patrone-0.jpg\" \/>\n\t<meta property=\"og:image:width\" content=\"800\" \/>\n\t<meta property=\"og:image:height\" content=\"800\" \/>\n\t<meta property=\"og:image:type\" content=\"image\/jpeg\" \/>\n<meta name=\"twitter:card\" content=\"summary_large_image\" \/>\n<meta name=\"twitter:label1\" content=\"Est. reading time\" \/>\n\t<meta name=\"twitter:data1\" content=\"5 minut\" \/>\n<script type=\"application\/ld+json\" class=\"yoast-schema-graph\">{\"@context\":\"https:\/\/schema.org\",\"@graph\":[{\"@type\":\"WebPage\",\"@id\":\"https:\/\/www.elementvape.de\/produkt\/neue-farbe-vapor-esso-eco-nano-pod-kit\/\",\"url\":\"https:\/\/www.elementvape.de\/produkt\/neue-farbe-vapor-esso-eco-nano-pod-kit\/\",\"name\":\"Neue Farbe Vapor esso Eco Nano Pod Kit 1000mAh Batterie Vape 6ml leere Pod Patrone 0,8 Ohm Orex Heizung und Zigaretten verdampfer | ElementVape.de\",\"isPartOf\":{\"@id\":\"https:\/\/www.elementvape.de\/#website\"},\"primaryImageOfPage\":{\"@id\":\"https:\/\/www.elementvape.de\/produkt\/neue-farbe-vapor-esso-eco-nano-pod-kit\/#primaryimage\"},\"image\":{\"@id\":\"https:\/\/www.elementvape.de\/produkt\/neue-farbe-vapor-esso-eco-nano-pod-kit\/#primaryimage\"},\"thumbnailUrl\":\"https:\/\/ae01.alicdn.com\/kf\/S5cbc940dfb5f495988d20bf0a9c6a650H\/Neue-Farbe-Vapor-esso-Eco-Nano-Pod-Kit-1000mAh-Batterie-Vape-6ml-leere-Pod-Patrone-0.jpg\",\"datePublished\":\"2024-04-20T06:54:30+00:00\",\"dateModified\":\"2024-09-12T10:32:26+00:00\",\"description\":\"Wir bieten Neue Farbe Vapor esso Eco Nano Pod Kit 1000mAh Batterie Vape 6ml leere Pod Patrone 0,8 Ohm Orex Heizung und Zigaretten verdampfer , Elementvape.de akzeptieren Gro\u00df-und Einzelhandel Bestellungen.\",\"breadcrumb\":{\"@id\":\"https:\/\/www.elementvape.de\/produkt\/neue-farbe-vapor-esso-eco-nano-pod-kit\/#breadcrumb\"},\"inLanguage\":\"pl-PL\",\"potentialAction\":[{\"@type\":\"ReadAction\",\"target\":[\"https:\/\/www.elementvape.de\/produkt\/neue-farbe-vapor-esso-eco-nano-pod-kit\/\"]}]},{\"@type\":\"ImageObject\",\"inLanguage\":\"pl-PL\",\"@id\":\"https:\/\/www.elementvape.de\/produkt\/neue-farbe-vapor-esso-eco-nano-pod-kit\/#primaryimage\",\"url\":\"https:\/\/ae01.alicdn.com\/kf\/S5cbc940dfb5f495988d20bf0a9c6a650H\/Neue-Farbe-Vapor-esso-Eco-Nano-Pod-Kit-1000mAh-Batterie-Vape-6ml-leere-Pod-Patrone-0.jpg\",\"contentUrl\":\"https:\/\/ae01.alicdn.com\/kf\/S5cbc940dfb5f495988d20bf0a9c6a650H\/Neue-Farbe-Vapor-esso-Eco-Nano-Pod-Kit-1000mAh-Batterie-Vape-6ml-leere-Pod-Patrone-0.jpg\",\"width\":800,\"height\":800},{\"@type\":\"BreadcrumbList\",\"@id\":\"https:\/\/www.elementvape.de\/produkt\/neue-farbe-vapor-esso-eco-nano-pod-kit\/#breadcrumb\",\"itemListElement\":[{\"@type\":\"ListItem\",\"position\":1,\"name\":\"Home\",\"item\":\"https:\/\/www.elementvape.de\/\"},{\"@type\":\"ListItem\",\"position\":2,\"name\":\"Shop\",\"item\":\"https:\/\/www.elementvape.de\/shop\/\"},{\"@type\":\"ListItem\",\"position\":3,\"name\":\"Neue Farbe Vapor esso Eco Nano Pod Kit 1000mAh Batterie Vape 6ml leere Pod Patrone 0,8 Ohm Orex Heizung und Zigaretten verdampfer\"}]},{\"@type\":\"WebSite\",\"@id\":\"https:\/\/www.elementvape.de\/#website\",\"url\":\"https:\/\/www.elementvape.de\/\",\"name\":\"ElementVape.de\",\"description\":\"\",\"publisher\":{\"@id\":\"https:\/\/www.elementvape.de\/#organization\"},\"potentialAction\":[{\"@type\":\"SearchAction\",\"target\":{\"@type\":\"EntryPoint\",\"urlTemplate\":\"https:\/\/www.elementvape.de\/?s={search_term_string}\"},\"query-input\":\"required name=search_term_string\"}],\"inLanguage\":\"pl-PL\"},{\"@type\":\"Organization\",\"@id\":\"https:\/\/www.elementvape.de\/#organization\",\"name\":\"ElementVape.DE\",\"url\":\"https:\/\/www.elementvape.de\/\",\"logo\":{\"@type\":\"ImageObject\",\"inLanguage\":\"pl-PL\",\"@id\":\"https:\/\/www.elementvape.de\/#\/schema\/logo\/image\/\",\"url\":\"https:\/\/www.elementvape.de\/wp-content\/uploads\/2024\/09\/cropped-1elementvape-3.png\",\"contentUrl\":\"https:\/\/www.elementvape.de\/wp-content\/uploads\/2024\/09\/cropped-1elementvape-3.png\",\"width\":285,\"height\":228,\"caption\":\"ElementVape.DE\"},\"image\":{\"@id\":\"https:\/\/www.elementvape.de\/#\/schema\/logo\/image\/\"}}]}<\/script>\n<!-- \/ Yoast SEO plugin. -->","yoast_head_json":{"title":"Neue Farbe Vapor esso Eco Nano Pod Kit 1000mAh Batterie Vape 6ml leere Pod Patrone 0,8 Ohm Orex Heizung und Zigaretten verdampfer | ElementVape.de","description":"Wir bieten Neue Farbe Vapor esso Eco Nano Pod Kit 1000mAh Batterie Vape 6ml leere Pod Patrone 0,8 Ohm Orex Heizung und Zigaretten verdampfer , Elementvape.de akzeptieren Gro\u00df-und Einzelhandel Bestellungen.","robots":{"index":"index","follow":"follow","max-snippet":"max-snippet:-1","max-image-preview":"max-image-preview:large","max-video-preview":"max-video-preview:-1"},"canonical":"https:\/\/www.elementvape.de\/pl\/produkt\/neue-farbe-vapor-esso-eco-nano-pod-kit\/","og_locale":"pl_PL","og_type":"article","og_title":"Neue Farbe Vapor esso Eco Nano Pod Kit 1000mAh Batterie Vape 6ml leere Pod Patrone 0,8 Ohm Orex Heizung und Zigaretten verdampfer | ElementVape.de","og_description":"Wir bieten Neue Farbe Vapor esso Eco Nano Pod Kit 1000mAh Batterie Vape 6ml leere Pod Patrone 0,8 Ohm Orex Heizung und Zigaretten verdampfer , Elementvape.de akzeptieren Gro\u00df-und Einzelhandel Bestellungen.","og_url":"https:\/\/www.elementvape.de\/pl\/produkt\/neue-farbe-vapor-esso-eco-nano-pod-kit\/","og_site_name":"ElementVape.de","article_modified_time":"2024-09-12T10:32:26+00:00","og_image":[{"width":800,"height":800,"url":"https:\/\/ae01.alicdn.com\/kf\/S5cbc940dfb5f495988d20bf0a9c6a650H\/Neue-Farbe-Vapor-esso-Eco-Nano-Pod-Kit-1000mAh-Batterie-Vape-6ml-leere-Pod-Patrone-0.jpg","type":"image\/jpeg"}],"twitter_card":"summary_large_image","twitter_misc":{"Est. reading time":"5 minut"},"schema":{"@context":"https:\/\/schema.org","@graph":[{"@type":"WebPage","@id":"https:\/\/www.elementvape.de\/produkt\/neue-farbe-vapor-esso-eco-nano-pod-kit\/","url":"https:\/\/www.elementvape.de\/produkt\/neue-farbe-vapor-esso-eco-nano-pod-kit\/","name":"Neue Farbe Vapor esso Eco Nano Pod Kit 1000mAh Batterie Vape 6ml leere Pod Patrone 0,8 Ohm Orex Heizung und Zigaretten verdampfer | ElementVape.de","isPartOf":{"@id":"https:\/\/www.elementvape.de\/#website"},"primaryImageOfPage":{"@id":"https:\/\/www.elementvape.de\/produkt\/neue-farbe-vapor-esso-eco-nano-pod-kit\/#primaryimage"},"image":{"@id":"https:\/\/www.elementvape.de\/produkt\/neue-farbe-vapor-esso-eco-nano-pod-kit\/#primaryimage"},"thumbnailUrl":"https:\/\/ae01.alicdn.com\/kf\/S5cbc940dfb5f495988d20bf0a9c6a650H\/Neue-Farbe-Vapor-esso-Eco-Nano-Pod-Kit-1000mAh-Batterie-Vape-6ml-leere-Pod-Patrone-0.jpg","datePublished":"2024-04-20T06:54:30+00:00","dateModified":"2024-09-12T10:32:26+00:00","description":"Wir bieten Neue Farbe Vapor esso Eco Nano Pod Kit 1000mAh Batterie Vape 6ml leere Pod Patrone 0,8 Ohm Orex Heizung und Zigaretten verdampfer , Elementvape.de akzeptieren Gro\u00df-und Einzelhandel Bestellungen.","breadcrumb":{"@id":"https:\/\/www.elementvape.de\/produkt\/neue-farbe-vapor-esso-eco-nano-pod-kit\/#breadcrumb"},"inLanguage":"pl-PL","potentialAction":[{"@type":"ReadAction","target":["https:\/\/www.elementvape.de\/produkt\/neue-farbe-vapor-esso-eco-nano-pod-kit\/"]}]},{"@type":"ImageObject","inLanguage":"pl-PL","@id":"https:\/\/www.elementvape.de\/produkt\/neue-farbe-vapor-esso-eco-nano-pod-kit\/#primaryimage","url":"https:\/\/ae01.alicdn.com\/kf\/S5cbc940dfb5f495988d20bf0a9c6a650H\/Neue-Farbe-Vapor-esso-Eco-Nano-Pod-Kit-1000mAh-Batterie-Vape-6ml-leere-Pod-Patrone-0.jpg","contentUrl":"https:\/\/ae01.alicdn.com\/kf\/S5cbc940dfb5f495988d20bf0a9c6a650H\/Neue-Farbe-Vapor-esso-Eco-Nano-Pod-Kit-1000mAh-Batterie-Vape-6ml-leere-Pod-Patrone-0.jpg","width":800,"height":800},{"@type":"BreadcrumbList","@id":"https:\/\/www.elementvape.de\/produkt\/neue-farbe-vapor-esso-eco-nano-pod-kit\/#breadcrumb","itemListElement":[{"@type":"ListItem","position":1,"name":"Home","item":"https:\/\/www.elementvape.de\/"},{"@type":"ListItem","position":2,"name":"Shop","item":"https:\/\/www.elementvape.de\/shop\/"},{"@type":"ListItem","position":3,"name":"Neue Farbe Vapor esso Eco Nano Pod Kit 1000mAh Batterie Vape 6ml leere Pod Patrone 0,8 Ohm Orex Heizung und Zigaretten verdampfer"}]},{"@type":"WebSite","@id":"https:\/\/www.elementvape.de\/#website","url":"https:\/\/www.elementvape.de\/","name":"ElementVape.de","description":"","publisher":{"@id":"https:\/\/www.elementvape.de\/#organization"},"potentialAction":[{"@type":"SearchAction","target":{"@type":"EntryPoint","urlTemplate":"https:\/\/www.elementvape.de\/?s={search_term_string}"},"query-input":"required name=search_term_string"}],"inLanguage":"pl-PL"},{"@type":"Organization","@id":"https:\/\/www.elementvape.de\/#organization","name":"ElementVape.DE","url":"https:\/\/www.elementvape.de\/","logo":{"@type":"ImageObject","inLanguage":"pl-PL","@id":"https:\/\/www.elementvape.de\/#\/schema\/logo\/image\/","url":"https:\/\/www.elementvape.de\/wp-content\/uploads\/2024\/09\/cropped-1elementvape-3.png","contentUrl":"https:\/\/www.elementvape.de\/wp-content\/uploads\/2024\/09\/cropped-1elementvape-3.png","width":285,"height":228,"caption":"ElementVape.DE"},"image":{"@id":"https:\/\/www.elementvape.de\/#\/schema\/logo\/image\/"}}]}},"_links":{"self":[{"href":"https:\/\/www.elementvape.de\/pl\/wp-json\/wp\/v2\/product\/8730"}],"collection":[{"href":"https:\/\/www.elementvape.de\/pl\/wp-json\/wp\/v2\/product"}],"about":[{"href":"https:\/\/www.elementvape.de\/pl\/wp-json\/wp\/v2\/types\/product"}],"wp:featuredmedia":[{"embeddable":true,"href":"https:\/\/www.elementvape.de\/pl\/wp-json\/wp\/v2\/media\/8732"}],"wp:attachment":[{"href":"https:\/\/www.elementvape.de\/pl\/wp-json\/wp\/v2\/media?parent=8730"}],"wp:term":[{"taxonomy":"product_cat","embeddable":true,"href":"https:\/\/www.elementvape.de\/pl\/wp-json\/wp\/v2\/product_cat?post=8730"},{"taxonomy":"product_tag","embeddable":true,"href":"https:\/\/www.elementvape.de\/pl\/wp-json\/wp\/v2\/product_tag?post=8730"}],"curies":[{"name":"wp","href":"https:\/\/api.w.org\/{rel}","templated":true}]}}