{"id":8671,"date":"2024-04-20T06:46:36","date_gmt":"2024-04-20T06:46:36","guid":{"rendered":"https:\/\/www.elementvape.de\/?post_type=product&#038;p=8671"},"modified":"2024-09-12T10:32:30","modified_gmt":"2024-09-12T10:32:30","slug":"vapor-esso-vape-xros-3-mini-kit-1000mah-mit-2ml","status":"publish","type":"product","link":"https:\/\/www.elementvape.de\/pl\/produkt\/vapor-esso-vape-xros-3-mini-kit-1000mah-mit-2ml\/","title":{"rendered":"Vapor esso vape xros 3 mini kit 1000mah z 2ml 0,6 ohm xros pod cartridge mtl do rdl elektroniczny waporyzator do papieros\u00f3w"},"content":{"rendered":"<p>&nbsp;<\/p>\n<div class=\"product-specs-list-container\">\n<ul class=\"product-specs-list util-clearfix\">\n<li class=\"product-prop line-limit-length\"><span class=\"property-title\">Wygl\u0105d:\u00a0<\/span><span class=\"property-desc line-limit-length\">Kszta\u0142t pude\u0142ka<\/span><\/li>\n<li class=\"product-prop line-limit-length\"><span class=\"property-title\">Regulacja temperatury:\u00a0<\/span><span class=\"property-desc line-limit-length\">Ja<\/span><\/li>\n<li class=\"product-prop line-limit-length\"><span class=\"property-title\">Wbudowany lub zewn\u0119trzny akumulator:\u00a0<\/span><span class=\"property-desc line-limit-length\">Wbudowany<\/span><\/li>\n<li class=\"product-prop line-limit-length\"><span class=\"property-title\">Funkcja ochrony przed zwarciem:\u00a0<\/span><span class=\"property-desc line-limit-length\">Ja<\/span><\/li>\n<li class=\"product-prop line-limit-length\"><span class=\"property-title\">Funkcja ochrony przed przegrzaniem:\u00a0<\/span><span class=\"property-desc line-limit-length\">Ja<\/span><\/li>\n<li class=\"product-prop line-limit-length\"><span class=\"property-title\">Funkcja alarmu niskiego napi\u0119cia:\u00a0<\/span><span class=\"property-desc line-limit-length\">Ja<\/span><\/li>\n<li class=\"product-prop line-limit-length\"><span class=\"property-title\">Funkcja identyfikacji atomizera:\u00a0<\/span><span class=\"property-desc line-limit-length\">Ja<\/span><\/li>\n<li class=\"product-prop line-limit-length\"><span class=\"property-title\">Nominalna pojemno\u015b\u0107:\u00a0<\/span><span class=\"property-desc line-limit-length\">1000mAh<\/span><\/li>\n<li class=\"product-prop line-limit-length\"><span class=\"property-title\">Materia\u0142:\u00a0<\/span><span class=\"property-desc line-limit-length\">Metal<\/span><\/li>\n<li class=\"product-prop line-limit-length\"><span class=\"property-title\">Kompatybilny model:\u00a0<\/span><span class=\"property-desc line-limit-length\">Pasuje do wszystkich XROS Pod<\/span><\/li>\n<li class=\"product-prop line-limit-length\"><span class=\"property-title\">Numer modelu:\u00a0<\/span><span class=\"property-desc line-limit-length\">Vaporesso XROS 3 Mini Zestaw<\/span><\/li>\n<li class=\"product-prop line-limit-length\"><span class=\"property-title\">\u0141adowarka USB:\u00a0<\/span><span class=\"property-desc line-limit-length\">Ja<\/span><\/li>\n<li class=\"product-prop line-limit-length\"><span class=\"property-title\">Aktualizacja oprogramowania:\u00a0<\/span><span class=\"property-desc line-limit-length\">Ja<\/span><\/li>\n<li class=\"product-prop line-limit-length\"><span class=\"property-title\">Wy\u015bwietlacz:\u00a0<\/span><span class=\"property-desc line-limit-length\">Nie<\/span><\/li>\n<li class=\"product-prop line-limit-length\"><span class=\"property-title\">Typ:\u00a0<\/span><span class=\"property-desc line-limit-length\">Z bateri\u0105<\/span><\/li>\n<li class=\"product-prop line-limit-length\"><span class=\"property-title\">Nazwa marki:\u00a0<\/span><span class=\"property-desc line-limit-length\">vaporesso<\/span><\/li>\n<li class=\"product-prop line-limit-length\"><span class=\"property-title\">Pochodzenie:\u00a0<\/span><span class=\"property-desc line-limit-length\">CN (pochodzenie)<\/span><\/li>\n<\/ul>\n<\/div>\n<div class=\"detailmodule_html\">\n<div class=\"detail-desc-decorate-richtext\">\n<div class=\"detailmodule_text\">\n<p class=\"detail-desc-decorate-title\" style=\"font-family: OpenSans; font-size: 20px; font-weight: 900; line-height: 28px; margin-bottom: 12px;\">Vapor esso vape xros 3 mini kit 1000mah z 2ml 0,6 ohm xros pod cartridge mtl do rdl elektroniczny waporyzator do papieros\u00f3w<\/p>\n<\/div>\n<div class=\"detailmodule_text\">\n<p class=\"detail-desc-decorate-title\" style=\"font-family: OpenSans; font-size: 20px; font-weight: 900; line-height: 28px; margin-bottom: 12px;\">Vapor esso xros 3 mini zestaw kr\u00f3tki opis:<\/p>\n<p class=\"detail-desc-decorate-content\" style=\"font-family: OpenSans; font-size: 14px; font-weight: 300; line-height: 20px; margin-bottom: 12px;\">Xros 3 mini zestaw to nowy system pod MTL w rodzinie xros, kt\u00f3ry mo\u017ce zapewni\u0107 do\u015bwiadczenie RDL. Zasilany jest wbudowanym akumulatorem 1000mAh, aby zapewni\u0107 48 godzin palenia z jednym \u0142adowaniem. Zaprojektowany z wy\u015bwietlaczem baterii, mo\u017ce wyra\u017anie pokaza\u0107 dane dotycz\u0105ce palenia. Dzi\u0119ki innowacyjnej technologii grzewczej Corex, stosuj\u0105cej unikaln\u0105 struktur\u0119 Morph-Mesh i bawe\u0142n\u0119 Corex, zapewnia lepsze podgrzewanie, poprawia wydajno\u015b\u0107 parowania i wyd\u0142u\u017ca \u017cywotno\u015b\u0107 wk\u0142ad\u00f3w. Xros 3 mini ma r\u00f3wnie\u017c ulepszon\u0105 ko\u0144c\u00f3wk\u0119 ustnika, kt\u00f3ra idealnie pasuje do Twoich ust i zapewnia dok\u0142adniejsze do\u015bwiadczenie MTL. Ponadto jest wyposa\u017cony w nowy pod 0,6\u03a9 i jest kompatybilny z innymi podami xros. Posiada pojemno\u015b\u0107 2 ml, prosty system nape\u0142niania od g\u00f3ry oraz technologi\u0119 zapobiegaj\u0105c\u0105 wyciekom sss. Zaprojektowany z gradientowym i diamentowym wyko\u0144czeniem, tworzy niesamowite wizualne dzie\u0142o \u015bwiat\u0142a i cienia. Po prostu go zdob\u0105d\u017a.<\/p>\n<\/div>\n<div class=\"detailmodule_text\">\n<p class=\"detail-desc-decorate-title\" style=\"font-family: OpenSans; font-size: 20px; font-weight: 900; line-height: 28px; margin-bottom: 12px;\">Parametry systemu pod Vapor esso xros 3 mini:<\/p>\n<p class=\"detail-desc-decorate-content\" style=\"font-family: OpenSans; font-size: 14px; font-weight: 300; line-height: 20px; margin-bottom: 12px;\">Marka: vapor esso<br \/>\nNazwa produktu: xros 3 mini zestaw<br \/>\nWymiary: 99,2*23,6*13,8 mm<br \/>\nBateria: wbudowana bateria 1000mAh<br \/>\n\u0141adowanie: 5V\/1A, Typ-C<br \/>\nPojemno\u015b\u0107 podu: 2 ml<br \/>\nNape\u0142nianie: g\u00f3rne nape\u0142nianie<br \/>\nPasuje do: wszystkich pod\u00f3w xros<br \/>\nKolor: czarny, Space Grey, Marine Blue, R\u00f3\u017cowy R\u00f3\u017ca, Niebieski Niebo, Rzeka L\u00f3d, Phantom Green, Phantom Gold<\/p>\n<\/div>\n<div class=\"detailmodule_text\">\n<p class=\"detail-desc-decorate-title\" style=\"font-family: OpenSans; font-size: 20px; font-weight: 900; line-height: 28px; margin-bottom: 12px;\">Szczeg\u00f3\u0142y vapor esso xros 3 mini:<\/p>\n<p class=\"detail-desc-decorate-content\" style=\"font-family: OpenSans; font-size: 14px; font-weight: 300; line-height: 20px; margin-bottom: 12px;\">1. wbudowana bateria 1000mAh z \u0142adowaniem typu-C<br \/>\n2. neonowy wska\u017anik baterii do wy\u015bwietlania danych vapingowych<br \/>\n3. technologia grzewcza corex z struktur\u0105 morph-mesh<br \/>\n4. pojemno\u015b\u0107 e-sosu 2ml i prosty system nape\u0142niania od g\u00f3ry<br \/>\n5. odporno\u015b\u0107 na wycieki dzi\u0119ki zastosowaniu SSS<br \/>\n6. kompatybilny ze wszystkimi podami Xros<br \/>\n7. ulepszone ustnik, aby idealnie pasowa\u0142 do ust<br \/>\n8. technologia precyzyjnego grawerowania tekstur<\/p>\n<\/div>\n<div class=\"detailmodule_text\">\n<p class=\"detail-desc-decorate-title\" style=\"font-family: OpenSans; font-size: 20px; font-weight: 900; line-height: 28px; margin-bottom: 12px;\">Pakiet startera Xros 3 mini zawiera:<\/p>\n<p class=\"detail-desc-decorate-content\" style=\"font-family: OpenSans; font-size: 14px; font-weight: 300; line-height: 20px; margin-bottom: 12px;\">1 * bateria Vapor Esso Xros 3 mini<br \/>\n1 * pod Mesh Xros 3 0,6\u03a9<br \/>\n1 * Kabel \u0142adowania Typ-C<br \/>\n1 * karta przypomnienia<br \/>\n1 * instrukcja obs\u0142ugi i karta gwarancyjna<\/p>\n<\/div>\n<div class=\"detailmodule_image\"><img decoding=\"async\" loading=\"lazy\" class=\"detail-desc-decorate-image\" src=\"https:\/\/ae01.alicdn.com\/kf\/S666ebf6f51c54ea5bb010d5b14812648x.jpg\" \/><img decoding=\"async\" loading=\"lazy\" class=\"detail-desc-decorate-image\" src=\"https:\/\/ae01.alicdn.com\/kf\/Saadbddea01344b0a9a39e33631e777893.jpg\" \/><img decoding=\"async\" loading=\"lazy\" class=\"detail-desc-decorate-image\" src=\"https:\/\/ae01.alicdn.com\/kf\/Sb035170751b740bf960a3495d7d6f517H.jpg\" \/><img decoding=\"async\" loading=\"lazy\" class=\"detail-desc-decorate-image\" src=\"https:\/\/ae01.alicdn.com\/kf\/S739c5d3e7f27412b80a79102d84ad9f01.jpg\" \/><img decoding=\"async\" loading=\"lazy\" class=\"detail-desc-decorate-image\" src=\"https:\/\/ae01.alicdn.com\/kf\/S40d26b0d9b474c7da4a93a2e151acc10W.jpg\" \/><img decoding=\"async\" loading=\"lazy\" class=\"detail-desc-decorate-image\" src=\"https:\/\/ae01.alicdn.com\/kf\/Sfa47e0deb9554813a19cd0cc29f43f4fR.jpg\" \/><img decoding=\"async\" loading=\"lazy\" class=\"detail-desc-decorate-image\" src=\"https:\/\/ae01.alicdn.com\/kf\/Sdb03d2681e4d4ee1ab6bd8c8bb639b0bI.jpg\" \/><img decoding=\"async\" loading=\"lazy\" class=\"detail-desc-decorate-image\" src=\"https:\/\/ae01.alicdn.com\/kf\/Sa1d6208007a045c6a57007b2be996295E.jpg\" \/><img decoding=\"async\" loading=\"lazy\" class=\"detail-desc-decorate-image\" src=\"https:\/\/ae01.alicdn.com\/kf\/Se82f53c164f74d478799e650ed7314d7A.jpg\" \/><\/div>\n<p>&nbsp;<\/p>\n<\/div>\n<\/div>","protected":false},"excerpt":{"rendered":"<p>&nbsp; Aussehen:\u00a0Box Form Temperaturregelung:\u00a0Ja Eingebaute Oder Externe Batterie:\u00a0Eingebaute Kurzschlussschutz Funktion:\u00a0Ja \u00dcberhitzungsschutz-funktion:\u00a0Ja Niederspannungsalarmfunktion:\u00a0Ja Zerst\u00e4uber Identifikation Funktion:\u00a0Ja Nominale Kapazit\u00e4t:\u00a01000mAh Material:\u00a0Metall Compatible Model:\u00a0Fit for all XROS Pod Modellnummer:\u00a0Vaporesso XROS 3 Mini Kit Usb-ladeger\u00e4t:\u00a0Ja Firmware-upgrade:\u00a0Ja Display:\u00a0Nein Art:\u00a0Mit Batterie Markenname:\u00a0vaporesso Ursprung:\u00a0CN (Herkunft) Original vapor esso xros 3 mini kit 1000mah vape mit 2ml 0,6 ohm xros pod patrone mtl zu [&hellip;]<\/p>","protected":false},"featured_media":8673,"template":"","meta":{"inline_featured_image":false},"product_cat":[750,737,736,749,76],"product_tag":[],"tiered_pricing_type":"fixed","tiered_pricing_fixed_rules":[],"tiered_pricing_percentage_rules":[],"tiered_pricing_minimum":1,"_administrator_tiered_pricing_type":"fixed","_administrator_tiered_pricing_fixed_rules":[],"_editor_tiered_pricing_type":"fixed","_editor_tiered_pricing_fixed_rules":[],"_author_tiered_pricing_type":"fixed","_author_tiered_pricing_fixed_rules":[],"_contributor_tiered_pricing_type":"fixed","_contributor_tiered_pricing_fixed_rules":[],"_subscriber_tiered_pricing_type":"fixed","_subscriber_tiered_pricing_fixed_rules":[],"_customer_tiered_pricing_type":"fixed","_customer_tiered_pricing_fixed_rules":[],"_shop_manager_tiered_pricing_type":"fixed","_shop_manager_tiered_pricing_fixed_rules":[],"_wpseo_manager_tiered_pricing_type":"fixed","_wpseo_manager_tiered_pricing_fixed_rules":[],"_wpseo_editor_tiered_pricing_type":"fixed","_wpseo_editor_tiered_pricing_fixed_rules":[],"_wholesale_customer_tiered_pricing_type":"fixed","_wholesale_customer_tiered_pricing_fixed_rules":[],"_marketer_tiered_pricing_type":"fixed","_marketer_tiered_pricing_fixed_rules":[],"_sales_manager_tiered_pricing_type":"fixed","_sales_manager_tiered_pricing_fixed_rules":[],"_sales_rep_tiered_pricing_type":"fixed","_sales_rep_tiered_pricing_fixed_rules":[],"yoast_head":"<!-- This site is optimized with the Yoast SEO plugin v23.3 - https:\/\/yoast.com\/wordpress\/plugins\/seo\/ -->\n<title>Vapor esso vape xros 3 mini kit 1000mah mit 2ml 0,6 ohm xros pod patrone mtl zu rdl elektronischer zigaretten verdampfer | ElementVape.de<\/title>\n<meta name=\"description\" content=\"Wir bieten Vapor esso vape xros 3 mini kit 1000mah mit 2ml 0,6 ohm xros pod patrone mtl zu rdl elektronischer zigaretten verdampfer , Elementvape.de akzeptieren Gro\u00df-und Einzelhandel Bestellungen.\" \/>\n<meta name=\"robots\" content=\"index, follow, max-snippet:-1, max-image-preview:large, max-video-preview:-1\" \/>\n<link rel=\"canonical\" href=\"https:\/\/www.elementvape.de\/pl\/produkt\/vapor-esso-vape-xros-3-mini-kit-1000mah-mit-2ml\/\" \/>\n<meta property=\"og:locale\" content=\"pl_PL\" \/>\n<meta property=\"og:type\" content=\"article\" \/>\n<meta property=\"og:title\" content=\"Vapor esso vape xros 3 mini kit 1000mah mit 2ml 0,6 ohm xros pod patrone mtl zu rdl elektronischer zigaretten verdampfer | ElementVape.de\" \/>\n<meta property=\"og:description\" content=\"Wir bieten Vapor esso vape xros 3 mini kit 1000mah mit 2ml 0,6 ohm xros pod patrone mtl zu rdl elektronischer zigaretten verdampfer , Elementvape.de akzeptieren Gro\u00df-und Einzelhandel Bestellungen.\" \/>\n<meta property=\"og:url\" content=\"https:\/\/www.elementvape.de\/pl\/produkt\/vapor-esso-vape-xros-3-mini-kit-1000mah-mit-2ml\/\" \/>\n<meta property=\"og:site_name\" content=\"ElementVape.de\" \/>\n<meta property=\"article:modified_time\" content=\"2024-09-12T10:32:30+00:00\" \/>\n<meta property=\"og:image\" content=\"https:\/\/ae01.alicdn.com\/kf\/Sc7ff1dc0a66943b3a0ba075ae25c558bV\/Original-vapor-esso-vape-xros-3-mini-kit-1000mah-mit-2ml-0-6-ohm-xros-pod.jpg\" \/>\n\t<meta property=\"og:image:width\" content=\"800\" \/>\n\t<meta property=\"og:image:height\" content=\"800\" \/>\n\t<meta property=\"og:image:type\" content=\"image\/jpeg\" \/>\n<meta name=\"twitter:card\" content=\"summary_large_image\" \/>\n<meta name=\"twitter:label1\" content=\"Est. reading time\" \/>\n\t<meta name=\"twitter:data1\" content=\"5 minut\" \/>\n<script type=\"application\/ld+json\" class=\"yoast-schema-graph\">{\"@context\":\"https:\/\/schema.org\",\"@graph\":[{\"@type\":\"WebPage\",\"@id\":\"https:\/\/www.elementvape.de\/fi\/produkt\/vapor-esso-vape-xros-3-mini-kit-1000mah-mit-2ml\/\",\"url\":\"https:\/\/www.elementvape.de\/fi\/produkt\/vapor-esso-vape-xros-3-mini-kit-1000mah-mit-2ml\/\",\"name\":\"Vapor esso vape xros 3 mini kit 1000mah mit 2ml 0,6 ohm xros pod patrone mtl zu rdl elektronischer zigaretten verdampfer | ElementVape.de\",\"isPartOf\":{\"@id\":\"https:\/\/www.elementvape.de\/#website\"},\"primaryImageOfPage\":{\"@id\":\"https:\/\/www.elementvape.de\/fi\/produkt\/vapor-esso-vape-xros-3-mini-kit-1000mah-mit-2ml\/#primaryimage\"},\"image\":{\"@id\":\"https:\/\/www.elementvape.de\/fi\/produkt\/vapor-esso-vape-xros-3-mini-kit-1000mah-mit-2ml\/#primaryimage\"},\"thumbnailUrl\":\"https:\/\/ae01.alicdn.com\/kf\/Sc7ff1dc0a66943b3a0ba075ae25c558bV\/Original-vapor-esso-vape-xros-3-mini-kit-1000mah-mit-2ml-0-6-ohm-xros-pod.jpg\",\"datePublished\":\"2024-04-20T06:46:36+00:00\",\"dateModified\":\"2024-09-12T10:32:30+00:00\",\"description\":\"Wir bieten Vapor esso vape xros 3 mini kit 1000mah mit 2ml 0,6 ohm xros pod patrone mtl zu rdl elektronischer zigaretten verdampfer , Elementvape.de akzeptieren Gro\u00df-und Einzelhandel Bestellungen.\",\"breadcrumb\":{\"@id\":\"https:\/\/www.elementvape.de\/fi\/produkt\/vapor-esso-vape-xros-3-mini-kit-1000mah-mit-2ml\/#breadcrumb\"},\"inLanguage\":\"pl-PL\",\"potentialAction\":[{\"@type\":\"ReadAction\",\"target\":[\"https:\/\/www.elementvape.de\/fi\/produkt\/vapor-esso-vape-xros-3-mini-kit-1000mah-mit-2ml\/\"]}]},{\"@type\":\"ImageObject\",\"inLanguage\":\"pl-PL\",\"@id\":\"https:\/\/www.elementvape.de\/fi\/produkt\/vapor-esso-vape-xros-3-mini-kit-1000mah-mit-2ml\/#primaryimage\",\"url\":\"https:\/\/ae01.alicdn.com\/kf\/Sc7ff1dc0a66943b3a0ba075ae25c558bV\/Original-vapor-esso-vape-xros-3-mini-kit-1000mah-mit-2ml-0-6-ohm-xros-pod.jpg\",\"contentUrl\":\"https:\/\/ae01.alicdn.com\/kf\/Sc7ff1dc0a66943b3a0ba075ae25c558bV\/Original-vapor-esso-vape-xros-3-mini-kit-1000mah-mit-2ml-0-6-ohm-xros-pod.jpg\",\"width\":800,\"height\":800},{\"@type\":\"BreadcrumbList\",\"@id\":\"https:\/\/www.elementvape.de\/fi\/produkt\/vapor-esso-vape-xros-3-mini-kit-1000mah-mit-2ml\/#breadcrumb\",\"itemListElement\":[{\"@type\":\"ListItem\",\"position\":1,\"name\":\"Home\",\"item\":\"https:\/\/www.elementvape.de\/\"},{\"@type\":\"ListItem\",\"position\":2,\"name\":\"Shop\",\"item\":\"https:\/\/www.elementvape.de\/shop\/\"},{\"@type\":\"ListItem\",\"position\":3,\"name\":\"Vapor esso vape xros 3 mini kit 1000mah mit 2ml 0,6 ohm xros pod patrone mtl zu rdl elektronischer zigaretten verdampfer\"}]},{\"@type\":\"WebSite\",\"@id\":\"https:\/\/www.elementvape.de\/#website\",\"url\":\"https:\/\/www.elementvape.de\/\",\"name\":\"ElementVape.de\",\"description\":\"\",\"publisher\":{\"@id\":\"https:\/\/www.elementvape.de\/#organization\"},\"potentialAction\":[{\"@type\":\"SearchAction\",\"target\":{\"@type\":\"EntryPoint\",\"urlTemplate\":\"https:\/\/www.elementvape.de\/?s={search_term_string}\"},\"query-input\":\"required name=search_term_string\"}],\"inLanguage\":\"pl-PL\"},{\"@type\":\"Organization\",\"@id\":\"https:\/\/www.elementvape.de\/#organization\",\"name\":\"ElementVape.DE\",\"url\":\"https:\/\/www.elementvape.de\/\",\"logo\":{\"@type\":\"ImageObject\",\"inLanguage\":\"pl-PL\",\"@id\":\"https:\/\/www.elementvape.de\/#\/schema\/logo\/image\/\",\"url\":\"https:\/\/www.elementvape.de\/wp-content\/uploads\/2024\/09\/cropped-1elementvape-3.png\",\"contentUrl\":\"https:\/\/www.elementvape.de\/wp-content\/uploads\/2024\/09\/cropped-1elementvape-3.png\",\"width\":285,\"height\":228,\"caption\":\"ElementVape.DE\"},\"image\":{\"@id\":\"https:\/\/www.elementvape.de\/#\/schema\/logo\/image\/\"}}]}<\/script>\n<!-- \/ Yoast SEO plugin. -->","yoast_head_json":{"title":"Vapor esso vape xros 3 mini kit 1000mah mit 2ml 0,6 ohm xros pod patrone mtl zu rdl elektronischer zigaretten verdampfer | ElementVape.de","description":"Wir bieten Vapor esso vape xros 3 mini kit 1000mah mit 2ml 0,6 ohm xros pod patrone mtl zu rdl elektronischer zigaretten verdampfer , Elementvape.de akzeptieren Gro\u00df-und Einzelhandel Bestellungen.","robots":{"index":"index","follow":"follow","max-snippet":"max-snippet:-1","max-image-preview":"max-image-preview:large","max-video-preview":"max-video-preview:-1"},"canonical":"https:\/\/www.elementvape.de\/pl\/produkt\/vapor-esso-vape-xros-3-mini-kit-1000mah-mit-2ml\/","og_locale":"pl_PL","og_type":"article","og_title":"Vapor esso vape xros 3 mini kit 1000mah mit 2ml 0,6 ohm xros pod patrone mtl zu rdl elektronischer zigaretten verdampfer | ElementVape.de","og_description":"Wir bieten Vapor esso vape xros 3 mini kit 1000mah mit 2ml 0,6 ohm xros pod patrone mtl zu rdl elektronischer zigaretten verdampfer , Elementvape.de akzeptieren Gro\u00df-und Einzelhandel Bestellungen.","og_url":"https:\/\/www.elementvape.de\/pl\/produkt\/vapor-esso-vape-xros-3-mini-kit-1000mah-mit-2ml\/","og_site_name":"ElementVape.de","article_modified_time":"2024-09-12T10:32:30+00:00","og_image":[{"width":800,"height":800,"url":"https:\/\/ae01.alicdn.com\/kf\/Sc7ff1dc0a66943b3a0ba075ae25c558bV\/Original-vapor-esso-vape-xros-3-mini-kit-1000mah-mit-2ml-0-6-ohm-xros-pod.jpg","type":"image\/jpeg"}],"twitter_card":"summary_large_image","twitter_misc":{"Est. reading time":"5 minut"},"schema":{"@context":"https:\/\/schema.org","@graph":[{"@type":"WebPage","@id":"https:\/\/www.elementvape.de\/fi\/produkt\/vapor-esso-vape-xros-3-mini-kit-1000mah-mit-2ml\/","url":"https:\/\/www.elementvape.de\/fi\/produkt\/vapor-esso-vape-xros-3-mini-kit-1000mah-mit-2ml\/","name":"Vapor esso vape xros 3 mini kit 1000mah mit 2ml 0,6 ohm xros pod patrone mtl zu rdl elektronischer zigaretten verdampfer | ElementVape.de","isPartOf":{"@id":"https:\/\/www.elementvape.de\/#website"},"primaryImageOfPage":{"@id":"https:\/\/www.elementvape.de\/fi\/produkt\/vapor-esso-vape-xros-3-mini-kit-1000mah-mit-2ml\/#primaryimage"},"image":{"@id":"https:\/\/www.elementvape.de\/fi\/produkt\/vapor-esso-vape-xros-3-mini-kit-1000mah-mit-2ml\/#primaryimage"},"thumbnailUrl":"https:\/\/ae01.alicdn.com\/kf\/Sc7ff1dc0a66943b3a0ba075ae25c558bV\/Original-vapor-esso-vape-xros-3-mini-kit-1000mah-mit-2ml-0-6-ohm-xros-pod.jpg","datePublished":"2024-04-20T06:46:36+00:00","dateModified":"2024-09-12T10:32:30+00:00","description":"Wir bieten Vapor esso vape xros 3 mini kit 1000mah mit 2ml 0,6 ohm xros pod patrone mtl zu rdl elektronischer zigaretten verdampfer , Elementvape.de akzeptieren Gro\u00df-und Einzelhandel Bestellungen.","breadcrumb":{"@id":"https:\/\/www.elementvape.de\/fi\/produkt\/vapor-esso-vape-xros-3-mini-kit-1000mah-mit-2ml\/#breadcrumb"},"inLanguage":"pl-PL","potentialAction":[{"@type":"ReadAction","target":["https:\/\/www.elementvape.de\/fi\/produkt\/vapor-esso-vape-xros-3-mini-kit-1000mah-mit-2ml\/"]}]},{"@type":"ImageObject","inLanguage":"pl-PL","@id":"https:\/\/www.elementvape.de\/fi\/produkt\/vapor-esso-vape-xros-3-mini-kit-1000mah-mit-2ml\/#primaryimage","url":"https:\/\/ae01.alicdn.com\/kf\/Sc7ff1dc0a66943b3a0ba075ae25c558bV\/Original-vapor-esso-vape-xros-3-mini-kit-1000mah-mit-2ml-0-6-ohm-xros-pod.jpg","contentUrl":"https:\/\/ae01.alicdn.com\/kf\/Sc7ff1dc0a66943b3a0ba075ae25c558bV\/Original-vapor-esso-vape-xros-3-mini-kit-1000mah-mit-2ml-0-6-ohm-xros-pod.jpg","width":800,"height":800},{"@type":"BreadcrumbList","@id":"https:\/\/www.elementvape.de\/fi\/produkt\/vapor-esso-vape-xros-3-mini-kit-1000mah-mit-2ml\/#breadcrumb","itemListElement":[{"@type":"ListItem","position":1,"name":"Home","item":"https:\/\/www.elementvape.de\/"},{"@type":"ListItem","position":2,"name":"Shop","item":"https:\/\/www.elementvape.de\/shop\/"},{"@type":"ListItem","position":3,"name":"Vapor esso vape xros 3 mini kit 1000mah mit 2ml 0,6 ohm xros pod patrone mtl zu rdl elektronischer zigaretten verdampfer"}]},{"@type":"WebSite","@id":"https:\/\/www.elementvape.de\/#website","url":"https:\/\/www.elementvape.de\/","name":"ElementVape.de","description":"","publisher":{"@id":"https:\/\/www.elementvape.de\/#organization"},"potentialAction":[{"@type":"SearchAction","target":{"@type":"EntryPoint","urlTemplate":"https:\/\/www.elementvape.de\/?s={search_term_string}"},"query-input":"required name=search_term_string"}],"inLanguage":"pl-PL"},{"@type":"Organization","@id":"https:\/\/www.elementvape.de\/#organization","name":"ElementVape.DE","url":"https:\/\/www.elementvape.de\/","logo":{"@type":"ImageObject","inLanguage":"pl-PL","@id":"https:\/\/www.elementvape.de\/#\/schema\/logo\/image\/","url":"https:\/\/www.elementvape.de\/wp-content\/uploads\/2024\/09\/cropped-1elementvape-3.png","contentUrl":"https:\/\/www.elementvape.de\/wp-content\/uploads\/2024\/09\/cropped-1elementvape-3.png","width":285,"height":228,"caption":"ElementVape.DE"},"image":{"@id":"https:\/\/www.elementvape.de\/#\/schema\/logo\/image\/"}}]}},"_links":{"self":[{"href":"https:\/\/www.elementvape.de\/pl\/wp-json\/wp\/v2\/product\/8671"}],"collection":[{"href":"https:\/\/www.elementvape.de\/pl\/wp-json\/wp\/v2\/product"}],"about":[{"href":"https:\/\/www.elementvape.de\/pl\/wp-json\/wp\/v2\/types\/product"}],"wp:featuredmedia":[{"embeddable":true,"href":"https:\/\/www.elementvape.de\/pl\/wp-json\/wp\/v2\/media\/8673"}],"wp:attachment":[{"href":"https:\/\/www.elementvape.de\/pl\/wp-json\/wp\/v2\/media?parent=8671"}],"wp:term":[{"taxonomy":"product_cat","embeddable":true,"href":"https:\/\/www.elementvape.de\/pl\/wp-json\/wp\/v2\/product_cat?post=8671"},{"taxonomy":"product_tag","embeddable":true,"href":"https:\/\/www.elementvape.de\/pl\/wp-json\/wp\/v2\/product_tag?post=8671"}],"curies":[{"name":"wp","href":"https:\/\/api.w.org\/{rel}","templated":true}]}}