{"id":8549,"date":"2024-04-20T06:38:53","date_gmt":"2024-04-20T06:38:53","guid":{"rendered":"https:\/\/www.elementvape.de\/?post_type=product&#038;p=8549"},"modified":"2024-12-12T06:36:55","modified_gmt":"2024-12-12T06:36:55","slug":"oxva-xlim-pro-kit-1000mah-batterie-30w","status":"publish","type":"product","link":"https:\/\/www.elementvape.de\/pl\/produkt\/oxva-xlim-pro-kit-1000mah-batterie-30w\/","title":{"rendered":"Oxva Xlim Pro Kit 1000mAh bateria 30W Vape z 2ml V3 Pod pusta bateria 0,6\/0,8 Ohm elektroniczny papieros vaporizer"},"content":{"rendered":"<p>&nbsp;<\/p>\n<div class=\"product-specs-list-container\">\n<ul class=\"product-specs-list util-clearfix\">\n<li class=\"product-prop line-limit-length\"><span class=\"property-title\">Wygl\u0105d:\u00a0<\/span><span class=\"property-desc line-limit-length\">Kszta\u0142t pude\u0142ka<\/span><\/li>\n<li class=\"product-prop line-limit-length\"><span class=\"property-title\">Kompatybilny akumulator:\u00a0<\/span><span class=\"property-desc line-limit-length\">Brak<\/span><\/li>\n<li class=\"product-prop line-limit-length\"><span class=\"property-title\">Funkcja monitorowania liczby palenia:\u00a0<\/span><span class=\"property-desc line-limit-length\">Nie<\/span><\/li>\n<li class=\"product-prop line-limit-length\"><span class=\"property-title\">Etui silikonowe:\u00a0<\/span><span class=\"property-desc line-limit-length\">Nie<\/span><\/li>\n<li class=\"product-prop line-limit-length\"><span class=\"property-title\">Regulacja temperatury:\u00a0<\/span><span class=\"property-desc line-limit-length\">Nie<\/span><\/li>\n<li class=\"product-prop line-limit-length\"><span class=\"property-title\">Wbudowany lub zewn\u0119trzny akumulator:\u00a0<\/span><span class=\"property-desc line-limit-length\">Wbudowany<\/span><\/li>\n<li class=\"product-prop line-limit-length\"><span class=\"property-title\">Funkcja ochrony przed zwarciem:\u00a0<\/span><span class=\"property-desc line-limit-length\">Ja<\/span><\/li>\n<li class=\"product-prop line-limit-length\"><span class=\"property-title\">Funkcja ochrony przed przegrzaniem:\u00a0<\/span><span class=\"property-desc line-limit-length\">Ja<\/span><\/li>\n<li class=\"product-prop line-limit-length\"><span class=\"property-title\">Funkcja alarmu niskiego napi\u0119cia:\u00a0<\/span><span class=\"property-desc line-limit-length\">Ja<\/span><\/li>\n<li class=\"product-prop line-limit-length\"><span class=\"property-title\">Funkcja identyfikacji atomizera:\u00a0<\/span><span class=\"property-desc line-limit-length\">Ja<\/span><\/li>\n<li class=\"product-prop line-limit-length\"><span class=\"property-title\">Tryb ustawie\u0144 TCR:\u00a0<\/span><span class=\"property-desc line-limit-length\">Nie<\/span><\/li>\n<li class=\"product-prop line-limit-length\"><span class=\"property-title\">Nominalna pojemno\u015b\u0107:\u00a0<\/span><span class=\"property-desc line-limit-length\">1000mAh<\/span><\/li>\n<li class=\"product-prop line-limit-length\"><span class=\"property-title\">Materia\u0142:\u00a0<\/span><span class=\"property-desc line-limit-length\">Metal<\/span><\/li>\n<li class=\"product-prop line-limit-length\"><span class=\"property-title\">Kompatybilny model:\u00a0<\/span><span class=\"property-desc line-limit-length\">Elektroniczna Papieros Vape<\/span><\/li>\n<li class=\"product-prop line-limit-length\"><span class=\"property-title\">Numer modelu:\u00a0<\/span><span class=\"property-desc line-limit-length\">Zestaw OXVA Xlim Pro<\/span><\/li>\n<li class=\"product-prop line-limit-length\"><span class=\"property-title\">\u0141adowarka USB:\u00a0<\/span><span class=\"property-desc line-limit-length\">Ja<\/span><\/li>\n<li class=\"product-prop line-limit-length\"><span class=\"property-title\">Aktualizacja oprogramowania:\u00a0<\/span><span class=\"property-desc line-limit-length\">Nie<\/span><\/li>\n<li class=\"product-prop line-limit-length\"><span class=\"property-title\">Wy\u015bwietlacz:\u00a0<\/span><span class=\"property-desc line-limit-length\">Nie<\/span><\/li>\n<li class=\"product-prop line-limit-length\"><span class=\"property-title\">Typ:\u00a0<\/span><span class=\"property-desc line-limit-length\">Z bateri\u0105<\/span><\/li>\n<li class=\"product-prop line-limit-length\"><span class=\"property-title\">Nazwa marki:\u00a0<\/span><span class=\"property-desc line-limit-length\">Hapyan<\/span><\/li>\n<li class=\"product-prop line-limit-length\"><span class=\"property-title\">Pochodzenie:\u00a0<\/span><span class=\"property-desc line-limit-length\">CN (pochodzenie)<\/span><\/li>\n<\/ul>\n<\/div>\n<div class=\"detailmodule_html\">\n<div class=\"detail-desc-decorate-richtext\">\n<div class=\"detailmodule_text\">\n<p id=\"tl_1\" class=\"detail-desc-decorate-title\" style=\"font-family: OpenSans; font-size: 20px; font-weight: 900; line-height: 28px; color: #000000; margin-bottom: 12px;\">Oxva Xlim Pro Kit 1000mAh bateria 30W Vape z 2ml V3 Pod pusta bateria 0,6\/0,8 Ohm elektroniczny papieros vaporizer<\/p>\n<\/div>\n<div class=\"detailmodule_text\">\n<p id=\"tl_2\" class=\"detail-desc-decorate-title\" style=\"font-family: OpenSans; font-size: 20px; font-weight: 900; line-height: 28px; color: #000000; margin-bottom: 12px;\">Opis:<\/p>\n<p id=\"tl_3\" class=\"detail-desc-decorate-content\" style=\"font-family: OpenSans; font-size: 14px; font-weight: 300; line-height: 20px; color: #000000; margin-bottom: 12px;\">Xlim pro kit jest wersj\u0105 pro Xlim. Wchodzi w sk\u0142ad z wi\u0119ksz\u0105 pojemno\u015bci\u0105 baterii 1000mAh, moc\u0105 30W oraz nowym \u015bwiat\u0142em RGB, kt\u00f3re roz\u015bwietli Twoj\u0105 pasj\u0119. Zestaw Xlim pro kit wyposa\u017cony jest w ulepszon\u0105 anty-wyciekow\u0105 top-fillow\u0105 wk\u0142adk\u0119 (wk\u0142adka xlim v3) o pojemno\u015bci 2ml. Kompatybilny jest r\u00f3wnie\u017c z wk\u0142adk\u0105 oxva xlim v2. W zestawie znajduje si\u0119 smycz.<\/p>\n<\/div>\n<div class=\"detailmodule_text\">\n<p id=\"tl_4\" class=\"detail-desc-decorate-title\" style=\"font-family: OpenSans; font-size: 20px; font-weight: 900; line-height: 28px; color: #000000; margin-bottom: 12px;\">Parametry:<\/p>\n<p id=\"tl_5\" class=\"detail-desc-decorate-content\" style=\"font-family: OpenSans; font-size: 14px; font-weight: 300; line-height: 20px; color: #000000; margin-bottom: 12px;\">Marka: oxva<br \/>\nNazwa produktu: xlim pro kit<br \/>\nWyj\u015bciowa moc: 5-30w<br \/>\nPusta pojemno\u015b\u0107 wk\u0142adki: 2ml<br \/>\nZakres oporu: 0,33-3,0 Ohm<br \/>\nG\u00f3rna wk\u0142adka do nape\u0142niania: 0,6 Ohm\/0,8 Ohm\/1,2 Ohm<br \/>\nNape\u0142nianie: Nape\u0142nianie od g\u00f3ry<br \/>\nRegulacja przep\u0142ywu powietrza: boczna AFC<br \/>\nPojemno\u015b\u0107 baterii: 1000mAh<br \/>\n\u0141adowanie: 5v\/2a, Typ-c<br \/>\nMateria\u0142: stop cynkowy + iml + pctg<br \/>\nRozmiar: 111,0*25,0*14,3mm<br \/>\nKolor: czarny w\u0119giel, czarne z\u0142oto, b\u0142yszcz\u0105cy niebieski, b\u0142yszcz\u0105cy cyjan, b\u0142yszcz\u0105cy szary, b\u0142yszcz\u0105cy zielony, b\u0142yszcz\u0105cy r\u00f3\u017cowy, b\u0142yszcz\u0105cy czerwony<\/p>\n<\/div>\n<div class=\"detailmodule_text\">\n<p id=\"tl_6\" class=\"detail-desc-decorate-title\" style=\"font-family: OpenSans; font-size: 20px; font-weight: 900; line-height: 28px; color: #000000; margin-bottom: 12px;\">Szczeg\u00f3\u0142y:<\/p>\n<p id=\"tl_7\" class=\"detail-desc-decorate-content\" style=\"font-family: OpenSans; font-size: 14px; font-weight: 300; line-height: 20px; color: #000000; margin-bottom: 12px;\">1. b\u0142yszcz\u0105ce \u015bwiat\u0142o RGB<br \/>\n2. Antywyp\u0142ywowa wk\u0142adka do g\u00f3rnego nape\u0142niania<br \/>\n3. ergonomiczny design afc<br \/>\n4. automatyczne poci\u0105gni\u0119cie i aktywacja przycisku<br \/>\n5. maksymalna moc wyj\u015bciowa 30W<br \/>\n6. wi\u0119ksza bateria 1000mAh<br \/>\n7. bardzo odporne na wycieki<br \/>\n8. szybkie \u0142adowanie Typ-c<br \/>\n9. kompatybilny z nowym systemem g\u00f3rnego nape\u0142niania (xlim v3) i wk\u0142adk\u0105 xlim v2<\/p>\n<\/div>\n<div class=\"detailmodule_text\">\n<p id=\"tl_8\" class=\"detail-desc-decorate-title\" style=\"font-family: OpenSans; font-size: 20px; font-weight: 900; line-height: 28px; color: #000000; margin-bottom: 12px;\">Lista pakiet\u00f3w<\/p>\n<p id=\"tl_9\" class=\"detail-desc-decorate-content\" style=\"font-family: OpenSans; font-size: 14px; font-weight: 300; line-height: 20px; color: #000000; margin-bottom: 12px;\">1 * urz\u0105dzenie xlim pro<br \/>\n1 * g\u00f3rna wk\u0142adka do nape\u0142niania (xlim v3) 0,6 Ohm (wst\u0119pnie zainstalowana)<br \/>\n1 * g\u00f3rna wk\u0142adka do nape\u0142niania (xlim v3) 0,8 Ohm<br \/>\n1 * Kabel typu-C<br \/>\n1 * smycz<br \/>\n1 * Instrukcja obs\u0142ugi<\/p>\n<\/div>\n<div class=\"detailmodule_image\"><img decoding=\"async\" loading=\"lazy\" class=\"detail-desc-decorate-image\" src=\"https:\/\/ae01.alicdn.com\/kf\/S0de73680026546e9b60ed8ce404947ac2.jpg\" \/><br \/>\n<img decoding=\"async\" loading=\"lazy\" class=\"detail-desc-decorate-image\" src=\"https:\/\/ae01.alicdn.com\/kf\/S693f7e5695d740e4b58732085d19ad80r.jpg\" \/><br \/>\n<img decoding=\"async\" loading=\"lazy\" class=\"detail-desc-decorate-image\" src=\"https:\/\/ae01.alicdn.com\/kf\/S662388ef72bb4a9e86a65f2d1873038fe.jpg\" \/><br \/>\n<img decoding=\"async\" loading=\"lazy\" class=\"detail-desc-decorate-image\" style=\"margin-bottom: 10px;\" src=\"https:\/\/ae01.alicdn.com\/kf\/Sc94577c4017e4f4e846f47a47d7f907cH.jpg\" \/><br \/>\n<img decoding=\"async\" loading=\"lazy\" class=\"detail-desc-decorate-image\" style=\"margin-bottom: 10px;\" src=\"https:\/\/ae01.alicdn.com\/kf\/Se7cd433468154ebdb58322c4c48260c2K.jpg\" \/><\/div>\n<p>&nbsp;<\/p>\n<\/div>\n<\/div>","protected":false},"excerpt":{"rendered":"<p>&nbsp; Aussehen:\u00a0Box Form Kompatibler Akku:\u00a0Kein \u00dcberwachung Funktion Von Rauchen Anzahl:\u00a0Nein Silikon Fall:\u00a0Nein Temperaturregelung:\u00a0Nein Eingebaute Oder Externe Batterie:\u00a0Eingebaute Kurzschlussschutz Funktion:\u00a0Ja \u00dcberhitzungsschutz-funktion:\u00a0Ja Niederspannungsalarmfunktion:\u00a0Ja Zerst\u00e4uber Identifikation Funktion:\u00a0Ja TCR Einstellung Modi:\u00a0Nein Nominale Kapazit\u00e4t:\u00a01000mAh Material:\u00a0Metall Compatible Model:\u00a0Electronic Cigarette Vape Modellnummer:\u00a0OXVA Xlim Pro Kit Usb-ladeger\u00e4t:\u00a0Ja Firmware-upgrade:\u00a0Nein Display:\u00a0Nein Art:\u00a0Mit Batterie Markenname:\u00a0Hapyan Ursprung:\u00a0CN (Herkunft) Original Oxva Xlim Pro Kit 1000mAh Batterie 30W Vape [&hellip;]<\/p>","protected":false},"featured_media":8551,"template":"","meta":{"inline_featured_image":false},"product_cat":[750,737,736,749,76,81],"product_tag":[],"tiered_pricing_type":"fixed","tiered_pricing_fixed_rules":[],"tiered_pricing_percentage_rules":[],"tiered_pricing_minimum":1,"_administrator_tiered_pricing_type":"fixed","_administrator_tiered_pricing_fixed_rules":[],"_editor_tiered_pricing_type":"fixed","_editor_tiered_pricing_fixed_rules":[],"_author_tiered_pricing_type":"fixed","_author_tiered_pricing_fixed_rules":[],"_contributor_tiered_pricing_type":"fixed","_contributor_tiered_pricing_fixed_rules":[],"_subscriber_tiered_pricing_type":"fixed","_subscriber_tiered_pricing_fixed_rules":[],"_customer_tiered_pricing_type":"fixed","_customer_tiered_pricing_fixed_rules":[],"_shop_manager_tiered_pricing_type":"fixed","_shop_manager_tiered_pricing_fixed_rules":[],"_wpseo_manager_tiered_pricing_type":"fixed","_wpseo_manager_tiered_pricing_fixed_rules":[],"_wpseo_editor_tiered_pricing_type":"fixed","_wpseo_editor_tiered_pricing_fixed_rules":[],"_wholesale_customer_tiered_pricing_type":"fixed","_wholesale_customer_tiered_pricing_fixed_rules":[],"_marketer_tiered_pricing_type":"fixed","_marketer_tiered_pricing_fixed_rules":[],"_sales_manager_tiered_pricing_type":"fixed","_sales_manager_tiered_pricing_fixed_rules":[],"_sales_rep_tiered_pricing_type":"fixed","_sales_rep_tiered_pricing_fixed_rules":[],"yoast_head":"<!-- This site is optimized with the Yoast SEO plugin v23.3 - https:\/\/yoast.com\/wordpress\/plugins\/seo\/ -->\n<title>Oxva Xlim Pro Kit 1000mAh Batterie 30W Vape mit 2ml V3 Pod leere Patrone 0.6\/0,8 Ohm elektronische Zigarette Vapor izer | ElementVape.de<\/title>\n<meta name=\"description\" content=\"Wir bieten Oxva Xlim Pro Kit 1000mAh Batterie 30W Vape mit 2ml V3 Pod leere Patrone 0.6\/0,8 Ohm elektronische Zigarette Vapor izer , Elementvape.de akzeptieren Gro\u00df-und Einzelhandel Bestellungen.\" \/>\n<meta name=\"robots\" content=\"index, follow, max-snippet:-1, max-image-preview:large, max-video-preview:-1\" \/>\n<link rel=\"canonical\" href=\"https:\/\/www.elementvape.de\/pl\/produkt\/oxva-xlim-pro-kit-1000mah-batterie-30w\/\" \/>\n<meta property=\"og:locale\" content=\"pl_PL\" \/>\n<meta property=\"og:type\" content=\"article\" \/>\n<meta property=\"og:title\" content=\"Oxva Xlim Pro Kit 1000mAh Batterie 30W Vape mit 2ml V3 Pod leere Patrone 0.6\/0,8 Ohm elektronische Zigarette Vapor izer | ElementVape.de\" \/>\n<meta property=\"og:description\" content=\"Wir bieten Oxva Xlim Pro Kit 1000mAh Batterie 30W Vape mit 2ml V3 Pod leere Patrone 0.6\/0,8 Ohm elektronische Zigarette Vapor izer , Elementvape.de akzeptieren Gro\u00df-und Einzelhandel Bestellungen.\" \/>\n<meta property=\"og:url\" content=\"https:\/\/www.elementvape.de\/pl\/produkt\/oxva-xlim-pro-kit-1000mah-batterie-30w\/\" \/>\n<meta property=\"og:site_name\" content=\"ElementVape.de\" \/>\n<meta property=\"article:modified_time\" content=\"2024-12-12T06:36:55+00:00\" \/>\n<meta property=\"og:image\" content=\"https:\/\/ae01.alicdn.com\/kf\/S4f0a8e483e5241aebd7a55bd036145f4j\/Original-Oxva-Xlim-Pro-Kit-1000mAh-Batterie-30W-Vape-mit-2ml-V3-Pod-leere-Patrone-0.jpg\" \/>\n\t<meta property=\"og:image:width\" content=\"800\" \/>\n\t<meta property=\"og:image:height\" content=\"800\" \/>\n\t<meta property=\"og:image:type\" content=\"image\/jpeg\" \/>\n<meta name=\"twitter:card\" content=\"summary_large_image\" \/>\n<meta name=\"twitter:label1\" content=\"Est. reading time\" \/>\n\t<meta name=\"twitter:data1\" content=\"3 minuty\" \/>\n<script type=\"application\/ld+json\" class=\"yoast-schema-graph\">{\"@context\":\"https:\/\/schema.org\",\"@graph\":[{\"@type\":\"WebPage\",\"@id\":\"https:\/\/www.elementvape.de\/fi\/produkt\/oxva-xlim-pro-kit-1000mah-batterie-30w\/\",\"url\":\"https:\/\/www.elementvape.de\/fi\/produkt\/oxva-xlim-pro-kit-1000mah-batterie-30w\/\",\"name\":\"Oxva Xlim Pro Kit 1000mAh Batterie 30W Vape mit 2ml V3 Pod leere Patrone 0.6\/0,8 Ohm elektronische Zigarette Vapor izer | ElementVape.de\",\"isPartOf\":{\"@id\":\"https:\/\/www.elementvape.de\/#website\"},\"primaryImageOfPage\":{\"@id\":\"https:\/\/www.elementvape.de\/fi\/produkt\/oxva-xlim-pro-kit-1000mah-batterie-30w\/#primaryimage\"},\"image\":{\"@id\":\"https:\/\/www.elementvape.de\/fi\/produkt\/oxva-xlim-pro-kit-1000mah-batterie-30w\/#primaryimage\"},\"thumbnailUrl\":\"https:\/\/ae01.alicdn.com\/kf\/S4f0a8e483e5241aebd7a55bd036145f4j\/Original-Oxva-Xlim-Pro-Kit-1000mAh-Batterie-30W-Vape-mit-2ml-V3-Pod-leere-Patrone-0.jpg\",\"datePublished\":\"2024-04-20T06:38:53+00:00\",\"dateModified\":\"2024-12-12T06:36:55+00:00\",\"description\":\"Wir bieten Oxva Xlim Pro Kit 1000mAh Batterie 30W Vape mit 2ml V3 Pod leere Patrone 0.6\/0,8 Ohm elektronische Zigarette Vapor izer , Elementvape.de akzeptieren Gro\u00df-und Einzelhandel Bestellungen.\",\"breadcrumb\":{\"@id\":\"https:\/\/www.elementvape.de\/fi\/produkt\/oxva-xlim-pro-kit-1000mah-batterie-30w\/#breadcrumb\"},\"inLanguage\":\"pl-PL\",\"potentialAction\":[{\"@type\":\"ReadAction\",\"target\":[\"https:\/\/www.elementvape.de\/fi\/produkt\/oxva-xlim-pro-kit-1000mah-batterie-30w\/\"]}]},{\"@type\":\"ImageObject\",\"inLanguage\":\"pl-PL\",\"@id\":\"https:\/\/www.elementvape.de\/fi\/produkt\/oxva-xlim-pro-kit-1000mah-batterie-30w\/#primaryimage\",\"url\":\"https:\/\/ae01.alicdn.com\/kf\/S4f0a8e483e5241aebd7a55bd036145f4j\/Original-Oxva-Xlim-Pro-Kit-1000mAh-Batterie-30W-Vape-mit-2ml-V3-Pod-leere-Patrone-0.jpg\",\"contentUrl\":\"https:\/\/ae01.alicdn.com\/kf\/S4f0a8e483e5241aebd7a55bd036145f4j\/Original-Oxva-Xlim-Pro-Kit-1000mAh-Batterie-30W-Vape-mit-2ml-V3-Pod-leere-Patrone-0.jpg\",\"width\":800,\"height\":800},{\"@type\":\"BreadcrumbList\",\"@id\":\"https:\/\/www.elementvape.de\/fi\/produkt\/oxva-xlim-pro-kit-1000mah-batterie-30w\/#breadcrumb\",\"itemListElement\":[{\"@type\":\"ListItem\",\"position\":1,\"name\":\"Home\",\"item\":\"https:\/\/www.elementvape.de\/\"},{\"@type\":\"ListItem\",\"position\":2,\"name\":\"Shop\",\"item\":\"https:\/\/www.elementvape.de\/shop\/\"},{\"@type\":\"ListItem\",\"position\":3,\"name\":\"Oxva Xlim Pro Kit 1000mAh Batterie 30W Vape mit 2ml V3 Pod leere Patrone 0.6\/0,8 Ohm elektronische Zigarette Vapor izer\"}]},{\"@type\":\"WebSite\",\"@id\":\"https:\/\/www.elementvape.de\/#website\",\"url\":\"https:\/\/www.elementvape.de\/\",\"name\":\"ElementVape.de\",\"description\":\"\",\"publisher\":{\"@id\":\"https:\/\/www.elementvape.de\/#organization\"},\"potentialAction\":[{\"@type\":\"SearchAction\",\"target\":{\"@type\":\"EntryPoint\",\"urlTemplate\":\"https:\/\/www.elementvape.de\/?s={search_term_string}\"},\"query-input\":\"required name=search_term_string\"}],\"inLanguage\":\"pl-PL\"},{\"@type\":\"Organization\",\"@id\":\"https:\/\/www.elementvape.de\/#organization\",\"name\":\"ElementVape.DE\",\"url\":\"https:\/\/www.elementvape.de\/\",\"logo\":{\"@type\":\"ImageObject\",\"inLanguage\":\"pl-PL\",\"@id\":\"https:\/\/www.elementvape.de\/#\/schema\/logo\/image\/\",\"url\":\"https:\/\/www.elementvape.de\/wp-content\/uploads\/2024\/09\/cropped-1elementvape-3.png\",\"contentUrl\":\"https:\/\/www.elementvape.de\/wp-content\/uploads\/2024\/09\/cropped-1elementvape-3.png\",\"width\":285,\"height\":228,\"caption\":\"ElementVape.DE\"},\"image\":{\"@id\":\"https:\/\/www.elementvape.de\/#\/schema\/logo\/image\/\"}}]}<\/script>\n<!-- \/ Yoast SEO plugin. -->","yoast_head_json":{"title":"Oxva Xlim Pro Kit 1000mAh Batterie 30W Vape mit 2ml V3 Pod leere Patrone 0.6\/0,8 Ohm elektronische Zigarette Vapor izer | ElementVape.de","description":"Wir bieten Oxva Xlim Pro Kit 1000mAh Batterie 30W Vape mit 2ml V3 Pod leere Patrone 0.6\/0,8 Ohm elektronische Zigarette Vapor izer , Elementvape.de akzeptieren Gro\u00df-und Einzelhandel Bestellungen.","robots":{"index":"index","follow":"follow","max-snippet":"max-snippet:-1","max-image-preview":"max-image-preview:large","max-video-preview":"max-video-preview:-1"},"canonical":"https:\/\/www.elementvape.de\/pl\/produkt\/oxva-xlim-pro-kit-1000mah-batterie-30w\/","og_locale":"pl_PL","og_type":"article","og_title":"Oxva Xlim Pro Kit 1000mAh Batterie 30W Vape mit 2ml V3 Pod leere Patrone 0.6\/0,8 Ohm elektronische Zigarette Vapor izer | ElementVape.de","og_description":"Wir bieten Oxva Xlim Pro Kit 1000mAh Batterie 30W Vape mit 2ml V3 Pod leere Patrone 0.6\/0,8 Ohm elektronische Zigarette Vapor izer , Elementvape.de akzeptieren Gro\u00df-und Einzelhandel Bestellungen.","og_url":"https:\/\/www.elementvape.de\/pl\/produkt\/oxva-xlim-pro-kit-1000mah-batterie-30w\/","og_site_name":"ElementVape.de","article_modified_time":"2024-12-12T06:36:55+00:00","og_image":[{"width":800,"height":800,"url":"https:\/\/ae01.alicdn.com\/kf\/S4f0a8e483e5241aebd7a55bd036145f4j\/Original-Oxva-Xlim-Pro-Kit-1000mAh-Batterie-30W-Vape-mit-2ml-V3-Pod-leere-Patrone-0.jpg","type":"image\/jpeg"}],"twitter_card":"summary_large_image","twitter_misc":{"Est. reading time":"3 minuty"},"schema":{"@context":"https:\/\/schema.org","@graph":[{"@type":"WebPage","@id":"https:\/\/www.elementvape.de\/fi\/produkt\/oxva-xlim-pro-kit-1000mah-batterie-30w\/","url":"https:\/\/www.elementvape.de\/fi\/produkt\/oxva-xlim-pro-kit-1000mah-batterie-30w\/","name":"Oxva Xlim Pro Kit 1000mAh Batterie 30W Vape mit 2ml V3 Pod leere Patrone 0.6\/0,8 Ohm elektronische Zigarette Vapor izer | ElementVape.de","isPartOf":{"@id":"https:\/\/www.elementvape.de\/#website"},"primaryImageOfPage":{"@id":"https:\/\/www.elementvape.de\/fi\/produkt\/oxva-xlim-pro-kit-1000mah-batterie-30w\/#primaryimage"},"image":{"@id":"https:\/\/www.elementvape.de\/fi\/produkt\/oxva-xlim-pro-kit-1000mah-batterie-30w\/#primaryimage"},"thumbnailUrl":"https:\/\/ae01.alicdn.com\/kf\/S4f0a8e483e5241aebd7a55bd036145f4j\/Original-Oxva-Xlim-Pro-Kit-1000mAh-Batterie-30W-Vape-mit-2ml-V3-Pod-leere-Patrone-0.jpg","datePublished":"2024-04-20T06:38:53+00:00","dateModified":"2024-12-12T06:36:55+00:00","description":"Wir bieten Oxva Xlim Pro Kit 1000mAh Batterie 30W Vape mit 2ml V3 Pod leere Patrone 0.6\/0,8 Ohm elektronische Zigarette Vapor izer , Elementvape.de akzeptieren Gro\u00df-und Einzelhandel Bestellungen.","breadcrumb":{"@id":"https:\/\/www.elementvape.de\/fi\/produkt\/oxva-xlim-pro-kit-1000mah-batterie-30w\/#breadcrumb"},"inLanguage":"pl-PL","potentialAction":[{"@type":"ReadAction","target":["https:\/\/www.elementvape.de\/fi\/produkt\/oxva-xlim-pro-kit-1000mah-batterie-30w\/"]}]},{"@type":"ImageObject","inLanguage":"pl-PL","@id":"https:\/\/www.elementvape.de\/fi\/produkt\/oxva-xlim-pro-kit-1000mah-batterie-30w\/#primaryimage","url":"https:\/\/ae01.alicdn.com\/kf\/S4f0a8e483e5241aebd7a55bd036145f4j\/Original-Oxva-Xlim-Pro-Kit-1000mAh-Batterie-30W-Vape-mit-2ml-V3-Pod-leere-Patrone-0.jpg","contentUrl":"https:\/\/ae01.alicdn.com\/kf\/S4f0a8e483e5241aebd7a55bd036145f4j\/Original-Oxva-Xlim-Pro-Kit-1000mAh-Batterie-30W-Vape-mit-2ml-V3-Pod-leere-Patrone-0.jpg","width":800,"height":800},{"@type":"BreadcrumbList","@id":"https:\/\/www.elementvape.de\/fi\/produkt\/oxva-xlim-pro-kit-1000mah-batterie-30w\/#breadcrumb","itemListElement":[{"@type":"ListItem","position":1,"name":"Home","item":"https:\/\/www.elementvape.de\/"},{"@type":"ListItem","position":2,"name":"Shop","item":"https:\/\/www.elementvape.de\/shop\/"},{"@type":"ListItem","position":3,"name":"Oxva Xlim Pro Kit 1000mAh Batterie 30W Vape mit 2ml V3 Pod leere Patrone 0.6\/0,8 Ohm elektronische Zigarette Vapor izer"}]},{"@type":"WebSite","@id":"https:\/\/www.elementvape.de\/#website","url":"https:\/\/www.elementvape.de\/","name":"ElementVape.de","description":"","publisher":{"@id":"https:\/\/www.elementvape.de\/#organization"},"potentialAction":[{"@type":"SearchAction","target":{"@type":"EntryPoint","urlTemplate":"https:\/\/www.elementvape.de\/?s={search_term_string}"},"query-input":"required name=search_term_string"}],"inLanguage":"pl-PL"},{"@type":"Organization","@id":"https:\/\/www.elementvape.de\/#organization","name":"ElementVape.DE","url":"https:\/\/www.elementvape.de\/","logo":{"@type":"ImageObject","inLanguage":"pl-PL","@id":"https:\/\/www.elementvape.de\/#\/schema\/logo\/image\/","url":"https:\/\/www.elementvape.de\/wp-content\/uploads\/2024\/09\/cropped-1elementvape-3.png","contentUrl":"https:\/\/www.elementvape.de\/wp-content\/uploads\/2024\/09\/cropped-1elementvape-3.png","width":285,"height":228,"caption":"ElementVape.DE"},"image":{"@id":"https:\/\/www.elementvape.de\/#\/schema\/logo\/image\/"}}]}},"_links":{"self":[{"href":"https:\/\/www.elementvape.de\/pl\/wp-json\/wp\/v2\/product\/8549"}],"collection":[{"href":"https:\/\/www.elementvape.de\/pl\/wp-json\/wp\/v2\/product"}],"about":[{"href":"https:\/\/www.elementvape.de\/pl\/wp-json\/wp\/v2\/types\/product"}],"wp:featuredmedia":[{"embeddable":true,"href":"https:\/\/www.elementvape.de\/pl\/wp-json\/wp\/v2\/media\/8551"}],"wp:attachment":[{"href":"https:\/\/www.elementvape.de\/pl\/wp-json\/wp\/v2\/media?parent=8549"}],"wp:term":[{"taxonomy":"product_cat","embeddable":true,"href":"https:\/\/www.elementvape.de\/pl\/wp-json\/wp\/v2\/product_cat?post=8549"},{"taxonomy":"product_tag","embeddable":true,"href":"https:\/\/www.elementvape.de\/pl\/wp-json\/wp\/v2\/product_tag?post=8549"}],"curies":[{"name":"wp","href":"https:\/\/api.w.org\/{rel}","templated":true}]}}