{"id":8534,"date":"2024-04-20T06:38:29","date_gmt":"2024-04-20T06:38:29","guid":{"rendered":"https:\/\/www.elementvape.de\/?post_type=product&#038;p=8534"},"modified":"2024-12-12T06:36:56","modified_gmt":"2024-12-12T06:36:56","slug":"geekvape-wenax-q-pod-kit-1000mah-batterie-25w","status":"publish","type":"product","link":"https:\/\/www.elementvape.de\/pl\/produkt\/geekvape-wenax-q-pod-kit-1000mah-batterie-25w\/","title":{"rendered":"Geekvape Wenax Q pod kit 1000mAh bateria 25W vape 2ml top filling vaporizer elektroniczny zigarette mtl rdl vape pen"},"content":{"rendered":"<p>&nbsp;<\/p>\n<div class=\"product-specs-list-container\">\n<ul class=\"product-specs-list util-clearfix\">\n<li class=\"product-prop line-limit-length\"><span class=\"property-title\">Funkcja monitorowania liczby palenia:\u00a0<\/span><span class=\"property-desc line-limit-length\">Nie<\/span><\/li>\n<li class=\"product-prop line-limit-length\"><span class=\"property-title\">Etui silikonowe:\u00a0<\/span><span class=\"property-desc line-limit-length\">Nie<\/span><\/li>\n<li class=\"product-prop line-limit-length\"><span class=\"property-title\">Regulacja temperatury:\u00a0<\/span><span class=\"property-desc line-limit-length\">Ja<\/span><\/li>\n<li class=\"product-prop line-limit-length\"><span class=\"property-title\">Wbudowany lub zewn\u0119trzny akumulator:\u00a0<\/span><span class=\"property-desc line-limit-length\">Wbudowany<\/span><\/li>\n<li class=\"product-prop line-limit-length\"><span class=\"property-title\">Funkcja ochrony przed zwarciem:\u00a0<\/span><span class=\"property-desc line-limit-length\">Ja<\/span><\/li>\n<li class=\"product-prop line-limit-length\"><span class=\"property-title\">Funkcja ochrony przed przegrzaniem:\u00a0<\/span><span class=\"property-desc line-limit-length\">Ja<\/span><\/li>\n<li class=\"product-prop line-limit-length\"><span class=\"property-title\">Funkcja alarmu niskiego napi\u0119cia:\u00a0<\/span><span class=\"property-desc line-limit-length\">Ja<\/span><\/li>\n<li class=\"product-prop line-limit-length\"><span class=\"property-title\">Funkcja identyfikacji atomizera:\u00a0<\/span><span class=\"property-desc line-limit-length\">Ja<\/span><\/li>\n<li class=\"product-prop line-limit-length\"><span class=\"property-title\">Tryb ustawie\u0144 TCR:\u00a0<\/span><span class=\"property-desc line-limit-length\">Ja<\/span><\/li>\n<li class=\"product-prop line-limit-length\"><span class=\"property-title\">Nominalna pojemno\u015b\u0107:\u00a0<\/span><span class=\"property-desc line-limit-length\">1000mAh<\/span><\/li>\n<li class=\"product-prop line-limit-length\"><span class=\"property-title\">Kompatybilny model:\u00a0<\/span><span class=\"property-desc line-limit-length\">Elektroniczna Puszka na Papierosy Mod Vape<\/span><\/li>\n<li class=\"product-prop line-limit-length\"><span class=\"property-title\">Numer modelu:\u00a0<\/span><span class=\"property-desc line-limit-length\">Zestaw GeekVape Wenax Q Pod<\/span><\/li>\n<li class=\"product-prop line-limit-length\"><span class=\"property-title\">\u0141adowarka USB:\u00a0<\/span><span class=\"property-desc line-limit-length\">Ja<\/span><\/li>\n<li class=\"product-prop line-limit-length\"><span class=\"property-title\">Aktualizacja oprogramowania:\u00a0<\/span><span class=\"property-desc line-limit-length\">Nie<\/span><\/li>\n<li class=\"product-prop line-limit-length\"><span class=\"property-title\">Wy\u015bwietlacz:\u00a0<\/span><span class=\"property-desc line-limit-length\">Ja<\/span><\/li>\n<li class=\"product-prop line-limit-length\"><span class=\"property-title\">Typ:\u00a0<\/span><span class=\"property-desc line-limit-length\">Elektroniczny Mod<\/span><\/li>\n<li class=\"product-prop line-limit-length\"><span class=\"property-title\">Nazwa marki:\u00a0<\/span><span class=\"property-desc line-limit-length\">GEEKVAPE<\/span><\/li>\n<li class=\"product-prop line-limit-length\"><span class=\"property-title\">Pochodzenie:\u00a0<\/span><span class=\"property-desc line-limit-length\">CN (pochodzenie)<\/span><\/li>\n<\/ul>\n<\/div>\n<div class=\"detailmodule_html\">\n<div class=\"detail-desc-decorate-richtext\">\n<div class=\"detailmodule_dynamic\"><\/div>\n<div><\/div>\n<div><span id=\"tl_1\" style=\"font-size: 22px; font-family: arial, helvetica, sans-serif;\">Geekvape Wenax Q pod kit 1000mAh bateria 25W vape 2ml top filling vaporizer elektroniczny zigarette mtl rdl vape pen<\/span><\/div>\n<div><\/div>\n<p><span id=\"tl_2\" style=\"font-size: 18px; font-family: arial, helvetica, sans-serif;\">Opis:<\/span><\/p>\n<p><span id=\"tl_3\" style=\"font-size: 18px; font-family: arial, helvetica, sans-serif;\">Zestaw Wenax Q jest wyposa\u017cony w bateri\u0119 o pojemno\u015bci 1000mAh i wk\u0142ad GeekVape Q o pojemno\u015bci 2ml. \u0141atwo jest odkr\u0119ci\u0107 ko\u0144c\u00f3wk\u0119 dozuj\u0105c\u0105 i nape\u0142ni\u0107 e-liquid. Zapewnia precyzyjn\u0105 kontrol\u0119 nad przep\u0142ywem powietrza, aby uzyska\u0107 r\u00f3\u017cne chmury, a tak\u017ce precyzyjn\u0105 kontrol\u0119 nad wydajno\u015bci\u0105, aby osi\u0105gn\u0105\u0107 \u0142agodny smak lub intensywny uderzenie w gard\u0142o. Ponadto jest prosty i lekki, aby korzysta\u0107 z trybu smart. Dodano wy\u015bwietlacz HD, aby pokaza\u0107 szczeg\u00f3\u0142y. Zestaw GeekVape Wenax Q mo\u017ce zapewni\u0107 vaping MTL i ograniczony DTL. Zestaw Wenax Q korzysta z najnowszej technologii VPU, kt\u00f3ra zapewnia \u0142agodniejszy smak, d\u0142u\u017cszy czas u\u017cytkowania i bezpieczniejszy vaping.<\/span><\/p>\n<p>&nbsp;<\/p>\n<p><span id=\"tl_4\" style=\"font-size: 18px; font-family: arial, helvetica, sans-serif;\">Parametry:<\/span><\/p>\n<p><span id=\"tl_5\" style=\"font-size: 18px; font-family: arial, helvetica, sans-serif;\">Marka: geekvape<\/span><\/p>\n<p><span id=\"tl_6\" style=\"font-size: 18px; font-family: arial, helvetica, sans-serif;\">Nazwa produktu: zestaw Wenax Q<\/span><\/p>\n<p><span id=\"tl_7\" style=\"font-size: 18px; font-family: arial, helvetica, sans-serif;\">Wydajno\u015b\u0107: 5-25W<\/span><\/p>\n<p><span id=\"tl_8\" style=\"font-size: 18px; font-family: arial, helvetica, sans-serif;\">Funkcja monitorowania liczby palenia: Nie<\/span><\/p>\n<p><span id=\"tl_9\" style=\"font-size: 18px; font-family: arial, helvetica, sans-serif;\">Op\u00f3r grza\u0142ki: 0,6 Ohm \/ 1,2 Ohm<\/span><\/p>\n<p><span id=\"tl_10\" style=\"font-size: 18px; font-family: arial, helvetica, sans-serif;\">Pojemno\u015b\u0107 baterii: 1000mAh<\/span><\/p>\n<p><span id=\"tl_11\" style=\"font-size: 18px; font-family: arial, helvetica, sans-serif;\">Z\u0142\u0105cze \u0142adowania: Typ-C<\/span><\/p>\n<p><span id=\"tl_12\" style=\"font-size: 18px; font-family: arial, helvetica, sans-serif;\">Wy\u015bwietlacz: wy\u015bwietlacz HD OLED i LED na przycisku<\/span><\/p>\n<p><span id=\"tl_13\" style=\"font-size: 18px; font-family: arial, helvetica, sans-serif;\">Instrukcje dotycz\u0105ce stanu baterii: czerwone \u015bwiat\u0142o (70%)<\/span><\/p>\n<p><span id=\"tl_14\" style=\"font-size: 18px; font-family: arial, helvetica, sans-serif;\">Temperatura pracy: ~ 60 \u2103<\/span><\/p>\n<p><span id=\"tl_15\" style=\"font-size: 18px; font-family: arial, helvetica, sans-serif;\">Typ nape\u0142niania: Nape\u0142nianie od g\u00f3ry<\/span><\/p>\n<p><span id=\"tl_16\" style=\"font-size: 18px; font-family: arial, helvetica, sans-serif;\">Kolor: Kobaltowy niebieski, R\u00f3\u017cowy, Sakura r\u00f3\u017cowy, Fioletowy gradient, \u017b\u00f3\u0142ty zach\u00f3d s\u0142o\u0144ca, Turkusowa ziele\u0144, Gradient ciemny, czarny<\/span><\/p>\n<p>&nbsp;<\/p>\n<p><span id=\"tl_17\" style=\"font-size: 18px; font-family: arial, helvetica, sans-serif;\">Szczeg\u00f3\u0142y:<\/span><\/p>\n<p><span id=\"tl_18\" style=\"font-size: 18px; font-family: arial, helvetica, sans-serif;\">1. kompatybilny z wk\u0142adk\u0105 geekvape q<\/span><\/p>\n<p><span id=\"tl_19\" style=\"font-size: 18px; font-family: arial, helvetica, sans-serif;\">2. precyzyjne dostosowania przep\u0142ywu powietrza i wydajno\u015bci<\/span><\/p>\n<p><span id=\"tl_20\" style=\"font-size: 18px; font-family: arial, helvetica, sans-serif;\">3. maksymalna moc 25W, g\u00f3rne nape\u0142nianie<\/span><\/p>\n<p><span id=\"tl_21\" style=\"font-size: 18px; font-family: arial, helvetica, sans-serif;\">4. wy\u015bwietlacz HD OLED<\/span><\/p>\n<p><span id=\"tl_22\" style=\"font-size: 18px; font-family: arial, helvetica, sans-serif;\">5. Bateria 1000mAh, stabilna wydajno\u015b\u0107<\/span><\/p>\n<p><span id=\"tl_23\" style=\"font-size: 18px; font-family: arial, helvetica, sans-serif;\">6. Bezpieczny dla dzieci design<\/span><\/p>\n<p><span id=\"tl_24\" style=\"font-size: 18px; font-family: arial, helvetica, sans-serif;\">7. wsparcie miesi\u0119czne i ograniczone rdl vaping<\/span><\/p>\n<p><span id=\"tl_25\" style=\"font-size: 18px; font-family: arial, helvetica, sans-serif;\">8. solidne cia\u0142o, b\u0142yszcz\u0105cy wygl\u0105d<\/span><\/p>\n<p><span id=\"tl_26\" style=\"font-size: 18px; font-family: arial, helvetica, sans-serif;\">9. technologia VPU: \u0142agodniejszy smak, d\u0142u\u017cszy czas u\u017cytkowania, bezpieczny waporyzator<\/span><\/p>\n<p>&nbsp;<\/p>\n<p><span id=\"tl_27\" style=\"font-size: 18px; font-family: arial, helvetica, sans-serif;\">Paczka zestawu Wenax Q pod kit zawiera:<\/span><\/p>\n<p><span id=\"tl_28\" style=\"font-size: 18px; font-family: arial, helvetica, sans-serif;\">1 * urz\u0105dzenie Geekvape Wenax Q<\/span><\/p>\n<p><span id=\"tl_29\" style=\"font-size: 18px; font-family: arial, helvetica, sans-serif;\">1 * wk\u0142adka Geekvape Q 2ml 0,6 Ohm<\/span><\/p>\n<p><span id=\"tl_30\" style=\"font-size: 18px; font-family: arial, helvetica, sans-serif;\">1 * wk\u0142adka Geekvape Q 2ml 1,2 Ohm<\/span><\/p>\n<p><span id=\"tl_31\" style=\"font-size: 18px; font-family: arial, helvetica, sans-serif;\">1 * kabel USB-C<\/span><\/p>\n<p>&nbsp;<\/p>\n<p><img decoding=\"async\" loading=\"lazy\" src=\"https:\/\/ae01.alicdn.com\/kf\/S0f35172d2b8d4383b89c53ef42c740b57.jpg\" \/><img decoding=\"async\" loading=\"lazy\" src=\"https:\/\/ae01.alicdn.com\/kf\/S66385c6823984ad3826809194051885fs.jpg\" \/><img decoding=\"async\" loading=\"lazy\" src=\"https:\/\/ae01.alicdn.com\/kf\/Sfe20b1543e0741e3a8aed5bf527102b64.jpg\" \/><img decoding=\"async\" loading=\"lazy\" src=\"https:\/\/ae01.alicdn.com\/kf\/S062c36c14c5b40bbb9e529f152fc6cafW.jpg\" \/><img decoding=\"async\" loading=\"lazy\" src=\"https:\/\/ae01.alicdn.com\/kf\/S2fdf992c8e0c4ccb8359c61d6beff5b2B.jpg\" \/><img decoding=\"async\" loading=\"lazy\" src=\"https:\/\/ae01.alicdn.com\/kf\/Saee4b05379284bffa78fa39c36a1225fh.jpg\" \/><img decoding=\"async\" loading=\"lazy\" src=\"https:\/\/ae01.alicdn.com\/kf\/S597c0bfd460d4576a872ae0f7112cf9fy.jpg\" \/><img decoding=\"async\" loading=\"lazy\" src=\"https:\/\/ae01.alicdn.com\/kf\/Sf14f4954366243c0af40177a45671f39n.jpg\" \/><img decoding=\"async\" loading=\"lazy\" src=\"https:\/\/ae01.alicdn.com\/kf\/Sc1d354a45dae44829a1669d651b78187h.jpg\" \/><\/p>\n<\/div>\n<\/div>","protected":false},"excerpt":{"rendered":"<p>&nbsp; \u00dcberwachung Funktion Von Rauchen Anzahl:\u00a0Nein Silikon Fall:\u00a0Nein Temperaturregelung:\u00a0Ja Eingebaute Oder Externe Batterie:\u00a0Eingebaute Kurzschlussschutz Funktion:\u00a0Ja \u00dcberhitzungsschutz-funktion:\u00a0Ja Niederspannungsalarmfunktion:\u00a0Ja Zerst\u00e4uber Identifikation Funktion:\u00a0Ja TCR Einstellung Modi:\u00a0Ja Nominale Kapazit\u00e4t:\u00a01000mAh Compatible Model:\u00a0Electronic Cigarette Box Mod Vape Modellnummer:\u00a0GeekVape Wenax Q Pod Kit Usb-ladeger\u00e4t:\u00a0Ja Firmware-upgrade:\u00a0Nein Display:\u00a0Ja Art:\u00a0Elektrische Mod Markenname:\u00a0GEEKVAPE Ursprung:\u00a0CN (Herkunft) Original geekvape wenax q pod kit 1000mah batterie 25w vape 2ml [&hellip;]<\/p>","protected":false},"featured_media":8535,"template":"","meta":{"inline_featured_image":false},"product_cat":[750,737,736,749,76,81],"product_tag":[],"tiered_pricing_type":"fixed","tiered_pricing_fixed_rules":[],"tiered_pricing_percentage_rules":[],"tiered_pricing_minimum":1,"_administrator_tiered_pricing_type":"fixed","_administrator_tiered_pricing_fixed_rules":[],"_editor_tiered_pricing_type":"fixed","_editor_tiered_pricing_fixed_rules":[],"_author_tiered_pricing_type":"fixed","_author_tiered_pricing_fixed_rules":[],"_contributor_tiered_pricing_type":"fixed","_contributor_tiered_pricing_fixed_rules":[],"_subscriber_tiered_pricing_type":"fixed","_subscriber_tiered_pricing_fixed_rules":[],"_customer_tiered_pricing_type":"fixed","_customer_tiered_pricing_fixed_rules":[],"_shop_manager_tiered_pricing_type":"fixed","_shop_manager_tiered_pricing_fixed_rules":[],"_wpseo_manager_tiered_pricing_type":"fixed","_wpseo_manager_tiered_pricing_fixed_rules":[],"_wpseo_editor_tiered_pricing_type":"fixed","_wpseo_editor_tiered_pricing_fixed_rules":[],"_wholesale_customer_tiered_pricing_type":"fixed","_wholesale_customer_tiered_pricing_fixed_rules":[],"_marketer_tiered_pricing_type":"fixed","_marketer_tiered_pricing_fixed_rules":[],"_sales_manager_tiered_pricing_type":"fixed","_sales_manager_tiered_pricing_fixed_rules":[],"_sales_rep_tiered_pricing_type":"fixed","_sales_rep_tiered_pricing_fixed_rules":[],"yoast_head":"<!-- This site is optimized with the Yoast SEO plugin v23.3 - https:\/\/yoast.com\/wordpress\/plugins\/seo\/ -->\n<title>Geekvape wenax q pod kit 1000mah batterie 25w vape 2ml top f\u00fcllung vapor izer elektronische zigarette mtl rdl vape pen | ElementVape.de<\/title>\n<meta name=\"description\" content=\"Wir bieten Geekvape wenax q pod kit 1000mah batterie 25w vape 2ml top f\u00fcllung vapor izer elektronische zigarette mtl rdl vape pen , Elementvape.de akzeptieren Gro\u00df-und Einzelhandel Bestellungen.\" \/>\n<meta name=\"robots\" content=\"index, follow, max-snippet:-1, max-image-preview:large, max-video-preview:-1\" \/>\n<link rel=\"canonical\" href=\"https:\/\/www.elementvape.de\/pl\/produkt\/geekvape-wenax-q-pod-kit-1000mah-batterie-25w\/\" \/>\n<meta property=\"og:locale\" content=\"pl_PL\" \/>\n<meta property=\"og:type\" content=\"article\" \/>\n<meta property=\"og:title\" content=\"Geekvape wenax q pod kit 1000mah batterie 25w vape 2ml top f\u00fcllung vapor izer elektronische zigarette mtl rdl vape pen | ElementVape.de\" \/>\n<meta property=\"og:description\" content=\"Wir bieten Geekvape wenax q pod kit 1000mah batterie 25w vape 2ml top f\u00fcllung vapor izer elektronische zigarette mtl rdl vape pen , Elementvape.de akzeptieren Gro\u00df-und Einzelhandel Bestellungen.\" \/>\n<meta property=\"og:url\" content=\"https:\/\/www.elementvape.de\/pl\/produkt\/geekvape-wenax-q-pod-kit-1000mah-batterie-25w\/\" \/>\n<meta property=\"og:site_name\" content=\"ElementVape.de\" \/>\n<meta property=\"article:modified_time\" content=\"2024-12-12T06:36:56+00:00\" \/>\n<meta property=\"og:image\" content=\"https:\/\/ae01.alicdn.com\/kf\/S60babee1543440dc98062f0cb3c7b75fQ\/Original-geekvape-wenax-q-pod-kit-1000mah-batterie-25w-vape-2ml-top-f-llung-vapor-izer.jpg\" \/>\n\t<meta property=\"og:image:width\" content=\"800\" \/>\n\t<meta property=\"og:image:height\" content=\"800\" \/>\n\t<meta property=\"og:image:type\" content=\"image\/jpeg\" \/>\n<meta name=\"twitter:card\" content=\"summary_large_image\" \/>\n<meta name=\"twitter:label1\" content=\"Est. reading time\" \/>\n\t<meta name=\"twitter:data1\" content=\"4 minuty\" \/>\n<script type=\"application\/ld+json\" class=\"yoast-schema-graph\">{\"@context\":\"https:\/\/schema.org\",\"@graph\":[{\"@type\":\"WebPage\",\"@id\":\"https:\/\/www.elementvape.de\/produkt\/geekvape-wenax-q-pod-kit-1000mah-batterie-25w\/\",\"url\":\"https:\/\/www.elementvape.de\/produkt\/geekvape-wenax-q-pod-kit-1000mah-batterie-25w\/\",\"name\":\"Geekvape wenax q pod kit 1000mah batterie 25w vape 2ml top f\u00fcllung vapor izer elektronische zigarette mtl rdl vape pen | ElementVape.de\",\"isPartOf\":{\"@id\":\"https:\/\/www.elementvape.de\/#website\"},\"primaryImageOfPage\":{\"@id\":\"https:\/\/www.elementvape.de\/produkt\/geekvape-wenax-q-pod-kit-1000mah-batterie-25w\/#primaryimage\"},\"image\":{\"@id\":\"https:\/\/www.elementvape.de\/produkt\/geekvape-wenax-q-pod-kit-1000mah-batterie-25w\/#primaryimage\"},\"thumbnailUrl\":\"https:\/\/ae01.alicdn.com\/kf\/S60babee1543440dc98062f0cb3c7b75fQ\/Original-geekvape-wenax-q-pod-kit-1000mah-batterie-25w-vape-2ml-top-f-llung-vapor-izer.jpg\",\"datePublished\":\"2024-04-20T06:38:29+00:00\",\"dateModified\":\"2024-12-12T06:36:56+00:00\",\"description\":\"Wir bieten Geekvape wenax q pod kit 1000mah batterie 25w vape 2ml top f\u00fcllung vapor izer elektronische zigarette mtl rdl vape pen , Elementvape.de akzeptieren Gro\u00df-und Einzelhandel Bestellungen.\",\"breadcrumb\":{\"@id\":\"https:\/\/www.elementvape.de\/produkt\/geekvape-wenax-q-pod-kit-1000mah-batterie-25w\/#breadcrumb\"},\"inLanguage\":\"pl-PL\",\"potentialAction\":[{\"@type\":\"ReadAction\",\"target\":[\"https:\/\/www.elementvape.de\/produkt\/geekvape-wenax-q-pod-kit-1000mah-batterie-25w\/\"]}]},{\"@type\":\"ImageObject\",\"inLanguage\":\"pl-PL\",\"@id\":\"https:\/\/www.elementvape.de\/produkt\/geekvape-wenax-q-pod-kit-1000mah-batterie-25w\/#primaryimage\",\"url\":\"https:\/\/ae01.alicdn.com\/kf\/S60babee1543440dc98062f0cb3c7b75fQ\/Original-geekvape-wenax-q-pod-kit-1000mah-batterie-25w-vape-2ml-top-f-llung-vapor-izer.jpg\",\"contentUrl\":\"https:\/\/ae01.alicdn.com\/kf\/S60babee1543440dc98062f0cb3c7b75fQ\/Original-geekvape-wenax-q-pod-kit-1000mah-batterie-25w-vape-2ml-top-f-llung-vapor-izer.jpg\",\"width\":800,\"height\":800},{\"@type\":\"BreadcrumbList\",\"@id\":\"https:\/\/www.elementvape.de\/produkt\/geekvape-wenax-q-pod-kit-1000mah-batterie-25w\/#breadcrumb\",\"itemListElement\":[{\"@type\":\"ListItem\",\"position\":1,\"name\":\"Home\",\"item\":\"https:\/\/www.elementvape.de\/\"},{\"@type\":\"ListItem\",\"position\":2,\"name\":\"Shop\",\"item\":\"https:\/\/www.elementvape.de\/shop\/\"},{\"@type\":\"ListItem\",\"position\":3,\"name\":\"Geekvape wenax q pod kit 1000mah batterie 25w vape 2ml top f\u00fcllung vapor izer elektronische zigarette mtl rdl vape pen\"}]},{\"@type\":\"WebSite\",\"@id\":\"https:\/\/www.elementvape.de\/#website\",\"url\":\"https:\/\/www.elementvape.de\/\",\"name\":\"ElementVape.de\",\"description\":\"\",\"publisher\":{\"@id\":\"https:\/\/www.elementvape.de\/#organization\"},\"potentialAction\":[{\"@type\":\"SearchAction\",\"target\":{\"@type\":\"EntryPoint\",\"urlTemplate\":\"https:\/\/www.elementvape.de\/?s={search_term_string}\"},\"query-input\":\"required name=search_term_string\"}],\"inLanguage\":\"pl-PL\"},{\"@type\":\"Organization\",\"@id\":\"https:\/\/www.elementvape.de\/#organization\",\"name\":\"ElementVape.DE\",\"url\":\"https:\/\/www.elementvape.de\/\",\"logo\":{\"@type\":\"ImageObject\",\"inLanguage\":\"pl-PL\",\"@id\":\"https:\/\/www.elementvape.de\/#\/schema\/logo\/image\/\",\"url\":\"https:\/\/www.elementvape.de\/wp-content\/uploads\/2024\/09\/cropped-1elementvape-3.png\",\"contentUrl\":\"https:\/\/www.elementvape.de\/wp-content\/uploads\/2024\/09\/cropped-1elementvape-3.png\",\"width\":285,\"height\":228,\"caption\":\"ElementVape.DE\"},\"image\":{\"@id\":\"https:\/\/www.elementvape.de\/#\/schema\/logo\/image\/\"}}]}<\/script>\n<!-- \/ Yoast SEO plugin. -->","yoast_head_json":{"title":"Geekvape wenax q pod kit 1000mah batterie 25w vape 2ml top f\u00fcllung vapor izer elektronische zigarette mtl rdl vape pen | ElementVape.de","description":"Wir bieten Geekvape wenax q pod kit 1000mah batterie 25w vape 2ml top f\u00fcllung vapor izer elektronische zigarette mtl rdl vape pen , Elementvape.de akzeptieren Gro\u00df-und Einzelhandel Bestellungen.","robots":{"index":"index","follow":"follow","max-snippet":"max-snippet:-1","max-image-preview":"max-image-preview:large","max-video-preview":"max-video-preview:-1"},"canonical":"https:\/\/www.elementvape.de\/pl\/produkt\/geekvape-wenax-q-pod-kit-1000mah-batterie-25w\/","og_locale":"pl_PL","og_type":"article","og_title":"Geekvape wenax q pod kit 1000mah batterie 25w vape 2ml top f\u00fcllung vapor izer elektronische zigarette mtl rdl vape pen | ElementVape.de","og_description":"Wir bieten Geekvape wenax q pod kit 1000mah batterie 25w vape 2ml top f\u00fcllung vapor izer elektronische zigarette mtl rdl vape pen , Elementvape.de akzeptieren Gro\u00df-und Einzelhandel Bestellungen.","og_url":"https:\/\/www.elementvape.de\/pl\/produkt\/geekvape-wenax-q-pod-kit-1000mah-batterie-25w\/","og_site_name":"ElementVape.de","article_modified_time":"2024-12-12T06:36:56+00:00","og_image":[{"width":800,"height":800,"url":"https:\/\/ae01.alicdn.com\/kf\/S60babee1543440dc98062f0cb3c7b75fQ\/Original-geekvape-wenax-q-pod-kit-1000mah-batterie-25w-vape-2ml-top-f-llung-vapor-izer.jpg","type":"image\/jpeg"}],"twitter_card":"summary_large_image","twitter_misc":{"Est. reading time":"4 minuty"},"schema":{"@context":"https:\/\/schema.org","@graph":[{"@type":"WebPage","@id":"https:\/\/www.elementvape.de\/produkt\/geekvape-wenax-q-pod-kit-1000mah-batterie-25w\/","url":"https:\/\/www.elementvape.de\/produkt\/geekvape-wenax-q-pod-kit-1000mah-batterie-25w\/","name":"Geekvape wenax q pod kit 1000mah batterie 25w vape 2ml top f\u00fcllung vapor izer elektronische zigarette mtl rdl vape pen | ElementVape.de","isPartOf":{"@id":"https:\/\/www.elementvape.de\/#website"},"primaryImageOfPage":{"@id":"https:\/\/www.elementvape.de\/produkt\/geekvape-wenax-q-pod-kit-1000mah-batterie-25w\/#primaryimage"},"image":{"@id":"https:\/\/www.elementvape.de\/produkt\/geekvape-wenax-q-pod-kit-1000mah-batterie-25w\/#primaryimage"},"thumbnailUrl":"https:\/\/ae01.alicdn.com\/kf\/S60babee1543440dc98062f0cb3c7b75fQ\/Original-geekvape-wenax-q-pod-kit-1000mah-batterie-25w-vape-2ml-top-f-llung-vapor-izer.jpg","datePublished":"2024-04-20T06:38:29+00:00","dateModified":"2024-12-12T06:36:56+00:00","description":"Wir bieten Geekvape wenax q pod kit 1000mah batterie 25w vape 2ml top f\u00fcllung vapor izer elektronische zigarette mtl rdl vape pen , Elementvape.de akzeptieren Gro\u00df-und Einzelhandel Bestellungen.","breadcrumb":{"@id":"https:\/\/www.elementvape.de\/produkt\/geekvape-wenax-q-pod-kit-1000mah-batterie-25w\/#breadcrumb"},"inLanguage":"pl-PL","potentialAction":[{"@type":"ReadAction","target":["https:\/\/www.elementvape.de\/produkt\/geekvape-wenax-q-pod-kit-1000mah-batterie-25w\/"]}]},{"@type":"ImageObject","inLanguage":"pl-PL","@id":"https:\/\/www.elementvape.de\/produkt\/geekvape-wenax-q-pod-kit-1000mah-batterie-25w\/#primaryimage","url":"https:\/\/ae01.alicdn.com\/kf\/S60babee1543440dc98062f0cb3c7b75fQ\/Original-geekvape-wenax-q-pod-kit-1000mah-batterie-25w-vape-2ml-top-f-llung-vapor-izer.jpg","contentUrl":"https:\/\/ae01.alicdn.com\/kf\/S60babee1543440dc98062f0cb3c7b75fQ\/Original-geekvape-wenax-q-pod-kit-1000mah-batterie-25w-vape-2ml-top-f-llung-vapor-izer.jpg","width":800,"height":800},{"@type":"BreadcrumbList","@id":"https:\/\/www.elementvape.de\/produkt\/geekvape-wenax-q-pod-kit-1000mah-batterie-25w\/#breadcrumb","itemListElement":[{"@type":"ListItem","position":1,"name":"Home","item":"https:\/\/www.elementvape.de\/"},{"@type":"ListItem","position":2,"name":"Shop","item":"https:\/\/www.elementvape.de\/shop\/"},{"@type":"ListItem","position":3,"name":"Geekvape wenax q pod kit 1000mah batterie 25w vape 2ml top f\u00fcllung vapor izer elektronische zigarette mtl rdl vape pen"}]},{"@type":"WebSite","@id":"https:\/\/www.elementvape.de\/#website","url":"https:\/\/www.elementvape.de\/","name":"ElementVape.de","description":"","publisher":{"@id":"https:\/\/www.elementvape.de\/#organization"},"potentialAction":[{"@type":"SearchAction","target":{"@type":"EntryPoint","urlTemplate":"https:\/\/www.elementvape.de\/?s={search_term_string}"},"query-input":"required name=search_term_string"}],"inLanguage":"pl-PL"},{"@type":"Organization","@id":"https:\/\/www.elementvape.de\/#organization","name":"ElementVape.DE","url":"https:\/\/www.elementvape.de\/","logo":{"@type":"ImageObject","inLanguage":"pl-PL","@id":"https:\/\/www.elementvape.de\/#\/schema\/logo\/image\/","url":"https:\/\/www.elementvape.de\/wp-content\/uploads\/2024\/09\/cropped-1elementvape-3.png","contentUrl":"https:\/\/www.elementvape.de\/wp-content\/uploads\/2024\/09\/cropped-1elementvape-3.png","width":285,"height":228,"caption":"ElementVape.DE"},"image":{"@id":"https:\/\/www.elementvape.de\/#\/schema\/logo\/image\/"}}]}},"_links":{"self":[{"href":"https:\/\/www.elementvape.de\/pl\/wp-json\/wp\/v2\/product\/8534"}],"collection":[{"href":"https:\/\/www.elementvape.de\/pl\/wp-json\/wp\/v2\/product"}],"about":[{"href":"https:\/\/www.elementvape.de\/pl\/wp-json\/wp\/v2\/types\/product"}],"wp:featuredmedia":[{"embeddable":true,"href":"https:\/\/www.elementvape.de\/pl\/wp-json\/wp\/v2\/media\/8535"}],"wp:attachment":[{"href":"https:\/\/www.elementvape.de\/pl\/wp-json\/wp\/v2\/media?parent=8534"}],"wp:term":[{"taxonomy":"product_cat","embeddable":true,"href":"https:\/\/www.elementvape.de\/pl\/wp-json\/wp\/v2\/product_cat?post=8534"},{"taxonomy":"product_tag","embeddable":true,"href":"https:\/\/www.elementvape.de\/pl\/wp-json\/wp\/v2\/product_tag?post=8534"}],"curies":[{"name":"wp","href":"https:\/\/api.w.org\/{rel}","templated":true}]}}