{"id":8504,"date":"2024-04-20T06:36:00","date_gmt":"2024-04-20T06:36:00","guid":{"rendered":"https:\/\/www.elementvape.de\/?post_type=product&#038;p=8504"},"modified":"2024-12-12T06:36:59","modified_gmt":"2024-12-12T06:36:59","slug":"vapor-esso-xros-2-kit-vape-mit-2ml","status":"publish","type":"product","link":"https:\/\/www.elementvape.de\/pl\/produkt\/vapor-esso-xros-2-kit-vape-mit-2ml\/","title":{"rendered":"Vapor esso xros 2 kit vape z 2ml xros pod cartridge 1000mah bateria 11w\/16w elektroniczny papieros mtl vapor izer"},"content":{"rendered":"<p>&nbsp;<\/p>\n<div class=\"product-specs-list-container\">\n<ul class=\"product-specs-list util-clearfix\">\n<li class=\"product-prop line-limit-length\"><span class=\"property-title\">Wygl\u0105d:\u00a0<\/span><span class=\"property-desc line-limit-length\">Kszta\u0142t pude\u0142ka<\/span><\/li>\n<li class=\"product-prop line-limit-length\"><span class=\"property-title\">Kompatybilny akumulator:\u00a0<\/span><span class=\"property-desc line-limit-length\">Brak<\/span><\/li>\n<li class=\"product-prop line-limit-length\"><span class=\"property-title\">Funkcja monitorowania liczby palenia:\u00a0<\/span><span class=\"property-desc line-limit-length\">Nie<\/span><\/li>\n<li class=\"product-prop line-limit-length\"><span class=\"property-title\">Etui silikonowe:\u00a0<\/span><span class=\"property-desc line-limit-length\">Nie<\/span><\/li>\n<li class=\"product-prop line-limit-length\"><span class=\"property-title\">Regulacja temperatury:\u00a0<\/span><span class=\"property-desc line-limit-length\">Nie<\/span><\/li>\n<li class=\"product-prop line-limit-length\"><span class=\"property-title\">Wbudowany lub zewn\u0119trzny akumulator:\u00a0<\/span><span class=\"property-desc line-limit-length\">Wbudowany<\/span><\/li>\n<li class=\"product-prop line-limit-length\"><span class=\"property-title\">Funkcja ochrony przed zwarciem:\u00a0<\/span><span class=\"property-desc line-limit-length\">Ja<\/span><\/li>\n<li class=\"product-prop line-limit-length\"><span class=\"property-title\">Funkcja ochrony przed przegrzaniem:\u00a0<\/span><span class=\"property-desc line-limit-length\">Ja<\/span><\/li>\n<li class=\"product-prop line-limit-length\"><span class=\"property-title\">Funkcja alarmu niskiego napi\u0119cia:\u00a0<\/span><span class=\"property-desc line-limit-length\">Ja<\/span><\/li>\n<li class=\"product-prop line-limit-length\"><span class=\"property-title\">Funkcja identyfikacji atomizera:\u00a0<\/span><span class=\"property-desc line-limit-length\">Ja<\/span><\/li>\n<li class=\"product-prop line-limit-length\"><span class=\"property-title\">Tryb ustawie\u0144 TCR:\u00a0<\/span><span class=\"property-desc line-limit-length\">Nie<\/span><\/li>\n<li class=\"product-prop line-limit-length\"><span class=\"property-title\">Nominalna pojemno\u015b\u0107:\u00a0<\/span><span class=\"property-desc line-limit-length\">1000mAh<\/span><\/li>\n<li class=\"product-prop line-limit-length\"><span class=\"property-title\">Materia\u0142:\u00a0<\/span><span class=\"property-desc line-limit-length\">Metal<\/span><\/li>\n<li class=\"product-prop line-limit-length\"><span class=\"property-title\">Kompatybilny model:\u00a0<\/span><span class=\"property-desc line-limit-length\">Elektroniczna Papieros Vape<\/span><\/li>\n<li class=\"product-prop line-limit-length\"><span class=\"property-title\">Numer modelu:\u00a0<\/span><span class=\"property-desc line-limit-length\">Zestaw Vaporesso XROS 2<\/span><\/li>\n<li class=\"product-prop line-limit-length\"><span class=\"property-title\">\u0141adowarka USB:\u00a0<\/span><span class=\"property-desc line-limit-length\">Ja<\/span><\/li>\n<li class=\"product-prop line-limit-length\"><span class=\"property-title\">Aktualizacja oprogramowania:\u00a0<\/span><span class=\"property-desc line-limit-length\">Nie<\/span><\/li>\n<li class=\"product-prop line-limit-length\"><span class=\"property-title\">Wy\u015bwietlacz:\u00a0<\/span><span class=\"property-desc line-limit-length\">Ja<\/span><\/li>\n<li class=\"product-prop line-limit-length\"><span class=\"property-title\">Typ:\u00a0<\/span><span class=\"property-desc line-limit-length\">Z bateri\u0105<\/span><\/li>\n<li class=\"product-prop line-limit-length\"><span class=\"property-title\">Nazwa marki:\u00a0<\/span><span class=\"property-desc line-limit-length\">vaporesso<\/span><\/li>\n<li class=\"product-prop line-limit-length\"><span class=\"property-title\">Pochodzenie:\u00a0<\/span><span class=\"property-desc line-limit-length\">CN (pochodzenie)<\/span><\/li>\n<\/ul>\n<\/div>\n<div class=\"detailmodule_html\">\n<div class=\"detail-desc-decorate-richtext\">\n<div class=\"detailmodule_dynamic\"><\/div>\n<div class=\"detailmodule_text\">\n<div><\/div>\n<p id=\"tl_1\" class=\"detail-desc-decorate-title\" style=\"font-family: OpenSans; font-size: 20px; font-weight: 900; line-height: 28px; margin-bottom: 12px;\">1* bateria Vaporesso XROS 2<br \/>\n1* wk\u0142ad Vaporesso XROS Series 0,8 ohma 2ml<br \/>\n1* wk\u0142ad Vaporesso XROS Series 1,2 ohma 2ml<br \/>\n1* kabel Type-C<br \/>\n1* instrukcja obs\u0142ugi<br \/>\n1* karta gwarancyjna<\/p>\n<\/div>\n<div class=\"detailmodule_text\">\n<p id=\"tl_2\" class=\"detail-desc-decorate-title\" style=\"font-family: OpenSans; font-size: 20px; font-weight: 900; line-height: 28px; margin-bottom: 12px;\">Opis:<\/p>\n<p id=\"tl_3\" class=\"detail-desc-decorate-content\" style=\"font-family: OpenSans; font-size: 14px; font-weight: 300; line-height: 20px; margin-bottom: 12px;\">Zestaw XROS 2 to nowa ods\u0142ona produkt\u00f3w serii XROS, jest to zestaw systemu pod, kt\u00f3ry przekracza granice. Posiada regulowany przep\u0142yw powietrza z ulepszonym wlotem powietrza w kszta\u0142cie kropli wody i umo\u017cliwia cieszenie si\u0119 r\u00f3\u017cnymi do\u015bwiadczeniami wapowania od MTL do lu\u017anego MTL, bardziej precyzyjnie. XROS 2 jest r\u00f3wnie\u017c kompatybilny z wk\u0142adami serii XROS (wk\u0142ad 1,2 ohma 2ml, wk\u0142ad 0,8 ohma 2ml), a nowy meshowy wk\u0142ad 0,8 ohma mo\u017ce si\u0119 nagrzewa\u0107 szybciej i zapewnia\u0107 doskona\u0142y smak w spos\u00f3b sp\u00f3jny. Co wi\u0119cej, technologia SSS Leak-resistant Technology skutecznie zamyka e-sok wewn\u0105trz i zapobiega niechcianym wyciekom. Projekt przycisku halo pomo\u017ce Ci unikn\u0105\u0107 przypadkowego w\u0142\u0105czenia. Dost\u0119pne s\u0105 tryby aktywacji przyciskiem i poci\u0105gni\u0119ciem. XROS 2 ma pojemno\u015b\u0107 baterii 1000mAh, co zapewnia d\u0142ugotrwa\u0142e wapowanie, a wska\u017anik poziomu baterii pokazuje jej stan w czasie rzeczywistym.<\/p>\n<\/div>\n<div class=\"detailmodule_text\">\n<p id=\"tl_4\" class=\"detail-desc-decorate-title\" style=\"font-family: OpenSans; font-size: 20px; font-weight: 900; line-height: 28px; margin-bottom: 12px;\">Parametry:<\/p>\n<p id=\"tl_5\" class=\"detail-desc-decorate-content\" style=\"font-family: OpenSans; font-size: 14px; font-weight: 300; line-height: 20px; margin-bottom: 12px;\">Marka: Vaporesso<br \/>\nNazwa produktu: XROS 2 Kit<br \/>\nWymiary: 112,2*23,4*13,4mm<br \/>\nPojemno\u015b\u0107 podu: 2ml<br \/>\nOp\u00f3r podu: pod 1,2ohm, pod siatkowy 0,8ohm<br \/>\nPojemno\u015b\u0107 baterii: 1000mAh<br \/>\nMoc wyj\u015bciowa baterii: 11W\/16W<br \/>\nPr\u0105d \u0142adowania: Typ-C, 5V\/1A<br \/>\nKolor: Czarny, Szary kosmiczny, Srebrny, Lime Green, Fiolet winogronowy, Pomara\u0144czowy czerwony<\/p>\n<\/div>\n<div class=\"detailmodule_text\">\n<p id=\"tl_6\" class=\"detail-desc-decorate-title\" style=\"font-family: OpenSans; font-size: 20px; font-weight: 900; line-height: 28px; margin-bottom: 12px;\">Szczeg\u00f3\u0142y:<\/p>\n<p id=\"tl_7\" class=\"detail-desc-decorate-content\" style=\"font-family: OpenSans; font-size: 14px; font-weight: 300; line-height: 20px; margin-bottom: 12px;\">1. Ulepszony wlot powietrza w kszta\u0142cie kropli wody<br \/>\n2. Technologia SSS odporna na wycieki<br \/>\n3. Pojemno\u015b\u0107 baterii 1000mAh<br \/>\n4. Precyzyjna kontrola przep\u0142ywu powietrza od MTL do lu\u017anego MTL<br \/>\n5. Kompatybilny z podami XROS: pod 1,2ohm, pod siatkowy 0,8ohm<br \/>\n6. Tryby aktywacji przyciskiem i wci\u0105ganiem<br \/>\n7. Przycisk Halo zapobiegaj\u0105cy przypadkowej aktywacji<br \/>\n8. Wska\u017anik poziomu baterii w czasie rzeczywistym<br \/>\n9. Wyrafinowana zakrzywiona podstawa o k\u0105cie 150\u00b0 wykonana technik\u0105 ci\u0119cia wysokiego po\u0142ysku diamentowego<\/p>\n<\/div>\n<div class=\"detailmodule_text\">\n<p id=\"tl_8\" class=\"detail-desc-decorate-title\" style=\"font-family: OpenSans; font-size: 20px; font-weight: 900; line-height: 28px; margin-bottom: 12px;\">Opakowanie:<\/p>\n<p id=\"tl_9\" class=\"detail-desc-decorate-content\" style=\"font-family: OpenSans; font-size: 14px; font-weight: 300; line-height: 20px; margin-bottom: 12px;\">1* bateria Vaporesso XROS 2<br \/>\n1* wk\u0142ad Vaporesso XROS Series 0,8 ohma 2ml<br \/>\n1* wk\u0142ad Vaporesso XROS Series 1,2 ohma 2ml<br \/>\n1* kabel Type-C<br \/>\n1* instrukcja obs\u0142ugi<br \/>\n1* karta gwarancyjna<\/p>\n<\/div>\n<div class=\"detailmodule_image\"><img decoding=\"async\" loading=\"lazy\" class=\"detail-desc-decorate-image\" src=\"https:\/\/ae01.alicdn.com\/kf\/H351e7fdd37f647feaf498968bc82dc60u.jpg\" \/><br \/>\n<img decoding=\"async\" loading=\"lazy\" class=\"detail-desc-decorate-image\" src=\"https:\/\/ae01.alicdn.com\/kf\/Ha3759aeabc084666b359f659b46fb8b1a.jpg\" \/><br \/>\n<img decoding=\"async\" loading=\"lazy\" class=\"detail-desc-decorate-image\" src=\"https:\/\/ae01.alicdn.com\/kf\/Ha29d04334a7c43c7a790351e2dc62813C.jpg\" \/><br \/>\n<img decoding=\"async\" loading=\"lazy\" class=\"detail-desc-decorate-image\" src=\"https:\/\/ae01.alicdn.com\/kf\/H4c0f8483487346238a65a71790b7106eV.jpg\" \/><br \/>\n<img decoding=\"async\" loading=\"lazy\" class=\"detail-desc-decorate-image\" src=\"https:\/\/ae01.alicdn.com\/kf\/H1217e16034964b178a5e9b67145357cd9.jpg\" \/><\/div>\n<p>&nbsp;<\/p>\n<\/div>\n<\/div>","protected":false},"excerpt":{"rendered":"<p>&nbsp; Aussehen:\u00a0Box Form Kompatibler Akku:\u00a0Kein \u00dcberwachung Funktion Von Rauchen Anzahl:\u00a0Nein Silikon Fall:\u00a0Nein Temperaturregelung:\u00a0Nein Eingebaute Oder Externe Batterie:\u00a0Eingebaute Kurzschlussschutz Funktion:\u00a0Ja \u00dcberhitzungsschutz-funktion:\u00a0Ja Niederspannungsalarmfunktion:\u00a0Ja Zerst\u00e4uber Identifikation Funktion:\u00a0Ja TCR Einstellung Modi:\u00a0Nein Nominale Kapazit\u00e4t:\u00a01000mAh Material:\u00a0Metall Compatible Model:\u00a0Electronic Cigarette Vape Modellnummer:\u00a0Vaporesso XROS 2 Kit Usb-ladeger\u00e4t:\u00a0Ja Firmware-upgrade:\u00a0Nein Display:\u00a0Ja Art:\u00a0Mit Batterie Markenname:\u00a0vaporesso Ursprung:\u00a0CN (Herkunft) 1* Vaporesso XROS 2 Battery 1* Vaporesso XROS Series [&hellip;]<\/p>","protected":false},"featured_media":8505,"template":"","meta":{"inline_featured_image":false},"product_cat":[750,737,736,749,76,81],"product_tag":[],"tiered_pricing_type":"fixed","tiered_pricing_fixed_rules":[],"tiered_pricing_percentage_rules":[],"tiered_pricing_minimum":1,"_administrator_tiered_pricing_type":"fixed","_administrator_tiered_pricing_fixed_rules":[],"_editor_tiered_pricing_type":"fixed","_editor_tiered_pricing_fixed_rules":[],"_author_tiered_pricing_type":"fixed","_author_tiered_pricing_fixed_rules":[],"_contributor_tiered_pricing_type":"fixed","_contributor_tiered_pricing_fixed_rules":[],"_subscriber_tiered_pricing_type":"fixed","_subscriber_tiered_pricing_fixed_rules":[],"_customer_tiered_pricing_type":"fixed","_customer_tiered_pricing_fixed_rules":[],"_shop_manager_tiered_pricing_type":"fixed","_shop_manager_tiered_pricing_fixed_rules":[],"_wpseo_manager_tiered_pricing_type":"fixed","_wpseo_manager_tiered_pricing_fixed_rules":[],"_wpseo_editor_tiered_pricing_type":"fixed","_wpseo_editor_tiered_pricing_fixed_rules":[],"_wholesale_customer_tiered_pricing_type":"fixed","_wholesale_customer_tiered_pricing_fixed_rules":[],"_marketer_tiered_pricing_type":"fixed","_marketer_tiered_pricing_fixed_rules":[],"_sales_manager_tiered_pricing_type":"fixed","_sales_manager_tiered_pricing_fixed_rules":[],"_sales_rep_tiered_pricing_type":"fixed","_sales_rep_tiered_pricing_fixed_rules":[],"yoast_head":"<!-- This site is optimized with the Yoast SEO plugin v23.3 - https:\/\/yoast.com\/wordpress\/plugins\/seo\/ -->\n<title>Vapor esso xros 2 kit vape mit 2ml xros pod patrone 1000mah batterie 11w\/16w elektronische zigarette mtl vapor izer | ElementVape.de<\/title>\n<meta name=\"description\" content=\"Wir bieten Vapor esso xros 2 kit vape mit 2ml xros pod patrone 1000mah batterie 11w\/16w elektronische zigarette mtl vapor izer , Elementvape.de akzeptieren Gro\u00df-und Einzelhandel Bestellungen.\" \/>\n<meta name=\"robots\" content=\"index, follow, max-snippet:-1, max-image-preview:large, max-video-preview:-1\" \/>\n<link rel=\"canonical\" href=\"https:\/\/www.elementvape.de\/pl\/produkt\/vapor-esso-xros-2-kit-vape-mit-2ml\/\" \/>\n<meta property=\"og:locale\" content=\"pl_PL\" \/>\n<meta property=\"og:type\" content=\"article\" \/>\n<meta property=\"og:title\" content=\"Vapor esso xros 2 kit vape mit 2ml xros pod patrone 1000mah batterie 11w\/16w elektronische zigarette mtl vapor izer | ElementVape.de\" \/>\n<meta property=\"og:description\" content=\"Wir bieten Vapor esso xros 2 kit vape mit 2ml xros pod patrone 1000mah batterie 11w\/16w elektronische zigarette mtl vapor izer , Elementvape.de akzeptieren Gro\u00df-und Einzelhandel Bestellungen.\" \/>\n<meta property=\"og:url\" content=\"https:\/\/www.elementvape.de\/pl\/produkt\/vapor-esso-xros-2-kit-vape-mit-2ml\/\" \/>\n<meta property=\"og:site_name\" content=\"ElementVape.de\" \/>\n<meta property=\"article:modified_time\" content=\"2024-12-12T06:36:59+00:00\" \/>\n<meta property=\"og:image\" content=\"https:\/\/ae01.alicdn.com\/kf\/H9550b4fb77c349c694abf62886baa34fu\/Original-vapor-esso-xros-2-kit-vape-mit-2ml-xros-pod-patrone-1000mah-batterie-11w-16w.jpg\" \/>\n\t<meta property=\"og:image:width\" content=\"800\" \/>\n\t<meta property=\"og:image:height\" content=\"800\" \/>\n\t<meta property=\"og:image:type\" content=\"image\/jpeg\" \/>\n<meta name=\"twitter:card\" content=\"summary_large_image\" \/>\n<meta name=\"twitter:label1\" content=\"Est. reading time\" \/>\n\t<meta name=\"twitter:data1\" content=\"4 minuty\" \/>\n<script type=\"application\/ld+json\" class=\"yoast-schema-graph\">{\"@context\":\"https:\/\/schema.org\",\"@graph\":[{\"@type\":\"WebPage\",\"@id\":\"https:\/\/www.elementvape.de\/lt\/produkt\/vapor-esso-xros-2-kit-vape-mit-2ml\/\",\"url\":\"https:\/\/www.elementvape.de\/lt\/produkt\/vapor-esso-xros-2-kit-vape-mit-2ml\/\",\"name\":\"Vapor esso xros 2 kit vape mit 2ml xros pod patrone 1000mah batterie 11w\/16w elektronische zigarette mtl vapor izer | ElementVape.de\",\"isPartOf\":{\"@id\":\"https:\/\/www.elementvape.de\/#website\"},\"primaryImageOfPage\":{\"@id\":\"https:\/\/www.elementvape.de\/lt\/produkt\/vapor-esso-xros-2-kit-vape-mit-2ml\/#primaryimage\"},\"image\":{\"@id\":\"https:\/\/www.elementvape.de\/lt\/produkt\/vapor-esso-xros-2-kit-vape-mit-2ml\/#primaryimage\"},\"thumbnailUrl\":\"https:\/\/ae01.alicdn.com\/kf\/H9550b4fb77c349c694abf62886baa34fu\/Original-vapor-esso-xros-2-kit-vape-mit-2ml-xros-pod-patrone-1000mah-batterie-11w-16w.jpg\",\"datePublished\":\"2024-04-20T06:36:00+00:00\",\"dateModified\":\"2024-12-12T06:36:59+00:00\",\"description\":\"Wir bieten Vapor esso xros 2 kit vape mit 2ml xros pod patrone 1000mah batterie 11w\/16w elektronische zigarette mtl vapor izer , Elementvape.de akzeptieren Gro\u00df-und Einzelhandel Bestellungen.\",\"breadcrumb\":{\"@id\":\"https:\/\/www.elementvape.de\/lt\/produkt\/vapor-esso-xros-2-kit-vape-mit-2ml\/#breadcrumb\"},\"inLanguage\":\"pl-PL\",\"potentialAction\":[{\"@type\":\"ReadAction\",\"target\":[\"https:\/\/www.elementvape.de\/lt\/produkt\/vapor-esso-xros-2-kit-vape-mit-2ml\/\"]}]},{\"@type\":\"ImageObject\",\"inLanguage\":\"pl-PL\",\"@id\":\"https:\/\/www.elementvape.de\/lt\/produkt\/vapor-esso-xros-2-kit-vape-mit-2ml\/#primaryimage\",\"url\":\"https:\/\/ae01.alicdn.com\/kf\/H9550b4fb77c349c694abf62886baa34fu\/Original-vapor-esso-xros-2-kit-vape-mit-2ml-xros-pod-patrone-1000mah-batterie-11w-16w.jpg\",\"contentUrl\":\"https:\/\/ae01.alicdn.com\/kf\/H9550b4fb77c349c694abf62886baa34fu\/Original-vapor-esso-xros-2-kit-vape-mit-2ml-xros-pod-patrone-1000mah-batterie-11w-16w.jpg\",\"width\":800,\"height\":800},{\"@type\":\"BreadcrumbList\",\"@id\":\"https:\/\/www.elementvape.de\/lt\/produkt\/vapor-esso-xros-2-kit-vape-mit-2ml\/#breadcrumb\",\"itemListElement\":[{\"@type\":\"ListItem\",\"position\":1,\"name\":\"Home\",\"item\":\"https:\/\/www.elementvape.de\/\"},{\"@type\":\"ListItem\",\"position\":2,\"name\":\"Shop\",\"item\":\"https:\/\/www.elementvape.de\/shop\/\"},{\"@type\":\"ListItem\",\"position\":3,\"name\":\"Vapor esso xros 2 kit vape mit 2ml xros pod patrone 1000mah batterie 11w\/16w elektronische zigarette mtl vapor izer\"}]},{\"@type\":\"WebSite\",\"@id\":\"https:\/\/www.elementvape.de\/#website\",\"url\":\"https:\/\/www.elementvape.de\/\",\"name\":\"ElementVape.de\",\"description\":\"\",\"publisher\":{\"@id\":\"https:\/\/www.elementvape.de\/#organization\"},\"potentialAction\":[{\"@type\":\"SearchAction\",\"target\":{\"@type\":\"EntryPoint\",\"urlTemplate\":\"https:\/\/www.elementvape.de\/?s={search_term_string}\"},\"query-input\":\"required name=search_term_string\"}],\"inLanguage\":\"pl-PL\"},{\"@type\":\"Organization\",\"@id\":\"https:\/\/www.elementvape.de\/#organization\",\"name\":\"ElementVape.DE\",\"url\":\"https:\/\/www.elementvape.de\/\",\"logo\":{\"@type\":\"ImageObject\",\"inLanguage\":\"pl-PL\",\"@id\":\"https:\/\/www.elementvape.de\/#\/schema\/logo\/image\/\",\"url\":\"https:\/\/www.elementvape.de\/wp-content\/uploads\/2024\/09\/cropped-1elementvape-3.png\",\"contentUrl\":\"https:\/\/www.elementvape.de\/wp-content\/uploads\/2024\/09\/cropped-1elementvape-3.png\",\"width\":285,\"height\":228,\"caption\":\"ElementVape.DE\"},\"image\":{\"@id\":\"https:\/\/www.elementvape.de\/#\/schema\/logo\/image\/\"}}]}<\/script>\n<!-- \/ Yoast SEO plugin. -->","yoast_head_json":{"title":"Vapor esso xros 2 kit vape mit 2ml xros pod patrone 1000mah batterie 11w\/16w elektronische zigarette mtl vapor izer | ElementVape.de","description":"Wir bieten Vapor esso xros 2 kit vape mit 2ml xros pod patrone 1000mah batterie 11w\/16w elektronische zigarette mtl vapor izer , Elementvape.de akzeptieren Gro\u00df-und Einzelhandel Bestellungen.","robots":{"index":"index","follow":"follow","max-snippet":"max-snippet:-1","max-image-preview":"max-image-preview:large","max-video-preview":"max-video-preview:-1"},"canonical":"https:\/\/www.elementvape.de\/pl\/produkt\/vapor-esso-xros-2-kit-vape-mit-2ml\/","og_locale":"pl_PL","og_type":"article","og_title":"Vapor esso xros 2 kit vape mit 2ml xros pod patrone 1000mah batterie 11w\/16w elektronische zigarette mtl vapor izer | ElementVape.de","og_description":"Wir bieten Vapor esso xros 2 kit vape mit 2ml xros pod patrone 1000mah batterie 11w\/16w elektronische zigarette mtl vapor izer , Elementvape.de akzeptieren Gro\u00df-und Einzelhandel Bestellungen.","og_url":"https:\/\/www.elementvape.de\/pl\/produkt\/vapor-esso-xros-2-kit-vape-mit-2ml\/","og_site_name":"ElementVape.de","article_modified_time":"2024-12-12T06:36:59+00:00","og_image":[{"width":800,"height":800,"url":"https:\/\/ae01.alicdn.com\/kf\/H9550b4fb77c349c694abf62886baa34fu\/Original-vapor-esso-xros-2-kit-vape-mit-2ml-xros-pod-patrone-1000mah-batterie-11w-16w.jpg","type":"image\/jpeg"}],"twitter_card":"summary_large_image","twitter_misc":{"Est. reading time":"4 minuty"},"schema":{"@context":"https:\/\/schema.org","@graph":[{"@type":"WebPage","@id":"https:\/\/www.elementvape.de\/lt\/produkt\/vapor-esso-xros-2-kit-vape-mit-2ml\/","url":"https:\/\/www.elementvape.de\/lt\/produkt\/vapor-esso-xros-2-kit-vape-mit-2ml\/","name":"Vapor esso xros 2 kit vape mit 2ml xros pod patrone 1000mah batterie 11w\/16w elektronische zigarette mtl vapor izer | ElementVape.de","isPartOf":{"@id":"https:\/\/www.elementvape.de\/#website"},"primaryImageOfPage":{"@id":"https:\/\/www.elementvape.de\/lt\/produkt\/vapor-esso-xros-2-kit-vape-mit-2ml\/#primaryimage"},"image":{"@id":"https:\/\/www.elementvape.de\/lt\/produkt\/vapor-esso-xros-2-kit-vape-mit-2ml\/#primaryimage"},"thumbnailUrl":"https:\/\/ae01.alicdn.com\/kf\/H9550b4fb77c349c694abf62886baa34fu\/Original-vapor-esso-xros-2-kit-vape-mit-2ml-xros-pod-patrone-1000mah-batterie-11w-16w.jpg","datePublished":"2024-04-20T06:36:00+00:00","dateModified":"2024-12-12T06:36:59+00:00","description":"Wir bieten Vapor esso xros 2 kit vape mit 2ml xros pod patrone 1000mah batterie 11w\/16w elektronische zigarette mtl vapor izer , Elementvape.de akzeptieren Gro\u00df-und Einzelhandel Bestellungen.","breadcrumb":{"@id":"https:\/\/www.elementvape.de\/lt\/produkt\/vapor-esso-xros-2-kit-vape-mit-2ml\/#breadcrumb"},"inLanguage":"pl-PL","potentialAction":[{"@type":"ReadAction","target":["https:\/\/www.elementvape.de\/lt\/produkt\/vapor-esso-xros-2-kit-vape-mit-2ml\/"]}]},{"@type":"ImageObject","inLanguage":"pl-PL","@id":"https:\/\/www.elementvape.de\/lt\/produkt\/vapor-esso-xros-2-kit-vape-mit-2ml\/#primaryimage","url":"https:\/\/ae01.alicdn.com\/kf\/H9550b4fb77c349c694abf62886baa34fu\/Original-vapor-esso-xros-2-kit-vape-mit-2ml-xros-pod-patrone-1000mah-batterie-11w-16w.jpg","contentUrl":"https:\/\/ae01.alicdn.com\/kf\/H9550b4fb77c349c694abf62886baa34fu\/Original-vapor-esso-xros-2-kit-vape-mit-2ml-xros-pod-patrone-1000mah-batterie-11w-16w.jpg","width":800,"height":800},{"@type":"BreadcrumbList","@id":"https:\/\/www.elementvape.de\/lt\/produkt\/vapor-esso-xros-2-kit-vape-mit-2ml\/#breadcrumb","itemListElement":[{"@type":"ListItem","position":1,"name":"Home","item":"https:\/\/www.elementvape.de\/"},{"@type":"ListItem","position":2,"name":"Shop","item":"https:\/\/www.elementvape.de\/shop\/"},{"@type":"ListItem","position":3,"name":"Vapor esso xros 2 kit vape mit 2ml xros pod patrone 1000mah batterie 11w\/16w elektronische zigarette mtl vapor izer"}]},{"@type":"WebSite","@id":"https:\/\/www.elementvape.de\/#website","url":"https:\/\/www.elementvape.de\/","name":"ElementVape.de","description":"","publisher":{"@id":"https:\/\/www.elementvape.de\/#organization"},"potentialAction":[{"@type":"SearchAction","target":{"@type":"EntryPoint","urlTemplate":"https:\/\/www.elementvape.de\/?s={search_term_string}"},"query-input":"required name=search_term_string"}],"inLanguage":"pl-PL"},{"@type":"Organization","@id":"https:\/\/www.elementvape.de\/#organization","name":"ElementVape.DE","url":"https:\/\/www.elementvape.de\/","logo":{"@type":"ImageObject","inLanguage":"pl-PL","@id":"https:\/\/www.elementvape.de\/#\/schema\/logo\/image\/","url":"https:\/\/www.elementvape.de\/wp-content\/uploads\/2024\/09\/cropped-1elementvape-3.png","contentUrl":"https:\/\/www.elementvape.de\/wp-content\/uploads\/2024\/09\/cropped-1elementvape-3.png","width":285,"height":228,"caption":"ElementVape.DE"},"image":{"@id":"https:\/\/www.elementvape.de\/#\/schema\/logo\/image\/"}}]}},"_links":{"self":[{"href":"https:\/\/www.elementvape.de\/pl\/wp-json\/wp\/v2\/product\/8504"}],"collection":[{"href":"https:\/\/www.elementvape.de\/pl\/wp-json\/wp\/v2\/product"}],"about":[{"href":"https:\/\/www.elementvape.de\/pl\/wp-json\/wp\/v2\/types\/product"}],"wp:featuredmedia":[{"embeddable":true,"href":"https:\/\/www.elementvape.de\/pl\/wp-json\/wp\/v2\/media\/8505"}],"wp:attachment":[{"href":"https:\/\/www.elementvape.de\/pl\/wp-json\/wp\/v2\/media?parent=8504"}],"wp:term":[{"taxonomy":"product_cat","embeddable":true,"href":"https:\/\/www.elementvape.de\/pl\/wp-json\/wp\/v2\/product_cat?post=8504"},{"taxonomy":"product_tag","embeddable":true,"href":"https:\/\/www.elementvape.de\/pl\/wp-json\/wp\/v2\/product_tag?post=8504"}],"curies":[{"name":"wp","href":"https:\/\/api.w.org\/{rel}","templated":true}]}}