{"id":8086,"date":"2024-04-20T05:53:23","date_gmt":"2024-04-20T05:53:23","guid":{"rendered":"https:\/\/www.elementvape.de\/?post_type=product&#038;p=8086"},"modified":"2024-09-12T10:34:15","modified_gmt":"2024-09-12T10:34:15","slug":"120w-vape-kit-riesiger-dampf-1800mah-eingebauter","status":"publish","type":"product","link":"https:\/\/www.elementvape.de\/pl\/produkt\/120w-vape-kit-riesiger-dampf-1800mah-eingebauter\/","title":{"rendered":"P10 120w zestaw do vapowania, ogromny dym, 1800mAh wbudowana bateria, box mod z 3,0 ml tankiem, elektroniczny papieros zestaw, vaper, vape pen, vaporizer"},"content":{"rendered":"<p>&nbsp;<\/p>\n<div class=\"product-specs-list-container\">\n<ul class=\"product-specs-list util-clearfix\">\n<li class=\"product-prop line-limit-length\"><span class=\"property-title\">Napi\u0119cie znamionowe:\u00a0<\/span><span class=\"property-desc line-limit-length\">3,7 V<\/span><\/li>\n<li class=\"product-prop line-limit-length\"><span class=\"property-title\">Rozmiar:\u00a0<\/span><span class=\"property-desc line-limit-length\">18650<\/span><\/li>\n<li class=\"product-prop line-limit-length\"><span class=\"property-title\">Nominalna pojemno\u015b\u0107:\u00a0<\/span><span class=\"property-desc line-limit-length\">2200mAh<\/span><\/li>\n<li class=\"product-prop line-limit-length\"><span class=\"property-title\">Typ:\u00a0<\/span><span class=\"property-desc line-limit-length\">Li-ion<\/span><\/li>\n<li class=\"product-prop line-limit-length\"><span class=\"property-title\">Nazwa marki:\u00a0<\/span><span class=\"property-desc line-limit-length\">Wbudowany lub zewn\u0119trzny akumulator: Wbudowany<\/span><\/li>\n<li class=\"product-prop line-limit-length\"><span class=\"property-title\">Pochodzenie:\u00a0<\/span><span class=\"property-desc line-limit-length\">CN (pochodzenie)<\/span><\/li>\n<li class=\"product-prop line-limit-length\"><span class=\"property-title\">Kompatybilny model:\u00a0<\/span><span class=\"property-desc line-limit-length\">e-liquid<\/span><\/li>\n<li class=\"product-prop line-limit-length\"><span class=\"property-title\">Numer modelu:\u00a0<\/span><span class=\"property-desc line-limit-length\">P10 120W Box Mod Vape Kit<\/span><\/li>\n<li class=\"product-prop line-limit-length\"><span class=\"property-title\">Moc:\u00a0<\/span><span class=\"property-desc line-limit-length\">120w<\/span><\/li>\n<li class=\"product-prop line-limit-length\"><span class=\"property-title\">kolor:\u00a0<\/span><span class=\"property-desc line-limit-length\">Czerwony Czarny Niebieski Bia\u0142y<\/span><\/li>\n<li class=\"product-prop line-limit-length\"><span class=\"property-title\">Pojemno\u015b\u0107 baterii:\u00a0<\/span><span class=\"property-desc line-limit-length\">2200mAh<\/span><\/li>\n<li class=\"product-prop line-limit-length\"><span class=\"property-title\">Wymiary:\u00a0<\/span><span class=\"property-desc line-limit-length\">50*130*25mm<\/span><\/li>\n<li class=\"product-prop line-limit-length\"><span class=\"property-title\">Pojemno\u015b\u0107 atomizera:\u00a0<\/span><span class=\"property-desc line-limit-length\">3ml<\/span><\/li>\n<li class=\"product-prop line-limit-length\"><span class=\"property-title\">Op\u00f3r atomizera:\u00a0<\/span><span class=\"property-desc line-limit-length\">0,3ohm<\/span><\/li>\n<\/ul>\n<\/div>\n<div class=\"detailmodule_html\">\n<div class=\"detail-desc-decorate-richtext\">\n<div>\n<p style=\"text-align: center;\" align=\"center\"><span id=\"tl_1\" style=\"font-size: 22px;\">P10 120w zestaw do vapowania, ogromny dym, 1800mAh wbudowana bateria, box mod z 3,0 ml tankiem, elektroniczny papieros zestaw, vaper, vape pen, vaporizer<\/span><\/p>\n<div><\/div>\n<p><span style=\"font-size: 18px;\"><strong id=\"tl_2\">Cechy:<\/strong><\/span><\/p>\n<p><span id=\"tl_3\" style=\"font-size: 16px;\">Materia\u0142: metal + pc<\/span><\/p>\n<p><span id=\"tl_4\" style=\"font-size: 16px;\">Zbiornik na zatyczk\u0119: 3 ml<\/span><\/p>\n<p><span id=\"tl_5\" style=\"font-size: 16px;\">Napi\u0119cie: 3,7 V<\/span><\/p>\n<p><span id=\"tl_6\" style=\"font-size: 16px;\">Pojemno\u015b\u0107 baterii: 2200mah<\/span><\/p>\n<p><span id=\"tl_7\" style=\"font-size: 16px;\">\u0141adowarka Typ: \u0142adowanie przez USB<\/span><\/p>\n<p><span id=\"tl_8\" style=\"font-size: 16px;\">Op\u00f3r cewki: 0,3 Ohma (dost\u0119pny atomizer od 0,2 do 4 Ohm)<\/span><\/p>\n<p><span id=\"tl_9\" style=\"font-size: 16px;\">Zakres mocy: 30w-60w-120w (3 poziomy regulacji napi\u0119cia, sta\u0142a regulacja temperatury)<\/span><\/p>\n<p><span id=\"tl_10\" style=\"font-size: 16px;\">Rozmiar mod: 50*130*25mm<\/span><\/p>\n<p><span id=\"tl_11\" style=\"font-size: 16px;\">Kolor: czerwony, czarny, niebieski, bia\u0142y<\/span><\/p>\n<p><span id=\"tl_12\" style=\"font-size: 16px;\">Waga produktu: 300g<\/span><\/p>\n<p>&nbsp;<\/p>\n<p><span style=\"font-size: 18px;\"><strong id=\"tl_13\">Opakowanie produktu:<\/strong><\/span><\/p>\n<p><span id=\"tl_14\" style=\"font-size: 16px;\">Bateria do box mod 120w * 1<br \/>\nAtomizer: * 1<br \/>\n\u0141adowarka USB * 1<br \/>\nInstrukcja obs\u0142ugi * 1<br \/>\nDodatkowa cewka * 1<br \/>\nKarta certyfikacyjna * 1<\/span><\/p>\n<div>\n<p style=\", roboto, arial, helvetica, sans-serif, simsun;font-size: 14px; font-weight: 400; letter-spacing: normal; line-height: inherit; text-align: start; margin: 0px; padding: 0px;\" align=\"start\"><img decoding=\"async\" loading=\"lazy\" src=\"https:\/\/ae01.alicdn.com\/kf\/S40ba6aaa2a054d9aaff01fbb5a30e222L.jpg\" \/><\/p>\n<div>\n<div>\n<div>\n<div>\n<div>\n<div>\n<p style=\", roboto, arial, helvetica, sans-serif, simsun;font-size: 14px; font-weight: 400; letter-spacing: normal; line-height: inherit; text-align: start; margin: 0px; padding: 0px;\" align=\"start\"><img decoding=\"async\" loading=\"lazy\" src=\"https:\/\/ae01.alicdn.com\/kf\/S09b765c649b04bf892bbab2e73d1a2aeN.jpg\" \/><\/p>\n<\/div>\n<\/div>\n<\/div>\n<\/div>\n<\/div>\n<\/div>\n<p style=\", roboto, arial, helvetica, sans-serif, simsun;font-size: 14px; font-weight: 400; letter-spacing: normal; line-height: inherit; text-align: start; margin: 0px; padding: 0px;\" align=\"start\"><img decoding=\"async\" loading=\"lazy\" src=\"https:\/\/ae01.alicdn.com\/kf\/S3e98971393a64621a3f414437a4cdced1.jpg\" \/><span id=\"tl_15\" style=\"font-size: 16px;\">Sze\u015b\u0107 zabezpiecze\u0144<\/span><\/p>\n<p><span id=\"tl_16\" style=\"font-size: 16px;\">Atomizer jest bardziej wytrzyma\u0142y na zu\u017cycie, poniewa\u017c<\/span><\/p>\n<p><span id=\"tl_17\" style=\"font-size: 16px;\">Zosta\u0142 opracowany z stopu cynku i stali nierdzewnej.<\/span><img loading=\"lazy\" decoding=\"async\" src=\"https:\/\/ae01.alicdn.com\/kf\/S3deef6ab741d4cdb835c1520c142d6e9N.jpg\" width=\"944\" height=\"944\" \/><img decoding=\"async\" loading=\"lazy\" src=\"https:\/\/ae01.alicdn.com\/kf\/S4807df0b2a164ae1b15c4b1b47c9b589h.jpg\" \/><\/p>\n<p><span style=\"font-size: 20px;\"><strong id=\"tl_18\">W\u0142\u0105czanie\/wy\u0142\u0105czanie<\/strong><\/span><\/p>\n<p>&nbsp;<\/p>\n<p><span id=\"tl_19\" style=\"font-size: 16px;\">Atomizer w\u0142\u0105cza si\u0119 lub wy\u0142\u0105cza, naciskaj\u0105c 5 razy w ci\u0105gu 3 sekund.<\/span><\/p>\n<p><span style=\"font-size: 18px;\"><strong id=\"tl_20\">Wskaz\u00f3wki dotycz\u0105ce \u0142adowania:<\/strong><\/span><\/p>\n<p><span id=\"tl_21\" style=\"font-size: 16px;\">Te trzy wska\u017aniki mocy pod\u015bwietlaj\u0105 si\u0119 podczas \u0142adowania, tylko czerwone \u015bwiat\u0142o jest aktywne, gdy poziom na\u0142adowania baterii wynosi 3,25 V-3,55 V, fioletowe \u015bwiat\u0142o jest aktywne, gdy poziom na\u0142adowania baterii wynosi 3,55 V-3,85 V, a niebieskie \u015bwiat\u0142o jest aktywne, gdy poziom na\u0142adowania baterii wynosi 3,85 V-4,2 V, bateria jest w pe\u0142ni na\u0142adowana, gdy po miganiu \u015bwiat\u0142o zmieni si\u0119 na zielone na 5 sekund.<\/span><img decoding=\"async\" loading=\"lazy\" src=\"https:\/\/ae01.alicdn.com\/kf\/Sd8a63a8548b44ff5b0ff479dd6b14e0c4.jpg\" \/><span style=\"font-size: 20px;\"><strong id=\"tl_22\">Jak u\u017cywa\u0107:<\/strong><\/span><\/p>\n<p><strong><span id=\"tl_23\" style=\"font-size: 16px;\">W\u0142\u0105czanie i wy\u0142\u0105czanie:<\/span><\/strong><\/p>\n<p><span id=\"tl_24\" style=\"font-size: 16px;\">Naci\u015bnij przycisk 5 razy szybko z rz\u0119du, dioda miga 3 razy, co wskazuje, \u017ce bateria jest gotowa do pracy. W ten sam spos\u00f3b bateria zostanie wy\u0142\u0105czona po 5 naci\u015bni\u0119ciach.<\/span><\/p>\n<p><strong><span id=\"tl_25\" style=\"font-size: 16px;\">\u0141adowanie:<\/span><\/strong><\/p>\n<p><span id=\"tl_26\" style=\"font-size: 16px;\">Po prostu na\u0142aduj akumulator, pod\u0142\u0105czaj\u0105c go do komputera lub adaptera sieciowego za pomoc\u0105 kabla USB. Gdy jest w pe\u0142ni na\u0142adowany, przycisk zga\u015bnie.<\/span><\/p>\n<p><img loading=\"lazy\" decoding=\"async\" src=\"https:\/\/ae01.alicdn.com\/kf\/Sc7cf0cdee08c4832835a1dcd78c44d70O.jpg\" width=\"1000\" height=\"1000\" \/><img decoding=\"async\" loading=\"lazy\" src=\"https:\/\/ae01.alicdn.com\/kf\/Sa276416e06d3440c91a2f885d29f8beeW.jpg\" \/><img decoding=\"async\" loading=\"lazy\" src=\"https:\/\/ae01.alicdn.com\/kf\/S8ac4ccc17c8b4e85ac17481306428b2dI.jpg\" \/><img decoding=\"async\" loading=\"lazy\" src=\"https:\/\/ae01.alicdn.com\/kf\/Sfb43f4e3be564058a48598718a7ca045S.jpg\" \/><img decoding=\"async\" loading=\"lazy\" src=\"https:\/\/ae01.alicdn.com\/kf\/Sf6b308ab8f0347c0ae68e93e0e41789fm.jpg?width=1000&amp;height=1000&amp;hash=2000\" \/><\/p>\n<div>\n<div>\n<div>\n<div>\n<div>\n<div>\n<p style=\", roboto, arial, helvetica, sans-serif, simsun;font-size: 14px; font-weight: 400; letter-spacing: normal; line-height: inherit; text-align: start; margin: 0px; padding: 0px;\" align=\"start\"><img decoding=\"async\" loading=\"lazy\" src=\"https:\/\/ae01.alicdn.com\/kf\/Sb13f4414a46a4c9cac030b3f9f903795x.jpg\" \/><\/p>\n<\/div>\n<\/div>\n<\/div>\n<\/div>\n<\/div>\n<\/div>\n<p><img decoding=\"async\" loading=\"lazy\" src=\"https:\/\/ae01.alicdn.com\/kf\/S4ec308d51623434ba1f3af31df4a9cc3Z.jpg?width=800&amp;height=875&amp;hash=1675\" \/><\/p>\n<\/div>\n<\/div>\n<\/div>\n<\/div>","protected":false},"excerpt":{"rendered":"<p>&nbsp; Nennspannung:\u00a03,7 V Gr\u00f6\u00dfe:\u00a018650 Nominale Kapazit\u00e4t:\u00a02200mAh Art:\u00a0Li-ion Markenname:\u00a0SUB TWO Ursprung:\u00a0CN (Herkunft) Compatible Model:\u00a0eliquid Model Number:\u00a0P10 120W Box Mod Vape Kit Power:\u00a0120w color:\u00a0Red Black Blue White Battery capacity:\u00a02200mah Dimension:\u00a050*130*25mm Atomizer capacity:\u00a03ml Atomizer Resistance:\u00a00.3ohm P10 120w vape kit riesiger dampf 1800mah eingebauter batterie box mod mit 3,0 ml tank elektronische zigarette kit vaper vape pen vapor izer [&hellip;]<\/p>","protected":false},"featured_media":8087,"template":"","meta":{"inline_featured_image":false},"product_cat":[752,756,739,743,77],"product_tag":[],"tiered_pricing_type":"fixed","tiered_pricing_fixed_rules":[],"tiered_pricing_percentage_rules":[],"tiered_pricing_minimum":1,"_administrator_tiered_pricing_type":"fixed","_administrator_tiered_pricing_fixed_rules":[],"_editor_tiered_pricing_type":"fixed","_editor_tiered_pricing_fixed_rules":[],"_author_tiered_pricing_type":"fixed","_author_tiered_pricing_fixed_rules":[],"_contributor_tiered_pricing_type":"fixed","_contributor_tiered_pricing_fixed_rules":[],"_subscriber_tiered_pricing_type":"fixed","_subscriber_tiered_pricing_fixed_rules":[],"_customer_tiered_pricing_type":"fixed","_customer_tiered_pricing_fixed_rules":[],"_shop_manager_tiered_pricing_type":"fixed","_shop_manager_tiered_pricing_fixed_rules":[],"_wpseo_manager_tiered_pricing_type":"fixed","_wpseo_manager_tiered_pricing_fixed_rules":[],"_wpseo_editor_tiered_pricing_type":"fixed","_wpseo_editor_tiered_pricing_fixed_rules":[],"_wholesale_customer_tiered_pricing_type":"fixed","_wholesale_customer_tiered_pricing_fixed_rules":[],"_marketer_tiered_pricing_type":"fixed","_marketer_tiered_pricing_fixed_rules":[],"_sales_manager_tiered_pricing_type":"fixed","_sales_manager_tiered_pricing_fixed_rules":[],"_sales_rep_tiered_pricing_type":"fixed","_sales_rep_tiered_pricing_fixed_rules":[],"yoast_head":"<!-- This site is optimized with the Yoast SEO plugin v23.3 - https:\/\/yoast.com\/wordpress\/plugins\/seo\/ -->\n<title>P10 120w vape kit riesiger dampf 1800mah eingebauter batterie box mod mit 3,0 ml tank elektronische zigarette kit vaper vape pen vapor izer | ElementVape.de<\/title>\n<meta name=\"description\" content=\"Wir bieten P10 120w vape kit riesiger dampf 1800mah eingebauter batterie box mod mit 3,0 ml tank elektronische zigarette kit vaper vape pen vapor izer , Elementvape.de akzeptieren Gro\u00df-und Einzelhandel Bestellungen.\" \/>\n<meta name=\"robots\" content=\"index, follow, max-snippet:-1, max-image-preview:large, max-video-preview:-1\" \/>\n<link rel=\"canonical\" href=\"https:\/\/www.elementvape.de\/pl\/produkt\/120w-vape-kit-riesiger-dampf-1800mah-eingebauter\/\" \/>\n<meta property=\"og:locale\" content=\"pl_PL\" \/>\n<meta property=\"og:type\" content=\"article\" \/>\n<meta property=\"og:title\" content=\"P10 120w vape kit riesiger dampf 1800mah eingebauter batterie box mod mit 3,0 ml tank elektronische zigarette kit vaper vape pen vapor izer | ElementVape.de\" \/>\n<meta property=\"og:description\" content=\"Wir bieten P10 120w vape kit riesiger dampf 1800mah eingebauter batterie box mod mit 3,0 ml tank elektronische zigarette kit vaper vape pen vapor izer , Elementvape.de akzeptieren Gro\u00df-und Einzelhandel Bestellungen.\" \/>\n<meta property=\"og:url\" content=\"https:\/\/www.elementvape.de\/pl\/produkt\/120w-vape-kit-riesiger-dampf-1800mah-eingebauter\/\" \/>\n<meta property=\"og:site_name\" content=\"ElementVape.de\" \/>\n<meta property=\"article:modified_time\" content=\"2024-09-12T10:34:15+00:00\" \/>\n<meta property=\"og:image\" content=\"https:\/\/ae01.alicdn.com\/kf\/Sb37104d94d5f48bebd8701c798a5b335V\/P10-120w-vape-kit-riesiger-dampf-1800mah-eingebauter-batterie-box-mod-mit-3-0-ml-tank.jpg\" \/>\n\t<meta property=\"og:image:width\" content=\"1000\" \/>\n\t<meta property=\"og:image:height\" content=\"1000\" \/>\n\t<meta property=\"og:image:type\" content=\"image\/jpeg\" \/>\n<meta name=\"twitter:card\" content=\"summary_large_image\" \/>\n<meta name=\"twitter:label1\" content=\"Est. reading time\" \/>\n\t<meta name=\"twitter:data1\" content=\"5 minut\" \/>\n<script type=\"application\/ld+json\" class=\"yoast-schema-graph\">{\"@context\":\"https:\/\/schema.org\",\"@graph\":[{\"@type\":\"WebPage\",\"@id\":\"https:\/\/www.elementvape.de\/produkt\/120w-vape-kit-riesiger-dampf-1800mah-eingebauter\/\",\"url\":\"https:\/\/www.elementvape.de\/produkt\/120w-vape-kit-riesiger-dampf-1800mah-eingebauter\/\",\"name\":\"P10 120w vape kit riesiger dampf 1800mah eingebauter batterie box mod mit 3,0 ml tank elektronische zigarette kit vaper vape pen vapor izer | ElementVape.de\",\"isPartOf\":{\"@id\":\"https:\/\/www.elementvape.de\/#website\"},\"primaryImageOfPage\":{\"@id\":\"https:\/\/www.elementvape.de\/produkt\/120w-vape-kit-riesiger-dampf-1800mah-eingebauter\/#primaryimage\"},\"image\":{\"@id\":\"https:\/\/www.elementvape.de\/produkt\/120w-vape-kit-riesiger-dampf-1800mah-eingebauter\/#primaryimage\"},\"thumbnailUrl\":\"https:\/\/ae01.alicdn.com\/kf\/Sb37104d94d5f48bebd8701c798a5b335V\/P10-120w-vape-kit-riesiger-dampf-1800mah-eingebauter-batterie-box-mod-mit-3-0-ml-tank.jpg\",\"datePublished\":\"2024-04-20T05:53:23+00:00\",\"dateModified\":\"2024-09-12T10:34:15+00:00\",\"description\":\"Wir bieten P10 120w vape kit riesiger dampf 1800mah eingebauter batterie box mod mit 3,0 ml tank elektronische zigarette kit vaper vape pen vapor izer , Elementvape.de akzeptieren Gro\u00df-und Einzelhandel Bestellungen.\",\"breadcrumb\":{\"@id\":\"https:\/\/www.elementvape.de\/produkt\/120w-vape-kit-riesiger-dampf-1800mah-eingebauter\/#breadcrumb\"},\"inLanguage\":\"pl-PL\",\"potentialAction\":[{\"@type\":\"ReadAction\",\"target\":[\"https:\/\/www.elementvape.de\/produkt\/120w-vape-kit-riesiger-dampf-1800mah-eingebauter\/\"]}]},{\"@type\":\"ImageObject\",\"inLanguage\":\"pl-PL\",\"@id\":\"https:\/\/www.elementvape.de\/produkt\/120w-vape-kit-riesiger-dampf-1800mah-eingebauter\/#primaryimage\",\"url\":\"https:\/\/ae01.alicdn.com\/kf\/Sb37104d94d5f48bebd8701c798a5b335V\/P10-120w-vape-kit-riesiger-dampf-1800mah-eingebauter-batterie-box-mod-mit-3-0-ml-tank.jpg\",\"contentUrl\":\"https:\/\/ae01.alicdn.com\/kf\/Sb37104d94d5f48bebd8701c798a5b335V\/P10-120w-vape-kit-riesiger-dampf-1800mah-eingebauter-batterie-box-mod-mit-3-0-ml-tank.jpg\",\"width\":1000,\"height\":1000},{\"@type\":\"BreadcrumbList\",\"@id\":\"https:\/\/www.elementvape.de\/produkt\/120w-vape-kit-riesiger-dampf-1800mah-eingebauter\/#breadcrumb\",\"itemListElement\":[{\"@type\":\"ListItem\",\"position\":1,\"name\":\"Home\",\"item\":\"https:\/\/www.elementvape.de\/\"},{\"@type\":\"ListItem\",\"position\":2,\"name\":\"Shop\",\"item\":\"https:\/\/www.elementvape.de\/shop\/\"},{\"@type\":\"ListItem\",\"position\":3,\"name\":\"P10 120w vape kit riesiger dampf 1800mah eingebauter batterie box mod mit 3,0 ml tank elektronische zigarette kit vaper vape pen vapor izer\"}]},{\"@type\":\"WebSite\",\"@id\":\"https:\/\/www.elementvape.de\/#website\",\"url\":\"https:\/\/www.elementvape.de\/\",\"name\":\"ElementVape.de\",\"description\":\"\",\"publisher\":{\"@id\":\"https:\/\/www.elementvape.de\/#organization\"},\"potentialAction\":[{\"@type\":\"SearchAction\",\"target\":{\"@type\":\"EntryPoint\",\"urlTemplate\":\"https:\/\/www.elementvape.de\/?s={search_term_string}\"},\"query-input\":\"required name=search_term_string\"}],\"inLanguage\":\"pl-PL\"},{\"@type\":\"Organization\",\"@id\":\"https:\/\/www.elementvape.de\/#organization\",\"name\":\"ElementVape.DE\",\"url\":\"https:\/\/www.elementvape.de\/\",\"logo\":{\"@type\":\"ImageObject\",\"inLanguage\":\"pl-PL\",\"@id\":\"https:\/\/www.elementvape.de\/#\/schema\/logo\/image\/\",\"url\":\"https:\/\/www.elementvape.de\/wp-content\/uploads\/2024\/09\/cropped-1elementvape-3.png\",\"contentUrl\":\"https:\/\/www.elementvape.de\/wp-content\/uploads\/2024\/09\/cropped-1elementvape-3.png\",\"width\":285,\"height\":228,\"caption\":\"ElementVape.DE\"},\"image\":{\"@id\":\"https:\/\/www.elementvape.de\/#\/schema\/logo\/image\/\"}}]}<\/script>\n<!-- \/ Yoast SEO plugin. -->","yoast_head_json":{"title":"P10 120w vape kit riesiger dampf 1800mah eingebauter batterie box mod mit 3,0 ml tank elektronische zigarette kit vaper vape pen vapor izer | ElementVape.de","description":"Wir bieten P10 120w vape kit riesiger dampf 1800mah eingebauter batterie box mod mit 3,0 ml tank elektronische zigarette kit vaper vape pen vapor izer , Elementvape.de akzeptieren Gro\u00df-und Einzelhandel Bestellungen.","robots":{"index":"index","follow":"follow","max-snippet":"max-snippet:-1","max-image-preview":"max-image-preview:large","max-video-preview":"max-video-preview:-1"},"canonical":"https:\/\/www.elementvape.de\/pl\/produkt\/120w-vape-kit-riesiger-dampf-1800mah-eingebauter\/","og_locale":"pl_PL","og_type":"article","og_title":"P10 120w vape kit riesiger dampf 1800mah eingebauter batterie box mod mit 3,0 ml tank elektronische zigarette kit vaper vape pen vapor izer | ElementVape.de","og_description":"Wir bieten P10 120w vape kit riesiger dampf 1800mah eingebauter batterie box mod mit 3,0 ml tank elektronische zigarette kit vaper vape pen vapor izer , Elementvape.de akzeptieren Gro\u00df-und Einzelhandel Bestellungen.","og_url":"https:\/\/www.elementvape.de\/pl\/produkt\/120w-vape-kit-riesiger-dampf-1800mah-eingebauter\/","og_site_name":"ElementVape.de","article_modified_time":"2024-09-12T10:34:15+00:00","og_image":[{"width":1000,"height":1000,"url":"https:\/\/ae01.alicdn.com\/kf\/Sb37104d94d5f48bebd8701c798a5b335V\/P10-120w-vape-kit-riesiger-dampf-1800mah-eingebauter-batterie-box-mod-mit-3-0-ml-tank.jpg","type":"image\/jpeg"}],"twitter_card":"summary_large_image","twitter_misc":{"Est. reading time":"5 minut"},"schema":{"@context":"https:\/\/schema.org","@graph":[{"@type":"WebPage","@id":"https:\/\/www.elementvape.de\/produkt\/120w-vape-kit-riesiger-dampf-1800mah-eingebauter\/","url":"https:\/\/www.elementvape.de\/produkt\/120w-vape-kit-riesiger-dampf-1800mah-eingebauter\/","name":"P10 120w vape kit riesiger dampf 1800mah eingebauter batterie box mod mit 3,0 ml tank elektronische zigarette kit vaper vape pen vapor izer | ElementVape.de","isPartOf":{"@id":"https:\/\/www.elementvape.de\/#website"},"primaryImageOfPage":{"@id":"https:\/\/www.elementvape.de\/produkt\/120w-vape-kit-riesiger-dampf-1800mah-eingebauter\/#primaryimage"},"image":{"@id":"https:\/\/www.elementvape.de\/produkt\/120w-vape-kit-riesiger-dampf-1800mah-eingebauter\/#primaryimage"},"thumbnailUrl":"https:\/\/ae01.alicdn.com\/kf\/Sb37104d94d5f48bebd8701c798a5b335V\/P10-120w-vape-kit-riesiger-dampf-1800mah-eingebauter-batterie-box-mod-mit-3-0-ml-tank.jpg","datePublished":"2024-04-20T05:53:23+00:00","dateModified":"2024-09-12T10:34:15+00:00","description":"Wir bieten P10 120w vape kit riesiger dampf 1800mah eingebauter batterie box mod mit 3,0 ml tank elektronische zigarette kit vaper vape pen vapor izer , Elementvape.de akzeptieren Gro\u00df-und Einzelhandel Bestellungen.","breadcrumb":{"@id":"https:\/\/www.elementvape.de\/produkt\/120w-vape-kit-riesiger-dampf-1800mah-eingebauter\/#breadcrumb"},"inLanguage":"pl-PL","potentialAction":[{"@type":"ReadAction","target":["https:\/\/www.elementvape.de\/produkt\/120w-vape-kit-riesiger-dampf-1800mah-eingebauter\/"]}]},{"@type":"ImageObject","inLanguage":"pl-PL","@id":"https:\/\/www.elementvape.de\/produkt\/120w-vape-kit-riesiger-dampf-1800mah-eingebauter\/#primaryimage","url":"https:\/\/ae01.alicdn.com\/kf\/Sb37104d94d5f48bebd8701c798a5b335V\/P10-120w-vape-kit-riesiger-dampf-1800mah-eingebauter-batterie-box-mod-mit-3-0-ml-tank.jpg","contentUrl":"https:\/\/ae01.alicdn.com\/kf\/Sb37104d94d5f48bebd8701c798a5b335V\/P10-120w-vape-kit-riesiger-dampf-1800mah-eingebauter-batterie-box-mod-mit-3-0-ml-tank.jpg","width":1000,"height":1000},{"@type":"BreadcrumbList","@id":"https:\/\/www.elementvape.de\/produkt\/120w-vape-kit-riesiger-dampf-1800mah-eingebauter\/#breadcrumb","itemListElement":[{"@type":"ListItem","position":1,"name":"Home","item":"https:\/\/www.elementvape.de\/"},{"@type":"ListItem","position":2,"name":"Shop","item":"https:\/\/www.elementvape.de\/shop\/"},{"@type":"ListItem","position":3,"name":"P10 120w vape kit riesiger dampf 1800mah eingebauter batterie box mod mit 3,0 ml tank elektronische zigarette kit vaper vape pen vapor izer"}]},{"@type":"WebSite","@id":"https:\/\/www.elementvape.de\/#website","url":"https:\/\/www.elementvape.de\/","name":"ElementVape.de","description":"","publisher":{"@id":"https:\/\/www.elementvape.de\/#organization"},"potentialAction":[{"@type":"SearchAction","target":{"@type":"EntryPoint","urlTemplate":"https:\/\/www.elementvape.de\/?s={search_term_string}"},"query-input":"required name=search_term_string"}],"inLanguage":"pl-PL"},{"@type":"Organization","@id":"https:\/\/www.elementvape.de\/#organization","name":"ElementVape.DE","url":"https:\/\/www.elementvape.de\/","logo":{"@type":"ImageObject","inLanguage":"pl-PL","@id":"https:\/\/www.elementvape.de\/#\/schema\/logo\/image\/","url":"https:\/\/www.elementvape.de\/wp-content\/uploads\/2024\/09\/cropped-1elementvape-3.png","contentUrl":"https:\/\/www.elementvape.de\/wp-content\/uploads\/2024\/09\/cropped-1elementvape-3.png","width":285,"height":228,"caption":"ElementVape.DE"},"image":{"@id":"https:\/\/www.elementvape.de\/#\/schema\/logo\/image\/"}}]}},"_links":{"self":[{"href":"https:\/\/www.elementvape.de\/pl\/wp-json\/wp\/v2\/product\/8086"}],"collection":[{"href":"https:\/\/www.elementvape.de\/pl\/wp-json\/wp\/v2\/product"}],"about":[{"href":"https:\/\/www.elementvape.de\/pl\/wp-json\/wp\/v2\/types\/product"}],"wp:featuredmedia":[{"embeddable":true,"href":"https:\/\/www.elementvape.de\/pl\/wp-json\/wp\/v2\/media\/8087"}],"wp:attachment":[{"href":"https:\/\/www.elementvape.de\/pl\/wp-json\/wp\/v2\/media?parent=8086"}],"wp:term":[{"taxonomy":"product_cat","embeddable":true,"href":"https:\/\/www.elementvape.de\/pl\/wp-json\/wp\/v2\/product_cat?post=8086"},{"taxonomy":"product_tag","embeddable":true,"href":"https:\/\/www.elementvape.de\/pl\/wp-json\/wp\/v2\/product_tag?post=8086"}],"curies":[{"name":"wp","href":"https:\/\/api.w.org\/{rel}","templated":true}]}}