{"id":7048,"date":"2024-04-20T06:15:12","date_gmt":"2024-04-20T06:15:12","guid":{"rendered":"https:\/\/www.elementvape.de\/?post_type=product&#038;p=7048"},"modified":"2024-12-12T06:37:18","modified_gmt":"2024-12-12T06:37:18","slug":"kingtons-blk-kuss-kit-e-zigarette-kraeuter-vape-stift","status":"publish","type":"product","link":"https:\/\/www.elementvape.de\/pl\/produkt\/kingtons-blk-kuss-kit-e-zigarette-kraeuter-vape-stift\/","title":{"rendered":"Kingtons BLK Kuss Kit E-papieros zio\u0142owy Vape Stick"},"content":{"rendered":"<p>&nbsp;<\/p>\n<div class=\"product-specs-list-container\">\n<ul class=\"product-specs-list util-clearfix\">\n<li class=\"product-prop line-limit-length\"><span class=\"property-title\">Wygl\u0105d:\u00a0<\/span><span class=\"property-desc line-limit-length\">Forma cylindryczna<\/span><\/li>\n<li class=\"product-prop line-limit-length\"><span class=\"property-title\">Kompatybilny akumulator:\u00a0<\/span><span class=\"property-desc line-limit-length\">Brak<\/span><\/li>\n<li class=\"product-prop line-limit-length\"><span class=\"property-title\">Funkcja monitorowania liczby palenia:\u00a0<\/span><span class=\"property-desc line-limit-length\">Nie<\/span><\/li>\n<li class=\"product-prop line-limit-length\"><span class=\"property-title\">Etui silikonowe:\u00a0<\/span><span class=\"property-desc line-limit-length\">Nie<\/span><\/li>\n<li class=\"product-prop line-limit-length\"><span class=\"property-title\">Regulacja temperatury:\u00a0<\/span><span class=\"property-desc line-limit-length\">Ja<\/span><\/li>\n<li class=\"product-prop line-limit-length\"><span class=\"property-title\">Wbudowany lub zewn\u0119trzny akumulator:\u00a0<\/span><span class=\"property-desc line-limit-length\">Wbudowany<\/span><\/li>\n<li class=\"product-prop line-limit-length\"><span class=\"property-title\">Funkcja ochrony przed zwarciem:\u00a0<\/span><span class=\"property-desc line-limit-length\">Ja<\/span><\/li>\n<li class=\"product-prop line-limit-length\"><span class=\"property-title\">Funkcja ochrony przed przegrzaniem:\u00a0<\/span><span class=\"property-desc line-limit-length\">Ja<\/span><\/li>\n<li class=\"product-prop line-limit-length\"><span class=\"property-title\">Funkcja alarmu niskiego napi\u0119cia:\u00a0<\/span><span class=\"property-desc line-limit-length\">Ja<\/span><\/li>\n<li class=\"product-prop line-limit-length\"><span class=\"property-title\">Funkcja identyfikacji atomizera:\u00a0<\/span><span class=\"property-desc line-limit-length\">Ja<\/span><\/li>\n<li class=\"product-prop line-limit-length\"><span class=\"property-title\">Tryb ustawie\u0144 TCR:\u00a0<\/span><span class=\"property-desc line-limit-length\">Nie<\/span><\/li>\n<li class=\"product-prop line-limit-length\"><span class=\"property-title\">Nominalna pojemno\u015b\u0107:\u00a0<\/span><span class=\"property-desc line-limit-length\">Brak<\/span><\/li>\n<li class=\"product-prop line-limit-length\"><span class=\"property-title\">Materia\u0142:\u00a0<\/span><span class=\"property-desc line-limit-length\">Metal<\/span><\/li>\n<li class=\"product-prop line-limit-length\"><span class=\"property-title\">Kompatybilny model:\u00a0<\/span><span class=\"property-desc line-limit-length\">Waporyzator do suszu<\/span><\/li>\n<li class=\"product-prop line-limit-length\"><span class=\"property-title\">Numer modelu:\u00a0<\/span><span class=\"property-desc line-limit-length\">Kingtons BLK Kiss Kit<\/span><\/li>\n<li class=\"product-prop line-limit-length\"><span class=\"property-title\">\u0141adowarka USB:\u00a0<\/span><span class=\"property-desc line-limit-length\">Ja<\/span><\/li>\n<li class=\"product-prop line-limit-length\"><span class=\"property-title\">Aktualizacja oprogramowania:\u00a0<\/span><span class=\"property-desc line-limit-length\">Ja<\/span><\/li>\n<li class=\"product-prop line-limit-length\"><span class=\"property-title\">Wy\u015bwietlacz:\u00a0<\/span><span class=\"property-desc line-limit-length\">Ja<\/span><\/li>\n<li class=\"product-prop line-limit-length\"><span class=\"property-title\">Typ:\u00a0<\/span><span class=\"property-desc line-limit-length\">Z bateri\u0105<\/span><\/li>\n<li class=\"product-prop line-limit-length\"><span class=\"property-title\">Nazwa marki:\u00a0<\/span><span class=\"property-desc line-limit-length\">Kingtons<\/span><\/li>\n<li class=\"product-prop line-limit-length\"><span class=\"property-title\">Pochodzenie:\u00a0<\/span><span class=\"property-desc line-limit-length\">CN (pochodzenie)<\/span><\/li>\n<\/ul>\n<\/div>\n<div class=\"detailmodule_html\">\n<div class=\"detail-desc-decorate-richtext\">\n<div class=\"detailmodule_text\">\n<p class=\"detail-desc-decorate-title\" style=\"font-family: OpenSans; font-size: 20px; font-weight: 900; line-height: 28px; margin-bottom: 12px;\">Oryginalny Kingtons BLK Kuss Kit 1600mAh bateria 1,2 ml piec ceramiczny OLED elektroniczna papieros zio\u0142owy Vape pi\u00f3ro suszone zio\u0142a waporyzator<\/p>\n<p class=\"detail-desc-decorate-content\" style=\"font-family: OpenSans; font-size: 14px; font-weight: 300; line-height: 20px; margin-bottom: 12px;\">BLK Kuss waporyzator jest znany jako suszony zio\u0142owy waporyzator, kt\u00f3ry ma kompaktowy rozmiar i ergonomiczny design. Sk\u0142ada si\u0119 z 1,2 ml pieca i wbudowanej baterii 1600mAh. Z czystym szk\u0142em izoluj\u0105cym \u015bcie\u017ck\u0119 powietrza, zapewnia czysty i g\u0119sty vapor. Dodatkowo, posiada \u0142atwo zdejmowan\u0105 i czyszczon\u0105 nak\u0142adk\u0119 dyszy. Ponadto, korzysta z designu typu shutter, sprzyjaj\u0105cego odprowadzaniu ciep\u0142a, z portem \u0142adowania Typ-C. Co wi\u0119cej, jest wyposa\u017cony w ekran OLED, wy\u015bwietlaj\u0105cy temperatur\u0119, odliczanie czasu i poziom mocy.<\/p>\n<\/div>\n<div class=\"detailmodule_text\">\n<p class=\"detail-desc-decorate-title\" style=\"font-family: OpenSans; font-size: 20px; font-weight: 900; line-height: 28px; margin-bottom: 12px;\">Specyfikacja:<\/p>\n<p class=\"detail-desc-decorate-content\" style=\"font-family: OpenSans; font-size: 14px; font-weight: 300; line-height: 20px; margin-bottom: 12px;\">Marka: Kingtons<br \/>\nNazwa produktu: BLK Kuss Waporyzator<br \/>\nKorpus: Tworzywo sztuczne<br \/>\nRozmiar: 126x 29,2 x25mm<br \/>\nPiec: 1,2 ml<br \/>\nPojemno\u015b\u0107 baterii: 1600mAh<br \/>\nPodgrzewanie: Ceramiczne<br \/>\nOp\u00f3r: 0,6 ohma<br \/>\nTemperatura: 320 \u00b0F ~ 446 \u00b0F<br \/>\nKolor: Czarny<\/p>\n<\/div>\n<div class=\"detailmodule_text\">\n<p class=\"detail-desc-decorate-title\" style=\"font-family: OpenSans; font-size: 20px; font-weight: 900; line-height: 28px; margin-bottom: 12px;\">Szczeg\u00f3\u0142y:<\/p>\n<p class=\"detail-desc-decorate-content\" style=\"font-family: OpenSans; font-size: 14px; font-weight: 300; line-height: 20px; margin-bottom: 12px;\">1. 1,2 ml piec i wbudowana bateria 1600mAh<br \/>\n2. Czyste szk\u0142o izoluj\u0105ce \u015bcie\u017ck\u0119 powietrza, czysty i g\u0119sty vapor<br \/>\n3. \u0141atwo zdejmowana nak\u0142adka dyszy, bardziej sprzyjaj\u0105ca czyszczeniu<br \/>\n4. Design typu shutter, sprzyjaj\u0105cy odprowadzaniu ciep\u0142a, port \u0142adowania Typ-C<br \/>\n5. Ekran OLED wy\u015bwietlaj\u0105cy temperatur\u0119, odliczanie czasu i poziom mocy<\/p>\n<\/div>\n<div class=\"detailmodule_text\">\n<p class=\"detail-desc-decorate-title\" style=\"font-family: OpenSans; font-size: 20px; font-weight: 900; line-height: 28px; margin-bottom: 12px;\">Paczka zawiera:<\/p>\n<p class=\"detail-desc-decorate-content\" style=\"font-family: OpenSans; font-size: 14px; font-weight: 300; line-height: 20px; margin-bottom: 12px;\">1 x BLK Kuss Waporyzator<br \/>\n1 x Szklana rura<br \/>\n1 x P\u0119dzel<br \/>\n1 x p\u0119seta<br \/>\n1 x opakowanie narz\u0119dziowe<br \/>\n2 x zapasowy filtr ekranowy<br \/>\n1 x \u0141adowarka USB<br \/>\n1 x Instrukcja obs\u0142ugi<\/p>\n<\/div>\n<div class=\"detailmodule_image\"><img decoding=\"async\" loading=\"lazy\" class=\"detail-desc-decorate-image\" src=\"https:\/\/ae01.alicdn.com\/kf\/Hdcc5433563974ba6a2b845ee11dad5425.jpg\" \/><img decoding=\"async\" loading=\"lazy\" class=\"detail-desc-decorate-image\" src=\"https:\/\/ae01.alicdn.com\/kf\/H0a00728797574d43b06110320d5fbaf0t.jpg\" \/><img decoding=\"async\" loading=\"lazy\" class=\"detail-desc-decorate-image\" src=\"https:\/\/ae01.alicdn.com\/kf\/Hf77aac58391c4356b880bd6488315d4f1.jpg\" \/><img decoding=\"async\" loading=\"lazy\" class=\"detail-desc-decorate-image\" src=\"https:\/\/ae01.alicdn.com\/kf\/H17ccd3e56a424bae91e482242fd8eeb1s.jpg\" \/><img decoding=\"async\" loading=\"lazy\" class=\"detail-desc-decorate-image\" src=\"https:\/\/ae01.alicdn.com\/kf\/H829b3b0680034acb9c2a314eb534ad98i.jpg\" \/><img decoding=\"async\" loading=\"lazy\" class=\"detail-desc-decorate-image\" src=\"https:\/\/ae01.alicdn.com\/kf\/H3c87a07ddcb942129f8e817b89af38eeb.jpg\" \/><\/div>\n<p>&nbsp;<\/p>\n<\/div>\n<\/div>","protected":false},"excerpt":{"rendered":"<p>&nbsp; Aussehen:\u00a0Zylindrische Form Kompatibler Akku:\u00a0Kein \u00dcberwachung Funktion Von Rauchen Anzahl:\u00a0Nein Silikon Fall:\u00a0Nein Temperaturregelung:\u00a0Ja Eingebaute Oder Externe Batterie:\u00a0Eingebaute Kurzschlussschutz Funktion:\u00a0Ja \u00dcberhitzungsschutz-funktion:\u00a0Ja Niederspannungsalarmfunktion:\u00a0Ja Zerst\u00e4uber Identifikation Funktion:\u00a0Ja TCR Einstellung Modi:\u00a0Nein Nominale Kapazit\u00e4t:\u00a0Kein Material:\u00a0Metall Compatible Model:\u00a0Dry Herb Vaporizer Modellnummer:\u00a0Kingtons BLK Kiss Kit Usb-ladeger\u00e4t:\u00a0Ja Firmware-upgrade:\u00a0Ja Display:\u00a0Ja Art:\u00a0Mit Batterie Markenname:\u00a0Kingtons Ursprung:\u00a0CN (Herkunft) Original Kingtons BLK Kuss Kit 1600mAh Batterie 1,2 ml [&hellip;]<\/p>","protected":false},"featured_media":7049,"template":"","meta":{"inline_featured_image":false},"product_cat":[752,756,739,743,76,79,81],"product_tag":[],"tiered_pricing_type":"fixed","tiered_pricing_fixed_rules":[],"tiered_pricing_percentage_rules":[],"tiered_pricing_minimum":1,"_administrator_tiered_pricing_type":"fixed","_administrator_tiered_pricing_fixed_rules":[],"_editor_tiered_pricing_type":"fixed","_editor_tiered_pricing_fixed_rules":[],"_author_tiered_pricing_type":"fixed","_author_tiered_pricing_fixed_rules":[],"_contributor_tiered_pricing_type":"fixed","_contributor_tiered_pricing_fixed_rules":[],"_subscriber_tiered_pricing_type":"fixed","_subscriber_tiered_pricing_fixed_rules":[],"_customer_tiered_pricing_type":"fixed","_customer_tiered_pricing_fixed_rules":[],"_shop_manager_tiered_pricing_type":"fixed","_shop_manager_tiered_pricing_fixed_rules":[],"_wpseo_manager_tiered_pricing_type":"fixed","_wpseo_manager_tiered_pricing_fixed_rules":[],"_wpseo_editor_tiered_pricing_type":"fixed","_wpseo_editor_tiered_pricing_fixed_rules":[],"_wholesale_customer_tiered_pricing_type":"fixed","_wholesale_customer_tiered_pricing_fixed_rules":[],"_marketer_tiered_pricing_type":"fixed","_marketer_tiered_pricing_fixed_rules":[],"_sales_manager_tiered_pricing_type":"fixed","_sales_manager_tiered_pricing_fixed_rules":[],"_sales_rep_tiered_pricing_type":"fixed","_sales_rep_tiered_pricing_fixed_rules":[],"yoast_head":"<!-- This site is optimized with the Yoast SEO plugin v23.3 - https:\/\/yoast.com\/wordpress\/plugins\/seo\/ -->\n<title>Kingtons BLK Kuss Kit E-Zigarette Kr\u00e4uter Vape Stift | ElementVape.de<\/title>\n<meta name=\"description\" content=\"Wir bieten Kingtons BLK Kuss Kit E-Zigarette Kr\u00e4uter Vape Stift , Elementvape.de akzeptieren Gro\u00df-und Einzelhandel Bestellungen.\" \/>\n<meta name=\"robots\" content=\"index, follow, max-snippet:-1, max-image-preview:large, max-video-preview:-1\" \/>\n<link rel=\"canonical\" href=\"https:\/\/www.elementvape.de\/pl\/produkt\/kingtons-blk-kuss-kit-e-zigarette-kraeuter-vape-stift\/\" \/>\n<meta property=\"og:locale\" content=\"pl_PL\" \/>\n<meta property=\"og:type\" content=\"article\" \/>\n<meta property=\"og:title\" content=\"Kingtons BLK Kuss Kit E-Zigarette Kr\u00e4uter Vape Stift | ElementVape.de\" \/>\n<meta property=\"og:description\" content=\"Wir bieten Kingtons BLK Kuss Kit E-Zigarette Kr\u00e4uter Vape Stift , Elementvape.de akzeptieren Gro\u00df-und Einzelhandel Bestellungen.\" \/>\n<meta property=\"og:url\" content=\"https:\/\/www.elementvape.de\/pl\/produkt\/kingtons-blk-kuss-kit-e-zigarette-kraeuter-vape-stift\/\" \/>\n<meta property=\"og:site_name\" content=\"ElementVape.de\" \/>\n<meta property=\"article:modified_time\" content=\"2024-12-12T06:37:18+00:00\" \/>\n<meta property=\"og:image\" content=\"https:\/\/ae01.alicdn.com\/kf\/Hbb375bf3d27c40d7974f4a732f3eb15bP\/Original-Kingtons-BLK-Kuss-Kit-1600mAh-Batterie-1-2-ml-Ofen-Keramik-OLED-Elektronische-Zigarette-Kr.png\" \/>\n\t<meta property=\"og:image:width\" content=\"800\" \/>\n\t<meta property=\"og:image:height\" content=\"800\" \/>\n\t<meta property=\"og:image:type\" content=\"image\/png\" \/>\n<meta name=\"twitter:card\" content=\"summary_large_image\" \/>\n<meta name=\"twitter:label1\" content=\"Est. reading time\" \/>\n\t<meta name=\"twitter:data1\" content=\"3 minuty\" \/>\n<script type=\"application\/ld+json\" class=\"yoast-schema-graph\">{\"@context\":\"https:\/\/schema.org\",\"@graph\":[{\"@type\":\"WebPage\",\"@id\":\"https:\/\/www.elementvape.de\/sv\/produkt\/kingtons-blk-kuss-kit-e-zigarette-kraeuter-vape-stift\/\",\"url\":\"https:\/\/www.elementvape.de\/sv\/produkt\/kingtons-blk-kuss-kit-e-zigarette-kraeuter-vape-stift\/\",\"name\":\"Kingtons BLK Kuss Kit E-Zigarette Kr\u00e4uter Vape Stift | ElementVape.de\",\"isPartOf\":{\"@id\":\"https:\/\/www.elementvape.de\/#website\"},\"primaryImageOfPage\":{\"@id\":\"https:\/\/www.elementvape.de\/sv\/produkt\/kingtons-blk-kuss-kit-e-zigarette-kraeuter-vape-stift\/#primaryimage\"},\"image\":{\"@id\":\"https:\/\/www.elementvape.de\/sv\/produkt\/kingtons-blk-kuss-kit-e-zigarette-kraeuter-vape-stift\/#primaryimage\"},\"thumbnailUrl\":\"https:\/\/ae01.alicdn.com\/kf\/Hbb375bf3d27c40d7974f4a732f3eb15bP\/Original-Kingtons-BLK-Kuss-Kit-1600mAh-Batterie-1-2-ml-Ofen-Keramik-OLED-Elektronische-Zigarette-Kr.png\",\"datePublished\":\"2024-04-20T06:15:12+00:00\",\"dateModified\":\"2024-12-12T06:37:18+00:00\",\"description\":\"Wir bieten Kingtons BLK Kuss Kit E-Zigarette Kr\u00e4uter Vape Stift , Elementvape.de akzeptieren Gro\u00df-und Einzelhandel Bestellungen.\",\"breadcrumb\":{\"@id\":\"https:\/\/www.elementvape.de\/sv\/produkt\/kingtons-blk-kuss-kit-e-zigarette-kraeuter-vape-stift\/#breadcrumb\"},\"inLanguage\":\"pl-PL\",\"potentialAction\":[{\"@type\":\"ReadAction\",\"target\":[\"https:\/\/www.elementvape.de\/sv\/produkt\/kingtons-blk-kuss-kit-e-zigarette-kraeuter-vape-stift\/\"]}]},{\"@type\":\"ImageObject\",\"inLanguage\":\"pl-PL\",\"@id\":\"https:\/\/www.elementvape.de\/sv\/produkt\/kingtons-blk-kuss-kit-e-zigarette-kraeuter-vape-stift\/#primaryimage\",\"url\":\"https:\/\/ae01.alicdn.com\/kf\/Hbb375bf3d27c40d7974f4a732f3eb15bP\/Original-Kingtons-BLK-Kuss-Kit-1600mAh-Batterie-1-2-ml-Ofen-Keramik-OLED-Elektronische-Zigarette-Kr.png\",\"contentUrl\":\"https:\/\/ae01.alicdn.com\/kf\/Hbb375bf3d27c40d7974f4a732f3eb15bP\/Original-Kingtons-BLK-Kuss-Kit-1600mAh-Batterie-1-2-ml-Ofen-Keramik-OLED-Elektronische-Zigarette-Kr.png\",\"width\":800,\"height\":800},{\"@type\":\"BreadcrumbList\",\"@id\":\"https:\/\/www.elementvape.de\/sv\/produkt\/kingtons-blk-kuss-kit-e-zigarette-kraeuter-vape-stift\/#breadcrumb\",\"itemListElement\":[{\"@type\":\"ListItem\",\"position\":1,\"name\":\"Home\",\"item\":\"https:\/\/www.elementvape.de\/\"},{\"@type\":\"ListItem\",\"position\":2,\"name\":\"Shop\",\"item\":\"https:\/\/www.elementvape.de\/shop\/\"},{\"@type\":\"ListItem\",\"position\":3,\"name\":\"Kingtons BLK Kuss Kit E-Zigarette Kr\u00e4uter Vape Stift\"}]},{\"@type\":\"WebSite\",\"@id\":\"https:\/\/www.elementvape.de\/#website\",\"url\":\"https:\/\/www.elementvape.de\/\",\"name\":\"ElementVape.de\",\"description\":\"\",\"publisher\":{\"@id\":\"https:\/\/www.elementvape.de\/#organization\"},\"potentialAction\":[{\"@type\":\"SearchAction\",\"target\":{\"@type\":\"EntryPoint\",\"urlTemplate\":\"https:\/\/www.elementvape.de\/?s={search_term_string}\"},\"query-input\":\"required name=search_term_string\"}],\"inLanguage\":\"pl-PL\"},{\"@type\":\"Organization\",\"@id\":\"https:\/\/www.elementvape.de\/#organization\",\"name\":\"ElementVape.DE\",\"url\":\"https:\/\/www.elementvape.de\/\",\"logo\":{\"@type\":\"ImageObject\",\"inLanguage\":\"pl-PL\",\"@id\":\"https:\/\/www.elementvape.de\/#\/schema\/logo\/image\/\",\"url\":\"https:\/\/www.elementvape.de\/wp-content\/uploads\/2024\/09\/cropped-1elementvape-3.png\",\"contentUrl\":\"https:\/\/www.elementvape.de\/wp-content\/uploads\/2024\/09\/cropped-1elementvape-3.png\",\"width\":285,\"height\":228,\"caption\":\"ElementVape.DE\"},\"image\":{\"@id\":\"https:\/\/www.elementvape.de\/#\/schema\/logo\/image\/\"}}]}<\/script>\n<!-- \/ Yoast SEO plugin. -->","yoast_head_json":{"title":"Kingtons BLK Kuss Kit E-Zigarette Kr\u00e4uter Vape Stift | ElementVape.de","description":"Wir bieten Kingtons BLK Kuss Kit E-Zigarette Kr\u00e4uter Vape Stift , Elementvape.de akzeptieren Gro\u00df-und Einzelhandel Bestellungen.","robots":{"index":"index","follow":"follow","max-snippet":"max-snippet:-1","max-image-preview":"max-image-preview:large","max-video-preview":"max-video-preview:-1"},"canonical":"https:\/\/www.elementvape.de\/pl\/produkt\/kingtons-blk-kuss-kit-e-zigarette-kraeuter-vape-stift\/","og_locale":"pl_PL","og_type":"article","og_title":"Kingtons BLK Kuss Kit E-Zigarette Kr\u00e4uter Vape Stift | ElementVape.de","og_description":"Wir bieten Kingtons BLK Kuss Kit E-Zigarette Kr\u00e4uter Vape Stift , Elementvape.de akzeptieren Gro\u00df-und Einzelhandel Bestellungen.","og_url":"https:\/\/www.elementvape.de\/pl\/produkt\/kingtons-blk-kuss-kit-e-zigarette-kraeuter-vape-stift\/","og_site_name":"ElementVape.de","article_modified_time":"2024-12-12T06:37:18+00:00","og_image":[{"width":800,"height":800,"url":"https:\/\/ae01.alicdn.com\/kf\/Hbb375bf3d27c40d7974f4a732f3eb15bP\/Original-Kingtons-BLK-Kuss-Kit-1600mAh-Batterie-1-2-ml-Ofen-Keramik-OLED-Elektronische-Zigarette-Kr.png","type":"image\/png"}],"twitter_card":"summary_large_image","twitter_misc":{"Est. reading time":"3 minuty"},"schema":{"@context":"https:\/\/schema.org","@graph":[{"@type":"WebPage","@id":"https:\/\/www.elementvape.de\/sv\/produkt\/kingtons-blk-kuss-kit-e-zigarette-kraeuter-vape-stift\/","url":"https:\/\/www.elementvape.de\/sv\/produkt\/kingtons-blk-kuss-kit-e-zigarette-kraeuter-vape-stift\/","name":"Kingtons BLK Kuss Kit E-Zigarette Kr\u00e4uter Vape Stift | ElementVape.de","isPartOf":{"@id":"https:\/\/www.elementvape.de\/#website"},"primaryImageOfPage":{"@id":"https:\/\/www.elementvape.de\/sv\/produkt\/kingtons-blk-kuss-kit-e-zigarette-kraeuter-vape-stift\/#primaryimage"},"image":{"@id":"https:\/\/www.elementvape.de\/sv\/produkt\/kingtons-blk-kuss-kit-e-zigarette-kraeuter-vape-stift\/#primaryimage"},"thumbnailUrl":"https:\/\/ae01.alicdn.com\/kf\/Hbb375bf3d27c40d7974f4a732f3eb15bP\/Original-Kingtons-BLK-Kuss-Kit-1600mAh-Batterie-1-2-ml-Ofen-Keramik-OLED-Elektronische-Zigarette-Kr.png","datePublished":"2024-04-20T06:15:12+00:00","dateModified":"2024-12-12T06:37:18+00:00","description":"Wir bieten Kingtons BLK Kuss Kit E-Zigarette Kr\u00e4uter Vape Stift , Elementvape.de akzeptieren Gro\u00df-und Einzelhandel Bestellungen.","breadcrumb":{"@id":"https:\/\/www.elementvape.de\/sv\/produkt\/kingtons-blk-kuss-kit-e-zigarette-kraeuter-vape-stift\/#breadcrumb"},"inLanguage":"pl-PL","potentialAction":[{"@type":"ReadAction","target":["https:\/\/www.elementvape.de\/sv\/produkt\/kingtons-blk-kuss-kit-e-zigarette-kraeuter-vape-stift\/"]}]},{"@type":"ImageObject","inLanguage":"pl-PL","@id":"https:\/\/www.elementvape.de\/sv\/produkt\/kingtons-blk-kuss-kit-e-zigarette-kraeuter-vape-stift\/#primaryimage","url":"https:\/\/ae01.alicdn.com\/kf\/Hbb375bf3d27c40d7974f4a732f3eb15bP\/Original-Kingtons-BLK-Kuss-Kit-1600mAh-Batterie-1-2-ml-Ofen-Keramik-OLED-Elektronische-Zigarette-Kr.png","contentUrl":"https:\/\/ae01.alicdn.com\/kf\/Hbb375bf3d27c40d7974f4a732f3eb15bP\/Original-Kingtons-BLK-Kuss-Kit-1600mAh-Batterie-1-2-ml-Ofen-Keramik-OLED-Elektronische-Zigarette-Kr.png","width":800,"height":800},{"@type":"BreadcrumbList","@id":"https:\/\/www.elementvape.de\/sv\/produkt\/kingtons-blk-kuss-kit-e-zigarette-kraeuter-vape-stift\/#breadcrumb","itemListElement":[{"@type":"ListItem","position":1,"name":"Home","item":"https:\/\/www.elementvape.de\/"},{"@type":"ListItem","position":2,"name":"Shop","item":"https:\/\/www.elementvape.de\/shop\/"},{"@type":"ListItem","position":3,"name":"Kingtons BLK Kuss Kit E-Zigarette Kr\u00e4uter Vape Stift"}]},{"@type":"WebSite","@id":"https:\/\/www.elementvape.de\/#website","url":"https:\/\/www.elementvape.de\/","name":"ElementVape.de","description":"","publisher":{"@id":"https:\/\/www.elementvape.de\/#organization"},"potentialAction":[{"@type":"SearchAction","target":{"@type":"EntryPoint","urlTemplate":"https:\/\/www.elementvape.de\/?s={search_term_string}"},"query-input":"required name=search_term_string"}],"inLanguage":"pl-PL"},{"@type":"Organization","@id":"https:\/\/www.elementvape.de\/#organization","name":"ElementVape.DE","url":"https:\/\/www.elementvape.de\/","logo":{"@type":"ImageObject","inLanguage":"pl-PL","@id":"https:\/\/www.elementvape.de\/#\/schema\/logo\/image\/","url":"https:\/\/www.elementvape.de\/wp-content\/uploads\/2024\/09\/cropped-1elementvape-3.png","contentUrl":"https:\/\/www.elementvape.de\/wp-content\/uploads\/2024\/09\/cropped-1elementvape-3.png","width":285,"height":228,"caption":"ElementVape.DE"},"image":{"@id":"https:\/\/www.elementvape.de\/#\/schema\/logo\/image\/"}}]}},"_links":{"self":[{"href":"https:\/\/www.elementvape.de\/pl\/wp-json\/wp\/v2\/product\/7048"}],"collection":[{"href":"https:\/\/www.elementvape.de\/pl\/wp-json\/wp\/v2\/product"}],"about":[{"href":"https:\/\/www.elementvape.de\/pl\/wp-json\/wp\/v2\/types\/product"}],"wp:featuredmedia":[{"embeddable":true,"href":"https:\/\/www.elementvape.de\/pl\/wp-json\/wp\/v2\/media\/7049"}],"wp:attachment":[{"href":"https:\/\/www.elementvape.de\/pl\/wp-json\/wp\/v2\/media?parent=7048"}],"wp:term":[{"taxonomy":"product_cat","embeddable":true,"href":"https:\/\/www.elementvape.de\/pl\/wp-json\/wp\/v2\/product_cat?post=7048"},{"taxonomy":"product_tag","embeddable":true,"href":"https:\/\/www.elementvape.de\/pl\/wp-json\/wp\/v2\/product_tag?post=7048"}],"curies":[{"name":"wp","href":"https:\/\/api.w.org\/{rel}","templated":true}]}}