{"id":6866,"date":"2024-04-20T03:50:57","date_gmt":"2024-04-20T03:50:57","guid":{"rendered":"https:\/\/www.elementvape.de\/?post_type=product&#038;p=6866"},"modified":"2024-12-12T06:37:31","modified_gmt":"2024-12-12T06:37:31","slug":"joyetech-eroll-slim-kit-mit-pcc-box-13w-vape-mit","status":"publish","type":"product","link":"https:\/\/www.elementvape.de\/pl\/produkt\/joyetech-eroll-slim-kit-mit-pcc-box-13w-vape-mit\/","title":{"rendered":"Joyetech Eroll Slim Kit z pude\u0142kiem PCC 13W Vape z"},"content":{"rendered":"<p>&nbsp;<\/p>\n<div class=\"product-specs-list-container\">\n<ul class=\"product-specs-list util-clearfix\">\n<li class=\"product-prop line-limit-length\"><span class=\"property-title\">Wygl\u0105d:\u00a0<\/span><span class=\"property-desc line-limit-length\">Kszta\u0142t pude\u0142ka<\/span><\/li>\n<li class=\"product-prop line-limit-length\"><span class=\"property-title\">Kompatybilny akumulator:\u00a0<\/span><span class=\"property-desc line-limit-length\">wbudowany akumulator<\/span><\/li>\n<li class=\"product-prop line-limit-length\"><span class=\"property-title\">Funkcja monitorowania liczby palenia:\u00a0<\/span><span class=\"property-desc line-limit-length\">Nie<\/span><\/li>\n<li class=\"product-prop line-limit-length\"><span class=\"property-title\">Etui silikonowe:\u00a0<\/span><span class=\"property-desc line-limit-length\">Nie<\/span><\/li>\n<li class=\"product-prop line-limit-length\"><span class=\"property-title\">Regulacja temperatury:\u00a0<\/span><span class=\"property-desc line-limit-length\">Nie<\/span><\/li>\n<li class=\"product-prop line-limit-length\"><span class=\"property-title\">Wbudowany lub zewn\u0119trzny akumulator:\u00a0<\/span><span class=\"property-desc line-limit-length\">Wbudowany<\/span><\/li>\n<li class=\"product-prop line-limit-length\"><span class=\"property-title\">Funkcja ochrony przed zwarciem:\u00a0<\/span><span class=\"property-desc line-limit-length\">Ja<\/span><\/li>\n<li class=\"product-prop line-limit-length\"><span class=\"property-title\">Funkcja ochrony przed przegrzaniem:\u00a0<\/span><span class=\"property-desc line-limit-length\">Ja<\/span><\/li>\n<li class=\"product-prop line-limit-length\"><span class=\"property-title\">Funkcja alarmu niskiego napi\u0119cia:\u00a0<\/span><span class=\"property-desc line-limit-length\">Ja<\/span><\/li>\n<li class=\"product-prop line-limit-length\"><span class=\"property-title\">Funkcja identyfikacji atomizera:\u00a0<\/span><span class=\"property-desc line-limit-length\">Ja<\/span><\/li>\n<li class=\"product-prop line-limit-length\"><span class=\"property-title\">Tryb ustawie\u0144 TCR:\u00a0<\/span><span class=\"property-desc line-limit-length\">Nie<\/span><\/li>\n<li class=\"product-prop line-limit-length\"><span class=\"property-title\">Nominalna pojemno\u015b\u0107:\u00a0<\/span><span class=\"property-desc line-limit-length\">Brak<\/span><\/li>\n<li class=\"product-prop line-limit-length\"><span class=\"property-title\">Materia\u0142:\u00a0<\/span><span class=\"property-desc line-limit-length\">Metal<\/span><\/li>\n<li class=\"product-prop line-limit-length\"><span class=\"property-title\">Kompatybilny model:\u00a0<\/span><span class=\"property-desc line-limit-length\">Elektroniczny papieros Vape Pen<\/span><\/li>\n<li class=\"product-prop line-limit-length\"><span class=\"property-title\">Numer modelu:\u00a0<\/span><span class=\"property-desc line-limit-length\">Zestaw Joyetech eRoll Slim z pude\u0142kiem PCC<\/span><\/li>\n<li class=\"product-prop line-limit-length\"><span class=\"property-title\">\u0141adowarka USB:\u00a0<\/span><span class=\"property-desc line-limit-length\">Ja<\/span><\/li>\n<li class=\"product-prop line-limit-length\"><span class=\"property-title\">Aktualizacja oprogramowania:\u00a0<\/span><span class=\"property-desc line-limit-length\">Ja<\/span><\/li>\n<li class=\"product-prop line-limit-length\"><span class=\"property-title\">Wy\u015bwietlacz:\u00a0<\/span><span class=\"property-desc line-limit-length\">Nie<\/span><\/li>\n<li class=\"product-prop line-limit-length\"><span class=\"property-title\">Typ:\u00a0<\/span><span class=\"property-desc line-limit-length\">Z bateri\u0105<\/span><\/li>\n<li class=\"product-prop line-limit-length\"><span class=\"property-title\">Nazwa marki:\u00a0<\/span><span class=\"property-desc line-limit-length\">JOYETECH<\/span><\/li>\n<li class=\"product-prop line-limit-length\"><span class=\"property-title\">Pochodzenie:\u00a0<\/span><span class=\"property-desc line-limit-length\">CN (pochodzenie)<\/span><\/li>\n<li class=\"product-prop line-limit-length\"><span class=\"property-title\">Pojemno\u015b\u0107 baterii:\u00a0<\/span><span class=\"property-desc line-limit-length\">Pude\u0142ko PCC: wbudowany akumulator 1500mAh, Zestaw eRoll Slim: wbudowany akumulator 480mAh<\/span><\/li>\n<li class=\"product-prop line-limit-length\"><span class=\"property-title\">Rozmiar:\u00a0<\/span><span class=\"property-desc line-limit-length\">Pude\u0142ko PCC: 23*44*107mm, Zestaw eRoll Slim: 16*120mm<\/span><\/li>\n<li class=\"product-prop line-limit-length\"><span class=\"property-title\">Pr\u0105d \u0142adowania:\u00a0<\/span><span class=\"property-desc line-limit-length\">Pude\u0142ko PCC: USB-C (5V\/2A), Zestaw eRoll Slim: USB-C (5V\/1A)<\/span><\/li>\n<li class=\"product-prop line-limit-length\"><span class=\"property-title\">Moc wyj\u015bciowa:\u00a0<\/span><span class=\"property-desc line-limit-length\">13W maksymalnie<\/span><\/li>\n<li class=\"product-prop line-limit-length\"><span class=\"property-title\">Pojemno\u015b\u0107 wk\u0142adki:\u00a0<\/span><span class=\"property-desc line-limit-length\">2ml<\/span><\/li>\n<li class=\"product-prop line-limit-length\"><span class=\"property-title\">Kolor:\u00a0<\/span><span class=\"property-desc line-limit-length\">Niebieski, Czerwony, Czarny, Gunmetal Grey, Z\u0142oty<\/span><\/li>\n<\/ul>\n<\/div>\n<div class=\"detailmodule_html\">\n<div class=\"detail-desc-decorate-richtext\">\n<div class=\"detailmodule_text\">\n<p id=\"tl_1\" class=\"detail-desc-decorate-title\" style=\"font-family: OpenSans; font-size: 20px; font-weight: 900; line-height: 28px; margin-bottom: 12px;\">Oryginalny zestaw Joyetech Eroll Slim z pude\u0142kiem PCC, 13W, z akumulatorem 480mAh, \u0142adowark\u0105 1500mAh, 2ml, poduszk\u0105 1,0 Ohm, e-papieros<\/p>\n<\/div>\n<div class=\"detailmodule_text\">\n<p id=\"tl_2\" class=\"detail-desc-decorate-title\" style=\"font-family: OpenSans; font-size: 20px; font-weight: 900; line-height: 28px; margin-bottom: 12px;\">Opis:<\/p>\n<p id=\"tl_3\" class=\"detail-desc-decorate-content\" style=\"font-family: OpenSans; font-size: 14px; font-weight: 300; line-height: 20px; margin-bottom: 12px;\">Zestaw Eroll Slim wykonany jest z metalu i sk\u00f3ry, co czyni go eleganckim i stylowym. Nap\u0119dzany jest wbudowanym akumulatorem 480mAh o maksymalnej mocy 13W, \u0142adowaniem przez USB-C. W zestawie znajduje si\u0119 r\u00f3wnie\u017c przeno\u015bny futera\u0142 \u0142aduj\u0105cy o pojemno\u015bci 1500mAh (pcc), aby wspiera\u0107 ca\u0142y dzie\u0144 vapowania. Eroll Slim wyposa\u017cony jest w wymienn\u0105 nasadk\u0119 o pojemno\u015bci 2ml, oferuj\u0105c\u0105 siatk\u0119 o oporze 1,0\u03a9, zapewniaj\u0105c niezr\u00f3wnany czysty smak i idealny uderzenie w gard\u0142o. W zestawie znajduj\u0105 si\u0119 standardowe\/ w\u0105skie ustniki 510, kt\u00f3re mog\u0105 zapewni\u0107 r\u00f3\u017cne do\u015bwiadczenia vapowania.<\/p>\n<\/div>\n<div class=\"detailmodule_text\">\n<p id=\"tl_4\" class=\"detail-desc-decorate-title\" style=\"font-family: OpenSans; font-size: 20px; font-weight: 900; line-height: 28px; margin-bottom: 12px;\">Parametry:<\/p>\n<p id=\"tl_5\" class=\"detail-desc-decorate-content\" style=\"font-family: OpenSans; font-size: 14px; font-weight: 300; line-height: 20px; margin-bottom: 12px;\">Marka: joyetech<br \/>\nNazwa produktu: eroll slim kit z pude\u0142kiem pcc<br \/>\nRozmiar pude\u0142ka pcc: 23*44*107mm<br \/>\nZestaw Eroll Slim: 16*120mm<br \/>\nPojemno\u015b\u0107 baterii: Pude\u0142ko PCC: wbudowany akumulator 1500mAh<br \/>\nZestaw Eroll Slim: wbudowany akumulator 480mAh<br \/>\nPr\u0105d \u0142adowania pude\u0142ka pcc: USB-C (5V\/2A)<br \/>\nZestaw Eroll slim: USB-C (5V\/1A)<br \/>\nMoc wyj\u015bciowa: 13W maksymalnie<br \/>\nPojemno\u015b\u0107 podu: 2 ml<br \/>\n\u015arednica otworu nape\u0142niaj\u0105cego: 3,5mm<br \/>\nZakres oporu: 1\u03a9<br \/>\nKolor: niebieski, czerwony, czarny, Gun metal Grey, z\u0142oty<\/p>\n<\/div>\n<div class=\"detailmodule_text\">\n<p id=\"tl_6\" class=\"detail-desc-decorate-title\" style=\"font-family: OpenSans; font-size: 20px; font-weight: 900; line-height: 28px; margin-bottom: 12px;\">Szczeg\u00f3\u0142y:<\/p>\n<p id=\"tl_7\" class=\"detail-desc-decorate-content\" style=\"font-family: OpenSans; font-size: 14px; font-weight: 300; line-height: 20px; margin-bottom: 12px;\">1. obs\u0142uguje wbudowan\u0105 bateri\u0119 vape o pojemno\u015bci 480mAh z maksymaln\u0105 moc\u0105 13w<br \/>\nWyposa\u017cony w przeno\u015bny futera\u0142 \u0142aduj\u0105cy 1500mAh (pcc)<br \/>\n3. obs\u0142uguje magnetyczne bezprzewodowe \u0142adowanie i \u0142adowanie USB-C<br \/>\n4. 3-kolorowy wska\u017anik baterii dla smuk\u0142ego Vape Pena<br \/>\n5. wska\u017anik baterii pcc, aby pozna\u0107 stan baterii<br \/>\n6. zaprojektowany z inteligentnym alarmem wibracyjnym<br \/>\n7. materia\u0142 metalowy i sk\u00f3rzany, ergonomiczny design<br \/>\n8. zawiera smuk\u0142\u0105, nape\u0142nian\u0105 wk\u0142adk\u0119 podow\u0105 2ml<br \/>\n9. wyposa\u017cony w standardow\u0105 i w\u0105sk\u0105 ko\u0144c\u00f3wk\u0119 ustnika 510<br \/>\n7. przyjmuje wewn\u0105trz 1.0\u03a9 drutow\u0105 cewk\u0119 dla czystego smaku<br \/>\n11. zaprojektowany z systemem aktywowanym poci\u0105gni\u0119ciem<\/p>\n<\/div>\n<div class=\"detailmodule_text\">\n<p id=\"tl_8\" class=\"detail-desc-decorate-title\" style=\"font-family: OpenSans; font-size: 20px; font-weight: 900; line-height: 28px; margin-bottom: 12px;\">Kompletny zestaw:<\/p>\n<p id=\"tl_9\" class=\"detail-desc-decorate-content\" style=\"font-family: OpenSans; font-size: 14px; font-weight: 300; line-height: 20px; margin-bottom: 12px;\">1 * pude\u0142ko pcc<br \/>\n1 * bateria eroll slim<br \/>\n1 * poduszka eroll slim<br \/>\n1 * standardowa ko\u0144c\u00f3wka 510<br \/>\n1 * w\u0105ska ko\u0144c\u00f3wka 510<br \/>\n1 * kabel USB typu-C<br \/>\n1 * Instrukcja obs\u0142ugi<br \/>\n1 * Karta gwarancyjna<\/p>\n<\/div>\n<div class=\"detailmodule_image\"><img decoding=\"async\" loading=\"lazy\" class=\"detail-desc-decorate-image\" src=\"https:\/\/ae01.alicdn.com\/kf\/S27be604cd35e4b109e4d1ff1285a6b24h.jpg\" \/><br \/>\n<img decoding=\"async\" loading=\"lazy\" class=\"detail-desc-decorate-image\" src=\"https:\/\/ae01.alicdn.com\/kf\/Sfc2c19326cab48f4846dd7a5e9037b68n.jpg\" \/><br \/>\n<img decoding=\"async\" loading=\"lazy\" class=\"detail-desc-decorate-image\" src=\"https:\/\/ae01.alicdn.com\/kf\/Sc35e62aebb98478799d14d98da488a85e.jpg\" \/><br \/>\n<img decoding=\"async\" loading=\"lazy\" class=\"detail-desc-decorate-image\" src=\"https:\/\/ae01.alicdn.com\/kf\/S3f2d462acdf845928045051e9397302cc.jpg\" \/><br \/>\n<img decoding=\"async\" loading=\"lazy\" class=\"detail-desc-decorate-image\" src=\"https:\/\/ae01.alicdn.com\/kf\/Sc1fa826792834b37afaa8b13477119dcq.jpg\" \/><br \/>\n<img decoding=\"async\" loading=\"lazy\" class=\"detail-desc-decorate-image\" src=\"https:\/\/ae01.alicdn.com\/kf\/S8d2de2b536314e8fbf84ccc836c0e8e5D.jpg\" \/><br \/>\n<img decoding=\"async\" loading=\"lazy\" class=\"detail-desc-decorate-image\" src=\"https:\/\/ae01.alicdn.com\/kf\/S70d565d82cbe4490975e1cf87a098d8fT.jpg\" \/><br \/>\n<img decoding=\"async\" loading=\"lazy\" class=\"detail-desc-decorate-image\" src=\"https:\/\/ae01.alicdn.com\/kf\/S81048d2ac21f43c693b55070d63676e6I.jpg\" \/><br \/>\n<img decoding=\"async\" loading=\"lazy\" class=\"detail-desc-decorate-image\" src=\"https:\/\/ae01.alicdn.com\/kf\/S57958f6c12fe497c8913fc7f9275be03d.jpg\" \/><br \/>\n<img decoding=\"async\" loading=\"lazy\" class=\"detail-desc-decorate-image\" src=\"https:\/\/ae01.alicdn.com\/kf\/S04329ce0dce440a295332a1ba26e8390y.jpg\" \/><\/div>\n<div class=\"detailmodule_image\"><img decoding=\"async\" loading=\"lazy\" class=\"detail-desc-decorate-image\" src=\"https:\/\/ae01.alicdn.com\/kf\/S5c6f96c15e5348b8a03f747b32b331434.jpg\" \/><\/div>\n<p>&nbsp;<\/p>\n<\/div>\n<\/div>","protected":false},"excerpt":{"rendered":"<p>&nbsp; Aussehen:\u00a0Box Form Kompatibler Akku:\u00a0built-in battery \u00dcberwachung Funktion Von Rauchen Anzahl:\u00a0Nein Silikon Fall:\u00a0Nein Temperaturregelung:\u00a0Nein Eingebaute Oder Externe Batterie:\u00a0Eingebaute Kurzschlussschutz Funktion:\u00a0Ja \u00dcberhitzungsschutz-funktion:\u00a0Ja Niederspannungsalarmfunktion:\u00a0Ja Zerst\u00e4uber Identifikation Funktion:\u00a0Ja TCR Einstellung Modi:\u00a0Nein Nominale Kapazit\u00e4t:\u00a0Kein Material:\u00a0Metall Compatible Model:\u00a0Electronic Cigarette Vape Pen Modellnummer:\u00a0Joyetech eRoll Slim Kit with PCC Box Usb-ladeger\u00e4t:\u00a0Ja Firmware-upgrade:\u00a0Ja Display:\u00a0Nein Art:\u00a0Mit Batterie Markenname:\u00a0JOYETECH Ursprung:\u00a0CN (Herkunft) Battery Capacity:\u00a0PCC Box: Built-in [&hellip;]<\/p>","protected":false},"featured_media":6868,"template":"","meta":{"inline_featured_image":false},"product_cat":[752,756,739,743,76,79,81],"product_tag":[],"tiered_pricing_type":"fixed","tiered_pricing_fixed_rules":[],"tiered_pricing_percentage_rules":[],"tiered_pricing_minimum":1,"_administrator_tiered_pricing_type":"fixed","_administrator_tiered_pricing_fixed_rules":[],"_editor_tiered_pricing_type":"fixed","_editor_tiered_pricing_fixed_rules":[],"_author_tiered_pricing_type":"fixed","_author_tiered_pricing_fixed_rules":[],"_contributor_tiered_pricing_type":"fixed","_contributor_tiered_pricing_fixed_rules":[],"_subscriber_tiered_pricing_type":"fixed","_subscriber_tiered_pricing_fixed_rules":[],"_customer_tiered_pricing_type":"fixed","_customer_tiered_pricing_fixed_rules":[],"_shop_manager_tiered_pricing_type":"fixed","_shop_manager_tiered_pricing_fixed_rules":[],"_wpseo_manager_tiered_pricing_type":"fixed","_wpseo_manager_tiered_pricing_fixed_rules":[],"_wpseo_editor_tiered_pricing_type":"fixed","_wpseo_editor_tiered_pricing_fixed_rules":[],"_wholesale_customer_tiered_pricing_type":"fixed","_wholesale_customer_tiered_pricing_fixed_rules":[],"_marketer_tiered_pricing_type":"fixed","_marketer_tiered_pricing_fixed_rules":[],"_sales_manager_tiered_pricing_type":"fixed","_sales_manager_tiered_pricing_fixed_rules":[],"_sales_rep_tiered_pricing_type":"fixed","_sales_rep_tiered_pricing_fixed_rules":[],"yoast_head":"<!-- This site is optimized with the Yoast SEO plugin v23.3 - https:\/\/yoast.com\/wordpress\/plugins\/seo\/ -->\n<title>Joyetech Eroll Slim Kit mit PCC Box 13W Vape mit | ElementVape.de<\/title>\n<meta name=\"description\" content=\"Wir bieten Joyetech Eroll Slim Kit mit PCC Box 13W Vape mit , Elementvape.de akzeptieren Gro\u00df-und Einzelhandel Bestellungen.\" \/>\n<meta name=\"robots\" content=\"index, follow, max-snippet:-1, max-image-preview:large, max-video-preview:-1\" \/>\n<link rel=\"canonical\" href=\"https:\/\/www.elementvape.de\/pl\/produkt\/joyetech-eroll-slim-kit-mit-pcc-box-13w-vape-mit\/\" \/>\n<meta property=\"og:locale\" content=\"pl_PL\" \/>\n<meta property=\"og:type\" content=\"article\" \/>\n<meta property=\"og:title\" content=\"Joyetech Eroll Slim Kit mit PCC Box 13W Vape mit | ElementVape.de\" \/>\n<meta property=\"og:description\" content=\"Wir bieten Joyetech Eroll Slim Kit mit PCC Box 13W Vape mit , Elementvape.de akzeptieren Gro\u00df-und Einzelhandel Bestellungen.\" \/>\n<meta property=\"og:url\" content=\"https:\/\/www.elementvape.de\/pl\/produkt\/joyetech-eroll-slim-kit-mit-pcc-box-13w-vape-mit\/\" \/>\n<meta property=\"og:site_name\" content=\"ElementVape.de\" \/>\n<meta property=\"article:modified_time\" content=\"2024-12-12T06:37:31+00:00\" \/>\n<meta property=\"og:image\" content=\"https:\/\/ae01.alicdn.com\/kf\/Sb094d586e6104294bd8cf3d84d707a5fM\/Original-Joyetech-Eroll-Slim-Kit-mit-PCC-Box-13W-Vape-mit-480mAh-Akku-1500mAh-Lade-koffer.jpg\" \/>\n\t<meta property=\"og:image:width\" content=\"800\" \/>\n\t<meta property=\"og:image:height\" content=\"800\" \/>\n\t<meta property=\"og:image:type\" content=\"image\/jpeg\" \/>\n<meta name=\"twitter:card\" content=\"summary_large_image\" \/>\n<meta name=\"twitter:label1\" content=\"Est. reading time\" \/>\n\t<meta name=\"twitter:data1\" content=\"5 minut\" \/>\n<script type=\"application\/ld+json\" class=\"yoast-schema-graph\">{\"@context\":\"https:\/\/schema.org\",\"@graph\":[{\"@type\":\"WebPage\",\"@id\":\"https:\/\/www.elementvape.de\/produkt\/joyetech-eroll-slim-kit-mit-pcc-box-13w-vape-mit\/\",\"url\":\"https:\/\/www.elementvape.de\/produkt\/joyetech-eroll-slim-kit-mit-pcc-box-13w-vape-mit\/\",\"name\":\"Joyetech Eroll Slim Kit mit PCC Box 13W Vape mit | ElementVape.de\",\"isPartOf\":{\"@id\":\"https:\/\/www.elementvape.de\/#website\"},\"primaryImageOfPage\":{\"@id\":\"https:\/\/www.elementvape.de\/produkt\/joyetech-eroll-slim-kit-mit-pcc-box-13w-vape-mit\/#primaryimage\"},\"image\":{\"@id\":\"https:\/\/www.elementvape.de\/produkt\/joyetech-eroll-slim-kit-mit-pcc-box-13w-vape-mit\/#primaryimage\"},\"thumbnailUrl\":\"https:\/\/ae01.alicdn.com\/kf\/Sb094d586e6104294bd8cf3d84d707a5fM\/Original-Joyetech-Eroll-Slim-Kit-mit-PCC-Box-13W-Vape-mit-480mAh-Akku-1500mAh-Lade-koffer.jpg\",\"datePublished\":\"2024-04-20T03:50:57+00:00\",\"dateModified\":\"2024-12-12T06:37:31+00:00\",\"description\":\"Wir bieten Joyetech Eroll Slim Kit mit PCC Box 13W Vape mit , Elementvape.de akzeptieren Gro\u00df-und Einzelhandel Bestellungen.\",\"breadcrumb\":{\"@id\":\"https:\/\/www.elementvape.de\/produkt\/joyetech-eroll-slim-kit-mit-pcc-box-13w-vape-mit\/#breadcrumb\"},\"inLanguage\":\"pl-PL\",\"potentialAction\":[{\"@type\":\"ReadAction\",\"target\":[\"https:\/\/www.elementvape.de\/produkt\/joyetech-eroll-slim-kit-mit-pcc-box-13w-vape-mit\/\"]}]},{\"@type\":\"ImageObject\",\"inLanguage\":\"pl-PL\",\"@id\":\"https:\/\/www.elementvape.de\/produkt\/joyetech-eroll-slim-kit-mit-pcc-box-13w-vape-mit\/#primaryimage\",\"url\":\"https:\/\/ae01.alicdn.com\/kf\/Sb094d586e6104294bd8cf3d84d707a5fM\/Original-Joyetech-Eroll-Slim-Kit-mit-PCC-Box-13W-Vape-mit-480mAh-Akku-1500mAh-Lade-koffer.jpg\",\"contentUrl\":\"https:\/\/ae01.alicdn.com\/kf\/Sb094d586e6104294bd8cf3d84d707a5fM\/Original-Joyetech-Eroll-Slim-Kit-mit-PCC-Box-13W-Vape-mit-480mAh-Akku-1500mAh-Lade-koffer.jpg\",\"width\":800,\"height\":800},{\"@type\":\"BreadcrumbList\",\"@id\":\"https:\/\/www.elementvape.de\/produkt\/joyetech-eroll-slim-kit-mit-pcc-box-13w-vape-mit\/#breadcrumb\",\"itemListElement\":[{\"@type\":\"ListItem\",\"position\":1,\"name\":\"Home\",\"item\":\"https:\/\/www.elementvape.de\/\"},{\"@type\":\"ListItem\",\"position\":2,\"name\":\"Shop\",\"item\":\"https:\/\/www.elementvape.de\/shop\/\"},{\"@type\":\"ListItem\",\"position\":3,\"name\":\"Joyetech Eroll Slim Kit mit PCC Box 13W Vape mit\"}]},{\"@type\":\"WebSite\",\"@id\":\"https:\/\/www.elementvape.de\/#website\",\"url\":\"https:\/\/www.elementvape.de\/\",\"name\":\"ElementVape.de\",\"description\":\"\",\"publisher\":{\"@id\":\"https:\/\/www.elementvape.de\/#organization\"},\"potentialAction\":[{\"@type\":\"SearchAction\",\"target\":{\"@type\":\"EntryPoint\",\"urlTemplate\":\"https:\/\/www.elementvape.de\/?s={search_term_string}\"},\"query-input\":\"required name=search_term_string\"}],\"inLanguage\":\"pl-PL\"},{\"@type\":\"Organization\",\"@id\":\"https:\/\/www.elementvape.de\/#organization\",\"name\":\"ElementVape.DE\",\"url\":\"https:\/\/www.elementvape.de\/\",\"logo\":{\"@type\":\"ImageObject\",\"inLanguage\":\"pl-PL\",\"@id\":\"https:\/\/www.elementvape.de\/#\/schema\/logo\/image\/\",\"url\":\"https:\/\/www.elementvape.de\/wp-content\/uploads\/2024\/09\/cropped-1elementvape-3.png\",\"contentUrl\":\"https:\/\/www.elementvape.de\/wp-content\/uploads\/2024\/09\/cropped-1elementvape-3.png\",\"width\":285,\"height\":228,\"caption\":\"ElementVape.DE\"},\"image\":{\"@id\":\"https:\/\/www.elementvape.de\/#\/schema\/logo\/image\/\"}}]}<\/script>\n<!-- \/ Yoast SEO plugin. -->","yoast_head_json":{"title":"Joyetech Eroll Slim Kit mit PCC Box 13W Vape mit | ElementVape.de","description":"Wir bieten Joyetech Eroll Slim Kit mit PCC Box 13W Vape mit , Elementvape.de akzeptieren Gro\u00df-und Einzelhandel Bestellungen.","robots":{"index":"index","follow":"follow","max-snippet":"max-snippet:-1","max-image-preview":"max-image-preview:large","max-video-preview":"max-video-preview:-1"},"canonical":"https:\/\/www.elementvape.de\/pl\/produkt\/joyetech-eroll-slim-kit-mit-pcc-box-13w-vape-mit\/","og_locale":"pl_PL","og_type":"article","og_title":"Joyetech Eroll Slim Kit mit PCC Box 13W Vape mit | ElementVape.de","og_description":"Wir bieten Joyetech Eroll Slim Kit mit PCC Box 13W Vape mit , Elementvape.de akzeptieren Gro\u00df-und Einzelhandel Bestellungen.","og_url":"https:\/\/www.elementvape.de\/pl\/produkt\/joyetech-eroll-slim-kit-mit-pcc-box-13w-vape-mit\/","og_site_name":"ElementVape.de","article_modified_time":"2024-12-12T06:37:31+00:00","og_image":[{"width":800,"height":800,"url":"https:\/\/ae01.alicdn.com\/kf\/Sb094d586e6104294bd8cf3d84d707a5fM\/Original-Joyetech-Eroll-Slim-Kit-mit-PCC-Box-13W-Vape-mit-480mAh-Akku-1500mAh-Lade-koffer.jpg","type":"image\/jpeg"}],"twitter_card":"summary_large_image","twitter_misc":{"Est. reading time":"5 minut"},"schema":{"@context":"https:\/\/schema.org","@graph":[{"@type":"WebPage","@id":"https:\/\/www.elementvape.de\/produkt\/joyetech-eroll-slim-kit-mit-pcc-box-13w-vape-mit\/","url":"https:\/\/www.elementvape.de\/produkt\/joyetech-eroll-slim-kit-mit-pcc-box-13w-vape-mit\/","name":"Joyetech Eroll Slim Kit mit PCC Box 13W Vape mit | ElementVape.de","isPartOf":{"@id":"https:\/\/www.elementvape.de\/#website"},"primaryImageOfPage":{"@id":"https:\/\/www.elementvape.de\/produkt\/joyetech-eroll-slim-kit-mit-pcc-box-13w-vape-mit\/#primaryimage"},"image":{"@id":"https:\/\/www.elementvape.de\/produkt\/joyetech-eroll-slim-kit-mit-pcc-box-13w-vape-mit\/#primaryimage"},"thumbnailUrl":"https:\/\/ae01.alicdn.com\/kf\/Sb094d586e6104294bd8cf3d84d707a5fM\/Original-Joyetech-Eroll-Slim-Kit-mit-PCC-Box-13W-Vape-mit-480mAh-Akku-1500mAh-Lade-koffer.jpg","datePublished":"2024-04-20T03:50:57+00:00","dateModified":"2024-12-12T06:37:31+00:00","description":"Wir bieten Joyetech Eroll Slim Kit mit PCC Box 13W Vape mit , Elementvape.de akzeptieren Gro\u00df-und Einzelhandel Bestellungen.","breadcrumb":{"@id":"https:\/\/www.elementvape.de\/produkt\/joyetech-eroll-slim-kit-mit-pcc-box-13w-vape-mit\/#breadcrumb"},"inLanguage":"pl-PL","potentialAction":[{"@type":"ReadAction","target":["https:\/\/www.elementvape.de\/produkt\/joyetech-eroll-slim-kit-mit-pcc-box-13w-vape-mit\/"]}]},{"@type":"ImageObject","inLanguage":"pl-PL","@id":"https:\/\/www.elementvape.de\/produkt\/joyetech-eroll-slim-kit-mit-pcc-box-13w-vape-mit\/#primaryimage","url":"https:\/\/ae01.alicdn.com\/kf\/Sb094d586e6104294bd8cf3d84d707a5fM\/Original-Joyetech-Eroll-Slim-Kit-mit-PCC-Box-13W-Vape-mit-480mAh-Akku-1500mAh-Lade-koffer.jpg","contentUrl":"https:\/\/ae01.alicdn.com\/kf\/Sb094d586e6104294bd8cf3d84d707a5fM\/Original-Joyetech-Eroll-Slim-Kit-mit-PCC-Box-13W-Vape-mit-480mAh-Akku-1500mAh-Lade-koffer.jpg","width":800,"height":800},{"@type":"BreadcrumbList","@id":"https:\/\/www.elementvape.de\/produkt\/joyetech-eroll-slim-kit-mit-pcc-box-13w-vape-mit\/#breadcrumb","itemListElement":[{"@type":"ListItem","position":1,"name":"Home","item":"https:\/\/www.elementvape.de\/"},{"@type":"ListItem","position":2,"name":"Shop","item":"https:\/\/www.elementvape.de\/shop\/"},{"@type":"ListItem","position":3,"name":"Joyetech Eroll Slim Kit mit PCC Box 13W Vape mit"}]},{"@type":"WebSite","@id":"https:\/\/www.elementvape.de\/#website","url":"https:\/\/www.elementvape.de\/","name":"ElementVape.de","description":"","publisher":{"@id":"https:\/\/www.elementvape.de\/#organization"},"potentialAction":[{"@type":"SearchAction","target":{"@type":"EntryPoint","urlTemplate":"https:\/\/www.elementvape.de\/?s={search_term_string}"},"query-input":"required name=search_term_string"}],"inLanguage":"pl-PL"},{"@type":"Organization","@id":"https:\/\/www.elementvape.de\/#organization","name":"ElementVape.DE","url":"https:\/\/www.elementvape.de\/","logo":{"@type":"ImageObject","inLanguage":"pl-PL","@id":"https:\/\/www.elementvape.de\/#\/schema\/logo\/image\/","url":"https:\/\/www.elementvape.de\/wp-content\/uploads\/2024\/09\/cropped-1elementvape-3.png","contentUrl":"https:\/\/www.elementvape.de\/wp-content\/uploads\/2024\/09\/cropped-1elementvape-3.png","width":285,"height":228,"caption":"ElementVape.DE"},"image":{"@id":"https:\/\/www.elementvape.de\/#\/schema\/logo\/image\/"}}]}},"_links":{"self":[{"href":"https:\/\/www.elementvape.de\/pl\/wp-json\/wp\/v2\/product\/6866"}],"collection":[{"href":"https:\/\/www.elementvape.de\/pl\/wp-json\/wp\/v2\/product"}],"about":[{"href":"https:\/\/www.elementvape.de\/pl\/wp-json\/wp\/v2\/types\/product"}],"wp:featuredmedia":[{"embeddable":true,"href":"https:\/\/www.elementvape.de\/pl\/wp-json\/wp\/v2\/media\/6868"}],"wp:attachment":[{"href":"https:\/\/www.elementvape.de\/pl\/wp-json\/wp\/v2\/media?parent=6866"}],"wp:term":[{"taxonomy":"product_cat","embeddable":true,"href":"https:\/\/www.elementvape.de\/pl\/wp-json\/wp\/v2\/product_cat?post=6866"},{"taxonomy":"product_tag","embeddable":true,"href":"https:\/\/www.elementvape.de\/pl\/wp-json\/wp\/v2\/product_tag?post=6866"}],"curies":[{"name":"wp","href":"https:\/\/api.w.org\/{rel}","templated":true}]}}