{"id":16322,"date":"2025-04-19T06:24:14","date_gmt":"2025-04-19T06:24:14","guid":{"rendered":"https:\/\/www.elementvape.de\/?post_type=product&#038;p=16322"},"modified":"2025-06-21T06:06:46","modified_gmt":"2025-06-21T06:06:46","slug":"bang-king-45000-zuege-watermelon-strawberry-ice-cream-triplemelon-fuer-fruchtigen-genuss","status":"publish","type":"product","link":"https:\/\/www.elementvape.de\/pl\/produkt\/bang-king-45000-zuege-watermelon-strawberry-ice-cream-triplemelon-fuer-fruchtigen-genuss\/","title":{"rendered":"BANG KING 45000 Zaci\u0105gni\u0119\u0107 Watermelon Strawberry Ice Cream Triplemelon dla owocowego smaku"},"content":{"rendered":"<h2 data-start=\"40\" data-end=\"117\"><strong data-start=\"43\" data-end=\"115\">BANG KING 45000 Zaci\u0105gni\u0119\u0107 Arbuz, Truskawkowe Lody, Trzymelony<\/strong><\/h2>\n<p data-start=\"185\" data-end=\"508\">BANG KING 45000 Zaci\u0105gni\u0119\u0107 wyznacza nowe standardy w zakresie jednorazowych e-papieros\u00f3w. Z pojemno\u015bci\u0105 do 45 000 zaci\u0105gni\u0119\u0107 i trzema starannie dobranymi smakami \u2013 arbuzem, lodami truskawkowymi i tr\u00f3jmelonem \u2013 urz\u0105dzenie to oferuje d\u0142ugotrwa\u0142e i intensywne doznania smakowe podczas vapowania.<\/p>\n<h3 data-start=\"515\" data-end=\"557\"><strong data-start=\"519\" data-end=\"557\">Szczeg\u00f3\u0142y smak\u00f3w<\/strong><\/h3>\n<p data-start=\"559\" data-end=\"777\"><strong data-start=\"559\" data-end=\"573\">Arbuz<\/strong><br data-start=\"573\" data-end=\"576\" \/>Orze\u017awiaj\u0105co s\u0142odki smak dojrza\u0142ego arbuza. Idealny dla vapowicz\u00f3w, kt\u00f3rzy preferuj\u0105 wyra\u017any, ch\u0142odny aromat. Ka\u017cde zaci\u0105gni\u0119cie przypomina gor\u0105cy letni dzie\u0144 i zapewnia przyjemne, orze\u017awiaj\u0105ce uczucie.<\/p>\n<p data-start=\"779\" data-end=\"994\"><strong data-start=\"779\" data-end=\"803\">Lody truskawkowe<\/strong><br data-start=\"803\" data-end=\"806\" \/>Harmonijna mieszanka owocowej truskawki i kremowych lod\u00f3w. Smak jest \u0142agodny, lekko s\u0142odkawy i pozostawia ch\u0142odz\u0105ce, kremowe wyko\u0144czenie \u2013 jak deser w formie vapowania.<\/p>\n<p data-start=\"996\" data-end=\"1198\"><strong data-start=\"996\" data-end=\"1011\">Trzymelony<\/strong><br data-start=\"1011\" data-end=\"1014\" \/>Trzy odmiany melon\u00f3w \u0142\u0105cz\u0105 si\u0119, tworz\u0105c tropikalne doznanie smakowe: miodowy melon, cantaloupe i arbuz zapewniaj\u0105 pe\u0142ny, soczysty aromat, kt\u00f3ry zachwyci mi\u0142o\u015bnik\u00f3w owoc\u00f3w.<\/p>\n<h3 data-start=\"1205\" data-end=\"1237\"><strong data-start=\"1209\" data-end=\"1237\">Technologia i wydajno\u015b\u0107<\/strong><\/h3>\n<p data-start=\"1239\" data-end=\"1586\">Wyposa\u017cony w nowoczesn\u0105 technologi\u0119 Mesh-Coil, oferuje <strong><a href=\"https:\/\/www.elementvape.de\/pl\/c\/bang-king-45000-puffs\/\">BANG KING 45000 Zaci\u0105gni\u0119\u0107<\/a><\/strong> r\u00f3wnomierne odparowywanie i intensywne wydobywanie smak\u00f3w.<br data-start=\"1384\" data-end=\"1387\" \/>Wydajny akumulator 650mAh zapewnia d\u0142ugi czas pracy, a port Type-C umo\u017cliwia szybkie i wygodne \u0142adowanie. Idealny do codziennego u\u017cytku, bez konieczno\u015bci cz\u0119stego \u0142adowania.<\/p>\n<h3 data-start=\"1593\" data-end=\"1627\"><strong data-start=\"1597\" data-end=\"1627\">Indywidualne poziomy nikotyny<\/strong><\/h3>\n<p data-start=\"1629\" data-end=\"1841\">W zale\u017cno\u015bci od preferencji, urz\u0105dzenie dost\u0119pne jest w r\u00f3\u017cnych poziomach nikotyny:<br data-start=\"1703\" data-end=\"1706\" \/>0 %, 2 %, 3 % i 5 % nikotyny<br data-start=\"1735\" data-end=\"1738\" \/>Ka\u017cdy u\u017cytkownik mo\u017ce dostosowa\u0107 swoje do\u015bwiadczenie vapowania \u2013 od ca\u0142kowicie beznikotynowego po intensywne.<\/p>\n<h3 data-start=\"1848\" data-end=\"1880\"><strong data-start=\"1852\" data-end=\"1880\">Zalety w skr\u00f3cie<\/strong><\/h3>\n<ul data-start=\"1882\" data-end=\"2168\">\n<li data-start=\"1882\" data-end=\"1939\">\n<p data-start=\"1884\" data-end=\"1939\">Do 45 000 zaci\u0105gni\u0119\u0107 \u2013 niezwykle d\u0142uga \u017cywotno\u015b\u0107<\/p>\n<\/li>\n<li data-start=\"1940\" data-end=\"1999\">\n<p data-start=\"1942\" data-end=\"1999\">Trzy wysokiej jako\u015bci aromaty \u2013 owocowe, kremowe, orze\u017awiaj\u0105ce<\/p>\n<\/li>\n<li data-start=\"2000\" data-end=\"2065\">\n<p data-start=\"2002\" data-end=\"2065\">Prosta obs\u0142uga \u2013 brak konieczno\u015bci nape\u0142niania lub wymiany<\/p>\n<\/li>\n<li data-start=\"2066\" data-end=\"2120\">\n<p data-start=\"2068\" data-end=\"2120\">Ponowne \u0142adowanie przez Type-C \u2013 szybkie i wydajne<\/p>\n<\/li>\n<li data-start=\"2121\" data-end=\"2168\">\n<p data-start=\"2123\" data-end=\"2168\">Odpowiedni dla pocz\u0105tkuj\u0105cych i do\u015bwiadczonych palaczy<\/p>\n<\/li>\n<\/ul>\n<p data-start=\"2190\" data-end=\"2467\">BANG KING 45000 poci\u0105gni\u0119\u0107 to idealny wyb\u00f3r dla tych, kt\u00f3rzy ceni\u0105 smak, wydajno\u015b\u0107 i prostot\u0119 obs\u0142ugi. Dzi\u0119ki wysokiej jako\u015bci aromatom i najnowocze\u015bniejszej technologii, ten jednorazowy sprz\u0119t zapewnia kompleksowe, przekonuj\u0105ce do\u015bwiadczenie vapowania \u2013 niezawodne, intensywne i d\u0142ugotrwa\u0142e.<\/p>","protected":false},"excerpt":{"rendered":"<p>BANG KING 45000 Z\u00fcge Watermelon, Strawberry Ice Cream, Triplemelon Die BANG KING 45000 Z\u00fcge setzt neue Ma\u00dfst\u00e4be im Bereich der Einweg-E-Zigaretten. Mit einer enormen Kapazit\u00e4t von bis zu 45.000 Z\u00fcgen und drei sorgf\u00e4ltig abgestimmten Geschmacksrichtungen \u2013 Watermelon, Strawberry Ice Cream und Triplemelon \u2013 bietet dieses Ger\u00e4t ein langanhaltendes und geschmacklich intensives Dampferlebnis. Die Geschmacksrichtungen im [&hellip;]<\/p>","protected":false},"featured_media":16300,"template":"","meta":{"inline_featured_image":false},"product_cat":[779,734,753],"product_tag":[780],"tiered_pricing_type":"fixed","tiered_pricing_fixed_rules":[],"tiered_pricing_percentage_rules":[],"tiered_pricing_minimum":1,"_administrator_tiered_pricing_type":"fixed","_administrator_tiered_pricing_fixed_rules":[],"_editor_tiered_pricing_type":"fixed","_editor_tiered_pricing_fixed_rules":[],"_author_tiered_pricing_type":"fixed","_author_tiered_pricing_fixed_rules":[],"_contributor_tiered_pricing_type":"fixed","_contributor_tiered_pricing_fixed_rules":[],"_subscriber_tiered_pricing_type":"fixed","_subscriber_tiered_pricing_fixed_rules":[],"_customer_tiered_pricing_type":"fixed","_customer_tiered_pricing_fixed_rules":[],"_shop_manager_tiered_pricing_type":"fixed","_shop_manager_tiered_pricing_fixed_rules":[],"_wpseo_manager_tiered_pricing_type":"fixed","_wpseo_manager_tiered_pricing_fixed_rules":[],"_wpseo_editor_tiered_pricing_type":"fixed","_wpseo_editor_tiered_pricing_fixed_rules":[],"_wholesale_customer_tiered_pricing_type":"fixed","_wholesale_customer_tiered_pricing_fixed_rules":[],"_marketer_tiered_pricing_type":"fixed","_marketer_tiered_pricing_fixed_rules":[],"_sales_manager_tiered_pricing_type":"fixed","_sales_manager_tiered_pricing_fixed_rules":[],"_sales_rep_tiered_pricing_type":"fixed","_sales_rep_tiered_pricing_fixed_rules":[],"yoast_head":"<!-- This site is optimized with the Yoast SEO plugin v23.3 - https:\/\/yoast.com\/wordpress\/plugins\/seo\/ -->\n<title>BANG KING 45000 Z\u00fcge Watermelon Strawberry Ice Cream Triplemelon f\u00fcr fruchtigen Genuss | ElementVape.de<\/title>\n<meta name=\"description\" content=\"BANG KING 45000 Z\u00fcge bietet erfrischende Aromen wie Watermelon, Strawberry Ice Cream und Triplemelon f\u00fcr ein langanhaltendes Dampferlebnis.\" \/>\n<meta name=\"robots\" content=\"index, follow, max-snippet:-1, max-image-preview:large, max-video-preview:-1\" \/>\n<link rel=\"canonical\" href=\"https:\/\/www.elementvape.de\/pl\/produkt\/bang-king-45000-zuege-watermelon-strawberry-ice-cream-triplemelon-fuer-fruchtigen-genuss\/\" \/>\n<meta property=\"og:locale\" content=\"pl_PL\" \/>\n<meta property=\"og:type\" content=\"article\" \/>\n<meta property=\"og:title\" content=\"BANG KING 45000 Z\u00fcge Watermelon Strawberry Ice Cream Triplemelon f\u00fcr fruchtigen Genuss | ElementVape.de\" \/>\n<meta property=\"og:description\" content=\"BANG KING 45000 Z\u00fcge bietet erfrischende Aromen wie Watermelon, Strawberry Ice Cream und Triplemelon f\u00fcr ein langanhaltendes Dampferlebnis.\" \/>\n<meta property=\"og:url\" content=\"https:\/\/www.elementvape.de\/pl\/produkt\/bang-king-45000-zuege-watermelon-strawberry-ice-cream-triplemelon-fuer-fruchtigen-genuss\/\" \/>\n<meta property=\"og:site_name\" content=\"ElementVape.de\" \/>\n<meta property=\"article:modified_time\" content=\"2025-06-21T06:06:46+00:00\" \/>\n<meta property=\"og:image\" content=\"https:\/\/www.elementvape.de\/wp-content\/uploads\/2025\/04\/bangking45k-Watermelon-Strawberry-Ice-Cream-Triplemelon.jpg\" \/>\n\t<meta property=\"og:image:width\" content=\"679\" \/>\n\t<meta property=\"og:image:height\" content=\"750\" \/>\n\t<meta property=\"og:image:type\" content=\"image\/jpeg\" \/>\n<meta name=\"twitter:card\" content=\"summary_large_image\" \/>\n<meta name=\"twitter:label1\" content=\"Est. reading time\" \/>\n\t<meta name=\"twitter:data1\" content=\"2 minuty\" \/>\n<script type=\"application\/ld+json\" class=\"yoast-schema-graph\">{\"@context\":\"https:\/\/schema.org\",\"@graph\":[{\"@type\":\"WebPage\",\"@id\":\"https:\/\/www.elementvape.de\/fi\/produkt\/bang-king-45000-zuege-watermelon-strawberry-ice-cream-triplemelon-fuer-fruchtigen-genuss\/\",\"url\":\"https:\/\/www.elementvape.de\/fi\/produkt\/bang-king-45000-zuege-watermelon-strawberry-ice-cream-triplemelon-fuer-fruchtigen-genuss\/\",\"name\":\"BANG KING 45000 Z\u00fcge Watermelon Strawberry Ice Cream Triplemelon f\u00fcr fruchtigen Genuss | ElementVape.de\",\"isPartOf\":{\"@id\":\"https:\/\/www.elementvape.de\/#website\"},\"primaryImageOfPage\":{\"@id\":\"https:\/\/www.elementvape.de\/fi\/produkt\/bang-king-45000-zuege-watermelon-strawberry-ice-cream-triplemelon-fuer-fruchtigen-genuss\/#primaryimage\"},\"image\":{\"@id\":\"https:\/\/www.elementvape.de\/fi\/produkt\/bang-king-45000-zuege-watermelon-strawberry-ice-cream-triplemelon-fuer-fruchtigen-genuss\/#primaryimage\"},\"thumbnailUrl\":\"https:\/\/www.elementvape.de\/wp-content\/uploads\/2025\/04\/bangking45k-Watermelon-Strawberry-Ice-Cream-Triplemelon.jpg\",\"datePublished\":\"2025-04-19T06:24:14+00:00\",\"dateModified\":\"2025-06-21T06:06:46+00:00\",\"description\":\"BANG KING 45000 Z\u00fcge bietet erfrischende Aromen wie Watermelon, Strawberry Ice Cream und Triplemelon f\u00fcr ein langanhaltendes Dampferlebnis.\",\"breadcrumb\":{\"@id\":\"https:\/\/www.elementvape.de\/fi\/produkt\/bang-king-45000-zuege-watermelon-strawberry-ice-cream-triplemelon-fuer-fruchtigen-genuss\/#breadcrumb\"},\"inLanguage\":\"pl-PL\",\"potentialAction\":[{\"@type\":\"ReadAction\",\"target\":[\"https:\/\/www.elementvape.de\/fi\/produkt\/bang-king-45000-zuege-watermelon-strawberry-ice-cream-triplemelon-fuer-fruchtigen-genuss\/\"]}]},{\"@type\":\"ImageObject\",\"inLanguage\":\"pl-PL\",\"@id\":\"https:\/\/www.elementvape.de\/fi\/produkt\/bang-king-45000-zuege-watermelon-strawberry-ice-cream-triplemelon-fuer-fruchtigen-genuss\/#primaryimage\",\"url\":\"https:\/\/www.elementvape.de\/wp-content\/uploads\/2025\/04\/bangking45k-Watermelon-Strawberry-Ice-Cream-Triplemelon.jpg\",\"contentUrl\":\"https:\/\/www.elementvape.de\/wp-content\/uploads\/2025\/04\/bangking45k-Watermelon-Strawberry-Ice-Cream-Triplemelon.jpg\",\"width\":679,\"height\":750},{\"@type\":\"BreadcrumbList\",\"@id\":\"https:\/\/www.elementvape.de\/fi\/produkt\/bang-king-45000-zuege-watermelon-strawberry-ice-cream-triplemelon-fuer-fruchtigen-genuss\/#breadcrumb\",\"itemListElement\":[{\"@type\":\"ListItem\",\"position\":1,\"name\":\"Home\",\"item\":\"https:\/\/www.elementvape.de\/\"},{\"@type\":\"ListItem\",\"position\":2,\"name\":\"Shop\",\"item\":\"https:\/\/www.elementvape.de\/shop\/\"},{\"@type\":\"ListItem\",\"position\":3,\"name\":\"BANG KING 45000 Z\u00fcge Watermelon Strawberry Ice Cream Triplemelon f\u00fcr fruchtigen Genuss\"}]},{\"@type\":\"WebSite\",\"@id\":\"https:\/\/www.elementvape.de\/#website\",\"url\":\"https:\/\/www.elementvape.de\/\",\"name\":\"ElementVape.de\",\"description\":\"\",\"publisher\":{\"@id\":\"https:\/\/www.elementvape.de\/#organization\"},\"potentialAction\":[{\"@type\":\"SearchAction\",\"target\":{\"@type\":\"EntryPoint\",\"urlTemplate\":\"https:\/\/www.elementvape.de\/?s={search_term_string}\"},\"query-input\":\"required name=search_term_string\"}],\"inLanguage\":\"pl-PL\"},{\"@type\":\"Organization\",\"@id\":\"https:\/\/www.elementvape.de\/#organization\",\"name\":\"ElementVape.DE\",\"url\":\"https:\/\/www.elementvape.de\/\",\"logo\":{\"@type\":\"ImageObject\",\"inLanguage\":\"pl-PL\",\"@id\":\"https:\/\/www.elementvape.de\/#\/schema\/logo\/image\/\",\"url\":\"https:\/\/www.elementvape.de\/wp-content\/uploads\/2024\/09\/cropped-1elementvape-3.png\",\"contentUrl\":\"https:\/\/www.elementvape.de\/wp-content\/uploads\/2024\/09\/cropped-1elementvape-3.png\",\"width\":285,\"height\":228,\"caption\":\"ElementVape.DE\"},\"image\":{\"@id\":\"https:\/\/www.elementvape.de\/#\/schema\/logo\/image\/\"}}]}<\/script>\n<!-- \/ Yoast SEO plugin. -->","yoast_head_json":{"title":"BANG KING 45000 Z\u00fcge Watermelon Strawberry Ice Cream Triplemelon f\u00fcr fruchtigen Genuss | ElementVape.de","description":"BANG KING 45000 Z\u00fcge bietet erfrischende Aromen wie Watermelon, Strawberry Ice Cream und Triplemelon f\u00fcr ein langanhaltendes Dampferlebnis.","robots":{"index":"index","follow":"follow","max-snippet":"max-snippet:-1","max-image-preview":"max-image-preview:large","max-video-preview":"max-video-preview:-1"},"canonical":"https:\/\/www.elementvape.de\/pl\/produkt\/bang-king-45000-zuege-watermelon-strawberry-ice-cream-triplemelon-fuer-fruchtigen-genuss\/","og_locale":"pl_PL","og_type":"article","og_title":"BANG KING 45000 Z\u00fcge Watermelon Strawberry Ice Cream Triplemelon f\u00fcr fruchtigen Genuss | ElementVape.de","og_description":"BANG KING 45000 Z\u00fcge bietet erfrischende Aromen wie Watermelon, Strawberry Ice Cream und Triplemelon f\u00fcr ein langanhaltendes Dampferlebnis.","og_url":"https:\/\/www.elementvape.de\/pl\/produkt\/bang-king-45000-zuege-watermelon-strawberry-ice-cream-triplemelon-fuer-fruchtigen-genuss\/","og_site_name":"ElementVape.de","article_modified_time":"2025-06-21T06:06:46+00:00","og_image":[{"width":679,"height":750,"url":"https:\/\/www.elementvape.de\/wp-content\/uploads\/2025\/04\/bangking45k-Watermelon-Strawberry-Ice-Cream-Triplemelon.jpg","type":"image\/jpeg"}],"twitter_card":"summary_large_image","twitter_misc":{"Est. reading time":"2 minuty"},"schema":{"@context":"https:\/\/schema.org","@graph":[{"@type":"WebPage","@id":"https:\/\/www.elementvape.de\/fi\/produkt\/bang-king-45000-zuege-watermelon-strawberry-ice-cream-triplemelon-fuer-fruchtigen-genuss\/","url":"https:\/\/www.elementvape.de\/fi\/produkt\/bang-king-45000-zuege-watermelon-strawberry-ice-cream-triplemelon-fuer-fruchtigen-genuss\/","name":"BANG KING 45000 Z\u00fcge Watermelon Strawberry Ice Cream Triplemelon f\u00fcr fruchtigen Genuss | ElementVape.de","isPartOf":{"@id":"https:\/\/www.elementvape.de\/#website"},"primaryImageOfPage":{"@id":"https:\/\/www.elementvape.de\/fi\/produkt\/bang-king-45000-zuege-watermelon-strawberry-ice-cream-triplemelon-fuer-fruchtigen-genuss\/#primaryimage"},"image":{"@id":"https:\/\/www.elementvape.de\/fi\/produkt\/bang-king-45000-zuege-watermelon-strawberry-ice-cream-triplemelon-fuer-fruchtigen-genuss\/#primaryimage"},"thumbnailUrl":"https:\/\/www.elementvape.de\/wp-content\/uploads\/2025\/04\/bangking45k-Watermelon-Strawberry-Ice-Cream-Triplemelon.jpg","datePublished":"2025-04-19T06:24:14+00:00","dateModified":"2025-06-21T06:06:46+00:00","description":"BANG KING 45000 Z\u00fcge bietet erfrischende Aromen wie Watermelon, Strawberry Ice Cream und Triplemelon f\u00fcr ein langanhaltendes Dampferlebnis.","breadcrumb":{"@id":"https:\/\/www.elementvape.de\/fi\/produkt\/bang-king-45000-zuege-watermelon-strawberry-ice-cream-triplemelon-fuer-fruchtigen-genuss\/#breadcrumb"},"inLanguage":"pl-PL","potentialAction":[{"@type":"ReadAction","target":["https:\/\/www.elementvape.de\/fi\/produkt\/bang-king-45000-zuege-watermelon-strawberry-ice-cream-triplemelon-fuer-fruchtigen-genuss\/"]}]},{"@type":"ImageObject","inLanguage":"pl-PL","@id":"https:\/\/www.elementvape.de\/fi\/produkt\/bang-king-45000-zuege-watermelon-strawberry-ice-cream-triplemelon-fuer-fruchtigen-genuss\/#primaryimage","url":"https:\/\/www.elementvape.de\/wp-content\/uploads\/2025\/04\/bangking45k-Watermelon-Strawberry-Ice-Cream-Triplemelon.jpg","contentUrl":"https:\/\/www.elementvape.de\/wp-content\/uploads\/2025\/04\/bangking45k-Watermelon-Strawberry-Ice-Cream-Triplemelon.jpg","width":679,"height":750},{"@type":"BreadcrumbList","@id":"https:\/\/www.elementvape.de\/fi\/produkt\/bang-king-45000-zuege-watermelon-strawberry-ice-cream-triplemelon-fuer-fruchtigen-genuss\/#breadcrumb","itemListElement":[{"@type":"ListItem","position":1,"name":"Home","item":"https:\/\/www.elementvape.de\/"},{"@type":"ListItem","position":2,"name":"Shop","item":"https:\/\/www.elementvape.de\/shop\/"},{"@type":"ListItem","position":3,"name":"BANG KING 45000 Z\u00fcge Watermelon Strawberry Ice Cream Triplemelon f\u00fcr fruchtigen Genuss"}]},{"@type":"WebSite","@id":"https:\/\/www.elementvape.de\/#website","url":"https:\/\/www.elementvape.de\/","name":"ElementVape.de","description":"","publisher":{"@id":"https:\/\/www.elementvape.de\/#organization"},"potentialAction":[{"@type":"SearchAction","target":{"@type":"EntryPoint","urlTemplate":"https:\/\/www.elementvape.de\/?s={search_term_string}"},"query-input":"required name=search_term_string"}],"inLanguage":"pl-PL"},{"@type":"Organization","@id":"https:\/\/www.elementvape.de\/#organization","name":"ElementVape.DE","url":"https:\/\/www.elementvape.de\/","logo":{"@type":"ImageObject","inLanguage":"pl-PL","@id":"https:\/\/www.elementvape.de\/#\/schema\/logo\/image\/","url":"https:\/\/www.elementvape.de\/wp-content\/uploads\/2024\/09\/cropped-1elementvape-3.png","contentUrl":"https:\/\/www.elementvape.de\/wp-content\/uploads\/2024\/09\/cropped-1elementvape-3.png","width":285,"height":228,"caption":"ElementVape.DE"},"image":{"@id":"https:\/\/www.elementvape.de\/#\/schema\/logo\/image\/"}}]}},"_links":{"self":[{"href":"https:\/\/www.elementvape.de\/pl\/wp-json\/wp\/v2\/product\/16322"}],"collection":[{"href":"https:\/\/www.elementvape.de\/pl\/wp-json\/wp\/v2\/product"}],"about":[{"href":"https:\/\/www.elementvape.de\/pl\/wp-json\/wp\/v2\/types\/product"}],"wp:featuredmedia":[{"embeddable":true,"href":"https:\/\/www.elementvape.de\/pl\/wp-json\/wp\/v2\/media\/16300"}],"wp:attachment":[{"href":"https:\/\/www.elementvape.de\/pl\/wp-json\/wp\/v2\/media?parent=16322"}],"wp:term":[{"taxonomy":"product_cat","embeddable":true,"href":"https:\/\/www.elementvape.de\/pl\/wp-json\/wp\/v2\/product_cat?post=16322"},{"taxonomy":"product_tag","embeddable":true,"href":"https:\/\/www.elementvape.de\/pl\/wp-json\/wp\/v2\/product_tag?post=16322"}],"curies":[{"name":"wp","href":"https:\/\/api.w.org\/{rel}","templated":true}]}}