{"id":16320,"date":"2025-04-19T06:18:15","date_gmt":"2025-04-19T06:18:15","guid":{"rendered":"https:\/\/www.elementvape.de\/?post_type=product&#038;p=16320"},"modified":"2025-04-19T06:22:36","modified_gmt":"2025-04-19T06:22:36","slug":"bang-king-45000-zuege-raspberry-watermelon-mango-peach-strawberry-kiwi-fuer-fruchtigen-genuss","status":"publish","type":"product","link":"https:\/\/www.elementvape.de\/pl\/produkt\/bang-king-45000-zuege-raspberry-watermelon-mango-peach-strawberry-kiwi-fuer-fruchtigen-genuss\/","title":{"rendered":"BANG KING 45000 Zaci\u0105gni\u0119\u0107 Raspberry Watermelon Mango Peach Strawberry Kiwi dla owocowego smaku"},"content":{"rendered":"<h2 data-start=\"0\" data-end=\"105\">BANG KING 45000 Zaci\u0105gni\u0119\u0107 Raspberry Watermelon, Mango Peach, Strawberry Kiwi Tropikalne Do\u015bwiadczenie Vapingu<\/h2>\n<p class=\"\" data-start=\"107\" data-end=\"807\">BANG KING 45000 Zaci\u0105gni\u0119\u0107 jest jedn\u0105 z najlepszych opcji dla vapor\u00f3w poszukuj\u0105cych d\u0142ugotrwa\u0142ego, intensywnego i owocowego do\u015bwiadczenia smakowego. Z imponuj\u0105c\u0105 pojemno\u015bci\u0105 45 000 zaci\u0105gni\u0119\u0107, ten jednorazowy e-papieros zapewnia niezr\u00f3wnan\u0105 wydajno\u015b\u0107 i sprawia, \u017ce ka\u017cdy zaci\u0105gni\u0119cie jest tak \u015bwie\u017ce i aromatyczne jak pierwsze. Szczeg\u00f3lnie wyr\u00f3\u017cnia si\u0119 niezwyk\u0142\u0105 kombinacj\u0105 trzech unikalnych smak\u00f3w owocowych: Raspberry Watermelon, Mango Peach i Strawberry Kiwi. Ta r\u00f3\u017cnorodno\u015b\u0107 smak\u00f3w przynosi pe\u0142ni\u0119 tropikalnych owoc\u00f3w bezpo\u015brednio na podniebienie i oferuje do\u015bwiadczenie vapingu, kt\u00f3re jest owocowe, orze\u017awiaj\u0105ce i pe\u0142ne aromatu.<\/p>\n<h3 class=\"\" data-start=\"809\" data-end=\"860\">R\u00f3\u017cnorodno\u015b\u0107 smak\u00f3w BANG KING 45000 Zaci\u0105gni\u0119\u0107<\/h3>\n<p class=\"\" data-start=\"862\" data-end=\"1141\">Ka\u017cdy z trzech smak\u00f3w w BANG KING 45000 Zaci\u0105gni\u0119\u0107 zosta\u0142 starannie opracowany, aby zapewni\u0107 zr\u00f3wnowa\u017con\u0105 mieszank\u0119 \u015bwie\u017co\u015bci i s\u0142odyczy. Oto szczeg\u00f3\u0142owy opis trzech smak\u00f3w, kt\u00f3re czyni\u0105 ten e-papieros wyj\u0105tkowym do\u015bwiadczeniem:<\/p>\n<ul data-start=\"1143\" data-end=\"2509\">\n<li class=\"\" data-start=\"1143\" data-end=\"1632\">\n<p class=\"\" data-start=\"1145\" data-end=\"1632\">Raspberry Watermelon: Ta kombinacja s\u0142odkich, soczystych arbuz\u00f3w i lekko kwa\u015bnej maliny zapewnia idealnie zbalansowany smak. \u015awie\u017co\u015b\u0107 arbuza uzupe\u0142nia orze\u017awiaj\u0105cy akcent maliny, tworz\u0105c harmonijn\u0105 mieszank\u0119 przypominaj\u0105c\u0105 gor\u0105cy letni dzie\u0144. Ten smak jest jednocze\u015bnie orze\u017awiaj\u0105cy i satysfakcjonuj\u0105cy, szczeg\u00f3lnie doceniany przez vapor\u00f3w preferuj\u0105cych naturalny, owocowy smak.<\/p>\n<\/li>\n<li class=\"\" data-start=\"1634\" data-end=\"2096\">\n<p class=\"\" data-start=\"1636\" data-end=\"2096\">Mango Peach: Ten aromat wprowadza egzotyczny smak mango w po\u0142\u0105czeniu z s\u0142odk\u0105, soczyst\u0105 nut\u0105 brzoskwini. Mango jest znane ze swojej tropikalnej s\u0142odyczy i jest jednym z najpopularniejszych owoc\u00f3w w e-liquidach, podczas gdy brzoskwinia nadaje smakowi mi\u0119kk\u0105, jedwabist\u0105 tekstur\u0119. Razem te dwa smaki tworz\u0105 smakow\u0105 przygod\u0119, kt\u00f3ra rozpieszcza podniebienie i daje uczucie relaksu na tropikalnej pla\u017cy.<\/p>\n<\/li>\n<li class=\"\" data-start=\"2098\" data-end=\"2509\">\n<p class=\"\" data-start=\"2100\" data-end=\"2509\">Strawberry Kiwi: Klasyczna kombinacja truskawki i kiwi zawsze cieszy si\u0119 popularno\u015bci\u0105. S\u0142odycz truskawki spotyka si\u0119 z lekk\u0105 kwa\u015bno\u015bci\u0105 kiwi, co prowadzi do owocowego, ale nie za s\u0142odkiego smaku. Ten aromat jest doskona\u0142y dla vapor\u00f3w kochaj\u0105cych smak \u015bwie\u017cych owoc\u00f3w, ale ceni\u0105cych te\u017c odrobin\u0119 kwa\u015bnej nuty, kt\u00f3ra nadaje ca\u0142o\u015bci orze\u017awiaj\u0105cy akcent.<\/p>\n<\/li>\n<\/ul>\n<h3 class=\"\" data-start=\"2511\" data-end=\"2543\">Technologia i wydajno\u015b\u0107<\/h3>\n<p class=\"\" data-start=\"2545\" data-end=\"3008\">BANG KING 45000 Zaci\u0105gni\u0119\u0107 oferuje nie tylko wybitne doznania smakowe, ale tak\u017ce zaawansowan\u0105 technologi\u0119 zapewniaj\u0105c\u0105 r\u00f3wnomierne i niezawodne odparowywanie. Urz\u0105dzenie wykorzystuje technologi\u0119 Mesh-Coil, kt\u00f3ra zapewnia wi\u0119ksz\u0105 powierzchni\u0119 odparowywania i lepsz\u0105 reprodukcj\u0119 smaku. Ta technologia pomaga, aby ka\u017cde zaci\u0105gni\u0119cie by\u0142o bogate w smak i dostarcza\u0142o sta\u0142\u0105 produkcj\u0119 pary.<\/p>\n<p class=\"\" data-start=\"3010\" data-end=\"3504\">Akumulator 650mAh zapewnia wystarczaj\u0105c\u0105 energi\u0119 na pe\u0142ne 45 000 zaci\u0105gni\u0119\u0107, a port \u0142adowania Type-C gwarantuje szybki i wydajny czas \u0142adowania. Urz\u0105dzenie jest w pe\u0142ni przystosowane do szybkiego u\u017cytkowania i oferuje prost\u0105 obs\u0142ug\u0119. Dla vapor\u00f3w, kt\u00f3rzy chc\u0105 minimalizowa\u0107 wysi\u0142ek, ten produkt jest idealnym wyborem. Funkcja jednorazowa sprawia, \u017ce po u\u017cyciu nie jest konieczna konserwacja \u2013 wystarczy wyrzuci\u0107 i u\u017cy\u0107 nowego urz\u0105dzenia.<\/p>\n<h3 class=\"\" data-start=\"3506\" data-end=\"3529\">Opcje nikotynowe<\/h3>\n<p class=\"\" data-start=\"3531\" data-end=\"3902\">BANG KING 45000 Zaci\u0105gni\u0119\u0107 jest dost\u0119pny w r\u00f3\u017cnych opcjach nikotynowych, w tym 0%, 2%, 3% i 5%. Ta elastyczno\u015b\u0107 pozwala vaporom wybra\u0107 odpowiedni poziom nikotyny zgodnie z ich preferencjami i potrzebami. Niezale\u017cnie od tego, czy jeste\u015b pocz\u0105tkuj\u0105cym, czy do\u015bwiadczonym vapor, wyb\u00f3r opcji nikotynowych zadowoli ka\u017cdego.<\/p>\n<h3 class=\"\" data-start=\"3904\" data-end=\"3945\">Zalety BANG KING 45000 Zaci\u0105gni\u0119\u0107<\/h3>\n<p class=\"\" data-start=\"3947\" data-end=\"4344\">Du\u017c\u0105 zalet\u0105 tego produktu jest d\u0142ugi czas u\u017cytkowania. Z do 45 000 zaci\u0105gni\u0119\u0107, BANG KING 45000 Zaci\u0105gni\u0119\u0107 oferuje jedne z najd\u0142u\u017cszych \u017cywotno\u015bci na rynku jednorazowych e-papieros\u00f3w. Oznacza to, \u017ce vaporzy mog\u0105 cieszy\u0107 si\u0119 sta\u0142ym, wysokiej jako\u015bci do\u015bwiadczeniem vapingu przez d\u0142ugi czas, nie martwi\u0105c si\u0119 o cz\u0119ste uzupe\u0142nianie lub wymian\u0119 coil\u00f3w.<\/p>\n<p class=\"\" data-start=\"4346\" data-end=\"4701\">Ponadto urz\u0105dzenie jest bardzo \u0142atwe w obs\u0142udze. Jako jednorazowy vapor, nie musisz martwi\u0107 si\u0119 o nape\u0142nianie p\u0142ynem czy wymian\u0119 cz\u0119\u015bci. Gdy poziom e-liquid si\u0119 wyczerpie, urz\u0105dzenie po prostu si\u0119 wyrzuca, co czyni je praktycznym wyborem dla vapor\u00f3w szukaj\u0105cych prostego rozwi\u0105zania.<\/p>\n<p class=\"\" data-start=\"4718\" data-end=\"5251\">BANG KING 45000 Zaci\u0105gni\u0119\u0107 Raspberry Watermelon, Mango Peach, Strawberry Kiwi to doskona\u0142y wyb\u00f3r dla vapor\u00f3w poszukuj\u0105cych tropikalnego, intensywnego i owocowego do\u015bwiadczenia vapingu. Z wysokiej jako\u015bci aromatami, d\u0142ugotrwa\u0142\u0105 wydajno\u015bci\u0105 i przyjazn\u0105 obs\u0142ug\u0105, to urz\u0105dzenie wyznacza nowe standardy dla jednorazowych e-papieros\u00f3w. Niezale\u017cnie od tego, czy jeste\u015b do\u015bwiadczonym vapor, czy dopiero zaczynasz, ta e-papieros zapewni Ci idealne do\u015bwiadczenie vapingu, kt\u00f3re mo\u017cesz cieszy\u0107 si\u0119 przy ka\u017cdej okazji.<\/p>","protected":false},"excerpt":{"rendered":"<p>BANG KING 45000 Z\u00fcge Raspberry Watermelon, Mango Peach, Strawberry Kiwi Ein Tropisches Dampferlebnis Die BANG KING 45000 Z\u00fcge ist eine der besten Optionen f\u00fcr Dampfer, die nach einem langanhaltenden, intensiven und fruchtigen Geschmackserlebnis suchen. Mit einer beeindruckenden Kapazit\u00e4t von 45.000 Z\u00fcgen bietet diese Einweg-E-Zigarette eine unvergleichliche Leistung und sorgt daf\u00fcr, dass jeder Zug genauso frisch [&hellip;]<\/p>","protected":false},"featured_media":16302,"template":"","meta":{"inline_featured_image":false},"product_cat":[779,734,753],"product_tag":[780],"tiered_pricing_type":"fixed","tiered_pricing_fixed_rules":[],"tiered_pricing_percentage_rules":[],"tiered_pricing_minimum":1,"_administrator_tiered_pricing_type":"fixed","_administrator_tiered_pricing_fixed_rules":[],"_editor_tiered_pricing_type":"fixed","_editor_tiered_pricing_fixed_rules":[],"_author_tiered_pricing_type":"fixed","_author_tiered_pricing_fixed_rules":[],"_contributor_tiered_pricing_type":"fixed","_contributor_tiered_pricing_fixed_rules":[],"_subscriber_tiered_pricing_type":"fixed","_subscriber_tiered_pricing_fixed_rules":[],"_customer_tiered_pricing_type":"fixed","_customer_tiered_pricing_fixed_rules":[],"_shop_manager_tiered_pricing_type":"fixed","_shop_manager_tiered_pricing_fixed_rules":[],"_wpseo_manager_tiered_pricing_type":"fixed","_wpseo_manager_tiered_pricing_fixed_rules":[],"_wpseo_editor_tiered_pricing_type":"fixed","_wpseo_editor_tiered_pricing_fixed_rules":[],"_wholesale_customer_tiered_pricing_type":"fixed","_wholesale_customer_tiered_pricing_fixed_rules":[],"_marketer_tiered_pricing_type":"fixed","_marketer_tiered_pricing_fixed_rules":[],"_sales_manager_tiered_pricing_type":"fixed","_sales_manager_tiered_pricing_fixed_rules":[],"_sales_rep_tiered_pricing_type":"fixed","_sales_rep_tiered_pricing_fixed_rules":[],"yoast_head":"<!-- This site is optimized with the Yoast SEO plugin v23.3 - https:\/\/yoast.com\/wordpress\/plugins\/seo\/ -->\n<title>BANG KING 45000 Z\u00fcge Raspberry Watermelon Mango Peach Strawberry Kiwi f\u00fcr fruchtigen Genuss | ElementVape.de<\/title>\n<meta name=\"description\" content=\"BANG KING 45000 Z\u00fcge bietet fruchtige Aromen wie Raspberry Watermelon, Mango Peach und Strawberry Kiwi f\u00fcr ein langanhaltendes Dampferlebnis.\" \/>\n<meta name=\"robots\" content=\"index, follow, max-snippet:-1, max-image-preview:large, max-video-preview:-1\" \/>\n<link rel=\"canonical\" href=\"https:\/\/www.elementvape.de\/pl\/produkt\/bang-king-45000-zuege-raspberry-watermelon-mango-peach-strawberry-kiwi-fuer-fruchtigen-genuss\/\" \/>\n<meta property=\"og:locale\" content=\"pl_PL\" \/>\n<meta property=\"og:type\" content=\"article\" \/>\n<meta property=\"og:title\" content=\"BANG KING 45000 Z\u00fcge Raspberry Watermelon Mango Peach Strawberry Kiwi f\u00fcr fruchtigen Genuss | ElementVape.de\" \/>\n<meta property=\"og:description\" content=\"BANG KING 45000 Z\u00fcge bietet fruchtige Aromen wie Raspberry Watermelon, Mango Peach und Strawberry Kiwi f\u00fcr ein langanhaltendes Dampferlebnis.\" \/>\n<meta property=\"og:url\" content=\"https:\/\/www.elementvape.de\/pl\/produkt\/bang-king-45000-zuege-raspberry-watermelon-mango-peach-strawberry-kiwi-fuer-fruchtigen-genuss\/\" \/>\n<meta property=\"og:site_name\" content=\"ElementVape.de\" \/>\n<meta property=\"article:modified_time\" content=\"2025-04-19T06:22:36+00:00\" \/>\n<meta property=\"og:image\" content=\"https:\/\/www.elementvape.de\/wp-content\/uploads\/2025\/04\/bangking45k-Raspberry-Watermelon-Mango-Peach-Strawberry-Kiwi.jpg\" \/>\n\t<meta property=\"og:image:width\" content=\"676\" \/>\n\t<meta property=\"og:image:height\" content=\"747\" \/>\n\t<meta property=\"og:image:type\" content=\"image\/jpeg\" \/>\n<meta name=\"twitter:card\" content=\"summary_large_image\" \/>\n<meta name=\"twitter:label1\" content=\"Est. reading time\" \/>\n\t<meta name=\"twitter:data1\" content=\"5 minut\" \/>\n<script type=\"application\/ld+json\" class=\"yoast-schema-graph\">{\"@context\":\"https:\/\/schema.org\",\"@graph\":[{\"@type\":\"WebPage\",\"@id\":\"https:\/\/www.elementvape.de\/ro\/produkt\/bang-king-45000-zuege-raspberry-watermelon-mango-peach-strawberry-kiwi-fuer-fruchtigen-genuss\/\",\"url\":\"https:\/\/www.elementvape.de\/ro\/produkt\/bang-king-45000-zuege-raspberry-watermelon-mango-peach-strawberry-kiwi-fuer-fruchtigen-genuss\/\",\"name\":\"BANG KING 45000 Z\u00fcge Raspberry Watermelon Mango Peach Strawberry Kiwi f\u00fcr fruchtigen Genuss | ElementVape.de\",\"isPartOf\":{\"@id\":\"https:\/\/www.elementvape.de\/#website\"},\"primaryImageOfPage\":{\"@id\":\"https:\/\/www.elementvape.de\/ro\/produkt\/bang-king-45000-zuege-raspberry-watermelon-mango-peach-strawberry-kiwi-fuer-fruchtigen-genuss\/#primaryimage\"},\"image\":{\"@id\":\"https:\/\/www.elementvape.de\/ro\/produkt\/bang-king-45000-zuege-raspberry-watermelon-mango-peach-strawberry-kiwi-fuer-fruchtigen-genuss\/#primaryimage\"},\"thumbnailUrl\":\"https:\/\/www.elementvape.de\/wp-content\/uploads\/2025\/04\/bangking45k-Raspberry-Watermelon-Mango-Peach-Strawberry-Kiwi.jpg\",\"datePublished\":\"2025-04-19T06:18:15+00:00\",\"dateModified\":\"2025-04-19T06:22:36+00:00\",\"description\":\"BANG KING 45000 Z\u00fcge bietet fruchtige Aromen wie Raspberry Watermelon, Mango Peach und Strawberry Kiwi f\u00fcr ein langanhaltendes Dampferlebnis.\",\"breadcrumb\":{\"@id\":\"https:\/\/www.elementvape.de\/ro\/produkt\/bang-king-45000-zuege-raspberry-watermelon-mango-peach-strawberry-kiwi-fuer-fruchtigen-genuss\/#breadcrumb\"},\"inLanguage\":\"pl-PL\",\"potentialAction\":[{\"@type\":\"ReadAction\",\"target\":[\"https:\/\/www.elementvape.de\/ro\/produkt\/bang-king-45000-zuege-raspberry-watermelon-mango-peach-strawberry-kiwi-fuer-fruchtigen-genuss\/\"]}]},{\"@type\":\"ImageObject\",\"inLanguage\":\"pl-PL\",\"@id\":\"https:\/\/www.elementvape.de\/ro\/produkt\/bang-king-45000-zuege-raspberry-watermelon-mango-peach-strawberry-kiwi-fuer-fruchtigen-genuss\/#primaryimage\",\"url\":\"https:\/\/www.elementvape.de\/wp-content\/uploads\/2025\/04\/bangking45k-Raspberry-Watermelon-Mango-Peach-Strawberry-Kiwi.jpg\",\"contentUrl\":\"https:\/\/www.elementvape.de\/wp-content\/uploads\/2025\/04\/bangking45k-Raspberry-Watermelon-Mango-Peach-Strawberry-Kiwi.jpg\",\"width\":676,\"height\":747},{\"@type\":\"BreadcrumbList\",\"@id\":\"https:\/\/www.elementvape.de\/ro\/produkt\/bang-king-45000-zuege-raspberry-watermelon-mango-peach-strawberry-kiwi-fuer-fruchtigen-genuss\/#breadcrumb\",\"itemListElement\":[{\"@type\":\"ListItem\",\"position\":1,\"name\":\"Home\",\"item\":\"https:\/\/www.elementvape.de\/\"},{\"@type\":\"ListItem\",\"position\":2,\"name\":\"Shop\",\"item\":\"https:\/\/www.elementvape.de\/shop\/\"},{\"@type\":\"ListItem\",\"position\":3,\"name\":\"BANG KING 45000 Z\u00fcge Raspberry Watermelon Mango Peach Strawberry Kiwi f\u00fcr fruchtigen Genuss\"}]},{\"@type\":\"WebSite\",\"@id\":\"https:\/\/www.elementvape.de\/#website\",\"url\":\"https:\/\/www.elementvape.de\/\",\"name\":\"ElementVape.de\",\"description\":\"\",\"publisher\":{\"@id\":\"https:\/\/www.elementvape.de\/#organization\"},\"potentialAction\":[{\"@type\":\"SearchAction\",\"target\":{\"@type\":\"EntryPoint\",\"urlTemplate\":\"https:\/\/www.elementvape.de\/?s={search_term_string}\"},\"query-input\":\"required name=search_term_string\"}],\"inLanguage\":\"pl-PL\"},{\"@type\":\"Organization\",\"@id\":\"https:\/\/www.elementvape.de\/#organization\",\"name\":\"ElementVape.DE\",\"url\":\"https:\/\/www.elementvape.de\/\",\"logo\":{\"@type\":\"ImageObject\",\"inLanguage\":\"pl-PL\",\"@id\":\"https:\/\/www.elementvape.de\/#\/schema\/logo\/image\/\",\"url\":\"https:\/\/www.elementvape.de\/wp-content\/uploads\/2024\/09\/cropped-1elementvape-3.png\",\"contentUrl\":\"https:\/\/www.elementvape.de\/wp-content\/uploads\/2024\/09\/cropped-1elementvape-3.png\",\"width\":285,\"height\":228,\"caption\":\"ElementVape.DE\"},\"image\":{\"@id\":\"https:\/\/www.elementvape.de\/#\/schema\/logo\/image\/\"}}]}<\/script>\n<!-- \/ Yoast SEO plugin. -->","yoast_head_json":{"title":"BANG KING 45000 Z\u00fcge Raspberry Watermelon Mango Peach Strawberry Kiwi f\u00fcr fruchtigen Genuss | ElementVape.de","description":"BANG KING 45000 Z\u00fcge bietet fruchtige Aromen wie Raspberry Watermelon, Mango Peach und Strawberry Kiwi f\u00fcr ein langanhaltendes Dampferlebnis.","robots":{"index":"index","follow":"follow","max-snippet":"max-snippet:-1","max-image-preview":"max-image-preview:large","max-video-preview":"max-video-preview:-1"},"canonical":"https:\/\/www.elementvape.de\/pl\/produkt\/bang-king-45000-zuege-raspberry-watermelon-mango-peach-strawberry-kiwi-fuer-fruchtigen-genuss\/","og_locale":"pl_PL","og_type":"article","og_title":"BANG KING 45000 Z\u00fcge Raspberry Watermelon Mango Peach Strawberry Kiwi f\u00fcr fruchtigen Genuss | ElementVape.de","og_description":"BANG KING 45000 Z\u00fcge bietet fruchtige Aromen wie Raspberry Watermelon, Mango Peach und Strawberry Kiwi f\u00fcr ein langanhaltendes Dampferlebnis.","og_url":"https:\/\/www.elementvape.de\/pl\/produkt\/bang-king-45000-zuege-raspberry-watermelon-mango-peach-strawberry-kiwi-fuer-fruchtigen-genuss\/","og_site_name":"ElementVape.de","article_modified_time":"2025-04-19T06:22:36+00:00","og_image":[{"width":676,"height":747,"url":"https:\/\/www.elementvape.de\/wp-content\/uploads\/2025\/04\/bangking45k-Raspberry-Watermelon-Mango-Peach-Strawberry-Kiwi.jpg","type":"image\/jpeg"}],"twitter_card":"summary_large_image","twitter_misc":{"Est. reading time":"5 minut"},"schema":{"@context":"https:\/\/schema.org","@graph":[{"@type":"WebPage","@id":"https:\/\/www.elementvape.de\/ro\/produkt\/bang-king-45000-zuege-raspberry-watermelon-mango-peach-strawberry-kiwi-fuer-fruchtigen-genuss\/","url":"https:\/\/www.elementvape.de\/ro\/produkt\/bang-king-45000-zuege-raspberry-watermelon-mango-peach-strawberry-kiwi-fuer-fruchtigen-genuss\/","name":"BANG KING 45000 Z\u00fcge Raspberry Watermelon Mango Peach Strawberry Kiwi f\u00fcr fruchtigen Genuss | ElementVape.de","isPartOf":{"@id":"https:\/\/www.elementvape.de\/#website"},"primaryImageOfPage":{"@id":"https:\/\/www.elementvape.de\/ro\/produkt\/bang-king-45000-zuege-raspberry-watermelon-mango-peach-strawberry-kiwi-fuer-fruchtigen-genuss\/#primaryimage"},"image":{"@id":"https:\/\/www.elementvape.de\/ro\/produkt\/bang-king-45000-zuege-raspberry-watermelon-mango-peach-strawberry-kiwi-fuer-fruchtigen-genuss\/#primaryimage"},"thumbnailUrl":"https:\/\/www.elementvape.de\/wp-content\/uploads\/2025\/04\/bangking45k-Raspberry-Watermelon-Mango-Peach-Strawberry-Kiwi.jpg","datePublished":"2025-04-19T06:18:15+00:00","dateModified":"2025-04-19T06:22:36+00:00","description":"BANG KING 45000 Z\u00fcge bietet fruchtige Aromen wie Raspberry Watermelon, Mango Peach und Strawberry Kiwi f\u00fcr ein langanhaltendes Dampferlebnis.","breadcrumb":{"@id":"https:\/\/www.elementvape.de\/ro\/produkt\/bang-king-45000-zuege-raspberry-watermelon-mango-peach-strawberry-kiwi-fuer-fruchtigen-genuss\/#breadcrumb"},"inLanguage":"pl-PL","potentialAction":[{"@type":"ReadAction","target":["https:\/\/www.elementvape.de\/ro\/produkt\/bang-king-45000-zuege-raspberry-watermelon-mango-peach-strawberry-kiwi-fuer-fruchtigen-genuss\/"]}]},{"@type":"ImageObject","inLanguage":"pl-PL","@id":"https:\/\/www.elementvape.de\/ro\/produkt\/bang-king-45000-zuege-raspberry-watermelon-mango-peach-strawberry-kiwi-fuer-fruchtigen-genuss\/#primaryimage","url":"https:\/\/www.elementvape.de\/wp-content\/uploads\/2025\/04\/bangking45k-Raspberry-Watermelon-Mango-Peach-Strawberry-Kiwi.jpg","contentUrl":"https:\/\/www.elementvape.de\/wp-content\/uploads\/2025\/04\/bangking45k-Raspberry-Watermelon-Mango-Peach-Strawberry-Kiwi.jpg","width":676,"height":747},{"@type":"BreadcrumbList","@id":"https:\/\/www.elementvape.de\/ro\/produkt\/bang-king-45000-zuege-raspberry-watermelon-mango-peach-strawberry-kiwi-fuer-fruchtigen-genuss\/#breadcrumb","itemListElement":[{"@type":"ListItem","position":1,"name":"Home","item":"https:\/\/www.elementvape.de\/"},{"@type":"ListItem","position":2,"name":"Shop","item":"https:\/\/www.elementvape.de\/shop\/"},{"@type":"ListItem","position":3,"name":"BANG KING 45000 Z\u00fcge Raspberry Watermelon Mango Peach Strawberry Kiwi f\u00fcr fruchtigen Genuss"}]},{"@type":"WebSite","@id":"https:\/\/www.elementvape.de\/#website","url":"https:\/\/www.elementvape.de\/","name":"ElementVape.de","description":"","publisher":{"@id":"https:\/\/www.elementvape.de\/#organization"},"potentialAction":[{"@type":"SearchAction","target":{"@type":"EntryPoint","urlTemplate":"https:\/\/www.elementvape.de\/?s={search_term_string}"},"query-input":"required name=search_term_string"}],"inLanguage":"pl-PL"},{"@type":"Organization","@id":"https:\/\/www.elementvape.de\/#organization","name":"ElementVape.DE","url":"https:\/\/www.elementvape.de\/","logo":{"@type":"ImageObject","inLanguage":"pl-PL","@id":"https:\/\/www.elementvape.de\/#\/schema\/logo\/image\/","url":"https:\/\/www.elementvape.de\/wp-content\/uploads\/2024\/09\/cropped-1elementvape-3.png","contentUrl":"https:\/\/www.elementvape.de\/wp-content\/uploads\/2024\/09\/cropped-1elementvape-3.png","width":285,"height":228,"caption":"ElementVape.DE"},"image":{"@id":"https:\/\/www.elementvape.de\/#\/schema\/logo\/image\/"}}]}},"_links":{"self":[{"href":"https:\/\/www.elementvape.de\/pl\/wp-json\/wp\/v2\/product\/16320"}],"collection":[{"href":"https:\/\/www.elementvape.de\/pl\/wp-json\/wp\/v2\/product"}],"about":[{"href":"https:\/\/www.elementvape.de\/pl\/wp-json\/wp\/v2\/types\/product"}],"wp:featuredmedia":[{"embeddable":true,"href":"https:\/\/www.elementvape.de\/pl\/wp-json\/wp\/v2\/media\/16302"}],"wp:attachment":[{"href":"https:\/\/www.elementvape.de\/pl\/wp-json\/wp\/v2\/media?parent=16320"}],"wp:term":[{"taxonomy":"product_cat","embeddable":true,"href":"https:\/\/www.elementvape.de\/pl\/wp-json\/wp\/v2\/product_cat?post=16320"},{"taxonomy":"product_tag","embeddable":true,"href":"https:\/\/www.elementvape.de\/pl\/wp-json\/wp\/v2\/product_tag?post=16320"}],"curies":[{"name":"wp","href":"https:\/\/api.w.org\/{rel}","templated":true}]}}