{"id":16317,"date":"2025-04-19T06:11:20","date_gmt":"2025-04-19T06:11:20","guid":{"rendered":"https:\/\/www.elementvape.de\/?post_type=product&#038;p=16317"},"modified":"2025-04-19T06:18:03","modified_gmt":"2025-04-19T06:18:03","slug":"bang-king-45000-zuege-strawberry-raspberry-triple-melon-sour-mango-pineapple-fuer-intensiven-genuss","status":"publish","type":"product","link":"https:\/\/www.elementvape.de\/pl\/produkt\/bang-king-45000-zuege-strawberry-raspberry-triple-melon-sour-mango-pineapple-fuer-intensiven-genuss\/","title":{"rendered":"BANG KING 45000 Zaci\u0105gni\u0119\u0107 Strawberry Raspberry Triple Melon Sour Mango Pineapple dla intensywnych dozna\u0144"},"content":{"rendered":"<h2 data-start=\"0\" data-end=\"113\">BANG KING 45000 Zaci\u0105gni\u0119\u0107 Truskawka Malina \u2013 Potr\u00f3jny Melon \u2013 Kwa\u015bne Mango Ananas Tropikalne Doznania Podczas Palenia<\/h2>\n<p class=\"\" data-start=\"115\" data-end=\"690\">BANG KING 45000 Zaci\u0105gni\u0119\u0107 to najnowsza innowacja dla palaczy, kt\u00f3rzy szukaj\u0105 d\u0142ugotrwa\u0142ego, intensywnego i orze\u017awiaj\u0105cego do\u015bwiadczenia. Z imponuj\u0105c\u0105 pojemno\u015bci\u0105 45 000 zaci\u0105gni\u0119\u0107 i szeregiem egzotycznych aromat\u00f3w, to urz\u0105dzenie oferuje unikalny spos\u00f3b na pe\u0142ne korzystanie ze \u015bwiata palenia. Po\u0142\u0105czenie Truskawki Maliny, Potr\u00f3jnego Melona i Kwa\u015bnego Mango Ananasa zapewnia tropikalne doznania smakowe, kt\u00f3re nie tylko rozpieszczaj\u0105 podniebienie, ale tak\u017ce daj\u0105 poczucie \u015bwie\u017co\u015bci i egzotyki.<\/p>\n<h3 class=\"\" data-start=\"692\" data-end=\"747\">R\u00f3\u017cnorodno\u015b\u0107 Smak\u00f3w BANG KING 45000 Zaci\u0105gni\u0119\u0107<\/h3>\n<p class=\"\" data-start=\"749\" data-end=\"988\">R\u00f3\u017cnorodno\u015b\u0107 aromat\u00f3w tego produktu to prawdziwa rozkosz dla wszystkich mi\u0142o\u015bnik\u00f3w owocowych dozna\u0144 smakowych. Ka\u017cdy z trzech aromat\u00f3w zosta\u0142 starannie opracowany, aby zapewni\u0107 palaczom intensywne i zr\u00f3\u017cnicowane do\u015bwiadczenie.<\/p>\n<ul data-start=\"990\" data-end=\"2175\">\n<li class=\"\" data-start=\"990\" data-end=\"1380\">\n<p class=\"\" data-start=\"992\" data-end=\"1380\">Truskawka Malina: S\u0142odka truskawka w po\u0142\u0105czeniu z kwa\u015bn\u0105 malin\u0105 zapewnia idealn\u0105 r\u00f3wnowag\u0119 mi\u0119dzy s\u0142odycz\u0105 a \u015bwie\u017co\u015bci\u0105. Ta mieszanka jest idealna dla palaczy, kt\u00f3rzy szukaj\u0105 owocowego smaku, kt\u00f3ry jest zar\u00f3wno s\u0142odki, jak i orze\u017awiaj\u0105cy. Smak przypomina s\u0142oneczny letni dzie\u0144 i przenosi \u015bwie\u017co\u015b\u0107 natury prosto na podniebienie.<\/p>\n<\/li>\n<li class=\"\" data-start=\"1384\" data-end=\"1785\">\n<p class=\"\" data-start=\"1386\" data-end=\"1785\">Potr\u00f3jny Melon: Kto kocha orze\u017awiaj\u0105c\u0105 s\u0142odycz melon\u00f3w, pokocha ten aromat. Po\u0142\u0105czenie arbuza, melona miodowego i kantalupy oferuje harmonijny i soczysty smak, kt\u00f3ry gasi pragnienie i jednocze\u015bnie pozostawia przyjemn\u0105 \u015bwie\u017co\u015b\u0107. Szczeg\u00f3lnie w ciep\u0142e letnie miesi\u0105ce ten aromat jest idealnym wyborem, aby si\u0119 od\u015bwie\u017cy\u0107 i cieszy\u0107 chwil\u0105.<\/p>\n<\/li>\n<li class=\"\" data-start=\"1789\" data-end=\"2175\">\n<p class=\"\" data-start=\"1791\" data-end=\"2175\">Kwa\u015bne Mango Ananas: Ten egzotyczny aromat \u0142\u0105czy s\u0142odk\u0105 owocowo\u015b\u0107 ananasa z lekko kwa\u015bn\u0105 nut\u0105 mango. Smak jest \u017cywy i musuj\u0105cy, z nut\u0105 tropikalnego klimatu, kt\u00f3ra daje poczucie przebywania w rajskim miejscu na wakacjach. R\u00f3wnowaga mi\u0119dzy s\u0142odycz\u0105 ananasa a kwasowo\u015bci\u0105 mango zapewnia ekscytuj\u0105ce doznania podczas palenia.<\/p>\n<\/li>\n<\/ul>\n<h3 class=\"\" data-start=\"2177\" data-end=\"2209\">Technologia i Jako\u015b\u0107<\/h3>\n<p class=\"\" data-start=\"2211\" data-end=\"2758\">Opr\u00f3cz wyj\u0105tkowej r\u00f3\u017cnorodno\u015bci aromat\u00f3w, BANG KING 45000 Zaci\u0105gni\u0119\u0107 oferuje r\u00f3wnie\u017c zaawansowan\u0105 technologi\u0119, kt\u00f3ra zapewnia doskona\u0142e doznania podczas palenia. Urz\u0105dzenie jest wyposa\u017cone w technologi\u0119 Mesh-Coil, kt\u00f3ra umo\u017cliwia r\u00f3wnomierne odparowywanie e-liquidu. Technologia ta zapewnia, \u017ce smak ka\u017cdego zaci\u0105gni\u0119cia pozostaje niezmiennie intensywny, a produkcja pary jest r\u00f3wnomierna. W por\u00f3wnaniu do konwencjonalnych Coils, Mesh-Coil oferuje wi\u0119ksz\u0105 powierzchni\u0119, kt\u00f3ra poprawia odparowywanie i maksymalizuje smak.<\/p>\n<p class=\"\" data-start=\"2760\" data-end=\"3118\">BANG KING 45000 Zaci\u0105gni\u0119\u0107 jest dostarczany z praktycznym portem \u0142adowania Type-C, kt\u00f3ry nie tylko umo\u017cliwia szybsze \u0142adowanie, ale tak\u017ce gwarantuje d\u0142u\u017csz\u0105 \u017cywotno\u015b\u0107 baterii. Akumulator 650 mAh zapewnia wystarczaj\u0105c\u0105 moc na 45 000 zaci\u0105gni\u0119\u0107 i zapewnia niezawodne dzia\u0142anie urz\u0105dzenia przez d\u0142u\u017cszy czas.<\/p>\n<p class=\"\" data-start=\"3120\" data-end=\"3381\">Dzi\u0119ki opcjom nikotyny 0%, 2%, 3% i 5% urz\u0105dzenie jest odpowiednie zar\u00f3wno dla pocz\u0105tkuj\u0105cych, jak i do\u015bwiadczonych palaczy. Ka\u017cdy palacz mo\u017ce dostosowa\u0107 moc nikotyny do swoich indywidualnych potrzeb i tym samym cieszy\u0107 si\u0119 spersonalizowanym do\u015bwiadczeniem.<\/p>\n<h3 class=\"\" data-start=\"3383\" data-end=\"3426\">Jednorazowy Vape dla \u0141atwej Obs\u0142ugi<\/h3>\n<p class=\"\" data-start=\"3428\" data-end=\"3853\">Kolejn\u0105 zalet\u0105 BANG KING 45000 Zaci\u0105gni\u0119\u0107 jest \u0142atwo\u015b\u0107 u\u017cytkowania. Jako jednorazowy Vape palacz nie musi si\u0119 martwi\u0107 o uzupe\u0142nianie liquidu ani wymian\u0119 Coils. Gdy tylko urz\u0105dzenie osi\u0105gnie swoj\u0105 pojemno\u015b\u0107, mo\u017cna je po prostu wyrzuci\u0107. Ta prosta obs\u0142uga czyni go szczeg\u00f3lnie atrakcyjnym dla palaczy, kt\u00f3rzy szukaj\u0105 nieskomplikowanego, a jednocze\u015bnie wysokiej jako\u015bci do\u015bwiadczenia.<\/p>\n<h3 class=\"\" data-start=\"3855\" data-end=\"3913\">Dlaczego warto wybra\u0107 BANG KING 45000 Zaci\u0105gni\u0119\u0107?<\/h3>\n<p class=\"\" data-start=\"3915\" data-end=\"4417\">BANG KING 45000 Zaci\u0105gni\u0119\u0107 to wi\u0119cej ni\u017c tylko zwyk\u0142y e-papieros. Dzi\u0119ki 45 000 zaci\u0105gni\u0119\u0107, technologii Mesh-Coil, egzotycznym aromatom i \u0142atwej obs\u0142udze, to urz\u0105dzenie oferuje wszystko, czego palacze mog\u0105 oczekiwa\u0107 od Premium-Vape. Jest to idealny wyb\u00f3r dla wszystkich, kt\u00f3rzy szukaj\u0105 d\u0142ugotrwa\u0142ego, intensywnego i owocowego do\u015bwiadczenia. Niezale\u017cnie od tego, czy jeste\u015b do\u015bwiadczonym palaczem, czy nowicjuszem \u2013 ten produkt Ci\u0119 nie zawiedzie.<\/p>\n<p class=\"\" data-start=\"4434\" data-end=\"4920\">BANG KING 45000 Zaci\u0105gni\u0119\u0107 Truskawka Malina \u2013 Potr\u00f3jny Melon \u2013 Kwa\u015bne Mango Ananas to idealny towarzysz dla wszystkich, kt\u00f3rzy szukaj\u0105 tropikalnego, intensywnego i d\u0142ugotrwa\u0142ego do\u015bwiadczenia. Z pojemno\u015bci\u0105 45 000 zaci\u0105gni\u0119\u0107, zaawansowan\u0105 technologi\u0105 i unikaln\u0105 r\u00f3\u017cnorodno\u015bci\u0105 aromat\u00f3w, to urz\u0105dzenie jest idealnym wyborem dla palaczy, kt\u00f3rzy chc\u0105 w pe\u0142ni wykorzysta\u0107 swoje do\u015bwiadczenie. Odkryj \u015bwiat tropikalnych aromat\u00f3w owocowych i ciesz si\u0119 ka\u017cdym zaci\u0105gni\u0119ciem!<\/p>","protected":false},"excerpt":{"rendered":"<p>BANG KING 45000 Z\u00fcge Strawberry Raspberry &#8211; Triple Melon &#8211; Sour Mango Pineapple Ein Tropisches Dampferlebnis Die BANG KING 45000 Z\u00fcge ist die neueste Innovation f\u00fcr Dampfer, die nach einem langanhaltenden, intensiven und erfrischenden Dampferlebnis suchen. Mit einer beeindruckenden Kapazit\u00e4t von 45.000 Z\u00fcgen und einer Reihe exotischer Aromen bietet dieses Ger\u00e4t eine einzigartige M\u00f6glichkeit, die [&hellip;]<\/p>","protected":false},"featured_media":16305,"template":"","meta":{"inline_featured_image":false},"product_cat":[779],"product_tag":[780],"tiered_pricing_type":"fixed","tiered_pricing_fixed_rules":[],"tiered_pricing_percentage_rules":[],"tiered_pricing_minimum":1,"_administrator_tiered_pricing_type":"fixed","_administrator_tiered_pricing_fixed_rules":[],"_editor_tiered_pricing_type":"fixed","_editor_tiered_pricing_fixed_rules":[],"_author_tiered_pricing_type":"fixed","_author_tiered_pricing_fixed_rules":[],"_contributor_tiered_pricing_type":"fixed","_contributor_tiered_pricing_fixed_rules":[],"_subscriber_tiered_pricing_type":"fixed","_subscriber_tiered_pricing_fixed_rules":[],"_customer_tiered_pricing_type":"fixed","_customer_tiered_pricing_fixed_rules":[],"_shop_manager_tiered_pricing_type":"fixed","_shop_manager_tiered_pricing_fixed_rules":[],"_wpseo_manager_tiered_pricing_type":"fixed","_wpseo_manager_tiered_pricing_fixed_rules":[],"_wpseo_editor_tiered_pricing_type":"fixed","_wpseo_editor_tiered_pricing_fixed_rules":[],"_wholesale_customer_tiered_pricing_type":"fixed","_wholesale_customer_tiered_pricing_fixed_rules":[],"_marketer_tiered_pricing_type":"fixed","_marketer_tiered_pricing_fixed_rules":[],"_sales_manager_tiered_pricing_type":"fixed","_sales_manager_tiered_pricing_fixed_rules":[],"_sales_rep_tiered_pricing_type":"fixed","_sales_rep_tiered_pricing_fixed_rules":[],"yoast_head":"<!-- This site is optimized with the Yoast SEO plugin v23.3 - https:\/\/yoast.com\/wordpress\/plugins\/seo\/ -->\n<title>BANG KING 45000 Z\u00fcge Strawberry Raspberry Triple Melon Sour Mango Pineapple f\u00fcr intensiven Genuss | ElementVape.de<\/title>\n<meta name=\"description\" content=\"BANG KING 45000 Z\u00fcge bietet tropische Aromen wie Strawberry Raspberry Triple Melon und Sour Mango Pineapple f\u00fcr ein intensives Dampferlebnis\" \/>\n<meta name=\"robots\" content=\"index, follow, max-snippet:-1, max-image-preview:large, max-video-preview:-1\" \/>\n<link rel=\"canonical\" href=\"https:\/\/www.elementvape.de\/pl\/produkt\/bang-king-45000-zuege-strawberry-raspberry-triple-melon-sour-mango-pineapple-fuer-intensiven-genuss\/\" \/>\n<meta property=\"og:locale\" content=\"pl_PL\" \/>\n<meta property=\"og:type\" content=\"article\" \/>\n<meta property=\"og:title\" content=\"BANG KING 45000 Z\u00fcge Strawberry Raspberry Triple Melon Sour Mango Pineapple f\u00fcr intensiven Genuss | ElementVape.de\" \/>\n<meta property=\"og:description\" content=\"BANG KING 45000 Z\u00fcge bietet tropische Aromen wie Strawberry Raspberry Triple Melon und Sour Mango Pineapple f\u00fcr ein intensives Dampferlebnis\" \/>\n<meta property=\"og:url\" content=\"https:\/\/www.elementvape.de\/pl\/produkt\/bang-king-45000-zuege-strawberry-raspberry-triple-melon-sour-mango-pineapple-fuer-intensiven-genuss\/\" \/>\n<meta property=\"og:site_name\" content=\"ElementVape.de\" \/>\n<meta property=\"article:modified_time\" content=\"2025-04-19T06:18:03+00:00\" \/>\n<meta property=\"og:image\" content=\"https:\/\/www.elementvape.de\/wp-content\/uploads\/2025\/04\/bangking45k-Strawberry-Raspberry-Triple-Melon-Sour-Mango-Pineapple.jpg\" \/>\n\t<meta property=\"og:image:width\" content=\"685\" \/>\n\t<meta property=\"og:image:height\" content=\"757\" \/>\n\t<meta property=\"og:image:type\" content=\"image\/jpeg\" \/>\n<meta name=\"twitter:card\" content=\"summary_large_image\" \/>\n<meta name=\"twitter:label1\" content=\"Est. reading time\" \/>\n\t<meta name=\"twitter:data1\" content=\"4 minuty\" \/>\n<script type=\"application\/ld+json\" class=\"yoast-schema-graph\">{\"@context\":\"https:\/\/schema.org\",\"@graph\":[{\"@type\":\"WebPage\",\"@id\":\"https:\/\/www.elementvape.de\/produkt\/bang-king-45000-zuege-strawberry-raspberry-triple-melon-sour-mango-pineapple-fuer-intensiven-genuss\/\",\"url\":\"https:\/\/www.elementvape.de\/produkt\/bang-king-45000-zuege-strawberry-raspberry-triple-melon-sour-mango-pineapple-fuer-intensiven-genuss\/\",\"name\":\"BANG KING 45000 Z\u00fcge Strawberry Raspberry Triple Melon Sour Mango Pineapple f\u00fcr intensiven Genuss | ElementVape.de\",\"isPartOf\":{\"@id\":\"https:\/\/www.elementvape.de\/#website\"},\"primaryImageOfPage\":{\"@id\":\"https:\/\/www.elementvape.de\/produkt\/bang-king-45000-zuege-strawberry-raspberry-triple-melon-sour-mango-pineapple-fuer-intensiven-genuss\/#primaryimage\"},\"image\":{\"@id\":\"https:\/\/www.elementvape.de\/produkt\/bang-king-45000-zuege-strawberry-raspberry-triple-melon-sour-mango-pineapple-fuer-intensiven-genuss\/#primaryimage\"},\"thumbnailUrl\":\"https:\/\/www.elementvape.de\/wp-content\/uploads\/2025\/04\/bangking45k-Strawberry-Raspberry-Triple-Melon-Sour-Mango-Pineapple.jpg\",\"datePublished\":\"2025-04-19T06:11:20+00:00\",\"dateModified\":\"2025-04-19T06:18:03+00:00\",\"description\":\"BANG KING 45000 Z\u00fcge bietet tropische Aromen wie Strawberry Raspberry Triple Melon und Sour Mango Pineapple f\u00fcr ein intensives Dampferlebnis\",\"breadcrumb\":{\"@id\":\"https:\/\/www.elementvape.de\/produkt\/bang-king-45000-zuege-strawberry-raspberry-triple-melon-sour-mango-pineapple-fuer-intensiven-genuss\/#breadcrumb\"},\"inLanguage\":\"pl-PL\",\"potentialAction\":[{\"@type\":\"ReadAction\",\"target\":[\"https:\/\/www.elementvape.de\/produkt\/bang-king-45000-zuege-strawberry-raspberry-triple-melon-sour-mango-pineapple-fuer-intensiven-genuss\/\"]}]},{\"@type\":\"ImageObject\",\"inLanguage\":\"pl-PL\",\"@id\":\"https:\/\/www.elementvape.de\/produkt\/bang-king-45000-zuege-strawberry-raspberry-triple-melon-sour-mango-pineapple-fuer-intensiven-genuss\/#primaryimage\",\"url\":\"https:\/\/www.elementvape.de\/wp-content\/uploads\/2025\/04\/bangking45k-Strawberry-Raspberry-Triple-Melon-Sour-Mango-Pineapple.jpg\",\"contentUrl\":\"https:\/\/www.elementvape.de\/wp-content\/uploads\/2025\/04\/bangking45k-Strawberry-Raspberry-Triple-Melon-Sour-Mango-Pineapple.jpg\",\"width\":685,\"height\":757},{\"@type\":\"BreadcrumbList\",\"@id\":\"https:\/\/www.elementvape.de\/produkt\/bang-king-45000-zuege-strawberry-raspberry-triple-melon-sour-mango-pineapple-fuer-intensiven-genuss\/#breadcrumb\",\"itemListElement\":[{\"@type\":\"ListItem\",\"position\":1,\"name\":\"Home\",\"item\":\"https:\/\/www.elementvape.de\/\"},{\"@type\":\"ListItem\",\"position\":2,\"name\":\"Shop\",\"item\":\"https:\/\/www.elementvape.de\/shop\/\"},{\"@type\":\"ListItem\",\"position\":3,\"name\":\"BANG KING 45000 Z\u00fcge Strawberry Raspberry Triple Melon Sour Mango Pineapple f\u00fcr intensiven Genuss\"}]},{\"@type\":\"WebSite\",\"@id\":\"https:\/\/www.elementvape.de\/#website\",\"url\":\"https:\/\/www.elementvape.de\/\",\"name\":\"ElementVape.de\",\"description\":\"\",\"publisher\":{\"@id\":\"https:\/\/www.elementvape.de\/#organization\"},\"potentialAction\":[{\"@type\":\"SearchAction\",\"target\":{\"@type\":\"EntryPoint\",\"urlTemplate\":\"https:\/\/www.elementvape.de\/?s={search_term_string}\"},\"query-input\":\"required name=search_term_string\"}],\"inLanguage\":\"pl-PL\"},{\"@type\":\"Organization\",\"@id\":\"https:\/\/www.elementvape.de\/#organization\",\"name\":\"ElementVape.DE\",\"url\":\"https:\/\/www.elementvape.de\/\",\"logo\":{\"@type\":\"ImageObject\",\"inLanguage\":\"pl-PL\",\"@id\":\"https:\/\/www.elementvape.de\/#\/schema\/logo\/image\/\",\"url\":\"https:\/\/www.elementvape.de\/wp-content\/uploads\/2024\/09\/cropped-1elementvape-3.png\",\"contentUrl\":\"https:\/\/www.elementvape.de\/wp-content\/uploads\/2024\/09\/cropped-1elementvape-3.png\",\"width\":285,\"height\":228,\"caption\":\"ElementVape.DE\"},\"image\":{\"@id\":\"https:\/\/www.elementvape.de\/#\/schema\/logo\/image\/\"}}]}<\/script>\n<!-- \/ Yoast SEO plugin. -->","yoast_head_json":{"title":"BANG KING 45000 Z\u00fcge Strawberry Raspberry Triple Melon Sour Mango Pineapple f\u00fcr intensiven Genuss | ElementVape.de","description":"BANG KING 45000 Z\u00fcge bietet tropische Aromen wie Strawberry Raspberry Triple Melon und Sour Mango Pineapple f\u00fcr ein intensives Dampferlebnis","robots":{"index":"index","follow":"follow","max-snippet":"max-snippet:-1","max-image-preview":"max-image-preview:large","max-video-preview":"max-video-preview:-1"},"canonical":"https:\/\/www.elementvape.de\/pl\/produkt\/bang-king-45000-zuege-strawberry-raspberry-triple-melon-sour-mango-pineapple-fuer-intensiven-genuss\/","og_locale":"pl_PL","og_type":"article","og_title":"BANG KING 45000 Z\u00fcge Strawberry Raspberry Triple Melon Sour Mango Pineapple f\u00fcr intensiven Genuss | ElementVape.de","og_description":"BANG KING 45000 Z\u00fcge bietet tropische Aromen wie Strawberry Raspberry Triple Melon und Sour Mango Pineapple f\u00fcr ein intensives Dampferlebnis","og_url":"https:\/\/www.elementvape.de\/pl\/produkt\/bang-king-45000-zuege-strawberry-raspberry-triple-melon-sour-mango-pineapple-fuer-intensiven-genuss\/","og_site_name":"ElementVape.de","article_modified_time":"2025-04-19T06:18:03+00:00","og_image":[{"width":685,"height":757,"url":"https:\/\/www.elementvape.de\/wp-content\/uploads\/2025\/04\/bangking45k-Strawberry-Raspberry-Triple-Melon-Sour-Mango-Pineapple.jpg","type":"image\/jpeg"}],"twitter_card":"summary_large_image","twitter_misc":{"Est. reading time":"4 minuty"},"schema":{"@context":"https:\/\/schema.org","@graph":[{"@type":"WebPage","@id":"https:\/\/www.elementvape.de\/produkt\/bang-king-45000-zuege-strawberry-raspberry-triple-melon-sour-mango-pineapple-fuer-intensiven-genuss\/","url":"https:\/\/www.elementvape.de\/produkt\/bang-king-45000-zuege-strawberry-raspberry-triple-melon-sour-mango-pineapple-fuer-intensiven-genuss\/","name":"BANG KING 45000 Z\u00fcge Strawberry Raspberry Triple Melon Sour Mango Pineapple f\u00fcr intensiven Genuss | ElementVape.de","isPartOf":{"@id":"https:\/\/www.elementvape.de\/#website"},"primaryImageOfPage":{"@id":"https:\/\/www.elementvape.de\/produkt\/bang-king-45000-zuege-strawberry-raspberry-triple-melon-sour-mango-pineapple-fuer-intensiven-genuss\/#primaryimage"},"image":{"@id":"https:\/\/www.elementvape.de\/produkt\/bang-king-45000-zuege-strawberry-raspberry-triple-melon-sour-mango-pineapple-fuer-intensiven-genuss\/#primaryimage"},"thumbnailUrl":"https:\/\/www.elementvape.de\/wp-content\/uploads\/2025\/04\/bangking45k-Strawberry-Raspberry-Triple-Melon-Sour-Mango-Pineapple.jpg","datePublished":"2025-04-19T06:11:20+00:00","dateModified":"2025-04-19T06:18:03+00:00","description":"BANG KING 45000 Z\u00fcge bietet tropische Aromen wie Strawberry Raspberry Triple Melon und Sour Mango Pineapple f\u00fcr ein intensives Dampferlebnis","breadcrumb":{"@id":"https:\/\/www.elementvape.de\/produkt\/bang-king-45000-zuege-strawberry-raspberry-triple-melon-sour-mango-pineapple-fuer-intensiven-genuss\/#breadcrumb"},"inLanguage":"pl-PL","potentialAction":[{"@type":"ReadAction","target":["https:\/\/www.elementvape.de\/produkt\/bang-king-45000-zuege-strawberry-raspberry-triple-melon-sour-mango-pineapple-fuer-intensiven-genuss\/"]}]},{"@type":"ImageObject","inLanguage":"pl-PL","@id":"https:\/\/www.elementvape.de\/produkt\/bang-king-45000-zuege-strawberry-raspberry-triple-melon-sour-mango-pineapple-fuer-intensiven-genuss\/#primaryimage","url":"https:\/\/www.elementvape.de\/wp-content\/uploads\/2025\/04\/bangking45k-Strawberry-Raspberry-Triple-Melon-Sour-Mango-Pineapple.jpg","contentUrl":"https:\/\/www.elementvape.de\/wp-content\/uploads\/2025\/04\/bangking45k-Strawberry-Raspberry-Triple-Melon-Sour-Mango-Pineapple.jpg","width":685,"height":757},{"@type":"BreadcrumbList","@id":"https:\/\/www.elementvape.de\/produkt\/bang-king-45000-zuege-strawberry-raspberry-triple-melon-sour-mango-pineapple-fuer-intensiven-genuss\/#breadcrumb","itemListElement":[{"@type":"ListItem","position":1,"name":"Home","item":"https:\/\/www.elementvape.de\/"},{"@type":"ListItem","position":2,"name":"Shop","item":"https:\/\/www.elementvape.de\/shop\/"},{"@type":"ListItem","position":3,"name":"BANG KING 45000 Z\u00fcge Strawberry Raspberry Triple Melon Sour Mango Pineapple f\u00fcr intensiven Genuss"}]},{"@type":"WebSite","@id":"https:\/\/www.elementvape.de\/#website","url":"https:\/\/www.elementvape.de\/","name":"ElementVape.de","description":"","publisher":{"@id":"https:\/\/www.elementvape.de\/#organization"},"potentialAction":[{"@type":"SearchAction","target":{"@type":"EntryPoint","urlTemplate":"https:\/\/www.elementvape.de\/?s={search_term_string}"},"query-input":"required name=search_term_string"}],"inLanguage":"pl-PL"},{"@type":"Organization","@id":"https:\/\/www.elementvape.de\/#organization","name":"ElementVape.DE","url":"https:\/\/www.elementvape.de\/","logo":{"@type":"ImageObject","inLanguage":"pl-PL","@id":"https:\/\/www.elementvape.de\/#\/schema\/logo\/image\/","url":"https:\/\/www.elementvape.de\/wp-content\/uploads\/2024\/09\/cropped-1elementvape-3.png","contentUrl":"https:\/\/www.elementvape.de\/wp-content\/uploads\/2024\/09\/cropped-1elementvape-3.png","width":285,"height":228,"caption":"ElementVape.DE"},"image":{"@id":"https:\/\/www.elementvape.de\/#\/schema\/logo\/image\/"}}]}},"_links":{"self":[{"href":"https:\/\/www.elementvape.de\/pl\/wp-json\/wp\/v2\/product\/16317"}],"collection":[{"href":"https:\/\/www.elementvape.de\/pl\/wp-json\/wp\/v2\/product"}],"about":[{"href":"https:\/\/www.elementvape.de\/pl\/wp-json\/wp\/v2\/types\/product"}],"wp:featuredmedia":[{"embeddable":true,"href":"https:\/\/www.elementvape.de\/pl\/wp-json\/wp\/v2\/media\/16305"}],"wp:attachment":[{"href":"https:\/\/www.elementvape.de\/pl\/wp-json\/wp\/v2\/media?parent=16317"}],"wp:term":[{"taxonomy":"product_cat","embeddable":true,"href":"https:\/\/www.elementvape.de\/pl\/wp-json\/wp\/v2\/product_cat?post=16317"},{"taxonomy":"product_tag","embeddable":true,"href":"https:\/\/www.elementvape.de\/pl\/wp-json\/wp\/v2\/product_tag?post=16317"}],"curies":[{"name":"wp","href":"https:\/\/api.w.org\/{rel}","templated":true}]}}