{"id":16237,"date":"2025-04-17T06:28:03","date_gmt":"2025-04-17T06:28:03","guid":{"rendered":"https:\/\/www.elementvape.de\/?post_type=product&#038;p=16237"},"modified":"2025-04-17T09:36:05","modified_gmt":"2025-04-17T09:36:05","slug":"bang-50000-zuege-red-bull-strawberry-banana-erfrischender-genuss-mit-langanhaltendem-geschmack","status":"publish","type":"product","link":"https:\/\/www.elementvape.de\/pl\/produkt\/bang-50000-zuege-red-bull-strawberry-banana-erfrischender-genuss-mit-langanhaltendem-geschmack\/","title":{"rendered":"Bang 50000 poci\u0105gni\u0119\u0107 Red Bull Truskawkowo-Bananowe Od\u015bwie\u017caj\u0105ce doznanie z d\u0142ugotrwa\u0142ym smakiem"},"content":{"rendered":"<h2 data-start=\"0\" data-end=\"98\">Bang 50000 Zaci\u0105gni\u0119\u0107 Red Bull &amp; Strawberry Banana \u2013 Orze\u017awiaj\u0105ca przyjemno\u015b\u0107 dla wymagaj\u0105cych palaczy<\/h2>\n<p class=\"\" data-start=\"100\" data-end=\"596\">Bang 50000 Zaci\u0105gni\u0119\u0107 to doskona\u0142y wyb\u00f3r dla palaczy, kt\u00f3rzy szukaj\u0105 trwa\u0142ego i orze\u017awiaj\u0105cego do\u015bwiadczenia. Dzi\u0119ki unikalnym aromatom Red Bull i Strawberry Banana oferuje po\u0142\u0105czenie energetycznej \u015bwie\u017co\u015bci i owocowej s\u0142odyczy, kt\u00f3re sprawia, \u017ce ka\u017cde palenie jest wyj\u0105tkowym prze\u017cyciem. Ten produkt zapewnia nie tylko wyj\u0105tkow\u0105 r\u00f3\u017cnorodno\u015b\u0107 aromat\u00f3w, ale tak\u017ce d\u0142ugi czas u\u017cytkowania, co czyni go nieodzownym towarzyszem dla palaczy wszelkiego rodzaju.<\/p>\n<h3 class=\"\" data-start=\"598\" data-end=\"642\">Po\u0142\u0105czenie orze\u017awienia i s\u0142odyczy<\/h3>\n<p class=\"\" data-start=\"644\" data-end=\"1256\">Smak Red Bull jest natychmiast rozpoznawalny i oferuje pobudzaj\u0105c\u0105 mieszank\u0119 nut cytrynowych, kofeinowych i zio\u0142owych, kt\u00f3re zapewniaj\u0105 energetyczny zastrzyk. To aromat wywo\u0142uje uczucie energii i witalno\u015bci, idealny dla tych, kt\u00f3rzy pragn\u0105 orze\u017awiaj\u0105cego i pobudzaj\u0105cego do\u015bwiadczenia. Gdy \u015bwie\u017cy, cytrusowy smak Red Bull \u0142\u0105czy si\u0119 ze s\u0142odycz\u0105 Strawberry Banana, powstaje idealna r\u00f3wnowaga. S\u0142odki, owocowy smak Strawberry Banana dodaje \u0142agodny, kremowy akcent, kt\u00f3ry dope\u0142nia ca\u0142o\u015b\u0107 doznania smakowego.<\/p>\n<p class=\"\" data-start=\"1258\" data-end=\"1505\">Ta kombinacja Red Bull i Strawberry Banana tworzy niezapomniane do\u015bwiadczenie palenia, kt\u00f3re jest zar\u00f3wno orze\u017awiaj\u0105ce, jak i przyjemnie s\u0142odkie \u2013 idealne dla palaczy poszukuj\u0105cych smaku, kt\u00f3ry jest zar\u00f3wno pobudzaj\u0105cy, jak i pyszny.<\/p>\n<h3 class=\"\" data-start=\"1507\" data-end=\"1554\">D\u0142ugotrwa\u0142a przyjemno\u015b\u0107 z 50000 zaci\u0105gni\u0119\u0107<\/h3>\n<p class=\"\" data-start=\"1556\" data-end=\"2025\">Wyj\u0105tkow\u0105 cech\u0105 Bang 50000 Zaci\u0105gni\u0119\u0107 jest wysoka liczba 50 000 zaci\u0105gni\u0119\u0107, kt\u00f3r\u0105 oferuje swoim u\u017cytkownikom. W por\u00f3wnaniu do wielu innych jednorazowych e-papieros\u00f3w dost\u0119pnych na rynku, jest to imponuj\u0105ca liczba, gwarantuj\u0105ca, \u017ce nie b\u0119dziesz musia\u0142 tak szybko szuka\u0107 zamiennika. D\u0142ugi czas u\u017cytkowania zapewnia mo\u017cliwo\u015b\u0107 cieszenia si\u0119 tym samym intensywnym smakiem przez d\u0142u\u017cszy czas, bez konieczno\u015bci cz\u0119stej wymiany urz\u0105dzenia.<\/p>\n<p class=\"\" data-start=\"2027\" data-end=\"2302\">Dzi\u0119ki tak du\u017cej liczbie zaci\u0105gni\u0119\u0107 mo\u017cesz by\u0107 pewien, \u017ce smak pozostanie niezmienny przez ca\u0142y okres u\u017cytkowania. Jest to szczeg\u00f3lnie wa\u017cne dla palaczy, kt\u00f3rzy regularnie korzystaj\u0105 z e-papieros\u00f3w i oczekuj\u0105 trwa\u0142ego produktu, kt\u00f3ry sprosta wysokim wymaganiom.<\/p>\n<h3 class=\"\" data-start=\"2304\" data-end=\"2362\">Technologia Mesh-Coil dla lepszej pary<\/h3>\n<p class=\"\" data-start=\"2364\" data-end=\"2791\">Bang 50000 Zaci\u0105gni\u0119\u0107 korzysta z zaawansowanej technologii Mesh-Coil, kt\u00f3ra zapewnia r\u00f3wnomierne odparowanie e-liquid. Coils typu mesh oferuj\u0105 wi\u0119ksz\u0105 powierzchni\u0119 w por\u00f3wnaniu do tradycyjnych coil\u00f3w, co prowadzi do bardziej efektywnego odparowania i lepszego oddania aromat\u00f3w. Oznacza to, \u017ce z ka\u017cdym zaci\u0105gni\u0119ciem mo\u017cesz cieszy\u0107 si\u0119 pe\u0142nym smakiem aromat\u00f3w Red Bull i Strawberry Banana.<\/p>\n<p class=\"\" data-start=\"2793\" data-end=\"3036\">Technologia ta zapewnia r\u00f3wnie\u017c, \u017ce para jest szczeg\u00f3lnie mi\u0119kka i przyjemna, co czyni palenie komfortowym do\u015bwiadczeniem. Mesh-Coils s\u0105 tak\u017ce trwa\u0142e, wi\u0119c nie musisz si\u0119 martwi\u0107 o cz\u0119st\u0105 wymian\u0119 coil\u00f3w.<\/p>\n<h3 class=\"\" data-start=\"3038\" data-end=\"3090\">Dostosowywalne opcje nikotyny dla ka\u017cdego gustu<\/h3>\n<p class=\"\" data-start=\"3092\" data-end=\"3450\">Bang 50000 Zaci\u0105gni\u0119\u0107 jest dost\u0119pny w kilku opcjach nikotyny, mianowicie 0%, 2%, 3% i 5%, dzi\u0119ki czemu mo\u017cesz dostosowa\u0107 palenie do swoich preferencji. Niezale\u017cnie od tego, czy wolisz beznikotynowe do\u015bwiadczenie, czy umiarkowan\u0105 lub mocn\u0105 dawk\u0119 nikotyny, r\u00f3\u017cne opcje pozwalaj\u0105 wybra\u0107 odpowiedni\u0105 moc dla siebie.<\/p>\n<p class=\"\" data-start=\"3452\" data-end=\"3649\">Ta elastyczno\u015b\u0107 czyni Bang 50000 Zaci\u0105gni\u0119\u0107 idealnym produktem dla palaczy na ka\u017cdym poziomie zaawansowania, od pocz\u0105tkuj\u0105cych po do\u015bwiadczonych, kt\u00f3rzy szukaj\u0105 mocniejszego do\u015bwiadczenia nikotynowego.<\/p>\n<h3 class=\"\" data-start=\"3651\" data-end=\"3698\">Szybkie \u0142adowanie z portem Type-C<\/h3>\n<p class=\"\" data-start=\"3700\" data-end=\"4110\">Bateria o pojemno\u015bci 850 mAh w Bang 50000 Zaci\u0105gni\u0119\u0107 zapewnia wystarczaj\u0105c\u0105 moc do d\u0142ugotrwa\u0142ego u\u017cytkowania. W po\u0142\u0105czeniu z szybkim \u0142adowaniem przez port Type-C, mo\u017cesz szybko i efektywnie na\u0142adowa\u0107 urz\u0105dzenie, nie czekaj\u0105c d\u0142ugo na kolejne palenie. Port Type-C zapewnia szybkie, stabilne i niezawodne po\u0142\u0105czenie, dzi\u0119ki czemu urz\u0105dzenie jest gotowe do u\u017cycia w kr\u00f3tkim czasie.<\/p>\n<h3 class=\"\" data-start=\"4112\" data-end=\"4167\">Wysokiej jako\u015bci sk\u0142adniki dla najlepszego do\u015bwiadczenia palenia<\/h3>\n<p class=\"\" data-start=\"4169\" data-end=\"4586\">Bang 50000 Zaci\u0105gni\u0119\u0107 wykorzystuje wysokiej jako\u015bci sk\u0142adniki, aby zapewni\u0107, \u017ce ka\u017cde palenie b\u0119dzie przyjemnym prze\u017cyciem. Ro\u015blinny gliceryn (VG) i glikol propylenowy (PG) zapewniaj\u0105 mi\u0119kk\u0105 par\u0119 i przyjemn\u0105 konsystencj\u0119 dymu. Dodatkowo stosowane s\u0105 naturalne i sztuczne aromaty, kt\u00f3re intensyfikuj\u0105 i utrzymuj\u0105 aromaty Red Bull i Strawberry Banana na d\u0142u\u017cej.<\/p>\n<p class=\"\" data-start=\"4603\" data-end=\"5259\">Bang 50000 Zaci\u0105gni\u0119\u0107 Red Bull &amp; Strawberry Banana to wyj\u0105tkowy produkt, kt\u00f3ry oferuje palaczom intensywne i trwa\u0142e do\u015bwiadczenie. Z wysok\u0105 liczb\u0105 zaci\u0105gni\u0119\u0107 50 000, zaawansowan\u0105 technologi\u0105 Mesh-Coil, elastycznymi opcjami nikotyny i szybkim \u0142adowaniem Type-C, jest to idealny wyb\u00f3r dla tych, kt\u00f3rzy szukaj\u0105 orze\u017awiaj\u0105cego i owocowego smaku, jednocze\u015bnie zapewniaj\u0105c d\u0142ugotrwa\u0142\u0105 wydajno\u015b\u0107. Niezale\u017cnie od tego, czy pragniesz orze\u017awiaj\u0105cego kopniaka Red Bull, czy s\u0142odkiej \u015bwie\u017co\u015bci Strawberry Banana, to urz\u0105dzenie podniesie Twoje oczekiwania wobec palenia na nowy poziom.<\/p>","protected":false},"excerpt":{"rendered":"<p>Bang 50000 Z\u00fcge Red Bull &amp; Strawberry Banana \u2013 Erfrischender Genuss f\u00fcr anspruchsvolle Dampfer Das Bang 50000 Z\u00fcge ist eine ausgezeichnete Wahl f\u00fcr Dampfer, die ein langlebiges und erfrischendes Dampferlebnis suchen. Mit den einzigartigen Aromen Red Bull und Strawberry Banana bietet es eine Kombination aus energetischer Frische und fruchtiger S\u00fc\u00dfe, die jedes Dampfen zu einem [&hellip;]<\/p>","protected":false},"featured_media":16224,"template":"","meta":{"inline_featured_image":false},"product_cat":[776],"product_tag":[778],"tiered_pricing_type":"fixed","tiered_pricing_fixed_rules":[],"tiered_pricing_percentage_rules":[],"tiered_pricing_minimum":1,"_administrator_tiered_pricing_type":"fixed","_administrator_tiered_pricing_fixed_rules":[],"_editor_tiered_pricing_type":"fixed","_editor_tiered_pricing_fixed_rules":[],"_author_tiered_pricing_type":"fixed","_author_tiered_pricing_fixed_rules":[],"_contributor_tiered_pricing_type":"fixed","_contributor_tiered_pricing_fixed_rules":[],"_subscriber_tiered_pricing_type":"fixed","_subscriber_tiered_pricing_fixed_rules":[],"_customer_tiered_pricing_type":"fixed","_customer_tiered_pricing_fixed_rules":[],"_shop_manager_tiered_pricing_type":"fixed","_shop_manager_tiered_pricing_fixed_rules":[],"_wpseo_manager_tiered_pricing_type":"fixed","_wpseo_manager_tiered_pricing_fixed_rules":[],"_wpseo_editor_tiered_pricing_type":"fixed","_wpseo_editor_tiered_pricing_fixed_rules":[],"_wholesale_customer_tiered_pricing_type":"fixed","_wholesale_customer_tiered_pricing_fixed_rules":[],"_marketer_tiered_pricing_type":"fixed","_marketer_tiered_pricing_fixed_rules":[],"_sales_manager_tiered_pricing_type":"fixed","_sales_manager_tiered_pricing_fixed_rules":[],"_sales_rep_tiered_pricing_type":"fixed","_sales_rep_tiered_pricing_fixed_rules":[],"yoast_head":"<!-- This site is optimized with the Yoast SEO plugin v23.3 - https:\/\/yoast.com\/wordpress\/plugins\/seo\/ -->\n<title>Bang 50000 Z\u00fcge Red Bull Strawberry Banana Erfrischender Genuss mit langanhaltendem Geschmack | ElementVape.de<\/title>\n<meta name=\"description\" content=\"Genie\u00dfe den erfrischenden Red Bull und s\u00fc\u00dfen Strawberry Banana Geschmack mit 50.000 Z\u00fcgen, langanhaltendem Dampfgenuss und starker Leistung\" \/>\n<meta name=\"robots\" content=\"index, follow, max-snippet:-1, max-image-preview:large, max-video-preview:-1\" \/>\n<link rel=\"canonical\" href=\"https:\/\/www.elementvape.de\/pl\/produkt\/bang-50000-zuege-red-bull-strawberry-banana-erfrischender-genuss-mit-langanhaltendem-geschmack\/\" \/>\n<meta property=\"og:locale\" content=\"pl_PL\" \/>\n<meta property=\"og:type\" content=\"article\" \/>\n<meta property=\"og:title\" content=\"Bang 50000 Z\u00fcge Red Bull Strawberry Banana Erfrischender Genuss mit langanhaltendem Geschmack | ElementVape.de\" \/>\n<meta property=\"og:description\" content=\"Genie\u00dfe den erfrischenden Red Bull und s\u00fc\u00dfen Strawberry Banana Geschmack mit 50.000 Z\u00fcgen, langanhaltendem Dampfgenuss und starker Leistung\" \/>\n<meta property=\"og:url\" content=\"https:\/\/www.elementvape.de\/pl\/produkt\/bang-50000-zuege-red-bull-strawberry-banana-erfrischender-genuss-mit-langanhaltendem-geschmack\/\" \/>\n<meta property=\"og:site_name\" content=\"ElementVape.de\" \/>\n<meta property=\"article:modified_time\" content=\"2025-04-17T09:36:05+00:00\" \/>\n<meta property=\"og:image\" content=\"https:\/\/www.elementvape.de\/wp-content\/uploads\/2025\/04\/Bang-King-50000-Puffs-RedBull-StrawberryBanana.jpg\" \/>\n\t<meta property=\"og:image:width\" content=\"1000\" \/>\n\t<meta property=\"og:image:height\" content=\"963\" \/>\n\t<meta property=\"og:image:type\" content=\"image\/jpeg\" \/>\n<meta name=\"twitter:card\" content=\"summary_large_image\" \/>\n<meta name=\"twitter:label1\" content=\"Est. reading time\" \/>\n\t<meta name=\"twitter:data1\" content=\"5 minut\" \/>\n<script type=\"application\/ld+json\" class=\"yoast-schema-graph\">{\"@context\":\"https:\/\/schema.org\",\"@graph\":[{\"@type\":\"WebPage\",\"@id\":\"https:\/\/www.elementvape.de\/produkt\/bang-50000-zuege-red-bull-strawberry-banana-erfrischender-genuss-mit-langanhaltendem-geschmack\/\",\"url\":\"https:\/\/www.elementvape.de\/produkt\/bang-50000-zuege-red-bull-strawberry-banana-erfrischender-genuss-mit-langanhaltendem-geschmack\/\",\"name\":\"Bang 50000 Z\u00fcge Red Bull Strawberry Banana Erfrischender Genuss mit langanhaltendem Geschmack | ElementVape.de\",\"isPartOf\":{\"@id\":\"https:\/\/www.elementvape.de\/#website\"},\"primaryImageOfPage\":{\"@id\":\"https:\/\/www.elementvape.de\/produkt\/bang-50000-zuege-red-bull-strawberry-banana-erfrischender-genuss-mit-langanhaltendem-geschmack\/#primaryimage\"},\"image\":{\"@id\":\"https:\/\/www.elementvape.de\/produkt\/bang-50000-zuege-red-bull-strawberry-banana-erfrischender-genuss-mit-langanhaltendem-geschmack\/#primaryimage\"},\"thumbnailUrl\":\"https:\/\/www.elementvape.de\/wp-content\/uploads\/2025\/04\/Bang-King-50000-Puffs-RedBull-StrawberryBanana.jpg\",\"datePublished\":\"2025-04-17T06:28:03+00:00\",\"dateModified\":\"2025-04-17T09:36:05+00:00\",\"description\":\"Genie\u00dfe den erfrischenden Red Bull und s\u00fc\u00dfen Strawberry Banana Geschmack mit 50.000 Z\u00fcgen, langanhaltendem Dampfgenuss und starker Leistung\",\"breadcrumb\":{\"@id\":\"https:\/\/www.elementvape.de\/produkt\/bang-50000-zuege-red-bull-strawberry-banana-erfrischender-genuss-mit-langanhaltendem-geschmack\/#breadcrumb\"},\"inLanguage\":\"pl-PL\",\"potentialAction\":[{\"@type\":\"ReadAction\",\"target\":[\"https:\/\/www.elementvape.de\/produkt\/bang-50000-zuege-red-bull-strawberry-banana-erfrischender-genuss-mit-langanhaltendem-geschmack\/\"]}]},{\"@type\":\"ImageObject\",\"inLanguage\":\"pl-PL\",\"@id\":\"https:\/\/www.elementvape.de\/produkt\/bang-50000-zuege-red-bull-strawberry-banana-erfrischender-genuss-mit-langanhaltendem-geschmack\/#primaryimage\",\"url\":\"https:\/\/www.elementvape.de\/wp-content\/uploads\/2025\/04\/Bang-King-50000-Puffs-RedBull-StrawberryBanana.jpg\",\"contentUrl\":\"https:\/\/www.elementvape.de\/wp-content\/uploads\/2025\/04\/Bang-King-50000-Puffs-RedBull-StrawberryBanana.jpg\",\"width\":1000,\"height\":963},{\"@type\":\"BreadcrumbList\",\"@id\":\"https:\/\/www.elementvape.de\/produkt\/bang-50000-zuege-red-bull-strawberry-banana-erfrischender-genuss-mit-langanhaltendem-geschmack\/#breadcrumb\",\"itemListElement\":[{\"@type\":\"ListItem\",\"position\":1,\"name\":\"Home\",\"item\":\"https:\/\/www.elementvape.de\/\"},{\"@type\":\"ListItem\",\"position\":2,\"name\":\"Shop\",\"item\":\"https:\/\/www.elementvape.de\/shop\/\"},{\"@type\":\"ListItem\",\"position\":3,\"name\":\"Bang 50000 Z\u00fcge Red Bull Strawberry Banana Erfrischender Genuss mit langanhaltendem Geschmack\"}]},{\"@type\":\"WebSite\",\"@id\":\"https:\/\/www.elementvape.de\/#website\",\"url\":\"https:\/\/www.elementvape.de\/\",\"name\":\"ElementVape.de\",\"description\":\"\",\"publisher\":{\"@id\":\"https:\/\/www.elementvape.de\/#organization\"},\"potentialAction\":[{\"@type\":\"SearchAction\",\"target\":{\"@type\":\"EntryPoint\",\"urlTemplate\":\"https:\/\/www.elementvape.de\/?s={search_term_string}\"},\"query-input\":\"required name=search_term_string\"}],\"inLanguage\":\"pl-PL\"},{\"@type\":\"Organization\",\"@id\":\"https:\/\/www.elementvape.de\/#organization\",\"name\":\"ElementVape.DE\",\"url\":\"https:\/\/www.elementvape.de\/\",\"logo\":{\"@type\":\"ImageObject\",\"inLanguage\":\"pl-PL\",\"@id\":\"https:\/\/www.elementvape.de\/#\/schema\/logo\/image\/\",\"url\":\"https:\/\/www.elementvape.de\/wp-content\/uploads\/2024\/09\/cropped-1elementvape-3.png\",\"contentUrl\":\"https:\/\/www.elementvape.de\/wp-content\/uploads\/2024\/09\/cropped-1elementvape-3.png\",\"width\":285,\"height\":228,\"caption\":\"ElementVape.DE\"},\"image\":{\"@id\":\"https:\/\/www.elementvape.de\/#\/schema\/logo\/image\/\"}}]}<\/script>\n<!-- \/ Yoast SEO plugin. -->","yoast_head_json":{"title":"Bang 50000 Z\u00fcge Red Bull Strawberry Banana Erfrischender Genuss mit langanhaltendem Geschmack | ElementVape.de","description":"Genie\u00dfe den erfrischenden Red Bull und s\u00fc\u00dfen Strawberry Banana Geschmack mit 50.000 Z\u00fcgen, langanhaltendem Dampfgenuss und starker Leistung","robots":{"index":"index","follow":"follow","max-snippet":"max-snippet:-1","max-image-preview":"max-image-preview:large","max-video-preview":"max-video-preview:-1"},"canonical":"https:\/\/www.elementvape.de\/pl\/produkt\/bang-50000-zuege-red-bull-strawberry-banana-erfrischender-genuss-mit-langanhaltendem-geschmack\/","og_locale":"pl_PL","og_type":"article","og_title":"Bang 50000 Z\u00fcge Red Bull Strawberry Banana Erfrischender Genuss mit langanhaltendem Geschmack | ElementVape.de","og_description":"Genie\u00dfe den erfrischenden Red Bull und s\u00fc\u00dfen Strawberry Banana Geschmack mit 50.000 Z\u00fcgen, langanhaltendem Dampfgenuss und starker Leistung","og_url":"https:\/\/www.elementvape.de\/pl\/produkt\/bang-50000-zuege-red-bull-strawberry-banana-erfrischender-genuss-mit-langanhaltendem-geschmack\/","og_site_name":"ElementVape.de","article_modified_time":"2025-04-17T09:36:05+00:00","og_image":[{"width":1000,"height":963,"url":"https:\/\/www.elementvape.de\/wp-content\/uploads\/2025\/04\/Bang-King-50000-Puffs-RedBull-StrawberryBanana.jpg","type":"image\/jpeg"}],"twitter_card":"summary_large_image","twitter_misc":{"Est. reading time":"5 minut"},"schema":{"@context":"https:\/\/schema.org","@graph":[{"@type":"WebPage","@id":"https:\/\/www.elementvape.de\/produkt\/bang-50000-zuege-red-bull-strawberry-banana-erfrischender-genuss-mit-langanhaltendem-geschmack\/","url":"https:\/\/www.elementvape.de\/produkt\/bang-50000-zuege-red-bull-strawberry-banana-erfrischender-genuss-mit-langanhaltendem-geschmack\/","name":"Bang 50000 Z\u00fcge Red Bull Strawberry Banana Erfrischender Genuss mit langanhaltendem Geschmack | ElementVape.de","isPartOf":{"@id":"https:\/\/www.elementvape.de\/#website"},"primaryImageOfPage":{"@id":"https:\/\/www.elementvape.de\/produkt\/bang-50000-zuege-red-bull-strawberry-banana-erfrischender-genuss-mit-langanhaltendem-geschmack\/#primaryimage"},"image":{"@id":"https:\/\/www.elementvape.de\/produkt\/bang-50000-zuege-red-bull-strawberry-banana-erfrischender-genuss-mit-langanhaltendem-geschmack\/#primaryimage"},"thumbnailUrl":"https:\/\/www.elementvape.de\/wp-content\/uploads\/2025\/04\/Bang-King-50000-Puffs-RedBull-StrawberryBanana.jpg","datePublished":"2025-04-17T06:28:03+00:00","dateModified":"2025-04-17T09:36:05+00:00","description":"Genie\u00dfe den erfrischenden Red Bull und s\u00fc\u00dfen Strawberry Banana Geschmack mit 50.000 Z\u00fcgen, langanhaltendem Dampfgenuss und starker Leistung","breadcrumb":{"@id":"https:\/\/www.elementvape.de\/produkt\/bang-50000-zuege-red-bull-strawberry-banana-erfrischender-genuss-mit-langanhaltendem-geschmack\/#breadcrumb"},"inLanguage":"pl-PL","potentialAction":[{"@type":"ReadAction","target":["https:\/\/www.elementvape.de\/produkt\/bang-50000-zuege-red-bull-strawberry-banana-erfrischender-genuss-mit-langanhaltendem-geschmack\/"]}]},{"@type":"ImageObject","inLanguage":"pl-PL","@id":"https:\/\/www.elementvape.de\/produkt\/bang-50000-zuege-red-bull-strawberry-banana-erfrischender-genuss-mit-langanhaltendem-geschmack\/#primaryimage","url":"https:\/\/www.elementvape.de\/wp-content\/uploads\/2025\/04\/Bang-King-50000-Puffs-RedBull-StrawberryBanana.jpg","contentUrl":"https:\/\/www.elementvape.de\/wp-content\/uploads\/2025\/04\/Bang-King-50000-Puffs-RedBull-StrawberryBanana.jpg","width":1000,"height":963},{"@type":"BreadcrumbList","@id":"https:\/\/www.elementvape.de\/produkt\/bang-50000-zuege-red-bull-strawberry-banana-erfrischender-genuss-mit-langanhaltendem-geschmack\/#breadcrumb","itemListElement":[{"@type":"ListItem","position":1,"name":"Home","item":"https:\/\/www.elementvape.de\/"},{"@type":"ListItem","position":2,"name":"Shop","item":"https:\/\/www.elementvape.de\/shop\/"},{"@type":"ListItem","position":3,"name":"Bang 50000 Z\u00fcge Red Bull Strawberry Banana Erfrischender Genuss mit langanhaltendem Geschmack"}]},{"@type":"WebSite","@id":"https:\/\/www.elementvape.de\/#website","url":"https:\/\/www.elementvape.de\/","name":"ElementVape.de","description":"","publisher":{"@id":"https:\/\/www.elementvape.de\/#organization"},"potentialAction":[{"@type":"SearchAction","target":{"@type":"EntryPoint","urlTemplate":"https:\/\/www.elementvape.de\/?s={search_term_string}"},"query-input":"required name=search_term_string"}],"inLanguage":"pl-PL"},{"@type":"Organization","@id":"https:\/\/www.elementvape.de\/#organization","name":"ElementVape.DE","url":"https:\/\/www.elementvape.de\/","logo":{"@type":"ImageObject","inLanguage":"pl-PL","@id":"https:\/\/www.elementvape.de\/#\/schema\/logo\/image\/","url":"https:\/\/www.elementvape.de\/wp-content\/uploads\/2024\/09\/cropped-1elementvape-3.png","contentUrl":"https:\/\/www.elementvape.de\/wp-content\/uploads\/2024\/09\/cropped-1elementvape-3.png","width":285,"height":228,"caption":"ElementVape.DE"},"image":{"@id":"https:\/\/www.elementvape.de\/#\/schema\/logo\/image\/"}}]}},"_links":{"self":[{"href":"https:\/\/www.elementvape.de\/pl\/wp-json\/wp\/v2\/product\/16237"}],"collection":[{"href":"https:\/\/www.elementvape.de\/pl\/wp-json\/wp\/v2\/product"}],"about":[{"href":"https:\/\/www.elementvape.de\/pl\/wp-json\/wp\/v2\/types\/product"}],"wp:featuredmedia":[{"embeddable":true,"href":"https:\/\/www.elementvape.de\/pl\/wp-json\/wp\/v2\/media\/16224"}],"wp:attachment":[{"href":"https:\/\/www.elementvape.de\/pl\/wp-json\/wp\/v2\/media?parent=16237"}],"wp:term":[{"taxonomy":"product_cat","embeddable":true,"href":"https:\/\/www.elementvape.de\/pl\/wp-json\/wp\/v2\/product_cat?post=16237"},{"taxonomy":"product_tag","embeddable":true,"href":"https:\/\/www.elementvape.de\/pl\/wp-json\/wp\/v2\/product_tag?post=16237"}],"curies":[{"name":"wp","href":"https:\/\/api.w.org\/{rel}","templated":true}]}}