{"id":15692,"date":"2025-02-14T08:18:05","date_gmt":"2025-02-14T08:18:05","guid":{"rendered":"https:\/\/www.elementvape.de\/?post_type=product&#038;p=15692"},"modified":"2025-07-29T01:01:47","modified_gmt":"2025-07-29T01:01:47","slug":"bang-king-digital-15000-puffs-geniessen-sie-das-ultimative-nebelungserlebnis","status":"publish","type":"product","link":"https:\/\/www.elementvape.de\/pl\/produkt\/bang-king-digital-15000-puffs-geniessen-sie-das-ultimative-nebelungserlebnis\/","title":{"rendered":"BANG KING Digital 15000 PUFFS, ciesz si\u0119 najlepszym do\u015bwiadczeniem chmur"},"content":{"rendered":"<div data-zone-id=\"0\" data-line-index=\"0\" data-line=\"true\">\n<h2>BANG KING Digital 15000 PUFFS Komfort, smak i zdrowie w jednym urz\u0105dzeniu<\/h2>\n<p class=\"heading-h1\"><span style=\"font-size: 16px;\">Zanim rozpoczniesz t\u0119 wspania\u0142\u0105 przygod\u0119 z mg\u0142\u0105, chcieliby\u015bmy szczeg\u00f3\u0142owo przedstawi\u0107 nasz\u0105 wydajn\u0105 i uprzejm\u0105 us\u0142ug\u0119 logistyczn\u0105. Dostarczamy bezpo\u015brednio z Bremy w Niemczech, co oznacza, \u017ce lepiej rozumiemy lokalne potrzeby w Polsce. Pude\u0142ka pe\u0142ne oczekuj\u0105cych na BANG KING Digital 15000 PUFFS s\u0105 wysy\u0142ane za pomoc\u0105 \u015bwiatowej s\u0142awy DHL do kraj\u00f3w Unii Europejskiej. Obecnie zawarto\u015b\u0107 nikotyny w dostarczanych produktach wynosi 2%, co dok\u0142adnie odpowiada Twojemu zapotrzebowaniu na umiarkowane do\u015bwiadczenie nikotynowe. Jednak ze wzgl\u0119du na specyficzn\u0105 geografi\u0119 i warunki logistyczne wyspiarskich miast, obecnie nie mo\u017cemy realizowa\u0107 dostaw do tych miejsc. Prosimy o wyrozumia\u0142o\u015b\u0107.<\/span><\/p>\n<\/div>\n<div data-zone-id=\"0\" data-line-index=\"2\" data-line=\"true\">\n<h3 class=\"heading-h2\">I. Unikalne doznania smakowe<\/h3>\n<\/div>\n<div data-zone-id=\"0\" data-line-index=\"3\" data-line=\"true\">Wiemy, \u017ce niemieccy m\u0119\u017cczy\u017ani maj\u0105 wyj\u0105tkowy gust i ceni\u0105 klasyk\u0119 oraz przyprawy, jednocze\u015bnie ch\u0119tnie pr\u00f3buj\u0105c nowych aromat\u00f3w. Dlatego BANG KING Digital 15000 PUFFS oferuje szereg kusz\u0105cych smak\u00f3w, aby sprosta\u0107 Twoim r\u00f3\u017cnorodnym oczekiwaniom smakowym.<\/div>\n<ul>\n<li class=\"temp-li bullet1\" data-line=\"true\" data-list=\"bullet1\"><b>Truskawka-kiwi<\/b>: We\u017a poci\u0105gni\u0119cie, a najpierw na j\u0119zyku rozwinie si\u0119 s\u0142odycz \u015bwie\u017co zerwanych truskawek. Intensywny zapach owoc\u00f3w niemal przenosi Ci\u0119 na niemiecki farm\u0119 z truskawkami, a ka\u017cde poci\u0105gni\u0119cie jest pe\u0142ne naturalnej s\u0142odyczy. Nast\u0119pnie pojawia si\u0119 \u015bwie\u017ca kwa\u015bno\u015b\u0107 kiwi, kt\u00f3ra dodaje ca\u0142o\u015bci \u017cywej \u015bwie\u017co\u015bci. To jak delektowanie si\u0119 \u015bwie\u017c\u0105 sa\u0142atk\u0105 owocow\u0105 w gor\u0105cy letni dzie\u0144, z bogat\u0105 mieszank\u0105 s\u0142odyczy i kwasowo\u015bci. W po\u0142\u0105czeniu z zawarto\u015bci\u0105 nikotyny 2%, zapewnia odpowiedni\u0105 satysfakcj\u0119.<\/li>\n<\/ul>\n<ul>\n<li class=\"temp-li bullet1\" data-line=\"true\" data-list=\"bullet1\"><b>Bawe\u0142na cukrowa<\/b>: Ten aromat natychmiast przywo\u0142a Twoje dzieci\u0119ce s\u0142odkie wspomnienia. Gdy bierzesz poci\u0105gni\u0119cie, czuje si\u0119 lekki i mi\u0119kki zapach cukrowej waty. Delikatna s\u0142odycz nie jest przesadna, lecz wype\u0142nia Ci\u0119 ciep\u0142em i s\u0142odycz\u0105. To jak stanie na kolorowym niemieckim targu i trzymanie du\u017cej, pieni\u0105cej si\u0119 cukrowej waty w r\u0119ku. Ka\u017cde poci\u0105gni\u0119cie jest pe\u0142ne szcz\u0119\u015bcia. W po\u0142\u0105czeniu z zawarto\u015bci\u0105 nikotyny 2%, inhalacja jest zar\u00f3wno s\u0142odka, jak i przyjemna.<\/li>\n<\/ul>\n<ul>\n<li class=\"temp-li bullet1\" data-line=\"true\" data-list=\"bullet1\"><b>Brzoskwinia-mango<\/b>: Soczysta s\u0142odycz brzoskwi\u0144 i intensywno\u015b\u0107 smaku mango tworz\u0105 idealne po\u0142\u0105czenie. Najpierw odczuwasz delikatn\u0105 soczysto\u015b\u0107 brzoskwi\u0144, jakby\u015b gryza\u0142 dojrza\u0142\u0105 brzoskwini\u0119, a sok sp\u0142ywa\u0142 po Twoich ustach. Nast\u0119pnie stopniowo rozwija si\u0119 intensywny zapach mango, wprowadzaj\u0105c bogate warstwy smakowe. To jak delektowanie si\u0119 tropikalnym festiwalem owoc\u00f3w. W po\u0142\u0105czeniu z zawarto\u015bci\u0105 nikotyny 2%, ka\u017cdy poci\u0105gni\u0119cie jest kusz\u0105ce.<\/li>\n<\/ul>\n<ul>\n<li class=\"temp-li bullet1\" data-line=\"true\" data-list=\"bullet1\"><b>R\u00f3\u017cowa Lemoniada<\/b>: Ma \u015bwie\u017cy zapach cytryny, z kwasowo\u015bci\u0105 towarzysz\u0105c\u0105 lekkiej s\u0142odyczy, jak mro\u017ana r\u00f3\u017cowa lemoniada na niemieckiej letniej ulicy. Gdy wdychasz, \u015bwie\u017ca kwasowo\u015b\u0107 limonki dra\u017cni Twoje kubki smakowe i przynosi orze\u017awiaj\u0105ce uczucie. Nast\u0119pnie stopniowo pojawia si\u0119 lekka s\u0142odycz, r\u00f3wnowa\u017c\u0105ca kwasowo\u015b\u0107, co czyni smak bogatszym. W po\u0142\u0105czeniu z zawarto\u015bci\u0105 nikotyny 2%, inhalacja jest orze\u017awiaj\u0105ca i satysfakcjonuj\u0105ca.<\/li>\n<\/ul>\n<ul>\n<li class=\"temp-li bullet1\" data-line=\"true\" data-list=\"bullet1\"><b>Tr\u00f3jkolorowe lody jagodowe<\/b>: \u0141\u0105czy smaki r\u00f3\u017cnych jag\u00f3d. S\u0142odycz truskawek, kwasowo\u015b\u0107 bor\u00f3wek i \u015bwie\u017co\u015b\u0107 malin przeplataj\u0105 si\u0119, tworz\u0105c intensywny aromat jag\u00f3d. Jednocze\u015bnie orze\u017awiaj\u0105ce uczucie mi\u0119ty jak lekki powiew przenika ca\u0142y smak, sprawiaj\u0105c, \u017ce ka\u017cdy zaci\u0105g jest pe\u0142en ch\u0142odnych odczu\u0107. To tak, jakby cieszy\u0107 si\u0119 zamro\u017conymi jagodami w zimny zimowy dzie\u0144, ekscytuj\u0105ce i poci\u0105gaj\u0105ce. St\u0119\u017cenie nikotyny 2% nadaje temu mro\u017anemu do\u015bwiadczeniu wyj\u0105tkowy urok.<\/li>\n<\/ul>\n<div data-zone-id=\"0\" data-line-index=\"9\" data-line=\"true\">\n<h3 class=\"heading-h2\">II. Doskona\u0142e specyfikacje techniczne<\/h3>\n<\/div>\n<ul>\n<li class=\"temp-li bullet1\" data-line=\"true\" data-list=\"bullet1\"><b>Liczba zaci\u0105gni\u0119\u0107<\/b>: Przy do 15 000 zaci\u0105gni\u0119ciach oznacza to, \u017ce nie musisz cz\u0119sto wymienia\u0107 urz\u0105dzenia i mo\u017cesz d\u0142ugo cieszy\u0107 si\u0119 chmur\u0105. Niezale\u017cnie od tego, czy to szybkie przerwy w pracy, czy relaksuj\u0105ce weekendy, gdy delektujesz si\u0119 tradycyjn\u0105 niemieck\u0105 kie\u0142bas\u0105 i piwem, mo\u017ce Ci s\u0142u\u017cy\u0107 i zaspokoi\u0107 Twoje potrzeby. Ka\u017cde zaci\u0105gni\u0119cie towarzyszy przyjemne odczucie st\u0119\u017cenia nikotyny 2%.<\/li>\n<\/ul>\n<ul>\n<li class=\"temp-li bullet1\" data-line=\"true\" data-list=\"bullet1\"><b>Pojemno\u015b\u0107 E-liquid<\/b>: Wyposa\u017cony jest w pojemnik na e-liquid o pojemno\u015bci 25 ml. To nie jest zwyk\u0142y e-liquid, lecz starannie wybrany i dok\u0142adnie wymieszany. Ka\u017cda kropla zawiera bogate aromaty, zapewniaj\u0105c intensywny i pe\u0142ny smak od pierwszego do ostatniego zaci\u0105gni\u0119cia, a smak nie s\u0142abnie z czasem. Przy st\u0119\u017ceniu nikotyny 2%, kompatybilno\u015b\u0107 mi\u0119dzy smakiem a nikotyn\u0105 osi\u0105ga optymalny stan.<\/li>\n<\/ul>\n<ul>\n<li class=\"temp-li bullet1\" data-line=\"true\" data-list=\"bullet1\"><b>Pojemno\u015b\u0107 baterii<\/b>: U\u017cywa wysokiej jako\u015bci baterii o pojemno\u015bci 650 mAh, kt\u00f3ra jak niezawodny stra\u017cnik energii zapewnia stabiln\u0105 i wystarczaj\u0105c\u0105 moc przez ca\u0142y czas u\u017cytkowania. Nawet je\u015bli jeste\u015b u\u017cytkownikiem o wysokiej cz\u0119stotliwo\u015bci chmurzenia, nie musisz cz\u0119sto \u0142adowa\u0107. Po pe\u0142nym na\u0142adowaniu mo\u017cesz korzysta\u0107 ca\u0142y dzie\u0144 lub d\u0142u\u017cej. Ciesz si\u0119 relaksem, jaki oferuje st\u0119\u017cenie nikotyny 2%.<\/li>\n<\/ul>\n<div data-zone-id=\"0\" data-line-index=\"13\" data-line=\"true\">\n<h3 class=\"heading-h2\">III. Stylowy design i \u0142atwo\u015b\u0107 obs\u0142ugi<\/h3>\n<\/div>\n<ul>\n<li class=\"temp-li bullet1\" data-line=\"true\" data-list=\"bullet1\"><b>Kompaktowy rozmiar<\/b>: Zesp\u00f3\u0142 projektowy produktu w pe\u0142ni uwzgl\u0119dni\u0142 codzienne sytuacje \u017cycia niemieckich m\u0119\u017cczyzn i zaprojektowa\u0142 go jako kompaktowy i lekki. Jego rozmiar jest jak ma\u0142e narz\u0119dzie. Niezale\u017cnie od tego, czy w kieszeni od odzie\u017cy roboczej, czy w sprz\u0119cie towarzysz\u0105cym, zajmuje niewiele miejsca i pozwala korzysta\u0107 z niego kiedy i gdzie chcesz. Ciesz si\u0119 produktem z nikotyn\u0105 2% w wygodny i prosty spos\u00f3b.<\/li>\n<\/ul>\n<ul>\n<li class=\"temp-li bullet1\" data-line=\"true\" data-list=\"bullet1\"><b>Prosta obs\u0142uga<\/b>: Dla praktycznych niemieckich m\u0119\u017cczyzn, kt\u00f3rzy nie lubi\u0105 skomplikowanych ustawie\u0144, BANG KING Digital 15000 PUFFS to prawdziwy dar. Nie wymaga skomplikowanych ustawie\u0144. Po wyj\u0119ciu z opakowania mo\u017cna go od razu u\u017cywa\u0107. Wystarczy lekko wci\u0105gn\u0105\u0107, aby natychmiast zanurzy\u0107 si\u0119 w cudownym chmurzeniu i cieszy\u0107 si\u0119 chwil\u0105 relaksu i rado\u015bci. Poczuj komfort, jaki daje st\u0119\u017cenie nikotyny 2%.<\/li>\n<\/ul>\n<div data-zone-id=\"0\" data-line-index=\"16\" data-line=\"true\">\n<h3 class=\"heading-h2\">IV. Aspekty zdrowotne<\/h3>\n<\/div>\n<div data-zone-id=\"0\" data-line-index=\"17\" data-line=\"true\">W czasach rosn\u0105cej \u015bwiadomo\u015bci zdrowotnej, BANG KING Digital 15000 PUFFS zawsze stawia na zdrowie u\u017cytkownik\u00f3w i jest cz\u0119sto postrzegany jako mniej szkodliwa alternatywa dla tradycyjnego palenia:<\/div>\n<ul>\n<li class=\"temp-li bullet1\" data-line=\"true\" data-list=\"bullet1\"><b>Surowa kontrola jako\u015bci<\/b>: Ka\u017cdy produkt musi przej\u015b\u0107 szereg rygorystycznych test\u00f3w jako\u015bciowych przed dostaw\u0105, od wyboru surowc\u00f3w, przez nadz\u00f3r nad procesem produkcji, a\u017c po kontrol\u0119 ko\u0144cowego produktu. Na ka\u017cdym etapie stosuje si\u0119 \u015bcis\u0142e kontrole, aby zapewni\u0107, \u017ce ka\u017cdy produkt dostarczany do Ciebie jest czysty i bezpieczny. Dotyczy to r\u00f3wnie\u017c produkt\u00f3w z nikotyn\u0105 2%. To odzwierciedla niemieck\u0105 mentalno\u015b\u0107 produkcji skupion\u0105 na jako\u015bci.<\/li>\n<\/ul>\n<ul>\n<li class=\"temp-li bullet1\" data-line=\"true\" data-list=\"bullet1\"><b>Mniej szkodliwych substancji<\/b>: W przeciwie\u0144stwie do tradycyjnych papieros\u00f3w, BANG KING Digital 15000 PUFFS nie zawiera wyrob\u00f3w tytoniowych, co oznacza, \u017ce nie produkuje substancji tarciowych, tlenku w\u0119gla i innych szkodliwych substancji. W por\u00f3wnaniu do tradycyjnego palenia, potencjalne ryzyko dla zdrowia jest znacznie zredukowane. Szczeg\u00f3lnie st\u0119\u017cenie nikotyny 2% dodatkowo zmniejsza zagro\u017cenia, zaspokajaj\u0105c jednocze\u015bnie popyt.<\/li>\n<\/ul>\n<div data-zone-id=\"0\" data-line-index=\"20\" data-line=\"true\">BANG KING Digital 15000 PUFFS to idealny wyb\u00f3r dla u\u017cytkownik\u00f3w poszukuj\u0105cych unikalnego do\u015bwiadczenia chmurzenia z umiarkowanym st\u0119\u017ceniem nikotyny. Niezale\u017cnie od tego, czy jeste\u015b pocz\u0105tkuj\u0105cym, czy do\u015bwiadczonym u\u017cytkownikiem chmurzenia, dzi\u0119ki swojemu kompaktowemu i przyjaznemu dla u\u017cytkownika designowi zapewni Ci satysfakcjonuj\u0105c\u0105 wydajno\u015b\u0107. Wybierz BANG KING Digital 15000 PUFFS i wybierz nowe, zdrowe i przyjemne do\u015bwiadczenie chmurzenia. Ciesz si\u0119 \u015bwie\u017co\u015bci\u0105 i satysfakcj\u0105 w ka\u017cdej chwili i poczuj unikalny urok st\u0119\u017cenia nikotyny 2%.<\/div>","protected":false},"excerpt":{"rendered":"<p>BANG KING Digital 15000 PUFFS Komfort, Geschmack und Gesundheit in einem Ger\u00e4t Bevor Sie sich auf diese wunderbare Nebelungserfahrung begeben, m\u00f6chten wir Ihnen zun\u00e4chst unseren effizienten und zuvorkommenden Logistikdienst detailliert vorstellen. Wir liefern direkt aus Bremen in Deutschland, was bedeutet, dass wir die lokalen Bed\u00fcrfnisse in Deutschland besser verstehen. Kisten voller erwartungsvoller BANG KING Digital [&hellip;]<\/p>","protected":false},"featured_media":15693,"template":"","meta":{"inline_featured_image":false},"product_cat":[762,78,756,739,743],"product_tag":[710,709,725],"tiered_pricing_type":"fixed","tiered_pricing_fixed_rules":{"60":"6.85","110":"5.66","200":"4.98"},"tiered_pricing_percentage_rules":[],"tiered_pricing_minimum":1,"_administrator_tiered_pricing_type":"fixed","_administrator_tiered_pricing_fixed_rules":[],"_editor_tiered_pricing_type":"fixed","_editor_tiered_pricing_fixed_rules":[],"_author_tiered_pricing_type":"fixed","_author_tiered_pricing_fixed_rules":[],"_contributor_tiered_pricing_type":"fixed","_contributor_tiered_pricing_fixed_rules":[],"_subscriber_tiered_pricing_type":"fixed","_subscriber_tiered_pricing_fixed_rules":[],"_customer_tiered_pricing_type":"fixed","_customer_tiered_pricing_fixed_rules":[],"_shop_manager_tiered_pricing_type":"fixed","_shop_manager_tiered_pricing_fixed_rules":[],"_wpseo_manager_tiered_pricing_type":"fixed","_wpseo_manager_tiered_pricing_fixed_rules":[],"_wpseo_editor_tiered_pricing_type":"fixed","_wpseo_editor_tiered_pricing_fixed_rules":[],"_wholesale_customer_tiered_pricing_type":"fixed","_wholesale_customer_tiered_pricing_fixed_rules":[],"_marketer_tiered_pricing_type":"fixed","_marketer_tiered_pricing_fixed_rules":[],"_sales_manager_tiered_pricing_type":"fixed","_sales_manager_tiered_pricing_fixed_rules":[],"_sales_rep_tiered_pricing_type":"fixed","_sales_rep_tiered_pricing_fixed_rules":[],"yoast_head":"<!-- This site is optimized with the Yoast SEO plugin v23.3 - https:\/\/yoast.com\/wordpress\/plugins\/seo\/ -->\n<title>BANG KING Digital 15000 PUFFS Genie\u00dfen Sie das ultimative Nebelungserlebnis | ElementVape.de<\/title>\n<meta name=\"description\" content=\"Wir bieten BANG KING Digital 15000 PUFFS Genie\u00dfen Sie das ultimative Nebelungserlebnis Elementvape.de akzeptieren Gro\u00df-und Einzelhandel Bestellungen.\" \/>\n<meta name=\"robots\" content=\"index, follow, max-snippet:-1, max-image-preview:large, max-video-preview:-1\" \/>\n<link rel=\"canonical\" href=\"https:\/\/www.elementvape.de\/pl\/produkt\/bang-king-digital-15000-puffs-geniessen-sie-das-ultimative-nebelungserlebnis\/\" \/>\n<meta property=\"og:locale\" content=\"pl_PL\" \/>\n<meta property=\"og:type\" content=\"article\" \/>\n<meta property=\"og:title\" content=\"BANG KING Digital 15000 PUFFS Genie\u00dfen Sie das ultimative Nebelungserlebnis | ElementVape.de\" \/>\n<meta property=\"og:description\" content=\"Wir bieten BANG KING Digital 15000 PUFFS Genie\u00dfen Sie das ultimative Nebelungserlebnis Elementvape.de akzeptieren Gro\u00df-und Einzelhandel Bestellungen.\" \/>\n<meta property=\"og:url\" content=\"https:\/\/www.elementvape.de\/pl\/produkt\/bang-king-digital-15000-puffs-geniessen-sie-das-ultimative-nebelungserlebnis\/\" \/>\n<meta property=\"og:site_name\" content=\"ElementVape.de\" \/>\n<meta property=\"article:modified_time\" content=\"2025-07-29T01:01:47+00:00\" \/>\n<meta property=\"og:image\" content=\"https:\/\/www.elementvape.de\/wp-content\/uploads\/2025\/02\/Double-Apple.jpg\" \/>\n\t<meta property=\"og:image:width\" content=\"1440\" \/>\n\t<meta property=\"og:image:height\" content=\"980\" \/>\n\t<meta property=\"og:image:type\" content=\"image\/jpeg\" \/>\n<meta name=\"twitter:card\" content=\"summary_large_image\" \/>\n<meta name=\"twitter:label1\" content=\"Est. reading time\" \/>\n\t<meta name=\"twitter:data1\" content=\"7 minut\" \/>\n<script type=\"application\/ld+json\" class=\"yoast-schema-graph\">{\"@context\":\"https:\/\/schema.org\",\"@graph\":[{\"@type\":\"WebPage\",\"@id\":\"https:\/\/www.elementvape.de\/produkt\/bang-king-digital-15000-puffs-geniessen-sie-das-ultimative-nebelungserlebnis\/\",\"url\":\"https:\/\/www.elementvape.de\/produkt\/bang-king-digital-15000-puffs-geniessen-sie-das-ultimative-nebelungserlebnis\/\",\"name\":\"BANG KING Digital 15000 PUFFS Genie\u00dfen Sie das ultimative Nebelungserlebnis | ElementVape.de\",\"isPartOf\":{\"@id\":\"https:\/\/www.elementvape.de\/#website\"},\"primaryImageOfPage\":{\"@id\":\"https:\/\/www.elementvape.de\/produkt\/bang-king-digital-15000-puffs-geniessen-sie-das-ultimative-nebelungserlebnis\/#primaryimage\"},\"image\":{\"@id\":\"https:\/\/www.elementvape.de\/produkt\/bang-king-digital-15000-puffs-geniessen-sie-das-ultimative-nebelungserlebnis\/#primaryimage\"},\"thumbnailUrl\":\"https:\/\/www.elementvape.de\/wp-content\/uploads\/2025\/02\/Double-Apple.jpg\",\"datePublished\":\"2025-02-14T08:18:05+00:00\",\"dateModified\":\"2025-07-29T01:01:47+00:00\",\"description\":\"Wir bieten BANG KING Digital 15000 PUFFS Genie\u00dfen Sie das ultimative Nebelungserlebnis Elementvape.de akzeptieren Gro\u00df-und Einzelhandel Bestellungen.\",\"breadcrumb\":{\"@id\":\"https:\/\/www.elementvape.de\/produkt\/bang-king-digital-15000-puffs-geniessen-sie-das-ultimative-nebelungserlebnis\/#breadcrumb\"},\"inLanguage\":\"pl-PL\",\"potentialAction\":[{\"@type\":\"ReadAction\",\"target\":[\"https:\/\/www.elementvape.de\/produkt\/bang-king-digital-15000-puffs-geniessen-sie-das-ultimative-nebelungserlebnis\/\"]}]},{\"@type\":\"ImageObject\",\"inLanguage\":\"pl-PL\",\"@id\":\"https:\/\/www.elementvape.de\/produkt\/bang-king-digital-15000-puffs-geniessen-sie-das-ultimative-nebelungserlebnis\/#primaryimage\",\"url\":\"https:\/\/www.elementvape.de\/wp-content\/uploads\/2025\/02\/Double-Apple.jpg\",\"contentUrl\":\"https:\/\/www.elementvape.de\/wp-content\/uploads\/2025\/02\/Double-Apple.jpg\",\"width\":1440,\"height\":980},{\"@type\":\"BreadcrumbList\",\"@id\":\"https:\/\/www.elementvape.de\/produkt\/bang-king-digital-15000-puffs-geniessen-sie-das-ultimative-nebelungserlebnis\/#breadcrumb\",\"itemListElement\":[{\"@type\":\"ListItem\",\"position\":1,\"name\":\"Home\",\"item\":\"https:\/\/www.elementvape.de\/\"},{\"@type\":\"ListItem\",\"position\":2,\"name\":\"Shop\",\"item\":\"https:\/\/www.elementvape.de\/shop\/\"},{\"@type\":\"ListItem\",\"position\":3,\"name\":\"BANG KING Digital 15000 PUFFS Genie\u00dfen Sie das ultimative Nebelungserlebnis\"}]},{\"@type\":\"WebSite\",\"@id\":\"https:\/\/www.elementvape.de\/#website\",\"url\":\"https:\/\/www.elementvape.de\/\",\"name\":\"ElementVape.de\",\"description\":\"\",\"publisher\":{\"@id\":\"https:\/\/www.elementvape.de\/#organization\"},\"potentialAction\":[{\"@type\":\"SearchAction\",\"target\":{\"@type\":\"EntryPoint\",\"urlTemplate\":\"https:\/\/www.elementvape.de\/?s={search_term_string}\"},\"query-input\":\"required name=search_term_string\"}],\"inLanguage\":\"pl-PL\"},{\"@type\":\"Organization\",\"@id\":\"https:\/\/www.elementvape.de\/#organization\",\"name\":\"ElementVape.DE\",\"url\":\"https:\/\/www.elementvape.de\/\",\"logo\":{\"@type\":\"ImageObject\",\"inLanguage\":\"pl-PL\",\"@id\":\"https:\/\/www.elementvape.de\/#\/schema\/logo\/image\/\",\"url\":\"https:\/\/www.elementvape.de\/wp-content\/uploads\/2024\/09\/cropped-1elementvape-3.png\",\"contentUrl\":\"https:\/\/www.elementvape.de\/wp-content\/uploads\/2024\/09\/cropped-1elementvape-3.png\",\"width\":285,\"height\":228,\"caption\":\"ElementVape.DE\"},\"image\":{\"@id\":\"https:\/\/www.elementvape.de\/#\/schema\/logo\/image\/\"}}]}<\/script>\n<!-- \/ Yoast SEO plugin. -->","yoast_head_json":{"title":"BANG KING Digital 15000 PUFFS Genie\u00dfen Sie das ultimative Nebelungserlebnis | ElementVape.de","description":"Wir bieten BANG KING Digital 15000 PUFFS Genie\u00dfen Sie das ultimative Nebelungserlebnis Elementvape.de akzeptieren Gro\u00df-und Einzelhandel Bestellungen.","robots":{"index":"index","follow":"follow","max-snippet":"max-snippet:-1","max-image-preview":"max-image-preview:large","max-video-preview":"max-video-preview:-1"},"canonical":"https:\/\/www.elementvape.de\/pl\/produkt\/bang-king-digital-15000-puffs-geniessen-sie-das-ultimative-nebelungserlebnis\/","og_locale":"pl_PL","og_type":"article","og_title":"BANG KING Digital 15000 PUFFS Genie\u00dfen Sie das ultimative Nebelungserlebnis | ElementVape.de","og_description":"Wir bieten BANG KING Digital 15000 PUFFS Genie\u00dfen Sie das ultimative Nebelungserlebnis Elementvape.de akzeptieren Gro\u00df-und Einzelhandel Bestellungen.","og_url":"https:\/\/www.elementvape.de\/pl\/produkt\/bang-king-digital-15000-puffs-geniessen-sie-das-ultimative-nebelungserlebnis\/","og_site_name":"ElementVape.de","article_modified_time":"2025-07-29T01:01:47+00:00","og_image":[{"width":1440,"height":980,"url":"https:\/\/www.elementvape.de\/wp-content\/uploads\/2025\/02\/Double-Apple.jpg","type":"image\/jpeg"}],"twitter_card":"summary_large_image","twitter_misc":{"Est. reading time":"7 minut"},"schema":{"@context":"https:\/\/schema.org","@graph":[{"@type":"WebPage","@id":"https:\/\/www.elementvape.de\/produkt\/bang-king-digital-15000-puffs-geniessen-sie-das-ultimative-nebelungserlebnis\/","url":"https:\/\/www.elementvape.de\/produkt\/bang-king-digital-15000-puffs-geniessen-sie-das-ultimative-nebelungserlebnis\/","name":"BANG KING Digital 15000 PUFFS Genie\u00dfen Sie das ultimative Nebelungserlebnis | ElementVape.de","isPartOf":{"@id":"https:\/\/www.elementvape.de\/#website"},"primaryImageOfPage":{"@id":"https:\/\/www.elementvape.de\/produkt\/bang-king-digital-15000-puffs-geniessen-sie-das-ultimative-nebelungserlebnis\/#primaryimage"},"image":{"@id":"https:\/\/www.elementvape.de\/produkt\/bang-king-digital-15000-puffs-geniessen-sie-das-ultimative-nebelungserlebnis\/#primaryimage"},"thumbnailUrl":"https:\/\/www.elementvape.de\/wp-content\/uploads\/2025\/02\/Double-Apple.jpg","datePublished":"2025-02-14T08:18:05+00:00","dateModified":"2025-07-29T01:01:47+00:00","description":"Wir bieten BANG KING Digital 15000 PUFFS Genie\u00dfen Sie das ultimative Nebelungserlebnis Elementvape.de akzeptieren Gro\u00df-und Einzelhandel Bestellungen.","breadcrumb":{"@id":"https:\/\/www.elementvape.de\/produkt\/bang-king-digital-15000-puffs-geniessen-sie-das-ultimative-nebelungserlebnis\/#breadcrumb"},"inLanguage":"pl-PL","potentialAction":[{"@type":"ReadAction","target":["https:\/\/www.elementvape.de\/produkt\/bang-king-digital-15000-puffs-geniessen-sie-das-ultimative-nebelungserlebnis\/"]}]},{"@type":"ImageObject","inLanguage":"pl-PL","@id":"https:\/\/www.elementvape.de\/produkt\/bang-king-digital-15000-puffs-geniessen-sie-das-ultimative-nebelungserlebnis\/#primaryimage","url":"https:\/\/www.elementvape.de\/wp-content\/uploads\/2025\/02\/Double-Apple.jpg","contentUrl":"https:\/\/www.elementvape.de\/wp-content\/uploads\/2025\/02\/Double-Apple.jpg","width":1440,"height":980},{"@type":"BreadcrumbList","@id":"https:\/\/www.elementvape.de\/produkt\/bang-king-digital-15000-puffs-geniessen-sie-das-ultimative-nebelungserlebnis\/#breadcrumb","itemListElement":[{"@type":"ListItem","position":1,"name":"Home","item":"https:\/\/www.elementvape.de\/"},{"@type":"ListItem","position":2,"name":"Shop","item":"https:\/\/www.elementvape.de\/shop\/"},{"@type":"ListItem","position":3,"name":"BANG KING Digital 15000 PUFFS Genie\u00dfen Sie das ultimative Nebelungserlebnis"}]},{"@type":"WebSite","@id":"https:\/\/www.elementvape.de\/#website","url":"https:\/\/www.elementvape.de\/","name":"ElementVape.de","description":"","publisher":{"@id":"https:\/\/www.elementvape.de\/#organization"},"potentialAction":[{"@type":"SearchAction","target":{"@type":"EntryPoint","urlTemplate":"https:\/\/www.elementvape.de\/?s={search_term_string}"},"query-input":"required name=search_term_string"}],"inLanguage":"pl-PL"},{"@type":"Organization","@id":"https:\/\/www.elementvape.de\/#organization","name":"ElementVape.DE","url":"https:\/\/www.elementvape.de\/","logo":{"@type":"ImageObject","inLanguage":"pl-PL","@id":"https:\/\/www.elementvape.de\/#\/schema\/logo\/image\/","url":"https:\/\/www.elementvape.de\/wp-content\/uploads\/2024\/09\/cropped-1elementvape-3.png","contentUrl":"https:\/\/www.elementvape.de\/wp-content\/uploads\/2024\/09\/cropped-1elementvape-3.png","width":285,"height":228,"caption":"ElementVape.DE"},"image":{"@id":"https:\/\/www.elementvape.de\/#\/schema\/logo\/image\/"}}]}},"_links":{"self":[{"href":"https:\/\/www.elementvape.de\/pl\/wp-json\/wp\/v2\/product\/15692"}],"collection":[{"href":"https:\/\/www.elementvape.de\/pl\/wp-json\/wp\/v2\/product"}],"about":[{"href":"https:\/\/www.elementvape.de\/pl\/wp-json\/wp\/v2\/types\/product"}],"wp:featuredmedia":[{"embeddable":true,"href":"https:\/\/www.elementvape.de\/pl\/wp-json\/wp\/v2\/media\/15693"}],"wp:attachment":[{"href":"https:\/\/www.elementvape.de\/pl\/wp-json\/wp\/v2\/media?parent=15692"}],"wp:term":[{"taxonomy":"product_cat","embeddable":true,"href":"https:\/\/www.elementvape.de\/pl\/wp-json\/wp\/v2\/product_cat?post=15692"},{"taxonomy":"product_tag","embeddable":true,"href":"https:\/\/www.elementvape.de\/pl\/wp-json\/wp\/v2\/product_tag?post=15692"}],"curies":[{"name":"wp","href":"https:\/\/api.w.org\/{rel}","templated":true}]}}