{"id":15402,"date":"2024-11-26T06:22:40","date_gmt":"2024-11-26T06:22:40","guid":{"rendered":"https:\/\/www.elementvape.de\/?post_type=product&#038;p=15402"},"modified":"2024-11-26T07:33:49","modified_gmt":"2024-11-26T07:33:49","slug":"kuehle-traube-erleben-e-zigarette-bang-king-25000-puffs-grossbildschirm-b25-grape-ice","status":"publish","type":"product","link":"https:\/\/www.elementvape.de\/pl\/produkt\/kuehle-traube-erleben-e-zigarette-bang-king-25000-puffs-grossbildschirm-b25-grape-ice\/","title":{"rendered":"Ch\u0142odz\u0105ca winogronowa e-papieros BANG KING 25000 Puffs Du\u017cy ekran B25 Grape Ice"},"content":{"rendered":"<h2>BANG KING 25000 Puffs Du\u017cy ekran E-papieros Grape Ice dla ostatecznego ch\u0142odnego smaku winogron<\/h2>\n<p>BANG KING 25000 Puffs Du\u017cy ekran <strong><a href=\"https:\/\/www.elementvape.de\/pl\/\">E-papieros<\/a><\/strong> z orze\u017awiaj\u0105cym smakiem Grape Ice, oferuje niezr\u00f3wnane po\u0142\u0105czenie imponuj\u0105cej wydajno\u015bci i pysznego, ch\u0142odnego smaku. Z <strong><a href=\"https:\/\/www.elementvape.de\/pl\/p-tag\/vaep-25000-zuege\/\">25000 zaci\u0105gni\u0119\u0107<\/a><\/strong>, du\u017c\u0105 pojemno\u015bci\u0105 e-liquid 30 ml i nowoczesnym du\u017cym ekranem z przydatnymi informacjami, ten model jest idealnym wyborem dla palaczy, kt\u00f3rzy ceni\u0105 zar\u00f3wno smak, jak i funkcjonalno\u015b\u0107.<\/p>\n<p>Smak Grape Ice \u0142\u0105czy s\u0142odk\u0105 \u015bwie\u017co\u015b\u0107 winogron z ch\u0142odnym mentolem \u2013 unikalne do\u015bwiadczenie, kt\u00f3re rozpieszcza podniebienie. W tym artykule przyjrzymy si\u0119 wyr\u00f3\u017cniaj\u0105cym si\u0119 cechom <strong><a href=\"https:\/\/www.elementvape.de\/pl\/c\/bang-king-25000-puffs\/\">BANG KING 25000 Puffs E-papieros<\/a><\/strong> i dlaczego s\u0105 one idealnym wyborem dla wszystkich poszukuj\u0105cych ch\u0142odnego, owocowego do\u015bwiadczenia vapingowego.<\/p>\n<h3>Dane techniczne BANG KING 25000 Puffs E-papieros \u2013 Grape Ice<\/h3>\n<table>\n<thead>\n<tr>\n<th>Parametry<\/th>\n<th>Szczeg\u00f3\u0142y<\/th>\n<\/tr>\n<\/thead>\n<tbody>\n<tr>\n<td>Zaci\u0105gni\u0119cia (Puffs)<\/td>\n<td>25.000<\/td>\n<\/tr>\n<tr>\n<td>Pojemno\u015b\u0107 e-liquid<\/td>\n<td>30 ml<\/td>\n<\/tr>\n<tr>\n<td>Op\u00f3r (Resistance)<\/td>\n<td>1,0 Ohma<\/td>\n<\/tr>\n<tr>\n<td>Port \u0142adowania (Charging Port)<\/td>\n<td>Type-C<\/td>\n<\/tr>\n<tr>\n<td>Pojemno\u015b\u0107 baterii (Battery Capacity)<\/td>\n<td>650mAh<\/td>\n<\/tr>\n<tr>\n<td>Smak (Flavor)<\/td>\n<td>Grape Ice (Ch\u0142odne Winogrono)<\/td>\n<\/tr>\n<tr>\n<td>Grupa docelowa<\/td>\n<td>Dla palaczy, kt\u00f3rzy preferuj\u0105 \u015bwie\u017ce i ch\u0142odne aromaty<\/td>\n<\/tr>\n<tr>\n<td>Czas \u0142adowania<\/td>\n<td>Szybkie \u0142adowanie przez Type-C<\/td>\n<\/tr>\n<tr>\n<td>Rozmiar (Wymiary)<\/td>\n<td>Kompaktowy i \u0142atwy do przenoszenia<\/td>\n<\/tr>\n<tr>\n<td>U\u017cywana technologia<\/td>\n<td>Mesh-Coil dla r\u00f3wnomiernego dymu i smaku<\/td>\n<\/tr>\n<tr>\n<td>Dodatkowe funkcje<\/td>\n<td>Du\u017cy ekran do wy\u015bwietlania liczby zaci\u0105gni\u0119\u0107 i stanu baterii<\/td>\n<\/tr>\n<\/tbody>\n<\/table>\n<h3>Dlaczego BANG KING 25000 Puffs E-papieros \u2013 Grape Ice jest najlepszym wyborem<\/h3>\n<ol>\n<li>25 000 zaci\u0105gni\u0119\u0107 dla d\u0142ugotrwa\u0142ej przyjemno\u015bci<br \/>\nBANG KING 25000 Puffs E-papieros oferuje niesamowicie wysok\u0105 liczb\u0119 puf\u00f3w 25 000, co czyni go idealnym towarzyszem dla tych, kt\u00f3rzy szukaj\u0105 trwa\u0142ego do\u015bwiadczenia vapingowego. Nie musisz si\u0119 martwi\u0107 o cz\u0119st\u0105 wymian\u0119 lub uzupe\u0142nianie urz\u0105dzenia, poniewa\u017c e-papieros zosta\u0142 zaprojektowany tak, aby zapewnia\u0107 sta\u0142\u0105 wydajno\u015b\u0107 przez d\u0142ugi czas.<\/li>\n<li>Du\u017ca pojemno\u015b\u0107 e-liquid dla d\u0142ugiego vapingowania<br \/>\nZ pojemno\u015bci\u0105 e-liquid 30 ml, palacze mog\u0105 cieszy\u0107 si\u0119 bez przerwy, nie musz\u0105c ci\u0105gle uzupe\u0142nia\u0107. Du\u017ca pojemno\u015b\u0107 zapewnia, \u017ce smak Grape Ice pozostaje intensywny i r\u00f3wnomierny przez d\u0142u\u017cszy czas.<\/li>\n<li>Orze\u017awiaj\u0105cy smak Grape Ice<br \/>\nSmak Grape Ice to idealne po\u0142\u0105czenie s\u0142odkiej owocowej s\u0142odyczy soczystych winogron i ch\u0142odnej \u015bwie\u017co\u015bci mentolu. Ta kombinacja zapewnia ch\u0142odne, orze\u017awiaj\u0105ce do\u015bwiadczenie, kt\u00f3re jest szczeg\u00f3lnie idealne w gor\u0105ce dni lub dla palaczy, kt\u00f3rzy chc\u0105 zako\u0144czy\u0107 sw\u00f3j smak \u015bwie\u017cym akcentem.<\/li>\n<li>Optymalna produkcja pary z rezystorem Mesh 1.0 Ohm<br \/>\nRezystor Mesh 1.0 Ohm zapewnia r\u00f3wnomierne odparowywanie e-liquid i lepsze odwzorowanie smaku. Ta technologia oferuje precyzyjniejsze odparowywanie, co prowadzi do intensywniejszego i bardziej jednolitego do\u015bwiadczenia vapingowego. Rezystor Mesh zapewnia, \u017ce ka\u017cdy zaci\u0105g jest stabilny i sp\u00f3jny.<\/li>\n<li>Szybkie \u0142adowanie z portem Type-C<br \/>\nPort \u0142adowania Type-C zapewnia szybkie i wydajne \u0142adowanie urz\u0105dzenia. W por\u00f3wnaniu do starszych port\u00f3w, urz\u0105dzenie \u0142aduje si\u0119 znacznie szybciej, dzi\u0119ki czemu mo\u017cna je szybko ponownie u\u017cywa\u0107.<\/li>\n<li>Wydajna bateria 650 mAh dla ci\u0105g\u0142ej przyjemno\u015bci<br \/>\nZ bateri\u0105 o pojemno\u015bci 650 mAh urz\u0105dzenie jest wystarczaj\u0105co wydajne, aby dostarczy\u0107 25 000 puf\u00f3w, bez szybkiego wyczerpania baterii. Ta bateria zapewnia, \u017ce mo\u017cesz cieszy\u0107 si\u0119 sta\u0142ym do\u015bwiadczeniem vapowania przez d\u0142ugi czas.<\/li>\n<li>Du\u017cy ekran dla lepszej kontroli<br \/>\nDu\u017cy ekran wy\u015bwietla wa\u017cne informacje, takie jak pozosta\u0142e pufy i stan baterii. Dzi\u0119ki temu zawsze wiesz, ile jeszcze dymu mo\u017cesz cieszy\u0107 si\u0119, i kiedy nadszed\u0142 czas na na\u0142adowanie urz\u0105dzenia.<\/li>\n<\/ol>\n<h3>Podsumowanie: E-papieros BANG KING 25000 Puffs \u2013 Grape Ice<\/h3>\n<p>E-papieros BANG KING 25000 Puffs o smaku Grape Ice to idealny wyb\u00f3r dla vapowicz\u00f3w poszukuj\u0105cych trwa\u0142ego, wydajnego i smakowitego e-papierosa. Z imponuj\u0105c\u0105 pojemno\u015bci\u0105 25 000 puf\u00f3w, 30 ml pojemno\u015bci\u0105 e-liquid, rezystorem Mesh 1.0 Ohm oraz od\u015bwie\u017caj\u0105cym smakiem Grape Ice, ten model oferuje wszystko, czego potrzebujesz do intensywnego do\u015bwiadczenia vapowania.<\/p>\n<p>Szybkie \u0142adowanie przez Type-C, niezawodna bateria 650 mAh oraz du\u017cy ekran wy\u015bwietlaj\u0105cy wa\u017cne dane czyni\u0105 to urz\u0105dzenie szczeg\u00f3lnie przyjaznym dla u\u017cytkownika. Je\u015bli kochasz ch\u0142odny, owocowy smak Grape Ice, to BANG KING 25000 Puffs E-papieros jest dla Ciebie idealnym wyborem.<\/p>\n<p>E-papieros BANG KING 25000 Puffs \u2013 Grape Ice oferuje nie tylko imponuj\u0105c\u0105 wydajno\u015b\u0107 i d\u0142ug\u0105 \u017cywotno\u015b\u0107, ale tak\u017ce unikalne, od\u015bwie\u017caj\u0105ce doznania smakowe. Je\u015bli szukasz niezawodnego i wyj\u0105tkowego do\u015bwiadczenia vapowania, ten model z pewno\u015bci\u0105 spe\u0142ni Twoje oczekiwania.<\/p>","protected":false},"excerpt":{"rendered":"<p>BANG KING 25000 Puffs Gro\u00dfbildschirm E-Zigarette Grape Ice f\u00fcr den ultimativen k\u00fchlen Traubengenuss Die BANG KING 25000 Puffs Gro\u00dfbildschirm E-Zigarette mit dem erfrischenden Grape Ice-Geschmack bietet eine un\u00fcbertroffene Kombination aus beeindruckender Leistung und k\u00f6stlichem, k\u00fchlem Geschmack. Mit 25000 Puffs, einer gro\u00dfz\u00fcgigen E-Liquid-Kapazit\u00e4t von 30 ml und einem modernen Gro\u00dfbildschirm f\u00fcr n\u00fctzliche Informationen, ist dieses Modell [&hellip;]<\/p>","protected":false},"featured_media":15418,"template":"","meta":{"inline_featured_image":false},"product_cat":[767,734,754,745],"product_tag":[710,768],"tiered_pricing_type":"fixed","tiered_pricing_fixed_rules":{"60":"10.08","110":"8.96","200":"7.84"},"tiered_pricing_percentage_rules":[],"tiered_pricing_minimum":1,"_administrator_tiered_pricing_type":"fixed","_administrator_tiered_pricing_fixed_rules":[],"_editor_tiered_pricing_type":"fixed","_editor_tiered_pricing_fixed_rules":[],"_author_tiered_pricing_type":"fixed","_author_tiered_pricing_fixed_rules":[],"_contributor_tiered_pricing_type":"fixed","_contributor_tiered_pricing_fixed_rules":[],"_subscriber_tiered_pricing_type":"fixed","_subscriber_tiered_pricing_fixed_rules":[],"_customer_tiered_pricing_type":"fixed","_customer_tiered_pricing_fixed_rules":[],"_shop_manager_tiered_pricing_type":"fixed","_shop_manager_tiered_pricing_fixed_rules":[],"_wpseo_manager_tiered_pricing_type":"fixed","_wpseo_manager_tiered_pricing_fixed_rules":[],"_wpseo_editor_tiered_pricing_type":"fixed","_wpseo_editor_tiered_pricing_fixed_rules":[],"_wholesale_customer_tiered_pricing_type":"fixed","_wholesale_customer_tiered_pricing_fixed_rules":[],"_marketer_tiered_pricing_type":"fixed","_marketer_tiered_pricing_fixed_rules":[],"_sales_manager_tiered_pricing_type":"fixed","_sales_manager_tiered_pricing_fixed_rules":[],"_sales_rep_tiered_pricing_type":"fixed","_sales_rep_tiered_pricing_fixed_rules":[],"yoast_head":"<!-- This site is optimized with the Yoast SEO plugin v23.3 - https:\/\/yoast.com\/wordpress\/plugins\/seo\/ -->\n<title>K\u00fchle Traube erleben E-Zigarette BANG KING 25000 Puffs Gro\u00dfbildschirm B25 Grape Ice | ElementVape.de<\/title>\n<meta name=\"description\" content=\"Wir bieten K\u00fchle Traube erleben E-Zigarette BANG KING 25000 Puffs Gro\u00dfbildschirm B25 Grape Ice , Elementvape.de akzeptieren Gro\u00df-und Einzelhandel Bestellungen.\" \/>\n<meta name=\"robots\" content=\"index, follow, max-snippet:-1, max-image-preview:large, max-video-preview:-1\" \/>\n<link rel=\"canonical\" href=\"https:\/\/www.elementvape.de\/pl\/produkt\/kuehle-traube-erleben-e-zigarette-bang-king-25000-puffs-grossbildschirm-b25-grape-ice\/\" \/>\n<meta property=\"og:locale\" content=\"pl_PL\" \/>\n<meta property=\"og:type\" content=\"article\" \/>\n<meta property=\"og:title\" content=\"K\u00fchle Traube erleben E-Zigarette BANG KING 25000 Puffs Gro\u00dfbildschirm B25 Grape Ice | ElementVape.de\" \/>\n<meta property=\"og:description\" content=\"Wir bieten K\u00fchle Traube erleben E-Zigarette BANG KING 25000 Puffs Gro\u00dfbildschirm B25 Grape Ice , Elementvape.de akzeptieren Gro\u00df-und Einzelhandel Bestellungen.\" \/>\n<meta property=\"og:url\" content=\"https:\/\/www.elementvape.de\/pl\/produkt\/kuehle-traube-erleben-e-zigarette-bang-king-25000-puffs-grossbildschirm-b25-grape-ice\/\" \/>\n<meta property=\"og:site_name\" content=\"ElementVape.de\" \/>\n<meta property=\"article:modified_time\" content=\"2024-11-26T07:33:49+00:00\" \/>\n<meta property=\"og:image\" content=\"https:\/\/www.elementvape.de\/wp-content\/uploads\/2024\/11\/grape-ice-1.jpg\" \/>\n\t<meta property=\"og:image:width\" content=\"1000\" \/>\n\t<meta property=\"og:image:height\" content=\"1000\" \/>\n\t<meta property=\"og:image:type\" content=\"image\/jpeg\" \/>\n<meta name=\"twitter:card\" content=\"summary_large_image\" \/>\n<meta name=\"twitter:label1\" content=\"Est. reading time\" \/>\n\t<meta name=\"twitter:data1\" content=\"4 minuty\" \/>\n<script type=\"application\/ld+json\" class=\"yoast-schema-graph\">{\"@context\":\"https:\/\/schema.org\",\"@graph\":[{\"@type\":\"WebPage\",\"@id\":\"https:\/\/www.elementvape.de\/sv\/produkt\/kuehle-traube-erleben-e-zigarette-bang-king-25000-puffs-grossbildschirm-b25-grape-ice\/\",\"url\":\"https:\/\/www.elementvape.de\/sv\/produkt\/kuehle-traube-erleben-e-zigarette-bang-king-25000-puffs-grossbildschirm-b25-grape-ice\/\",\"name\":\"K\u00fchle Traube erleben E-Zigarette BANG KING 25000 Puffs Gro\u00dfbildschirm B25 Grape Ice | ElementVape.de\",\"isPartOf\":{\"@id\":\"https:\/\/www.elementvape.de\/#website\"},\"primaryImageOfPage\":{\"@id\":\"https:\/\/www.elementvape.de\/sv\/produkt\/kuehle-traube-erleben-e-zigarette-bang-king-25000-puffs-grossbildschirm-b25-grape-ice\/#primaryimage\"},\"image\":{\"@id\":\"https:\/\/www.elementvape.de\/sv\/produkt\/kuehle-traube-erleben-e-zigarette-bang-king-25000-puffs-grossbildschirm-b25-grape-ice\/#primaryimage\"},\"thumbnailUrl\":\"https:\/\/www.elementvape.de\/wp-content\/uploads\/2024\/11\/grape-ice-1.jpg\",\"datePublished\":\"2024-11-26T06:22:40+00:00\",\"dateModified\":\"2024-11-26T07:33:49+00:00\",\"description\":\"Wir bieten K\u00fchle Traube erleben E-Zigarette BANG KING 25000 Puffs Gro\u00dfbildschirm B25 Grape Ice , Elementvape.de akzeptieren Gro\u00df-und Einzelhandel Bestellungen.\",\"breadcrumb\":{\"@id\":\"https:\/\/www.elementvape.de\/sv\/produkt\/kuehle-traube-erleben-e-zigarette-bang-king-25000-puffs-grossbildschirm-b25-grape-ice\/#breadcrumb\"},\"inLanguage\":\"pl-PL\",\"potentialAction\":[{\"@type\":\"ReadAction\",\"target\":[\"https:\/\/www.elementvape.de\/sv\/produkt\/kuehle-traube-erleben-e-zigarette-bang-king-25000-puffs-grossbildschirm-b25-grape-ice\/\"]}]},{\"@type\":\"ImageObject\",\"inLanguage\":\"pl-PL\",\"@id\":\"https:\/\/www.elementvape.de\/sv\/produkt\/kuehle-traube-erleben-e-zigarette-bang-king-25000-puffs-grossbildschirm-b25-grape-ice\/#primaryimage\",\"url\":\"https:\/\/www.elementvape.de\/wp-content\/uploads\/2024\/11\/grape-ice-1.jpg\",\"contentUrl\":\"https:\/\/www.elementvape.de\/wp-content\/uploads\/2024\/11\/grape-ice-1.jpg\",\"width\":1000,\"height\":1000,\"caption\":\"grape ice BANG KING 25000 PUFFS LARGE SCREEN B25\"},{\"@type\":\"BreadcrumbList\",\"@id\":\"https:\/\/www.elementvape.de\/sv\/produkt\/kuehle-traube-erleben-e-zigarette-bang-king-25000-puffs-grossbildschirm-b25-grape-ice\/#breadcrumb\",\"itemListElement\":[{\"@type\":\"ListItem\",\"position\":1,\"name\":\"Home\",\"item\":\"https:\/\/www.elementvape.de\/\"},{\"@type\":\"ListItem\",\"position\":2,\"name\":\"Shop\",\"item\":\"https:\/\/www.elementvape.de\/shop\/\"},{\"@type\":\"ListItem\",\"position\":3,\"name\":\"K\u00fchle Traube erleben E-Zigarette BANG KING 25000 Puffs Gro\u00dfbildschirm B25 Grape Ice\"}]},{\"@type\":\"WebSite\",\"@id\":\"https:\/\/www.elementvape.de\/#website\",\"url\":\"https:\/\/www.elementvape.de\/\",\"name\":\"ElementVape.de\",\"description\":\"\",\"publisher\":{\"@id\":\"https:\/\/www.elementvape.de\/#organization\"},\"potentialAction\":[{\"@type\":\"SearchAction\",\"target\":{\"@type\":\"EntryPoint\",\"urlTemplate\":\"https:\/\/www.elementvape.de\/?s={search_term_string}\"},\"query-input\":\"required name=search_term_string\"}],\"inLanguage\":\"pl-PL\"},{\"@type\":\"Organization\",\"@id\":\"https:\/\/www.elementvape.de\/#organization\",\"name\":\"ElementVape.DE\",\"url\":\"https:\/\/www.elementvape.de\/\",\"logo\":{\"@type\":\"ImageObject\",\"inLanguage\":\"pl-PL\",\"@id\":\"https:\/\/www.elementvape.de\/#\/schema\/logo\/image\/\",\"url\":\"https:\/\/www.elementvape.de\/wp-content\/uploads\/2024\/09\/cropped-1elementvape-3.png\",\"contentUrl\":\"https:\/\/www.elementvape.de\/wp-content\/uploads\/2024\/09\/cropped-1elementvape-3.png\",\"width\":285,\"height\":228,\"caption\":\"ElementVape.DE\"},\"image\":{\"@id\":\"https:\/\/www.elementvape.de\/#\/schema\/logo\/image\/\"}}]}<\/script>\n<!-- \/ Yoast SEO plugin. -->","yoast_head_json":{"title":"K\u00fchle Traube erleben E-Zigarette BANG KING 25000 Puffs Gro\u00dfbildschirm B25 Grape Ice | ElementVape.de","description":"Wir bieten K\u00fchle Traube erleben E-Zigarette BANG KING 25000 Puffs Gro\u00dfbildschirm B25 Grape Ice , Elementvape.de akzeptieren Gro\u00df-und Einzelhandel Bestellungen.","robots":{"index":"index","follow":"follow","max-snippet":"max-snippet:-1","max-image-preview":"max-image-preview:large","max-video-preview":"max-video-preview:-1"},"canonical":"https:\/\/www.elementvape.de\/pl\/produkt\/kuehle-traube-erleben-e-zigarette-bang-king-25000-puffs-grossbildschirm-b25-grape-ice\/","og_locale":"pl_PL","og_type":"article","og_title":"K\u00fchle Traube erleben E-Zigarette BANG KING 25000 Puffs Gro\u00dfbildschirm B25 Grape Ice | ElementVape.de","og_description":"Wir bieten K\u00fchle Traube erleben E-Zigarette BANG KING 25000 Puffs Gro\u00dfbildschirm B25 Grape Ice , Elementvape.de akzeptieren Gro\u00df-und Einzelhandel Bestellungen.","og_url":"https:\/\/www.elementvape.de\/pl\/produkt\/kuehle-traube-erleben-e-zigarette-bang-king-25000-puffs-grossbildschirm-b25-grape-ice\/","og_site_name":"ElementVape.de","article_modified_time":"2024-11-26T07:33:49+00:00","og_image":[{"width":1000,"height":1000,"url":"https:\/\/www.elementvape.de\/wp-content\/uploads\/2024\/11\/grape-ice-1.jpg","type":"image\/jpeg"}],"twitter_card":"summary_large_image","twitter_misc":{"Est. reading time":"4 minuty"},"schema":{"@context":"https:\/\/schema.org","@graph":[{"@type":"WebPage","@id":"https:\/\/www.elementvape.de\/sv\/produkt\/kuehle-traube-erleben-e-zigarette-bang-king-25000-puffs-grossbildschirm-b25-grape-ice\/","url":"https:\/\/www.elementvape.de\/sv\/produkt\/kuehle-traube-erleben-e-zigarette-bang-king-25000-puffs-grossbildschirm-b25-grape-ice\/","name":"K\u00fchle Traube erleben E-Zigarette BANG KING 25000 Puffs Gro\u00dfbildschirm B25 Grape Ice | ElementVape.de","isPartOf":{"@id":"https:\/\/www.elementvape.de\/#website"},"primaryImageOfPage":{"@id":"https:\/\/www.elementvape.de\/sv\/produkt\/kuehle-traube-erleben-e-zigarette-bang-king-25000-puffs-grossbildschirm-b25-grape-ice\/#primaryimage"},"image":{"@id":"https:\/\/www.elementvape.de\/sv\/produkt\/kuehle-traube-erleben-e-zigarette-bang-king-25000-puffs-grossbildschirm-b25-grape-ice\/#primaryimage"},"thumbnailUrl":"https:\/\/www.elementvape.de\/wp-content\/uploads\/2024\/11\/grape-ice-1.jpg","datePublished":"2024-11-26T06:22:40+00:00","dateModified":"2024-11-26T07:33:49+00:00","description":"Wir bieten K\u00fchle Traube erleben E-Zigarette BANG KING 25000 Puffs Gro\u00dfbildschirm B25 Grape Ice , Elementvape.de akzeptieren Gro\u00df-und Einzelhandel Bestellungen.","breadcrumb":{"@id":"https:\/\/www.elementvape.de\/sv\/produkt\/kuehle-traube-erleben-e-zigarette-bang-king-25000-puffs-grossbildschirm-b25-grape-ice\/#breadcrumb"},"inLanguage":"pl-PL","potentialAction":[{"@type":"ReadAction","target":["https:\/\/www.elementvape.de\/sv\/produkt\/kuehle-traube-erleben-e-zigarette-bang-king-25000-puffs-grossbildschirm-b25-grape-ice\/"]}]},{"@type":"ImageObject","inLanguage":"pl-PL","@id":"https:\/\/www.elementvape.de\/sv\/produkt\/kuehle-traube-erleben-e-zigarette-bang-king-25000-puffs-grossbildschirm-b25-grape-ice\/#primaryimage","url":"https:\/\/www.elementvape.de\/wp-content\/uploads\/2024\/11\/grape-ice-1.jpg","contentUrl":"https:\/\/www.elementvape.de\/wp-content\/uploads\/2024\/11\/grape-ice-1.jpg","width":1000,"height":1000,"caption":"grape ice BANG KING 25000 PUFFS LARGE SCREEN B25"},{"@type":"BreadcrumbList","@id":"https:\/\/www.elementvape.de\/sv\/produkt\/kuehle-traube-erleben-e-zigarette-bang-king-25000-puffs-grossbildschirm-b25-grape-ice\/#breadcrumb","itemListElement":[{"@type":"ListItem","position":1,"name":"Home","item":"https:\/\/www.elementvape.de\/"},{"@type":"ListItem","position":2,"name":"Shop","item":"https:\/\/www.elementvape.de\/shop\/"},{"@type":"ListItem","position":3,"name":"K\u00fchle Traube erleben E-Zigarette BANG KING 25000 Puffs Gro\u00dfbildschirm B25 Grape Ice"}]},{"@type":"WebSite","@id":"https:\/\/www.elementvape.de\/#website","url":"https:\/\/www.elementvape.de\/","name":"ElementVape.de","description":"","publisher":{"@id":"https:\/\/www.elementvape.de\/#organization"},"potentialAction":[{"@type":"SearchAction","target":{"@type":"EntryPoint","urlTemplate":"https:\/\/www.elementvape.de\/?s={search_term_string}"},"query-input":"required name=search_term_string"}],"inLanguage":"pl-PL"},{"@type":"Organization","@id":"https:\/\/www.elementvape.de\/#organization","name":"ElementVape.DE","url":"https:\/\/www.elementvape.de\/","logo":{"@type":"ImageObject","inLanguage":"pl-PL","@id":"https:\/\/www.elementvape.de\/#\/schema\/logo\/image\/","url":"https:\/\/www.elementvape.de\/wp-content\/uploads\/2024\/09\/cropped-1elementvape-3.png","contentUrl":"https:\/\/www.elementvape.de\/wp-content\/uploads\/2024\/09\/cropped-1elementvape-3.png","width":285,"height":228,"caption":"ElementVape.DE"},"image":{"@id":"https:\/\/www.elementvape.de\/#\/schema\/logo\/image\/"}}]}},"_links":{"self":[{"href":"https:\/\/www.elementvape.de\/pl\/wp-json\/wp\/v2\/product\/15402"}],"collection":[{"href":"https:\/\/www.elementvape.de\/pl\/wp-json\/wp\/v2\/product"}],"about":[{"href":"https:\/\/www.elementvape.de\/pl\/wp-json\/wp\/v2\/types\/product"}],"wp:featuredmedia":[{"embeddable":true,"href":"https:\/\/www.elementvape.de\/pl\/wp-json\/wp\/v2\/media\/15418"}],"wp:attachment":[{"href":"https:\/\/www.elementvape.de\/pl\/wp-json\/wp\/v2\/media?parent=15402"}],"wp:term":[{"taxonomy":"product_cat","embeddable":true,"href":"https:\/\/www.elementvape.de\/pl\/wp-json\/wp\/v2\/product_cat?post=15402"},{"taxonomy":"product_tag","embeddable":true,"href":"https:\/\/www.elementvape.de\/pl\/wp-json\/wp\/v2\/product_tag?post=15402"}],"curies":[{"name":"wp","href":"https:\/\/api.w.org\/{rel}","templated":true}]}}