{"id":15301,"date":"2024-11-23T03:07:28","date_gmt":"2024-11-23T03:07:28","guid":{"rendered":"https:\/\/www.elementvape.de\/?post_type=product&#038;p=15301"},"modified":"2024-11-23T06:08:47","modified_gmt":"2024-11-23T06:08:47","slug":"bang-king-strawberry-mango-tropisches-aroma-in-deiner-e-zigarette","status":"publish","type":"product","link":"https:\/\/www.elementvape.de\/pl\/produkt\/bang-king-strawberry-mango-tropisches-aroma-in-deiner-e-zigarette\/","title":{"rendered":"Bang King Strawberry Mango Tropikalny aromat w twoim e-papierosie"},"content":{"rendered":"<div class=\"flex max-w-full flex-col flex-grow\">\n<div class=\"min-h-8 text-message flex w-full flex-col items-end gap-2 whitespace-normal break-words [.text-message+&amp;]:mt-5\" dir=\"auto\" data-message-author-role=\"assistant\" data-message-id=\"350e817e-be7b-418d-8d5c-8832c6793460\" data-message-model-slug=\"gpt-4o\">\n<div class=\"flex w-full flex-col gap-1 empty:hidden first:pt-[3px]\">\n<div class=\"markdown prose w-full break-words dark:prose-invert light\">\n<h2>Bang King Strawberry Mango Twoje tropikalne doznanie smakowe w podr\u00f3\u017cy<\/h2>\n<p>\u015awiat parowania staje si\u0119 coraz bardziej r\u00f3\u017cnorodny, a Bang King wyznacza kierunek swoj\u0105 now\u0105 <strong><a href=\"https:\/\/www.elementvape.de\/pl\/\">E-papieros<\/a><\/strong>, Bang King Strawberry Mango, ta rozw\u00f3j na czele. Z owocow\u0105 mieszank\u0105 soczystej truskawki i egzotycznej mango, to urz\u0105dzenie oferuje niezwyk\u0142e doznanie smakowe. \u0141\u0105czy tropikalny aromat, najnowsz\u0105 technologi\u0119 i przemy\u015blany design w kompaktowej formie. Zanurzmy si\u0119 g\u0142\u0119boko w szczeg\u00f3\u0142y, aby zrozumie\u0107, dlaczego Bang King Strawberry Mango E-papieros jest jedn\u0105 z najlepszych opcji na rynku.<\/p>\n<h4>Smak, kt\u00f3ry zachwyca<\/h4>\n<p>G\u0142\u00f3wn\u0105 cech\u0105 Bang King Strawberry Mango jest niezr\u00f3wnany smak. Po\u0142\u0105czenie s\u0142odyczy dojrza\u0142ych truskawek i charakterystycznego, lekko gorzkiego aromatu tropikalnych mango zapewnia pe\u0142ne, orze\u017awiaj\u0105ce doznanie, kt\u00f3re zachwyca ka\u017cdym zaci\u0105gni\u0119ciem. To do\u015bwiadczenie smakowe jest idealne dla wszystkich, kt\u00f3rzy kochaj\u0105 owocowe i letnie aromaty. Niezale\u017cnie od tego, czy jeste\u015b pocz\u0105tkuj\u0105cy, czy do\u015bwiadczonym palaczem \u2013 Bang King Strawberry Mango trafia w sedno.<\/p>\n<h4>Technologiczne osi\u0105gni\u0119cia<\/h4>\n<p>Bang King Strawberry Mango zachwyca nie tylko smakiem, ale tak\u017ce zaawansowan\u0105 technologi\u0105. Ka\u017cdy aspekt zosta\u0142 starannie opracowany, aby zapewni\u0107 u\u017cytkownikom p\u0142ynne i wydajne do\u015bwiadczenie. Oto najwa\u017cniejsze cechy techniczne:<\/p>\n<ol>\n<li>D\u0142ugotrwa\u0142a przyjemno\u015b\u0107 \u2013 12 000 zaci\u0105gni\u0119\u0107:<br \/>\nPrzy pojemno\u015bci do 12 000 zaci\u0105gni\u0119\u0107 mo\u017cesz by\u0107 pewien, \u017ce Bang King Strawberry Mango b\u0119dzie d\u0142ugo s\u0142u\u017cy\u0107. To idealne rozwi\u0105zanie dla intensywnych u\u017cytkownik\u00f3w lub podczas podr\u00f3\u017cy, gdy nie chcesz ci\u0105gle nosi\u0107 zapasowych urz\u0105dze\u0144.<\/li>\n<li>Wysokiej jako\u015bci e-liquid \u2013 12 ml:<br \/>\nE-papieros jest nape\u0142niony 12 ml e-liquidu, specjalnie opracowanego, aby wydoby\u0107 intensywny smak truskawki i mango. Ta ilo\u015b\u0107 gwarantuje d\u0142ugi czas u\u017cytkowania, bez konieczno\u015bci cz\u0119stego uzupe\u0142niania.<\/li>\n<li>Technologia mesh-coil \u2013 1,2 Ohm:<br \/>\nSerce Bang King Strawberry Mango stanowi wysokiej jako\u015bci element grzewczy. Technologia mesh-coil zapewnia r\u00f3wnomierne podgrzewanie p\u0142ynu, co gwarantuje doskona\u0142\u0105 produkcj\u0119 pary i intensywny smak. Przy oporze 1,2 Ohma urz\u0105dzenie jest idealnie dostosowane do przyjemnego do\u015bwiadczenia podczas palenia.<\/li>\n<li>Wydajna bateria \u2013 600 mAh:<br \/>\nWbudowany akumulator 13350 o pojemno\u015bci 600 mAh zapewnia sta\u0142\u0105 moc. Niezale\u017cnie od tego, czy sp\u0119dzasz d\u0142ugie dni w podr\u00f3\u017cy, czy chcesz komfortowo pali\u0107 w domu \u2013 Bang King Strawberry Mango pozostaje niezawodny.<\/li>\n<li>Nowoczesne \u0142adowanie \u2013 port Type-C:<br \/>\nW dzisiejszych czasach szybkie i wydajne \u0142adowanie jest nieodzowne. Bang King Strawberry Mango \u0142aduje si\u0119 przez port Type-C, kt\u00f3ry jest nie tylko szybszy od tradycyjnych metod, ale tak\u017ce zapewnia wygod\u0119 \u0142adowania w dowolnym miejscu.<\/li>\n<\/ol>\n<h4>Lekki i kompaktowy<\/h4>\n<p>Design Bang King Strawberry Mango jest nie tylko funkcjonalny, ale tak\u017ce stylowy. Wa\u017cy zaledwie 55 gram\u00f3w, jest lekki i idealny do u\u017cytku w podr\u00f3\u017cy. Pomimo kompaktowych rozmiar\u00f3w, oferuje imponuj\u0105c\u0105 wydajno\u015b\u0107, kt\u00f3r\u0105 zwykle mo\u017cna oczekiwa\u0107 od wi\u0119kszych urz\u0105dze\u0144.<\/p>\n<p>Opakowanie jest r\u00f3wnie\u017c starannie zaprojektowane:<\/p>\n<ul>\n<li>Waga pojedyncza: 55 g<\/li>\n<li>Waga opakowania 10 sztuk: 550 g<\/li>\n<li>Rozmiar opakowania: 300 sztuk na karton (wymiary: 55,5 x 40,5 x 20,5 cm)<\/li>\n<li>Ca\u0142kowita waga: 18 kg<\/li>\n<\/ul>\n<p>Dzi\u0119ki por\u0119cznym wymiarom Bang King Strawberry Mango jest odpowiedni zar\u00f3wno do sprzeda\u017cy detalicznej, jak i hurtowej.<\/p>\n<h4>Zalety Bang King Strawberry Mango<\/h4>\n<p>Po\u0142\u0105czenie innowacyjnej technologii, kompaktowego designu i tropikalnego smaku czyni Bang King Strawberry Mango wyborem pierwszej klasy. Oto niekt\u00f3re z g\u0142\u00f3wnych zalet:<\/p>\n<ol>\n<li>Unikalny smak:<br \/>\nMieszanka truskawki i mango jest idealnie zbalansowana i oferuje s\u0142odki, \u015bwie\u017cy aromat, kt\u00f3ry nigdy si\u0119 nie nudzi.<\/li>\n<li>Przyjazno\u015b\u0107 dla u\u017cytkownika:<br \/>\nBang King Strawberry Mango to rozwi\u0105zanie typu all-in-one \u2013 brak konieczno\u015bci uzupe\u0142niania, brak skomplikowanych ustawie\u0144. Wystarczy wyj\u0105\u0107 z opakowania, na\u0142adowa\u0107 i cieszy\u0107 si\u0119.<\/li>\n<li>Zr\u00f3wnowa\u017cony rozw\u00f3j dzi\u0119ki mo\u017cliwo\u015bci ponownego \u0142adowania:<br \/>\nDzi\u0119ki wymiennej baterii Bang King przyczynia si\u0119 do redukcji odpad\u00f3w, co czyni j\u0105 bardziej przyjazn\u0105 dla \u015brodowiska opcj\u0105.<\/li>\n<li>D\u0142ugowieczno\u015b\u0107:<br \/>\nZ pojemno\u015bci\u0105 12 000 zaci\u0105gni\u0119\u0107 i wytrzyma\u0142ym akumulatorem mo\u017cesz by\u0107 pewien, \u017ce Bang King Strawberry Mango b\u0119dzie Ci towarzyszy\u0107 przez d\u0142ugi czas.<\/li>\n<li>Zaawansowana technologia:<br \/>\nTechnologia mesh-coil zapewnia wyj\u0105tkow\u0105 produkcj\u0119 pary i intensywne doznania smakowe. Port \u0142adowania typu C sprawia, \u017ce \u0142adowanie jest szybkie i proste.<\/li>\n<li>Przeno\u015bno\u015b\u0107:<br \/>\nLekki i kompaktowy design sprawia, \u017ce jest idealna na podr\u00f3\u017c. Bez problemu mie\u015bci si\u0119 w kieszeni i jest zawsze pod r\u0119k\u0105.<\/li>\n<\/ol>\n<h4>Dla kogo jest przeznaczona Bang King Strawberry Mango?<\/h4>\n<p>Bang King Strawberry Mango jest idealna dla tych, kt\u00f3rzy:<\/p>\n<ul>\n<li>Preferuj\u0105 tropikalne i owocowe smaki.<\/li>\n<li>Szukaj\u0105 \u0142atwej w obs\u0142udze e-papierosa bez zb\u0119dnych komplikacji.<\/li>\n<li>Ceni\u0105 wysok\u0105 jako\u015b\u0107 i trwa\u0142o\u015b\u0107 urz\u0105dzenia.<\/li>\n<li>Cz\u0119sto w ruchu i potrzebujesz przeno\u015bnego rozwi\u0105zania.<\/li>\n<\/ul>\n<p>Bang King Strawberry Mango to wi\u0119cej ni\u017c tylko e-papieros \u2013 to do\u015bwiadczenie. Dzi\u0119ki tropikalnemu aromatowi, zaawansowanej technologii i \u0142atwej obs\u0142udze wyznacza nowe standardy. Niezale\u017cnie od tego, czy jeste\u015b pocz\u0105tkuj\u0105cy, czy do\u015bwiadczonym palaczem, to urz\u0105dzenie oferuje wszystko, czego potrzebujesz, aby w pe\u0142ni cieszy\u0107 si\u0119 swoim do\u015bwiadczeniem vapowania.<\/p>\n<p>Do\u015bwiadcz po\u0142\u0105czenia smaku, wydajno\u015bci i designu \u2013 Bang King Strawberry Mango Ci\u0119 zachwyci!<\/p>\n<\/div>\n<\/div>\n<\/div>\n<\/div>","protected":false},"excerpt":{"rendered":"<p>Bang King Strawberry Mango Dein tropisches Geschmackserlebnis f\u00fcr unterwegs Die Welt des Dampfens wird immer vielf\u00e4ltiger, und Bang King f\u00fchrt mit seiner neuen E-Zigarette, Bang King Strawberry Mango, diese Entwicklung an. Mit einem fruchtigen Mix aus saftiger Erdbeere und exotischer Mango bietet dieses Ger\u00e4t ein au\u00dfergew\u00f6hnliches Geschmackserlebnis. Es vereint tropisches Aroma, modernste Technologie und ein [&hellip;]<\/p>","protected":false},"featured_media":15303,"template":"","meta":{"inline_featured_image":false},"product_cat":[774,740,734,753],"product_tag":[710,673],"tiered_pricing_type":"fixed","tiered_pricing_fixed_rules":{"60":"6.24","110":"5.54","200":"4.85"},"tiered_pricing_percentage_rules":[],"tiered_pricing_minimum":1,"_administrator_tiered_pricing_type":"fixed","_administrator_tiered_pricing_fixed_rules":[],"_editor_tiered_pricing_type":"fixed","_editor_tiered_pricing_fixed_rules":[],"_author_tiered_pricing_type":"fixed","_author_tiered_pricing_fixed_rules":[],"_contributor_tiered_pricing_type":"fixed","_contributor_tiered_pricing_fixed_rules":[],"_subscriber_tiered_pricing_type":"fixed","_subscriber_tiered_pricing_fixed_rules":[],"_customer_tiered_pricing_type":"fixed","_customer_tiered_pricing_fixed_rules":[],"_shop_manager_tiered_pricing_type":"fixed","_shop_manager_tiered_pricing_fixed_rules":[],"_wpseo_manager_tiered_pricing_type":"fixed","_wpseo_manager_tiered_pricing_fixed_rules":[],"_wpseo_editor_tiered_pricing_type":"fixed","_wpseo_editor_tiered_pricing_fixed_rules":[],"_wholesale_customer_tiered_pricing_type":"fixed","_wholesale_customer_tiered_pricing_fixed_rules":[],"_marketer_tiered_pricing_type":"fixed","_marketer_tiered_pricing_fixed_rules":[],"_sales_manager_tiered_pricing_type":"fixed","_sales_manager_tiered_pricing_fixed_rules":[],"_sales_rep_tiered_pricing_type":"fixed","_sales_rep_tiered_pricing_fixed_rules":[],"yoast_head":"<!-- This site is optimized with the Yoast SEO plugin v23.3 - https:\/\/yoast.com\/wordpress\/plugins\/seo\/ -->\n<title>Bang King Strawberry Mango Tropisches Aroma in deiner E-Zigarette | ElementVape.de<\/title>\n<meta name=\"description\" content=\"Wir bieten Bang King Strawberry Mango Tropisches Aroma in deiner E-Zigarette , Elementvape.de akzeptieren Gro\u00df-und Einzelhandel Bestellungen.\" \/>\n<meta name=\"robots\" content=\"index, follow, max-snippet:-1, max-image-preview:large, max-video-preview:-1\" \/>\n<link rel=\"canonical\" href=\"https:\/\/www.elementvape.de\/pl\/produkt\/bang-king-strawberry-mango-tropisches-aroma-in-deiner-e-zigarette\/\" \/>\n<meta property=\"og:locale\" content=\"pl_PL\" \/>\n<meta property=\"og:type\" content=\"article\" \/>\n<meta property=\"og:title\" content=\"Bang King Strawberry Mango Tropisches Aroma in deiner E-Zigarette | ElementVape.de\" \/>\n<meta property=\"og:description\" content=\"Wir bieten Bang King Strawberry Mango Tropisches Aroma in deiner E-Zigarette , Elementvape.de akzeptieren Gro\u00df-und Einzelhandel Bestellungen.\" \/>\n<meta property=\"og:url\" content=\"https:\/\/www.elementvape.de\/pl\/produkt\/bang-king-strawberry-mango-tropisches-aroma-in-deiner-e-zigarette\/\" \/>\n<meta property=\"og:site_name\" content=\"ElementVape.de\" \/>\n<meta property=\"article:modified_time\" content=\"2024-11-23T06:08:47+00:00\" \/>\n<meta property=\"og:image\" content=\"https:\/\/www.elementvape.de\/wp-content\/uploads\/2024\/11\/STRAWBERRY-MANGO.webp\" \/>\n\t<meta property=\"og:image:width\" content=\"800\" \/>\n\t<meta property=\"og:image:height\" content=\"800\" \/>\n\t<meta property=\"og:image:type\" content=\"image\/webp\" \/>\n<meta name=\"twitter:card\" content=\"summary_large_image\" \/>\n<meta name=\"twitter:label1\" content=\"Est. reading time\" \/>\n\t<meta name=\"twitter:data1\" content=\"5 minut\" \/>\n<script type=\"application\/ld+json\" class=\"yoast-schema-graph\">{\"@context\":\"https:\/\/schema.org\",\"@graph\":[{\"@type\":\"WebPage\",\"@id\":\"https:\/\/www.elementvape.de\/produkt\/bang-king-strawberry-mango-tropisches-aroma-in-deiner-e-zigarette\/\",\"url\":\"https:\/\/www.elementvape.de\/produkt\/bang-king-strawberry-mango-tropisches-aroma-in-deiner-e-zigarette\/\",\"name\":\"Bang King Strawberry Mango Tropisches Aroma in deiner E-Zigarette | ElementVape.de\",\"isPartOf\":{\"@id\":\"https:\/\/www.elementvape.de\/#website\"},\"primaryImageOfPage\":{\"@id\":\"https:\/\/www.elementvape.de\/produkt\/bang-king-strawberry-mango-tropisches-aroma-in-deiner-e-zigarette\/#primaryimage\"},\"image\":{\"@id\":\"https:\/\/www.elementvape.de\/produkt\/bang-king-strawberry-mango-tropisches-aroma-in-deiner-e-zigarette\/#primaryimage\"},\"thumbnailUrl\":\"https:\/\/www.elementvape.de\/wp-content\/uploads\/2024\/11\/STRAWBERRY-MANGO.webp\",\"datePublished\":\"2024-11-23T03:07:28+00:00\",\"dateModified\":\"2024-11-23T06:08:47+00:00\",\"description\":\"Wir bieten Bang King Strawberry Mango Tropisches Aroma in deiner E-Zigarette , Elementvape.de akzeptieren Gro\u00df-und Einzelhandel Bestellungen.\",\"breadcrumb\":{\"@id\":\"https:\/\/www.elementvape.de\/produkt\/bang-king-strawberry-mango-tropisches-aroma-in-deiner-e-zigarette\/#breadcrumb\"},\"inLanguage\":\"pl-PL\",\"potentialAction\":[{\"@type\":\"ReadAction\",\"target\":[\"https:\/\/www.elementvape.de\/produkt\/bang-king-strawberry-mango-tropisches-aroma-in-deiner-e-zigarette\/\"]}]},{\"@type\":\"ImageObject\",\"inLanguage\":\"pl-PL\",\"@id\":\"https:\/\/www.elementvape.de\/produkt\/bang-king-strawberry-mango-tropisches-aroma-in-deiner-e-zigarette\/#primaryimage\",\"url\":\"https:\/\/www.elementvape.de\/wp-content\/uploads\/2024\/11\/STRAWBERRY-MANGO.webp\",\"contentUrl\":\"https:\/\/www.elementvape.de\/wp-content\/uploads\/2024\/11\/STRAWBERRY-MANGO.webp\",\"width\":800,\"height\":800,\"caption\":\"STRAWBERRY MANGO BANG KING 12000 PUFFS KEY TYPE E-Zigarette\"},{\"@type\":\"BreadcrumbList\",\"@id\":\"https:\/\/www.elementvape.de\/produkt\/bang-king-strawberry-mango-tropisches-aroma-in-deiner-e-zigarette\/#breadcrumb\",\"itemListElement\":[{\"@type\":\"ListItem\",\"position\":1,\"name\":\"Home\",\"item\":\"https:\/\/www.elementvape.de\/\"},{\"@type\":\"ListItem\",\"position\":2,\"name\":\"Shop\",\"item\":\"https:\/\/www.elementvape.de\/shop\/\"},{\"@type\":\"ListItem\",\"position\":3,\"name\":\"Bang King Strawberry Mango Tropisches Aroma in deiner E-Zigarette\"}]},{\"@type\":\"WebSite\",\"@id\":\"https:\/\/www.elementvape.de\/#website\",\"url\":\"https:\/\/www.elementvape.de\/\",\"name\":\"ElementVape.de\",\"description\":\"\",\"publisher\":{\"@id\":\"https:\/\/www.elementvape.de\/#organization\"},\"potentialAction\":[{\"@type\":\"SearchAction\",\"target\":{\"@type\":\"EntryPoint\",\"urlTemplate\":\"https:\/\/www.elementvape.de\/?s={search_term_string}\"},\"query-input\":\"required name=search_term_string\"}],\"inLanguage\":\"pl-PL\"},{\"@type\":\"Organization\",\"@id\":\"https:\/\/www.elementvape.de\/#organization\",\"name\":\"ElementVape.DE\",\"url\":\"https:\/\/www.elementvape.de\/\",\"logo\":{\"@type\":\"ImageObject\",\"inLanguage\":\"pl-PL\",\"@id\":\"https:\/\/www.elementvape.de\/#\/schema\/logo\/image\/\",\"url\":\"https:\/\/www.elementvape.de\/wp-content\/uploads\/2024\/09\/cropped-1elementvape-3.png\",\"contentUrl\":\"https:\/\/www.elementvape.de\/wp-content\/uploads\/2024\/09\/cropped-1elementvape-3.png\",\"width\":285,\"height\":228,\"caption\":\"ElementVape.DE\"},\"image\":{\"@id\":\"https:\/\/www.elementvape.de\/#\/schema\/logo\/image\/\"}}]}<\/script>\n<!-- \/ Yoast SEO plugin. -->","yoast_head_json":{"title":"Bang King Strawberry Mango Tropisches Aroma in deiner E-Zigarette | ElementVape.de","description":"Wir bieten Bang King Strawberry Mango Tropisches Aroma in deiner E-Zigarette , Elementvape.de akzeptieren Gro\u00df-und Einzelhandel Bestellungen.","robots":{"index":"index","follow":"follow","max-snippet":"max-snippet:-1","max-image-preview":"max-image-preview:large","max-video-preview":"max-video-preview:-1"},"canonical":"https:\/\/www.elementvape.de\/pl\/produkt\/bang-king-strawberry-mango-tropisches-aroma-in-deiner-e-zigarette\/","og_locale":"pl_PL","og_type":"article","og_title":"Bang King Strawberry Mango Tropisches Aroma in deiner E-Zigarette | ElementVape.de","og_description":"Wir bieten Bang King Strawberry Mango Tropisches Aroma in deiner E-Zigarette , Elementvape.de akzeptieren Gro\u00df-und Einzelhandel Bestellungen.","og_url":"https:\/\/www.elementvape.de\/pl\/produkt\/bang-king-strawberry-mango-tropisches-aroma-in-deiner-e-zigarette\/","og_site_name":"ElementVape.de","article_modified_time":"2024-11-23T06:08:47+00:00","og_image":[{"width":800,"height":800,"url":"https:\/\/www.elementvape.de\/wp-content\/uploads\/2024\/11\/STRAWBERRY-MANGO.webp","type":"image\/webp"}],"twitter_card":"summary_large_image","twitter_misc":{"Est. reading time":"5 minut"},"schema":{"@context":"https:\/\/schema.org","@graph":[{"@type":"WebPage","@id":"https:\/\/www.elementvape.de\/produkt\/bang-king-strawberry-mango-tropisches-aroma-in-deiner-e-zigarette\/","url":"https:\/\/www.elementvape.de\/produkt\/bang-king-strawberry-mango-tropisches-aroma-in-deiner-e-zigarette\/","name":"Bang King Strawberry Mango Tropisches Aroma in deiner E-Zigarette | ElementVape.de","isPartOf":{"@id":"https:\/\/www.elementvape.de\/#website"},"primaryImageOfPage":{"@id":"https:\/\/www.elementvape.de\/produkt\/bang-king-strawberry-mango-tropisches-aroma-in-deiner-e-zigarette\/#primaryimage"},"image":{"@id":"https:\/\/www.elementvape.de\/produkt\/bang-king-strawberry-mango-tropisches-aroma-in-deiner-e-zigarette\/#primaryimage"},"thumbnailUrl":"https:\/\/www.elementvape.de\/wp-content\/uploads\/2024\/11\/STRAWBERRY-MANGO.webp","datePublished":"2024-11-23T03:07:28+00:00","dateModified":"2024-11-23T06:08:47+00:00","description":"Wir bieten Bang King Strawberry Mango Tropisches Aroma in deiner E-Zigarette , Elementvape.de akzeptieren Gro\u00df-und Einzelhandel Bestellungen.","breadcrumb":{"@id":"https:\/\/www.elementvape.de\/produkt\/bang-king-strawberry-mango-tropisches-aroma-in-deiner-e-zigarette\/#breadcrumb"},"inLanguage":"pl-PL","potentialAction":[{"@type":"ReadAction","target":["https:\/\/www.elementvape.de\/produkt\/bang-king-strawberry-mango-tropisches-aroma-in-deiner-e-zigarette\/"]}]},{"@type":"ImageObject","inLanguage":"pl-PL","@id":"https:\/\/www.elementvape.de\/produkt\/bang-king-strawberry-mango-tropisches-aroma-in-deiner-e-zigarette\/#primaryimage","url":"https:\/\/www.elementvape.de\/wp-content\/uploads\/2024\/11\/STRAWBERRY-MANGO.webp","contentUrl":"https:\/\/www.elementvape.de\/wp-content\/uploads\/2024\/11\/STRAWBERRY-MANGO.webp","width":800,"height":800,"caption":"STRAWBERRY MANGO BANG KING 12000 PUFFS KEY TYPE E-Zigarette"},{"@type":"BreadcrumbList","@id":"https:\/\/www.elementvape.de\/produkt\/bang-king-strawberry-mango-tropisches-aroma-in-deiner-e-zigarette\/#breadcrumb","itemListElement":[{"@type":"ListItem","position":1,"name":"Home","item":"https:\/\/www.elementvape.de\/"},{"@type":"ListItem","position":2,"name":"Shop","item":"https:\/\/www.elementvape.de\/shop\/"},{"@type":"ListItem","position":3,"name":"Bang King Strawberry Mango Tropisches Aroma in deiner E-Zigarette"}]},{"@type":"WebSite","@id":"https:\/\/www.elementvape.de\/#website","url":"https:\/\/www.elementvape.de\/","name":"ElementVape.de","description":"","publisher":{"@id":"https:\/\/www.elementvape.de\/#organization"},"potentialAction":[{"@type":"SearchAction","target":{"@type":"EntryPoint","urlTemplate":"https:\/\/www.elementvape.de\/?s={search_term_string}"},"query-input":"required name=search_term_string"}],"inLanguage":"pl-PL"},{"@type":"Organization","@id":"https:\/\/www.elementvape.de\/#organization","name":"ElementVape.DE","url":"https:\/\/www.elementvape.de\/","logo":{"@type":"ImageObject","inLanguage":"pl-PL","@id":"https:\/\/www.elementvape.de\/#\/schema\/logo\/image\/","url":"https:\/\/www.elementvape.de\/wp-content\/uploads\/2024\/09\/cropped-1elementvape-3.png","contentUrl":"https:\/\/www.elementvape.de\/wp-content\/uploads\/2024\/09\/cropped-1elementvape-3.png","width":285,"height":228,"caption":"ElementVape.DE"},"image":{"@id":"https:\/\/www.elementvape.de\/#\/schema\/logo\/image\/"}}]}},"_links":{"self":[{"href":"https:\/\/www.elementvape.de\/pl\/wp-json\/wp\/v2\/product\/15301"}],"collection":[{"href":"https:\/\/www.elementvape.de\/pl\/wp-json\/wp\/v2\/product"}],"about":[{"href":"https:\/\/www.elementvape.de\/pl\/wp-json\/wp\/v2\/types\/product"}],"wp:featuredmedia":[{"embeddable":true,"href":"https:\/\/www.elementvape.de\/pl\/wp-json\/wp\/v2\/media\/15303"}],"wp:attachment":[{"href":"https:\/\/www.elementvape.de\/pl\/wp-json\/wp\/v2\/media?parent=15301"}],"wp:term":[{"taxonomy":"product_cat","embeddable":true,"href":"https:\/\/www.elementvape.de\/pl\/wp-json\/wp\/v2\/product_cat?post=15301"},{"taxonomy":"product_tag","embeddable":true,"href":"https:\/\/www.elementvape.de\/pl\/wp-json\/wp\/v2\/product_tag?post=15301"}],"curies":[{"name":"wp","href":"https:\/\/api.w.org\/{rel}","templated":true}]}}