{"id":14696,"date":"2024-09-25T09:49:01","date_gmt":"2024-09-25T09:49:01","guid":{"rendered":"https:\/\/www.elementvape.de\/?post_type=product&#038;p=14696"},"modified":"2024-10-09T06:46:36","modified_gmt":"2024-10-09T06:46:36","slug":"peach-mango-bietet-9000-puffs-sommerlicher-aromen-eine-koestliche-kombination-aus-saftigem-pfirsich-und-exotischer-mango","status":"publish","type":"product","link":"https:\/\/www.elementvape.de\/pl\/produkt\/peach-mango-bietet-9000-puffs-sommerlicher-aromen-eine-koestliche-kombination-aus-saftigem-pfirsich-und-exotischer-mango\/","title":{"rendered":"Peach Mango oferuje 9000 Pali\u0144 letnich aromat\u00f3w, pyszne po\u0142\u0105czenie soczystej brzoskwini i egzotycznego mango"},"content":{"rendered":"<p>Peach Mango Vape z 9000 puf\u00f3w oferuje wyj\u0105tkowe i orze\u017awiaj\u0105ce do\u015bwiadczenie vapingowe, kt\u00f3re jest idealne dla mi\u0142o\u015bnik\u00f3w owocowych aromat\u00f3w. Z harmonijn\u0105 mieszank\u0105 soczystego brzoskwini i egzotycznego mango, ten vape przypomina s\u0142oneczne dni letnie i tropikalne koktajle, kt\u00f3re mo\u017cna delektowa\u0107 si\u0119 na pla\u017cy. \u0141\u0105czy naturaln\u0105 s\u0142odycz brzoskwini z tropikalnym i lekko gorzkawym smakiem mango, tworz\u0105c niezapomniane doznania smakowe. Ta kombinacja zapewnia \u0142agodne, ale jednocze\u015bnie intensywne parowanie, kt\u00f3re przekonuje zar\u00f3wno pod wzgl\u0119dem smaku, jak i technologii.<\/p>\n<h3>1. G\u0142\u00f3wne cechy Peach Mango Vape z 9000 puf\u00f3w<\/h3>\n<h4>1.1 9000 zaci\u0105gni\u0119\u0107 dla d\u0142ugotrwa\u0142ej przyjemno\u015bci<\/h4>\n<p>Jedn\u0105 z wyr\u00f3\u017cniaj\u0105cych cech Peach Mango Vapa jest imponuj\u0105ca pojemno\u015b\u0107 do <strong><a href=\"https:\/\/www.elementvape.de\/pl\/p-tag\/groesser-oder-gleich-9000-zuege\/\" target=\"_blank\" rel=\"noopener\">9000 zaci\u0105gni\u0119\u0107<\/a><\/strong>. Oznacza to, \u017ce mo\u017cesz cieszy\u0107 si\u0119 owocowym aromatem brzoskwini i mango przez d\u0142ugi czas, nie martwi\u0105c si\u0119 o szybkie zu\u017cycie e-liquidu. Ta du\u017ca liczba puf\u00f3w jest znakiem trwa\u0142o\u015bci i jako\u015bci urz\u0105dzenia, poniewa\u017c daje wiele okazji do pe\u0142nego korzystania z smaku.<\/p>\n<p>W por\u00f3wnaniu do tradycyjnych <strong><a href=\"https:\/\/www.elementvape.de\/pl\/c\/einweg-zigarette\/\" target=\"_blank\" rel=\"noopener\">Jednorazowa e-papieros<\/a><\/strong>, kt\u00f3re cz\u0119sto oferuj\u0105 tylko od 600 do 1500 puf\u00f3w, Peach Mango Vape stanowi szczeg\u00f3lnie trwa\u0142\u0105 opcj\u0119. Ta cecha czyni go atrakcyjnym wyborem dla vaper\u00f3w, kt\u00f3rzy chc\u0105 regularnie i przez d\u0142u\u017cszy czas korzysta\u0107 z urz\u0105dzenia bez konieczno\u015bci jego ci\u0105g\u0142ej wymiany.<\/p>\n<h4>1.2 14 ml nape\u0142niana e-liquidowa karta<\/h4>\n<p>Dzi\u0119ki du\u017cej, nape\u0142nianej wcze\u015bniej kartuszy na e-liquid o pojemno\u015bci 14 ml, Peach Mango Vape oferuje imponuj\u0105c\u0105 pojemno\u015b\u0107 dla jednorazowego urz\u0105dzenia. Zapewnia to mo\u017cliwo\u015b\u0107 korzystania z urz\u0105dzenia przez ca\u0142y okres jego u\u017cytkowania, bez utraty smaku lub przedwczesnego wyczerpania pojemno\u015bci e-liquidu.<\/p>\n<p>Po\u0142\u0105czenie du\u017cej pojemno\u015bci e-liquidu i liczby puf\u00f3w 9000 gwarantuje d\u0142ugi czas u\u017cytkowania, dzi\u0119ki czemu mo\u017cesz skupi\u0107 si\u0119 wy\u0142\u0105cznie na przyjemno\u015bci.<\/p>\n<h4>1.3 Opcje nikotynowe dla indywidualnych preferencji<\/h4>\n<p>Kolejn\u0105 zalet\u0105 Peach Mango Vapa jest dost\u0119pno\u015b\u0107 r\u00f3\u017cnych st\u0119\u017ce\u0144 nikotyny. Mo\u017cesz wybra\u0107 spo\u015br\u00f3d nast\u0119puj\u0105cych czterech poziom\u00f3w:<\/p>\n<ul>\n<li>0 % zawarto\u015b\u0107 nikotyny: Ta opcja jest idealna dla tych, kt\u00f3rzy chc\u0105 cieszy\u0107 si\u0119 vapingiem bez nikotyny. Oferuje czysty smak brzoskwini i mango, bez wp\u0142ywu nikotyny.<\/li>\n<li>2 % zawarto\u015b\u0107 nikotyny: \u0141agodny poziom, odpowiedni dla vaper\u00f3w preferuj\u0105cych lekk\u0105 nikotyn\u0119, a jednocze\u015bnie chc\u0105cych do\u015bwiadczy\u0107 pe\u0142nego smaku.<\/li>\n<li>3 % zawarto\u015b\u0107 nikotyny: Ten \u015bredni poziom jest idealny dla tych, kt\u00f3rzy szukaj\u0105 wyczuwalnego, ale nie zbyt mocnego odczucia nikotyny.<\/li>\n<li>5 % zawarto\u015b\u0107 nikotyny: Dla do\u015bwiadczonych vaper\u00f3w, kt\u00f3rzy preferuj\u0105 intensywniejsze doznania nikotynowe, ten poziom jest najlepszym wyborem.<\/li>\n<\/ul>\n<p>Wybieraj\u0105c poziom nikotyny, mo\u017cesz indywidualnie dostosowa\u0107 swoje do\u015bwiadczenie vapingowe do w\u0142asnych preferencji.<\/p>\n<h4>1.4 Akumulator 650 mAh z mo\u017cliwo\u015bci\u0105 \u0142adowania<\/h4>\n<p>Peach Mango Vape wyposa\u017cony jest w wielokrotnego \u0142adowania akumulator o pojemno\u015bci 650 mAh, co zapewnia d\u0142ugotrwa\u0142e korzystanie z urz\u0105dzenia. Poniewa\u017c urz\u0105dzenie jest wielokrotnego \u0142adowania, nie musisz si\u0119 martwi\u0107, \u017ce bateria wyczerpie si\u0119 przed e-liquidem. Czyni to urz\u0105dzenie szczeg\u00f3lnie praktycznym i trwa\u0142ym.<\/p>\n<p>Bateria o pojemno\u015bci 650 mAh wystarcza na kilka sesji parowania, zanim trzeba j\u0105 na\u0142adowa\u0107 przez port typu C. To du\u017ca zaleta w por\u00f3wnaniu do tradycyjnych jednorazowych vape'\u00f3w, w kt\u00f3rych bateria cz\u0119sto wyczerpuje si\u0119 przed kartuszem e-liquidu.<\/p>\n<h4>1.5 Port \u0142adowania typu C do szybkiego \u0142adowania<\/h4>\n<p>\u0141adowanie Peach Mango Vapa odbywa si\u0119 za pomoc\u0105 nowoczesnego portu typu C, kt\u00f3ry umo\u017cliwia szybkie i niezawodne \u0142adowanie. Porty typu C s\u0105 powszechnie stosowane w bran\u017cy technologicznej i zapewniaj\u0105 stabiln\u0105 oraz wydajn\u0105 moc \u0142adowania, dzi\u0119ki czemu Twoje urz\u0105dzenie jest gotowe do u\u017cycia w kr\u00f3tkim czasie.<\/p>\n<p>Oznacza to, \u017ce mo\u017cesz \u0142atwo i szybko na\u0142adowa\u0107 urz\u0105dzenie w dowolnym momencie, bez d\u0142ugiego oczekiwania.<\/p>\n<h4>1.6 Grza\u0142ka Mesh dla intensywnego smaku<\/h4>\n<p>Peach Mango Vape wyposa\u017cony jest w meshow\u0105 spiral\u0119, kt\u00f3ra zapewnia r\u00f3wnomierne odparowywanie e-liquidu. Meshowe spirale maj\u0105 wi\u0119ksz\u0105 powierzchni\u0119 grzewcz\u0105 ni\u017c tradycyjne spirale, co prowadzi do intensywniejszego smaku i lepszej produkcji pary. Zapewnia to, \u017ce za ka\u017cdym razem podczas zaci\u0105gni\u0119cia si\u0119 do\u015bwiadczasz pe\u0142nej intensywno\u015bci owocowego smaku brzoskwini i mango.<\/p>\n<p>U\u017cycie meshowej spirali zapewnia r\u00f3wnomierne rozprowadzanie aromatu bez \u201esuchych zaci\u0105gni\u0119\u0107\u201d czy utraty smaku, co poprawia ca\u0142e do\u015bwiadczenie vapingowe.<\/p>\n<h4>1.7 Kompaktowy rozmiar na podr\u00f3\u017c<\/h4>\n<p>Dzi\u0119ki kompaktowym wymiarom 42 x 40,5 x 29,5 mm Peach Mango Vape jest lekki i por\u0119czny, aby zabra\u0107 go wsz\u0119dzie. Ergonomiczny design umo\u017cliwia wygodne trzymanie urz\u0105dzenia w r\u0119ku i \u0142atwe schowanie do kieszeni w razie potrzeby.<\/p>\n<p>Kompaktowa budowa, po\u0142\u0105czona z du\u017c\u0105 pojemno\u015bci\u0105 na zaci\u0105gni\u0119cia i e-liquid, czyni to urz\u0105dzenie idealnym towarzyszem w podr\u00f3\u017cy. Niezale\u017cnie od tego, czy u\u017cywasz go podczas podr\u00f3\u017cy, w pracy czy w domu \u2013 Peach Mango Vape jest zawsze pod r\u0119k\u0105 i zapewnia pe\u0142ne do\u015bwiadczenie vapowania.<\/p>\n<hr \/>\n<h3>2. Do\u015bwiadczenie smakowe: Peach Mango<\/h3>\n<p>Prawdziw\u0105 atrakcj\u0105 Peach Mango Vape jest bez w\u0105tpienia unikalny i orze\u017awiaj\u0105cy smak. Po\u0142\u0105czenie s\u0142odkiego, soczystego brzoskwini i egzotycznej mango sprawia, \u017ce to vape to wyj\u0105tkowa przyjemno\u015b\u0107, przypominaj\u0105ca tropiczny letni dzie\u0144.<\/p>\n<p>Brzoskwinia jest znana ze swojej naturalnej s\u0142odyczy i soczystego aromatu. W Peach Mango Vape ten smak jest doskonale uchwycony, aby ka\u017cda zaci\u0105gni\u0119cie nios\u0142o ze sob\u0105 owocow\u0105 \u015bwie\u017co\u015b\u0107. Smak brzoskwini jest zar\u00f3wno s\u0142odki, jak i lekko delikatny, co czyni vapowanie szczeg\u00f3lnie przyjemnym.<\/p>\n<p>Soczysta, dojrza\u0142a nuta brzoskwini jest natychmiast wyczuwalna i nadaje parze przyjemn\u0105 lekko\u015b\u0107, kt\u00f3ra jest zar\u00f3wno orze\u017awiaj\u0105ca, jak i s\u0142odka.<\/p>\n<h4>2.1 Egzotyczne mango<\/h4>\n<p>Sk\u0142adnik mango doskonale uzupe\u0142nia brzoskwini\u0119. Mango to tropiczny owoc, znany ze swojego lekko gorzkiego, ale jednocze\u015bnie s\u0142odkiego smaku. W Peach Mango Vape stanowi idealny kontrast dla s\u0142odkiej brzoskwini i dodaje vapowaniu egzotycznego, ekscytuj\u0105cego charakteru.<\/p>\n<p>Po\u0142\u0105czenie tych dw\u00f3ch aromat\u00f3w sprawia, \u017ce Peach Mango Vape to prawdziwa eksplozja smak\u00f3w, wyr\u00f3\u017cniaj\u0105ca si\u0119 spo\u015br\u00f3d tradycyjnych owocowych vap\u00f3w. Oferuje zr\u00f3wnowa\u017con\u0105 kombinacj\u0119 s\u0142odyczy i \u015bwie\u017co\u015bci, kt\u00f3ra za ka\u017cdym razem wywo\u0142uje u\u015bmiech na twarzy.<\/p>\n<hr \/>\n<h3>3. Zalety Peach Mango Vape szczeg\u00f3\u0142owo<\/h3>\n<p>Peach Mango Vape z 9000 zaci\u0105gni\u0119ciami oferuje liczne korzy\u015bci, kt\u00f3re czyni\u0105 go doskona\u0142ym wyborem dla vapers\u00f3w:<\/p>\n<h4>3.1 Prostota i wygoda<\/h4>\n<p>Peach Mango Vape jest niezwykle przyjazny dla u\u017cytkownika i nie wymaga \u017cadnej wiedzy wst\u0119pnej. Jest gotowy do u\u017cycia od razu, nie musisz ustawia\u0107 \u017cadnych skomplikowanych parametr\u00f3w. Wystarczy wzi\u0105\u0107 urz\u0105dzenie do r\u0119ki i zacz\u0105\u0107 vapowa\u0107 \u2013 to takie proste!<\/p>\n<h4>3.2 Wielokrotne \u0142adowanie dla d\u0142u\u017cszego korzystania<\/h4>\n<p>Dzi\u0119ki wymiennej baterii mo\u017cesz korzysta\u0107 z urz\u0105dzenia przez d\u0142ugi czas, nie martwi\u0105c si\u0119 o jej wytrzyma\u0142o\u015b\u0107. \u0141adowanie przez port Typ-C jest szybkie i proste, co zwi\u0119ksza komfort u\u017cytkowania.<\/p>\n<h4>3.3 Idealny na podr\u00f3\u017c<\/h4>\n<p>Kompaktowy design i du\u017ca pojemno\u015b\u0107 sprawiaj\u0105, \u017ce Peach Mango <strong><a href=\"https:\/\/www.elementvape.de\/pl\/\" target=\"_blank\" rel=\"noopener\">Vape<\/a><\/strong> jest idealny na podr\u00f3\u017c. Mo\u017cesz go bez problemu schowa\u0107 do kieszeni lub plecaka i jest gotowy do u\u017cycia zawsze, gdy go potrzebujesz.<\/p>\n<h4>3.4 Wszechstronno\u015b\u0107 dzi\u0119ki opcjom nikotynowym<\/h4>\n<p>Dzi\u0119ki czterem r\u00f3\u017cnym mocom nikotynu, Peach Mango Vape oferuje szeroki wyb\u00f3r, kt\u00f3ry idealnie dopasowuje si\u0119 do Twoich indywidualnych potrzeb. Niezale\u017cnie od tego, czy chcesz vapowa\u0107 bez nikotyny, czy preferujesz silniejsz\u0105 dawk\u0119, to urz\u0105dzenie zapewnia Ci elastyczno\u015b\u0107, aby dostosowa\u0107 swoje do\u015bwiadczenie vapowania wed\u0142ug w\u0142asnych upodoba\u0144.<\/p>\n<h4>3.5 Nie wymaga ponownego nape\u0142niania<\/h4>\n<p>Peach Mango Vape jest dostarczany wype\u0142niony, wi\u0119c nie musisz si\u0119 martwi\u0107 o nape\u0142nianie. Mo\u017cesz go od razu wyj\u0105\u0107 z opakowania i zacz\u0105\u0107 vapowa\u0107.<\/p>\n<p>Peach Mango Vape z 9000 puffs oferuje niezr\u00f3wnane doznania smakowe, \u0142\u0105cz\u0105c naturaln\u0105 s\u0142odycz brzoskwini z egzotyczn\u0105 nut\u0105 mango. Dzi\u0119ki du\u017cej liczbie zaci\u0105gni\u0119\u0107, pojemno\u015bci e-liquidu, baterii wielokrotnego \u0142adowania i r\u00f3\u017cnym opcjom nikotyny, to vape jest idealnym wyborem dla vaper\u00f3w ceni\u0105cych jako\u015b\u0107 i smak.<\/p>\n<p>Dla pocz\u0105tkuj\u0105cych i do\u015bwiadczonych vaper\u00f3w \u2013 Peach Mango Vape zachwyci Ci\u0119 swoj\u0105 \u0142atwo\u015bci\u0105 obs\u0142ugi, intensywnym smakiem i d\u0142ug\u0105 \u017cywotno\u015bci\u0105.<\/p>","protected":false},"excerpt":{"rendered":"<p>Das Peach Mango Vape mit 9000 Puffs bietet eine au\u00dfergew\u00f6hnliche und erfrischende Vaping-Erfahrung, die perfekt f\u00fcr Liebhaber fruchtiger Aromen geeignet ist. Mit einer harmonischen Mischung aus saftigem Pfirsich und exotischer Mango, erinnert dieses Vape an sonnige Sommertage und tropische Cocktails, die man am Strand genie\u00dft. Es vereint die nat\u00fcrliche S\u00fc\u00dfe des Pfirsichs mit dem tropischen [&hellip;]<\/p>","protected":false},"featured_media":14688,"template":"","meta":{"inline_featured_image":false},"product_cat":[771,739,743,744,755,738,751],"product_tag":[710,684],"tiered_pricing_type":"fixed","tiered_pricing_fixed_rules":{"60":"6.15","110":"5.46","200":"4.78"},"tiered_pricing_percentage_rules":[],"tiered_pricing_minimum":1,"_administrator_tiered_pricing_type":"fixed","_administrator_tiered_pricing_fixed_rules":[],"_editor_tiered_pricing_type":"fixed","_editor_tiered_pricing_fixed_rules":[],"_author_tiered_pricing_type":"fixed","_author_tiered_pricing_fixed_rules":[],"_contributor_tiered_pricing_type":"fixed","_contributor_tiered_pricing_fixed_rules":[],"_subscriber_tiered_pricing_type":"fixed","_subscriber_tiered_pricing_fixed_rules":[],"_customer_tiered_pricing_type":"fixed","_customer_tiered_pricing_fixed_rules":[],"_shop_manager_tiered_pricing_type":"fixed","_shop_manager_tiered_pricing_fixed_rules":[],"_wpseo_manager_tiered_pricing_type":"fixed","_wpseo_manager_tiered_pricing_fixed_rules":[],"_wpseo_editor_tiered_pricing_type":"fixed","_wpseo_editor_tiered_pricing_fixed_rules":[],"_wholesale_customer_tiered_pricing_type":"fixed","_wholesale_customer_tiered_pricing_fixed_rules":[],"_marketer_tiered_pricing_type":"fixed","_marketer_tiered_pricing_fixed_rules":[],"_sales_manager_tiered_pricing_type":"fixed","_sales_manager_tiered_pricing_fixed_rules":[],"_sales_rep_tiered_pricing_type":"fixed","_sales_rep_tiered_pricing_fixed_rules":[],"yoast_head":"<!-- This site is optimized with the Yoast SEO plugin v23.3 - https:\/\/yoast.com\/wordpress\/plugins\/seo\/ -->\n<title>Peach Mango bietet 9000 Puffs sommerlicher Aromen eine k\u00f6stliche Kombination aus saftigem Pfirsich und exotischer Mango | ElementVape.de<\/title>\n<meta name=\"description\" content=\"Wir bieten Peach Mango bietet 9000 Puffs sommerlicher Aromen eine k\u00f6stliche Kombination aus saftigem Pfirsich und exotischer Mango , Elementvape.de akzeptieren Gro\u00df-und Einzelhandel Bestellungen.\" \/>\n<meta name=\"robots\" content=\"index, follow, max-snippet:-1, max-image-preview:large, max-video-preview:-1\" \/>\n<link rel=\"canonical\" href=\"https:\/\/www.elementvape.de\/pl\/produkt\/peach-mango-bietet-9000-puffs-sommerlicher-aromen-eine-koestliche-kombination-aus-saftigem-pfirsich-und-exotischer-mango\/\" \/>\n<meta property=\"og:locale\" content=\"pl_PL\" \/>\n<meta property=\"og:type\" content=\"article\" \/>\n<meta property=\"og:title\" content=\"Peach Mango bietet 9000 Puffs sommerlicher Aromen eine k\u00f6stliche Kombination aus saftigem Pfirsich und exotischer Mango | ElementVape.de\" \/>\n<meta property=\"og:description\" content=\"Wir bieten Peach Mango bietet 9000 Puffs sommerlicher Aromen eine k\u00f6stliche Kombination aus saftigem Pfirsich und exotischer Mango , Elementvape.de akzeptieren Gro\u00df-und Einzelhandel Bestellungen.\" \/>\n<meta property=\"og:url\" content=\"https:\/\/www.elementvape.de\/pl\/produkt\/peach-mango-bietet-9000-puffs-sommerlicher-aromen-eine-koestliche-kombination-aus-saftigem-pfirsich-und-exotischer-mango\/\" \/>\n<meta property=\"og:site_name\" content=\"ElementVape.de\" \/>\n<meta property=\"article:modified_time\" content=\"2024-10-09T06:46:36+00:00\" \/>\n<meta property=\"og:image\" content=\"https:\/\/www.elementvape.de\/wp-content\/uploads\/2024\/09\/Peach-Mango-3.jpg\" \/>\n\t<meta property=\"og:image:width\" content=\"1920\" \/>\n\t<meta property=\"og:image:height\" content=\"1080\" \/>\n\t<meta property=\"og:image:type\" content=\"image\/jpeg\" \/>\n<meta name=\"twitter:card\" content=\"summary_large_image\" \/>\n<meta name=\"twitter:label1\" content=\"Est. reading time\" \/>\n\t<meta name=\"twitter:data1\" content=\"8 minut\" \/>\n<script type=\"application\/ld+json\" class=\"yoast-schema-graph\">{\"@context\":\"https:\/\/schema.org\",\"@graph\":[{\"@type\":\"WebPage\",\"@id\":\"https:\/\/www.elementvape.de\/fr\/produkt\/peach-mango-bietet-9000-puffs-sommerlicher-aromen-eine-koestliche-kombination-aus-saftigem-pfirsich-und-exotischer-mango\/\",\"url\":\"https:\/\/www.elementvape.de\/fr\/produkt\/peach-mango-bietet-9000-puffs-sommerlicher-aromen-eine-koestliche-kombination-aus-saftigem-pfirsich-und-exotischer-mango\/\",\"name\":\"Peach Mango bietet 9000 Puffs sommerlicher Aromen eine k\u00f6stliche Kombination aus saftigem Pfirsich und exotischer Mango | ElementVape.de\",\"isPartOf\":{\"@id\":\"https:\/\/www.elementvape.de\/#website\"},\"primaryImageOfPage\":{\"@id\":\"https:\/\/www.elementvape.de\/fr\/produkt\/peach-mango-bietet-9000-puffs-sommerlicher-aromen-eine-koestliche-kombination-aus-saftigem-pfirsich-und-exotischer-mango\/#primaryimage\"},\"image\":{\"@id\":\"https:\/\/www.elementvape.de\/fr\/produkt\/peach-mango-bietet-9000-puffs-sommerlicher-aromen-eine-koestliche-kombination-aus-saftigem-pfirsich-und-exotischer-mango\/#primaryimage\"},\"thumbnailUrl\":\"https:\/\/www.elementvape.de\/wp-content\/uploads\/2024\/09\/Peach-Mango-3.jpg\",\"datePublished\":\"2024-09-25T09:49:01+00:00\",\"dateModified\":\"2024-10-09T06:46:36+00:00\",\"description\":\"Wir bieten Peach Mango bietet 9000 Puffs sommerlicher Aromen eine k\u00f6stliche Kombination aus saftigem Pfirsich und exotischer Mango , Elementvape.de akzeptieren Gro\u00df-und Einzelhandel Bestellungen.\",\"breadcrumb\":{\"@id\":\"https:\/\/www.elementvape.de\/fr\/produkt\/peach-mango-bietet-9000-puffs-sommerlicher-aromen-eine-koestliche-kombination-aus-saftigem-pfirsich-und-exotischer-mango\/#breadcrumb\"},\"inLanguage\":\"pl-PL\",\"potentialAction\":[{\"@type\":\"ReadAction\",\"target\":[\"https:\/\/www.elementvape.de\/fr\/produkt\/peach-mango-bietet-9000-puffs-sommerlicher-aromen-eine-koestliche-kombination-aus-saftigem-pfirsich-und-exotischer-mango\/\"]}]},{\"@type\":\"ImageObject\",\"inLanguage\":\"pl-PL\",\"@id\":\"https:\/\/www.elementvape.de\/fr\/produkt\/peach-mango-bietet-9000-puffs-sommerlicher-aromen-eine-koestliche-kombination-aus-saftigem-pfirsich-und-exotischer-mango\/#primaryimage\",\"url\":\"https:\/\/www.elementvape.de\/wp-content\/uploads\/2024\/09\/Peach-Mango-3.jpg\",\"contentUrl\":\"https:\/\/www.elementvape.de\/wp-content\/uploads\/2024\/09\/Peach-Mango-3.jpg\",\"width\":1920,\"height\":1080,\"caption\":\"Peach Mango\"},{\"@type\":\"BreadcrumbList\",\"@id\":\"https:\/\/www.elementvape.de\/fr\/produkt\/peach-mango-bietet-9000-puffs-sommerlicher-aromen-eine-koestliche-kombination-aus-saftigem-pfirsich-und-exotischer-mango\/#breadcrumb\",\"itemListElement\":[{\"@type\":\"ListItem\",\"position\":1,\"name\":\"Home\",\"item\":\"https:\/\/www.elementvape.de\/\"},{\"@type\":\"ListItem\",\"position\":2,\"name\":\"Shop\",\"item\":\"https:\/\/www.elementvape.de\/shop\/\"},{\"@type\":\"ListItem\",\"position\":3,\"name\":\"Peach Mango bietet 9000 Puffs sommerlicher Aromen eine k\u00f6stliche Kombination aus saftigem Pfirsich und exotischer Mango\"}]},{\"@type\":\"WebSite\",\"@id\":\"https:\/\/www.elementvape.de\/#website\",\"url\":\"https:\/\/www.elementvape.de\/\",\"name\":\"ElementVape.de\",\"description\":\"\",\"publisher\":{\"@id\":\"https:\/\/www.elementvape.de\/#organization\"},\"potentialAction\":[{\"@type\":\"SearchAction\",\"target\":{\"@type\":\"EntryPoint\",\"urlTemplate\":\"https:\/\/www.elementvape.de\/?s={search_term_string}\"},\"query-input\":\"required name=search_term_string\"}],\"inLanguage\":\"pl-PL\"},{\"@type\":\"Organization\",\"@id\":\"https:\/\/www.elementvape.de\/#organization\",\"name\":\"ElementVape.DE\",\"url\":\"https:\/\/www.elementvape.de\/\",\"logo\":{\"@type\":\"ImageObject\",\"inLanguage\":\"pl-PL\",\"@id\":\"https:\/\/www.elementvape.de\/#\/schema\/logo\/image\/\",\"url\":\"https:\/\/www.elementvape.de\/wp-content\/uploads\/2024\/09\/cropped-1elementvape-3.png\",\"contentUrl\":\"https:\/\/www.elementvape.de\/wp-content\/uploads\/2024\/09\/cropped-1elementvape-3.png\",\"width\":285,\"height\":228,\"caption\":\"ElementVape.DE\"},\"image\":{\"@id\":\"https:\/\/www.elementvape.de\/#\/schema\/logo\/image\/\"}}]}<\/script>\n<!-- \/ Yoast SEO plugin. -->","yoast_head_json":{"title":"Peach Mango bietet 9000 Puffs sommerlicher Aromen eine k\u00f6stliche Kombination aus saftigem Pfirsich und exotischer Mango | ElementVape.de","description":"Wir bieten Peach Mango bietet 9000 Puffs sommerlicher Aromen eine k\u00f6stliche Kombination aus saftigem Pfirsich und exotischer Mango , Elementvape.de akzeptieren Gro\u00df-und Einzelhandel Bestellungen.","robots":{"index":"index","follow":"follow","max-snippet":"max-snippet:-1","max-image-preview":"max-image-preview:large","max-video-preview":"max-video-preview:-1"},"canonical":"https:\/\/www.elementvape.de\/pl\/produkt\/peach-mango-bietet-9000-puffs-sommerlicher-aromen-eine-koestliche-kombination-aus-saftigem-pfirsich-und-exotischer-mango\/","og_locale":"pl_PL","og_type":"article","og_title":"Peach Mango bietet 9000 Puffs sommerlicher Aromen eine k\u00f6stliche Kombination aus saftigem Pfirsich und exotischer Mango | ElementVape.de","og_description":"Wir bieten Peach Mango bietet 9000 Puffs sommerlicher Aromen eine k\u00f6stliche Kombination aus saftigem Pfirsich und exotischer Mango , Elementvape.de akzeptieren Gro\u00df-und Einzelhandel Bestellungen.","og_url":"https:\/\/www.elementvape.de\/pl\/produkt\/peach-mango-bietet-9000-puffs-sommerlicher-aromen-eine-koestliche-kombination-aus-saftigem-pfirsich-und-exotischer-mango\/","og_site_name":"ElementVape.de","article_modified_time":"2024-10-09T06:46:36+00:00","og_image":[{"width":1920,"height":1080,"url":"https:\/\/www.elementvape.de\/wp-content\/uploads\/2024\/09\/Peach-Mango-3.jpg","type":"image\/jpeg"}],"twitter_card":"summary_large_image","twitter_misc":{"Est. reading time":"8 minut"},"schema":{"@context":"https:\/\/schema.org","@graph":[{"@type":"WebPage","@id":"https:\/\/www.elementvape.de\/fr\/produkt\/peach-mango-bietet-9000-puffs-sommerlicher-aromen-eine-koestliche-kombination-aus-saftigem-pfirsich-und-exotischer-mango\/","url":"https:\/\/www.elementvape.de\/fr\/produkt\/peach-mango-bietet-9000-puffs-sommerlicher-aromen-eine-koestliche-kombination-aus-saftigem-pfirsich-und-exotischer-mango\/","name":"Peach Mango bietet 9000 Puffs sommerlicher Aromen eine k\u00f6stliche Kombination aus saftigem Pfirsich und exotischer Mango | ElementVape.de","isPartOf":{"@id":"https:\/\/www.elementvape.de\/#website"},"primaryImageOfPage":{"@id":"https:\/\/www.elementvape.de\/fr\/produkt\/peach-mango-bietet-9000-puffs-sommerlicher-aromen-eine-koestliche-kombination-aus-saftigem-pfirsich-und-exotischer-mango\/#primaryimage"},"image":{"@id":"https:\/\/www.elementvape.de\/fr\/produkt\/peach-mango-bietet-9000-puffs-sommerlicher-aromen-eine-koestliche-kombination-aus-saftigem-pfirsich-und-exotischer-mango\/#primaryimage"},"thumbnailUrl":"https:\/\/www.elementvape.de\/wp-content\/uploads\/2024\/09\/Peach-Mango-3.jpg","datePublished":"2024-09-25T09:49:01+00:00","dateModified":"2024-10-09T06:46:36+00:00","description":"Wir bieten Peach Mango bietet 9000 Puffs sommerlicher Aromen eine k\u00f6stliche Kombination aus saftigem Pfirsich und exotischer Mango , Elementvape.de akzeptieren Gro\u00df-und Einzelhandel Bestellungen.","breadcrumb":{"@id":"https:\/\/www.elementvape.de\/fr\/produkt\/peach-mango-bietet-9000-puffs-sommerlicher-aromen-eine-koestliche-kombination-aus-saftigem-pfirsich-und-exotischer-mango\/#breadcrumb"},"inLanguage":"pl-PL","potentialAction":[{"@type":"ReadAction","target":["https:\/\/www.elementvape.de\/fr\/produkt\/peach-mango-bietet-9000-puffs-sommerlicher-aromen-eine-koestliche-kombination-aus-saftigem-pfirsich-und-exotischer-mango\/"]}]},{"@type":"ImageObject","inLanguage":"pl-PL","@id":"https:\/\/www.elementvape.de\/fr\/produkt\/peach-mango-bietet-9000-puffs-sommerlicher-aromen-eine-koestliche-kombination-aus-saftigem-pfirsich-und-exotischer-mango\/#primaryimage","url":"https:\/\/www.elementvape.de\/wp-content\/uploads\/2024\/09\/Peach-Mango-3.jpg","contentUrl":"https:\/\/www.elementvape.de\/wp-content\/uploads\/2024\/09\/Peach-Mango-3.jpg","width":1920,"height":1080,"caption":"Peach Mango"},{"@type":"BreadcrumbList","@id":"https:\/\/www.elementvape.de\/fr\/produkt\/peach-mango-bietet-9000-puffs-sommerlicher-aromen-eine-koestliche-kombination-aus-saftigem-pfirsich-und-exotischer-mango\/#breadcrumb","itemListElement":[{"@type":"ListItem","position":1,"name":"Home","item":"https:\/\/www.elementvape.de\/"},{"@type":"ListItem","position":2,"name":"Shop","item":"https:\/\/www.elementvape.de\/shop\/"},{"@type":"ListItem","position":3,"name":"Peach Mango bietet 9000 Puffs sommerlicher Aromen eine k\u00f6stliche Kombination aus saftigem Pfirsich und exotischer Mango"}]},{"@type":"WebSite","@id":"https:\/\/www.elementvape.de\/#website","url":"https:\/\/www.elementvape.de\/","name":"ElementVape.de","description":"","publisher":{"@id":"https:\/\/www.elementvape.de\/#organization"},"potentialAction":[{"@type":"SearchAction","target":{"@type":"EntryPoint","urlTemplate":"https:\/\/www.elementvape.de\/?s={search_term_string}"},"query-input":"required name=search_term_string"}],"inLanguage":"pl-PL"},{"@type":"Organization","@id":"https:\/\/www.elementvape.de\/#organization","name":"ElementVape.DE","url":"https:\/\/www.elementvape.de\/","logo":{"@type":"ImageObject","inLanguage":"pl-PL","@id":"https:\/\/www.elementvape.de\/#\/schema\/logo\/image\/","url":"https:\/\/www.elementvape.de\/wp-content\/uploads\/2024\/09\/cropped-1elementvape-3.png","contentUrl":"https:\/\/www.elementvape.de\/wp-content\/uploads\/2024\/09\/cropped-1elementvape-3.png","width":285,"height":228,"caption":"ElementVape.DE"},"image":{"@id":"https:\/\/www.elementvape.de\/#\/schema\/logo\/image\/"}}]}},"_links":{"self":[{"href":"https:\/\/www.elementvape.de\/pl\/wp-json\/wp\/v2\/product\/14696"}],"collection":[{"href":"https:\/\/www.elementvape.de\/pl\/wp-json\/wp\/v2\/product"}],"about":[{"href":"https:\/\/www.elementvape.de\/pl\/wp-json\/wp\/v2\/types\/product"}],"wp:featuredmedia":[{"embeddable":true,"href":"https:\/\/www.elementvape.de\/pl\/wp-json\/wp\/v2\/media\/14688"}],"wp:attachment":[{"href":"https:\/\/www.elementvape.de\/pl\/wp-json\/wp\/v2\/media?parent=14696"}],"wp:term":[{"taxonomy":"product_cat","embeddable":true,"href":"https:\/\/www.elementvape.de\/pl\/wp-json\/wp\/v2\/product_cat?post=14696"},{"taxonomy":"product_tag","embeddable":true,"href":"https:\/\/www.elementvape.de\/pl\/wp-json\/wp\/v2\/product_tag?post=14696"}],"curies":[{"name":"wp","href":"https:\/\/api.w.org\/{rel}","templated":true}]}}