{"id":14577,"date":"2024-09-23T08:00:50","date_gmt":"2024-09-23T08:00:50","guid":{"rendered":"https:\/\/www.elementvape.de\/?post_type=product&#038;p=14577"},"modified":"2024-10-10T02:10:03","modified_gmt":"2024-10-10T02:10:03","slug":"erleben-sie-die-erfrischende-kombination-aus-suesser-erdbeere-und-saftiger-wassermelone-mit-der-strawberry-watermelon-bang-15000-puffs-ein-fruchtiger-genuss","status":"publish","type":"product","link":"https:\/\/www.elementvape.de\/pl\/produkt\/erleben-sie-die-erfrischende-kombination-aus-suesser-erdbeere-und-saftiger-wassermelone-mit-der-strawberry-watermelon-bang-15000-puffs-ein-fruchtiger-genuss\/","title":{"rendered":"Do\u015bwiadcz orze\u017awiaj\u0105cego po\u0142\u0105czenia s\u0142odkiej truskawki i soczystego arbuza z Strawberry Watermelon Bang 15000 Puffs owocowa rozkosz"},"content":{"rendered":"<h2>Do\u015bwiadcz Strawberry Watermelon Bang 15000 Puffs: Owocowa rozkosz<\/h2>\n<p>Strawberry Watermelon Bang 15000 Puffs to nie tylko kolejne urz\u0105dzenie do vapowania, ale zaproszenie do owocowego prze\u017cycia, kt\u00f3re rozpieszcza Twoje zmys\u0142y. Ta unikalna kombinacja s\u0142odkiej truskawki i soczystej arbuza oferuje doznania smakowe, kt\u00f3re s\u0105 zar\u00f3wno orze\u017awiaj\u0105ce, jak i satysfakcjonuj\u0105ce. W tym artykule zag\u0142\u0119bimy si\u0119 w \u015bwiat tej pysznej mieszanki i odkryjemy wszystko, co musisz wiedzie\u0107 o tym produkcie.<\/p>\n<p>Po\u0142\u0105czenie truskawki i arbuza jest popularne nie tylko w\u015br\u00f3d mi\u0142o\u015bnik\u00f3w owoc\u00f3w, ale tak\u017ce stanowi klasyk\u0119 w \u015bwiecie napoj\u00f3w i deser\u00f3w. Strawberry Watermelon Bang 15000 Puffs \u0142\u0105czy te dwa smaki w doskona\u0142ej harmonii. Ale co sprawia, \u017ce to po\u0142\u0105czenie jest tak wyj\u0105tkowe?<\/p>\n<h4>Truskawka: S\u0142odka pokusa<\/h4>\n<p>Truskawka jest jednym z najpopularniejszych owoc\u00f3w na \u015bwiecie. Jej s\u0142odycz, po\u0142\u0105czona z lekk\u0105 kwasowo\u015bci\u0105, czyni j\u0105 idealnym dodatkiem do wielu potraw. W przypadku Bang <strong><a href=\"https:\/\/www.elementvape.de\/pl\/p-tag\/groesser-oder-gleich-15000-zuege\/\" target=\"_blank\" rel=\"noopener\">15000 poci\u0105gni\u0119\u0107<\/a><\/strong> smak dojrza\u0142ej truskawki rozwija si\u0119 z ka\u017cdym zaci\u0105gni\u0119ciem, jakby\u015b w\u0142a\u015bnie gryza\u0142 \u015bwie\u017c\u0105, soczyst\u0105 truskawk\u0119. To aromat przywo\u0142uje wspomnienia ciep\u0142ych letnich dni i przynosi rado\u015b\u0107 z owocu bezpo\u015brednio do Ciebie.<\/p>\n<p>Truskawka jest cz\u0119sto kojarzona z pozytywnymi uczuciami. Symbolizuje lato, zabaw\u0119 i beztrosk\u0119. Te emocjonalne skojarzenia sprawiaj\u0105, \u017ce delektowanie si\u0119 Strawberry Watermelon Bang 15000 Puffs to ca\u0142o\u015bciowe do\u015bwiadczenie, kt\u00f3re wykracza poza sam smak.<\/p>\n<h4>Arbuz: Czysta orze\u017awienie<\/h4>\n<p>Arbuz to idealny owoc na gor\u0105ce dni. Dzi\u0119ki wysokiej zawarto\u015bci wody i chrupi\u0105cej teksturze zapewnia orze\u017awiaj\u0105cy ch\u0142\u00f3d, kt\u00f3ry jest doskona\u0142y na ka\u017cd\u0105 pogod\u0119. S\u0142odki, ale lekko musuj\u0105cy smak arbuza doskonale komponuje si\u0119 z truskawk\u0105 i zapewnia doznania smakowe, kt\u00f3re s\u0105 jednocze\u015bnie s\u0142odkie i orze\u017awiaj\u0105ce.<\/p>\n<p>Po\u0142\u0105czenie truskawki i arbuza w Bang 15000 Puffs tworzy r\u00f3wnowag\u0119, kt\u00f3ra zar\u00f3wno rozpieszcza podniebienie, jak i daje uczucie \u015bwie\u017co\u015bci. Ta mieszanka jest idealna dla vaporyst\u00f3w poszukuj\u0105cych orze\u017awiaj\u0105cego i pobudzaj\u0105cego do\u015bwiadczenia.<\/p>\n<h3>Cechy techniczne Strawberry Watermelon Bang 15000 Puffs<\/h3>\n<p>Strawberry Watermelon Bang 15000 Puffs oferuje nie tylko niezr\u00f3wnany smak, ale tak\u017ce imponuj\u0105ce w\u0142a\u015bciwo\u015bci techniczne, kt\u00f3re sprawiaj\u0105, \u017ce vapowanie jest d\u0142ugotrwa\u0142\u0105 przyjemno\u015bci\u0105.<\/p>\n<h4>Liczba zaci\u0105gni\u0119\u0107 i pojemno\u015b\u0107 e-liquid<\/h4>\n<p>Z do 15000 zaci\u0105gni\u0119ciami, Bang 15000 Puffs nale\u017cy do najbardziej trwa\u0142ych urz\u0105dze\u0144 do vapowania na rynku. Ta du\u017ca liczba zaci\u0105gni\u0119\u0107 zapewnia d\u0142ug\u0105 rado\u015b\u0107 z tego pysznego smaku, bez konieczno\u015bci ci\u0105g\u0142ego \u0142adowania czy wymiany urz\u0105dzenia.<\/p>\n<p>Pojemno\u015b\u0107 e-liquid wynosz\u0105ca 23 ml pozwala na osi\u0105gni\u0119cie tak du\u017cej liczby zaci\u0105gni\u0119\u0107. Nie musisz si\u0119 martwi\u0107, \u017ce zabraknie Ci zapasu e-liquidu w najbardziej potrzebnym momencie.<\/p>\n<p>Strawberry Watermelon Bang 15000 Puffs oferuje r\u00f3\u017cne poziomy nikotyny: 2% i 5%. Umo\u017cliwia to u\u017cytkownikom wyb\u00f3r odpowiedniego poziomu nikotyny, czy to dla przyjemno\u015bci, czy wsparcia w procesie rzucania palenia. Dost\u0119pno\u015b\u0107 r\u00f3\u017cnych st\u0119\u017ce\u0144 nikotyny zapewnia, \u017ce zar\u00f3wno okazjonalni vaporzy, jak i do\u015bwiadczeni u\u017cytkownicy znajd\u0105 co\u015b dla siebie.<\/p>\n<h4>Akumulator<\/h4>\n<p>Bang 15000 Puffs posiada wymienn\u0105 bateri\u0119 o pojemno\u015bci 650 mAh. To zapewnia mo\u017cliwo\u015b\u0107 vapowania bez obaw o roz\u0142adowanie baterii. Dzi\u0119ki nowoczesnemu z\u0142\u0105czu Type-C \u0142adowanie jest szybkie i proste. Mo\u017cesz \u0142adowa\u0107 urz\u0105dzenie wsz\u0119dzie, co czyni je praktycznym wyborem na podr\u00f3\u017cach.<\/p>\n<p>Mesh Coil o oporno\u015bci 1,1 Ohma w Bang 15000 Puffs zapewnia optymalny wydobycie smaku. Coils typu mesh maj\u0105 wi\u0119ksz\u0105 powierzchni\u0119 ni\u017c tradycyjne, co pozwala na bardziej efektywne odparowywanie e-liquidu. Efektem jest intensywniejszy i bardziej aromatyczny dym, kt\u00f3ry doskonale podkre\u015bla smaki truskawki i arbuza.<\/p>\n<h3>Przyjazno\u015b\u0107 dla u\u017cytkownika: prosty spos\u00f3b na vaping<\/h3>\n<p>Bang 15000 Puffs zosta\u0142a zaprojektowana z my\u015bl\u0105 o \u0142atwo\u015bci obs\u0142ugi. Kompaktowa konstrukcja sprawia, \u017ce mo\u017cna j\u0105 \u0142atwo zabra\u0107 wsz\u0119dzie. Do kieszeni, plecaka czy do r\u0119ki \u2013 pasuje wsz\u0119dzie.<\/p>\n<p>Kolejn\u0105 du\u017c\u0105 zalet\u0105 Bang 15000 Puffs jest jej prosty design. Nie wymaga skomplikowanych ustawie\u0144 ani przygotowa\u0144, wystarczy j\u0105 wyj\u0105\u0107 z opakowania i zacz\u0105\u0107 vapowa\u0107. To czyni urz\u0105dzenie atrakcyjnym zar\u00f3wno dla pocz\u0105tkuj\u0105cych, jak i do\u015bwiadczonych <strong><a href=\"https:\/\/www.elementvape.de\/pl\/\" target=\"_blank\" rel=\"noopener\">palenia<\/a><\/strong> poszukuj\u0105cych prostych rozwi\u0105za\u0144.<\/p>\n<h3>Smak i aromat w szczeg\u00f3\u0142ach<\/h3>\n<p>Aromaty truskawki i arbuz\u00f3w w Bang 15000 Puffs s\u0105 nie tylko pyszne, ale tak\u017ce wielowarstwowe. Przyjrzyjmy si\u0119 bli\u017cej, jak aromaty rozwijaj\u0105 si\u0119 przy ka\u017cdym zaci\u0105gni\u0119ciu.<\/p>\n<p>Przy pierwszym zaci\u0105gni\u0119ciu od razu zostaniesz powitany s\u0142odk\u0105 truskawk\u0105. Ta pierwsza eksplozja smaku jest intensywna i orze\u017awiaj\u0105ca, idealna na rozpocz\u0119cie Twojego do\u015bwiadczenia z wapowaniem. S\u0142odycz truskawki jest natychmiast uzupe\u0142niona soczyst\u0105 nut\u0105 arbuza, kt\u00f3ra unosi si\u0119 w tle.<\/p>\n<p>Po pierwszym zaci\u0105gni\u0119ciu rozwija si\u0119 harmonia obu aromat\u00f3w. S\u0142odycz truskawki pozostaje, podczas gdy arbuz staje si\u0119 bardziej wyra\u017any na pierwszy plan. To drugie zaci\u0105gni\u0119cie zapewnia idealn\u0105 r\u00f3wnowag\u0119 mi\u0119dzy dwoma smakami, daj\u0105c wra\u017cenie, jakby\u015b delektowa\u0142 si\u0119 \u015bwie\u017co pokrojon\u0105 truskawk\u0105 z kawa\u0142kiem arbuza.<\/p>\n<p>W ostatnim zaci\u0105gni\u0119ciu do\u015bwiadczysz orze\u017awiaj\u0105cego fina\u0142u, w kt\u00f3rym arbuz zyskuje przewag\u0119. Ta ch\u0142odna \u015bwie\u017co\u015b\u0107 sprawia, \u017ce posmak jest przyjemny i nie za s\u0142odki. To idealne zako\u0144czenie owocowego do\u015bwiadczenia z wapowaniem.<\/p>\n<h3>Dla kogo jest Strawberry Watermelon Bang 15000 Puffs?<\/h3>\n<p>Strawberry Watermelon Bang 15000 Puffs jest skierowany do szerokiej grupy u\u017cytkownik\u00f3w waporyzator\u00f3w. Jest idealny dla:<\/p>\n<p>Je\u015bli jeste\u015b fanem owocowych aromat\u00f3w, Bang 15000 Puffs zachwyci Ci\u0119 po\u0142\u0105czeniem truskawki i arbuza. Te pyszne smaki s\u0105 idealne dla tych, kt\u00f3rzy kochaj\u0105 s\u0142odycz i \u015bwie\u017co\u015b\u0107 owoc\u00f3w.<\/p>\n<h4>Waporyzatorzy szukaj\u0105cy d\u0142ugotrwa\u0142o\u015bci<\/h4>\n<p>Z liczb\u0105 zaci\u0105gni\u0119\u0107 do 15000 i du\u017c\u0105 pojemno\u015bci\u0105 e-liquidu, to urz\u0105dzenie jest idealne dla tych, kt\u00f3rzy pragn\u0105 d\u0142ugotrwa\u0142ego do\u015bwiadczenia. Nie musisz si\u0119 martwi\u0107 o cz\u0119ste uzupe\u0142nianie lub wymian\u0119 urz\u0105dzenia.<\/p>\n<p>Bang 15000 Puffs jest odpowiedni zar\u00f3wno dla pocz\u0105tkuj\u0105cych, jak i do\u015bwiadczonych waporyzator\u00f3w. Nowicjusze doceni\u0105 prost\u0105 obs\u0142ug\u0119, podczas gdy do\u015bwiadczeni u\u017cytkownicy b\u0119d\u0105 ceni\u0107 wysok\u0105 jako\u015b\u0107 i intensywne aromaty.<\/p>\n<h3>\u00a0Niezapomniane do\u015bwiadczenie wapowania<\/h3>\n<p>Strawberry Watermelon Bang 15000 Puffs oferuje niezr\u00f3wnane doznania, kt\u00f3re zachwycaj\u0105 dzi\u0119ki idealnemu po\u0142\u0105czeniu s\u0142odkiej truskawki i soczystego arbuza. Z du\u017c\u0105 liczb\u0105 zaci\u0105gni\u0119\u0107, bateri\u0105 wielokrotnego \u0142adowania i przyjaznym dla u\u017cytkownika designem, to urz\u0105dzenie jest idealnym wyborem dla mi\u0142o\u015bnik\u00f3w owocowych aromat\u00f3w.<\/p>\n<p>Zanurz si\u0119 w \u015bwiecie owocowych rozkoszy i ciesz si\u0119 ka\u017cdym zaci\u0105gni\u0119ciem tej pysznej fuzji. Strawberry Watermelon Bang 15000 Puffs obiecuje do\u015bwiadczenie, kt\u00f3rego nie mo\u017cesz przegapi\u0107. Niezale\u017cnie od tego, czy szukasz orze\u017awiaj\u0105cego do\u015bwiadczenia na lato, czy chcesz po prostu cieszy\u0107 si\u0119 pysznymi aromatami natury \u2013 to urz\u0105dzenie przewy\u017cszy Twoje oczekiwania i zachwyci Ci\u0119 przy ka\u017cdym zaci\u0105gni\u0119ciu!<\/p>","protected":false},"excerpt":{"rendered":"<p>Erleben Sie die Strawberry Watermelon Bang 15000 Puffs: Ein Fruchtiger Genuss Die Strawberry Watermelon Bang 15000 Puffs ist nicht nur ein weiteres Vape-Ger\u00e4t, sondern eine Einladung zu einem fruchtigen Erlebnis, das Ihre Sinne verw\u00f6hnt. Diese einzigartige Kombination aus s\u00fc\u00dfer Erdbeere und saftiger Wassermelone bietet ein Geschmackserlebnis, das sowohl erfrischend als auch befriedigend ist. In diesem [&hellip;]<\/p>","protected":false},"featured_media":14553,"template":"","meta":{"inline_featured_image":false},"product_cat":[15,769,739,743,744,755,738,751],"product_tag":[710,674],"tiered_pricing_type":"fixed","tiered_pricing_fixed_rules":{"60":"6.58","110":"5.85","200":"5.12"},"tiered_pricing_percentage_rules":[],"tiered_pricing_minimum":1,"_administrator_tiered_pricing_type":"fixed","_administrator_tiered_pricing_fixed_rules":[],"_editor_tiered_pricing_type":"fixed","_editor_tiered_pricing_fixed_rules":[],"_author_tiered_pricing_type":"fixed","_author_tiered_pricing_fixed_rules":[],"_contributor_tiered_pricing_type":"fixed","_contributor_tiered_pricing_fixed_rules":[],"_subscriber_tiered_pricing_type":"fixed","_subscriber_tiered_pricing_fixed_rules":[],"_customer_tiered_pricing_type":"fixed","_customer_tiered_pricing_fixed_rules":[],"_shop_manager_tiered_pricing_type":"fixed","_shop_manager_tiered_pricing_fixed_rules":[],"_wpseo_manager_tiered_pricing_type":"fixed","_wpseo_manager_tiered_pricing_fixed_rules":[],"_wpseo_editor_tiered_pricing_type":"fixed","_wpseo_editor_tiered_pricing_fixed_rules":[],"_wholesale_customer_tiered_pricing_type":"fixed","_wholesale_customer_tiered_pricing_fixed_rules":[],"_marketer_tiered_pricing_type":"fixed","_marketer_tiered_pricing_fixed_rules":[],"_sales_manager_tiered_pricing_type":"fixed","_sales_manager_tiered_pricing_fixed_rules":[],"_sales_rep_tiered_pricing_type":"fixed","_sales_rep_tiered_pricing_fixed_rules":[],"yoast_head":"<!-- This site is optimized with the Yoast SEO plugin v23.3 - https:\/\/yoast.com\/wordpress\/plugins\/seo\/ -->\n<title>Erleben Sie die erfrischende Kombination aus s\u00fc\u00dfer Erdbeere und saftiger Wassermelone mit der Strawberry Watermelon Bang 15000 Puffs ein fruchtiger Genuss | ElementVape.de<\/title>\n<meta name=\"description\" content=\"Wir bieten Erleben Sie die erfrischende Kombination aus s\u00fc\u00dfer Erdbeere und saftiger Wassermelone mit der Strawberry Watermelon Bang 15000 Puffs ein fruchtiger Genuss , Elementvape.de akzeptieren Gro\u00df-und Einzelhandel Bestellungen.\" \/>\n<meta name=\"robots\" content=\"index, follow, max-snippet:-1, max-image-preview:large, max-video-preview:-1\" \/>\n<link rel=\"canonical\" href=\"https:\/\/www.elementvape.de\/pl\/produkt\/erleben-sie-die-erfrischende-kombination-aus-suesser-erdbeere-und-saftiger-wassermelone-mit-der-strawberry-watermelon-bang-15000-puffs-ein-fruchtiger-genuss\/\" \/>\n<meta property=\"og:locale\" content=\"pl_PL\" \/>\n<meta property=\"og:type\" content=\"article\" \/>\n<meta property=\"og:title\" content=\"Erleben Sie die erfrischende Kombination aus s\u00fc\u00dfer Erdbeere und saftiger Wassermelone mit der Strawberry Watermelon Bang 15000 Puffs ein fruchtiger Genuss | ElementVape.de\" \/>\n<meta property=\"og:description\" content=\"Wir bieten Erleben Sie die erfrischende Kombination aus s\u00fc\u00dfer Erdbeere und saftiger Wassermelone mit der Strawberry Watermelon Bang 15000 Puffs ein fruchtiger Genuss , Elementvape.de akzeptieren Gro\u00df-und Einzelhandel Bestellungen.\" \/>\n<meta property=\"og:url\" content=\"https:\/\/www.elementvape.de\/pl\/produkt\/erleben-sie-die-erfrischende-kombination-aus-suesser-erdbeere-und-saftiger-wassermelone-mit-der-strawberry-watermelon-bang-15000-puffs-ein-fruchtiger-genuss\/\" \/>\n<meta property=\"og:site_name\" content=\"ElementVape.de\" \/>\n<meta property=\"article:modified_time\" content=\"2024-10-10T02:10:03+00:00\" \/>\n<meta property=\"og:image\" content=\"https:\/\/www.elementvape.de\/wp-content\/uploads\/2024\/09\/Strawberry-Watermelon-8.jpg\" \/>\n\t<meta property=\"og:image:width\" content=\"1681\" \/>\n\t<meta property=\"og:image:height\" content=\"1020\" \/>\n\t<meta property=\"og:image:type\" content=\"image\/jpeg\" \/>\n<meta name=\"twitter:card\" content=\"summary_large_image\" \/>\n<meta name=\"twitter:label1\" content=\"Est. reading time\" \/>\n\t<meta name=\"twitter:data1\" content=\"7 minut\" \/>\n<script type=\"application\/ld+json\" class=\"yoast-schema-graph\">{\"@context\":\"https:\/\/schema.org\",\"@graph\":[{\"@type\":\"WebPage\",\"@id\":\"https:\/\/www.elementvape.de\/nl\/produkt\/erleben-sie-die-erfrischende-kombination-aus-suesser-erdbeere-und-saftiger-wassermelone-mit-der-strawberry-watermelon-bang-15000-puffs-ein-fruchtiger-genuss\/\",\"url\":\"https:\/\/www.elementvape.de\/nl\/produkt\/erleben-sie-die-erfrischende-kombination-aus-suesser-erdbeere-und-saftiger-wassermelone-mit-der-strawberry-watermelon-bang-15000-puffs-ein-fruchtiger-genuss\/\",\"name\":\"Erleben Sie die erfrischende Kombination aus s\u00fc\u00dfer Erdbeere und saftiger Wassermelone mit der Strawberry Watermelon Bang 15000 Puffs ein fruchtiger Genuss | ElementVape.de\",\"isPartOf\":{\"@id\":\"https:\/\/www.elementvape.de\/#website\"},\"primaryImageOfPage\":{\"@id\":\"https:\/\/www.elementvape.de\/nl\/produkt\/erleben-sie-die-erfrischende-kombination-aus-suesser-erdbeere-und-saftiger-wassermelone-mit-der-strawberry-watermelon-bang-15000-puffs-ein-fruchtiger-genuss\/#primaryimage\"},\"image\":{\"@id\":\"https:\/\/www.elementvape.de\/nl\/produkt\/erleben-sie-die-erfrischende-kombination-aus-suesser-erdbeere-und-saftiger-wassermelone-mit-der-strawberry-watermelon-bang-15000-puffs-ein-fruchtiger-genuss\/#primaryimage\"},\"thumbnailUrl\":\"https:\/\/www.elementvape.de\/wp-content\/uploads\/2024\/09\/Strawberry-Watermelon-8.jpg\",\"datePublished\":\"2024-09-23T08:00:50+00:00\",\"dateModified\":\"2024-10-10T02:10:03+00:00\",\"description\":\"Wir bieten Erleben Sie die erfrischende Kombination aus s\u00fc\u00dfer Erdbeere und saftiger Wassermelone mit der Strawberry Watermelon Bang 15000 Puffs ein fruchtiger Genuss , Elementvape.de akzeptieren Gro\u00df-und Einzelhandel Bestellungen.\",\"breadcrumb\":{\"@id\":\"https:\/\/www.elementvape.de\/nl\/produkt\/erleben-sie-die-erfrischende-kombination-aus-suesser-erdbeere-und-saftiger-wassermelone-mit-der-strawberry-watermelon-bang-15000-puffs-ein-fruchtiger-genuss\/#breadcrumb\"},\"inLanguage\":\"pl-PL\",\"potentialAction\":[{\"@type\":\"ReadAction\",\"target\":[\"https:\/\/www.elementvape.de\/nl\/produkt\/erleben-sie-die-erfrischende-kombination-aus-suesser-erdbeere-und-saftiger-wassermelone-mit-der-strawberry-watermelon-bang-15000-puffs-ein-fruchtiger-genuss\/\"]}]},{\"@type\":\"ImageObject\",\"inLanguage\":\"pl-PL\",\"@id\":\"https:\/\/www.elementvape.de\/nl\/produkt\/erleben-sie-die-erfrischende-kombination-aus-suesser-erdbeere-und-saftiger-wassermelone-mit-der-strawberry-watermelon-bang-15000-puffs-ein-fruchtiger-genuss\/#primaryimage\",\"url\":\"https:\/\/www.elementvape.de\/wp-content\/uploads\/2024\/09\/Strawberry-Watermelon-8.jpg\",\"contentUrl\":\"https:\/\/www.elementvape.de\/wp-content\/uploads\/2024\/09\/Strawberry-Watermelon-8.jpg\",\"width\":1681,\"height\":1020,\"caption\":\"Strawberry Watermelon\"},{\"@type\":\"BreadcrumbList\",\"@id\":\"https:\/\/www.elementvape.de\/nl\/produkt\/erleben-sie-die-erfrischende-kombination-aus-suesser-erdbeere-und-saftiger-wassermelone-mit-der-strawberry-watermelon-bang-15000-puffs-ein-fruchtiger-genuss\/#breadcrumb\",\"itemListElement\":[{\"@type\":\"ListItem\",\"position\":1,\"name\":\"Home\",\"item\":\"https:\/\/www.elementvape.de\/\"},{\"@type\":\"ListItem\",\"position\":2,\"name\":\"Shop\",\"item\":\"https:\/\/www.elementvape.de\/shop\/\"},{\"@type\":\"ListItem\",\"position\":3,\"name\":\"Erleben Sie die erfrischende Kombination aus s\u00fc\u00dfer Erdbeere und saftiger Wassermelone mit der Strawberry Watermelon Bang 15000 Puffs ein fruchtiger Genuss\"}]},{\"@type\":\"WebSite\",\"@id\":\"https:\/\/www.elementvape.de\/#website\",\"url\":\"https:\/\/www.elementvape.de\/\",\"name\":\"ElementVape.de\",\"description\":\"\",\"publisher\":{\"@id\":\"https:\/\/www.elementvape.de\/#organization\"},\"potentialAction\":[{\"@type\":\"SearchAction\",\"target\":{\"@type\":\"EntryPoint\",\"urlTemplate\":\"https:\/\/www.elementvape.de\/?s={search_term_string}\"},\"query-input\":\"required name=search_term_string\"}],\"inLanguage\":\"pl-PL\"},{\"@type\":\"Organization\",\"@id\":\"https:\/\/www.elementvape.de\/#organization\",\"name\":\"ElementVape.DE\",\"url\":\"https:\/\/www.elementvape.de\/\",\"logo\":{\"@type\":\"ImageObject\",\"inLanguage\":\"pl-PL\",\"@id\":\"https:\/\/www.elementvape.de\/#\/schema\/logo\/image\/\",\"url\":\"https:\/\/www.elementvape.de\/wp-content\/uploads\/2024\/09\/cropped-1elementvape-3.png\",\"contentUrl\":\"https:\/\/www.elementvape.de\/wp-content\/uploads\/2024\/09\/cropped-1elementvape-3.png\",\"width\":285,\"height\":228,\"caption\":\"ElementVape.DE\"},\"image\":{\"@id\":\"https:\/\/www.elementvape.de\/#\/schema\/logo\/image\/\"}}]}<\/script>\n<!-- \/ Yoast SEO plugin. -->","yoast_head_json":{"title":"Erleben Sie die erfrischende Kombination aus s\u00fc\u00dfer Erdbeere und saftiger Wassermelone mit der Strawberry Watermelon Bang 15000 Puffs ein fruchtiger Genuss | ElementVape.de","description":"Wir bieten Erleben Sie die erfrischende Kombination aus s\u00fc\u00dfer Erdbeere und saftiger Wassermelone mit der Strawberry Watermelon Bang 15000 Puffs ein fruchtiger Genuss , Elementvape.de akzeptieren Gro\u00df-und Einzelhandel Bestellungen.","robots":{"index":"index","follow":"follow","max-snippet":"max-snippet:-1","max-image-preview":"max-image-preview:large","max-video-preview":"max-video-preview:-1"},"canonical":"https:\/\/www.elementvape.de\/pl\/produkt\/erleben-sie-die-erfrischende-kombination-aus-suesser-erdbeere-und-saftiger-wassermelone-mit-der-strawberry-watermelon-bang-15000-puffs-ein-fruchtiger-genuss\/","og_locale":"pl_PL","og_type":"article","og_title":"Erleben Sie die erfrischende Kombination aus s\u00fc\u00dfer Erdbeere und saftiger Wassermelone mit der Strawberry Watermelon Bang 15000 Puffs ein fruchtiger Genuss | ElementVape.de","og_description":"Wir bieten Erleben Sie die erfrischende Kombination aus s\u00fc\u00dfer Erdbeere und saftiger Wassermelone mit der Strawberry Watermelon Bang 15000 Puffs ein fruchtiger Genuss , Elementvape.de akzeptieren Gro\u00df-und Einzelhandel Bestellungen.","og_url":"https:\/\/www.elementvape.de\/pl\/produkt\/erleben-sie-die-erfrischende-kombination-aus-suesser-erdbeere-und-saftiger-wassermelone-mit-der-strawberry-watermelon-bang-15000-puffs-ein-fruchtiger-genuss\/","og_site_name":"ElementVape.de","article_modified_time":"2024-10-10T02:10:03+00:00","og_image":[{"width":1681,"height":1020,"url":"https:\/\/www.elementvape.de\/wp-content\/uploads\/2024\/09\/Strawberry-Watermelon-8.jpg","type":"image\/jpeg"}],"twitter_card":"summary_large_image","twitter_misc":{"Est. reading time":"7 minut"},"schema":{"@context":"https:\/\/schema.org","@graph":[{"@type":"WebPage","@id":"https:\/\/www.elementvape.de\/nl\/produkt\/erleben-sie-die-erfrischende-kombination-aus-suesser-erdbeere-und-saftiger-wassermelone-mit-der-strawberry-watermelon-bang-15000-puffs-ein-fruchtiger-genuss\/","url":"https:\/\/www.elementvape.de\/nl\/produkt\/erleben-sie-die-erfrischende-kombination-aus-suesser-erdbeere-und-saftiger-wassermelone-mit-der-strawberry-watermelon-bang-15000-puffs-ein-fruchtiger-genuss\/","name":"Erleben Sie die erfrischende Kombination aus s\u00fc\u00dfer Erdbeere und saftiger Wassermelone mit der Strawberry Watermelon Bang 15000 Puffs ein fruchtiger Genuss | ElementVape.de","isPartOf":{"@id":"https:\/\/www.elementvape.de\/#website"},"primaryImageOfPage":{"@id":"https:\/\/www.elementvape.de\/nl\/produkt\/erleben-sie-die-erfrischende-kombination-aus-suesser-erdbeere-und-saftiger-wassermelone-mit-der-strawberry-watermelon-bang-15000-puffs-ein-fruchtiger-genuss\/#primaryimage"},"image":{"@id":"https:\/\/www.elementvape.de\/nl\/produkt\/erleben-sie-die-erfrischende-kombination-aus-suesser-erdbeere-und-saftiger-wassermelone-mit-der-strawberry-watermelon-bang-15000-puffs-ein-fruchtiger-genuss\/#primaryimage"},"thumbnailUrl":"https:\/\/www.elementvape.de\/wp-content\/uploads\/2024\/09\/Strawberry-Watermelon-8.jpg","datePublished":"2024-09-23T08:00:50+00:00","dateModified":"2024-10-10T02:10:03+00:00","description":"Wir bieten Erleben Sie die erfrischende Kombination aus s\u00fc\u00dfer Erdbeere und saftiger Wassermelone mit der Strawberry Watermelon Bang 15000 Puffs ein fruchtiger Genuss , Elementvape.de akzeptieren Gro\u00df-und Einzelhandel Bestellungen.","breadcrumb":{"@id":"https:\/\/www.elementvape.de\/nl\/produkt\/erleben-sie-die-erfrischende-kombination-aus-suesser-erdbeere-und-saftiger-wassermelone-mit-der-strawberry-watermelon-bang-15000-puffs-ein-fruchtiger-genuss\/#breadcrumb"},"inLanguage":"pl-PL","potentialAction":[{"@type":"ReadAction","target":["https:\/\/www.elementvape.de\/nl\/produkt\/erleben-sie-die-erfrischende-kombination-aus-suesser-erdbeere-und-saftiger-wassermelone-mit-der-strawberry-watermelon-bang-15000-puffs-ein-fruchtiger-genuss\/"]}]},{"@type":"ImageObject","inLanguage":"pl-PL","@id":"https:\/\/www.elementvape.de\/nl\/produkt\/erleben-sie-die-erfrischende-kombination-aus-suesser-erdbeere-und-saftiger-wassermelone-mit-der-strawberry-watermelon-bang-15000-puffs-ein-fruchtiger-genuss\/#primaryimage","url":"https:\/\/www.elementvape.de\/wp-content\/uploads\/2024\/09\/Strawberry-Watermelon-8.jpg","contentUrl":"https:\/\/www.elementvape.de\/wp-content\/uploads\/2024\/09\/Strawberry-Watermelon-8.jpg","width":1681,"height":1020,"caption":"Strawberry Watermelon"},{"@type":"BreadcrumbList","@id":"https:\/\/www.elementvape.de\/nl\/produkt\/erleben-sie-die-erfrischende-kombination-aus-suesser-erdbeere-und-saftiger-wassermelone-mit-der-strawberry-watermelon-bang-15000-puffs-ein-fruchtiger-genuss\/#breadcrumb","itemListElement":[{"@type":"ListItem","position":1,"name":"Home","item":"https:\/\/www.elementvape.de\/"},{"@type":"ListItem","position":2,"name":"Shop","item":"https:\/\/www.elementvape.de\/shop\/"},{"@type":"ListItem","position":3,"name":"Erleben Sie die erfrischende Kombination aus s\u00fc\u00dfer Erdbeere und saftiger Wassermelone mit der Strawberry Watermelon Bang 15000 Puffs ein fruchtiger Genuss"}]},{"@type":"WebSite","@id":"https:\/\/www.elementvape.de\/#website","url":"https:\/\/www.elementvape.de\/","name":"ElementVape.de","description":"","publisher":{"@id":"https:\/\/www.elementvape.de\/#organization"},"potentialAction":[{"@type":"SearchAction","target":{"@type":"EntryPoint","urlTemplate":"https:\/\/www.elementvape.de\/?s={search_term_string}"},"query-input":"required name=search_term_string"}],"inLanguage":"pl-PL"},{"@type":"Organization","@id":"https:\/\/www.elementvape.de\/#organization","name":"ElementVape.DE","url":"https:\/\/www.elementvape.de\/","logo":{"@type":"ImageObject","inLanguage":"pl-PL","@id":"https:\/\/www.elementvape.de\/#\/schema\/logo\/image\/","url":"https:\/\/www.elementvape.de\/wp-content\/uploads\/2024\/09\/cropped-1elementvape-3.png","contentUrl":"https:\/\/www.elementvape.de\/wp-content\/uploads\/2024\/09\/cropped-1elementvape-3.png","width":285,"height":228,"caption":"ElementVape.DE"},"image":{"@id":"https:\/\/www.elementvape.de\/#\/schema\/logo\/image\/"}}]}},"_links":{"self":[{"href":"https:\/\/www.elementvape.de\/pl\/wp-json\/wp\/v2\/product\/14577"}],"collection":[{"href":"https:\/\/www.elementvape.de\/pl\/wp-json\/wp\/v2\/product"}],"about":[{"href":"https:\/\/www.elementvape.de\/pl\/wp-json\/wp\/v2\/types\/product"}],"wp:featuredmedia":[{"embeddable":true,"href":"https:\/\/www.elementvape.de\/pl\/wp-json\/wp\/v2\/media\/14553"}],"wp:attachment":[{"href":"https:\/\/www.elementvape.de\/pl\/wp-json\/wp\/v2\/media?parent=14577"}],"wp:term":[{"taxonomy":"product_cat","embeddable":true,"href":"https:\/\/www.elementvape.de\/pl\/wp-json\/wp\/v2\/product_cat?post=14577"},{"taxonomy":"product_tag","embeddable":true,"href":"https:\/\/www.elementvape.de\/pl\/wp-json\/wp\/v2\/product_tag?post=14577"}],"curies":[{"name":"wp","href":"https:\/\/api.w.org\/{rel}","templated":true}]}}