{"id":14523,"date":"2024-09-23T03:03:42","date_gmt":"2024-09-23T03:03:42","guid":{"rendered":"https:\/\/www.elementvape.de\/?post_type=product&#038;p=14523"},"modified":"2024-10-10T02:55:24","modified_gmt":"2024-10-10T02:55:24","slug":"geniessen-sie-die-belebende-mischung-aus-intensiven-fruchtaromen-und-frischem-menthol-mit-der-bang-tick-tock-20000-puffs-blackdragon-ice","status":"publish","type":"product","link":"https:\/\/www.elementvape.de\/pl\/produkt\/geniessen-sie-die-belebende-mischung-aus-intensiven-fruchtaromen-und-frischem-menthol-mit-der-bang-tick-tock-20000-puffs-blackdragon-ice\/","title":{"rendered":"Ciesz si\u0119 orze\u017awiaj\u0105c\u0105 mieszank\u0105 intensywnych aromat\u00f3w owocowych i \u015bwie\u017cego mentolu z BANG Tick Tock 20000 Puffs Blackdragon Ice"},"content":{"rendered":"<h2>Ciesz si\u0119 orze\u017awiaj\u0105c\u0105 mieszank\u0105 intensywnych aromat\u00f3w owocowych i \u015bwie\u017cego mentolu z BANG Tick Tock 20000 Puffs Blackdragon Ice<\/h2>\n<p>W dynamicznym \u015bwiecie <strong><a href=\"https:\/\/www.elementvape.de\/pl\/\" target=\"_blank\" rel=\"noopener\">palenia<\/a><\/strong> wa\u017cne jest, aby znale\u017a\u0107 produkty, kt\u00f3re przekonuj\u0105 zar\u00f3wno pod wzgl\u0119dem smaku, jak i jako\u015bci. BANG Tick Tock 20000 Puffs Blackdragon Ice stanowi w tym zakresie wyj\u0105tkowy nowy produkt. Ta vape \u0142\u0105czy intensywne owocowe aromaty z orze\u017awiaj\u0105cym kopni\u0119ciem mentolu i obiecuje niezr\u00f3wnane do\u015bwiadczenie parowania, kt\u00f3re zachwyci zar\u00f3wno pocz\u0105tkuj\u0105cych, jak i do\u015bwiadczonych vaper\u00f3w. W tym obszerne artykule przyjrzymy si\u0119 wielu aspektom tego produktu, pocz\u0105wszy od unikalnego smaku a\u017c po techniczne cechy, kt\u00f3re czyni\u0105 go jedn\u0105 z najlepszych opcji na rynku.<\/p>\n<h4>Intensywny aromat owocowy<\/h4>\n<p>Blackdragon Ice jest znany z intensywnej owocowo\u015bci, kt\u00f3ra ujawnia si\u0119 przy ka\u017cdym zaci\u0105gni\u0119ciu. Aromaty s\u0105 starannie wybrane i zr\u00f3wnowa\u017cone, aby zapewni\u0107 doznanie smakowe, kt\u00f3re jest zar\u00f3wno s\u0142odkie, jak i orze\u017awiaj\u0105ce. Do\u015bwiadczysz harmonijnej mieszanki r\u00f3\u017cnych owoc\u00f3w, kt\u00f3rych smak jest g\u0142\u0119boki i bogaty.<\/p>\n<p>Soczysta s\u0142odycz owoc\u00f3w, po\u0142\u0105czona z ch\u0142odz\u0105cym mentolem, zapewnia orze\u017awiaj\u0105ce do\u015bwiadczenie parowania. Ta kombinacja jest szczeg\u00f3lnie idealna w gor\u0105ce dni, poniewa\u017c daje uczucie \u015bwie\u017co\u015bci i \u017cywotno\u015bci.<\/p>\n<h4>Orze\u017awiaj\u0105cy mentol<\/h4>\n<p>Dodany mentol to sekret, kt\u00f3ry czyni Blackdragon Ice tak wyj\u0105tkowym. Nadaje ka\u017cdemu zaci\u0105gni\u0119ciu ch\u0142odz\u0105cy akcent, kt\u00f3ry podnosi doznanie smakowe na zupe\u0142nie nowy poziom. Po\u0142\u0105czenie owocowej s\u0142odyczy i orze\u017awiaj\u0105cego mentolu sprawia, \u017ce czujesz si\u0119 \u015bwie\u017cy i o\u017cywiony \u2013 idealny na dzie\u0144 na pla\u017cy lub po prostu dla relaksu po d\u0142ugim dniu pracy.<\/p>\n<h3>Techniczne cechy<\/h3>\n<h4>Wysoka pojemno\u015b\u0107 na chmurki<\/h4>\n<p>Wyj\u0105tkow\u0105 cech\u0105 BANG Tick Tock Blackdragon Ice jest jej imponuj\u0105ca pojemno\u015b\u0107 20 000 zaci\u0105gni\u0119\u0107. Ta du\u017ca liczba zaci\u0105gni\u0119\u0107 to du\u017ca zaleta dla vaper\u00f3w, kt\u00f3rzy nie chc\u0105 ci\u0105gle szuka\u0107 zapas\u00f3w. Mo\u017cesz cieszy\u0107 si\u0119 ni\u0105 przez d\u0142ugi czas, nie martwi\u0105c si\u0119 o zakup nowych wk\u0142ad\u00f3w.<\/p>\n<p>Dzi\u0119ki tej pojemno\u015bci Blackdragon Ice jest idealny do codziennego u\u017cytku. Niezale\u017cnie od tego, czy pracujesz, czy spotykasz si\u0119 z przyjaci\u00f3\u0142mi, mo\u017cliwo\u015b\u0107<strong><a href=\"https:\/\/www.elementvape.de\/pl\/p-tag\/groesser-oder-gleich-20000-zuege\/\" target=\"_blank\" rel=\"noopener\"> 20000 zaci\u0105gni\u0119\u0107<\/a><\/strong> cieszenia si\u0119 ni\u0105 sprawia, \u017ce parowanie staje si\u0119 bezstresowym do\u015bwiadczeniem.<\/p>\n<h4>Przyjazny dla u\u017cytkownika design<\/h4>\n<p>BANG Tick Tock nie jest tylko pod wzgl\u0119dem smaku wybitny, ale tak\u017ce przyjazny dla u\u017cytkownika. Wyposa\u017cony w wydajny akumulator 650mAh, zapewnia d\u0142ugi czas u\u017cytkowania. Ponadto, port \u0142adowania typu C umo\u017cliwia szybkie i \u0142atwe \u0142adowanie, dzi\u0119ki czemu zawsze jeste\u015b gotowy do cieszenia si\u0119 swoimi ulubionymi smakami.<\/p>\n<p>Kompaktowa i ergonomiczna konstrukcja BANG Tick Tock sprawia, \u017ce \u0142atwo mo\u017cna zabra\u0107 urz\u0105dzenie wsz\u0119dzie. Niezale\u017cnie od tego, czy w kieszeni, czy w r\u0119ku, jest to idealny towarzysz na wycieczki.<\/p>\n<h4>Wyb\u00f3r st\u0119\u017ce\u0144 nikotyny<\/h4>\n<p>Kolejn\u0105 du\u017c\u0105 zalet\u0105 BANG Tick Tock Blackdragon Ice jest dost\u0119pno\u015b\u0107 r\u00f3\u017cnych st\u0119\u017ce\u0144 nikotyny, w tym 2% i 5% nikotynowego soli. Ta elastyczno\u015b\u0107 pozwala dostosowa\u0107 do\u015bwiadczenie parowania do w\u0142asnych preferencji.<\/p>\n<p>Niezale\u017cnie od tego, czy jeste\u015b nowicjuszem w parowaniu, czy do\u015bwiadczonym vaperem, mo\u017cliwo\u015b\u0107 regulacji st\u0119\u017cenia nikotyny daje Ci wolno\u015b\u0107 cieszenia si\u0119 parowaniem wed\u0142ug w\u0142asnych upodoba\u0144. Dla pocz\u0105tkuj\u0105cych idealne jest ni\u017csze st\u0119\u017cenie nikotyny, podczas gdy do\u015bwiadczeni vaperzy mog\u0105 preferowa\u0107 mocniejsz\u0105 wersj\u0119.<\/p>\n<h3>Idealny towarzysz<\/h3>\n<p>BANG Tick Tock 20000 Puffs Blackdragon Ice to idealny towarzysz na ka\u017cd\u0105 okazj\u0119. Niezale\u017cnie od tego, czy relaksujesz si\u0119 w domu, pracujesz w biurze, czy wychodzisz z przyjaci\u00f3\u0142mi \u2013 ten produkt zapewni Ci potrzebne orze\u017awienie.<\/p>\n<p>Po\u0142\u0105czenie intensywnych aromat\u00f3w owocowych i ch\u0142odz\u0105cego mentolu czyni Blackdragon Ice doskona\u0142ym wyborem na ka\u017cd\u0105 por\u0119 roku. Latem zapewnia niezb\u0119dn\u0105 orze\u017awienie, a zim\u0105 daje przyjemne uczucie ciep\u0142a i satysfakcji.<\/p>\n<h3>Zastosowania<\/h3>\n<p>Wszechstronna BANG Tick Tock nadaje si\u0119 na r\u00f3\u017cne okazje. Oto kilka sytuacji, w kt\u00f3rych szczeg\u00f3lnie mo\u017cna cieszy\u0107 si\u0119 parowaniem z Blackdragon Ice:<\/p>\n<p>1. Relaksuj\u0105ce wieczory z przyjaci\u00f3\u0142mi<\/p>\n<p>Niezale\u017cnie od tego, czy to wiecz\u00f3r grillowy w ogrodzie, czy przytulny wiecz\u00f3r na tarasie \u2013 BANG Tick Tock Blackdragon Ice jest idealnym towarzyszem. Owocowe aromaty i orze\u017awiaj\u0105cy kopni\u0119cie mentolu zapewniaj\u0105 dobry nastr\u00f3j i towarzysk\u0105 atmosfer\u0119. Podziel si\u0119 swoimi do\u015bwiadczeniami z przyjaci\u00f3\u0142mi i odkrywajcie wsp\u00f3lnie nowe smaki.<\/p>\n<p>Dzi\u0119ki kompaktowej konstrukcji mo\u017cesz bez problemu schowa\u0107 BANG Tick Tock Blackdragon Ice do torby lub plecaka. Idealne na dzie\u0144 na \u015bwie\u017cym powietrzu, podczas podr\u00f3\u017cy lub po prostu na szybkie zaspokojenie g\u0142odu podczas przerwy obiadowej. Niezale\u017cnie od miejsca, Blackdragon Ice zapewnia orze\u017awiaj\u0105cy odpoczynek.<\/p>\n<p>Relaks po d\u0142ugim dniu pracy<\/p>\n<p>Po stresuj\u0105cym dniu nie ma nic lepszego ni\u017c relaks z BANG Tick Tock Blackdragon Ice. Po\u0142\u0105czenie s\u0142odkich owoc\u00f3w i ch\u0142odz\u0105cego mentolu oferuje mile widziane orze\u017awienie, kt\u00f3re pomaga zredukowa\u0107 stres i o\u017cywi\u0107 zmys\u0142y.<\/p>\n<p>BANG Tick Tock 20000 Puffs Blackdragon Ice to wyr\u00f3\u017cniaj\u0105cy si\u0119 produkt, kt\u00f3ry \u0142\u0105czy intensywny smak, du\u017c\u0105 pojemno\u015b\u0107 chmur i \u0142atwo\u015b\u0107 u\u017cytkowania. Orze\u017awiaj\u0105ca mieszanka owocowych aromat\u00f3w i od\u015bwie\u017caj\u0105cego mentolu sprawia, \u017ce palenie jest niezr\u00f3wnanym do\u015bwiadczeniem.<\/p>\n<p>Niezale\u017cnie od tego, czy jeste\u015b do\u015bwiadczonym vaperem, czy dopiero zaczynasz, Blackdragon Ice zachwyci Ci\u0119 swoim unikalnym smakiem i trwa\u0142o\u015bci\u0105. Wypr\u00f3buj BANG Tick Tock i odkryj, jak satysfakcjonuj\u0105ce i od\u015bwie\u017caj\u0105ce mo\u017ce by\u0107 palenie! Zanurz si\u0119 w \u015bwiat BANG Tick Tock i ciesz si\u0119 ka\u017cdym zaci\u0105gni\u0119ciem w pe\u0142ni.<\/p>","protected":false},"excerpt":{"rendered":"<p>Genie\u00dfen Sie die belebende Mischung aus intensiven Fruchtaromen und frischem Menthol mit der BANG Tick Tock 20000 Puffs Blackdragon Ice In der dynamischen Welt des Dampfens ist es entscheidend, Produkte zu finden, die sowohl geschmacklich als auch qualitativ \u00fcberzeugen. Die BANG Tick Tock 20000 Puffs Blackdragon Ice stellt in dieser Hinsicht einen herausragenden Neuzugang dar. [&hellip;]<\/p>","protected":false},"featured_media":14504,"template":"","meta":{"inline_featured_image":false},"product_cat":[15,762,739,743,744,755,738,751],"product_tag":[710,725],"tiered_pricing_type":"fixed","tiered_pricing_fixed_rules":{"60":"9.4","110":"8.35","200":"7.31"},"tiered_pricing_percentage_rules":[],"tiered_pricing_minimum":1,"_administrator_tiered_pricing_type":"fixed","_administrator_tiered_pricing_fixed_rules":[],"_editor_tiered_pricing_type":"fixed","_editor_tiered_pricing_fixed_rules":[],"_author_tiered_pricing_type":"fixed","_author_tiered_pricing_fixed_rules":[],"_contributor_tiered_pricing_type":"fixed","_contributor_tiered_pricing_fixed_rules":[],"_subscriber_tiered_pricing_type":"fixed","_subscriber_tiered_pricing_fixed_rules":[],"_customer_tiered_pricing_type":"fixed","_customer_tiered_pricing_fixed_rules":[],"_shop_manager_tiered_pricing_type":"fixed","_shop_manager_tiered_pricing_fixed_rules":[],"_wpseo_manager_tiered_pricing_type":"fixed","_wpseo_manager_tiered_pricing_fixed_rules":[],"_wpseo_editor_tiered_pricing_type":"fixed","_wpseo_editor_tiered_pricing_fixed_rules":[],"_wholesale_customer_tiered_pricing_type":"fixed","_wholesale_customer_tiered_pricing_fixed_rules":[],"_marketer_tiered_pricing_type":"fixed","_marketer_tiered_pricing_fixed_rules":[],"_sales_manager_tiered_pricing_type":"fixed","_sales_manager_tiered_pricing_fixed_rules":[],"_sales_rep_tiered_pricing_type":"fixed","_sales_rep_tiered_pricing_fixed_rules":[],"yoast_head":"<!-- This site is optimized with the Yoast SEO plugin v23.3 - https:\/\/yoast.com\/wordpress\/plugins\/seo\/ -->\n<title>Genie\u00dfen Sie die belebende Mischung aus intensiven Fruchtaromen und frischem Menthol mit der BANG Tick Tock 20000 Puffs Blackdragon Ice | ElementVape.de<\/title>\n<meta name=\"description\" content=\"Wir bieten Genie\u00dfen Sie die belebende Mischung aus intensiven Fruchtaromen und frischem Menthol mit der BANG Tick Tock 20000 Puffs Blackdragon Ice , Elementvape.de akzeptieren Gro\u00df-und Einzelhandel Bestellungen.\" \/>\n<meta name=\"robots\" content=\"index, follow, max-snippet:-1, max-image-preview:large, max-video-preview:-1\" \/>\n<link rel=\"canonical\" href=\"https:\/\/www.elementvape.de\/pl\/produkt\/geniessen-sie-die-belebende-mischung-aus-intensiven-fruchtaromen-und-frischem-menthol-mit-der-bang-tick-tock-20000-puffs-blackdragon-ice\/\" \/>\n<meta property=\"og:locale\" content=\"pl_PL\" \/>\n<meta property=\"og:type\" content=\"article\" \/>\n<meta property=\"og:title\" content=\"Genie\u00dfen Sie die belebende Mischung aus intensiven Fruchtaromen und frischem Menthol mit der BANG Tick Tock 20000 Puffs Blackdragon Ice | ElementVape.de\" \/>\n<meta property=\"og:description\" content=\"Wir bieten Genie\u00dfen Sie die belebende Mischung aus intensiven Fruchtaromen und frischem Menthol mit der BANG Tick Tock 20000 Puffs Blackdragon Ice , Elementvape.de akzeptieren Gro\u00df-und Einzelhandel Bestellungen.\" \/>\n<meta property=\"og:url\" content=\"https:\/\/www.elementvape.de\/pl\/produkt\/geniessen-sie-die-belebende-mischung-aus-intensiven-fruchtaromen-und-frischem-menthol-mit-der-bang-tick-tock-20000-puffs-blackdragon-ice\/\" \/>\n<meta property=\"og:site_name\" content=\"ElementVape.de\" \/>\n<meta property=\"article:modified_time\" content=\"2024-10-10T02:55:24+00:00\" \/>\n<meta property=\"og:image\" content=\"https:\/\/www.elementvape.de\/wp-content\/uploads\/2024\/09\/Blackdragon-Ice-scaled.jpg\" \/>\n\t<meta property=\"og:image:width\" content=\"2560\" \/>\n\t<meta property=\"og:image:height\" content=\"1536\" \/>\n\t<meta property=\"og:image:type\" content=\"image\/jpeg\" \/>\n<meta name=\"twitter:card\" content=\"summary_large_image\" \/>\n<meta name=\"twitter:label1\" content=\"Est. reading time\" \/>\n\t<meta name=\"twitter:data1\" content=\"5 minut\" \/>\n<script type=\"application\/ld+json\" class=\"yoast-schema-graph\">{\"@context\":\"https:\/\/schema.org\",\"@graph\":[{\"@type\":\"WebPage\",\"@id\":\"https:\/\/www.elementvape.de\/sk\/produkt\/geniessen-sie-die-belebende-mischung-aus-intensiven-fruchtaromen-und-frischem-menthol-mit-der-bang-tick-tock-20000-puffs-blackdragon-ice\/\",\"url\":\"https:\/\/www.elementvape.de\/sk\/produkt\/geniessen-sie-die-belebende-mischung-aus-intensiven-fruchtaromen-und-frischem-menthol-mit-der-bang-tick-tock-20000-puffs-blackdragon-ice\/\",\"name\":\"Genie\u00dfen Sie die belebende Mischung aus intensiven Fruchtaromen und frischem Menthol mit der BANG Tick Tock 20000 Puffs Blackdragon Ice | ElementVape.de\",\"isPartOf\":{\"@id\":\"https:\/\/www.elementvape.de\/#website\"},\"primaryImageOfPage\":{\"@id\":\"https:\/\/www.elementvape.de\/sk\/produkt\/geniessen-sie-die-belebende-mischung-aus-intensiven-fruchtaromen-und-frischem-menthol-mit-der-bang-tick-tock-20000-puffs-blackdragon-ice\/#primaryimage\"},\"image\":{\"@id\":\"https:\/\/www.elementvape.de\/sk\/produkt\/geniessen-sie-die-belebende-mischung-aus-intensiven-fruchtaromen-und-frischem-menthol-mit-der-bang-tick-tock-20000-puffs-blackdragon-ice\/#primaryimage\"},\"thumbnailUrl\":\"https:\/\/www.elementvape.de\/wp-content\/uploads\/2024\/09\/Blackdragon-Ice-scaled.jpg\",\"datePublished\":\"2024-09-23T03:03:42+00:00\",\"dateModified\":\"2024-10-10T02:55:24+00:00\",\"description\":\"Wir bieten Genie\u00dfen Sie die belebende Mischung aus intensiven Fruchtaromen und frischem Menthol mit der BANG Tick Tock 20000 Puffs Blackdragon Ice , Elementvape.de akzeptieren Gro\u00df-und Einzelhandel Bestellungen.\",\"breadcrumb\":{\"@id\":\"https:\/\/www.elementvape.de\/sk\/produkt\/geniessen-sie-die-belebende-mischung-aus-intensiven-fruchtaromen-und-frischem-menthol-mit-der-bang-tick-tock-20000-puffs-blackdragon-ice\/#breadcrumb\"},\"inLanguage\":\"pl-PL\",\"potentialAction\":[{\"@type\":\"ReadAction\",\"target\":[\"https:\/\/www.elementvape.de\/sk\/produkt\/geniessen-sie-die-belebende-mischung-aus-intensiven-fruchtaromen-und-frischem-menthol-mit-der-bang-tick-tock-20000-puffs-blackdragon-ice\/\"]}]},{\"@type\":\"ImageObject\",\"inLanguage\":\"pl-PL\",\"@id\":\"https:\/\/www.elementvape.de\/sk\/produkt\/geniessen-sie-die-belebende-mischung-aus-intensiven-fruchtaromen-und-frischem-menthol-mit-der-bang-tick-tock-20000-puffs-blackdragon-ice\/#primaryimage\",\"url\":\"https:\/\/www.elementvape.de\/wp-content\/uploads\/2024\/09\/Blackdragon-Ice-scaled.jpg\",\"contentUrl\":\"https:\/\/www.elementvape.de\/wp-content\/uploads\/2024\/09\/Blackdragon-Ice-scaled.jpg\",\"width\":2560,\"height\":1536,\"caption\":\"Blackdragon Ice\"},{\"@type\":\"BreadcrumbList\",\"@id\":\"https:\/\/www.elementvape.de\/sk\/produkt\/geniessen-sie-die-belebende-mischung-aus-intensiven-fruchtaromen-und-frischem-menthol-mit-der-bang-tick-tock-20000-puffs-blackdragon-ice\/#breadcrumb\",\"itemListElement\":[{\"@type\":\"ListItem\",\"position\":1,\"name\":\"Home\",\"item\":\"https:\/\/www.elementvape.de\/\"},{\"@type\":\"ListItem\",\"position\":2,\"name\":\"Shop\",\"item\":\"https:\/\/www.elementvape.de\/shop\/\"},{\"@type\":\"ListItem\",\"position\":3,\"name\":\"Genie\u00dfen Sie die belebende Mischung aus intensiven Fruchtaromen und frischem Menthol mit der BANG Tick Tock 20000 Puffs Blackdragon Ice\"}]},{\"@type\":\"WebSite\",\"@id\":\"https:\/\/www.elementvape.de\/#website\",\"url\":\"https:\/\/www.elementvape.de\/\",\"name\":\"ElementVape.de\",\"description\":\"\",\"publisher\":{\"@id\":\"https:\/\/www.elementvape.de\/#organization\"},\"potentialAction\":[{\"@type\":\"SearchAction\",\"target\":{\"@type\":\"EntryPoint\",\"urlTemplate\":\"https:\/\/www.elementvape.de\/?s={search_term_string}\"},\"query-input\":\"required name=search_term_string\"}],\"inLanguage\":\"pl-PL\"},{\"@type\":\"Organization\",\"@id\":\"https:\/\/www.elementvape.de\/#organization\",\"name\":\"ElementVape.DE\",\"url\":\"https:\/\/www.elementvape.de\/\",\"logo\":{\"@type\":\"ImageObject\",\"inLanguage\":\"pl-PL\",\"@id\":\"https:\/\/www.elementvape.de\/#\/schema\/logo\/image\/\",\"url\":\"https:\/\/www.elementvape.de\/wp-content\/uploads\/2024\/09\/cropped-1elementvape-3.png\",\"contentUrl\":\"https:\/\/www.elementvape.de\/wp-content\/uploads\/2024\/09\/cropped-1elementvape-3.png\",\"width\":285,\"height\":228,\"caption\":\"ElementVape.DE\"},\"image\":{\"@id\":\"https:\/\/www.elementvape.de\/#\/schema\/logo\/image\/\"}}]}<\/script>\n<!-- \/ Yoast SEO plugin. -->","yoast_head_json":{"title":"Genie\u00dfen Sie die belebende Mischung aus intensiven Fruchtaromen und frischem Menthol mit der BANG Tick Tock 20000 Puffs Blackdragon Ice | ElementVape.de","description":"Wir bieten Genie\u00dfen Sie die belebende Mischung aus intensiven Fruchtaromen und frischem Menthol mit der BANG Tick Tock 20000 Puffs Blackdragon Ice , Elementvape.de akzeptieren Gro\u00df-und Einzelhandel Bestellungen.","robots":{"index":"index","follow":"follow","max-snippet":"max-snippet:-1","max-image-preview":"max-image-preview:large","max-video-preview":"max-video-preview:-1"},"canonical":"https:\/\/www.elementvape.de\/pl\/produkt\/geniessen-sie-die-belebende-mischung-aus-intensiven-fruchtaromen-und-frischem-menthol-mit-der-bang-tick-tock-20000-puffs-blackdragon-ice\/","og_locale":"pl_PL","og_type":"article","og_title":"Genie\u00dfen Sie die belebende Mischung aus intensiven Fruchtaromen und frischem Menthol mit der BANG Tick Tock 20000 Puffs Blackdragon Ice | ElementVape.de","og_description":"Wir bieten Genie\u00dfen Sie die belebende Mischung aus intensiven Fruchtaromen und frischem Menthol mit der BANG Tick Tock 20000 Puffs Blackdragon Ice , Elementvape.de akzeptieren Gro\u00df-und Einzelhandel Bestellungen.","og_url":"https:\/\/www.elementvape.de\/pl\/produkt\/geniessen-sie-die-belebende-mischung-aus-intensiven-fruchtaromen-und-frischem-menthol-mit-der-bang-tick-tock-20000-puffs-blackdragon-ice\/","og_site_name":"ElementVape.de","article_modified_time":"2024-10-10T02:55:24+00:00","og_image":[{"width":2560,"height":1536,"url":"https:\/\/www.elementvape.de\/wp-content\/uploads\/2024\/09\/Blackdragon-Ice-scaled.jpg","type":"image\/jpeg"}],"twitter_card":"summary_large_image","twitter_misc":{"Est. reading time":"5 minut"},"schema":{"@context":"https:\/\/schema.org","@graph":[{"@type":"WebPage","@id":"https:\/\/www.elementvape.de\/sk\/produkt\/geniessen-sie-die-belebende-mischung-aus-intensiven-fruchtaromen-und-frischem-menthol-mit-der-bang-tick-tock-20000-puffs-blackdragon-ice\/","url":"https:\/\/www.elementvape.de\/sk\/produkt\/geniessen-sie-die-belebende-mischung-aus-intensiven-fruchtaromen-und-frischem-menthol-mit-der-bang-tick-tock-20000-puffs-blackdragon-ice\/","name":"Genie\u00dfen Sie die belebende Mischung aus intensiven Fruchtaromen und frischem Menthol mit der BANG Tick Tock 20000 Puffs Blackdragon Ice | ElementVape.de","isPartOf":{"@id":"https:\/\/www.elementvape.de\/#website"},"primaryImageOfPage":{"@id":"https:\/\/www.elementvape.de\/sk\/produkt\/geniessen-sie-die-belebende-mischung-aus-intensiven-fruchtaromen-und-frischem-menthol-mit-der-bang-tick-tock-20000-puffs-blackdragon-ice\/#primaryimage"},"image":{"@id":"https:\/\/www.elementvape.de\/sk\/produkt\/geniessen-sie-die-belebende-mischung-aus-intensiven-fruchtaromen-und-frischem-menthol-mit-der-bang-tick-tock-20000-puffs-blackdragon-ice\/#primaryimage"},"thumbnailUrl":"https:\/\/www.elementvape.de\/wp-content\/uploads\/2024\/09\/Blackdragon-Ice-scaled.jpg","datePublished":"2024-09-23T03:03:42+00:00","dateModified":"2024-10-10T02:55:24+00:00","description":"Wir bieten Genie\u00dfen Sie die belebende Mischung aus intensiven Fruchtaromen und frischem Menthol mit der BANG Tick Tock 20000 Puffs Blackdragon Ice , Elementvape.de akzeptieren Gro\u00df-und Einzelhandel Bestellungen.","breadcrumb":{"@id":"https:\/\/www.elementvape.de\/sk\/produkt\/geniessen-sie-die-belebende-mischung-aus-intensiven-fruchtaromen-und-frischem-menthol-mit-der-bang-tick-tock-20000-puffs-blackdragon-ice\/#breadcrumb"},"inLanguage":"pl-PL","potentialAction":[{"@type":"ReadAction","target":["https:\/\/www.elementvape.de\/sk\/produkt\/geniessen-sie-die-belebende-mischung-aus-intensiven-fruchtaromen-und-frischem-menthol-mit-der-bang-tick-tock-20000-puffs-blackdragon-ice\/"]}]},{"@type":"ImageObject","inLanguage":"pl-PL","@id":"https:\/\/www.elementvape.de\/sk\/produkt\/geniessen-sie-die-belebende-mischung-aus-intensiven-fruchtaromen-und-frischem-menthol-mit-der-bang-tick-tock-20000-puffs-blackdragon-ice\/#primaryimage","url":"https:\/\/www.elementvape.de\/wp-content\/uploads\/2024\/09\/Blackdragon-Ice-scaled.jpg","contentUrl":"https:\/\/www.elementvape.de\/wp-content\/uploads\/2024\/09\/Blackdragon-Ice-scaled.jpg","width":2560,"height":1536,"caption":"Blackdragon Ice"},{"@type":"BreadcrumbList","@id":"https:\/\/www.elementvape.de\/sk\/produkt\/geniessen-sie-die-belebende-mischung-aus-intensiven-fruchtaromen-und-frischem-menthol-mit-der-bang-tick-tock-20000-puffs-blackdragon-ice\/#breadcrumb","itemListElement":[{"@type":"ListItem","position":1,"name":"Home","item":"https:\/\/www.elementvape.de\/"},{"@type":"ListItem","position":2,"name":"Shop","item":"https:\/\/www.elementvape.de\/shop\/"},{"@type":"ListItem","position":3,"name":"Genie\u00dfen Sie die belebende Mischung aus intensiven Fruchtaromen und frischem Menthol mit der BANG Tick Tock 20000 Puffs Blackdragon Ice"}]},{"@type":"WebSite","@id":"https:\/\/www.elementvape.de\/#website","url":"https:\/\/www.elementvape.de\/","name":"ElementVape.de","description":"","publisher":{"@id":"https:\/\/www.elementvape.de\/#organization"},"potentialAction":[{"@type":"SearchAction","target":{"@type":"EntryPoint","urlTemplate":"https:\/\/www.elementvape.de\/?s={search_term_string}"},"query-input":"required name=search_term_string"}],"inLanguage":"pl-PL"},{"@type":"Organization","@id":"https:\/\/www.elementvape.de\/#organization","name":"ElementVape.DE","url":"https:\/\/www.elementvape.de\/","logo":{"@type":"ImageObject","inLanguage":"pl-PL","@id":"https:\/\/www.elementvape.de\/#\/schema\/logo\/image\/","url":"https:\/\/www.elementvape.de\/wp-content\/uploads\/2024\/09\/cropped-1elementvape-3.png","contentUrl":"https:\/\/www.elementvape.de\/wp-content\/uploads\/2024\/09\/cropped-1elementvape-3.png","width":285,"height":228,"caption":"ElementVape.DE"},"image":{"@id":"https:\/\/www.elementvape.de\/#\/schema\/logo\/image\/"}}]}},"_links":{"self":[{"href":"https:\/\/www.elementvape.de\/pl\/wp-json\/wp\/v2\/product\/14523"}],"collection":[{"href":"https:\/\/www.elementvape.de\/pl\/wp-json\/wp\/v2\/product"}],"about":[{"href":"https:\/\/www.elementvape.de\/pl\/wp-json\/wp\/v2\/types\/product"}],"wp:featuredmedia":[{"embeddable":true,"href":"https:\/\/www.elementvape.de\/pl\/wp-json\/wp\/v2\/media\/14504"}],"wp:attachment":[{"href":"https:\/\/www.elementvape.de\/pl\/wp-json\/wp\/v2\/media?parent=14523"}],"wp:term":[{"taxonomy":"product_cat","embeddable":true,"href":"https:\/\/www.elementvape.de\/pl\/wp-json\/wp\/v2\/product_cat?post=14523"},{"taxonomy":"product_tag","embeddable":true,"href":"https:\/\/www.elementvape.de\/pl\/wp-json\/wp\/v2\/product_tag?post=14523"}],"curies":[{"name":"wp","href":"https:\/\/api.w.org\/{rel}","templated":true}]}}