{"id":14496,"date":"2024-09-21T10:10:18","date_gmt":"2024-09-21T10:10:18","guid":{"rendered":"https:\/\/www.elementvape.de\/?post_type=product&#038;p=14496"},"modified":"2024-10-10T03:12:08","modified_gmt":"2024-10-10T03:12:08","slug":"erleben-sie-25000-zuege-voller-fruchtiger-intensitaet-und-erfrischendem-frost-mit-der-triple-berry-ice-bang-king-delphitreh-fuer-anhaltenden-genuss","status":"publish","type":"product","link":"https:\/\/www.elementvape.de\/pl\/produkt\/erleben-sie-25000-zuege-voller-fruchtiger-intensitaet-und-erfrischendem-frost-mit-der-triple-berry-ice-bang-king-delphitreh-fuer-anhaltenden-genuss\/","title":{"rendered":"Do\u015bwiadcz 25000 zaci\u0105gni\u0119\u0107 pe\u0142nych owocowej intensywno\u015bci i orze\u017awiaj\u0105cego mrozu z Triple Berry Ice Bang King DelphiTreh dla trwa\u0142ej przyjemno\u015bci"},"content":{"rendered":"<p>Triple Berry Ice Bang King DelphiTreh 25000 Puffs oferuje niezr\u00f3wnane do\u015bwiadczenie vapowania, \u0142\u0105cz\u0105c smakowitow\u0105 intensywno\u015b\u0107 trzech jag\u00f3d z orze\u017awiaj\u0105cym mrozem. Z imponuj\u0105cymi <strong><a href=\"https:\/\/www.elementvape.de\/pl\/p-tag\/vaep-25000-zuege\/\" target=\"_blank\" rel=\"noopener\">25000 zaci\u0105gni\u0119\u0107<\/a><\/strong> jest to urz\u0105dzenie idealne dla tych, kt\u00f3rzy szukaj\u0105 d\u0142ugotrwa\u0142ej i smakowitej przyjemno\u015bci.<\/p>\n<p>Triple Berry Ice zachwyca harmonijn\u0105 kombinacj\u0105 s\u0142odkich, owocowych jag\u00f3d i ch\u0142odnej nuty, kt\u00f3ra doskonale dope\u0142nia do\u015bwiadczenie vapowania.<\/p>\n<h4>Intensywne aromaty jag\u00f3d<\/h4>\n<p>Mieszanka truskawek, malin i bor\u00f3wek zapewnia intensywny, owocowy smak, kt\u00f3ry jest s\u0142odki i jednocze\u015bnie orze\u017awiaj\u0105cy. Ka\u017cda jagoda wnosi sw\u00f3j w\u0142asny akcent, co prowadzi do wielowarstwowego i satysfakcjonuj\u0105cego doznania smakowego.<\/p>\n<h4>Ch\u0142odna nuta mentolu<\/h4>\n<p>Mro\u017ana \u015bwie\u017co\u015b\u0107 uzupe\u0142nia jagody i zapewnia od\u015bwie\u017caj\u0105ce uczucie podczas vapowania. Ta kombinacja czyni Triple Berry Ice idealnym wyborem na ciep\u0142e dni lub po prostu, aby o\u017cywi\u0107 podniebienie.<\/p>\n<h3>Cechy techniczne Triple Berry Ice Bang King DelphiTreh 25000 Puffs<\/h3>\n<p>Opr\u00f3cz wy\u015bmienitego smaku, Triple Berry Ice oferuje r\u00f3wnie\u017c imponuj\u0105ce w\u0142a\u015bciwo\u015bci techniczne.<\/p>\n<h4>1. 25 000 puffs \u2013 d\u0142ugotrwa\u0142a przyjemno\u015b\u0107<\/h4>\n<p>Z 25 000 puffs, Triple Berry Ice zapewnia rozleg\u0142e do\u015bwiadczenie vapowania. Niezale\u017cnie od tego, czy jeste\u015b osob\u0105 cz\u0119sto vapuj\u0105c\u0105, czy okazjonalnie, to urz\u0105dzenie zapewni Ci d\u0142ugotrwa\u0142\u0105 satysfakcj\u0119.<\/p>\n<h4>2. System dual-pod z 46 ml e-liquid<\/h4>\n<p>Dual-<strong><a href=\"https:\/\/www.elementvape.de\/pl\/c\/pod\/\" target=\"_blank\" rel=\"noopener\">System Pod<\/a><\/strong> przechowuje \u0142\u0105cznie 46 ml e-liquid, dzi\u0119ki czemu mo\u017cesz cieszy\u0107 si\u0119 vapowaniem bez konieczno\u015bci cz\u0119stego uzupe\u0142niania. Ta du\u017ca pojemno\u015b\u0107 jest idealna na d\u0142ugie sesje vapowania.<\/p>\n<h4>3. Mesh-Coil dla intensywnego smaku<\/h4>\n<p>1.0 Ohm Mesh-Coil zapewnia r\u00f3wnomierne podgrzewanie e-liquidu, co sprawia, \u017ce mieszanka jag\u00f3d jest jeszcze bardziej intensywna i satysfakcjonuj\u0105ca. Owocowy smak pozostaje przez ca\u0142y czas i zapewnia sp\u00f3jne do\u015bwiadczenie vapowania.<\/p>\n<h4>4. Wielokrotnie \u0142adowana bateria 650mAh z portem Typ-C<\/h4>\n<p>Bateria 650mAh dostarcza wystarczaj\u0105co energii na d\u0142ugie sesje vapowania. Port \u0142adowania Typ-C umo\u017cliwia szybkie i \u0142atwe \u0142adowanie, dzi\u0119ki czemu zawsze jeste\u015b gotowy na kolejn\u0105 przyjemno\u015b\u0107.<\/p>\n<h3>Przyjazno\u015b\u0107 dla u\u017cytkownika i obs\u0142uga<\/h3>\n<p>Triple Berry Ice Bang King jest nie tylko wydajne, ale tak\u017ce przyjazne dla u\u017cytkownika.<\/p>\n<h4>1. Natychmiastowa gotowo\u015b\u0107 do u\u017cycia<\/h4>\n<p>Urz\u0105dzenie jest gotowe do u\u017cycia od razu po wyj\u0119ciu z opakowania i nie wymaga skomplikowanych ustawie\u0144. Wystarczy je wyj\u0105\u0107 i cieszy\u0107 si\u0119 orze\u017awiaj\u0105c\u0105 eksplozj\u0105 jag\u00f3d.<\/p>\n<h4>2. Kompaktowa i przeno\u015bna konstrukcja<\/h4>\n<p>Dzi\u0119ki lekkiej i kompaktowej konstrukcji Triple Berry Ice Bang King jest idealnym towarzyszem w podr\u00f3\u017cy. Bez problemu mie\u015bci si\u0119 w ka\u017cdej torbie i jest doskona\u0142y na wycieczki lub codzienne u\u017cytkowanie.<\/p>\n<p>Wysoka liczba zaci\u0105gni\u0119\u0107 i du\u017ca pojemno\u015b\u0107 e-liquid zapewniaj\u0105 sta\u0142e i intensywne doznania smakowe. Od pierwszego do ostatniego zaci\u0105gni\u0119cia mieszanka jag\u00f3d pozostaje \u015bwie\u017ca i atrakcyjna.<\/p>\n<p>Z 25 000 zaci\u0105gni\u0119ciami i systemem Dual-Pod ta e-papieros zapewnia niezawodno\u015b\u0107 i trwa\u0142o\u015b\u0107 dla wszystkich palaczy, kt\u00f3rzy poszukuj\u0105 produktu wysokiej jako\u015bci.<\/p>\n<h4>3. Darmowa wysy\u0142ka i bezpo\u015brednia dostawa do kraj\u00f3w UE<\/h4>\n<p>Skorzystaj z zalet bezc\u0142owej wysy\u0142ki do UE, dzi\u0119ki czemu mo\u017cesz wygodnie zam\u00f3wi\u0107 Triple Berry Ice do domu, nie martwi\u0105c si\u0119 o dodatkowe koszty.<\/p>\n<p>Aby zmaksymalizowa\u0107 do\u015bwiadczenie z palenia Triple Berry Ice, zwr\u00f3\u0107 uwag\u0119 na nast\u0119puj\u0105ce wskaz\u00f3wki:<\/p>\n<h4>1. Odpowiednie przechowywanie<\/h4>\n<p>Przechowuj urz\u0105dzenie w ch\u0142odnym, suchym miejscu, aby zachowa\u0107 jako\u015b\u0107 e-liquid. Unikaj bezpo\u015bredniego nas\u0142onecznienia, aby utrzyma\u0107 \u015bwie\u017co\u015b\u0107 smaku.<\/p>\n<h4>2. Regularne \u0142adowanie<\/h4>\n<p>Upewnij si\u0119, \u017ce regularnie \u0142adujesz urz\u0105dzenie, aby m\u00f3c pali\u0107 w ka\u017cdej chwili. Funkcja \u0142adowania Typ-C umo\u017cliwia szybkie i bezproblemowe \u0142adowanie.<\/p>\n<p>Aby d\u0142u\u017cej zachowa\u0107 \u015bwie\u017co\u015b\u0107 smaku, pal w umiarkowanych ilo\u015bciach i unikaj ekstremalnego palenia, aby nie szybciej zu\u017cywa\u0107 pojemno\u015b\u0107 e-liquid.<\/p>\n<p>Triple Berry Ice Bang King DelphiTreh 25000 Zaci\u0105gni\u0119\u0107 to idealny wyb\u00f3r dla palaczy, kt\u00f3rzy kochaj\u0105 owocowe i orze\u017awiaj\u0105ce aromaty. Po\u0142\u0105czenie s\u0142odkich jag\u00f3d i ch\u0142odnej nuty mentolu zapewnia unikalne doznania, kt\u00f3re zachwycaj\u0105 zar\u00f3wno pod wzgl\u0119dem smaku, jak i technologii.<\/p>\n<p>Dzi\u0119ki wysokiej liczbie zaci\u0105gni\u0119\u0107, systemowi Dual-Pod i rezystorowi Mesh 1.0 Ohm ta e-papieros jest idealny dla tych, kt\u00f3rzy szukaj\u0105 d\u0142ugotrwa\u0142ej przyjemno\u015bci i intensywnego smaku. Dzi\u0119ki szybkiemu i bezc\u0142owemu wysy\u0142aniu do UE mo\u017cesz wygodnie i bezproblemowo zam\u00f3wi\u0107 Triple Berry Ice. Pozw\u00f3l sobie na orze\u017awiaj\u0105c\u0105 eksplozj\u0119 jag\u00f3d i do\u015bwiadcz niezr\u00f3wnanych wra\u017ce\u0144 palenia!<\/p>","protected":false},"excerpt":{"rendered":"<p>Die Triple Berry Ice Bang King DelphiTreh 25000 Puffs bietet ein unvergleichliches Dampferlebnis, das die k\u00f6stliche Intensit\u00e4t dreier Beeren mit einem erfrischenden Frost vereint. Mit beeindruckenden 25000 Z\u00fcgen ist dieses Ger\u00e4t perfekt f\u00fcr alle, die einen langanhaltenden und geschmackvollen Genuss suchen. Die Triple Berry Ice begeistert mit einer harmonischen Kombination aus s\u00fc\u00dfen, fruchtigen Beeren und [&hellip;]<\/p>","protected":false},"featured_media":14483,"template":"","meta":{"inline_featured_image":false},"product_cat":[15,767,739,743,744,755,738,751],"product_tag":[710,768],"tiered_pricing_type":"fixed","tiered_pricing_fixed_rules":{"60":"7.26","110":"6.46","200":"5.65"},"tiered_pricing_percentage_rules":[],"tiered_pricing_minimum":1,"_administrator_tiered_pricing_type":"fixed","_administrator_tiered_pricing_fixed_rules":[],"_editor_tiered_pricing_type":"fixed","_editor_tiered_pricing_fixed_rules":[],"_author_tiered_pricing_type":"fixed","_author_tiered_pricing_fixed_rules":[],"_contributor_tiered_pricing_type":"fixed","_contributor_tiered_pricing_fixed_rules":[],"_subscriber_tiered_pricing_type":"fixed","_subscriber_tiered_pricing_fixed_rules":[],"_customer_tiered_pricing_type":"fixed","_customer_tiered_pricing_fixed_rules":[],"_shop_manager_tiered_pricing_type":"fixed","_shop_manager_tiered_pricing_fixed_rules":[],"_wpseo_manager_tiered_pricing_type":"fixed","_wpseo_manager_tiered_pricing_fixed_rules":[],"_wpseo_editor_tiered_pricing_type":"fixed","_wpseo_editor_tiered_pricing_fixed_rules":[],"_wholesale_customer_tiered_pricing_type":"fixed","_wholesale_customer_tiered_pricing_fixed_rules":[],"_marketer_tiered_pricing_type":"fixed","_marketer_tiered_pricing_fixed_rules":[],"_sales_manager_tiered_pricing_type":"fixed","_sales_manager_tiered_pricing_fixed_rules":[],"_sales_rep_tiered_pricing_type":"fixed","_sales_rep_tiered_pricing_fixed_rules":[],"yoast_head":"<!-- This site is optimized with the Yoast SEO plugin v23.3 - https:\/\/yoast.com\/wordpress\/plugins\/seo\/ -->\n<title>Erleben Sie 25000 Z\u00fcge voller fruchtiger Intensit\u00e4t und erfrischendem Frost mit der Triple Berry Ice Bang King DelphiTreh f\u00fcr anhaltenden Genuss | ElementVape.de<\/title>\n<meta name=\"description\" content=\"Wir bieten Erleben Sie 25000 Z\u00fcge voller fruchtiger Intensit\u00e4t und erfrischendem Frost mit der Triple Berry Ice Bang King DelphiTreh f\u00fcr anhaltenden Genuss , Elementvape.de akzeptieren Gro\u00df-und Einzelhandel Bestellungen.\" \/>\n<meta name=\"robots\" content=\"index, follow, max-snippet:-1, max-image-preview:large, max-video-preview:-1\" \/>\n<link rel=\"canonical\" href=\"https:\/\/www.elementvape.de\/pl\/produkt\/erleben-sie-25000-zuege-voller-fruchtiger-intensitaet-und-erfrischendem-frost-mit-der-triple-berry-ice-bang-king-delphitreh-fuer-anhaltenden-genuss\/\" \/>\n<meta property=\"og:locale\" content=\"pl_PL\" \/>\n<meta property=\"og:type\" content=\"article\" \/>\n<meta property=\"og:title\" content=\"Erleben Sie 25000 Z\u00fcge voller fruchtiger Intensit\u00e4t und erfrischendem Frost mit der Triple Berry Ice Bang King DelphiTreh f\u00fcr anhaltenden Genuss | ElementVape.de\" \/>\n<meta property=\"og:description\" content=\"Wir bieten Erleben Sie 25000 Z\u00fcge voller fruchtiger Intensit\u00e4t und erfrischendem Frost mit der Triple Berry Ice Bang King DelphiTreh f\u00fcr anhaltenden Genuss , Elementvape.de akzeptieren Gro\u00df-und Einzelhandel Bestellungen.\" \/>\n<meta property=\"og:url\" content=\"https:\/\/www.elementvape.de\/pl\/produkt\/erleben-sie-25000-zuege-voller-fruchtiger-intensitaet-und-erfrischendem-frost-mit-der-triple-berry-ice-bang-king-delphitreh-fuer-anhaltenden-genuss\/\" \/>\n<meta property=\"og:site_name\" content=\"ElementVape.de\" \/>\n<meta property=\"article:modified_time\" content=\"2024-10-10T03:12:08+00:00\" \/>\n<meta property=\"og:image\" content=\"https:\/\/www.elementvape.de\/wp-content\/uploads\/2024\/09\/Triple-Berry-Ice-1-scaled.jpg\" \/>\n\t<meta property=\"og:image:width\" content=\"2560\" \/>\n\t<meta property=\"og:image:height\" content=\"1742\" \/>\n\t<meta property=\"og:image:type\" content=\"image\/jpeg\" \/>\n<meta name=\"twitter:card\" content=\"summary_large_image\" \/>\n<meta name=\"twitter:label1\" content=\"Est. reading time\" \/>\n\t<meta name=\"twitter:data1\" content=\"4 minuty\" \/>\n<script type=\"application\/ld+json\" class=\"yoast-schema-graph\">{\"@context\":\"https:\/\/schema.org\",\"@graph\":[{\"@type\":\"WebPage\",\"@id\":\"https:\/\/www.elementvape.de\/lt\/produkt\/erleben-sie-25000-zuege-voller-fruchtiger-intensitaet-und-erfrischendem-frost-mit-der-triple-berry-ice-bang-king-delphitreh-fuer-anhaltenden-genuss\/\",\"url\":\"https:\/\/www.elementvape.de\/lt\/produkt\/erleben-sie-25000-zuege-voller-fruchtiger-intensitaet-und-erfrischendem-frost-mit-der-triple-berry-ice-bang-king-delphitreh-fuer-anhaltenden-genuss\/\",\"name\":\"Erleben Sie 25000 Z\u00fcge voller fruchtiger Intensit\u00e4t und erfrischendem Frost mit der Triple Berry Ice Bang King DelphiTreh f\u00fcr anhaltenden Genuss | ElementVape.de\",\"isPartOf\":{\"@id\":\"https:\/\/www.elementvape.de\/#website\"},\"primaryImageOfPage\":{\"@id\":\"https:\/\/www.elementvape.de\/lt\/produkt\/erleben-sie-25000-zuege-voller-fruchtiger-intensitaet-und-erfrischendem-frost-mit-der-triple-berry-ice-bang-king-delphitreh-fuer-anhaltenden-genuss\/#primaryimage\"},\"image\":{\"@id\":\"https:\/\/www.elementvape.de\/lt\/produkt\/erleben-sie-25000-zuege-voller-fruchtiger-intensitaet-und-erfrischendem-frost-mit-der-triple-berry-ice-bang-king-delphitreh-fuer-anhaltenden-genuss\/#primaryimage\"},\"thumbnailUrl\":\"https:\/\/www.elementvape.de\/wp-content\/uploads\/2024\/09\/Triple-Berry-Ice-1-scaled.jpg\",\"datePublished\":\"2024-09-21T10:10:18+00:00\",\"dateModified\":\"2024-10-10T03:12:08+00:00\",\"description\":\"Wir bieten Erleben Sie 25000 Z\u00fcge voller fruchtiger Intensit\u00e4t und erfrischendem Frost mit der Triple Berry Ice Bang King DelphiTreh f\u00fcr anhaltenden Genuss , Elementvape.de akzeptieren Gro\u00df-und Einzelhandel Bestellungen.\",\"breadcrumb\":{\"@id\":\"https:\/\/www.elementvape.de\/lt\/produkt\/erleben-sie-25000-zuege-voller-fruchtiger-intensitaet-und-erfrischendem-frost-mit-der-triple-berry-ice-bang-king-delphitreh-fuer-anhaltenden-genuss\/#breadcrumb\"},\"inLanguage\":\"pl-PL\",\"potentialAction\":[{\"@type\":\"ReadAction\",\"target\":[\"https:\/\/www.elementvape.de\/lt\/produkt\/erleben-sie-25000-zuege-voller-fruchtiger-intensitaet-und-erfrischendem-frost-mit-der-triple-berry-ice-bang-king-delphitreh-fuer-anhaltenden-genuss\/\"]}]},{\"@type\":\"ImageObject\",\"inLanguage\":\"pl-PL\",\"@id\":\"https:\/\/www.elementvape.de\/lt\/produkt\/erleben-sie-25000-zuege-voller-fruchtiger-intensitaet-und-erfrischendem-frost-mit-der-triple-berry-ice-bang-king-delphitreh-fuer-anhaltenden-genuss\/#primaryimage\",\"url\":\"https:\/\/www.elementvape.de\/wp-content\/uploads\/2024\/09\/Triple-Berry-Ice-1-scaled.jpg\",\"contentUrl\":\"https:\/\/www.elementvape.de\/wp-content\/uploads\/2024\/09\/Triple-Berry-Ice-1-scaled.jpg\",\"width\":2560,\"height\":1742,\"caption\":\"Triple Berry Ice\"},{\"@type\":\"BreadcrumbList\",\"@id\":\"https:\/\/www.elementvape.de\/lt\/produkt\/erleben-sie-25000-zuege-voller-fruchtiger-intensitaet-und-erfrischendem-frost-mit-der-triple-berry-ice-bang-king-delphitreh-fuer-anhaltenden-genuss\/#breadcrumb\",\"itemListElement\":[{\"@type\":\"ListItem\",\"position\":1,\"name\":\"Home\",\"item\":\"https:\/\/www.elementvape.de\/\"},{\"@type\":\"ListItem\",\"position\":2,\"name\":\"Shop\",\"item\":\"https:\/\/www.elementvape.de\/shop\/\"},{\"@type\":\"ListItem\",\"position\":3,\"name\":\"Erleben Sie 25000 Z\u00fcge voller fruchtiger Intensit\u00e4t und erfrischendem Frost mit der Triple Berry Ice Bang King DelphiTreh f\u00fcr anhaltenden Genuss\"}]},{\"@type\":\"WebSite\",\"@id\":\"https:\/\/www.elementvape.de\/#website\",\"url\":\"https:\/\/www.elementvape.de\/\",\"name\":\"ElementVape.de\",\"description\":\"\",\"publisher\":{\"@id\":\"https:\/\/www.elementvape.de\/#organization\"},\"potentialAction\":[{\"@type\":\"SearchAction\",\"target\":{\"@type\":\"EntryPoint\",\"urlTemplate\":\"https:\/\/www.elementvape.de\/?s={search_term_string}\"},\"query-input\":\"required name=search_term_string\"}],\"inLanguage\":\"pl-PL\"},{\"@type\":\"Organization\",\"@id\":\"https:\/\/www.elementvape.de\/#organization\",\"name\":\"ElementVape.DE\",\"url\":\"https:\/\/www.elementvape.de\/\",\"logo\":{\"@type\":\"ImageObject\",\"inLanguage\":\"pl-PL\",\"@id\":\"https:\/\/www.elementvape.de\/#\/schema\/logo\/image\/\",\"url\":\"https:\/\/www.elementvape.de\/wp-content\/uploads\/2024\/09\/cropped-1elementvape-3.png\",\"contentUrl\":\"https:\/\/www.elementvape.de\/wp-content\/uploads\/2024\/09\/cropped-1elementvape-3.png\",\"width\":285,\"height\":228,\"caption\":\"ElementVape.DE\"},\"image\":{\"@id\":\"https:\/\/www.elementvape.de\/#\/schema\/logo\/image\/\"}}]}<\/script>\n<!-- \/ Yoast SEO plugin. -->","yoast_head_json":{"title":"Erleben Sie 25000 Z\u00fcge voller fruchtiger Intensit\u00e4t und erfrischendem Frost mit der Triple Berry Ice Bang King DelphiTreh f\u00fcr anhaltenden Genuss | ElementVape.de","description":"Wir bieten Erleben Sie 25000 Z\u00fcge voller fruchtiger Intensit\u00e4t und erfrischendem Frost mit der Triple Berry Ice Bang King DelphiTreh f\u00fcr anhaltenden Genuss , Elementvape.de akzeptieren Gro\u00df-und Einzelhandel Bestellungen.","robots":{"index":"index","follow":"follow","max-snippet":"max-snippet:-1","max-image-preview":"max-image-preview:large","max-video-preview":"max-video-preview:-1"},"canonical":"https:\/\/www.elementvape.de\/pl\/produkt\/erleben-sie-25000-zuege-voller-fruchtiger-intensitaet-und-erfrischendem-frost-mit-der-triple-berry-ice-bang-king-delphitreh-fuer-anhaltenden-genuss\/","og_locale":"pl_PL","og_type":"article","og_title":"Erleben Sie 25000 Z\u00fcge voller fruchtiger Intensit\u00e4t und erfrischendem Frost mit der Triple Berry Ice Bang King DelphiTreh f\u00fcr anhaltenden Genuss | ElementVape.de","og_description":"Wir bieten Erleben Sie 25000 Z\u00fcge voller fruchtiger Intensit\u00e4t und erfrischendem Frost mit der Triple Berry Ice Bang King DelphiTreh f\u00fcr anhaltenden Genuss , Elementvape.de akzeptieren Gro\u00df-und Einzelhandel Bestellungen.","og_url":"https:\/\/www.elementvape.de\/pl\/produkt\/erleben-sie-25000-zuege-voller-fruchtiger-intensitaet-und-erfrischendem-frost-mit-der-triple-berry-ice-bang-king-delphitreh-fuer-anhaltenden-genuss\/","og_site_name":"ElementVape.de","article_modified_time":"2024-10-10T03:12:08+00:00","og_image":[{"width":2560,"height":1742,"url":"https:\/\/www.elementvape.de\/wp-content\/uploads\/2024\/09\/Triple-Berry-Ice-1-scaled.jpg","type":"image\/jpeg"}],"twitter_card":"summary_large_image","twitter_misc":{"Est. reading time":"4 minuty"},"schema":{"@context":"https:\/\/schema.org","@graph":[{"@type":"WebPage","@id":"https:\/\/www.elementvape.de\/lt\/produkt\/erleben-sie-25000-zuege-voller-fruchtiger-intensitaet-und-erfrischendem-frost-mit-der-triple-berry-ice-bang-king-delphitreh-fuer-anhaltenden-genuss\/","url":"https:\/\/www.elementvape.de\/lt\/produkt\/erleben-sie-25000-zuege-voller-fruchtiger-intensitaet-und-erfrischendem-frost-mit-der-triple-berry-ice-bang-king-delphitreh-fuer-anhaltenden-genuss\/","name":"Erleben Sie 25000 Z\u00fcge voller fruchtiger Intensit\u00e4t und erfrischendem Frost mit der Triple Berry Ice Bang King DelphiTreh f\u00fcr anhaltenden Genuss | ElementVape.de","isPartOf":{"@id":"https:\/\/www.elementvape.de\/#website"},"primaryImageOfPage":{"@id":"https:\/\/www.elementvape.de\/lt\/produkt\/erleben-sie-25000-zuege-voller-fruchtiger-intensitaet-und-erfrischendem-frost-mit-der-triple-berry-ice-bang-king-delphitreh-fuer-anhaltenden-genuss\/#primaryimage"},"image":{"@id":"https:\/\/www.elementvape.de\/lt\/produkt\/erleben-sie-25000-zuege-voller-fruchtiger-intensitaet-und-erfrischendem-frost-mit-der-triple-berry-ice-bang-king-delphitreh-fuer-anhaltenden-genuss\/#primaryimage"},"thumbnailUrl":"https:\/\/www.elementvape.de\/wp-content\/uploads\/2024\/09\/Triple-Berry-Ice-1-scaled.jpg","datePublished":"2024-09-21T10:10:18+00:00","dateModified":"2024-10-10T03:12:08+00:00","description":"Wir bieten Erleben Sie 25000 Z\u00fcge voller fruchtiger Intensit\u00e4t und erfrischendem Frost mit der Triple Berry Ice Bang King DelphiTreh f\u00fcr anhaltenden Genuss , Elementvape.de akzeptieren Gro\u00df-und Einzelhandel Bestellungen.","breadcrumb":{"@id":"https:\/\/www.elementvape.de\/lt\/produkt\/erleben-sie-25000-zuege-voller-fruchtiger-intensitaet-und-erfrischendem-frost-mit-der-triple-berry-ice-bang-king-delphitreh-fuer-anhaltenden-genuss\/#breadcrumb"},"inLanguage":"pl-PL","potentialAction":[{"@type":"ReadAction","target":["https:\/\/www.elementvape.de\/lt\/produkt\/erleben-sie-25000-zuege-voller-fruchtiger-intensitaet-und-erfrischendem-frost-mit-der-triple-berry-ice-bang-king-delphitreh-fuer-anhaltenden-genuss\/"]}]},{"@type":"ImageObject","inLanguage":"pl-PL","@id":"https:\/\/www.elementvape.de\/lt\/produkt\/erleben-sie-25000-zuege-voller-fruchtiger-intensitaet-und-erfrischendem-frost-mit-der-triple-berry-ice-bang-king-delphitreh-fuer-anhaltenden-genuss\/#primaryimage","url":"https:\/\/www.elementvape.de\/wp-content\/uploads\/2024\/09\/Triple-Berry-Ice-1-scaled.jpg","contentUrl":"https:\/\/www.elementvape.de\/wp-content\/uploads\/2024\/09\/Triple-Berry-Ice-1-scaled.jpg","width":2560,"height":1742,"caption":"Triple Berry Ice"},{"@type":"BreadcrumbList","@id":"https:\/\/www.elementvape.de\/lt\/produkt\/erleben-sie-25000-zuege-voller-fruchtiger-intensitaet-und-erfrischendem-frost-mit-der-triple-berry-ice-bang-king-delphitreh-fuer-anhaltenden-genuss\/#breadcrumb","itemListElement":[{"@type":"ListItem","position":1,"name":"Home","item":"https:\/\/www.elementvape.de\/"},{"@type":"ListItem","position":2,"name":"Shop","item":"https:\/\/www.elementvape.de\/shop\/"},{"@type":"ListItem","position":3,"name":"Erleben Sie 25000 Z\u00fcge voller fruchtiger Intensit\u00e4t und erfrischendem Frost mit der Triple Berry Ice Bang King DelphiTreh f\u00fcr anhaltenden Genuss"}]},{"@type":"WebSite","@id":"https:\/\/www.elementvape.de\/#website","url":"https:\/\/www.elementvape.de\/","name":"ElementVape.de","description":"","publisher":{"@id":"https:\/\/www.elementvape.de\/#organization"},"potentialAction":[{"@type":"SearchAction","target":{"@type":"EntryPoint","urlTemplate":"https:\/\/www.elementvape.de\/?s={search_term_string}"},"query-input":"required name=search_term_string"}],"inLanguage":"pl-PL"},{"@type":"Organization","@id":"https:\/\/www.elementvape.de\/#organization","name":"ElementVape.DE","url":"https:\/\/www.elementvape.de\/","logo":{"@type":"ImageObject","inLanguage":"pl-PL","@id":"https:\/\/www.elementvape.de\/#\/schema\/logo\/image\/","url":"https:\/\/www.elementvape.de\/wp-content\/uploads\/2024\/09\/cropped-1elementvape-3.png","contentUrl":"https:\/\/www.elementvape.de\/wp-content\/uploads\/2024\/09\/cropped-1elementvape-3.png","width":285,"height":228,"caption":"ElementVape.DE"},"image":{"@id":"https:\/\/www.elementvape.de\/#\/schema\/logo\/image\/"}}]}},"_links":{"self":[{"href":"https:\/\/www.elementvape.de\/pl\/wp-json\/wp\/v2\/product\/14496"}],"collection":[{"href":"https:\/\/www.elementvape.de\/pl\/wp-json\/wp\/v2\/product"}],"about":[{"href":"https:\/\/www.elementvape.de\/pl\/wp-json\/wp\/v2\/types\/product"}],"wp:featuredmedia":[{"embeddable":true,"href":"https:\/\/www.elementvape.de\/pl\/wp-json\/wp\/v2\/media\/14483"}],"wp:attachment":[{"href":"https:\/\/www.elementvape.de\/pl\/wp-json\/wp\/v2\/media?parent=14496"}],"wp:term":[{"taxonomy":"product_cat","embeddable":true,"href":"https:\/\/www.elementvape.de\/pl\/wp-json\/wp\/v2\/product_cat?post=14496"},{"taxonomy":"product_tag","embeddable":true,"href":"https:\/\/www.elementvape.de\/pl\/wp-json\/wp\/v2\/product_tag?post=14496"}],"curies":[{"name":"wp","href":"https:\/\/api.w.org\/{rel}","templated":true}]}}