{"id":14440,"date":"2024-09-20T03:10:04","date_gmt":"2024-09-20T03:10:04","guid":{"rendered":"https:\/\/www.elementvape.de\/?post_type=product&#038;p=14440"},"modified":"2024-10-11T03:20:53","modified_gmt":"2024-10-11T03:20:53","slug":"mit-18000-puffs-bringt-die-tropical-fruit-bang-rocket-die-perfekte-balance-aus-fruchtiger-exotik-und-erfrischender-kuehle-fuer-ein-unvergleichliches-dampferlebnis","status":"publish","type":"product","link":"https:\/\/www.elementvape.de\/pl\/produkt\/mit-18000-puffs-bringt-die-tropical-fruit-bang-rocket-die-perfekte-balance-aus-fruchtiger-exotik-und-erfrischender-kuehle-fuer-ein-unvergleichliches-dampferlebnis\/","title":{"rendered":"Z 18000 Puffs, Tropical Fruit Bang Rocket zapewnia idealn\u0105 r\u00f3wnowag\u0119 mi\u0119dzy owocow\u0105 egzotyk\u0105 a orze\u017awiaj\u0105c\u0105 ch\u0142od\u0105 dla niezr\u00f3wnanego do\u015bwiadczenia vapowania"},"content":{"rendered":"<p>Tropical Fruit Bang Rocket 18000 Puffs to niezast\u0105piony towarzysz dla wszystkich, kt\u00f3rzy pragn\u0105 niezr\u00f3wnanego do\u015bwiadczenia vapowania. Z do <a href=\"https:\/\/www.elementvape.de\/pl\/p-tag\/vaep-18000-zuege\/\"><strong>18000 zaci\u0105gni\u0119\u0107<\/strong><\/a> przenosi ten jednorazowy urz\u0105dzenie do vapowania idealn\u0105 r\u00f3wnowag\u0119 mi\u0119dzy owocow\u0105 egzotyk\u0105 a orze\u017awiaj\u0105c\u0105 ch\u0142od\u0105 w ka\u017cdej chmurze pary. Odkryj harmonijn\u0105 kombinacj\u0119 tropikalnych owoc\u00f3w, kt\u00f3re zamieniaj\u0105 ka\u017cdy wdech w smakowe prze\u017cycie.<\/p>\n<p>Tropical Fruit Bang Rocket zabierze Ci\u0119 w \u015bwiat tropikalnych owoc\u00f3w i przyniesie s\u0142oneczny smak egzotycznych aromat\u00f3w prosto do Twojego p\u0142uca. Za ka\u017cdym razem, gdy inhalujesz si\u0119, do\u015bwiadczasz eksplozji owocowych nut, kt\u00f3re natychmiast przynosz\u0105 rado\u015b\u0107.<\/p>\n<p>Po\u0142\u0105czenie r\u00f3\u017cnych tropikalnych owoc\u00f3w \u2013 w tym ananasa, mango, papai i marakui \u2013 tworzy harmonijny profil smakowy. Ta r\u00f3\u017cnorodno\u015b\u0107 sprawia, \u017ce ka\u017cdy wdech ods\u0142ania now\u0105 twarz smaku, zabieraj\u0105c Ci\u0119 w smakow\u0105 podr\u00f3\u017c do tropikalnych krain.<\/p>\n<p>Orze\u017awiaj\u0105cy akcent, kt\u00f3ry zosta\u0142 dodany do Tropical Fruit Bang Rocket, doskonale dope\u0142nia doznania smakowe. Ta ch\u0142odz\u0105ca nuta zapewnia przyjemne uczucie przy ka\u017cdym wdechu i sprawia, \u017ce vapowanie jest szczeg\u00f3lnie przyjemne, zw\u0142aszcza w ciep\u0142e dni lub po aktywno\u015bci fizycznej.<\/p>\n<h3>18000 wdech\u00f3w dla d\u0142ugotrwa\u0142ej przyjemno\u015bci<\/h3>\n<p>Tropical Fruit Bang Rocket 18000 Puffs nie tylko zachwyca smakiem, ale tak\u017ce imponuj\u0105c\u0105 wydajno\u015bci\u0105. Z pojemno\u015bci\u0105 do 18000 wdech\u00f3w, to urz\u0105dzenie jest idealne dla tych, kt\u00f3rzy szukaj\u0105 d\u0142ugotrwa\u0142ego do\u015bwiadczenia vapowania.<\/p>\n<p>650-mAh bateria zapewnia, \u017ce urz\u0105dzenie wytrzyma nawet intensywne u\u017cytkowanie. Innowacyjna technologia gwarantuje r\u00f3wnomierne i sta\u0142e wytwarzanie pary, dzi\u0119ki czemu mo\u017cesz cieszy\u0107 si\u0119 pe\u0142n\u0105 pojemno\u015bci\u0105. Dzi\u0119ki portowi \u0142adowania Typ-C, \u0142adowanie jest szybkie i proste, co oznacza, \u017ce zawsze jeste\u015b gotowy na cieszenie si\u0119 pysznymi tropikami.<\/p>\n<p>Technologia Dual-Mesh zapewnia r\u00f3wnomierne odparowywanie e-liquidu, co prowadzi do intensywniejszego smaku i g\u0119stszych chmur pary. Ta technika maksymalizuje przyjemno\u015b\u0107 i zapewnia, \u017ce aromaty w ka\u017cdym wdechu s\u0105 wyra\u017ane i wyraziste.<\/p>\n<h3>Prosty i bezproblemowy<\/h3>\n<p>Tropical Fruit Bang Rocket nie tylko zachwyca smakiem, ale tak\u017ce jest niezwykle przyjazny dla u\u017cytkownika. Jako jednorazowe urz\u0105dzenie jest gotowe do u\u017cycia od razu i nie wymaga konserwacji ani uzupe\u0142niania. Ta \u0142atwo\u015b\u0107 obs\u0142ugi czyni je szczeg\u00f3lnie atrakcyjnym dla pocz\u0105tkuj\u0105cych i do\u015bwiadczonych vapowicz\u00f3w.<\/p>\n<p>Regulacja przep\u0142ywu powietrza pozwala na dostosowanie oporu wdechu do w\u0142asnych preferencji. Niezale\u017cnie od tego, czy wolisz intensywn\u0105, g\u0119st\u0105 par\u0119, czy delikatniejszy, l\u017cejszy wdech \u2013 Tropical Fruit Bang Rocket spe\u0142ni wszystkie oczekiwania.<\/p>\n<p>Wbudowany wska\u017anik LED informuje o stanie baterii, dzi\u0119ki czemu zawsze wiesz, kiedy nale\u017cy na\u0142adowa\u0107 urz\u0105dzenie. Ta funkcja pomaga unikn\u0105\u0107 nieoczekiwanych przerw w vapowaniu i zapewnia pe\u0142ne doznania smakowe.<\/p>\n<h3>Przegl\u0105d danych technicznych<\/h3>\n<ul>\n<li>Model: Tropical Fruit Bang Rocket 18000 Puffs<\/li>\n<li>Smak: Egzotyczne tropikalne owoce i orze\u017awiaj\u0105cy akcent<\/li>\n<li>Zaci\u0105gni\u0119cia: Do 18000<\/li>\n<li>Regulacja przep\u0142ywu powietrza: Tak<\/li>\n<li>Pojemno\u015b\u0107 baterii: 650 mAh<\/li>\n<li>Pojemno\u015b\u0107 e-liquid: 28 ml<\/li>\n<li>Technologia grza\u0142ki: Dual Mesh<\/li>\n<li>Zawarto\u015b\u0107 N: 2 % \/ 5 %<\/li>\n<li>Gniazdo \u0142adowania: Typ-C<\/li>\n<\/ul>\n<h3>Dlaczego Tropical Fruit Bang Rocket 18000 Puffs to idealny wyb\u00f3r<\/h3>\n<p>Tropical Fruit Bang Rocket 18000 Puffs oferuje unikaln\u0105 mieszank\u0119 owocowej egzotyki i orze\u017awiaj\u0105cej ch\u0142ody. Jej intensywny smak, po\u0142\u0105czony z du\u017c\u0105 pojemno\u015bci\u0105 i \u0142atwo\u015bci\u0105 obs\u0142ugi, czyni j\u0105 idealnym wyborem dla <strong><a href=\"https:\/\/www.elementvape.de\/pl\/\" target=\"_blank\" rel=\"noopener\">palenia<\/a><\/strong> ka\u017cdego poziomu zaawansowania.<\/p>\n<p>Pe\u0142ny smak tropikalnych owoc\u00f3w, po\u0142\u0105czony z orze\u017awiaj\u0105cym akcentem, wyr\u00f3\u017cnia to urz\u0105dzenie spo\u015br\u00f3d innych jednorazowych vaporizator\u00f3w. Ka\u017cdy wdech to prze\u017cycie, kt\u00f3re pobudza zmys\u0142y i zach\u0119ca do kolejnych pr\u00f3b.<\/p>\n<p>Z 18000 wdech\u00f3w Tropical Fruit Bang Rocket oferuje niezwykle wysok\u0105 pojemno\u015b\u0107. Pot\u0119\u017cna bateria i zaawansowana technologia Dual-Mesh zapewniaj\u0105, \u017ce smak pozostaje sta\u0142y od pocz\u0105tku do ko\u0144ca, a chmury pary s\u0105 g\u0119ste i aromatyczne.<\/p>\n<p>\u0141atwa obs\u0142uga i regulacja przep\u0142ywu powietrza dostosowywana do potrzeb sprawiaj\u0105, \u017ce to urz\u0105dzenie jest idealne dla ka\u017cdego vaper'a. Niezale\u017cnie od tego, czy preferujesz intensywne czy delikatne zaci\u0105gni\u0119cia, Tropical Fruit Bang Rocket oferuje elastyczno\u015b\u0107 i przyjemno\u015b\u0107 na ka\u017cdym kroku.<\/p>\n<h3>Owocowa rozkosz z Tropical Fruit Bang Rocket 18000 Puffs<\/h3>\n<p>Tropical Fruit Bang Rocket 18000 Puffs to idealne urz\u0105dzenie dla tych, kt\u00f3rzy szukaj\u0105 owocowego i orze\u017awiaj\u0105cego do\u015bwiadczenia vapingowego. Dzi\u0119ki niezr\u00f3wnanemu smakowi tropikalnych owoc\u00f3w i wysokiej wydajno\u015bci, oferuje wszystko, czego pragnie serce vaper'a. Ciesz si\u0119 egzotycznymi chmurami i orze\u017awiaj\u0105c\u0105 ch\u0142od\u0105 \u2013 prawdziwa atrakcja dla ka\u017cdego vaper'a!<\/p>","protected":false},"excerpt":{"rendered":"<p>Die Tropical Fruit Bang Rocket 18000 Puffs ist der ultimative Begleiter f\u00fcr alle, die sich nach einem unvergleichlichen Dampferlebnis sehnen. Mit bis zu 18000 Z\u00fcgen bringt dieses Einweg-Dampfger\u00e4t die perfekte Balance aus fruchtiger Exotik und erfrischender K\u00fchle in jede Dampfwolke. Entdecken Sie die harmonische Kombination tropischer Fr\u00fcchte, die jeden Zug zu einem geschmacklichen Erlebnis machen. [&hellip;]<\/p>","protected":false},"featured_media":14432,"template":"","meta":{"inline_featured_image":false},"product_cat":[15,763,750,737,736,749,752,756,744,755,738,751],"product_tag":[710,765],"tiered_pricing_type":"fixed","tiered_pricing_fixed_rules":{"60":"8.54","110":"7.59","200":"6.64"},"tiered_pricing_percentage_rules":[],"tiered_pricing_minimum":1,"_administrator_tiered_pricing_type":"fixed","_administrator_tiered_pricing_fixed_rules":[],"_editor_tiered_pricing_type":"fixed","_editor_tiered_pricing_fixed_rules":[],"_author_tiered_pricing_type":"fixed","_author_tiered_pricing_fixed_rules":[],"_contributor_tiered_pricing_type":"fixed","_contributor_tiered_pricing_fixed_rules":[],"_subscriber_tiered_pricing_type":"fixed","_subscriber_tiered_pricing_fixed_rules":[],"_customer_tiered_pricing_type":"fixed","_customer_tiered_pricing_fixed_rules":[],"_shop_manager_tiered_pricing_type":"fixed","_shop_manager_tiered_pricing_fixed_rules":[],"_wpseo_manager_tiered_pricing_type":"fixed","_wpseo_manager_tiered_pricing_fixed_rules":[],"_wpseo_editor_tiered_pricing_type":"fixed","_wpseo_editor_tiered_pricing_fixed_rules":[],"_wholesale_customer_tiered_pricing_type":"fixed","_wholesale_customer_tiered_pricing_fixed_rules":[],"_marketer_tiered_pricing_type":"fixed","_marketer_tiered_pricing_fixed_rules":[],"_sales_manager_tiered_pricing_type":"fixed","_sales_manager_tiered_pricing_fixed_rules":[],"_sales_rep_tiered_pricing_type":"fixed","_sales_rep_tiered_pricing_fixed_rules":[],"yoast_head":"<!-- This site is optimized with the Yoast SEO plugin v23.3 - https:\/\/yoast.com\/wordpress\/plugins\/seo\/ -->\n<title>Mit 18000 Puffs bringt die Tropical Fruit Bang Rocket die perfekte Balance aus fruchtiger Exotik und erfrischender K\u00fchle f\u00fcr ein unvergleichliches Dampferlebnis | ElementVape.de<\/title>\n<meta name=\"description\" content=\"Wir bieten Mit 18000 Puffs bringt die Tropical Fruit Bang Rocket die perfekte Balance aus fruchtiger Exotik und erfrischender K\u00fchle f\u00fcr ein unvergleichliches Dampferlebnis , Elementvape.de akzeptieren Gro\u00df-und Einzelhandel Bestellungen.\" \/>\n<meta name=\"robots\" content=\"index, follow, max-snippet:-1, max-image-preview:large, max-video-preview:-1\" \/>\n<link rel=\"canonical\" href=\"https:\/\/www.elementvape.de\/pl\/produkt\/mit-18000-puffs-bringt-die-tropical-fruit-bang-rocket-die-perfekte-balance-aus-fruchtiger-exotik-und-erfrischender-kuehle-fuer-ein-unvergleichliches-dampferlebnis\/\" \/>\n<meta property=\"og:locale\" content=\"pl_PL\" \/>\n<meta property=\"og:type\" content=\"article\" \/>\n<meta property=\"og:title\" content=\"Mit 18000 Puffs bringt die Tropical Fruit Bang Rocket die perfekte Balance aus fruchtiger Exotik und erfrischender K\u00fchle f\u00fcr ein unvergleichliches Dampferlebnis | ElementVape.de\" \/>\n<meta property=\"og:description\" content=\"Wir bieten Mit 18000 Puffs bringt die Tropical Fruit Bang Rocket die perfekte Balance aus fruchtiger Exotik und erfrischender K\u00fchle f\u00fcr ein unvergleichliches Dampferlebnis , Elementvape.de akzeptieren Gro\u00df-und Einzelhandel Bestellungen.\" \/>\n<meta property=\"og:url\" content=\"https:\/\/www.elementvape.de\/pl\/produkt\/mit-18000-puffs-bringt-die-tropical-fruit-bang-rocket-die-perfekte-balance-aus-fruchtiger-exotik-und-erfrischender-kuehle-fuer-ein-unvergleichliches-dampferlebnis\/\" \/>\n<meta property=\"og:site_name\" content=\"ElementVape.de\" \/>\n<meta property=\"article:modified_time\" content=\"2024-10-11T03:20:53+00:00\" \/>\n<meta property=\"og:image\" content=\"https:\/\/www.elementvape.de\/wp-content\/uploads\/2024\/09\/TROPICAL-FRUIT.jpg\" \/>\n\t<meta property=\"og:image:width\" content=\"1280\" \/>\n\t<meta property=\"og:image:height\" content=\"907\" \/>\n\t<meta property=\"og:image:type\" content=\"image\/jpeg\" \/>\n<meta name=\"twitter:card\" content=\"summary_large_image\" \/>\n<meta name=\"twitter:label1\" content=\"Est. reading time\" \/>\n\t<meta name=\"twitter:data1\" content=\"4 minuty\" \/>\n<script type=\"application\/ld+json\" class=\"yoast-schema-graph\">{\"@context\":\"https:\/\/schema.org\",\"@graph\":[{\"@type\":\"WebPage\",\"@id\":\"https:\/\/www.elementvape.de\/et\/produkt\/mit-18000-puffs-bringt-die-tropical-fruit-bang-rocket-die-perfekte-balance-aus-fruchtiger-exotik-und-erfrischender-kuehle-fuer-ein-unvergleichliches-dampferlebnis\/\",\"url\":\"https:\/\/www.elementvape.de\/et\/produkt\/mit-18000-puffs-bringt-die-tropical-fruit-bang-rocket-die-perfekte-balance-aus-fruchtiger-exotik-und-erfrischender-kuehle-fuer-ein-unvergleichliches-dampferlebnis\/\",\"name\":\"Mit 18000 Puffs bringt die Tropical Fruit Bang Rocket die perfekte Balance aus fruchtiger Exotik und erfrischender K\u00fchle f\u00fcr ein unvergleichliches Dampferlebnis | ElementVape.de\",\"isPartOf\":{\"@id\":\"https:\/\/www.elementvape.de\/#website\"},\"primaryImageOfPage\":{\"@id\":\"https:\/\/www.elementvape.de\/et\/produkt\/mit-18000-puffs-bringt-die-tropical-fruit-bang-rocket-die-perfekte-balance-aus-fruchtiger-exotik-und-erfrischender-kuehle-fuer-ein-unvergleichliches-dampferlebnis\/#primaryimage\"},\"image\":{\"@id\":\"https:\/\/www.elementvape.de\/et\/produkt\/mit-18000-puffs-bringt-die-tropical-fruit-bang-rocket-die-perfekte-balance-aus-fruchtiger-exotik-und-erfrischender-kuehle-fuer-ein-unvergleichliches-dampferlebnis\/#primaryimage\"},\"thumbnailUrl\":\"https:\/\/www.elementvape.de\/wp-content\/uploads\/2024\/09\/TROPICAL-FRUIT.jpg\",\"datePublished\":\"2024-09-20T03:10:04+00:00\",\"dateModified\":\"2024-10-11T03:20:53+00:00\",\"description\":\"Wir bieten Mit 18000 Puffs bringt die Tropical Fruit Bang Rocket die perfekte Balance aus fruchtiger Exotik und erfrischender K\u00fchle f\u00fcr ein unvergleichliches Dampferlebnis , Elementvape.de akzeptieren Gro\u00df-und Einzelhandel Bestellungen.\",\"breadcrumb\":{\"@id\":\"https:\/\/www.elementvape.de\/et\/produkt\/mit-18000-puffs-bringt-die-tropical-fruit-bang-rocket-die-perfekte-balance-aus-fruchtiger-exotik-und-erfrischender-kuehle-fuer-ein-unvergleichliches-dampferlebnis\/#breadcrumb\"},\"inLanguage\":\"pl-PL\",\"potentialAction\":[{\"@type\":\"ReadAction\",\"target\":[\"https:\/\/www.elementvape.de\/et\/produkt\/mit-18000-puffs-bringt-die-tropical-fruit-bang-rocket-die-perfekte-balance-aus-fruchtiger-exotik-und-erfrischender-kuehle-fuer-ein-unvergleichliches-dampferlebnis\/\"]}]},{\"@type\":\"ImageObject\",\"inLanguage\":\"pl-PL\",\"@id\":\"https:\/\/www.elementvape.de\/et\/produkt\/mit-18000-puffs-bringt-die-tropical-fruit-bang-rocket-die-perfekte-balance-aus-fruchtiger-exotik-und-erfrischender-kuehle-fuer-ein-unvergleichliches-dampferlebnis\/#primaryimage\",\"url\":\"https:\/\/www.elementvape.de\/wp-content\/uploads\/2024\/09\/TROPICAL-FRUIT.jpg\",\"contentUrl\":\"https:\/\/www.elementvape.de\/wp-content\/uploads\/2024\/09\/TROPICAL-FRUIT.jpg\",\"width\":1280,\"height\":907,\"caption\":\"TROPICAL FRUIT\"},{\"@type\":\"BreadcrumbList\",\"@id\":\"https:\/\/www.elementvape.de\/et\/produkt\/mit-18000-puffs-bringt-die-tropical-fruit-bang-rocket-die-perfekte-balance-aus-fruchtiger-exotik-und-erfrischender-kuehle-fuer-ein-unvergleichliches-dampferlebnis\/#breadcrumb\",\"itemListElement\":[{\"@type\":\"ListItem\",\"position\":1,\"name\":\"Home\",\"item\":\"https:\/\/www.elementvape.de\/\"},{\"@type\":\"ListItem\",\"position\":2,\"name\":\"Shop\",\"item\":\"https:\/\/www.elementvape.de\/shop\/\"},{\"@type\":\"ListItem\",\"position\":3,\"name\":\"Mit 18000 Puffs bringt die Tropical Fruit Bang Rocket die perfekte Balance aus fruchtiger Exotik und erfrischender K\u00fchle f\u00fcr ein unvergleichliches Dampferlebnis\"}]},{\"@type\":\"WebSite\",\"@id\":\"https:\/\/www.elementvape.de\/#website\",\"url\":\"https:\/\/www.elementvape.de\/\",\"name\":\"ElementVape.de\",\"description\":\"\",\"publisher\":{\"@id\":\"https:\/\/www.elementvape.de\/#organization\"},\"potentialAction\":[{\"@type\":\"SearchAction\",\"target\":{\"@type\":\"EntryPoint\",\"urlTemplate\":\"https:\/\/www.elementvape.de\/?s={search_term_string}\"},\"query-input\":\"required name=search_term_string\"}],\"inLanguage\":\"pl-PL\"},{\"@type\":\"Organization\",\"@id\":\"https:\/\/www.elementvape.de\/#organization\",\"name\":\"ElementVape.DE\",\"url\":\"https:\/\/www.elementvape.de\/\",\"logo\":{\"@type\":\"ImageObject\",\"inLanguage\":\"pl-PL\",\"@id\":\"https:\/\/www.elementvape.de\/#\/schema\/logo\/image\/\",\"url\":\"https:\/\/www.elementvape.de\/wp-content\/uploads\/2024\/09\/cropped-1elementvape-3.png\",\"contentUrl\":\"https:\/\/www.elementvape.de\/wp-content\/uploads\/2024\/09\/cropped-1elementvape-3.png\",\"width\":285,\"height\":228,\"caption\":\"ElementVape.DE\"},\"image\":{\"@id\":\"https:\/\/www.elementvape.de\/#\/schema\/logo\/image\/\"}}]}<\/script>\n<!-- \/ Yoast SEO plugin. -->","yoast_head_json":{"title":"Mit 18000 Puffs bringt die Tropical Fruit Bang Rocket die perfekte Balance aus fruchtiger Exotik und erfrischender K\u00fchle f\u00fcr ein unvergleichliches Dampferlebnis | ElementVape.de","description":"Wir bieten Mit 18000 Puffs bringt die Tropical Fruit Bang Rocket die perfekte Balance aus fruchtiger Exotik und erfrischender K\u00fchle f\u00fcr ein unvergleichliches Dampferlebnis , Elementvape.de akzeptieren Gro\u00df-und Einzelhandel Bestellungen.","robots":{"index":"index","follow":"follow","max-snippet":"max-snippet:-1","max-image-preview":"max-image-preview:large","max-video-preview":"max-video-preview:-1"},"canonical":"https:\/\/www.elementvape.de\/pl\/produkt\/mit-18000-puffs-bringt-die-tropical-fruit-bang-rocket-die-perfekte-balance-aus-fruchtiger-exotik-und-erfrischender-kuehle-fuer-ein-unvergleichliches-dampferlebnis\/","og_locale":"pl_PL","og_type":"article","og_title":"Mit 18000 Puffs bringt die Tropical Fruit Bang Rocket die perfekte Balance aus fruchtiger Exotik und erfrischender K\u00fchle f\u00fcr ein unvergleichliches Dampferlebnis | ElementVape.de","og_description":"Wir bieten Mit 18000 Puffs bringt die Tropical Fruit Bang Rocket die perfekte Balance aus fruchtiger Exotik und erfrischender K\u00fchle f\u00fcr ein unvergleichliches Dampferlebnis , Elementvape.de akzeptieren Gro\u00df-und Einzelhandel Bestellungen.","og_url":"https:\/\/www.elementvape.de\/pl\/produkt\/mit-18000-puffs-bringt-die-tropical-fruit-bang-rocket-die-perfekte-balance-aus-fruchtiger-exotik-und-erfrischender-kuehle-fuer-ein-unvergleichliches-dampferlebnis\/","og_site_name":"ElementVape.de","article_modified_time":"2024-10-11T03:20:53+00:00","og_image":[{"width":1280,"height":907,"url":"https:\/\/www.elementvape.de\/wp-content\/uploads\/2024\/09\/TROPICAL-FRUIT.jpg","type":"image\/jpeg"}],"twitter_card":"summary_large_image","twitter_misc":{"Est. reading time":"4 minuty"},"schema":{"@context":"https:\/\/schema.org","@graph":[{"@type":"WebPage","@id":"https:\/\/www.elementvape.de\/et\/produkt\/mit-18000-puffs-bringt-die-tropical-fruit-bang-rocket-die-perfekte-balance-aus-fruchtiger-exotik-und-erfrischender-kuehle-fuer-ein-unvergleichliches-dampferlebnis\/","url":"https:\/\/www.elementvape.de\/et\/produkt\/mit-18000-puffs-bringt-die-tropical-fruit-bang-rocket-die-perfekte-balance-aus-fruchtiger-exotik-und-erfrischender-kuehle-fuer-ein-unvergleichliches-dampferlebnis\/","name":"Mit 18000 Puffs bringt die Tropical Fruit Bang Rocket die perfekte Balance aus fruchtiger Exotik und erfrischender K\u00fchle f\u00fcr ein unvergleichliches Dampferlebnis | ElementVape.de","isPartOf":{"@id":"https:\/\/www.elementvape.de\/#website"},"primaryImageOfPage":{"@id":"https:\/\/www.elementvape.de\/et\/produkt\/mit-18000-puffs-bringt-die-tropical-fruit-bang-rocket-die-perfekte-balance-aus-fruchtiger-exotik-und-erfrischender-kuehle-fuer-ein-unvergleichliches-dampferlebnis\/#primaryimage"},"image":{"@id":"https:\/\/www.elementvape.de\/et\/produkt\/mit-18000-puffs-bringt-die-tropical-fruit-bang-rocket-die-perfekte-balance-aus-fruchtiger-exotik-und-erfrischender-kuehle-fuer-ein-unvergleichliches-dampferlebnis\/#primaryimage"},"thumbnailUrl":"https:\/\/www.elementvape.de\/wp-content\/uploads\/2024\/09\/TROPICAL-FRUIT.jpg","datePublished":"2024-09-20T03:10:04+00:00","dateModified":"2024-10-11T03:20:53+00:00","description":"Wir bieten Mit 18000 Puffs bringt die Tropical Fruit Bang Rocket die perfekte Balance aus fruchtiger Exotik und erfrischender K\u00fchle f\u00fcr ein unvergleichliches Dampferlebnis , Elementvape.de akzeptieren Gro\u00df-und Einzelhandel Bestellungen.","breadcrumb":{"@id":"https:\/\/www.elementvape.de\/et\/produkt\/mit-18000-puffs-bringt-die-tropical-fruit-bang-rocket-die-perfekte-balance-aus-fruchtiger-exotik-und-erfrischender-kuehle-fuer-ein-unvergleichliches-dampferlebnis\/#breadcrumb"},"inLanguage":"pl-PL","potentialAction":[{"@type":"ReadAction","target":["https:\/\/www.elementvape.de\/et\/produkt\/mit-18000-puffs-bringt-die-tropical-fruit-bang-rocket-die-perfekte-balance-aus-fruchtiger-exotik-und-erfrischender-kuehle-fuer-ein-unvergleichliches-dampferlebnis\/"]}]},{"@type":"ImageObject","inLanguage":"pl-PL","@id":"https:\/\/www.elementvape.de\/et\/produkt\/mit-18000-puffs-bringt-die-tropical-fruit-bang-rocket-die-perfekte-balance-aus-fruchtiger-exotik-und-erfrischender-kuehle-fuer-ein-unvergleichliches-dampferlebnis\/#primaryimage","url":"https:\/\/www.elementvape.de\/wp-content\/uploads\/2024\/09\/TROPICAL-FRUIT.jpg","contentUrl":"https:\/\/www.elementvape.de\/wp-content\/uploads\/2024\/09\/TROPICAL-FRUIT.jpg","width":1280,"height":907,"caption":"TROPICAL FRUIT"},{"@type":"BreadcrumbList","@id":"https:\/\/www.elementvape.de\/et\/produkt\/mit-18000-puffs-bringt-die-tropical-fruit-bang-rocket-die-perfekte-balance-aus-fruchtiger-exotik-und-erfrischender-kuehle-fuer-ein-unvergleichliches-dampferlebnis\/#breadcrumb","itemListElement":[{"@type":"ListItem","position":1,"name":"Home","item":"https:\/\/www.elementvape.de\/"},{"@type":"ListItem","position":2,"name":"Shop","item":"https:\/\/www.elementvape.de\/shop\/"},{"@type":"ListItem","position":3,"name":"Mit 18000 Puffs bringt die Tropical Fruit Bang Rocket die perfekte Balance aus fruchtiger Exotik und erfrischender K\u00fchle f\u00fcr ein unvergleichliches Dampferlebnis"}]},{"@type":"WebSite","@id":"https:\/\/www.elementvape.de\/#website","url":"https:\/\/www.elementvape.de\/","name":"ElementVape.de","description":"","publisher":{"@id":"https:\/\/www.elementvape.de\/#organization"},"potentialAction":[{"@type":"SearchAction","target":{"@type":"EntryPoint","urlTemplate":"https:\/\/www.elementvape.de\/?s={search_term_string}"},"query-input":"required name=search_term_string"}],"inLanguage":"pl-PL"},{"@type":"Organization","@id":"https:\/\/www.elementvape.de\/#organization","name":"ElementVape.DE","url":"https:\/\/www.elementvape.de\/","logo":{"@type":"ImageObject","inLanguage":"pl-PL","@id":"https:\/\/www.elementvape.de\/#\/schema\/logo\/image\/","url":"https:\/\/www.elementvape.de\/wp-content\/uploads\/2024\/09\/cropped-1elementvape-3.png","contentUrl":"https:\/\/www.elementvape.de\/wp-content\/uploads\/2024\/09\/cropped-1elementvape-3.png","width":285,"height":228,"caption":"ElementVape.DE"},"image":{"@id":"https:\/\/www.elementvape.de\/#\/schema\/logo\/image\/"}}]}},"_links":{"self":[{"href":"https:\/\/www.elementvape.de\/pl\/wp-json\/wp\/v2\/product\/14440"}],"collection":[{"href":"https:\/\/www.elementvape.de\/pl\/wp-json\/wp\/v2\/product"}],"about":[{"href":"https:\/\/www.elementvape.de\/pl\/wp-json\/wp\/v2\/types\/product"}],"wp:featuredmedia":[{"embeddable":true,"href":"https:\/\/www.elementvape.de\/pl\/wp-json\/wp\/v2\/media\/14432"}],"wp:attachment":[{"href":"https:\/\/www.elementvape.de\/pl\/wp-json\/wp\/v2\/media?parent=14440"}],"wp:term":[{"taxonomy":"product_cat","embeddable":true,"href":"https:\/\/www.elementvape.de\/pl\/wp-json\/wp\/v2\/product_cat?post=14440"},{"taxonomy":"product_tag","embeddable":true,"href":"https:\/\/www.elementvape.de\/pl\/wp-json\/wp\/v2\/product_tag?post=14440"}],"curies":[{"name":"wp","href":"https:\/\/api.w.org\/{rel}","templated":true}]}}