{"id":14401,"date":"2024-09-18T08:28:11","date_gmt":"2024-09-18T08:28:11","guid":{"rendered":"https:\/\/www.elementvape.de\/?post_type=product&#038;p=14401"},"modified":"2024-10-11T03:46:03","modified_gmt":"2024-10-11T03:46:03","slug":"entdecken-sie-den-exotischen-geschmack-von-strawberry-lychee-mit-der-bang-20000puff-einweg-e-zigarette-und-dual-mesh-technologie-fuer-maximalen-genuss-bei-jedem-zug","status":"publish","type":"product","link":"https:\/\/www.elementvape.de\/pl\/produkt\/entdecken-sie-den-exotischen-geschmack-von-strawberry-lychee-mit-der-bang-20000puff-einweg-e-zigarette-und-dual-mesh-technologie-fuer-maximalen-genuss-bei-jedem-zug\/","title":{"rendered":"Odkryj egzotyczny smak STRAWBERRY LYCHEE z Bang 20000 Puffs Jednorazowym E-papierosem i technologi\u0105 Dual Mesh dla maksymalnej przyjemno\u015bci przy ka\u017cdym zaci\u0105gni\u0119ciu"},"content":{"rendered":"<h2>Bang 20000Puff Jednorazowa e-papieros i egzotyczne doznania smakowe Strawberry Lychee<\/h2>\n<p>Bang 20000Puff Jednorazowy e-papieros reprezentuje now\u0105 er\u0119 w dziedzinie <strong><a href=\"https:\/\/www.elementvape.de\/pl\/c\/einweg-zigarette\/\" target=\"_blank\" rel=\"noopener\">Jednorazowe e-papierosy<\/a><\/strong>. \u0141\u0105czy innowacje technologiczne z doskona\u0142o\u015bci\u0105 smakow\u0105 i oferuje u\u017cytkownikom unikaln\u0105 mo\u017cliwo\u015b\u0107 podniesienia do\u015bwiadczenia z vapingu na wy\u017cszy poziom. Z egzotycznym smakiem Strawberry Lychee prezentuje niezr\u00f3wnan\u0105 kombinacj\u0119 smak\u00f3w, \u0142\u0105cz\u0105c \u015bwie\u017co\u015b\u0107 i owocowo\u015b\u0107. Ten artyku\u0142 skupia si\u0119 na Bang 20000Puff i oferuje dog\u0142\u0119bn\u0105 analiz\u0119 jej funkcji, technologii i bran\u017cy, w kt\u00f3rej jest osadzony.<\/p>\n<h3>Technologia za Bang 20000Puff: Dual Mesh i jej zalety<\/h3>\n<p>Bang 20000Puff Jednorazowy e-papieros wyr\u00f3\u017cnia si\u0119 dzi\u0119ki technologii Dual Mesh na tle innych urz\u0105dze\u0144 na rynku. Grza\u0142ka Mesh ma za zadanie r\u00f3wnomiernie podgrzewa\u0107 e-liquid, co przek\u0142ada si\u0119 na intensywniejszy smak i g\u0119stszy <strong><a href=\"https:\/\/www.elementvape.de\/pl\/\" target=\"_blank\" rel=\"noopener\">Para<\/a><\/strong> prowadzi. Ale jak dok\u0142adnie dzia\u0142a ta technologia?<\/p>\n<p>Grza\u0142ki Mesh r\u00f3\u017cni\u0105 si\u0119 od tradycyjnych drut\u00f3w, oferuj\u0105c wi\u0119ksz\u0105 powierzchni\u0119 grzewcz\u0105. Zamiast pojedynczego drutu, kt\u00f3ry podgrzewa liquid, mesh sk\u0142ada si\u0119 z siatki, umo\u017cliwiaj\u0105cej znacznie bardziej r\u00f3wnomierne rozprowadzanie ciep\u0142a. Efekt: mniej suchych zaci\u0105gni\u0119\u0107 i bardziej stabilna produkcja pary. Technologia Dual Mesh zwi\u0119ksza t\u0119 wydajno\u015b\u0107, u\u017cywaj\u0105c dw\u00f3ch takich grza\u0142ek r\u00f3wnolegle. Zapewnia to jeszcze silniejszy rozw\u00f3j smaku i wi\u0119ksz\u0105 ilo\u015b\u0107 dymu, co jest szczeg\u00f3lnie korzystne dla vapingu DTL (Direct-to-Lung), preferuj\u0105cych du\u017ce chmury pary.<\/p>\n<h3>Strawberry Lychee: kombinacja smak\u00f3w, kt\u00f3ra zachwyca<\/h3>\n<p>Aromaty owocowe od dawna s\u0105 popularnym sk\u0142adnikiem e-liquid\u00f3w, ale po\u0142\u0105czenie Strawberry i Lychee wprowadza nowy wymiar do do\u015bwiadczenia vapingu. Truskawki s\u0105 znane ze swojej s\u0142odyczy i soczysto\u015bci, podczas gdy Litchi zapewnia egzotyczny, kwiatowy i lekko kwa\u015bny smak. Razem tworz\u0105 harmonijne po\u0142\u0105czenie s\u0142odyczy i \u015bwie\u017co\u015bci.<\/p>\n<p>Popularno\u015b\u0107 owocowych e-liquid\u00f3w gwa\u0142townie wzros\u0142a w ostatnich latach, oferuj\u0105c mi\u0142\u0105 odmian\u0119 od tradycyjnych aromat\u00f3w tytoniowych. Dla wielu vapingu, zw\u0142aszcza by\u0142ych palaczy, kt\u00f3rzy odkryli vaping jako alternatyw\u0119, owocowe aromaty stanowi\u0105 spos\u00f3b na u\u0142atwienie przej\u015bcia od tytoniu. Strawberry Lychee jest w tym kontek\u015bcie szczeg\u00f3lnie atrakcyjne, poniewa\u017c po\u0142\u0105czenie tych dw\u00f3ch aromat\u00f3w jest zar\u00f3wno znajome, jak i egzotyczne.<\/p>\n<h3>Rosn\u0105cy trend jednorazowych e-papieros\u00f3w: praktyczno\u015b\u0107 i \u0142atwo\u015b\u0107 obs\u0142ugi<\/h3>\n<p>Jednorazowe e-papierosy zyska\u0142y na popularno\u015bci w ostatnich latach, oferuj\u0105c praktyczne i przyjazne dla u\u017cytkownika rozwi\u0105zania dla vapingu. W przeciwie\u0144stwie do wielokrotnego u\u017cytku urz\u0105dze\u0144, nie wymagaj\u0105 konserwacji, nape\u0142niania e-liquidem ani skomplikowanych ustawie\u0144. Bang 20000Puff idzie o krok dalej, oferuj\u0105c d\u0142ugi czas u\u017cytkowania dzi\u0119ki pojemno\u015bci baterii 650 mAh i pojemno\u015bci na 20 000 zaci\u0105gni\u0119\u0107.<\/p>\n<p>Dla wielu u\u017cytkownik\u00f3w g\u0142\u00f3wn\u0105 zalet\u0105 jednorazowych e-papieros\u00f3w jest ich mobilno\u015b\u0107 i wygoda. Zw\u0142aszcza dla okazjonalnych vapingu, kt\u00f3rzy nie chc\u0105 zajmowa\u0107 si\u0119 konserwacj\u0105 urz\u0105dzenia, jednorazowe produkty s\u0105 idealnym rozwi\u0105zaniem. Ponadto, s\u0105 doskona\u0142ym wyborem na podr\u00f3\u017ce lub specjalne okazje, gdy nie chcemy ryzykowa\u0107 utraty lub uszkodzenia drogiego sprz\u0119tu.<\/p>\n<h3>Zr\u00f3wnowa\u017cony rozw\u00f3j i wp\u0142yw na \u015brodowisko: krytyczna analiza produkt\u00f3w jednorazowych<\/h3>\n<p>Wa\u017cnym aspektem, kt\u00f3ry cz\u0119sto jest pomijany w dyskusji o jednorazowych e-papierosach, jest ich wp\u0142yw na \u015brodowisko. Chocia\u017c s\u0105 wygodne dla u\u017cytkownika, stanowi\u0105 wyzwanie w zakresie odpad\u00f3w i recyklingu. Fakt, \u017ce Bang 20000Puff posiada bateri\u0119 wielokrotnego \u0142adowania, jest krokiem w dobr\u0105 stron\u0119, ale problem odpad\u00f3w z produkt\u00f3w jednorazowych nadal istnieje.<\/p>\n<p>E-papierosy zawieraj\u0105 baterie, plastiki i metale, kt\u00f3re mog\u0105 by\u0107 potencjalnie szkodliwe dla \u015brodowiska, je\u015bli nie s\u0105 odpowiednio recyklingowane. W wielu krajach nie ma jeszcze odpowiednich program\u00f3w recyklingu dla tego typu produkt\u00f3w, co oznacza, \u017ce wiele jednorazowych e-papieros\u00f3w trafia do \u015bmieci. Producenci, tacy jak Bang, mog\u0105 w przysz\u0142o\u015bci rozwa\u017cy\u0107 opracowanie bardziej zr\u00f3wnowa\u017conych rozwi\u0105za\u0144, na przyk\u0142ad poprzez programy zwrotu lub materia\u0142y przyjazne \u015brodowisku.<\/p>\n<h3>Por\u00f3wnanie z innymi e-papierosami na rynku<\/h3>\n<p>Jak wypada Bang 20000Puff w por\u00f3wnaniu z innymi jednorazowymi e-papierosami i urz\u0105dzeniami wielokrotnego u\u017cytku? Szczeg\u00f3\u0142owe por\u00f3wnanie pokazuje, \u017ce pojemno\u015b\u0107 na zaci\u0105gni\u0119cia, system Dual Mesh i r\u00f3\u017cnorodno\u015b\u0107 smak\u00f3w tego produktu czyni\u0105 go jedn\u0105 z najlepszych opcji na rynku.<\/p>\n<p>Niekt\u00f3re por\u00f3wnywalne urz\u0105dzenia oferuj\u0105 tylko ograniczon\u0105 liczb\u0119 zaci\u0105gni\u0119\u0107 lub wymagaj\u0105 cz\u0119stej wymiany wk\u0142ad\u00f3w lub grza\u0142ek. Bang 20000Puff zapewnia d\u0142ugotrwa\u0142\u0105 wydajno\u015b\u0107, co jest szczeg\u00f3lnie atrakcyjne dla intensywnych vapingu. R\u00f3wnie\u017c smak pozostaje dzi\u0119ki technologii Dual Mesh intensywny i stabilny, podczas gdy w wielu innych produktach smak po kilku zaci\u0105gni\u0119ciach s\u0142abnie.<\/p>\n<h3>Rola zawarto\u015bci nikotyny i jej wp\u0142yw na popularno\u015b\u0107<\/h3>\n<p>Bang 20000Puff jest dost\u0119pny w zawarto\u015bci N-Gehalt 2 % oraz 5 %. Te opcje oferuj\u0105 wyb\u00f3r dla r\u00f3\u017cnych typ\u00f3w palaczy. Ale dlaczego zawarto\u015b\u0107 nikotyny jest tak wa\u017cna dla wielu palaczy i jak\u0105 rol\u0119 odgrywa w do\u015bwiadczeniu vapowania?<\/p>\n<p>Salty nikotynowe, takie jak u\u017cywane w Bang 20000Puff, zapewniaj\u0105 \u0142agodniejszy ci\u0105g i umo\u017cliwiaj\u0105 szybsze wch\u0142anianie zawarto\u015bci nikotyny do krwiobiegu. To zapewnia szybkie i satysfakcjonuj\u0105ce do\u015bwiadczenie vapowania, kt\u00f3re jest szczeg\u00f3lnie atrakcyjne dla by\u0142ych palaczy. Salty nikotynowe s\u0105 zazwyczaj mniej dymne i dra\u017cni\u0105ce ni\u017c wolne bazowe, co czyni je idealnymi dla pocz\u0105tkuj\u0105cych, kt\u00f3rzy chc\u0105 przej\u015b\u0107 na vapowanie.<\/p>\n<p>Jednocze\u015bnie ro\u015bnie ruch w kierunku beznikotynowych e-papieros\u00f3w, szczeg\u00f3lnie dla palaczy, kt\u00f3rzy traktuj\u0105 vapowanie tylko jako form\u0119 rozrywki i nie polegaj\u0105 na zawarto\u015bci nikotyny. By\u0142oby interesuj\u0105ce zobaczy\u0107, czy Bang w przysz\u0142o\u015bci zaoferuje r\u00f3wnie\u017c beznikotynow\u0105 wersj\u0119 jednorazowego e-papierosa 20000Puff, aby obs\u0142u\u017cy\u0107 ten rynek.<\/p>\n<h3>Przysz\u0142o\u015b\u0107 vapowania: innowacje i trendy w bran\u017cy<\/h3>\n<p>Bran\u017ca e-papieros\u00f3w jest znana z innowacji i szybkiego rozwoju. Produkty takie jak Bang 20000Puff pokazuj\u0105, jak daleko posz\u0142a technologia, ale co czeka palaczy w przysz\u0142o\u015bci? Niekt\u00f3re trendy, kt\u00f3re mo\u017cemy oczekiwa\u0107 w nadchodz\u0105cych latach, obejmuj\u0105:<\/p>\n<ul>\n<li>Dalsze ulepszenia technologii coil, aby umo\u017cliwi\u0107 jeszcze g\u0119stsze chmury pary i intensywniejszy smak.<\/li>\n<li>Bardziej ekologiczne produkty, kt\u00f3re generuj\u0105 mniej odpad\u00f3w i u\u017cywaj\u0105 przyjaznych dla \u015brodowiska materia\u0142\u00f3w.<\/li>\n<li>Produkty beznikotynowe, skierowane do okazjonalnych palaczy i tych, kt\u00f3rzy po prostu chc\u0105 cieszy\u0107 si\u0119 do\u015bwiadczeniem vapowania.<\/li>\n<li>Inteligentne urz\u0105dzenia, kt\u00f3re wspieraj\u0105 u\u017cytkownika poprzez aplikacje i inne technologie w monitorowaniu i kontrolowaniu nawyk\u00f3w vapowania.<\/li>\n<\/ul>\n<p>Og\u00f3lnie rzecz bior\u0105c, jednorazowy e-papieros Bang 20000Puff oferuje imponuj\u0105ce po\u0142\u0105czenie wysokiej wydajno\u015bci, intensywnego smaku i \u0142atwo\u015bci obs\u0142ugi. Z egzotycznym smakiem Strawberry Lychee i zaawansowan\u0105 technologi\u0105 Dual Mesh zapewnia do\u015bwiadczenie vapowania, kt\u00f3re jest atrakcyjne zar\u00f3wno dla pocz\u0105tkuj\u0105cych, jak i do\u015bwiadczonych palaczy. To doskona\u0142y wyb\u00f3r dla tych, kt\u00f3rzy szukaj\u0105 trwa\u0142ego, praktycznego i przekonuj\u0105cego rozwi\u0105zania smakowego.<\/p>","protected":false},"excerpt":{"rendered":"<p>Die Bang 20000Puff Einweg-E-Zigarette und der exotische Genuss von Strawberry Lychee Die Bang 20000Puff Einweg-E-Zigarette repr\u00e4sentiert eine neue \u00c4ra im Bereich der Einweg-E-Zigaretten. Sie verbindet technologische Innovation mit geschmacklicher Exzellenz und bietet Benutzern eine einzigartige M\u00f6glichkeit, das Dampfen auf die n\u00e4chste Stufe zu heben. Mit dem exotischen Geschmack von Strawberry Lychee wird eine unvergleichliche Geschmackskombination [&hellip;]<\/p>","protected":false},"featured_media":14396,"template":"","meta":{"inline_featured_image":false},"product_cat":[15,762,78,750,737,736,749,752,756],"product_tag":[710,725],"tiered_pricing_type":"fixed","tiered_pricing_fixed_rules":{"60":"8.03","110":"7.14","200":"6.24"},"tiered_pricing_percentage_rules":[],"tiered_pricing_minimum":1,"_administrator_tiered_pricing_type":"fixed","_administrator_tiered_pricing_fixed_rules":[],"_editor_tiered_pricing_type":"fixed","_editor_tiered_pricing_fixed_rules":[],"_author_tiered_pricing_type":"fixed","_author_tiered_pricing_fixed_rules":[],"_contributor_tiered_pricing_type":"fixed","_contributor_tiered_pricing_fixed_rules":[],"_subscriber_tiered_pricing_type":"fixed","_subscriber_tiered_pricing_fixed_rules":[],"_customer_tiered_pricing_type":"fixed","_customer_tiered_pricing_fixed_rules":[],"_shop_manager_tiered_pricing_type":"fixed","_shop_manager_tiered_pricing_fixed_rules":[],"_wpseo_manager_tiered_pricing_type":"fixed","_wpseo_manager_tiered_pricing_fixed_rules":[],"_wpseo_editor_tiered_pricing_type":"fixed","_wpseo_editor_tiered_pricing_fixed_rules":[],"_wholesale_customer_tiered_pricing_type":"fixed","_wholesale_customer_tiered_pricing_fixed_rules":[],"_marketer_tiered_pricing_type":"fixed","_marketer_tiered_pricing_fixed_rules":[],"_sales_manager_tiered_pricing_type":"fixed","_sales_manager_tiered_pricing_fixed_rules":[],"_sales_rep_tiered_pricing_type":"fixed","_sales_rep_tiered_pricing_fixed_rules":[],"yoast_head":"<!-- This site is optimized with the Yoast SEO plugin v23.3 - https:\/\/yoast.com\/wordpress\/plugins\/seo\/ -->\n<title>Entdecken Sie den exotischen Geschmack von STRAWBERRY LYCHEE mit der Bang 20000Puff Einweg-E-Zigarette und Dual Mesh Technologie f\u00fcr maximalen Genuss bei jedem Zug | ElementVape.de<\/title>\n<meta name=\"description\" content=\"Wir bieten Entdecken Sie den exotischen Geschmack von STRAWBERRY LYCHEE mit der Bang 20000Puff Einweg-E-Zigarette und Dual Mesh Technologie f\u00fcr maximalen Genuss bei jedem Zug , Elementvape.de akzeptieren Gro\u00df-und Einzelhandel Bestellungen.\" \/>\n<meta name=\"robots\" content=\"index, follow, max-snippet:-1, max-image-preview:large, max-video-preview:-1\" \/>\n<link rel=\"canonical\" href=\"https:\/\/www.elementvape.de\/pl\/produkt\/entdecken-sie-den-exotischen-geschmack-von-strawberry-lychee-mit-der-bang-20000puff-einweg-e-zigarette-und-dual-mesh-technologie-fuer-maximalen-genuss-bei-jedem-zug\/\" \/>\n<meta property=\"og:locale\" content=\"pl_PL\" \/>\n<meta property=\"og:type\" content=\"article\" \/>\n<meta property=\"og:title\" content=\"Entdecken Sie den exotischen Geschmack von STRAWBERRY LYCHEE mit der Bang 20000Puff Einweg-E-Zigarette und Dual Mesh Technologie f\u00fcr maximalen Genuss bei jedem Zug | ElementVape.de\" \/>\n<meta property=\"og:description\" content=\"Wir bieten Entdecken Sie den exotischen Geschmack von STRAWBERRY LYCHEE mit der Bang 20000Puff Einweg-E-Zigarette und Dual Mesh Technologie f\u00fcr maximalen Genuss bei jedem Zug , Elementvape.de akzeptieren Gro\u00df-und Einzelhandel Bestellungen.\" \/>\n<meta property=\"og:url\" content=\"https:\/\/www.elementvape.de\/pl\/produkt\/entdecken-sie-den-exotischen-geschmack-von-strawberry-lychee-mit-der-bang-20000puff-einweg-e-zigarette-und-dual-mesh-technologie-fuer-maximalen-genuss-bei-jedem-zug\/\" \/>\n<meta property=\"og:site_name\" content=\"ElementVape.de\" \/>\n<meta property=\"article:modified_time\" content=\"2024-10-11T03:46:03+00:00\" \/>\n<meta property=\"og:image\" content=\"https:\/\/www.elementvape.de\/wp-content\/uploads\/2024\/09\/STRAWBERRY-LYCHEE-1.jpg\" \/>\n\t<meta property=\"og:image:width\" content=\"1655\" \/>\n\t<meta property=\"og:image:height\" content=\"1025\" \/>\n\t<meta property=\"og:image:type\" content=\"image\/jpeg\" \/>\n<meta name=\"twitter:card\" content=\"summary_large_image\" \/>\n<meta name=\"twitter:label1\" content=\"Est. reading time\" \/>\n\t<meta name=\"twitter:data1\" content=\"6 minut\" \/>\n<script type=\"application\/ld+json\" class=\"yoast-schema-graph\">{\"@context\":\"https:\/\/schema.org\",\"@graph\":[{\"@type\":\"WebPage\",\"@id\":\"https:\/\/www.elementvape.de\/pl\/produkt\/entdecken-sie-den-exotischen-geschmack-von-strawberry-lychee-mit-der-bang-20000puff-einweg-e-zigarette-und-dual-mesh-technologie-fuer-maximalen-genuss-bei-jedem-zug\/\",\"url\":\"https:\/\/www.elementvape.de\/pl\/produkt\/entdecken-sie-den-exotischen-geschmack-von-strawberry-lychee-mit-der-bang-20000puff-einweg-e-zigarette-und-dual-mesh-technologie-fuer-maximalen-genuss-bei-jedem-zug\/\",\"name\":\"Entdecken Sie den exotischen Geschmack von STRAWBERRY LYCHEE mit der Bang 20000Puff Einweg-E-Zigarette und Dual Mesh Technologie f\u00fcr maximalen Genuss bei jedem Zug | ElementVape.de\",\"isPartOf\":{\"@id\":\"https:\/\/www.elementvape.de\/#website\"},\"primaryImageOfPage\":{\"@id\":\"https:\/\/www.elementvape.de\/pl\/produkt\/entdecken-sie-den-exotischen-geschmack-von-strawberry-lychee-mit-der-bang-20000puff-einweg-e-zigarette-und-dual-mesh-technologie-fuer-maximalen-genuss-bei-jedem-zug\/#primaryimage\"},\"image\":{\"@id\":\"https:\/\/www.elementvape.de\/pl\/produkt\/entdecken-sie-den-exotischen-geschmack-von-strawberry-lychee-mit-der-bang-20000puff-einweg-e-zigarette-und-dual-mesh-technologie-fuer-maximalen-genuss-bei-jedem-zug\/#primaryimage\"},\"thumbnailUrl\":\"https:\/\/www.elementvape.de\/wp-content\/uploads\/2024\/09\/STRAWBERRY-LYCHEE-1.jpg\",\"datePublished\":\"2024-09-18T08:28:11+00:00\",\"dateModified\":\"2024-10-11T03:46:03+00:00\",\"description\":\"Wir bieten Entdecken Sie den exotischen Geschmack von STRAWBERRY LYCHEE mit der Bang 20000Puff Einweg-E-Zigarette und Dual Mesh Technologie f\u00fcr maximalen Genuss bei jedem Zug , Elementvape.de akzeptieren Gro\u00df-und Einzelhandel Bestellungen.\",\"breadcrumb\":{\"@id\":\"https:\/\/www.elementvape.de\/pl\/produkt\/entdecken-sie-den-exotischen-geschmack-von-strawberry-lychee-mit-der-bang-20000puff-einweg-e-zigarette-und-dual-mesh-technologie-fuer-maximalen-genuss-bei-jedem-zug\/#breadcrumb\"},\"inLanguage\":\"pl-PL\",\"potentialAction\":[{\"@type\":\"ReadAction\",\"target\":[\"https:\/\/www.elementvape.de\/pl\/produkt\/entdecken-sie-den-exotischen-geschmack-von-strawberry-lychee-mit-der-bang-20000puff-einweg-e-zigarette-und-dual-mesh-technologie-fuer-maximalen-genuss-bei-jedem-zug\/\"]}]},{\"@type\":\"ImageObject\",\"inLanguage\":\"pl-PL\",\"@id\":\"https:\/\/www.elementvape.de\/pl\/produkt\/entdecken-sie-den-exotischen-geschmack-von-strawberry-lychee-mit-der-bang-20000puff-einweg-e-zigarette-und-dual-mesh-technologie-fuer-maximalen-genuss-bei-jedem-zug\/#primaryimage\",\"url\":\"https:\/\/www.elementvape.de\/wp-content\/uploads\/2024\/09\/STRAWBERRY-LYCHEE-1.jpg\",\"contentUrl\":\"https:\/\/www.elementvape.de\/wp-content\/uploads\/2024\/09\/STRAWBERRY-LYCHEE-1.jpg\",\"width\":1655,\"height\":1025,\"caption\":\"STRAWBERRY LYCHEE\"},{\"@type\":\"BreadcrumbList\",\"@id\":\"https:\/\/www.elementvape.de\/pl\/produkt\/entdecken-sie-den-exotischen-geschmack-von-strawberry-lychee-mit-der-bang-20000puff-einweg-e-zigarette-und-dual-mesh-technologie-fuer-maximalen-genuss-bei-jedem-zug\/#breadcrumb\",\"itemListElement\":[{\"@type\":\"ListItem\",\"position\":1,\"name\":\"Home\",\"item\":\"https:\/\/www.elementvape.de\/\"},{\"@type\":\"ListItem\",\"position\":2,\"name\":\"Shop\",\"item\":\"https:\/\/www.elementvape.de\/shop\/\"},{\"@type\":\"ListItem\",\"position\":3,\"name\":\"Entdecken Sie den exotischen Geschmack von STRAWBERRY LYCHEE mit der Bang 20000Puff Einweg-E-Zigarette und Dual Mesh Technologie f\u00fcr maximalen Genuss bei jedem Zug\"}]},{\"@type\":\"WebSite\",\"@id\":\"https:\/\/www.elementvape.de\/#website\",\"url\":\"https:\/\/www.elementvape.de\/\",\"name\":\"ElementVape.de\",\"description\":\"\",\"publisher\":{\"@id\":\"https:\/\/www.elementvape.de\/#organization\"},\"potentialAction\":[{\"@type\":\"SearchAction\",\"target\":{\"@type\":\"EntryPoint\",\"urlTemplate\":\"https:\/\/www.elementvape.de\/?s={search_term_string}\"},\"query-input\":\"required name=search_term_string\"}],\"inLanguage\":\"pl-PL\"},{\"@type\":\"Organization\",\"@id\":\"https:\/\/www.elementvape.de\/#organization\",\"name\":\"ElementVape.DE\",\"url\":\"https:\/\/www.elementvape.de\/\",\"logo\":{\"@type\":\"ImageObject\",\"inLanguage\":\"pl-PL\",\"@id\":\"https:\/\/www.elementvape.de\/#\/schema\/logo\/image\/\",\"url\":\"https:\/\/www.elementvape.de\/wp-content\/uploads\/2024\/09\/cropped-1elementvape-3.png\",\"contentUrl\":\"https:\/\/www.elementvape.de\/wp-content\/uploads\/2024\/09\/cropped-1elementvape-3.png\",\"width\":285,\"height\":228,\"caption\":\"ElementVape.DE\"},\"image\":{\"@id\":\"https:\/\/www.elementvape.de\/#\/schema\/logo\/image\/\"}}]}<\/script>\n<!-- \/ Yoast SEO plugin. -->","yoast_head_json":{"title":"Entdecken Sie den exotischen Geschmack von STRAWBERRY LYCHEE mit der Bang 20000Puff Einweg-E-Zigarette und Dual Mesh Technologie f\u00fcr maximalen Genuss bei jedem Zug | ElementVape.de","description":"Wir bieten Entdecken Sie den exotischen Geschmack von STRAWBERRY LYCHEE mit der Bang 20000Puff Einweg-E-Zigarette und Dual Mesh Technologie f\u00fcr maximalen Genuss bei jedem Zug , Elementvape.de akzeptieren Gro\u00df-und Einzelhandel Bestellungen.","robots":{"index":"index","follow":"follow","max-snippet":"max-snippet:-1","max-image-preview":"max-image-preview:large","max-video-preview":"max-video-preview:-1"},"canonical":"https:\/\/www.elementvape.de\/pl\/produkt\/entdecken-sie-den-exotischen-geschmack-von-strawberry-lychee-mit-der-bang-20000puff-einweg-e-zigarette-und-dual-mesh-technologie-fuer-maximalen-genuss-bei-jedem-zug\/","og_locale":"pl_PL","og_type":"article","og_title":"Entdecken Sie den exotischen Geschmack von STRAWBERRY LYCHEE mit der Bang 20000Puff Einweg-E-Zigarette und Dual Mesh Technologie f\u00fcr maximalen Genuss bei jedem Zug | ElementVape.de","og_description":"Wir bieten Entdecken Sie den exotischen Geschmack von STRAWBERRY LYCHEE mit der Bang 20000Puff Einweg-E-Zigarette und Dual Mesh Technologie f\u00fcr maximalen Genuss bei jedem Zug , Elementvape.de akzeptieren Gro\u00df-und Einzelhandel Bestellungen.","og_url":"https:\/\/www.elementvape.de\/pl\/produkt\/entdecken-sie-den-exotischen-geschmack-von-strawberry-lychee-mit-der-bang-20000puff-einweg-e-zigarette-und-dual-mesh-technologie-fuer-maximalen-genuss-bei-jedem-zug\/","og_site_name":"ElementVape.de","article_modified_time":"2024-10-11T03:46:03+00:00","og_image":[{"width":1655,"height":1025,"url":"https:\/\/www.elementvape.de\/wp-content\/uploads\/2024\/09\/STRAWBERRY-LYCHEE-1.jpg","type":"image\/jpeg"}],"twitter_card":"summary_large_image","twitter_misc":{"Est. reading time":"6 minut"},"schema":{"@context":"https:\/\/schema.org","@graph":[{"@type":"WebPage","@id":"https:\/\/www.elementvape.de\/pl\/produkt\/entdecken-sie-den-exotischen-geschmack-von-strawberry-lychee-mit-der-bang-20000puff-einweg-e-zigarette-und-dual-mesh-technologie-fuer-maximalen-genuss-bei-jedem-zug\/","url":"https:\/\/www.elementvape.de\/pl\/produkt\/entdecken-sie-den-exotischen-geschmack-von-strawberry-lychee-mit-der-bang-20000puff-einweg-e-zigarette-und-dual-mesh-technologie-fuer-maximalen-genuss-bei-jedem-zug\/","name":"Entdecken Sie den exotischen Geschmack von STRAWBERRY LYCHEE mit der Bang 20000Puff Einweg-E-Zigarette und Dual Mesh Technologie f\u00fcr maximalen Genuss bei jedem Zug | ElementVape.de","isPartOf":{"@id":"https:\/\/www.elementvape.de\/#website"},"primaryImageOfPage":{"@id":"https:\/\/www.elementvape.de\/pl\/produkt\/entdecken-sie-den-exotischen-geschmack-von-strawberry-lychee-mit-der-bang-20000puff-einweg-e-zigarette-und-dual-mesh-technologie-fuer-maximalen-genuss-bei-jedem-zug\/#primaryimage"},"image":{"@id":"https:\/\/www.elementvape.de\/pl\/produkt\/entdecken-sie-den-exotischen-geschmack-von-strawberry-lychee-mit-der-bang-20000puff-einweg-e-zigarette-und-dual-mesh-technologie-fuer-maximalen-genuss-bei-jedem-zug\/#primaryimage"},"thumbnailUrl":"https:\/\/www.elementvape.de\/wp-content\/uploads\/2024\/09\/STRAWBERRY-LYCHEE-1.jpg","datePublished":"2024-09-18T08:28:11+00:00","dateModified":"2024-10-11T03:46:03+00:00","description":"Wir bieten Entdecken Sie den exotischen Geschmack von STRAWBERRY LYCHEE mit der Bang 20000Puff Einweg-E-Zigarette und Dual Mesh Technologie f\u00fcr maximalen Genuss bei jedem Zug , Elementvape.de akzeptieren Gro\u00df-und Einzelhandel Bestellungen.","breadcrumb":{"@id":"https:\/\/www.elementvape.de\/pl\/produkt\/entdecken-sie-den-exotischen-geschmack-von-strawberry-lychee-mit-der-bang-20000puff-einweg-e-zigarette-und-dual-mesh-technologie-fuer-maximalen-genuss-bei-jedem-zug\/#breadcrumb"},"inLanguage":"pl-PL","potentialAction":[{"@type":"ReadAction","target":["https:\/\/www.elementvape.de\/pl\/produkt\/entdecken-sie-den-exotischen-geschmack-von-strawberry-lychee-mit-der-bang-20000puff-einweg-e-zigarette-und-dual-mesh-technologie-fuer-maximalen-genuss-bei-jedem-zug\/"]}]},{"@type":"ImageObject","inLanguage":"pl-PL","@id":"https:\/\/www.elementvape.de\/pl\/produkt\/entdecken-sie-den-exotischen-geschmack-von-strawberry-lychee-mit-der-bang-20000puff-einweg-e-zigarette-und-dual-mesh-technologie-fuer-maximalen-genuss-bei-jedem-zug\/#primaryimage","url":"https:\/\/www.elementvape.de\/wp-content\/uploads\/2024\/09\/STRAWBERRY-LYCHEE-1.jpg","contentUrl":"https:\/\/www.elementvape.de\/wp-content\/uploads\/2024\/09\/STRAWBERRY-LYCHEE-1.jpg","width":1655,"height":1025,"caption":"STRAWBERRY LYCHEE"},{"@type":"BreadcrumbList","@id":"https:\/\/www.elementvape.de\/pl\/produkt\/entdecken-sie-den-exotischen-geschmack-von-strawberry-lychee-mit-der-bang-20000puff-einweg-e-zigarette-und-dual-mesh-technologie-fuer-maximalen-genuss-bei-jedem-zug\/#breadcrumb","itemListElement":[{"@type":"ListItem","position":1,"name":"Home","item":"https:\/\/www.elementvape.de\/"},{"@type":"ListItem","position":2,"name":"Shop","item":"https:\/\/www.elementvape.de\/shop\/"},{"@type":"ListItem","position":3,"name":"Entdecken Sie den exotischen Geschmack von STRAWBERRY LYCHEE mit der Bang 20000Puff Einweg-E-Zigarette und Dual Mesh Technologie f\u00fcr maximalen Genuss bei jedem Zug"}]},{"@type":"WebSite","@id":"https:\/\/www.elementvape.de\/#website","url":"https:\/\/www.elementvape.de\/","name":"ElementVape.de","description":"","publisher":{"@id":"https:\/\/www.elementvape.de\/#organization"},"potentialAction":[{"@type":"SearchAction","target":{"@type":"EntryPoint","urlTemplate":"https:\/\/www.elementvape.de\/?s={search_term_string}"},"query-input":"required name=search_term_string"}],"inLanguage":"pl-PL"},{"@type":"Organization","@id":"https:\/\/www.elementvape.de\/#organization","name":"ElementVape.DE","url":"https:\/\/www.elementvape.de\/","logo":{"@type":"ImageObject","inLanguage":"pl-PL","@id":"https:\/\/www.elementvape.de\/#\/schema\/logo\/image\/","url":"https:\/\/www.elementvape.de\/wp-content\/uploads\/2024\/09\/cropped-1elementvape-3.png","contentUrl":"https:\/\/www.elementvape.de\/wp-content\/uploads\/2024\/09\/cropped-1elementvape-3.png","width":285,"height":228,"caption":"ElementVape.DE"},"image":{"@id":"https:\/\/www.elementvape.de\/#\/schema\/logo\/image\/"}}]}},"_links":{"self":[{"href":"https:\/\/www.elementvape.de\/pl\/wp-json\/wp\/v2\/product\/14401"}],"collection":[{"href":"https:\/\/www.elementvape.de\/pl\/wp-json\/wp\/v2\/product"}],"about":[{"href":"https:\/\/www.elementvape.de\/pl\/wp-json\/wp\/v2\/types\/product"}],"wp:featuredmedia":[{"embeddable":true,"href":"https:\/\/www.elementvape.de\/pl\/wp-json\/wp\/v2\/media\/14396"}],"wp:attachment":[{"href":"https:\/\/www.elementvape.de\/pl\/wp-json\/wp\/v2\/media?parent=14401"}],"wp:term":[{"taxonomy":"product_cat","embeddable":true,"href":"https:\/\/www.elementvape.de\/pl\/wp-json\/wp\/v2\/product_cat?post=14401"},{"taxonomy":"product_tag","embeddable":true,"href":"https:\/\/www.elementvape.de\/pl\/wp-json\/wp\/v2\/product_tag?post=14401"}],"curies":[{"name":"wp","href":"https:\/\/api.w.org\/{rel}","templated":true}]}}