{"id":14369,"date":"2024-09-17T08:22:52","date_gmt":"2024-09-17T08:22:52","guid":{"rendered":"https:\/\/www.elementvape.de\/?post_type=product&#038;p=14369"},"modified":"2024-10-09T08:24:57","modified_gmt":"2024-10-09T08:24:57","slug":"kuehle-wassermelone-in-jeder-zug-die-bang-einweg-e-zigarette-mit-36000-puffs-und-mesh-coil-sorgt-fuer-ein-erfrischendes-dampferlebnis","status":"publish","type":"product","link":"https:\/\/www.elementvape.de\/pl\/produkt\/kuehle-wassermelone-in-jeder-zug-die-bang-einweg-e-zigarette-mit-36000-puffs-und-mesh-coil-sorgt-fuer-ein-erfrischendes-dampferlebnis\/","title":{"rendered":"Ch\u0142odny arbuz w ka\u017cdym zaci\u0105gni\u0119ciu. Bang jednorazowy e-papieros z 36000 puffs i Mesh Coil zapewnia orze\u017awiaj\u0105ce doznania dymne"},"content":{"rendered":"<div class=\"flex-shrink-0 flex flex-col relative items-end\">\n<div>\n<div class=\"pt-0\">\n<div class=\"gizmo-bot-avatar flex h-8 w-8 items-center justify-center overflow-hidden rounded-full\">\n<div class=\"relative p-1 rounded-sm flex items-center justify-center bg-token-main-surface-primary text-token-text-primary h-8 w-8\">Dla wszystkich, kt\u00f3rzy pragn\u0105 orze\u017awiaj\u0105cej, ch\u0142odnej eksplozji smaku, jednorazowy e-papieros Bang z 36 000 zaci\u0105gni\u0119\u0107 i grza\u0142k\u0105 Mesh oferuje dok\u0142adnie to, czego szukaj\u0105. Aromat arbuza \u0142\u0105czy s\u0142odk\u0105, soczyst\u0105 \u015bwie\u017co\u015b\u0107 arbuza z orze\u017awiaj\u0105cym efektem ch\u0142odzenia, kt\u00f3ry sprawia, \u017ce ka\u017cde zaci\u0105gni\u0119cie to prawdziwa przyjemno\u015b\u0107. To po\u0142\u0105czenie zapewnia orze\u017awiaj\u0105ce wra\u017cenia z wapowania, kt\u00f3re o\u017cywi\u0105 Ci\u0119 w upalne dni lub po d\u0142ugim dniu.<\/div>\n<\/div>\n<\/div>\n<\/div>\n<\/div>\n<div class=\"group\/conversation-turn relative flex w-full min-w-0 flex-col agent-turn\">\n<div class=\"flex-col gap-1 md:gap-3\">\n<div class=\"flex max-w-full flex-col flex-grow\">\n<div class=\"min-h-[20px] text-message flex w-full flex-col items-end gap-2 whitespace-normal break-words [.text-message+&amp;]:mt-5\" dir=\"auto\" data-message-author-role=\"assistant\" data-message-id=\"142246aa-aa9e-4cc5-81ba-5358e4f22137\">\n<div class=\"flex w-full flex-col gap-1 empty:hidden first:pt-[3px]\">\n<div class=\"markdown prose w-full break-words dark:prose-invert light\">\n<p>Aromat arbuza w jednorazowym e-papierosie Bang 36000 Puffs oferuje doznania smakowe, kt\u00f3re s\u0105 zar\u00f3wno s\u0142odkie, jak i orze\u017awiaj\u0105ce:<\/p>\n<ul>\n<li>S\u0142odka owocowo\u015b\u0107: Smak dojrza\u0142ych, soczystych arbuz\u00f3w wnosi naturaln\u0105 s\u0142odycz do ka\u017cdego zaci\u0105gni\u0119cia, kt\u00f3ra jest przyjemna i satysfakcjonuj\u0105ca.<\/li>\n<li>Orze\u017awiaj\u0105cy ch\u0142\u00f3d: Lekki ch\u0142\u00f3d dodany do aromatu arbuza zapewnia dodatkowy wymiar, kt\u00f3ry sprawia, \u017ce wapowanie jest szczeg\u00f3lnie orze\u017awiaj\u0105ce.<\/li>\n<\/ul>\n<p>To po\u0142\u0105czenie s\u0142odkiej owocowo\u015bci i orze\u017awiaj\u0105cego ch\u0142odu sprawia, \u017ce aromat arbuza jest idealnym wyborem dla waper\u00f3w, kt\u00f3rzy szukaj\u0105 przyjemnych i jednocze\u015bnie orze\u017awiaj\u0105cych dozna\u0144 smakowych.<\/p>\n<h3>36 000 zaci\u0105gni\u0119\u0107 \u2013 dla d\u0142ugotrwa\u0142ej przyjemno\u015bci bez komplikacji<\/h3>\n<p>Dzi\u0119ki zdolno\u015bci, <strong><a href=\"https:\/\/www.elementvape.de\/pl\/p-tag\/vaep-36000-zuege\/\" target=\"_blank\" rel=\"noopener\">36000 puf\u00f3w<\/a><\/strong> Bang Einweg-E-Zigarette bietet eine beeindruckende Lebensdauer, die f\u00fcr Wochenlangen Genuss sorgt. Diese hohe Kapazit\u00e4t bedeutet, dass Sie sich keine Gedanken \u00fcber Nachf\u00fcllen oder das Ersetzen von Coils machen m\u00fcssen. Einfach das Ger\u00e4t verwenden und den dauerhaften Genuss der k\u00fchlen Wassermelone genie\u00dfen.<\/p>\n<h3>Grza\u0142ka Mesh \u2013 dla intensywnego smaku i obfitej pary<\/h3>\n<p>Technologia grza\u0142ki Mesh w jednorazowym e-papierosie Bang 36 000 Puffs zapewnia wyj\u0105tkowe doznania smakowe i g\u0119ste chmury pary:<\/p>\n<ul>\n<li>Szybkie i r\u00f3wnomierne nagrzewanie: Grza\u0142ka Mesh nagrzewa e-liquid r\u00f3wnomiernie i wydajnie, co prowadzi do intensywnego i sta\u0142ego smaku.<\/li>\n<li>Czysty smak: Dzi\u0119ki r\u00f3wnomiernemu nagrzewaniu smak arbuza pozostaje \u015bwie\u017cy i czysty, dzi\u0119ki czemu ka\u017cde zaci\u0105gni\u0119cie oferuje pe\u0142ny smak ch\u0142odnego owocu.<\/li>\n<li>G\u0119ste chmury pary: Grza\u0142ka Mesh wytwarza wi\u0119ksze, g\u0119stsze chmury pary, kt\u00f3re wzbogacaj\u0105 wra\u017cenia z wapowania wizualnie i smakowo.<\/li>\n<\/ul>\n<h3>Port \u0142adowania Typ-C \u2013 dla nieskomplikowanego \u0142adowania<\/h3>\n<p>Port \u0142adowania Typ-C umo\u017cliwia szybkie i wygodne \u0142adowanie Bang 36 000 Puffs <strong><a href=\"https:\/\/www.elementvape.de\/pl\/c\/einweg-zigarette\/\">Jednorazowa e-papieros<\/a><\/strong>, gdy jest to konieczne. Ten nowoczesny port \u0142adowania zapewnia, \u017ce szybko b\u0119dziesz gotowy, aby cieszy\u0107 si\u0119 ch\u0142odnym smakiem arbuza, bez konieczno\u015bci d\u0142ugiego \u0142adowania.<\/p>\n<h3>Ch\u0142odny arbuz w ka\u017cdym zaci\u0105gni\u0119ciu \u2013 Jednorazowy e-papieros Bang 36 000 Puffs dla orze\u017awiaj\u0105cego wapowania<\/h3>\n<p>Jednorazowy e-papieros Bang 36000 Puffs z aromatem arbuza oferuje wyj\u0105tkowe wra\u017cenia z wapowania, kt\u00f3re s\u0105 intensyfikowane przez technologi\u0119 grza\u0142ki Mesh. Dzi\u0119ki imponuj\u0105cej pojemno\u015bci 36 000 zaci\u0105gni\u0119\u0107 i portowi \u0142adowania Typ-C zapewnia to <strong><a href=\"https:\/\/www.elementvape.de\/pl\/\" target=\"_blank\" rel=\"noopener\">E-papieros<\/a><\/strong> d\u0142ugotrwa\u0142\u0105 i orze\u017awiaj\u0105c\u0105 przyjemno\u015b\u0107. Do\u015bwiadcz idealnego po\u0142\u0105czenia s\u0142odkiej owocowo\u015bci i orze\u017awiaj\u0105cego ch\u0142odu z ka\u017cdym zaci\u0105gni\u0119ciem i ciesz si\u0119 wapowaniem, kt\u00f3re przekonuje zar\u00f3wno smakiem, jak i wygl\u0105dem.<\/p>\n<\/div>\n<\/div>\n<\/div>\n<\/div>\n<\/div>\n<\/div>","protected":false},"excerpt":{"rendered":"<p>F\u00fcr alle, die sich nach einer erfrischenden, k\u00fchlen Geschmacksexplosion sehnen, bietet die Bang Einweg-E-Zigarette mit 36.000 Puffs und Mesh Coil genau das richtige Erlebnis. Das Wassermelonen-Aroma vereint die s\u00fc\u00dfe, saftige Frische der Wassermelone mit einem erfrischenden K\u00fchleffekt, der jeden Zug zu einem echten Genuss macht. Diese Kombination sorgt f\u00fcr ein erfrischendes Dampferlebnis, das Sie an [&hellip;]<\/p>","protected":false},"featured_media":14370,"template":"","meta":{"inline_featured_image":false},"product_cat":[15,760,78,750,737,736,749,752,756],"product_tag":[710,761],"tiered_pricing_type":"fixed","tiered_pricing_fixed_rules":{"60":"9.4","110":"8.35","200":"7.31"},"tiered_pricing_percentage_rules":[],"tiered_pricing_minimum":1,"_administrator_tiered_pricing_type":"fixed","_administrator_tiered_pricing_fixed_rules":[],"_editor_tiered_pricing_type":"fixed","_editor_tiered_pricing_fixed_rules":[],"_author_tiered_pricing_type":"fixed","_author_tiered_pricing_fixed_rules":[],"_contributor_tiered_pricing_type":"fixed","_contributor_tiered_pricing_fixed_rules":[],"_subscriber_tiered_pricing_type":"fixed","_subscriber_tiered_pricing_fixed_rules":[],"_customer_tiered_pricing_type":"fixed","_customer_tiered_pricing_fixed_rules":[],"_shop_manager_tiered_pricing_type":"fixed","_shop_manager_tiered_pricing_fixed_rules":[],"_wpseo_manager_tiered_pricing_type":"fixed","_wpseo_manager_tiered_pricing_fixed_rules":[],"_wpseo_editor_tiered_pricing_type":"fixed","_wpseo_editor_tiered_pricing_fixed_rules":[],"_wholesale_customer_tiered_pricing_type":"fixed","_wholesale_customer_tiered_pricing_fixed_rules":[],"_marketer_tiered_pricing_type":"fixed","_marketer_tiered_pricing_fixed_rules":[],"_sales_manager_tiered_pricing_type":"fixed","_sales_manager_tiered_pricing_fixed_rules":[],"_sales_rep_tiered_pricing_type":"fixed","_sales_rep_tiered_pricing_fixed_rules":[],"yoast_head":"<!-- This site is optimized with the Yoast SEO plugin v23.3 - https:\/\/yoast.com\/wordpress\/plugins\/seo\/ -->\n<title>K\u00fchle Wassermelone in jeder Zug Die Bang Einweg-E-Zigarette mit 36000 Puffs und Mesh Coil sorgt f\u00fcr ein erfrischendes Dampferlebnis | ElementVape.de<\/title>\n<meta name=\"description\" content=\"Wir bieten K\u00fchle Wassermelone in jeder Zug Die Bang Einweg-E-Zigarette mit 36000 Puffs und Mesh Coil sorgt f\u00fcr ein erfrischendes Dampferlebnis , Elementvape.de akzeptieren Gro\u00df-und Einzelhandel Bestellungen.\" \/>\n<meta name=\"robots\" content=\"index, follow, max-snippet:-1, max-image-preview:large, max-video-preview:-1\" \/>\n<link rel=\"canonical\" href=\"https:\/\/www.elementvape.de\/pl\/produkt\/kuehle-wassermelone-in-jeder-zug-die-bang-einweg-e-zigarette-mit-36000-puffs-und-mesh-coil-sorgt-fuer-ein-erfrischendes-dampferlebnis\/\" \/>\n<meta property=\"og:locale\" content=\"pl_PL\" \/>\n<meta property=\"og:type\" content=\"article\" \/>\n<meta property=\"og:title\" content=\"K\u00fchle Wassermelone in jeder Zug Die Bang Einweg-E-Zigarette mit 36000 Puffs und Mesh Coil sorgt f\u00fcr ein erfrischendes Dampferlebnis | ElementVape.de\" \/>\n<meta property=\"og:description\" content=\"Wir bieten K\u00fchle Wassermelone in jeder Zug Die Bang Einweg-E-Zigarette mit 36000 Puffs und Mesh Coil sorgt f\u00fcr ein erfrischendes Dampferlebnis , Elementvape.de akzeptieren Gro\u00df-und Einzelhandel Bestellungen.\" \/>\n<meta property=\"og:url\" content=\"https:\/\/www.elementvape.de\/pl\/produkt\/kuehle-wassermelone-in-jeder-zug-die-bang-einweg-e-zigarette-mit-36000-puffs-und-mesh-coil-sorgt-fuer-ein-erfrischendes-dampferlebnis\/\" \/>\n<meta property=\"og:site_name\" content=\"ElementVape.de\" \/>\n<meta property=\"article:modified_time\" content=\"2024-10-09T08:24:57+00:00\" \/>\n<meta property=\"og:image\" content=\"https:\/\/www.elementvape.de\/wp-content\/uploads\/2024\/09\/WATERMELON-1-scaled.jpg\" \/>\n\t<meta property=\"og:image:width\" content=\"2560\" \/>\n\t<meta property=\"og:image:height\" content=\"2249\" \/>\n\t<meta property=\"og:image:type\" content=\"image\/jpeg\" \/>\n<meta name=\"twitter:card\" content=\"summary_large_image\" \/>\n<meta name=\"twitter:label1\" content=\"Est. reading time\" \/>\n\t<meta name=\"twitter:data1\" content=\"3 minuty\" \/>\n<script type=\"application\/ld+json\" class=\"yoast-schema-graph\">{\"@context\":\"https:\/\/schema.org\",\"@graph\":[{\"@type\":\"WebPage\",\"@id\":\"https:\/\/www.elementvape.de\/produkt\/kuehle-wassermelone-in-jeder-zug-die-bang-einweg-e-zigarette-mit-36000-puffs-und-mesh-coil-sorgt-fuer-ein-erfrischendes-dampferlebnis\/\",\"url\":\"https:\/\/www.elementvape.de\/produkt\/kuehle-wassermelone-in-jeder-zug-die-bang-einweg-e-zigarette-mit-36000-puffs-und-mesh-coil-sorgt-fuer-ein-erfrischendes-dampferlebnis\/\",\"name\":\"K\u00fchle Wassermelone in jeder Zug Die Bang Einweg-E-Zigarette mit 36000 Puffs und Mesh Coil sorgt f\u00fcr ein erfrischendes Dampferlebnis | ElementVape.de\",\"isPartOf\":{\"@id\":\"https:\/\/www.elementvape.de\/#website\"},\"primaryImageOfPage\":{\"@id\":\"https:\/\/www.elementvape.de\/produkt\/kuehle-wassermelone-in-jeder-zug-die-bang-einweg-e-zigarette-mit-36000-puffs-und-mesh-coil-sorgt-fuer-ein-erfrischendes-dampferlebnis\/#primaryimage\"},\"image\":{\"@id\":\"https:\/\/www.elementvape.de\/produkt\/kuehle-wassermelone-in-jeder-zug-die-bang-einweg-e-zigarette-mit-36000-puffs-und-mesh-coil-sorgt-fuer-ein-erfrischendes-dampferlebnis\/#primaryimage\"},\"thumbnailUrl\":\"https:\/\/www.elementvape.de\/wp-content\/uploads\/2024\/09\/WATERMELON-1-scaled.jpg\",\"datePublished\":\"2024-09-17T08:22:52+00:00\",\"dateModified\":\"2024-10-09T08:24:57+00:00\",\"description\":\"Wir bieten K\u00fchle Wassermelone in jeder Zug Die Bang Einweg-E-Zigarette mit 36000 Puffs und Mesh Coil sorgt f\u00fcr ein erfrischendes Dampferlebnis , Elementvape.de akzeptieren Gro\u00df-und Einzelhandel Bestellungen.\",\"breadcrumb\":{\"@id\":\"https:\/\/www.elementvape.de\/produkt\/kuehle-wassermelone-in-jeder-zug-die-bang-einweg-e-zigarette-mit-36000-puffs-und-mesh-coil-sorgt-fuer-ein-erfrischendes-dampferlebnis\/#breadcrumb\"},\"inLanguage\":\"pl-PL\",\"potentialAction\":[{\"@type\":\"ReadAction\",\"target\":[\"https:\/\/www.elementvape.de\/produkt\/kuehle-wassermelone-in-jeder-zug-die-bang-einweg-e-zigarette-mit-36000-puffs-und-mesh-coil-sorgt-fuer-ein-erfrischendes-dampferlebnis\/\"]}]},{\"@type\":\"ImageObject\",\"inLanguage\":\"pl-PL\",\"@id\":\"https:\/\/www.elementvape.de\/produkt\/kuehle-wassermelone-in-jeder-zug-die-bang-einweg-e-zigarette-mit-36000-puffs-und-mesh-coil-sorgt-fuer-ein-erfrischendes-dampferlebnis\/#primaryimage\",\"url\":\"https:\/\/www.elementvape.de\/wp-content\/uploads\/2024\/09\/WATERMELON-1-scaled.jpg\",\"contentUrl\":\"https:\/\/www.elementvape.de\/wp-content\/uploads\/2024\/09\/WATERMELON-1-scaled.jpg\",\"width\":2560,\"height\":2249,\"caption\":\"WATERMELON\"},{\"@type\":\"BreadcrumbList\",\"@id\":\"https:\/\/www.elementvape.de\/produkt\/kuehle-wassermelone-in-jeder-zug-die-bang-einweg-e-zigarette-mit-36000-puffs-und-mesh-coil-sorgt-fuer-ein-erfrischendes-dampferlebnis\/#breadcrumb\",\"itemListElement\":[{\"@type\":\"ListItem\",\"position\":1,\"name\":\"Home\",\"item\":\"https:\/\/www.elementvape.de\/\"},{\"@type\":\"ListItem\",\"position\":2,\"name\":\"Shop\",\"item\":\"https:\/\/www.elementvape.de\/shop\/\"},{\"@type\":\"ListItem\",\"position\":3,\"name\":\"K\u00fchle Wassermelone in jeder Zug Die Bang Einweg-E-Zigarette mit 36000 Puffs und Mesh Coil sorgt f\u00fcr ein erfrischendes Dampferlebnis\"}]},{\"@type\":\"WebSite\",\"@id\":\"https:\/\/www.elementvape.de\/#website\",\"url\":\"https:\/\/www.elementvape.de\/\",\"name\":\"ElementVape.de\",\"description\":\"\",\"publisher\":{\"@id\":\"https:\/\/www.elementvape.de\/#organization\"},\"potentialAction\":[{\"@type\":\"SearchAction\",\"target\":{\"@type\":\"EntryPoint\",\"urlTemplate\":\"https:\/\/www.elementvape.de\/?s={search_term_string}\"},\"query-input\":\"required name=search_term_string\"}],\"inLanguage\":\"pl-PL\"},{\"@type\":\"Organization\",\"@id\":\"https:\/\/www.elementvape.de\/#organization\",\"name\":\"ElementVape.DE\",\"url\":\"https:\/\/www.elementvape.de\/\",\"logo\":{\"@type\":\"ImageObject\",\"inLanguage\":\"pl-PL\",\"@id\":\"https:\/\/www.elementvape.de\/#\/schema\/logo\/image\/\",\"url\":\"https:\/\/www.elementvape.de\/wp-content\/uploads\/2024\/09\/cropped-1elementvape-3.png\",\"contentUrl\":\"https:\/\/www.elementvape.de\/wp-content\/uploads\/2024\/09\/cropped-1elementvape-3.png\",\"width\":285,\"height\":228,\"caption\":\"ElementVape.DE\"},\"image\":{\"@id\":\"https:\/\/www.elementvape.de\/#\/schema\/logo\/image\/\"}}]}<\/script>\n<!-- \/ Yoast SEO plugin. -->","yoast_head_json":{"title":"K\u00fchle Wassermelone in jeder Zug Die Bang Einweg-E-Zigarette mit 36000 Puffs und Mesh Coil sorgt f\u00fcr ein erfrischendes Dampferlebnis | ElementVape.de","description":"Wir bieten K\u00fchle Wassermelone in jeder Zug Die Bang Einweg-E-Zigarette mit 36000 Puffs und Mesh Coil sorgt f\u00fcr ein erfrischendes Dampferlebnis , Elementvape.de akzeptieren Gro\u00df-und Einzelhandel Bestellungen.","robots":{"index":"index","follow":"follow","max-snippet":"max-snippet:-1","max-image-preview":"max-image-preview:large","max-video-preview":"max-video-preview:-1"},"canonical":"https:\/\/www.elementvape.de\/pl\/produkt\/kuehle-wassermelone-in-jeder-zug-die-bang-einweg-e-zigarette-mit-36000-puffs-und-mesh-coil-sorgt-fuer-ein-erfrischendes-dampferlebnis\/","og_locale":"pl_PL","og_type":"article","og_title":"K\u00fchle Wassermelone in jeder Zug Die Bang Einweg-E-Zigarette mit 36000 Puffs und Mesh Coil sorgt f\u00fcr ein erfrischendes Dampferlebnis | ElementVape.de","og_description":"Wir bieten K\u00fchle Wassermelone in jeder Zug Die Bang Einweg-E-Zigarette mit 36000 Puffs und Mesh Coil sorgt f\u00fcr ein erfrischendes Dampferlebnis , Elementvape.de akzeptieren Gro\u00df-und Einzelhandel Bestellungen.","og_url":"https:\/\/www.elementvape.de\/pl\/produkt\/kuehle-wassermelone-in-jeder-zug-die-bang-einweg-e-zigarette-mit-36000-puffs-und-mesh-coil-sorgt-fuer-ein-erfrischendes-dampferlebnis\/","og_site_name":"ElementVape.de","article_modified_time":"2024-10-09T08:24:57+00:00","og_image":[{"width":2560,"height":2249,"url":"https:\/\/www.elementvape.de\/wp-content\/uploads\/2024\/09\/WATERMELON-1-scaled.jpg","type":"image\/jpeg"}],"twitter_card":"summary_large_image","twitter_misc":{"Est. reading time":"3 minuty"},"schema":{"@context":"https:\/\/schema.org","@graph":[{"@type":"WebPage","@id":"https:\/\/www.elementvape.de\/produkt\/kuehle-wassermelone-in-jeder-zug-die-bang-einweg-e-zigarette-mit-36000-puffs-und-mesh-coil-sorgt-fuer-ein-erfrischendes-dampferlebnis\/","url":"https:\/\/www.elementvape.de\/produkt\/kuehle-wassermelone-in-jeder-zug-die-bang-einweg-e-zigarette-mit-36000-puffs-und-mesh-coil-sorgt-fuer-ein-erfrischendes-dampferlebnis\/","name":"K\u00fchle Wassermelone in jeder Zug Die Bang Einweg-E-Zigarette mit 36000 Puffs und Mesh Coil sorgt f\u00fcr ein erfrischendes Dampferlebnis | ElementVape.de","isPartOf":{"@id":"https:\/\/www.elementvape.de\/#website"},"primaryImageOfPage":{"@id":"https:\/\/www.elementvape.de\/produkt\/kuehle-wassermelone-in-jeder-zug-die-bang-einweg-e-zigarette-mit-36000-puffs-und-mesh-coil-sorgt-fuer-ein-erfrischendes-dampferlebnis\/#primaryimage"},"image":{"@id":"https:\/\/www.elementvape.de\/produkt\/kuehle-wassermelone-in-jeder-zug-die-bang-einweg-e-zigarette-mit-36000-puffs-und-mesh-coil-sorgt-fuer-ein-erfrischendes-dampferlebnis\/#primaryimage"},"thumbnailUrl":"https:\/\/www.elementvape.de\/wp-content\/uploads\/2024\/09\/WATERMELON-1-scaled.jpg","datePublished":"2024-09-17T08:22:52+00:00","dateModified":"2024-10-09T08:24:57+00:00","description":"Wir bieten K\u00fchle Wassermelone in jeder Zug Die Bang Einweg-E-Zigarette mit 36000 Puffs und Mesh Coil sorgt f\u00fcr ein erfrischendes Dampferlebnis , Elementvape.de akzeptieren Gro\u00df-und Einzelhandel Bestellungen.","breadcrumb":{"@id":"https:\/\/www.elementvape.de\/produkt\/kuehle-wassermelone-in-jeder-zug-die-bang-einweg-e-zigarette-mit-36000-puffs-und-mesh-coil-sorgt-fuer-ein-erfrischendes-dampferlebnis\/#breadcrumb"},"inLanguage":"pl-PL","potentialAction":[{"@type":"ReadAction","target":["https:\/\/www.elementvape.de\/produkt\/kuehle-wassermelone-in-jeder-zug-die-bang-einweg-e-zigarette-mit-36000-puffs-und-mesh-coil-sorgt-fuer-ein-erfrischendes-dampferlebnis\/"]}]},{"@type":"ImageObject","inLanguage":"pl-PL","@id":"https:\/\/www.elementvape.de\/produkt\/kuehle-wassermelone-in-jeder-zug-die-bang-einweg-e-zigarette-mit-36000-puffs-und-mesh-coil-sorgt-fuer-ein-erfrischendes-dampferlebnis\/#primaryimage","url":"https:\/\/www.elementvape.de\/wp-content\/uploads\/2024\/09\/WATERMELON-1-scaled.jpg","contentUrl":"https:\/\/www.elementvape.de\/wp-content\/uploads\/2024\/09\/WATERMELON-1-scaled.jpg","width":2560,"height":2249,"caption":"WATERMELON"},{"@type":"BreadcrumbList","@id":"https:\/\/www.elementvape.de\/produkt\/kuehle-wassermelone-in-jeder-zug-die-bang-einweg-e-zigarette-mit-36000-puffs-und-mesh-coil-sorgt-fuer-ein-erfrischendes-dampferlebnis\/#breadcrumb","itemListElement":[{"@type":"ListItem","position":1,"name":"Home","item":"https:\/\/www.elementvape.de\/"},{"@type":"ListItem","position":2,"name":"Shop","item":"https:\/\/www.elementvape.de\/shop\/"},{"@type":"ListItem","position":3,"name":"K\u00fchle Wassermelone in jeder Zug Die Bang Einweg-E-Zigarette mit 36000 Puffs und Mesh Coil sorgt f\u00fcr ein erfrischendes Dampferlebnis"}]},{"@type":"WebSite","@id":"https:\/\/www.elementvape.de\/#website","url":"https:\/\/www.elementvape.de\/","name":"ElementVape.de","description":"","publisher":{"@id":"https:\/\/www.elementvape.de\/#organization"},"potentialAction":[{"@type":"SearchAction","target":{"@type":"EntryPoint","urlTemplate":"https:\/\/www.elementvape.de\/?s={search_term_string}"},"query-input":"required name=search_term_string"}],"inLanguage":"pl-PL"},{"@type":"Organization","@id":"https:\/\/www.elementvape.de\/#organization","name":"ElementVape.DE","url":"https:\/\/www.elementvape.de\/","logo":{"@type":"ImageObject","inLanguage":"pl-PL","@id":"https:\/\/www.elementvape.de\/#\/schema\/logo\/image\/","url":"https:\/\/www.elementvape.de\/wp-content\/uploads\/2024\/09\/cropped-1elementvape-3.png","contentUrl":"https:\/\/www.elementvape.de\/wp-content\/uploads\/2024\/09\/cropped-1elementvape-3.png","width":285,"height":228,"caption":"ElementVape.DE"},"image":{"@id":"https:\/\/www.elementvape.de\/#\/schema\/logo\/image\/"}}]}},"_links":{"self":[{"href":"https:\/\/www.elementvape.de\/pl\/wp-json\/wp\/v2\/product\/14369"}],"collection":[{"href":"https:\/\/www.elementvape.de\/pl\/wp-json\/wp\/v2\/product"}],"about":[{"href":"https:\/\/www.elementvape.de\/pl\/wp-json\/wp\/v2\/types\/product"}],"wp:featuredmedia":[{"embeddable":true,"href":"https:\/\/www.elementvape.de\/pl\/wp-json\/wp\/v2\/media\/14370"}],"wp:attachment":[{"href":"https:\/\/www.elementvape.de\/pl\/wp-json\/wp\/v2\/media?parent=14369"}],"wp:term":[{"taxonomy":"product_cat","embeddable":true,"href":"https:\/\/www.elementvape.de\/pl\/wp-json\/wp\/v2\/product_cat?post=14369"},{"taxonomy":"product_tag","embeddable":true,"href":"https:\/\/www.elementvape.de\/pl\/wp-json\/wp\/v2\/product_tag?post=14369"}],"curies":[{"name":"wp","href":"https:\/\/api.w.org\/{rel}","templated":true}]}}