{"id":14367,"date":"2024-09-17T07:50:05","date_gmt":"2024-09-17T07:50:05","guid":{"rendered":"https:\/\/www.elementvape.de\/?post_type=product&#038;p=14367"},"modified":"2024-10-09T08:19:02","modified_gmt":"2024-10-09T08:19:02","slug":"fruchtige-blaubeere-trifft-auf-eisige-kuehle-die-bang-36000-puffs-einweg-e-zigarette-mit-mesh-coil-fuer-ein-unvergessliches-blueberry-ice-erlebnis","status":"publish","type":"product","link":"https:\/\/www.elementvape.de\/pl\/produkt\/fruchtige-blaubeere-trifft-auf-eisige-kuehle-die-bang-36000-puffs-einweg-e-zigarette-mit-mesh-coil-fuer-ein-unvergessliches-blueberry-ice-erlebnis\/","title":{"rendered":"Owocowa s\u0142odycz bor\u00f3wki spotyka si\u0119 z lodowat\u0105 ch\u0142od\u0105. Jednorazowy e-papieros Bang 36000 Puffs z Mesh Coil dla niezapomnianego do\u015bwiadczenia Blueberry Ice"},"content":{"rendered":"<p>Do\u015bwiadcz idealnego po\u0142\u0105czenia owocowej s\u0142odyczy i orze\u017awiaj\u0105cej ch\u0142odno\u015bci z jednorazow\u0105 e-papierosem Bang 36000 Puffs. Aromat Blueberry Ice \u0142\u0105czy soczyst\u0105 s\u0142odycz dojrza\u0142ych bor\u00f3wek z lodowym efektem ch\u0142odzenia, kt\u00f3ry sprawia, \u017ce ka\u017cdy zaci\u0105gni\u0119cie si\u0119 jest orze\u017awiaj\u0105cym prze\u017cyciem. Wyposa\u017cony w zaawansowan\u0105 technologi\u0119 Mesh Coil, ten urz\u0105dzenie gwarantuje nie tylko intensywny smak, ale tak\u017ce wyj\u0105tkow\u0105 jako\u015b\u0107 pary.<\/p>\n<h3>Blueberry Ice: Po\u0142\u0105czenie owocowej s\u0142odyczy i lodowej \u015bwie\u017co\u015bci<\/h3>\n<p>Aromat Blueberry Ice oferuje unikalne po\u0142\u0105czenie:<\/p>\n<ul>\n<li>Soczystych bor\u00f3wek: Naturalne nuty s\u0142odyczy dojrza\u0142ych bor\u00f3wek zapewniaj\u0105 kulinarne doznanie, kt\u00f3re rozpieszcza Twoje kubki smakowe. Owocowa s\u0142odycz jest pe\u0142na i przyjemna.<\/li>\n<li>Lodowego ch\u0142odu: Efekt ch\u0142odzenia zapewnia orze\u017awiaj\u0105cy akcent, kt\u00f3ry dodaje s\u0142odkiemu smakowi bor\u00f3wki dodatkowego orze\u017awienia. Ta lodowa nuta doskonale dope\u0142nia aromat i zamienia ka\u017cde zaci\u0105gni\u0119cie si\u0119 w od\u015bwie\u017caj\u0105ce prze\u017cycie.<\/li>\n<\/ul>\n<p>Ten harmonijny miks owocowej s\u0142odyczy i lodowej \u015bwie\u017co\u015bci oferuje zr\u00f3wnowa\u017con\u0105 kombinacj\u0119 smak\u00f3w, kt\u00f3ra jest orze\u017awiaj\u0105ca zar\u00f3wno w gor\u0105ce dni, jak i o ka\u017cdej porze roku.<\/p>\n<p>Z pojemno\u015bci\u0105 na 36000 zaci\u0105gni\u0119\u0107, Bang zapewnia <strong><a href=\"https:\/\/www.elementvape.de\/pl\/c\/einweg-zigarette\/\" target=\"_blank\" rel=\"noopener\">Jednorazowa e-papieros<\/a><\/strong> wyj\u0105tkowo d\u0142ugotrwa\u0142e do\u015bwiadczenie parowania. Ta imponuj\u0105ca liczba zaci\u0105gni\u0119\u0107 pozwala cieszy\u0107 si\u0119 aromatem Blueberry Ice przez tygodnie, nie martwi\u0105c si\u0119 o uzupe\u0142nianie czy konserwacj\u0119. Idealne dla palaczy, kt\u00f3rzy szukaj\u0105 niezawodnego i d\u0142ugoterminowego do\u015bwiadczenia parowania.<\/p>\n<h3>Mesh Coil \u2013 Maksymalna intensywno\u015b\u0107 smaku i du\u017ce chmury pary<\/h3>\n<p>Technologia Mesh Coil jest sercem Bang 36.000 Puffs i zapewnia:<\/p>\n<ul>\n<li>Intensywne doznania smakowe: Wi\u0119ksza powierzchnia grzewcza Mesh Coil umo\u017cliwia r\u00f3wnomierne i efektywne podgrzewanie e-liquidu, dzi\u0119ki czemu owocowe i ch\u0142odne nuty aromatu Blueberry Ice s\u0105 wyra\u017anie wyczuwalne.<\/li>\n<li>Szybkie nagrzewanie: Dzi\u0119ki r\u00f3wnomiernemu rozk\u0142adowi ciep\u0142a e-liquid jest podgrzewany r\u00f3wnomiernie, co prowadzi do sta\u0142ego wysokiego smaku.<\/li>\n<li>G\u0119ste chmury pary: Mesh Coil produkuje wi\u0119ksze, g\u0119stsze chmury pary, kt\u00f3re wizualnie wzmacniaj\u0105 do\u015bwiadczenie i intensyfikuj\u0105 aromat.<\/li>\n<\/ul>\n<p>Chocia\u017c Bang 36.000 Puffs jest zaprojektowany na d\u0142ug\u0105 \u017cywotno\u015b\u0107, mo\u017ce by\u0107 konieczne na\u0142adowanie akumulatora. Port \u0142adowania typu C umo\u017cliwia szybkie i bezproblemowe \u0142adowanie, dzi\u0119ki czemu mo\u017cna korzysta\u0107 z pe\u0142nej pojemno\u015bci urz\u0105dzenia bez d\u0142ugiego oczekiwania. To zwi\u0119ksza wygod\u0119 u\u017cytkowania i zapewnia nieprzerwane do\u015bwiadczenie parowania.<\/p>\n<h3>Blueberry Ice \u2013 Owocowy i lodowy hit z jednorazowym e-papierosem Bang 36000 Puffs<\/h3>\n<p>Jednorazowy e-papieros Bang 36.000 Puffs z aromatem Blueberry Ice zapewnia niezapomniane doznania, kt\u00f3re wyr\u00f3\u017cniaj\u0105 si\u0119 po\u0142\u0105czeniem s\u0142odkich bor\u00f3wek i orze\u017awiaj\u0105cej ch\u0142odno\u015bci. Zaawansowana technologia Mesh Coil gwarantuje, \u017ce smak pozostaje intensywny i sp\u00f3jny, a g\u0119ste chmury pary wizualnie wzbogacaj\u0105 do\u015bwiadczenie. Z imponuj\u0105c\u0105 pojemno\u015bci\u0105 <strong><a href=\"https:\/\/www.elementvape.de\/pl\/p-tag\/vaep-36000-zuege\/\" target=\"_blank\" rel=\"noopener\">36000 wdech\u00f3w<\/a><\/strong> oraz praktycznym portem \u0142adowania typu C, ten e-papieros jest doskona\u0142ym wyborem dla wszystkich, kt\u00f3rzy szukaj\u0105 intensywnego smaku i wysokiej wydajno\u015bci w jednym urz\u0105dzeniu.<\/p>","protected":false},"excerpt":{"rendered":"<p>Erleben Sie den perfekten Mix aus fruchtiger S\u00fc\u00dfe und erfrischender K\u00fchle mit der Bang 36000 Puffs Einweg-E-Zigarette. Das Blueberry Ice-Aroma kombiniert die saftige S\u00fc\u00dfe von reifen Blaubeeren mit einem eisigen K\u00fchleffekt, der jeden Zug zu einem erfrischenden Erlebnis macht. Ausgestattet mit der fortschrittlichen Mesh Coil-Technologie, garantiert dieses Ger\u00e4t nicht nur intensiven Geschmack, sondern auch eine [&hellip;]<\/p>","protected":false},"featured_media":14351,"template":"","meta":{"inline_featured_image":false},"product_cat":[15,760,78,750,737,736,749,752,756],"product_tag":[710,761],"tiered_pricing_type":"fixed","tiered_pricing_fixed_rules":{"60":"9.4","110":"8.35","200":"7.31"},"tiered_pricing_percentage_rules":[],"tiered_pricing_minimum":1,"_administrator_tiered_pricing_type":"fixed","_administrator_tiered_pricing_fixed_rules":[],"_editor_tiered_pricing_type":"fixed","_editor_tiered_pricing_fixed_rules":[],"_author_tiered_pricing_type":"fixed","_author_tiered_pricing_fixed_rules":[],"_contributor_tiered_pricing_type":"fixed","_contributor_tiered_pricing_fixed_rules":[],"_subscriber_tiered_pricing_type":"fixed","_subscriber_tiered_pricing_fixed_rules":[],"_customer_tiered_pricing_type":"fixed","_customer_tiered_pricing_fixed_rules":[],"_shop_manager_tiered_pricing_type":"fixed","_shop_manager_tiered_pricing_fixed_rules":[],"_wpseo_manager_tiered_pricing_type":"fixed","_wpseo_manager_tiered_pricing_fixed_rules":[],"_wpseo_editor_tiered_pricing_type":"fixed","_wpseo_editor_tiered_pricing_fixed_rules":[],"_wholesale_customer_tiered_pricing_type":"fixed","_wholesale_customer_tiered_pricing_fixed_rules":[],"_marketer_tiered_pricing_type":"fixed","_marketer_tiered_pricing_fixed_rules":[],"_sales_manager_tiered_pricing_type":"fixed","_sales_manager_tiered_pricing_fixed_rules":[],"_sales_rep_tiered_pricing_type":"fixed","_sales_rep_tiered_pricing_fixed_rules":[],"yoast_head":"<!-- This site is optimized with the Yoast SEO plugin v23.3 - https:\/\/yoast.com\/wordpress\/plugins\/seo\/ -->\n<title>Fruchtige Blaubeere trifft auf eisige K\u00fchle Die Bang 36000 Puffs Einweg-E-Zigarette mit Mesh Coil f\u00fcr ein unvergessliches Blueberry Ice Erlebnis | ElementVape.de<\/title>\n<meta name=\"description\" content=\"Wir bieten Fruchtige Blaubeere trifft auf eisige K\u00fchle Die Bang 36000 Puffs Einweg-E-Zigarette mit Mesh Coil f\u00fcr ein unvergessliches Blueberry Ice Erlebnis , Elementvape.de akzeptieren Gro\u00df-und Einzelhandel Bestellungen.\" \/>\n<meta name=\"robots\" content=\"index, follow, max-snippet:-1, max-image-preview:large, max-video-preview:-1\" \/>\n<link rel=\"canonical\" href=\"https:\/\/www.elementvape.de\/pl\/produkt\/fruchtige-blaubeere-trifft-auf-eisige-kuehle-die-bang-36000-puffs-einweg-e-zigarette-mit-mesh-coil-fuer-ein-unvergessliches-blueberry-ice-erlebnis\/\" \/>\n<meta property=\"og:locale\" content=\"pl_PL\" \/>\n<meta property=\"og:type\" content=\"article\" \/>\n<meta property=\"og:title\" content=\"Fruchtige Blaubeere trifft auf eisige K\u00fchle Die Bang 36000 Puffs Einweg-E-Zigarette mit Mesh Coil f\u00fcr ein unvergessliches Blueberry Ice Erlebnis | ElementVape.de\" \/>\n<meta property=\"og:description\" content=\"Wir bieten Fruchtige Blaubeere trifft auf eisige K\u00fchle Die Bang 36000 Puffs Einweg-E-Zigarette mit Mesh Coil f\u00fcr ein unvergessliches Blueberry Ice Erlebnis , Elementvape.de akzeptieren Gro\u00df-und Einzelhandel Bestellungen.\" \/>\n<meta property=\"og:url\" content=\"https:\/\/www.elementvape.de\/pl\/produkt\/fruchtige-blaubeere-trifft-auf-eisige-kuehle-die-bang-36000-puffs-einweg-e-zigarette-mit-mesh-coil-fuer-ein-unvergessliches-blueberry-ice-erlebnis\/\" \/>\n<meta property=\"og:site_name\" content=\"ElementVape.de\" \/>\n<meta property=\"article:modified_time\" content=\"2024-10-09T08:19:02+00:00\" \/>\n<meta property=\"og:image\" content=\"https:\/\/www.elementvape.de\/wp-content\/uploads\/2024\/09\/BLUEBERRY-ICE-1-scaled.jpg\" \/>\n\t<meta property=\"og:image:width\" content=\"2560\" \/>\n\t<meta property=\"og:image:height\" content=\"2249\" \/>\n\t<meta property=\"og:image:type\" content=\"image\/jpeg\" \/>\n<meta name=\"twitter:card\" content=\"summary_large_image\" \/>\n<meta name=\"twitter:label1\" content=\"Est. reading time\" \/>\n\t<meta name=\"twitter:data1\" content=\"3 minuty\" \/>\n<script type=\"application\/ld+json\" class=\"yoast-schema-graph\">{\"@context\":\"https:\/\/schema.org\",\"@graph\":[{\"@type\":\"WebPage\",\"@id\":\"https:\/\/www.elementvape.de\/pt\/produkt\/fruchtige-blaubeere-trifft-auf-eisige-kuehle-die-bang-36000-puffs-einweg-e-zigarette-mit-mesh-coil-fuer-ein-unvergessliches-blueberry-ice-erlebnis\/\",\"url\":\"https:\/\/www.elementvape.de\/pt\/produkt\/fruchtige-blaubeere-trifft-auf-eisige-kuehle-die-bang-36000-puffs-einweg-e-zigarette-mit-mesh-coil-fuer-ein-unvergessliches-blueberry-ice-erlebnis\/\",\"name\":\"Fruchtige Blaubeere trifft auf eisige K\u00fchle Die Bang 36000 Puffs Einweg-E-Zigarette mit Mesh Coil f\u00fcr ein unvergessliches Blueberry Ice Erlebnis | ElementVape.de\",\"isPartOf\":{\"@id\":\"https:\/\/www.elementvape.de\/#website\"},\"primaryImageOfPage\":{\"@id\":\"https:\/\/www.elementvape.de\/pt\/produkt\/fruchtige-blaubeere-trifft-auf-eisige-kuehle-die-bang-36000-puffs-einweg-e-zigarette-mit-mesh-coil-fuer-ein-unvergessliches-blueberry-ice-erlebnis\/#primaryimage\"},\"image\":{\"@id\":\"https:\/\/www.elementvape.de\/pt\/produkt\/fruchtige-blaubeere-trifft-auf-eisige-kuehle-die-bang-36000-puffs-einweg-e-zigarette-mit-mesh-coil-fuer-ein-unvergessliches-blueberry-ice-erlebnis\/#primaryimage\"},\"thumbnailUrl\":\"https:\/\/www.elementvape.de\/wp-content\/uploads\/2024\/09\/BLUEBERRY-ICE-1-scaled.jpg\",\"datePublished\":\"2024-09-17T07:50:05+00:00\",\"dateModified\":\"2024-10-09T08:19:02+00:00\",\"description\":\"Wir bieten Fruchtige Blaubeere trifft auf eisige K\u00fchle Die Bang 36000 Puffs Einweg-E-Zigarette mit Mesh Coil f\u00fcr ein unvergessliches Blueberry Ice Erlebnis , Elementvape.de akzeptieren Gro\u00df-und Einzelhandel Bestellungen.\",\"breadcrumb\":{\"@id\":\"https:\/\/www.elementvape.de\/pt\/produkt\/fruchtige-blaubeere-trifft-auf-eisige-kuehle-die-bang-36000-puffs-einweg-e-zigarette-mit-mesh-coil-fuer-ein-unvergessliches-blueberry-ice-erlebnis\/#breadcrumb\"},\"inLanguage\":\"pl-PL\",\"potentialAction\":[{\"@type\":\"ReadAction\",\"target\":[\"https:\/\/www.elementvape.de\/pt\/produkt\/fruchtige-blaubeere-trifft-auf-eisige-kuehle-die-bang-36000-puffs-einweg-e-zigarette-mit-mesh-coil-fuer-ein-unvergessliches-blueberry-ice-erlebnis\/\"]}]},{\"@type\":\"ImageObject\",\"inLanguage\":\"pl-PL\",\"@id\":\"https:\/\/www.elementvape.de\/pt\/produkt\/fruchtige-blaubeere-trifft-auf-eisige-kuehle-die-bang-36000-puffs-einweg-e-zigarette-mit-mesh-coil-fuer-ein-unvergessliches-blueberry-ice-erlebnis\/#primaryimage\",\"url\":\"https:\/\/www.elementvape.de\/wp-content\/uploads\/2024\/09\/BLUEBERRY-ICE-1-scaled.jpg\",\"contentUrl\":\"https:\/\/www.elementvape.de\/wp-content\/uploads\/2024\/09\/BLUEBERRY-ICE-1-scaled.jpg\",\"width\":2560,\"height\":2249,\"caption\":\"BLUEBERRY ICE\"},{\"@type\":\"BreadcrumbList\",\"@id\":\"https:\/\/www.elementvape.de\/pt\/produkt\/fruchtige-blaubeere-trifft-auf-eisige-kuehle-die-bang-36000-puffs-einweg-e-zigarette-mit-mesh-coil-fuer-ein-unvergessliches-blueberry-ice-erlebnis\/#breadcrumb\",\"itemListElement\":[{\"@type\":\"ListItem\",\"position\":1,\"name\":\"Home\",\"item\":\"https:\/\/www.elementvape.de\/\"},{\"@type\":\"ListItem\",\"position\":2,\"name\":\"Shop\",\"item\":\"https:\/\/www.elementvape.de\/shop\/\"},{\"@type\":\"ListItem\",\"position\":3,\"name\":\"Fruchtige Blaubeere trifft auf eisige K\u00fchle Die Bang 36000 Puffs Einweg-E-Zigarette mit Mesh Coil f\u00fcr ein unvergessliches Blueberry Ice Erlebnis\"}]},{\"@type\":\"WebSite\",\"@id\":\"https:\/\/www.elementvape.de\/#website\",\"url\":\"https:\/\/www.elementvape.de\/\",\"name\":\"ElementVape.de\",\"description\":\"\",\"publisher\":{\"@id\":\"https:\/\/www.elementvape.de\/#organization\"},\"potentialAction\":[{\"@type\":\"SearchAction\",\"target\":{\"@type\":\"EntryPoint\",\"urlTemplate\":\"https:\/\/www.elementvape.de\/?s={search_term_string}\"},\"query-input\":\"required name=search_term_string\"}],\"inLanguage\":\"pl-PL\"},{\"@type\":\"Organization\",\"@id\":\"https:\/\/www.elementvape.de\/#organization\",\"name\":\"ElementVape.DE\",\"url\":\"https:\/\/www.elementvape.de\/\",\"logo\":{\"@type\":\"ImageObject\",\"inLanguage\":\"pl-PL\",\"@id\":\"https:\/\/www.elementvape.de\/#\/schema\/logo\/image\/\",\"url\":\"https:\/\/www.elementvape.de\/wp-content\/uploads\/2024\/09\/cropped-1elementvape-3.png\",\"contentUrl\":\"https:\/\/www.elementvape.de\/wp-content\/uploads\/2024\/09\/cropped-1elementvape-3.png\",\"width\":285,\"height\":228,\"caption\":\"ElementVape.DE\"},\"image\":{\"@id\":\"https:\/\/www.elementvape.de\/#\/schema\/logo\/image\/\"}}]}<\/script>\n<!-- \/ Yoast SEO plugin. -->","yoast_head_json":{"title":"Fruchtige Blaubeere trifft auf eisige K\u00fchle Die Bang 36000 Puffs Einweg-E-Zigarette mit Mesh Coil f\u00fcr ein unvergessliches Blueberry Ice Erlebnis | ElementVape.de","description":"Wir bieten Fruchtige Blaubeere trifft auf eisige K\u00fchle Die Bang 36000 Puffs Einweg-E-Zigarette mit Mesh Coil f\u00fcr ein unvergessliches Blueberry Ice Erlebnis , Elementvape.de akzeptieren Gro\u00df-und Einzelhandel Bestellungen.","robots":{"index":"index","follow":"follow","max-snippet":"max-snippet:-1","max-image-preview":"max-image-preview:large","max-video-preview":"max-video-preview:-1"},"canonical":"https:\/\/www.elementvape.de\/pl\/produkt\/fruchtige-blaubeere-trifft-auf-eisige-kuehle-die-bang-36000-puffs-einweg-e-zigarette-mit-mesh-coil-fuer-ein-unvergessliches-blueberry-ice-erlebnis\/","og_locale":"pl_PL","og_type":"article","og_title":"Fruchtige Blaubeere trifft auf eisige K\u00fchle Die Bang 36000 Puffs Einweg-E-Zigarette mit Mesh Coil f\u00fcr ein unvergessliches Blueberry Ice Erlebnis | ElementVape.de","og_description":"Wir bieten Fruchtige Blaubeere trifft auf eisige K\u00fchle Die Bang 36000 Puffs Einweg-E-Zigarette mit Mesh Coil f\u00fcr ein unvergessliches Blueberry Ice Erlebnis , Elementvape.de akzeptieren Gro\u00df-und Einzelhandel Bestellungen.","og_url":"https:\/\/www.elementvape.de\/pl\/produkt\/fruchtige-blaubeere-trifft-auf-eisige-kuehle-die-bang-36000-puffs-einweg-e-zigarette-mit-mesh-coil-fuer-ein-unvergessliches-blueberry-ice-erlebnis\/","og_site_name":"ElementVape.de","article_modified_time":"2024-10-09T08:19:02+00:00","og_image":[{"width":2560,"height":2249,"url":"https:\/\/www.elementvape.de\/wp-content\/uploads\/2024\/09\/BLUEBERRY-ICE-1-scaled.jpg","type":"image\/jpeg"}],"twitter_card":"summary_large_image","twitter_misc":{"Est. reading time":"3 minuty"},"schema":{"@context":"https:\/\/schema.org","@graph":[{"@type":"WebPage","@id":"https:\/\/www.elementvape.de\/pt\/produkt\/fruchtige-blaubeere-trifft-auf-eisige-kuehle-die-bang-36000-puffs-einweg-e-zigarette-mit-mesh-coil-fuer-ein-unvergessliches-blueberry-ice-erlebnis\/","url":"https:\/\/www.elementvape.de\/pt\/produkt\/fruchtige-blaubeere-trifft-auf-eisige-kuehle-die-bang-36000-puffs-einweg-e-zigarette-mit-mesh-coil-fuer-ein-unvergessliches-blueberry-ice-erlebnis\/","name":"Fruchtige Blaubeere trifft auf eisige K\u00fchle Die Bang 36000 Puffs Einweg-E-Zigarette mit Mesh Coil f\u00fcr ein unvergessliches Blueberry Ice Erlebnis | ElementVape.de","isPartOf":{"@id":"https:\/\/www.elementvape.de\/#website"},"primaryImageOfPage":{"@id":"https:\/\/www.elementvape.de\/pt\/produkt\/fruchtige-blaubeere-trifft-auf-eisige-kuehle-die-bang-36000-puffs-einweg-e-zigarette-mit-mesh-coil-fuer-ein-unvergessliches-blueberry-ice-erlebnis\/#primaryimage"},"image":{"@id":"https:\/\/www.elementvape.de\/pt\/produkt\/fruchtige-blaubeere-trifft-auf-eisige-kuehle-die-bang-36000-puffs-einweg-e-zigarette-mit-mesh-coil-fuer-ein-unvergessliches-blueberry-ice-erlebnis\/#primaryimage"},"thumbnailUrl":"https:\/\/www.elementvape.de\/wp-content\/uploads\/2024\/09\/BLUEBERRY-ICE-1-scaled.jpg","datePublished":"2024-09-17T07:50:05+00:00","dateModified":"2024-10-09T08:19:02+00:00","description":"Wir bieten Fruchtige Blaubeere trifft auf eisige K\u00fchle Die Bang 36000 Puffs Einweg-E-Zigarette mit Mesh Coil f\u00fcr ein unvergessliches Blueberry Ice Erlebnis , Elementvape.de akzeptieren Gro\u00df-und Einzelhandel Bestellungen.","breadcrumb":{"@id":"https:\/\/www.elementvape.de\/pt\/produkt\/fruchtige-blaubeere-trifft-auf-eisige-kuehle-die-bang-36000-puffs-einweg-e-zigarette-mit-mesh-coil-fuer-ein-unvergessliches-blueberry-ice-erlebnis\/#breadcrumb"},"inLanguage":"pl-PL","potentialAction":[{"@type":"ReadAction","target":["https:\/\/www.elementvape.de\/pt\/produkt\/fruchtige-blaubeere-trifft-auf-eisige-kuehle-die-bang-36000-puffs-einweg-e-zigarette-mit-mesh-coil-fuer-ein-unvergessliches-blueberry-ice-erlebnis\/"]}]},{"@type":"ImageObject","inLanguage":"pl-PL","@id":"https:\/\/www.elementvape.de\/pt\/produkt\/fruchtige-blaubeere-trifft-auf-eisige-kuehle-die-bang-36000-puffs-einweg-e-zigarette-mit-mesh-coil-fuer-ein-unvergessliches-blueberry-ice-erlebnis\/#primaryimage","url":"https:\/\/www.elementvape.de\/wp-content\/uploads\/2024\/09\/BLUEBERRY-ICE-1-scaled.jpg","contentUrl":"https:\/\/www.elementvape.de\/wp-content\/uploads\/2024\/09\/BLUEBERRY-ICE-1-scaled.jpg","width":2560,"height":2249,"caption":"BLUEBERRY ICE"},{"@type":"BreadcrumbList","@id":"https:\/\/www.elementvape.de\/pt\/produkt\/fruchtige-blaubeere-trifft-auf-eisige-kuehle-die-bang-36000-puffs-einweg-e-zigarette-mit-mesh-coil-fuer-ein-unvergessliches-blueberry-ice-erlebnis\/#breadcrumb","itemListElement":[{"@type":"ListItem","position":1,"name":"Home","item":"https:\/\/www.elementvape.de\/"},{"@type":"ListItem","position":2,"name":"Shop","item":"https:\/\/www.elementvape.de\/shop\/"},{"@type":"ListItem","position":3,"name":"Fruchtige Blaubeere trifft auf eisige K\u00fchle Die Bang 36000 Puffs Einweg-E-Zigarette mit Mesh Coil f\u00fcr ein unvergessliches Blueberry Ice Erlebnis"}]},{"@type":"WebSite","@id":"https:\/\/www.elementvape.de\/#website","url":"https:\/\/www.elementvape.de\/","name":"ElementVape.de","description":"","publisher":{"@id":"https:\/\/www.elementvape.de\/#organization"},"potentialAction":[{"@type":"SearchAction","target":{"@type":"EntryPoint","urlTemplate":"https:\/\/www.elementvape.de\/?s={search_term_string}"},"query-input":"required name=search_term_string"}],"inLanguage":"pl-PL"},{"@type":"Organization","@id":"https:\/\/www.elementvape.de\/#organization","name":"ElementVape.DE","url":"https:\/\/www.elementvape.de\/","logo":{"@type":"ImageObject","inLanguage":"pl-PL","@id":"https:\/\/www.elementvape.de\/#\/schema\/logo\/image\/","url":"https:\/\/www.elementvape.de\/wp-content\/uploads\/2024\/09\/cropped-1elementvape-3.png","contentUrl":"https:\/\/www.elementvape.de\/wp-content\/uploads\/2024\/09\/cropped-1elementvape-3.png","width":285,"height":228,"caption":"ElementVape.DE"},"image":{"@id":"https:\/\/www.elementvape.de\/#\/schema\/logo\/image\/"}}]}},"_links":{"self":[{"href":"https:\/\/www.elementvape.de\/pl\/wp-json\/wp\/v2\/product\/14367"}],"collection":[{"href":"https:\/\/www.elementvape.de\/pl\/wp-json\/wp\/v2\/product"}],"about":[{"href":"https:\/\/www.elementvape.de\/pl\/wp-json\/wp\/v2\/types\/product"}],"wp:featuredmedia":[{"embeddable":true,"href":"https:\/\/www.elementvape.de\/pl\/wp-json\/wp\/v2\/media\/14351"}],"wp:attachment":[{"href":"https:\/\/www.elementvape.de\/pl\/wp-json\/wp\/v2\/media?parent=14367"}],"wp:term":[{"taxonomy":"product_cat","embeddable":true,"href":"https:\/\/www.elementvape.de\/pl\/wp-json\/wp\/v2\/product_cat?post=14367"},{"taxonomy":"product_tag","embeddable":true,"href":"https:\/\/www.elementvape.de\/pl\/wp-json\/wp\/v2\/product_tag?post=14367"}],"curies":[{"name":"wp","href":"https:\/\/api.w.org\/{rel}","templated":true}]}}