{"id":14366,"date":"2024-09-17T07:33:29","date_gmt":"2024-09-17T07:33:29","guid":{"rendered":"https:\/\/www.elementvape.de\/?post_type=product&#038;p=14366"},"modified":"2024-10-09T08:11:58","modified_gmt":"2024-10-09T08:11:58","slug":"bang-36000-puffs-einweg-e-zigarette-der-perfekte-mix-aus-blueberry-raspberry-und-innovativem-mesh-coil-fuer-fruchtig-intensive-36000-zuege","status":"publish","type":"product","link":"https:\/\/www.elementvape.de\/pl\/produkt\/bang-36000-puffs-einweg-e-zigarette-der-perfekte-mix-aus-blueberry-raspberry-und-innovativem-mesh-coil-fuer-fruchtig-intensive-36000-zuege\/","title":{"rendered":"Bang 36000 Puffs Jednorazowy e-papieros. Idealne po\u0142\u0105czenie jagody, maliny i innowacyjnego mesh coil dla intensywnych, owocowych 36000 poci\u0105gni\u0119\u0107"},"content":{"rendered":"<p>Owocowa mieszanka bor\u00f3wek i malin jest idealna dla wszystkich, kt\u00f3rzy szukaj\u0105 pe\u0142nego, orze\u017awiaj\u0105cego do\u015bwiadczenia vapingowego:<\/p>\n<ul>\n<li>Bor\u00f3wka: S\u0142odkie, soczyste bor\u00f3wki zapewniaj\u0105 mi\u0119kk\u0105, lekko s\u0142odk\u0105 baz\u0119 smakow\u0105, kt\u00f3ra nadaje ka\u017cdemu zaci\u0105gni\u0119ciu przyjemn\u0105 g\u0142\u0119bi\u0119.<\/li>\n<li>Malina: Maliny dodaj\u0105 kwa\u015bny akcent, kt\u00f3ry intensyfikuje owocowy smak i stanowi orze\u017awiaj\u0105cy kontrast do s\u0142odyczy bor\u00f3wek.<\/li>\n<\/ul>\n<p>Ta harmonijna kombinacja s\u0142odkich i kwa\u015bnych jag\u00f3d czyni jednorazowego e-papierosa Bang o aromacie Blueberry Raspberry idealnym wyborem dla vapingowc\u00f3w poszukuj\u0105cych intensywnego, owocowego i jednocze\u015bnie orze\u017awiaj\u0105cego do\u015bwiadczenia smakowego.<\/p>\n<p>Z imponuj\u0105c\u0105 pojemno\u015bci\u0105 36 000 zaci\u0105gni\u0119\u0107, Bang <strong><a href=\"https:\/\/www.elementvape.de\/pl\/c\/einweg-zigarette\/\" target=\"_blank\" rel=\"noopener\">Jednorazowa e-papieros<\/a><\/strong> oferuje wyj\u0105tkowo d\u0142ug\u0105 \u017cywotno\u015b\u0107. Ta ogromna liczba zaci\u0105gni\u0119\u0107 sprawia, \u017ce urz\u0105dzenie jest idealne dla vapingowc\u00f3w szukaj\u0105cych rozwi\u0105zania na d\u0142ugi czas bez konieczno\u015bci konserwacji. Nie ma potrzeby uzupe\u0142niania e-liquid, ani wymiany coil\u00f3w \u2013 po prostu intensywne vapowanie tak d\u0142ugo, jak chcesz.<\/p>\n<h3>Mesh Coil \u2013 intensywniejszy smak i g\u0119ste chmury dymu<\/h3>\n<p>Technologia Mesh Coil jest jedn\u0105 z najwi\u0119kszych innowacji w <strong><a href=\"https:\/\/www.elementvape.de\/pl\/\" target=\"_blank\" rel=\"noopener\">E-papieros\u00f3w <\/a><\/strong>\u015bwiecie i zapewnia, \u017ce smak pozostaje klarowny i intensywny przy ka\u017cdym zaci\u0105gni\u0119ciu. Dzi\u0119ki wi\u0119kszej powierzchni grzewczej, Mesh Coil r\u00f3wnomiernie i szybciej podgrzewa e-liquid, co poprawia zar\u00f3wno smak, jak i produkcj\u0119 pary. Zalety Mesh Coil:<\/p>\n<ul>\n<li>Szybkie i r\u00f3wnomierne nagrzewanie: umo\u017cliwia sta\u0142\u0105 wysok\u0105 jako\u015b\u0107 smaku przy ka\u017cdym zaci\u0105gni\u0119ciu, dzi\u0119ki czemu owocowy aromat Blueberry Raspberry pozostaje \u015bwie\u017cy i intensywny.<\/li>\n<li>Wi\u0119ksza g\u0142\u0119bia smaku: dzi\u0119ki r\u00f3wnomiernemu rozk\u0142adowi ciep\u0142a, s\u0142odkie i kwa\u015bne nuty jag\u00f3d wybrzmiewaj\u0105 perfekcyjnie.<\/li>\n<li>G\u0119ste chmury pary: Mesh Coil produkuje r\u00f3wnie\u017c wi\u0119ksze i bardziej g\u0119ste chmury, co sprawia, \u017ce do\u015bwiadczenie vapingowe jest jeszcze bardziej intensywne.<\/li>\n<\/ul>\n<p>Chocia\u017c Bang 36 000 zaci\u0105gni\u0119\u0107 jest zaprojektowany na d\u0142ug\u0105 \u017cywotno\u015b\u0107, to port typu C zapewnia szybkie i \u0142atwe \u0142adowanie urz\u0105dzenia w razie potrzeby. Nie musisz si\u0119 martwi\u0107, \u017ce bateria wyczerpie si\u0119 podczas vapowania. Port typu C sprawia, \u017ce \u0142adowanie jest szybsze i bardziej wydajne, umo\u017cliwiaj\u0105c korzystanie z pe\u0142nej pojemno\u015bci e-papierosa bez przerw.<\/p>\n<p>Jednorazowy e-papieros Bang 36 000 zaci\u0105gni\u0119\u0107 o aromacie Blueberry Raspberry oferuje niezr\u00f3wnane do\u015bwiadczenie vapingowe, kt\u00f3re zachwyca idealn\u0105 r\u00f3wnowag\u0105 s\u0142odkich i lekko kwa\u015bnych aromat\u00f3w jag\u00f3d. Dzi\u0119ki zaawansowanej technologii Mesh Coil, smak pozostaje intensywny i klarowny przy ka\u017cdym zaci\u0105gni\u0119ciu, a g\u0119ste chmury pary wizualnie podnosz\u0105 doznania. Z d\u0142ug\u0105 \u017cywotno\u015bci\u0105 <strong><a href=\"https:\/\/www.elementvape.de\/pl\/p-tag\/vaep-36000-zuege\/\" target=\"_blank\" rel=\"noopener\">36000 wdech\u00f3w<\/a><\/strong> oraz praktycznym portem \u0142adowania typu C, ten e-papieros jest idealnym wyborem dla vapingowc\u00f3w, kt\u00f3rzy chc\u0105 po\u0142\u0105czy\u0107 intensywny smak owoc\u00f3w z maksymalnym komfortem w jednym urz\u0105dzeniu.<\/p>","protected":false},"excerpt":{"rendered":"<p>Der fruchtige Mix aus Blaubeeren und Himbeeren ist perfekt f\u00fcr alle, die ein vollmundiges, erfrischendes Dampferlebnis suchen: Blueberry: Die s\u00fc\u00dfen, saftigen Blaubeeren sorgen f\u00fcr eine weiche, leicht s\u00fc\u00dfe Geschmacksbasis, die jedem Zug eine angenehme Tiefe verleiht. Raspberry: Die Himbeeren f\u00fcgen eine s\u00e4uerliche Note hinzu, die den fruchtigen Geschmack intensiviert und einen erfrischenden Kontrast zur S\u00fc\u00dfe [&hellip;]<\/p>","protected":false},"featured_media":14352,"template":"","meta":{"inline_featured_image":false},"product_cat":[15,760,78,750,737,736,749,752,756],"product_tag":[710,761],"tiered_pricing_type":"fixed","tiered_pricing_fixed_rules":{"60":"9.4","110":"8.35","200":"7.31"},"tiered_pricing_percentage_rules":[],"tiered_pricing_minimum":1,"_administrator_tiered_pricing_type":"fixed","_administrator_tiered_pricing_fixed_rules":[],"_editor_tiered_pricing_type":"fixed","_editor_tiered_pricing_fixed_rules":[],"_author_tiered_pricing_type":"fixed","_author_tiered_pricing_fixed_rules":[],"_contributor_tiered_pricing_type":"fixed","_contributor_tiered_pricing_fixed_rules":[],"_subscriber_tiered_pricing_type":"fixed","_subscriber_tiered_pricing_fixed_rules":[],"_customer_tiered_pricing_type":"fixed","_customer_tiered_pricing_fixed_rules":[],"_shop_manager_tiered_pricing_type":"fixed","_shop_manager_tiered_pricing_fixed_rules":[],"_wpseo_manager_tiered_pricing_type":"fixed","_wpseo_manager_tiered_pricing_fixed_rules":[],"_wpseo_editor_tiered_pricing_type":"fixed","_wpseo_editor_tiered_pricing_fixed_rules":[],"_wholesale_customer_tiered_pricing_type":"fixed","_wholesale_customer_tiered_pricing_fixed_rules":[],"_marketer_tiered_pricing_type":"fixed","_marketer_tiered_pricing_fixed_rules":[],"_sales_manager_tiered_pricing_type":"fixed","_sales_manager_tiered_pricing_fixed_rules":[],"_sales_rep_tiered_pricing_type":"fixed","_sales_rep_tiered_pricing_fixed_rules":[],"yoast_head":"<!-- This site is optimized with the Yoast SEO plugin v23.3 - https:\/\/yoast.com\/wordpress\/plugins\/seo\/ -->\n<title>Bang 36000 Puffs Einweg-E-Zigarette Der perfekte Mix aus Blueberry Raspberry und innovativem Mesh Coil f\u00fcr fruchtig intensive 36000 Z\u00fcge | ElementVape.de<\/title>\n<meta name=\"description\" content=\"Wir bieten Bang 36000 Puffs Einweg-E-Zigarette Der perfekte Mix aus Blueberry Raspberry und innovativem Mesh Coil f\u00fcr fruchtig intensive 36000 Z\u00fcge , Elementvape.de akzeptieren Gro\u00df-und Einzelhandel Bestellungen.\" \/>\n<meta name=\"robots\" content=\"index, follow, max-snippet:-1, max-image-preview:large, max-video-preview:-1\" \/>\n<link rel=\"canonical\" href=\"https:\/\/www.elementvape.de\/pl\/produkt\/bang-36000-puffs-einweg-e-zigarette-der-perfekte-mix-aus-blueberry-raspberry-und-innovativem-mesh-coil-fuer-fruchtig-intensive-36000-zuege\/\" \/>\n<meta property=\"og:locale\" content=\"pl_PL\" \/>\n<meta property=\"og:type\" content=\"article\" \/>\n<meta property=\"og:title\" content=\"Bang 36000 Puffs Einweg-E-Zigarette Der perfekte Mix aus Blueberry Raspberry und innovativem Mesh Coil f\u00fcr fruchtig intensive 36000 Z\u00fcge | ElementVape.de\" \/>\n<meta property=\"og:description\" content=\"Wir bieten Bang 36000 Puffs Einweg-E-Zigarette Der perfekte Mix aus Blueberry Raspberry und innovativem Mesh Coil f\u00fcr fruchtig intensive 36000 Z\u00fcge , Elementvape.de akzeptieren Gro\u00df-und Einzelhandel Bestellungen.\" \/>\n<meta property=\"og:url\" content=\"https:\/\/www.elementvape.de\/pl\/produkt\/bang-36000-puffs-einweg-e-zigarette-der-perfekte-mix-aus-blueberry-raspberry-und-innovativem-mesh-coil-fuer-fruchtig-intensive-36000-zuege\/\" \/>\n<meta property=\"og:site_name\" content=\"ElementVape.de\" \/>\n<meta property=\"article:modified_time\" content=\"2024-10-09T08:11:58+00:00\" \/>\n<meta property=\"og:image\" content=\"https:\/\/www.elementvape.de\/wp-content\/uploads\/2024\/09\/BLUEBERRY-RASPRERRY-scaled.jpg\" \/>\n\t<meta property=\"og:image:width\" content=\"2560\" \/>\n\t<meta property=\"og:image:height\" content=\"2249\" \/>\n\t<meta property=\"og:image:type\" content=\"image\/jpeg\" \/>\n<meta name=\"twitter:card\" content=\"summary_large_image\" \/>\n<meta name=\"twitter:label1\" content=\"Est. reading time\" \/>\n\t<meta name=\"twitter:data1\" content=\"3 minuty\" \/>\n<script type=\"application\/ld+json\" class=\"yoast-schema-graph\">{\"@context\":\"https:\/\/schema.org\",\"@graph\":[{\"@type\":\"WebPage\",\"@id\":\"https:\/\/www.elementvape.de\/en\/produkt\/bang-36000-puffs-einweg-e-zigarette-der-perfekte-mix-aus-blueberry-raspberry-und-innovativem-mesh-coil-fuer-fruchtig-intensive-36000-zuege\/\",\"url\":\"https:\/\/www.elementvape.de\/en\/produkt\/bang-36000-puffs-einweg-e-zigarette-der-perfekte-mix-aus-blueberry-raspberry-und-innovativem-mesh-coil-fuer-fruchtig-intensive-36000-zuege\/\",\"name\":\"Bang 36000 Puffs Einweg-E-Zigarette Der perfekte Mix aus Blueberry Raspberry und innovativem Mesh Coil f\u00fcr fruchtig intensive 36000 Z\u00fcge | ElementVape.de\",\"isPartOf\":{\"@id\":\"https:\/\/www.elementvape.de\/#website\"},\"primaryImageOfPage\":{\"@id\":\"https:\/\/www.elementvape.de\/en\/produkt\/bang-36000-puffs-einweg-e-zigarette-der-perfekte-mix-aus-blueberry-raspberry-und-innovativem-mesh-coil-fuer-fruchtig-intensive-36000-zuege\/#primaryimage\"},\"image\":{\"@id\":\"https:\/\/www.elementvape.de\/en\/produkt\/bang-36000-puffs-einweg-e-zigarette-der-perfekte-mix-aus-blueberry-raspberry-und-innovativem-mesh-coil-fuer-fruchtig-intensive-36000-zuege\/#primaryimage\"},\"thumbnailUrl\":\"https:\/\/www.elementvape.de\/wp-content\/uploads\/2024\/09\/BLUEBERRY-RASPRERRY-scaled.jpg\",\"datePublished\":\"2024-09-17T07:33:29+00:00\",\"dateModified\":\"2024-10-09T08:11:58+00:00\",\"description\":\"Wir bieten Bang 36000 Puffs Einweg-E-Zigarette Der perfekte Mix aus Blueberry Raspberry und innovativem Mesh Coil f\u00fcr fruchtig intensive 36000 Z\u00fcge , Elementvape.de akzeptieren Gro\u00df-und Einzelhandel Bestellungen.\",\"breadcrumb\":{\"@id\":\"https:\/\/www.elementvape.de\/en\/produkt\/bang-36000-puffs-einweg-e-zigarette-der-perfekte-mix-aus-blueberry-raspberry-und-innovativem-mesh-coil-fuer-fruchtig-intensive-36000-zuege\/#breadcrumb\"},\"inLanguage\":\"pl-PL\",\"potentialAction\":[{\"@type\":\"ReadAction\",\"target\":[\"https:\/\/www.elementvape.de\/en\/produkt\/bang-36000-puffs-einweg-e-zigarette-der-perfekte-mix-aus-blueberry-raspberry-und-innovativem-mesh-coil-fuer-fruchtig-intensive-36000-zuege\/\"]}]},{\"@type\":\"ImageObject\",\"inLanguage\":\"pl-PL\",\"@id\":\"https:\/\/www.elementvape.de\/en\/produkt\/bang-36000-puffs-einweg-e-zigarette-der-perfekte-mix-aus-blueberry-raspberry-und-innovativem-mesh-coil-fuer-fruchtig-intensive-36000-zuege\/#primaryimage\",\"url\":\"https:\/\/www.elementvape.de\/wp-content\/uploads\/2024\/09\/BLUEBERRY-RASPRERRY-scaled.jpg\",\"contentUrl\":\"https:\/\/www.elementvape.de\/wp-content\/uploads\/2024\/09\/BLUEBERRY-RASPRERRY-scaled.jpg\",\"width\":2560,\"height\":2249,\"caption\":\"BLUEBERRY RASPRERRY\"},{\"@type\":\"BreadcrumbList\",\"@id\":\"https:\/\/www.elementvape.de\/en\/produkt\/bang-36000-puffs-einweg-e-zigarette-der-perfekte-mix-aus-blueberry-raspberry-und-innovativem-mesh-coil-fuer-fruchtig-intensive-36000-zuege\/#breadcrumb\",\"itemListElement\":[{\"@type\":\"ListItem\",\"position\":1,\"name\":\"Home\",\"item\":\"https:\/\/www.elementvape.de\/\"},{\"@type\":\"ListItem\",\"position\":2,\"name\":\"Shop\",\"item\":\"https:\/\/www.elementvape.de\/shop\/\"},{\"@type\":\"ListItem\",\"position\":3,\"name\":\"Bang 36000 Puffs Einweg-E-Zigarette Der perfekte Mix aus Blueberry Raspberry und innovativem Mesh Coil f\u00fcr fruchtig intensive 36000 Z\u00fcge\"}]},{\"@type\":\"WebSite\",\"@id\":\"https:\/\/www.elementvape.de\/#website\",\"url\":\"https:\/\/www.elementvape.de\/\",\"name\":\"ElementVape.de\",\"description\":\"\",\"publisher\":{\"@id\":\"https:\/\/www.elementvape.de\/#organization\"},\"potentialAction\":[{\"@type\":\"SearchAction\",\"target\":{\"@type\":\"EntryPoint\",\"urlTemplate\":\"https:\/\/www.elementvape.de\/?s={search_term_string}\"},\"query-input\":\"required name=search_term_string\"}],\"inLanguage\":\"pl-PL\"},{\"@type\":\"Organization\",\"@id\":\"https:\/\/www.elementvape.de\/#organization\",\"name\":\"ElementVape.DE\",\"url\":\"https:\/\/www.elementvape.de\/\",\"logo\":{\"@type\":\"ImageObject\",\"inLanguage\":\"pl-PL\",\"@id\":\"https:\/\/www.elementvape.de\/#\/schema\/logo\/image\/\",\"url\":\"https:\/\/www.elementvape.de\/wp-content\/uploads\/2024\/09\/cropped-1elementvape-3.png\",\"contentUrl\":\"https:\/\/www.elementvape.de\/wp-content\/uploads\/2024\/09\/cropped-1elementvape-3.png\",\"width\":285,\"height\":228,\"caption\":\"ElementVape.DE\"},\"image\":{\"@id\":\"https:\/\/www.elementvape.de\/#\/schema\/logo\/image\/\"}}]}<\/script>\n<!-- \/ Yoast SEO plugin. -->","yoast_head_json":{"title":"Bang 36000 Puffs Einweg-E-Zigarette Der perfekte Mix aus Blueberry Raspberry und innovativem Mesh Coil f\u00fcr fruchtig intensive 36000 Z\u00fcge | ElementVape.de","description":"Wir bieten Bang 36000 Puffs Einweg-E-Zigarette Der perfekte Mix aus Blueberry Raspberry und innovativem Mesh Coil f\u00fcr fruchtig intensive 36000 Z\u00fcge , Elementvape.de akzeptieren Gro\u00df-und Einzelhandel Bestellungen.","robots":{"index":"index","follow":"follow","max-snippet":"max-snippet:-1","max-image-preview":"max-image-preview:large","max-video-preview":"max-video-preview:-1"},"canonical":"https:\/\/www.elementvape.de\/pl\/produkt\/bang-36000-puffs-einweg-e-zigarette-der-perfekte-mix-aus-blueberry-raspberry-und-innovativem-mesh-coil-fuer-fruchtig-intensive-36000-zuege\/","og_locale":"pl_PL","og_type":"article","og_title":"Bang 36000 Puffs Einweg-E-Zigarette Der perfekte Mix aus Blueberry Raspberry und innovativem Mesh Coil f\u00fcr fruchtig intensive 36000 Z\u00fcge | ElementVape.de","og_description":"Wir bieten Bang 36000 Puffs Einweg-E-Zigarette Der perfekte Mix aus Blueberry Raspberry und innovativem Mesh Coil f\u00fcr fruchtig intensive 36000 Z\u00fcge , Elementvape.de akzeptieren Gro\u00df-und Einzelhandel Bestellungen.","og_url":"https:\/\/www.elementvape.de\/pl\/produkt\/bang-36000-puffs-einweg-e-zigarette-der-perfekte-mix-aus-blueberry-raspberry-und-innovativem-mesh-coil-fuer-fruchtig-intensive-36000-zuege\/","og_site_name":"ElementVape.de","article_modified_time":"2024-10-09T08:11:58+00:00","og_image":[{"width":2560,"height":2249,"url":"https:\/\/www.elementvape.de\/wp-content\/uploads\/2024\/09\/BLUEBERRY-RASPRERRY-scaled.jpg","type":"image\/jpeg"}],"twitter_card":"summary_large_image","twitter_misc":{"Est. reading time":"3 minuty"},"schema":{"@context":"https:\/\/schema.org","@graph":[{"@type":"WebPage","@id":"https:\/\/www.elementvape.de\/en\/produkt\/bang-36000-puffs-einweg-e-zigarette-der-perfekte-mix-aus-blueberry-raspberry-und-innovativem-mesh-coil-fuer-fruchtig-intensive-36000-zuege\/","url":"https:\/\/www.elementvape.de\/en\/produkt\/bang-36000-puffs-einweg-e-zigarette-der-perfekte-mix-aus-blueberry-raspberry-und-innovativem-mesh-coil-fuer-fruchtig-intensive-36000-zuege\/","name":"Bang 36000 Puffs Einweg-E-Zigarette Der perfekte Mix aus Blueberry Raspberry und innovativem Mesh Coil f\u00fcr fruchtig intensive 36000 Z\u00fcge | ElementVape.de","isPartOf":{"@id":"https:\/\/www.elementvape.de\/#website"},"primaryImageOfPage":{"@id":"https:\/\/www.elementvape.de\/en\/produkt\/bang-36000-puffs-einweg-e-zigarette-der-perfekte-mix-aus-blueberry-raspberry-und-innovativem-mesh-coil-fuer-fruchtig-intensive-36000-zuege\/#primaryimage"},"image":{"@id":"https:\/\/www.elementvape.de\/en\/produkt\/bang-36000-puffs-einweg-e-zigarette-der-perfekte-mix-aus-blueberry-raspberry-und-innovativem-mesh-coil-fuer-fruchtig-intensive-36000-zuege\/#primaryimage"},"thumbnailUrl":"https:\/\/www.elementvape.de\/wp-content\/uploads\/2024\/09\/BLUEBERRY-RASPRERRY-scaled.jpg","datePublished":"2024-09-17T07:33:29+00:00","dateModified":"2024-10-09T08:11:58+00:00","description":"Wir bieten Bang 36000 Puffs Einweg-E-Zigarette Der perfekte Mix aus Blueberry Raspberry und innovativem Mesh Coil f\u00fcr fruchtig intensive 36000 Z\u00fcge , Elementvape.de akzeptieren Gro\u00df-und Einzelhandel Bestellungen.","breadcrumb":{"@id":"https:\/\/www.elementvape.de\/en\/produkt\/bang-36000-puffs-einweg-e-zigarette-der-perfekte-mix-aus-blueberry-raspberry-und-innovativem-mesh-coil-fuer-fruchtig-intensive-36000-zuege\/#breadcrumb"},"inLanguage":"pl-PL","potentialAction":[{"@type":"ReadAction","target":["https:\/\/www.elementvape.de\/en\/produkt\/bang-36000-puffs-einweg-e-zigarette-der-perfekte-mix-aus-blueberry-raspberry-und-innovativem-mesh-coil-fuer-fruchtig-intensive-36000-zuege\/"]}]},{"@type":"ImageObject","inLanguage":"pl-PL","@id":"https:\/\/www.elementvape.de\/en\/produkt\/bang-36000-puffs-einweg-e-zigarette-der-perfekte-mix-aus-blueberry-raspberry-und-innovativem-mesh-coil-fuer-fruchtig-intensive-36000-zuege\/#primaryimage","url":"https:\/\/www.elementvape.de\/wp-content\/uploads\/2024\/09\/BLUEBERRY-RASPRERRY-scaled.jpg","contentUrl":"https:\/\/www.elementvape.de\/wp-content\/uploads\/2024\/09\/BLUEBERRY-RASPRERRY-scaled.jpg","width":2560,"height":2249,"caption":"BLUEBERRY RASPRERRY"},{"@type":"BreadcrumbList","@id":"https:\/\/www.elementvape.de\/en\/produkt\/bang-36000-puffs-einweg-e-zigarette-der-perfekte-mix-aus-blueberry-raspberry-und-innovativem-mesh-coil-fuer-fruchtig-intensive-36000-zuege\/#breadcrumb","itemListElement":[{"@type":"ListItem","position":1,"name":"Home","item":"https:\/\/www.elementvape.de\/"},{"@type":"ListItem","position":2,"name":"Shop","item":"https:\/\/www.elementvape.de\/shop\/"},{"@type":"ListItem","position":3,"name":"Bang 36000 Puffs Einweg-E-Zigarette Der perfekte Mix aus Blueberry Raspberry und innovativem Mesh Coil f\u00fcr fruchtig intensive 36000 Z\u00fcge"}]},{"@type":"WebSite","@id":"https:\/\/www.elementvape.de\/#website","url":"https:\/\/www.elementvape.de\/","name":"ElementVape.de","description":"","publisher":{"@id":"https:\/\/www.elementvape.de\/#organization"},"potentialAction":[{"@type":"SearchAction","target":{"@type":"EntryPoint","urlTemplate":"https:\/\/www.elementvape.de\/?s={search_term_string}"},"query-input":"required name=search_term_string"}],"inLanguage":"pl-PL"},{"@type":"Organization","@id":"https:\/\/www.elementvape.de\/#organization","name":"ElementVape.DE","url":"https:\/\/www.elementvape.de\/","logo":{"@type":"ImageObject","inLanguage":"pl-PL","@id":"https:\/\/www.elementvape.de\/#\/schema\/logo\/image\/","url":"https:\/\/www.elementvape.de\/wp-content\/uploads\/2024\/09\/cropped-1elementvape-3.png","contentUrl":"https:\/\/www.elementvape.de\/wp-content\/uploads\/2024\/09\/cropped-1elementvape-3.png","width":285,"height":228,"caption":"ElementVape.DE"},"image":{"@id":"https:\/\/www.elementvape.de\/#\/schema\/logo\/image\/"}}]}},"_links":{"self":[{"href":"https:\/\/www.elementvape.de\/pl\/wp-json\/wp\/v2\/product\/14366"}],"collection":[{"href":"https:\/\/www.elementvape.de\/pl\/wp-json\/wp\/v2\/product"}],"about":[{"href":"https:\/\/www.elementvape.de\/pl\/wp-json\/wp\/v2\/types\/product"}],"wp:featuredmedia":[{"embeddable":true,"href":"https:\/\/www.elementvape.de\/pl\/wp-json\/wp\/v2\/media\/14352"}],"wp:attachment":[{"href":"https:\/\/www.elementvape.de\/pl\/wp-json\/wp\/v2\/media?parent=14366"}],"wp:term":[{"taxonomy":"product_cat","embeddable":true,"href":"https:\/\/www.elementvape.de\/pl\/wp-json\/wp\/v2\/product_cat?post=14366"},{"taxonomy":"product_tag","embeddable":true,"href":"https:\/\/www.elementvape.de\/pl\/wp-json\/wp\/v2\/product_tag?post=14366"}],"curies":[{"name":"wp","href":"https:\/\/api.w.org\/{rel}","templated":true}]}}