{"id":14363,"date":"2024-09-17T06:42:25","date_gmt":"2024-09-17T06:42:25","guid":{"rendered":"https:\/\/www.elementvape.de\/?post_type=product&#038;p=14363"},"modified":"2024-10-09T08:17:07","modified_gmt":"2024-10-09T08:17:07","slug":"fruchtige-frische-von-mango-und-pfirsich-die-bang-einweg-e-zigarette-mit-36000-zuegen-und-mesh-coil-fuer-ein-tropisches-dampferlebnis","status":"publish","type":"product","link":"https:\/\/www.elementvape.de\/pl\/produkt\/fruchtige-frische-von-mango-und-pfirsich-die-bang-einweg-e-zigarette-mit-36000-zuegen-und-mesh-coil-fuer-ein-tropisches-dampferlebnis\/","title":{"rendered":"Owocowa \u015bwie\u017co\u015b\u0107 mango i brzoskwini. Bang jednorazowy e-papieros z 36000 poci\u0105gni\u0119ciami i mesh coil dla tropikalnych dozna\u0144 dymnych."},"content":{"rendered":"<p>W \u015bwiecie e-papieros\u00f3w smaki i jako\u015b\u0107 pary s\u0105 decyduj\u0105cymi czynnikami niezapomnianych wra\u017ce\u0144 z wapowania. Jednorazowy e-papieros Bang z 36 000 zaci\u0105gni\u0119\u0107 oferuje dok\u0142adnie to: intensywn\u0105, owocow\u0105 przyjemno\u015b\u0107 z tropikaln\u0105 kombinacj\u0105 mango i brzoskwini, kt\u00f3ra z ka\u017cdym zaci\u0105gni\u0119ciem przenosi Ci\u0119 wprost do egzotycznego raju. Wraz z innowacyjn\u0105 technologi\u0105 Mesh Coil, ten e-papieros przenosi wapowanie na nowy poziom, dostarczaj\u0105c intensywny, \u015bwie\u017cy smak oraz du\u017ce, g\u0119ste chmury pary.<\/p>\n<p>Smak mango i brzoskwini to kwintesencja tropikalnej s\u0142odyczy i \u015bwie\u017co\u015bci. Oba owoce nale\u017c\u0105 do najpopularniejszych aromat\u00f3w w \u015bwiecie e-papieros\u00f3w i razem tworz\u0105 harmonijn\u0105 mieszank\u0119, kt\u00f3ra rozpieszcza zmys\u0142y:<\/p>\n<ul>\n<li>Mango: S\u0142odkie i soczyste mango wnosi tropikaln\u0105 nut\u0119, kt\u00f3ra dzia\u0142a pe\u0142nie i orze\u017awiaj\u0105co. Jego egzotyczny smak jest intensywny, ale jednocze\u015bnie nie przyt\u0142aczaj\u0105cy.<\/li>\n<li>Brzoskwinia: Brzoskwinia dodaje delikatnej, aksamitnej s\u0142odyczy, kt\u00f3ra idealnie harmonizuje z mango i oferuje mi\u0119kkie, owocowe wyko\u0144czenie profilu smakowego.<\/li>\n<\/ul>\n<p>To po\u0142\u0105czenie mango i brzoskwini sprawia, \u017ce ka\u017cde zaci\u0105gni\u0119cie jest s\u0142odkim, tropikalnym orze\u017awieniem, kt\u00f3re idealnie pasuje szczeg\u00f3lnie w ciep\u0142e dni lub zawsze, gdy masz ochot\u0119 na co\u015b egzotycznego.<\/p>\n<p>Jednorazowy e-papieros Bang oferuje, dzi\u0119ki swoim 36 000 zaci\u0105gni\u0119\u0107, niezwykle d\u0142ug\u0105 \u017cywotno\u015b\u0107. Mo\u017cesz wapowa\u0107 przez wiele tygodni, nie martwi\u0105c si\u0119 o uzupe\u0142nianie e-liquidu lub wymian\u0119 urz\u0105dzenia. Dzi\u0119ki tej ogromnej pojemno\u015bci Bang 36 000 Puffs jest idealny dla waper\u00f3w, kt\u00f3rzy szukaj\u0105 trwa\u0142ego, bezobs\u0142ugowego rozwi\u0105zania.<\/p>\n<h3>Mesh Coil \u2013 Intensywny smak i du\u017ce chmury pary<\/h3>\n<p>Technologia Mesh Coil jest jedn\u0105 z najwi\u0119kszych zalet tego <strong><a href=\"https:\/\/www.elementvape.de\/pl\/\" target=\"_blank\" rel=\"noopener\">E-papieros<\/a><\/strong>. W por\u00f3wnaniu do tradycyjnych Coils, Mesh Coils oferuj\u0105 wi\u0119ksz\u0105 powierzchni\u0119 grzewcz\u0105, co prowadzi do intensywniejszego i bardziej r\u00f3wnomiernego smaku. Szczeg\u00f3lnie w przypadku owocowych aromat\u00f3w, takich jak mango i brzoskwinia, jest to decyduj\u0105ce, aby zapewni\u0107 pe\u0142ny smak przy ka\u017cdym zaci\u0105gni\u0119ciu. Zalety Mesh Coil:<\/p>\n<ul>\n<li>Szybsze i r\u00f3wnomierne nagrzewanie: Dzi\u0119ki wi\u0119kszej powierzchni, Mesh Coil nagrzewa E-Liquid wydajniej i bardziej r\u00f3wnomiernie, co prowadzi do stale intensywnego smaku.<\/li>\n<li>Lepsze odwzorowanie smaku: Owocowe aromaty pozostaj\u0105 intensywne i autentyczne przez ca\u0142y okres u\u017cytkowania e-papierosa, nie trac\u0105c \u015bwie\u017co\u015bci.<\/li>\n<li>G\u0119ste chmury pary: Opr\u00f3cz smaku, Mesh Coil dostarcza r\u00f3wnie\u017c wi\u0119ksze i g\u0119stsze chmury pary, kt\u00f3re sprawiaj\u0105, \u017ce wra\u017cenia z wapowania s\u0105 jeszcze bardziej intensywne.<\/li>\n<\/ul>\n<p>Po\u0142\u0105czenie tropikalnego smaku i d\u0142ugotrwa\u0142ej wydajno\u015bci sprawia, \u017ce Bang 36000 Puffs to idealny wyb\u00f3r dla wszystkich, kt\u00f3rzy chc\u0105, aby ich wapowanie by\u0142o nieskomplikowane i jednocze\u015bnie orze\u017awiaj\u0105ce. Bez konieczno\u015bci uzupe\u0142niania lub wymiany akumulatora, ten jednorazowy e-papieros oferuje maksymalny komfort przy niezmiennie wysokiej jako\u015bci.<\/p>\n<p>Nawet je\u015bli Bang 36.000 Puffs <strong><a href=\"https:\/\/www.elementvape.de\/pl\/c\/einweg-zigarette\/\" target=\"_blank\" rel=\"noopener\">Jednorazowa e-papieros<\/a><\/strong> jest niezwykle trwa\u0142y, nie musisz si\u0119 martwi\u0107, je\u015bli bateria si\u0119 wyczerpie. Dzi\u0119ki portowi \u0142adowania typu C \u0142adowanie jest szybkie i nieskomplikowane, dzi\u0119ki czemu mo\u017cesz w pe\u0142ni wykorzysta\u0107 pojemno\u015b\u0107 urz\u0105dzenia bez przerw. To sprawia, \u017ce urz\u0105dzenie jest jeszcze bardziej przyjazne dla u\u017cytkownika i zapewnia bezproblemowe wapowanie.<\/p>\n<p>Je\u015bli szukasz owocowego, egzotycznego orze\u017awienia, jednorazowy e-papieros Bang z mango i brzoskwini\u0105 oferuje dok\u0142adnie to. Intensywne po\u0142\u0105czenie tych tropikalnych owoc\u00f3w w po\u0142\u0105czeniu z wydajn\u0105 technologi\u0105 Mesh Coil zapewnia wyj\u0105tkowy smak i g\u0119st\u0105 chmur\u0119 pary przy ka\u017cdym zaci\u0105gni\u0119ciu. Dzi\u0119ki pojemno\u015bci 36 000 zaci\u0105gni\u0119\u0107 i praktycznemu portowi \u0142adowania typu C, ten e-papieros oferuje d\u0142ugotrwa\u0142e, bezproblemowe wapowanie, kt\u00f3re zachwyci zar\u00f3wno nowicjuszy, jak i do\u015bwiadczonych waper\u00f3w.<\/p>","protected":false},"excerpt":{"rendered":"<p>In der Welt der E-Zigaretten sind Geschmacksrichtungen und Dampfqualit\u00e4t die entscheidenden Faktoren f\u00fcr ein unvergessliches Dampferlebnis. Die Bang Einweg-E-Zigarette mit 36.000 Z\u00fcgen bietet genau das: Ein intensives, fruchtiges Vergn\u00fcgen mit einer tropischen Kombination aus Mango und Pfirsich, die Sie bei jedem Zug direkt in ein exotisches Paradies versetzt. Zusammen mit der innovativen Mesh Coil-Technologie hebt [&hellip;]<\/p>","protected":false},"featured_media":14355,"template":"","meta":{"inline_featured_image":false},"product_cat":[15,760,78,750,737,736,749,752,756],"product_tag":[710,761],"tiered_pricing_type":"fixed","tiered_pricing_fixed_rules":{"60":"9.4","110":"8.35","200":"7.31"},"tiered_pricing_percentage_rules":[],"tiered_pricing_minimum":1,"_administrator_tiered_pricing_type":"fixed","_administrator_tiered_pricing_fixed_rules":[],"_editor_tiered_pricing_type":"fixed","_editor_tiered_pricing_fixed_rules":[],"_author_tiered_pricing_type":"fixed","_author_tiered_pricing_fixed_rules":[],"_contributor_tiered_pricing_type":"fixed","_contributor_tiered_pricing_fixed_rules":[],"_subscriber_tiered_pricing_type":"fixed","_subscriber_tiered_pricing_fixed_rules":[],"_customer_tiered_pricing_type":"fixed","_customer_tiered_pricing_fixed_rules":[],"_shop_manager_tiered_pricing_type":"fixed","_shop_manager_tiered_pricing_fixed_rules":[],"_wpseo_manager_tiered_pricing_type":"fixed","_wpseo_manager_tiered_pricing_fixed_rules":[],"_wpseo_editor_tiered_pricing_type":"fixed","_wpseo_editor_tiered_pricing_fixed_rules":[],"_wholesale_customer_tiered_pricing_type":"fixed","_wholesale_customer_tiered_pricing_fixed_rules":[],"_marketer_tiered_pricing_type":"fixed","_marketer_tiered_pricing_fixed_rules":[],"_sales_manager_tiered_pricing_type":"fixed","_sales_manager_tiered_pricing_fixed_rules":[],"_sales_rep_tiered_pricing_type":"fixed","_sales_rep_tiered_pricing_fixed_rules":[],"yoast_head":"<!-- This site is optimized with the Yoast SEO plugin v23.3 - https:\/\/yoast.com\/wordpress\/plugins\/seo\/ -->\n<title>Fruchtige Frische von Mango und Pfirsich Die Bang Einweg-E-Zigarette mit 36000 Z\u00fcgen und Mesh Coil f\u00fcr ein tropisches Dampferlebnis | ElementVape.de<\/title>\n<meta name=\"description\" content=\"Wir bieten Fruchtige Frische von Mango und Pfirsich Die Bang Einweg-E-Zigarette mit 36000 Z\u00fcgen und Mesh Coil f\u00fcr ein tropisches Dampferlebnis , Elementvape.de akzeptieren Gro\u00df-und Einzelhandel Bestellungen.\" \/>\n<meta name=\"robots\" content=\"index, follow, max-snippet:-1, max-image-preview:large, max-video-preview:-1\" \/>\n<link rel=\"canonical\" href=\"https:\/\/www.elementvape.de\/pl\/produkt\/fruchtige-frische-von-mango-und-pfirsich-die-bang-einweg-e-zigarette-mit-36000-zuegen-und-mesh-coil-fuer-ein-tropisches-dampferlebnis\/\" \/>\n<meta property=\"og:locale\" content=\"pl_PL\" \/>\n<meta property=\"og:type\" content=\"article\" \/>\n<meta property=\"og:title\" content=\"Fruchtige Frische von Mango und Pfirsich Die Bang Einweg-E-Zigarette mit 36000 Z\u00fcgen und Mesh Coil f\u00fcr ein tropisches Dampferlebnis | ElementVape.de\" \/>\n<meta property=\"og:description\" content=\"Wir bieten Fruchtige Frische von Mango und Pfirsich Die Bang Einweg-E-Zigarette mit 36000 Z\u00fcgen und Mesh Coil f\u00fcr ein tropisches Dampferlebnis , Elementvape.de akzeptieren Gro\u00df-und Einzelhandel Bestellungen.\" \/>\n<meta property=\"og:url\" content=\"https:\/\/www.elementvape.de\/pl\/produkt\/fruchtige-frische-von-mango-und-pfirsich-die-bang-einweg-e-zigarette-mit-36000-zuegen-und-mesh-coil-fuer-ein-tropisches-dampferlebnis\/\" \/>\n<meta property=\"og:site_name\" content=\"ElementVape.de\" \/>\n<meta property=\"article:modified_time\" content=\"2024-10-09T08:17:07+00:00\" \/>\n<meta property=\"og:image\" content=\"https:\/\/www.elementvape.de\/wp-content\/uploads\/2024\/09\/MANGO-PEACH-1-scaled.jpg\" \/>\n\t<meta property=\"og:image:width\" content=\"2560\" \/>\n\t<meta property=\"og:image:height\" content=\"2249\" \/>\n\t<meta property=\"og:image:type\" content=\"image\/jpeg\" \/>\n<meta name=\"twitter:card\" content=\"summary_large_image\" \/>\n<meta name=\"twitter:label1\" content=\"Est. reading time\" \/>\n\t<meta name=\"twitter:data1\" content=\"4 minuty\" \/>\n<script type=\"application\/ld+json\" class=\"yoast-schema-graph\">{\"@context\":\"https:\/\/schema.org\",\"@graph\":[{\"@type\":\"WebPage\",\"@id\":\"https:\/\/www.elementvape.de\/produkt\/fruchtige-frische-von-mango-und-pfirsich-die-bang-einweg-e-zigarette-mit-36000-zuegen-und-mesh-coil-fuer-ein-tropisches-dampferlebnis\/\",\"url\":\"https:\/\/www.elementvape.de\/produkt\/fruchtige-frische-von-mango-und-pfirsich-die-bang-einweg-e-zigarette-mit-36000-zuegen-und-mesh-coil-fuer-ein-tropisches-dampferlebnis\/\",\"name\":\"Fruchtige Frische von Mango und Pfirsich Die Bang Einweg-E-Zigarette mit 36000 Z\u00fcgen und Mesh Coil f\u00fcr ein tropisches Dampferlebnis | ElementVape.de\",\"isPartOf\":{\"@id\":\"https:\/\/www.elementvape.de\/#website\"},\"primaryImageOfPage\":{\"@id\":\"https:\/\/www.elementvape.de\/produkt\/fruchtige-frische-von-mango-und-pfirsich-die-bang-einweg-e-zigarette-mit-36000-zuegen-und-mesh-coil-fuer-ein-tropisches-dampferlebnis\/#primaryimage\"},\"image\":{\"@id\":\"https:\/\/www.elementvape.de\/produkt\/fruchtige-frische-von-mango-und-pfirsich-die-bang-einweg-e-zigarette-mit-36000-zuegen-und-mesh-coil-fuer-ein-tropisches-dampferlebnis\/#primaryimage\"},\"thumbnailUrl\":\"https:\/\/www.elementvape.de\/wp-content\/uploads\/2024\/09\/MANGO-PEACH-1-scaled.jpg\",\"datePublished\":\"2024-09-17T06:42:25+00:00\",\"dateModified\":\"2024-10-09T08:17:07+00:00\",\"description\":\"Wir bieten Fruchtige Frische von Mango und Pfirsich Die Bang Einweg-E-Zigarette mit 36000 Z\u00fcgen und Mesh Coil f\u00fcr ein tropisches Dampferlebnis , Elementvape.de akzeptieren Gro\u00df-und Einzelhandel Bestellungen.\",\"breadcrumb\":{\"@id\":\"https:\/\/www.elementvape.de\/produkt\/fruchtige-frische-von-mango-und-pfirsich-die-bang-einweg-e-zigarette-mit-36000-zuegen-und-mesh-coil-fuer-ein-tropisches-dampferlebnis\/#breadcrumb\"},\"inLanguage\":\"pl-PL\",\"potentialAction\":[{\"@type\":\"ReadAction\",\"target\":[\"https:\/\/www.elementvape.de\/produkt\/fruchtige-frische-von-mango-und-pfirsich-die-bang-einweg-e-zigarette-mit-36000-zuegen-und-mesh-coil-fuer-ein-tropisches-dampferlebnis\/\"]}]},{\"@type\":\"ImageObject\",\"inLanguage\":\"pl-PL\",\"@id\":\"https:\/\/www.elementvape.de\/produkt\/fruchtige-frische-von-mango-und-pfirsich-die-bang-einweg-e-zigarette-mit-36000-zuegen-und-mesh-coil-fuer-ein-tropisches-dampferlebnis\/#primaryimage\",\"url\":\"https:\/\/www.elementvape.de\/wp-content\/uploads\/2024\/09\/MANGO-PEACH-1-scaled.jpg\",\"contentUrl\":\"https:\/\/www.elementvape.de\/wp-content\/uploads\/2024\/09\/MANGO-PEACH-1-scaled.jpg\",\"width\":2560,\"height\":2249,\"caption\":\"MANGO PEACH\"},{\"@type\":\"BreadcrumbList\",\"@id\":\"https:\/\/www.elementvape.de\/produkt\/fruchtige-frische-von-mango-und-pfirsich-die-bang-einweg-e-zigarette-mit-36000-zuegen-und-mesh-coil-fuer-ein-tropisches-dampferlebnis\/#breadcrumb\",\"itemListElement\":[{\"@type\":\"ListItem\",\"position\":1,\"name\":\"Home\",\"item\":\"https:\/\/www.elementvape.de\/\"},{\"@type\":\"ListItem\",\"position\":2,\"name\":\"Shop\",\"item\":\"https:\/\/www.elementvape.de\/shop\/\"},{\"@type\":\"ListItem\",\"position\":3,\"name\":\"Fruchtige Frische von Mango und Pfirsich Die Bang Einweg-E-Zigarette mit 36000 Z\u00fcgen und Mesh Coil f\u00fcr ein tropisches Dampferlebnis\"}]},{\"@type\":\"WebSite\",\"@id\":\"https:\/\/www.elementvape.de\/#website\",\"url\":\"https:\/\/www.elementvape.de\/\",\"name\":\"ElementVape.de\",\"description\":\"\",\"publisher\":{\"@id\":\"https:\/\/www.elementvape.de\/#organization\"},\"potentialAction\":[{\"@type\":\"SearchAction\",\"target\":{\"@type\":\"EntryPoint\",\"urlTemplate\":\"https:\/\/www.elementvape.de\/?s={search_term_string}\"},\"query-input\":\"required name=search_term_string\"}],\"inLanguage\":\"pl-PL\"},{\"@type\":\"Organization\",\"@id\":\"https:\/\/www.elementvape.de\/#organization\",\"name\":\"ElementVape.DE\",\"url\":\"https:\/\/www.elementvape.de\/\",\"logo\":{\"@type\":\"ImageObject\",\"inLanguage\":\"pl-PL\",\"@id\":\"https:\/\/www.elementvape.de\/#\/schema\/logo\/image\/\",\"url\":\"https:\/\/www.elementvape.de\/wp-content\/uploads\/2024\/09\/cropped-1elementvape-3.png\",\"contentUrl\":\"https:\/\/www.elementvape.de\/wp-content\/uploads\/2024\/09\/cropped-1elementvape-3.png\",\"width\":285,\"height\":228,\"caption\":\"ElementVape.DE\"},\"image\":{\"@id\":\"https:\/\/www.elementvape.de\/#\/schema\/logo\/image\/\"}}]}<\/script>\n<!-- \/ Yoast SEO plugin. -->","yoast_head_json":{"title":"Fruchtige Frische von Mango und Pfirsich Die Bang Einweg-E-Zigarette mit 36000 Z\u00fcgen und Mesh Coil f\u00fcr ein tropisches Dampferlebnis | ElementVape.de","description":"Wir bieten Fruchtige Frische von Mango und Pfirsich Die Bang Einweg-E-Zigarette mit 36000 Z\u00fcgen und Mesh Coil f\u00fcr ein tropisches Dampferlebnis , Elementvape.de akzeptieren Gro\u00df-und Einzelhandel Bestellungen.","robots":{"index":"index","follow":"follow","max-snippet":"max-snippet:-1","max-image-preview":"max-image-preview:large","max-video-preview":"max-video-preview:-1"},"canonical":"https:\/\/www.elementvape.de\/pl\/produkt\/fruchtige-frische-von-mango-und-pfirsich-die-bang-einweg-e-zigarette-mit-36000-zuegen-und-mesh-coil-fuer-ein-tropisches-dampferlebnis\/","og_locale":"pl_PL","og_type":"article","og_title":"Fruchtige Frische von Mango und Pfirsich Die Bang Einweg-E-Zigarette mit 36000 Z\u00fcgen und Mesh Coil f\u00fcr ein tropisches Dampferlebnis | ElementVape.de","og_description":"Wir bieten Fruchtige Frische von Mango und Pfirsich Die Bang Einweg-E-Zigarette mit 36000 Z\u00fcgen und Mesh Coil f\u00fcr ein tropisches Dampferlebnis , Elementvape.de akzeptieren Gro\u00df-und Einzelhandel Bestellungen.","og_url":"https:\/\/www.elementvape.de\/pl\/produkt\/fruchtige-frische-von-mango-und-pfirsich-die-bang-einweg-e-zigarette-mit-36000-zuegen-und-mesh-coil-fuer-ein-tropisches-dampferlebnis\/","og_site_name":"ElementVape.de","article_modified_time":"2024-10-09T08:17:07+00:00","og_image":[{"width":2560,"height":2249,"url":"https:\/\/www.elementvape.de\/wp-content\/uploads\/2024\/09\/MANGO-PEACH-1-scaled.jpg","type":"image\/jpeg"}],"twitter_card":"summary_large_image","twitter_misc":{"Est. reading time":"4 minuty"},"schema":{"@context":"https:\/\/schema.org","@graph":[{"@type":"WebPage","@id":"https:\/\/www.elementvape.de\/produkt\/fruchtige-frische-von-mango-und-pfirsich-die-bang-einweg-e-zigarette-mit-36000-zuegen-und-mesh-coil-fuer-ein-tropisches-dampferlebnis\/","url":"https:\/\/www.elementvape.de\/produkt\/fruchtige-frische-von-mango-und-pfirsich-die-bang-einweg-e-zigarette-mit-36000-zuegen-und-mesh-coil-fuer-ein-tropisches-dampferlebnis\/","name":"Fruchtige Frische von Mango und Pfirsich Die Bang Einweg-E-Zigarette mit 36000 Z\u00fcgen und Mesh Coil f\u00fcr ein tropisches Dampferlebnis | ElementVape.de","isPartOf":{"@id":"https:\/\/www.elementvape.de\/#website"},"primaryImageOfPage":{"@id":"https:\/\/www.elementvape.de\/produkt\/fruchtige-frische-von-mango-und-pfirsich-die-bang-einweg-e-zigarette-mit-36000-zuegen-und-mesh-coil-fuer-ein-tropisches-dampferlebnis\/#primaryimage"},"image":{"@id":"https:\/\/www.elementvape.de\/produkt\/fruchtige-frische-von-mango-und-pfirsich-die-bang-einweg-e-zigarette-mit-36000-zuegen-und-mesh-coil-fuer-ein-tropisches-dampferlebnis\/#primaryimage"},"thumbnailUrl":"https:\/\/www.elementvape.de\/wp-content\/uploads\/2024\/09\/MANGO-PEACH-1-scaled.jpg","datePublished":"2024-09-17T06:42:25+00:00","dateModified":"2024-10-09T08:17:07+00:00","description":"Wir bieten Fruchtige Frische von Mango und Pfirsich Die Bang Einweg-E-Zigarette mit 36000 Z\u00fcgen und Mesh Coil f\u00fcr ein tropisches Dampferlebnis , Elementvape.de akzeptieren Gro\u00df-und Einzelhandel Bestellungen.","breadcrumb":{"@id":"https:\/\/www.elementvape.de\/produkt\/fruchtige-frische-von-mango-und-pfirsich-die-bang-einweg-e-zigarette-mit-36000-zuegen-und-mesh-coil-fuer-ein-tropisches-dampferlebnis\/#breadcrumb"},"inLanguage":"pl-PL","potentialAction":[{"@type":"ReadAction","target":["https:\/\/www.elementvape.de\/produkt\/fruchtige-frische-von-mango-und-pfirsich-die-bang-einweg-e-zigarette-mit-36000-zuegen-und-mesh-coil-fuer-ein-tropisches-dampferlebnis\/"]}]},{"@type":"ImageObject","inLanguage":"pl-PL","@id":"https:\/\/www.elementvape.de\/produkt\/fruchtige-frische-von-mango-und-pfirsich-die-bang-einweg-e-zigarette-mit-36000-zuegen-und-mesh-coil-fuer-ein-tropisches-dampferlebnis\/#primaryimage","url":"https:\/\/www.elementvape.de\/wp-content\/uploads\/2024\/09\/MANGO-PEACH-1-scaled.jpg","contentUrl":"https:\/\/www.elementvape.de\/wp-content\/uploads\/2024\/09\/MANGO-PEACH-1-scaled.jpg","width":2560,"height":2249,"caption":"MANGO PEACH"},{"@type":"BreadcrumbList","@id":"https:\/\/www.elementvape.de\/produkt\/fruchtige-frische-von-mango-und-pfirsich-die-bang-einweg-e-zigarette-mit-36000-zuegen-und-mesh-coil-fuer-ein-tropisches-dampferlebnis\/#breadcrumb","itemListElement":[{"@type":"ListItem","position":1,"name":"Home","item":"https:\/\/www.elementvape.de\/"},{"@type":"ListItem","position":2,"name":"Shop","item":"https:\/\/www.elementvape.de\/shop\/"},{"@type":"ListItem","position":3,"name":"Fruchtige Frische von Mango und Pfirsich Die Bang Einweg-E-Zigarette mit 36000 Z\u00fcgen und Mesh Coil f\u00fcr ein tropisches Dampferlebnis"}]},{"@type":"WebSite","@id":"https:\/\/www.elementvape.de\/#website","url":"https:\/\/www.elementvape.de\/","name":"ElementVape.de","description":"","publisher":{"@id":"https:\/\/www.elementvape.de\/#organization"},"potentialAction":[{"@type":"SearchAction","target":{"@type":"EntryPoint","urlTemplate":"https:\/\/www.elementvape.de\/?s={search_term_string}"},"query-input":"required name=search_term_string"}],"inLanguage":"pl-PL"},{"@type":"Organization","@id":"https:\/\/www.elementvape.de\/#organization","name":"ElementVape.DE","url":"https:\/\/www.elementvape.de\/","logo":{"@type":"ImageObject","inLanguage":"pl-PL","@id":"https:\/\/www.elementvape.de\/#\/schema\/logo\/image\/","url":"https:\/\/www.elementvape.de\/wp-content\/uploads\/2024\/09\/cropped-1elementvape-3.png","contentUrl":"https:\/\/www.elementvape.de\/wp-content\/uploads\/2024\/09\/cropped-1elementvape-3.png","width":285,"height":228,"caption":"ElementVape.DE"},"image":{"@id":"https:\/\/www.elementvape.de\/#\/schema\/logo\/image\/"}}]}},"_links":{"self":[{"href":"https:\/\/www.elementvape.de\/pl\/wp-json\/wp\/v2\/product\/14363"}],"collection":[{"href":"https:\/\/www.elementvape.de\/pl\/wp-json\/wp\/v2\/product"}],"about":[{"href":"https:\/\/www.elementvape.de\/pl\/wp-json\/wp\/v2\/types\/product"}],"wp:featuredmedia":[{"embeddable":true,"href":"https:\/\/www.elementvape.de\/pl\/wp-json\/wp\/v2\/media\/14355"}],"wp:attachment":[{"href":"https:\/\/www.elementvape.de\/pl\/wp-json\/wp\/v2\/media?parent=14363"}],"wp:term":[{"taxonomy":"product_cat","embeddable":true,"href":"https:\/\/www.elementvape.de\/pl\/wp-json\/wp\/v2\/product_cat?post=14363"},{"taxonomy":"product_tag","embeddable":true,"href":"https:\/\/www.elementvape.de\/pl\/wp-json\/wp\/v2\/product_tag?post=14363"}],"curies":[{"name":"wp","href":"https:\/\/api.w.org\/{rel}","templated":true}]}}