{"id":14349,"date":"2024-09-17T05:50:28","date_gmt":"2024-09-17T05:50:28","guid":{"rendered":"https:\/\/www.elementvape.de\/?post_type=product&#038;p=14349"},"modified":"2024-10-09T08:15:45","modified_gmt":"2024-10-09T08:15:45","slug":"erleben-sie-den-tropischen-genuss-von-pfirsich-mango-und-wassermelone-mit-der-bang-36-000-puffs-einweg-e-zigarette-und-mesh-coil","status":"publish","type":"product","link":"https:\/\/www.elementvape.de\/pl\/produkt\/erleben-sie-den-tropischen-genuss-von-pfirsich-mango-und-wassermelone-mit-der-bang-36-000-puffs-einweg-e-zigarette-und-mesh-coil\/","title":{"rendered":"Do\u015bwiadcz tropikalnej rozkoszy brzoskwini, mango i arbuz\u00f3w z jednorazowym e-papierosem Bang 36.000 Puffs i mesh coil"},"content":{"rendered":"<h2>Do\u015bwiadcz tropikalnego smaku brzoskwini, mango i arbuz z jednorazow\u0105 e-papierosem Bang 36000 Puffs i Mesh Coil<\/h2>\n<p>W dynamicznym \u015bwiecie e-papieros\u00f3w egzotyczne aromaty i zaawansowane technologie s\u0105 kluczowe, aby zapewni\u0107 intensywne i przyjemne do\u015bwiadczenie palenia. Z jednorazow\u0105 e-papierosem Bang 36000 Puffs wyposa\u017con\u0105 w Mesh Coil, palenie przenosi si\u0119 na nowy poziom. Tropikalne aromaty brzoskwini, mango i arbuz przenosz\u0105 Twoje kubki smakowe do raju i zapewniaj\u0105 d\u0142ugotrwa\u0142\u0105 przyjemno\u015b\u0107 \u2013 poci\u0105gni\u0119cie za poci\u0105gni\u0119ciem.<\/p>\n<h3>Eksplozja tropikalnych smak\u00f3w: brzoskwinia, mango i arbuz<\/h3>\n<p>Serce tego produktu jest bez w\u0105tpienia smak. Bang 36000 Puffs <strong><a href=\"https:\/\/www.elementvape.de\/pl\/c\/einweg-zigarette\/\" target=\"_blank\" rel=\"noopener\">Jednorazowa e-papieros<\/a><\/strong> \u0142\u0105czy soczyste aromaty dojrza\u0142ej mango i brzoskwini z orze\u017awiaj\u0105c\u0105 s\u0142odycz\u0105 arbuza. Ta tr\u00f3jka tropikalnych owoc\u00f3w jest nie tylko orze\u017awiaj\u0105ca, ale tak\u017ce idealnie zbalansowana, aby ka\u017cda inhalacja zapewnia\u0142a niezr\u00f3wnan\u0105 \u015bwie\u017co\u015b\u0107.<\/p>\n<ul>\n<li>Brzoskwinia, mango: s\u0142odka, lekko gorzka brzoskwinia harmonijnie \u0142\u0105czy si\u0119 z tropikaln\u0105 s\u0142odycz\u0105 mango, zapewniaj\u0105c pe\u0142ny, owocowy smak.<\/li>\n<li>Arbuz: arbuz dodaje orze\u017awiaj\u0105cy, musuj\u0105cy akcent, kt\u00f3ry dope\u0142nia doznania smakowe i jest szczeg\u00f3lnie popularny latem.<\/li>\n<\/ul>\n<h3>36 000 poci\u0105gni\u0119\u0107 \u2013 maksymalna trwa\u0142o\u015b\u0107 dla ci\u0105g\u0142ej przyjemno\u015bci<\/h3>\n<p>Jedn\u0105 z najwi\u0119kszych zalet Bang 36000 jest jej ogromna pojemno\u015b\u0107 do 36 000 poci\u0105gni\u0119\u0107. Ta trwa\u0142o\u015b\u0107 oznacza, \u017ce mo\u017cesz cieszy\u0107 si\u0119 ni\u0105 przez tygodnie, nie martwi\u0105c si\u0119 o szybkie wyczerpanie urz\u0105dzenia. Niezale\u017cnie od tego, czy jeste\u015b zapalonym palaczem, czy u\u017cywasz go okazjonalnie \u2013 Bang 36000 oferuje wyj\u0105tkow\u0105 wydajno\u015b\u0107, kt\u00f3ra wystarczy na wiele sesji palenia.<\/p>\n<h3>Mesh Coil \u2013 intensywniejszy smak i g\u0119ste chmury dymu<\/h3>\n<p>U\u017cycie Mesh Coil to kolejny wyr\u00f3\u017cnik tej jednorazowej e-papierosa. Mesh-Coils s\u0105 znane z efektywnego i r\u00f3wnomiernego podgrzewania pary, co prowadzi do intensywniejszego smaku i wi\u0119kszych chmur dymu. Z Bang 36000 korzystasz z:<\/p>\n<ul>\n<li>Szybszego nagrzewania: technologia Mesh-Coil zapewnia szybsze i bardziej r\u00f3wnomierne rozprowadzanie ciep\u0142a.<\/li>\n<li>Lepszej reprodukcji smaku: aromaty zachowuj\u0105 autentyczno\u015b\u0107 i pe\u0142ni\u0119 smaku \u2013 od pierwszego do ostatniego poci\u0105gni\u0119cia.<\/li>\n<li>Wi\u0119kszych chmur dymu: dzi\u0119ki ulepszonej powierzchni grzewczej powstaj\u0105 g\u0119ste, pe\u0142ne chmury, kt\u00f3re jeszcze bardziej intensyfikuj\u0105 do\u015bwiadczenie palenia.<\/li>\n<\/ul>\n<h3>Tropikalna egzotyka spotyka si\u0119 z zaawansowan\u0105 technologi\u0105<\/h3>\n<p>Jednorazowa e-papieros Bang 36000 Puffs z aromatami brzoskwini, mango i arbuza to co\u015b wi\u0119cej ni\u017c tylko e-papieros \u2013 to zaproszenie do tropikalnych smakowych \u015bwiat\u00f3w, po\u0142\u0105czone z najnowsz\u0105 technologi\u0105 dla intensywnego i d\u0142ugotrwa\u0142ego do\u015bwiadczenia palenia. Niezale\u017cnie od tego, czy jeste\u015b pocz\u0105tkuj\u0105cy, czy do\u015bwiadczony <strong><a href=\"https:\/\/www.elementvape.de\/pl\/\" target=\"_blank\" rel=\"noopener\">palenia<\/a><\/strong> \u2013 z tym urz\u0105dzeniem otrzymujesz idealne po\u0142\u0105czenie wydajno\u015bci, smaku i \u0142atwo\u015bci obs\u0142ugi.<\/p>","protected":false},"excerpt":{"rendered":"<p>Erleben Sie den tropischen Genuss von Pfirsich Mango und Wassermelone mit der Bang 36000 Puffs Einweg-E-Zigarette und Mesh Coil In der dynamischen Welt der E-Zigarett en sind exotische Aromen und fortschrittliche Technologien entscheidend, um ein intensives und angenehmes Dampferlebnis zu bieten. Mit der Bang 36000 Puffs Einweg-E-Zigarette, die mit einer Mesh Coil ausgestattet ist, wird [&hellip;]<\/p>","protected":false},"featured_media":14350,"template":"","meta":{"inline_featured_image":false},"product_cat":[15,760,78,750,737,736,749,752,756],"product_tag":[710,761],"tiered_pricing_type":"fixed","tiered_pricing_fixed_rules":{"60":"9.4","110":"8.35","200":"7.31"},"tiered_pricing_percentage_rules":[],"tiered_pricing_minimum":1,"_administrator_tiered_pricing_type":"fixed","_administrator_tiered_pricing_fixed_rules":[],"_editor_tiered_pricing_type":"fixed","_editor_tiered_pricing_fixed_rules":[],"_author_tiered_pricing_type":"fixed","_author_tiered_pricing_fixed_rules":[],"_contributor_tiered_pricing_type":"fixed","_contributor_tiered_pricing_fixed_rules":[],"_subscriber_tiered_pricing_type":"fixed","_subscriber_tiered_pricing_fixed_rules":[],"_customer_tiered_pricing_type":"fixed","_customer_tiered_pricing_fixed_rules":[],"_shop_manager_tiered_pricing_type":"fixed","_shop_manager_tiered_pricing_fixed_rules":[],"_wpseo_manager_tiered_pricing_type":"fixed","_wpseo_manager_tiered_pricing_fixed_rules":[],"_wpseo_editor_tiered_pricing_type":"fixed","_wpseo_editor_tiered_pricing_fixed_rules":[],"_wholesale_customer_tiered_pricing_type":"fixed","_wholesale_customer_tiered_pricing_fixed_rules":[],"_marketer_tiered_pricing_type":"fixed","_marketer_tiered_pricing_fixed_rules":[],"_sales_manager_tiered_pricing_type":"fixed","_sales_manager_tiered_pricing_fixed_rules":[],"_sales_rep_tiered_pricing_type":"fixed","_sales_rep_tiered_pricing_fixed_rules":[],"yoast_head":"<!-- This site is optimized with the Yoast SEO plugin v23.3 - https:\/\/yoast.com\/wordpress\/plugins\/seo\/ -->\n<title>Erleben Sie den tropischen Genuss von Pfirsich Mango und Wassermelone mit der Bang 36.000 Puffs Einweg-E-Zigarette und Mesh Coil | ElementVape.de<\/title>\n<meta name=\"description\" content=\"Wir bieten Erleben Sie den tropischen Genuss von Pfirsich Mango und Wassermelone mit der Bang 36.000 Puffs Einweg-E-Zigarette und Mesh Coil , Elementvape.de akzeptieren Gro\u00df-und Einzelhandel Bestellungen.\" \/>\n<meta name=\"robots\" content=\"index, follow, max-snippet:-1, max-image-preview:large, max-video-preview:-1\" \/>\n<link rel=\"canonical\" href=\"https:\/\/www.elementvape.de\/pl\/produkt\/erleben-sie-den-tropischen-genuss-von-pfirsich-mango-und-wassermelone-mit-der-bang-36-000-puffs-einweg-e-zigarette-und-mesh-coil\/\" \/>\n<meta property=\"og:locale\" content=\"pl_PL\" \/>\n<meta property=\"og:type\" content=\"article\" \/>\n<meta property=\"og:title\" content=\"Erleben Sie den tropischen Genuss von Pfirsich Mango und Wassermelone mit der Bang 36.000 Puffs Einweg-E-Zigarette und Mesh Coil | ElementVape.de\" \/>\n<meta property=\"og:description\" content=\"Wir bieten Erleben Sie den tropischen Genuss von Pfirsich Mango und Wassermelone mit der Bang 36.000 Puffs Einweg-E-Zigarette und Mesh Coil , Elementvape.de akzeptieren Gro\u00df-und Einzelhandel Bestellungen.\" \/>\n<meta property=\"og:url\" content=\"https:\/\/www.elementvape.de\/pl\/produkt\/erleben-sie-den-tropischen-genuss-von-pfirsich-mango-und-wassermelone-mit-der-bang-36-000-puffs-einweg-e-zigarette-und-mesh-coil\/\" \/>\n<meta property=\"og:site_name\" content=\"ElementVape.de\" \/>\n<meta property=\"article:modified_time\" content=\"2024-10-09T08:15:45+00:00\" \/>\n<meta property=\"og:image\" content=\"https:\/\/www.elementvape.de\/wp-content\/uploads\/2024\/09\/PEACH-MANGO-WATERNTEION-scaled.jpg\" \/>\n\t<meta property=\"og:image:width\" content=\"2560\" \/>\n\t<meta property=\"og:image:height\" content=\"2249\" \/>\n\t<meta property=\"og:image:type\" content=\"image\/jpeg\" \/>\n<meta name=\"twitter:card\" content=\"summary_large_image\" \/>\n<meta name=\"twitter:label1\" content=\"Est. reading time\" \/>\n\t<meta name=\"twitter:data1\" content=\"3 minuty\" \/>\n<script type=\"application\/ld+json\" class=\"yoast-schema-graph\">{\"@context\":\"https:\/\/schema.org\",\"@graph\":[{\"@type\":\"WebPage\",\"@id\":\"https:\/\/www.elementvape.de\/pl\/produkt\/erleben-sie-den-tropischen-genuss-von-pfirsich-mango-und-wassermelone-mit-der-bang-36-000-puffs-einweg-e-zigarette-und-mesh-coil\/\",\"url\":\"https:\/\/www.elementvape.de\/pl\/produkt\/erleben-sie-den-tropischen-genuss-von-pfirsich-mango-und-wassermelone-mit-der-bang-36-000-puffs-einweg-e-zigarette-und-mesh-coil\/\",\"name\":\"Erleben Sie den tropischen Genuss von Pfirsich Mango und Wassermelone mit der Bang 36.000 Puffs Einweg-E-Zigarette und Mesh Coil | ElementVape.de\",\"isPartOf\":{\"@id\":\"https:\/\/www.elementvape.de\/#website\"},\"primaryImageOfPage\":{\"@id\":\"https:\/\/www.elementvape.de\/pl\/produkt\/erleben-sie-den-tropischen-genuss-von-pfirsich-mango-und-wassermelone-mit-der-bang-36-000-puffs-einweg-e-zigarette-und-mesh-coil\/#primaryimage\"},\"image\":{\"@id\":\"https:\/\/www.elementvape.de\/pl\/produkt\/erleben-sie-den-tropischen-genuss-von-pfirsich-mango-und-wassermelone-mit-der-bang-36-000-puffs-einweg-e-zigarette-und-mesh-coil\/#primaryimage\"},\"thumbnailUrl\":\"https:\/\/www.elementvape.de\/wp-content\/uploads\/2024\/09\/PEACH-MANGO-WATERNTEION-scaled.jpg\",\"datePublished\":\"2024-09-17T05:50:28+00:00\",\"dateModified\":\"2024-10-09T08:15:45+00:00\",\"description\":\"Wir bieten Erleben Sie den tropischen Genuss von Pfirsich Mango und Wassermelone mit der Bang 36.000 Puffs Einweg-E-Zigarette und Mesh Coil , Elementvape.de akzeptieren Gro\u00df-und Einzelhandel Bestellungen.\",\"breadcrumb\":{\"@id\":\"https:\/\/www.elementvape.de\/pl\/produkt\/erleben-sie-den-tropischen-genuss-von-pfirsich-mango-und-wassermelone-mit-der-bang-36-000-puffs-einweg-e-zigarette-und-mesh-coil\/#breadcrumb\"},\"inLanguage\":\"pl-PL\",\"potentialAction\":[{\"@type\":\"ReadAction\",\"target\":[\"https:\/\/www.elementvape.de\/pl\/produkt\/erleben-sie-den-tropischen-genuss-von-pfirsich-mango-und-wassermelone-mit-der-bang-36-000-puffs-einweg-e-zigarette-und-mesh-coil\/\"]}]},{\"@type\":\"ImageObject\",\"inLanguage\":\"pl-PL\",\"@id\":\"https:\/\/www.elementvape.de\/pl\/produkt\/erleben-sie-den-tropischen-genuss-von-pfirsich-mango-und-wassermelone-mit-der-bang-36-000-puffs-einweg-e-zigarette-und-mesh-coil\/#primaryimage\",\"url\":\"https:\/\/www.elementvape.de\/wp-content\/uploads\/2024\/09\/PEACH-MANGO-WATERNTEION-scaled.jpg\",\"contentUrl\":\"https:\/\/www.elementvape.de\/wp-content\/uploads\/2024\/09\/PEACH-MANGO-WATERNTEION-scaled.jpg\",\"width\":2560,\"height\":2249,\"caption\":\"PEACH MANGO WATERNTEION\"},{\"@type\":\"BreadcrumbList\",\"@id\":\"https:\/\/www.elementvape.de\/pl\/produkt\/erleben-sie-den-tropischen-genuss-von-pfirsich-mango-und-wassermelone-mit-der-bang-36-000-puffs-einweg-e-zigarette-und-mesh-coil\/#breadcrumb\",\"itemListElement\":[{\"@type\":\"ListItem\",\"position\":1,\"name\":\"Home\",\"item\":\"https:\/\/www.elementvape.de\/\"},{\"@type\":\"ListItem\",\"position\":2,\"name\":\"Shop\",\"item\":\"https:\/\/www.elementvape.de\/shop\/\"},{\"@type\":\"ListItem\",\"position\":3,\"name\":\"Erleben Sie den tropischen Genuss von Pfirsich Mango und Wassermelone mit der Bang 36.000 Puffs Einweg-E-Zigarette und Mesh Coil\"}]},{\"@type\":\"WebSite\",\"@id\":\"https:\/\/www.elementvape.de\/#website\",\"url\":\"https:\/\/www.elementvape.de\/\",\"name\":\"ElementVape.de\",\"description\":\"\",\"publisher\":{\"@id\":\"https:\/\/www.elementvape.de\/#organization\"},\"potentialAction\":[{\"@type\":\"SearchAction\",\"target\":{\"@type\":\"EntryPoint\",\"urlTemplate\":\"https:\/\/www.elementvape.de\/?s={search_term_string}\"},\"query-input\":\"required name=search_term_string\"}],\"inLanguage\":\"pl-PL\"},{\"@type\":\"Organization\",\"@id\":\"https:\/\/www.elementvape.de\/#organization\",\"name\":\"ElementVape.DE\",\"url\":\"https:\/\/www.elementvape.de\/\",\"logo\":{\"@type\":\"ImageObject\",\"inLanguage\":\"pl-PL\",\"@id\":\"https:\/\/www.elementvape.de\/#\/schema\/logo\/image\/\",\"url\":\"https:\/\/www.elementvape.de\/wp-content\/uploads\/2024\/09\/cropped-1elementvape-3.png\",\"contentUrl\":\"https:\/\/www.elementvape.de\/wp-content\/uploads\/2024\/09\/cropped-1elementvape-3.png\",\"width\":285,\"height\":228,\"caption\":\"ElementVape.DE\"},\"image\":{\"@id\":\"https:\/\/www.elementvape.de\/#\/schema\/logo\/image\/\"}}]}<\/script>\n<!-- \/ Yoast SEO plugin. -->","yoast_head_json":{"title":"Erleben Sie den tropischen Genuss von Pfirsich Mango und Wassermelone mit der Bang 36.000 Puffs Einweg-E-Zigarette und Mesh Coil | ElementVape.de","description":"Wir bieten Erleben Sie den tropischen Genuss von Pfirsich Mango und Wassermelone mit der Bang 36.000 Puffs Einweg-E-Zigarette und Mesh Coil , Elementvape.de akzeptieren Gro\u00df-und Einzelhandel Bestellungen.","robots":{"index":"index","follow":"follow","max-snippet":"max-snippet:-1","max-image-preview":"max-image-preview:large","max-video-preview":"max-video-preview:-1"},"canonical":"https:\/\/www.elementvape.de\/pl\/produkt\/erleben-sie-den-tropischen-genuss-von-pfirsich-mango-und-wassermelone-mit-der-bang-36-000-puffs-einweg-e-zigarette-und-mesh-coil\/","og_locale":"pl_PL","og_type":"article","og_title":"Erleben Sie den tropischen Genuss von Pfirsich Mango und Wassermelone mit der Bang 36.000 Puffs Einweg-E-Zigarette und Mesh Coil | ElementVape.de","og_description":"Wir bieten Erleben Sie den tropischen Genuss von Pfirsich Mango und Wassermelone mit der Bang 36.000 Puffs Einweg-E-Zigarette und Mesh Coil , Elementvape.de akzeptieren Gro\u00df-und Einzelhandel Bestellungen.","og_url":"https:\/\/www.elementvape.de\/pl\/produkt\/erleben-sie-den-tropischen-genuss-von-pfirsich-mango-und-wassermelone-mit-der-bang-36-000-puffs-einweg-e-zigarette-und-mesh-coil\/","og_site_name":"ElementVape.de","article_modified_time":"2024-10-09T08:15:45+00:00","og_image":[{"width":2560,"height":2249,"url":"https:\/\/www.elementvape.de\/wp-content\/uploads\/2024\/09\/PEACH-MANGO-WATERNTEION-scaled.jpg","type":"image\/jpeg"}],"twitter_card":"summary_large_image","twitter_misc":{"Est. reading time":"3 minuty"},"schema":{"@context":"https:\/\/schema.org","@graph":[{"@type":"WebPage","@id":"https:\/\/www.elementvape.de\/pl\/produkt\/erleben-sie-den-tropischen-genuss-von-pfirsich-mango-und-wassermelone-mit-der-bang-36-000-puffs-einweg-e-zigarette-und-mesh-coil\/","url":"https:\/\/www.elementvape.de\/pl\/produkt\/erleben-sie-den-tropischen-genuss-von-pfirsich-mango-und-wassermelone-mit-der-bang-36-000-puffs-einweg-e-zigarette-und-mesh-coil\/","name":"Erleben Sie den tropischen Genuss von Pfirsich Mango und Wassermelone mit der Bang 36.000 Puffs Einweg-E-Zigarette und Mesh Coil | ElementVape.de","isPartOf":{"@id":"https:\/\/www.elementvape.de\/#website"},"primaryImageOfPage":{"@id":"https:\/\/www.elementvape.de\/pl\/produkt\/erleben-sie-den-tropischen-genuss-von-pfirsich-mango-und-wassermelone-mit-der-bang-36-000-puffs-einweg-e-zigarette-und-mesh-coil\/#primaryimage"},"image":{"@id":"https:\/\/www.elementvape.de\/pl\/produkt\/erleben-sie-den-tropischen-genuss-von-pfirsich-mango-und-wassermelone-mit-der-bang-36-000-puffs-einweg-e-zigarette-und-mesh-coil\/#primaryimage"},"thumbnailUrl":"https:\/\/www.elementvape.de\/wp-content\/uploads\/2024\/09\/PEACH-MANGO-WATERNTEION-scaled.jpg","datePublished":"2024-09-17T05:50:28+00:00","dateModified":"2024-10-09T08:15:45+00:00","description":"Wir bieten Erleben Sie den tropischen Genuss von Pfirsich Mango und Wassermelone mit der Bang 36.000 Puffs Einweg-E-Zigarette und Mesh Coil , Elementvape.de akzeptieren Gro\u00df-und Einzelhandel Bestellungen.","breadcrumb":{"@id":"https:\/\/www.elementvape.de\/pl\/produkt\/erleben-sie-den-tropischen-genuss-von-pfirsich-mango-und-wassermelone-mit-der-bang-36-000-puffs-einweg-e-zigarette-und-mesh-coil\/#breadcrumb"},"inLanguage":"pl-PL","potentialAction":[{"@type":"ReadAction","target":["https:\/\/www.elementvape.de\/pl\/produkt\/erleben-sie-den-tropischen-genuss-von-pfirsich-mango-und-wassermelone-mit-der-bang-36-000-puffs-einweg-e-zigarette-und-mesh-coil\/"]}]},{"@type":"ImageObject","inLanguage":"pl-PL","@id":"https:\/\/www.elementvape.de\/pl\/produkt\/erleben-sie-den-tropischen-genuss-von-pfirsich-mango-und-wassermelone-mit-der-bang-36-000-puffs-einweg-e-zigarette-und-mesh-coil\/#primaryimage","url":"https:\/\/www.elementvape.de\/wp-content\/uploads\/2024\/09\/PEACH-MANGO-WATERNTEION-scaled.jpg","contentUrl":"https:\/\/www.elementvape.de\/wp-content\/uploads\/2024\/09\/PEACH-MANGO-WATERNTEION-scaled.jpg","width":2560,"height":2249,"caption":"PEACH MANGO WATERNTEION"},{"@type":"BreadcrumbList","@id":"https:\/\/www.elementvape.de\/pl\/produkt\/erleben-sie-den-tropischen-genuss-von-pfirsich-mango-und-wassermelone-mit-der-bang-36-000-puffs-einweg-e-zigarette-und-mesh-coil\/#breadcrumb","itemListElement":[{"@type":"ListItem","position":1,"name":"Home","item":"https:\/\/www.elementvape.de\/"},{"@type":"ListItem","position":2,"name":"Shop","item":"https:\/\/www.elementvape.de\/shop\/"},{"@type":"ListItem","position":3,"name":"Erleben Sie den tropischen Genuss von Pfirsich Mango und Wassermelone mit der Bang 36.000 Puffs Einweg-E-Zigarette und Mesh Coil"}]},{"@type":"WebSite","@id":"https:\/\/www.elementvape.de\/#website","url":"https:\/\/www.elementvape.de\/","name":"ElementVape.de","description":"","publisher":{"@id":"https:\/\/www.elementvape.de\/#organization"},"potentialAction":[{"@type":"SearchAction","target":{"@type":"EntryPoint","urlTemplate":"https:\/\/www.elementvape.de\/?s={search_term_string}"},"query-input":"required name=search_term_string"}],"inLanguage":"pl-PL"},{"@type":"Organization","@id":"https:\/\/www.elementvape.de\/#organization","name":"ElementVape.DE","url":"https:\/\/www.elementvape.de\/","logo":{"@type":"ImageObject","inLanguage":"pl-PL","@id":"https:\/\/www.elementvape.de\/#\/schema\/logo\/image\/","url":"https:\/\/www.elementvape.de\/wp-content\/uploads\/2024\/09\/cropped-1elementvape-3.png","contentUrl":"https:\/\/www.elementvape.de\/wp-content\/uploads\/2024\/09\/cropped-1elementvape-3.png","width":285,"height":228,"caption":"ElementVape.DE"},"image":{"@id":"https:\/\/www.elementvape.de\/#\/schema\/logo\/image\/"}}]}},"_links":{"self":[{"href":"https:\/\/www.elementvape.de\/pl\/wp-json\/wp\/v2\/product\/14349"}],"collection":[{"href":"https:\/\/www.elementvape.de\/pl\/wp-json\/wp\/v2\/product"}],"about":[{"href":"https:\/\/www.elementvape.de\/pl\/wp-json\/wp\/v2\/types\/product"}],"wp:featuredmedia":[{"embeddable":true,"href":"https:\/\/www.elementvape.de\/pl\/wp-json\/wp\/v2\/media\/14350"}],"wp:attachment":[{"href":"https:\/\/www.elementvape.de\/pl\/wp-json\/wp\/v2\/media?parent=14349"}],"wp:term":[{"taxonomy":"product_cat","embeddable":true,"href":"https:\/\/www.elementvape.de\/pl\/wp-json\/wp\/v2\/product_cat?post=14349"},{"taxonomy":"product_tag","embeddable":true,"href":"https:\/\/www.elementvape.de\/pl\/wp-json\/wp\/v2\/product_tag?post=14349"}],"curies":[{"name":"wp","href":"https:\/\/api.w.org\/{rel}","templated":true}]}}