{"id":14117,"date":"2024-09-03T03:16:36","date_gmt":"2024-09-03T03:16:36","guid":{"rendered":"https:\/\/www.elementvape.de\/?post_type=product&#038;p=14117"},"modified":"2024-10-15T03:05:06","modified_gmt":"2024-10-15T03:05:06","slug":"waspe-15000-puffs-green-apple-watermelon-ice-e-zigarette-zollfrei-und-zu-unwiderstehlich-frischen-grosshandelspreisen","status":"publish","type":"product","link":"https:\/\/www.elementvape.de\/pl\/produkt\/waspe-15000-puffs-green-apple-watermelon-ice-e-zigarette-zollfrei-und-zu-unwiderstehlich-frischen-grosshandelspreisen\/","title":{"rendered":"WASPE 15000 PUFFS Green Apple Watermelon Ice E-papieros \u2013 Bezc\u0142owy i w niewiarygodnie \u015bwie\u017cych cenach hurtowych"},"content":{"rendered":"<div class=\"flex-shrink-0 flex flex-col relative items-end\">\n<div>\n<div class=\"pt-0\">\n<div class=\"gizmo-bot-avatar flex h-8 w-8 items-center justify-center overflow-hidden rounded-full\">\n<h2 class=\"relative p-1 rounded-sm flex items-center justify-center bg-token-main-surface-primary text-token-text-primary h-8 w-8\"><span style=\"font-size: 1.618em;\">WASPE 15000 PUFFS Green Apple Watermelon Ice E-papieros \u2013 Bezc\u0142owy i w niewiarygodnie \u015bwie\u017cych cenach hurtowych<\/span><\/h2>\n<\/div>\n<\/div>\n<\/div>\n<\/div>\n<div class=\"group\/conversation-turn relative flex w-full min-w-0 flex-col agent-turn\">\n<div class=\"flex-col gap-1 md:gap-3\">\n<div class=\"flex max-w-full flex-col flex-grow\">\n<div class=\"min-h-[20px] text-message flex w-full flex-col items-end gap-2 break-words [.text-message+&amp;]:mt-5 overflow-x-auto whitespace-normal\" dir=\"auto\" data-message-author-role=\"assistant\" data-message-id=\"19a29b9a-cc59-435c-b281-6fce8b80b10c\">\n<div class=\"flex w-full flex-col gap-1 empty:hidden first:pt-[3px]\">\n<div class=\"markdown prose w-full break-words dark:prose-invert light\">\n<p>E-papieros WASPE 15000 PUFFS Green Apple Watermelon Ice oferuje orze\u017awiaj\u0105ce po\u0142\u0105czenie chrupi\u0105cego zielonego jab\u0142ka i soczystego arbuza, zwie\u0144czone ch\u0142odnym powiewem lodu. Ten e-papieros zapewnia o\u017cywcze wra\u017cenia z wapowania, kt\u00f3re szczeg\u00f3lnie w upalne dni zapewniaj\u0105 przyjemne och\u0142odzenie. Teraz dost\u0119pny bez c\u0142a i w bezkonkurencyjnych cenach hurtowych, ten produkt jest doskona\u0142ym wyborem dla sprzedawc\u00f3w, kt\u00f3rzy chc\u0105 zaoferowa\u0107 swoim klientom niezr\u00f3wnane doznania smakowe.<\/p>\n<p>E-papieros WASPE 15000 PUFFS Green Apple Watermelon Ice \u0142\u0105czy orze\u017awiaj\u0105cy, kwa\u015bny smak zielonego jab\u0142ka ze s\u0142odk\u0105, soczyst\u0105 nut\u0105 arbuza. Ta harmonijna mieszanka jest uzupe\u0142niona ch\u0142odnym sk\u0142adnikiem lodowym, kt\u00f3ry doskonale dope\u0142nia wra\u017cenia z wapowania. Po\u0142\u0105czenie \u015bwie\u017co\u015bci i s\u0142odyczy sprawia, \u017ce ten e-papieros jest idealnym wyborem dla klient\u00f3w poszukuj\u0105cych owocowej i jednocze\u015bnie orze\u017awiaj\u0105cej przyjemno\u015bci z wapowania.<\/p>\n<h4>D\u0142ugotrwa\u0142a przyjemno\u015b\u0107 z 15 000 zaci\u0105gni\u0119\u0107<\/h4>\n<p>Dzi\u0119ki imponuj\u0105cej pojemno\u015bci 15 000 zaci\u0105gni\u0119\u0107, WASPE 15000 PUFFS oferuje wyj\u0105tkow\u0105 trwa\u0142o\u015b\u0107, kt\u00f3ra szczeg\u00f3lnie przypadnie do gustu osobom cz\u0119sto wapuj\u0105cym. Du\u017ca pojemno\u015b\u0107 22 ml e-liquidu zapewnia, \u017ce Twoi klienci mog\u0105 si\u0119 nim <strong><a href=\"https:\/\/www.elementvape.de\/pl\/\" target=\"_blank\" rel=\"noopener\">E-papieros<\/a><\/strong> cieszy\u0107 przez d\u0142ugi czas, bez obaw o uzupe\u0142nianie lub wymian\u0119. Ta wysoka pojemno\u015b\u0107 sprawia, \u017ce WASPE 15000 PUFFS to praktyczny i ekonomiczny wyb\u00f3r do codziennego u\u017cytku.<\/p>\n<p>E-papieros WASPE 15000 PUFFS Green Apple Watermelon Ice jest dost\u0119pny w r\u00f3\u017cnych st\u0119\u017ceniach N: 2% i 5%. Ten wyb\u00f3r pozwala u\u017cytkownikom wybra\u0107 preferowane st\u0119\u017cenie N, co czyni ten produkt atrakcyjnym dla szerokiego grona odbiorc\u00f3w. Niezale\u017cnie od tego, czy Twoi klienci preferuj\u0105 beznikotynow\u0105 przyjemno\u015b\u0107, czy mocniejsze st\u0119\u017cenie N \u2013 ten e-papieros oferuje odpowiednie rozwi\u0105zanie dla ka\u017cdego zapotrzebowania.<\/p>\n<h4>Nowoczesna technologia dla optymalnych wra\u017ce\u0144 z wapowania<\/h4>\n<p>Wyposa\u017cony w akumulator o pojemno\u015bci 650 mAh z mo\u017cliwo\u015bci\u0105 \u0142adowania i praktyczne z\u0142\u0105cze \u0142adowania Type-C, WASPE 15000 PUFFS zapewnia niezawodne i d\u0142ugotrwa\u0142e dzia\u0142anie. Zintegrowany wy\u015bwietlacz pokazuje stan na\u0142adowania akumulatora i pozosta\u0142\u0105 ilo\u015b\u0107 e-liquidu, co sprawia, \u017ce obs\u0142uga urz\u0105dzenia jest wyj\u0105tkowo prosta i wygodna. Te zaawansowane funkcje, w po\u0142\u0105czeniu z kompaktow\u0105 i ergonomiczn\u0105 konstrukcj\u0105, czyni\u0105 WASPE 15000 PUFFS doskona\u0142ym wyborem w podr\u00f3\u017cy.<\/p>\n<p>Decyduj\u0105c\u0105 zalet\u0105 dla sprzedawc\u00f3w jest bezc\u0142owa dost\u0119pno\u015b\u0107 e-papierosa WASPE 15000 PUFFS Green Apple Watermelon Ice. To znacznie obni\u017ca koszty importu i pozwala oferowa\u0107 produkt w niezwykle konkurencyjnych cenach. Atrakcyjne ceny hurtowe maksymalizuj\u0105 mar\u017ce zysku, a Twoi klienci otrzymuj\u0105 wysokiej jako\u015bci produkt w uczciwej cenie.<\/p>\n<p>E-papieros WASPE 15000 PUFFS Green Apple Watermelon Ice to idealny wyb\u00f3r dla klient\u00f3w poszukuj\u0105cych owocowych i orze\u017awiaj\u0105cych wra\u017ce\u0144 z wapowania. Dzi\u0119ki po\u0142\u0105czeniu chrupi\u0105cego zielonego jab\u0142ka, s\u0142odkiego arbuza i ch\u0142odz\u0105cej nuty lodu, ten produkt oferuje wyj\u0105tkowe i o\u017cywcze doznania smakowe. Bezc\u0142owa dost\u0119pno\u015b\u0107 i niewiarygodnie \u015bwie\u017ce ceny hurtowe sprawiaj\u0105, \u017ce ten produkt jest niezb\u0119dnym elementem Twojego asortymentu.<\/p>\n<\/div>\n<\/div>\n<\/div>\n<\/div>\n<\/div>\n<\/div>","protected":false},"excerpt":{"rendered":"<p>WASPE 15000 PUFFS Green Apple Watermelon Ice E-Zigarette &#8211; Zollfrei und zu unwiderstehlich frischen Gro\u00dfhandelspreisen Die WASPE 15000 PUFFS Green Apple Watermelon Ice E-Zigarette bietet eine erfrischende Kombination aus knackigem gr\u00fcnen Apfel und saftiger Wassermelone, abgerundet durch einen k\u00fchlen Hauch von Eis. Diese E-Zigarette verspricht ein belebendes Dampferlebnis, das besonders an hei\u00dfen Tagen f\u00fcr eine [&hellip;]<\/p>","protected":false},"featured_media":14118,"template":"","meta":{"inline_featured_image":false},"product_cat":[15,78,735,746,741,733,750,737,736,749,752,756,744,755,738,751,723],"product_tag":[710,674],"tiered_pricing_type":"fixed","tiered_pricing_fixed_rules":[],"tiered_pricing_percentage_rules":[],"tiered_pricing_minimum":1,"_administrator_tiered_pricing_type":"fixed","_administrator_tiered_pricing_fixed_rules":[],"_editor_tiered_pricing_type":"fixed","_editor_tiered_pricing_fixed_rules":[],"_author_tiered_pricing_type":"fixed","_author_tiered_pricing_fixed_rules":[],"_contributor_tiered_pricing_type":"fixed","_contributor_tiered_pricing_fixed_rules":[],"_subscriber_tiered_pricing_type":"fixed","_subscriber_tiered_pricing_fixed_rules":[],"_customer_tiered_pricing_type":"fixed","_customer_tiered_pricing_fixed_rules":[],"_shop_manager_tiered_pricing_type":"fixed","_shop_manager_tiered_pricing_fixed_rules":[],"_wpseo_manager_tiered_pricing_type":"fixed","_wpseo_manager_tiered_pricing_fixed_rules":[],"_wpseo_editor_tiered_pricing_type":"fixed","_wpseo_editor_tiered_pricing_fixed_rules":[],"_wholesale_customer_tiered_pricing_type":"fixed","_wholesale_customer_tiered_pricing_fixed_rules":[],"_marketer_tiered_pricing_type":"fixed","_marketer_tiered_pricing_fixed_rules":[],"_sales_manager_tiered_pricing_type":"fixed","_sales_manager_tiered_pricing_fixed_rules":[],"_sales_rep_tiered_pricing_type":"fixed","_sales_rep_tiered_pricing_fixed_rules":[],"yoast_head":"<!-- This site is optimized with the Yoast SEO plugin v23.3 - https:\/\/yoast.com\/wordpress\/plugins\/seo\/ -->\n<title>WASPE 15000 PUFFS Green Apple Watermelon Ice E-Zigarette - Zollfrei und zu unwiderstehlich frischen Gro\u00dfhandelspreisen | ElementVape.de<\/title>\n<meta name=\"description\" content=\"Wir bieten WASPE 15000 PUFFS Green Apple Watermelon Ice E-Zigarette - Zollfrei und zu unwiderstehlich frischen Gro\u00dfhandelspreisen , Elementvape.de akzeptieren Gro\u00df-und Einzelhandel Bestellungen.\" \/>\n<meta name=\"robots\" content=\"index, follow, max-snippet:-1, max-image-preview:large, max-video-preview:-1\" \/>\n<link rel=\"canonical\" href=\"https:\/\/www.elementvape.de\/pl\/produkt\/waspe-15000-puffs-green-apple-watermelon-ice-e-zigarette-zollfrei-und-zu-unwiderstehlich-frischen-grosshandelspreisen\/\" \/>\n<meta property=\"og:locale\" content=\"pl_PL\" \/>\n<meta property=\"og:type\" content=\"article\" \/>\n<meta property=\"og:title\" content=\"WASPE 15000 PUFFS Green Apple Watermelon Ice E-Zigarette - Zollfrei und zu unwiderstehlich frischen Gro\u00dfhandelspreisen | ElementVape.de\" \/>\n<meta property=\"og:description\" content=\"Wir bieten WASPE 15000 PUFFS Green Apple Watermelon Ice E-Zigarette - Zollfrei und zu unwiderstehlich frischen Gro\u00dfhandelspreisen , Elementvape.de akzeptieren Gro\u00df-und Einzelhandel Bestellungen.\" \/>\n<meta property=\"og:url\" content=\"https:\/\/www.elementvape.de\/pl\/produkt\/waspe-15000-puffs-green-apple-watermelon-ice-e-zigarette-zollfrei-und-zu-unwiderstehlich-frischen-grosshandelspreisen\/\" \/>\n<meta property=\"og:site_name\" content=\"ElementVape.de\" \/>\n<meta property=\"article:modified_time\" content=\"2024-10-15T03:05:06+00:00\" \/>\n<meta property=\"og:image\" content=\"https:\/\/www.elementvape.de\/wp-content\/uploads\/2024\/09\/green-apple-watermelon-ice-1.jpg\" \/>\n\t<meta property=\"og:image:width\" content=\"2000\" \/>\n\t<meta property=\"og:image:height\" content=\"2000\" \/>\n\t<meta property=\"og:image:type\" content=\"image\/jpeg\" \/>\n<meta name=\"twitter:card\" content=\"summary_large_image\" \/>\n<meta name=\"twitter:label1\" content=\"Est. reading time\" \/>\n\t<meta name=\"twitter:data1\" content=\"3 minuty\" \/>\n<script type=\"application\/ld+json\" class=\"yoast-schema-graph\">{\"@context\":\"https:\/\/schema.org\",\"@graph\":[{\"@type\":\"WebPage\",\"@id\":\"https:\/\/www.elementvape.de\/produkt\/waspe-15000-puffs-green-apple-watermelon-ice-e-zigarette-zollfrei-und-zu-unwiderstehlich-frischen-grosshandelspreisen\/\",\"url\":\"https:\/\/www.elementvape.de\/produkt\/waspe-15000-puffs-green-apple-watermelon-ice-e-zigarette-zollfrei-und-zu-unwiderstehlich-frischen-grosshandelspreisen\/\",\"name\":\"WASPE 15000 PUFFS Green Apple Watermelon Ice E-Zigarette - Zollfrei und zu unwiderstehlich frischen Gro\u00dfhandelspreisen | ElementVape.de\",\"isPartOf\":{\"@id\":\"https:\/\/www.elementvape.de\/#website\"},\"primaryImageOfPage\":{\"@id\":\"https:\/\/www.elementvape.de\/produkt\/waspe-15000-puffs-green-apple-watermelon-ice-e-zigarette-zollfrei-und-zu-unwiderstehlich-frischen-grosshandelspreisen\/#primaryimage\"},\"image\":{\"@id\":\"https:\/\/www.elementvape.de\/produkt\/waspe-15000-puffs-green-apple-watermelon-ice-e-zigarette-zollfrei-und-zu-unwiderstehlich-frischen-grosshandelspreisen\/#primaryimage\"},\"thumbnailUrl\":\"https:\/\/www.elementvape.de\/wp-content\/uploads\/2024\/09\/green-apple-watermelon-ice-1.jpg\",\"datePublished\":\"2024-09-03T03:16:36+00:00\",\"dateModified\":\"2024-10-15T03:05:06+00:00\",\"description\":\"Wir bieten WASPE 15000 PUFFS Green Apple Watermelon Ice E-Zigarette - Zollfrei und zu unwiderstehlich frischen Gro\u00dfhandelspreisen , Elementvape.de akzeptieren Gro\u00df-und Einzelhandel Bestellungen.\",\"breadcrumb\":{\"@id\":\"https:\/\/www.elementvape.de\/produkt\/waspe-15000-puffs-green-apple-watermelon-ice-e-zigarette-zollfrei-und-zu-unwiderstehlich-frischen-grosshandelspreisen\/#breadcrumb\"},\"inLanguage\":\"pl-PL\",\"potentialAction\":[{\"@type\":\"ReadAction\",\"target\":[\"https:\/\/www.elementvape.de\/produkt\/waspe-15000-puffs-green-apple-watermelon-ice-e-zigarette-zollfrei-und-zu-unwiderstehlich-frischen-grosshandelspreisen\/\"]}]},{\"@type\":\"ImageObject\",\"inLanguage\":\"pl-PL\",\"@id\":\"https:\/\/www.elementvape.de\/produkt\/waspe-15000-puffs-green-apple-watermelon-ice-e-zigarette-zollfrei-und-zu-unwiderstehlich-frischen-grosshandelspreisen\/#primaryimage\",\"url\":\"https:\/\/www.elementvape.de\/wp-content\/uploads\/2024\/09\/green-apple-watermelon-ice-1.jpg\",\"contentUrl\":\"https:\/\/www.elementvape.de\/wp-content\/uploads\/2024\/09\/green-apple-watermelon-ice-1.jpg\",\"width\":2000,\"height\":2000,\"caption\":\"green-apple-watermelon-ice\"},{\"@type\":\"BreadcrumbList\",\"@id\":\"https:\/\/www.elementvape.de\/produkt\/waspe-15000-puffs-green-apple-watermelon-ice-e-zigarette-zollfrei-und-zu-unwiderstehlich-frischen-grosshandelspreisen\/#breadcrumb\",\"itemListElement\":[{\"@type\":\"ListItem\",\"position\":1,\"name\":\"Home\",\"item\":\"https:\/\/www.elementvape.de\/\"},{\"@type\":\"ListItem\",\"position\":2,\"name\":\"Shop\",\"item\":\"https:\/\/www.elementvape.de\/shop\/\"},{\"@type\":\"ListItem\",\"position\":3,\"name\":\"WASPE 15000 PUFFS Green Apple Watermelon Ice E-Zigarette &#8211; Zollfrei und zu unwiderstehlich frischen Gro\u00dfhandelspreisen\"}]},{\"@type\":\"WebSite\",\"@id\":\"https:\/\/www.elementvape.de\/#website\",\"url\":\"https:\/\/www.elementvape.de\/\",\"name\":\"ElementVape.de\",\"description\":\"\",\"publisher\":{\"@id\":\"https:\/\/www.elementvape.de\/#organization\"},\"potentialAction\":[{\"@type\":\"SearchAction\",\"target\":{\"@type\":\"EntryPoint\",\"urlTemplate\":\"https:\/\/www.elementvape.de\/?s={search_term_string}\"},\"query-input\":\"required name=search_term_string\"}],\"inLanguage\":\"pl-PL\"},{\"@type\":\"Organization\",\"@id\":\"https:\/\/www.elementvape.de\/#organization\",\"name\":\"ElementVape.DE\",\"url\":\"https:\/\/www.elementvape.de\/\",\"logo\":{\"@type\":\"ImageObject\",\"inLanguage\":\"pl-PL\",\"@id\":\"https:\/\/www.elementvape.de\/#\/schema\/logo\/image\/\",\"url\":\"https:\/\/www.elementvape.de\/wp-content\/uploads\/2024\/09\/cropped-1elementvape-3.png\",\"contentUrl\":\"https:\/\/www.elementvape.de\/wp-content\/uploads\/2024\/09\/cropped-1elementvape-3.png\",\"width\":285,\"height\":228,\"caption\":\"ElementVape.DE\"},\"image\":{\"@id\":\"https:\/\/www.elementvape.de\/#\/schema\/logo\/image\/\"}}]}<\/script>\n<!-- \/ Yoast SEO plugin. -->","yoast_head_json":{"title":"WASPE 15000 PUFFS Green Apple Watermelon Ice E-Zigarette - Zollfrei und zu unwiderstehlich frischen Gro\u00dfhandelspreisen | ElementVape.de","description":"Wir bieten WASPE 15000 PUFFS Green Apple Watermelon Ice E-Zigarette - Zollfrei und zu unwiderstehlich frischen Gro\u00dfhandelspreisen , Elementvape.de akzeptieren Gro\u00df-und Einzelhandel Bestellungen.","robots":{"index":"index","follow":"follow","max-snippet":"max-snippet:-1","max-image-preview":"max-image-preview:large","max-video-preview":"max-video-preview:-1"},"canonical":"https:\/\/www.elementvape.de\/pl\/produkt\/waspe-15000-puffs-green-apple-watermelon-ice-e-zigarette-zollfrei-und-zu-unwiderstehlich-frischen-grosshandelspreisen\/","og_locale":"pl_PL","og_type":"article","og_title":"WASPE 15000 PUFFS Green Apple Watermelon Ice E-Zigarette - Zollfrei und zu unwiderstehlich frischen Gro\u00dfhandelspreisen | ElementVape.de","og_description":"Wir bieten WASPE 15000 PUFFS Green Apple Watermelon Ice E-Zigarette - Zollfrei und zu unwiderstehlich frischen Gro\u00dfhandelspreisen , Elementvape.de akzeptieren Gro\u00df-und Einzelhandel Bestellungen.","og_url":"https:\/\/www.elementvape.de\/pl\/produkt\/waspe-15000-puffs-green-apple-watermelon-ice-e-zigarette-zollfrei-und-zu-unwiderstehlich-frischen-grosshandelspreisen\/","og_site_name":"ElementVape.de","article_modified_time":"2024-10-15T03:05:06+00:00","og_image":[{"width":2000,"height":2000,"url":"https:\/\/www.elementvape.de\/wp-content\/uploads\/2024\/09\/green-apple-watermelon-ice-1.jpg","type":"image\/jpeg"}],"twitter_card":"summary_large_image","twitter_misc":{"Est. reading time":"3 minuty"},"schema":{"@context":"https:\/\/schema.org","@graph":[{"@type":"WebPage","@id":"https:\/\/www.elementvape.de\/produkt\/waspe-15000-puffs-green-apple-watermelon-ice-e-zigarette-zollfrei-und-zu-unwiderstehlich-frischen-grosshandelspreisen\/","url":"https:\/\/www.elementvape.de\/produkt\/waspe-15000-puffs-green-apple-watermelon-ice-e-zigarette-zollfrei-und-zu-unwiderstehlich-frischen-grosshandelspreisen\/","name":"WASPE 15000 PUFFS Green Apple Watermelon Ice E-Zigarette - Zollfrei und zu unwiderstehlich frischen Gro\u00dfhandelspreisen | ElementVape.de","isPartOf":{"@id":"https:\/\/www.elementvape.de\/#website"},"primaryImageOfPage":{"@id":"https:\/\/www.elementvape.de\/produkt\/waspe-15000-puffs-green-apple-watermelon-ice-e-zigarette-zollfrei-und-zu-unwiderstehlich-frischen-grosshandelspreisen\/#primaryimage"},"image":{"@id":"https:\/\/www.elementvape.de\/produkt\/waspe-15000-puffs-green-apple-watermelon-ice-e-zigarette-zollfrei-und-zu-unwiderstehlich-frischen-grosshandelspreisen\/#primaryimage"},"thumbnailUrl":"https:\/\/www.elementvape.de\/wp-content\/uploads\/2024\/09\/green-apple-watermelon-ice-1.jpg","datePublished":"2024-09-03T03:16:36+00:00","dateModified":"2024-10-15T03:05:06+00:00","description":"Wir bieten WASPE 15000 PUFFS Green Apple Watermelon Ice E-Zigarette - Zollfrei und zu unwiderstehlich frischen Gro\u00dfhandelspreisen , Elementvape.de akzeptieren Gro\u00df-und Einzelhandel Bestellungen.","breadcrumb":{"@id":"https:\/\/www.elementvape.de\/produkt\/waspe-15000-puffs-green-apple-watermelon-ice-e-zigarette-zollfrei-und-zu-unwiderstehlich-frischen-grosshandelspreisen\/#breadcrumb"},"inLanguage":"pl-PL","potentialAction":[{"@type":"ReadAction","target":["https:\/\/www.elementvape.de\/produkt\/waspe-15000-puffs-green-apple-watermelon-ice-e-zigarette-zollfrei-und-zu-unwiderstehlich-frischen-grosshandelspreisen\/"]}]},{"@type":"ImageObject","inLanguage":"pl-PL","@id":"https:\/\/www.elementvape.de\/produkt\/waspe-15000-puffs-green-apple-watermelon-ice-e-zigarette-zollfrei-und-zu-unwiderstehlich-frischen-grosshandelspreisen\/#primaryimage","url":"https:\/\/www.elementvape.de\/wp-content\/uploads\/2024\/09\/green-apple-watermelon-ice-1.jpg","contentUrl":"https:\/\/www.elementvape.de\/wp-content\/uploads\/2024\/09\/green-apple-watermelon-ice-1.jpg","width":2000,"height":2000,"caption":"green-apple-watermelon-ice"},{"@type":"BreadcrumbList","@id":"https:\/\/www.elementvape.de\/produkt\/waspe-15000-puffs-green-apple-watermelon-ice-e-zigarette-zollfrei-und-zu-unwiderstehlich-frischen-grosshandelspreisen\/#breadcrumb","itemListElement":[{"@type":"ListItem","position":1,"name":"Home","item":"https:\/\/www.elementvape.de\/"},{"@type":"ListItem","position":2,"name":"Shop","item":"https:\/\/www.elementvape.de\/shop\/"},{"@type":"ListItem","position":3,"name":"WASPE 15000 PUFFS Green Apple Watermelon Ice E-Zigarette &#8211; Zollfrei und zu unwiderstehlich frischen Gro\u00dfhandelspreisen"}]},{"@type":"WebSite","@id":"https:\/\/www.elementvape.de\/#website","url":"https:\/\/www.elementvape.de\/","name":"ElementVape.de","description":"","publisher":{"@id":"https:\/\/www.elementvape.de\/#organization"},"potentialAction":[{"@type":"SearchAction","target":{"@type":"EntryPoint","urlTemplate":"https:\/\/www.elementvape.de\/?s={search_term_string}"},"query-input":"required name=search_term_string"}],"inLanguage":"pl-PL"},{"@type":"Organization","@id":"https:\/\/www.elementvape.de\/#organization","name":"ElementVape.DE","url":"https:\/\/www.elementvape.de\/","logo":{"@type":"ImageObject","inLanguage":"pl-PL","@id":"https:\/\/www.elementvape.de\/#\/schema\/logo\/image\/","url":"https:\/\/www.elementvape.de\/wp-content\/uploads\/2024\/09\/cropped-1elementvape-3.png","contentUrl":"https:\/\/www.elementvape.de\/wp-content\/uploads\/2024\/09\/cropped-1elementvape-3.png","width":285,"height":228,"caption":"ElementVape.DE"},"image":{"@id":"https:\/\/www.elementvape.de\/#\/schema\/logo\/image\/"}}]}},"_links":{"self":[{"href":"https:\/\/www.elementvape.de\/pl\/wp-json\/wp\/v2\/product\/14117"}],"collection":[{"href":"https:\/\/www.elementvape.de\/pl\/wp-json\/wp\/v2\/product"}],"about":[{"href":"https:\/\/www.elementvape.de\/pl\/wp-json\/wp\/v2\/types\/product"}],"wp:featuredmedia":[{"embeddable":true,"href":"https:\/\/www.elementvape.de\/pl\/wp-json\/wp\/v2\/media\/14118"}],"wp:attachment":[{"href":"https:\/\/www.elementvape.de\/pl\/wp-json\/wp\/v2\/media?parent=14117"}],"wp:term":[{"taxonomy":"product_cat","embeddable":true,"href":"https:\/\/www.elementvape.de\/pl\/wp-json\/wp\/v2\/product_cat?post=14117"},{"taxonomy":"product_tag","embeddable":true,"href":"https:\/\/www.elementvape.de\/pl\/wp-json\/wp\/v2\/product_tag?post=14117"}],"curies":[{"name":"wp","href":"https:\/\/api.w.org\/{rel}","templated":true}]}}