{"id":14110,"date":"2024-09-02T09:51:56","date_gmt":"2024-09-02T09:51:56","guid":{"rendered":"https:\/\/www.elementvape.de\/?post_type=product&#038;p=14110"},"modified":"2024-10-15T03:05:46","modified_gmt":"2024-10-15T03:05:46","slug":"waspe-15000-puffs-mixed-berries-e-zigarette-zollfrei-und-zu-hervorragenden-grosshandelspreisen-fuer-den-perfekten-beerenmix","status":"publish","type":"product","link":"https:\/\/www.elementvape.de\/pl\/produkt\/waspe-15000-puffs-mixed-berries-e-zigarette-zollfrei-und-zu-hervorragenden-grosshandelspreisen-fuer-den-perfekten-beerenmix\/","title":{"rendered":"WASPE 15000 PUFFS Mixed Berries e-papieros bezc\u0142owy i w doskona\u0142ych cenach hurtowych dla idealnego miksu jag\u00f3d"},"content":{"rendered":"<div class=\"flex-shrink-0 flex flex-col relative items-end\">\n<div>\n<div class=\"pt-0\">\n<div class=\"gizmo-bot-avatar flex h-8 w-8 items-center justify-center overflow-hidden rounded-full\">\n<div class=\"relative p-1 rounded-sm flex items-center justify-center bg-token-main-surface-primary text-token-text-primary h-8 w-8\"><\/div>\n<\/div>\n<\/div>\n<\/div>\n<\/div>\n<div class=\"group\/conversation-turn relative flex w-full min-w-0 flex-col agent-turn\">\n<div class=\"flex-col gap-1 md:gap-3\">\n<div class=\"flex max-w-full flex-col flex-grow\">\n<div class=\"min-h-[20px] text-message flex w-full flex-col items-end gap-2 break-words [.text-message+&amp;]:mt-5 overflow-x-auto whitespace-normal\" dir=\"auto\" data-message-author-role=\"assistant\" data-message-id=\"60055b15-8105-4e42-b71b-cc0228dc23af\">\n<div class=\"flex w-full flex-col gap-1 empty:hidden first:pt-[3px]\">\n<div class=\"markdown prose w-full break-words dark:prose-invert light\">\n<h3>WASPE 15000 PUFFS Mixed Berries E-Papieros \u2013 Zwolniony z c\u0142a i dost\u0119pny w doskona\u0142ych cenach hurtowych dla idealnej mieszanki jag\u00f3d<\/h3>\n<p>WASPE 15000 PUFFS Mixed Berries E-Papieros to idealny wyb\u00f3r dla wszystkich, kt\u00f3rzy kochaj\u0105 pe\u0142ny smak soczystej mieszanki jag\u00f3d. Ten <strong><a href=\"https:\/\/www.elementvape.de\/pl\/c\/einweg-zigarette\/\" target=\"_blank\" rel=\"noopener\">Jednorazowy E-papieros<\/a><\/strong> \u0142\u0105czy aromaty r\u00f3\u017cnych jag\u00f3d, tworz\u0105c harmonijne i intensywne do\u015bwiadczenie inhalacji, kt\u00f3re zachwyci Twoich klient\u00f3w. Teraz dost\u0119pny bez c\u0142a i w doskona\u0142ych cenach hurtowych, ten produkt stanowi doskona\u0142\u0105 okazj\u0119, aby zaoferowa\u0107 swoim klientom najwy\u017cszej klasy do\u015bwiadczenie inhalacji i jednocze\u015bnie czerpa\u0107 korzy\u015bci z atrakcyjnych mar\u017c zysku.<\/p>\n<h3 style=\"text-align: center;\">Bogata mieszanka jag\u00f3d dla pe\u0142nej przyjemno\u015bci<\/h3>\n<p><img loading=\"lazy\" decoding=\"async\" class=\"size-medium wp-image-14113 alignleft\" src=\"https:\/\/www.elementvape.de\/wp-content\/uploads\/2024\/09\/1-4-257x300.jpg\" alt=\"1 (4)\" width=\"257\" height=\"300\" srcset=\"https:\/\/www.elementvape.de\/wp-content\/uploads\/2024\/09\/1-4-257x300.jpg 257w, https:\/\/www.elementvape.de\/wp-content\/uploads\/2024\/09\/1-4-878x1024.jpg 878w, https:\/\/www.elementvape.de\/wp-content\/uploads\/2024\/09\/1-4-768x896.jpg 768w, https:\/\/www.elementvape.de\/wp-content\/uploads\/2024\/09\/1-4-1317x1536.jpg 1317w, https:\/\/www.elementvape.de\/wp-content\/uploads\/2024\/09\/1-4-1755x2048.jpg 1755w, https:\/\/www.elementvape.de\/wp-content\/uploads\/2024\/09\/1-4-600x700.jpg 600w\" sizes=\"(max-width: 257px) 100vw, 257px\" \/><\/p>\n<p>Mieszanka smakowa WASPE 15000 PUFFS Mixed Berries <strong><a href=\"https:\/\/www.elementvape.de\/pl\/\" target=\"_blank\" rel=\"noopener\">E-papieros<\/a><\/strong> \u0142\u0105czy aromaty truskawek, bor\u00f3wek, malin i innych le\u015bnych owoc\u00f3w, tworz\u0105c owocow\u0105 eksplozj\u0119, kt\u00f3ra przy ka\u017cdym zaci\u0105gni\u0119ciu zapewnia intensywne doznania smakowe. R\u00f3\u017cne aromaty jag\u00f3d doskonale si\u0119 uzupe\u0142niaj\u0105, oferuj\u0105c zr\u00f3wnowa\u017con\u0105 mieszank\u0119 s\u0142odyczy, kwasowo\u015bci i \u015bwie\u017co\u015bci, co czyni je idealnym wyborem zar\u00f3wno dla mi\u0142o\u015bnik\u00f3w owocowych smak\u00f3w, jak i dla inhalator\u00f3w poszukuj\u0105cych czego\u015b nowego.<\/p>\n<p>Z pojemno\u015bci\u0105 imponuj\u0105cych 15 000 zaci\u0105gni\u0119\u0107, WASPE 15000 PUFFS zapewnia wyj\u0105tkow\u0105 trwa\u0142o\u015b\u0107. Ta wysoka pojemno\u015b\u0107 gwarantuje, \u017ce Twoi klienci b\u0119d\u0105 cieszy\u0107 si\u0119 zakupem przez d\u0142ugi czas, nie martwi\u0105c si\u0119 o cz\u0119ste uzupe\u0142nianie lub wymian\u0119 urz\u0105dzenia. Dzi\u0119ki 22 ml e-liquid, ten e-papieros nie tylko generuje du\u017co pary, ale tak\u017ce zapewnia sta\u0142y i intensywny smak a\u017c do ostatniego zaci\u0105gni\u0119cia.<\/p>\n<p>WASPE 15000 PUFFS Mixed Berries E-Papieros dost\u0119pny jest w kilku wersjach N-Intensyw: 2% i 5%. Ta r\u00f3\u017cnorodno\u015b\u0107 pozwala u\u017cytkownikom wybra\u0107 preferowan\u0105 intensywno\u015b\u0107 nikotyny, dzi\u0119ki czemu zar\u00f3wno osoby preferuj\u0105ce beznikotynowe inhalacje, jak i ci, kt\u00f3rzy szukaj\u0105 mocniejszej N-Intensywno\u015bci, znajd\u0105 odpowiedni\u0105 opcj\u0119. Elastyczno\u015b\u0107 w zakresie N-Intensywno\u015bci czyni ten produkt szczeg\u00f3lnie atrakcyjnym dla szerokiej grupy odbiorc\u00f3w.<\/p>\n<h4 style=\"text-align: center;\">Nowoczesna technologia i \u0142atwo\u015b\u0107 obs\u0142ugi<\/h4>\n<p><img loading=\"lazy\" decoding=\"async\" class=\"wp-image-14112 alignright\" src=\"https:\/\/www.elementvape.de\/wp-content\/uploads\/2024\/09\/1-3-257x300.jpg\" alt=\"1 (3)\" width=\"288\" height=\"336\" srcset=\"https:\/\/www.elementvape.de\/wp-content\/uploads\/2024\/09\/1-3-257x300.jpg 257w, https:\/\/www.elementvape.de\/wp-content\/uploads\/2024\/09\/1-3-878x1024.jpg 878w, https:\/\/www.elementvape.de\/wp-content\/uploads\/2024\/09\/1-3-768x896.jpg 768w, https:\/\/www.elementvape.de\/wp-content\/uploads\/2024\/09\/1-3-1317x1536.jpg 1317w, https:\/\/www.elementvape.de\/wp-content\/uploads\/2024\/09\/1-3-1755x2048.jpg 1755w, https:\/\/www.elementvape.de\/wp-content\/uploads\/2024\/09\/1-3-600x700.jpg 600w\" sizes=\"(max-width: 288px) 100vw, 288px\" \/><\/p>\n<p>Wyposa\u017cony w akumulator 650mAh, \u0142adowany przez port Type-C, WASPE 15000 PUFFS oferuje nie tylko d\u0142ugi czas pracy, ale tak\u017ce szybkie i wygodne \u0142adowanie. Wbudowany wy\u015bwietlacz pokazuje poziom na\u0142adowania akumulatora i ilo\u015b\u0107 pozosta\u0142ego e-liquid, zapewniaj\u0105c wygod\u0119 u\u017cytkowania. Kompaktowa i ergonomiczna konstrukcja sprawia, \u017ce ten e-papieros jest idealny na podr\u00f3\u017c i do codziennego u\u017cytku.<\/p>\n<p>Zwolniona z c\u0142a dost\u0119pno\u015b\u0107 WASPE 15000 PUFFS Mixed Berries E-Papieros to du\u017ca zaleta dla sprzedawc\u00f3w, poniewa\u017c znacznie obni\u017ca koszty importu. Umo\u017cliwia to oferowanie produktu w bardzo konkurencyjnych cenach i jednoczesne maksymalizowanie mar\u017c zysku. Dzi\u0119ki doskona\u0142ym cenom hurtowym mo\u017cesz zaoferowa\u0107 swoim klientom produkt najwy\u017cszej jako\u015bci w atrakcyjnej cenie, co zwi\u0119kszy zar\u00f3wno Twoje wyniki sprzeda\u017cy, jak i satysfakcj\u0119 klient\u00f3w.<\/p>\n<p>WASPE 15000 PUFFS Mixed Berries E-Papieros to idealny wyb\u00f3r dla wszystkich, kt\u00f3rzy kochaj\u0105 bogaty i owocowy smak jag\u00f3d. Dzi\u0119ki po\u0142\u0105czeniu intensywnych aromat\u00f3w, trwa\u0142ej wydajno\u015bci i przyjaznej dla u\u017cytkownika technologii, ten produkt zapewnia wyj\u0105tkowe do\u015bwiadczenie inhalacji. Zwolniona z c\u0142a dostawa i atrakcyjne ceny hurtowe czyni\u0105 go r\u00f3wnie\u017c doskona\u0142ym wyborem dla sprzedawc\u00f3w, kt\u00f3rzy chc\u0105 poszerzy\u0107 sw\u00f3j asortyment i zaoferowa\u0107 klientom produkt premium.<\/p>\n<\/div>\n<\/div>\n<\/div>\n<\/div>\n<\/div>\n<\/div>","protected":false},"excerpt":{"rendered":"<p>WASPE 15000 PUFFS Mixed Berries E-Zigarette &#8211; Zollfrei und zu hervorragenden Gro\u00dfhandelspreisen f\u00fcr den perfekten Beerenmix Die WASPE 15000 PUFFS Mixed Berries E-Zigarette ist die ideale Wahl f\u00fcr alle, die den vollen Geschmack eines saftigen Beerenmixes lieben. Diese Einweg E-Zigarette kombiniert die Aromen verschiedener Beeren zu einem harmonischen und intensiven Dampferlebnis, das Ihre Kunden begeistern [&hellip;]<\/p>","protected":false},"featured_media":14111,"template":"","meta":{"inline_featured_image":false},"product_cat":[15,78,735,746,741,733,750,737,736,749,752,756,744,755,738,751,723],"product_tag":[710,674],"tiered_pricing_type":"fixed","tiered_pricing_fixed_rules":[],"tiered_pricing_percentage_rules":[],"tiered_pricing_minimum":1,"_administrator_tiered_pricing_type":"fixed","_administrator_tiered_pricing_fixed_rules":[],"_editor_tiered_pricing_type":"fixed","_editor_tiered_pricing_fixed_rules":[],"_author_tiered_pricing_type":"fixed","_author_tiered_pricing_fixed_rules":[],"_contributor_tiered_pricing_type":"fixed","_contributor_tiered_pricing_fixed_rules":[],"_subscriber_tiered_pricing_type":"fixed","_subscriber_tiered_pricing_fixed_rules":[],"_customer_tiered_pricing_type":"fixed","_customer_tiered_pricing_fixed_rules":[],"_shop_manager_tiered_pricing_type":"fixed","_shop_manager_tiered_pricing_fixed_rules":[],"_wpseo_manager_tiered_pricing_type":"fixed","_wpseo_manager_tiered_pricing_fixed_rules":[],"_wpseo_editor_tiered_pricing_type":"fixed","_wpseo_editor_tiered_pricing_fixed_rules":[],"_wholesale_customer_tiered_pricing_type":"fixed","_wholesale_customer_tiered_pricing_fixed_rules":[],"_marketer_tiered_pricing_type":"fixed","_marketer_tiered_pricing_fixed_rules":[],"_sales_manager_tiered_pricing_type":"fixed","_sales_manager_tiered_pricing_fixed_rules":[],"_sales_rep_tiered_pricing_type":"fixed","_sales_rep_tiered_pricing_fixed_rules":[],"yoast_head":"<!-- This site is optimized with the Yoast SEO plugin v23.3 - https:\/\/yoast.com\/wordpress\/plugins\/seo\/ -->\n<title>WASPE 15000 PUFFS Mixed Berries E-Zigarette Zollfrei und zu hervorragenden Gro\u00dfhandelspreisen f\u00fcr den perfekten Beerenmix | ElementVape.de<\/title>\n<meta name=\"description\" content=\"Wir bieten WASPE 15000 PUFFS Mixed Berries E-Zigarette Zollfrei und zu hervorragenden Gro\u00dfhandelspreisen f\u00fcr den perfekten Beerenmix , Elementvape.de akzeptieren Gro\u00df-und Einzelhandel Bestellungen.\" \/>\n<meta name=\"robots\" content=\"index, follow, max-snippet:-1, max-image-preview:large, max-video-preview:-1\" \/>\n<link rel=\"canonical\" href=\"https:\/\/www.elementvape.de\/pl\/produkt\/waspe-15000-puffs-mixed-berries-e-zigarette-zollfrei-und-zu-hervorragenden-grosshandelspreisen-fuer-den-perfekten-beerenmix\/\" \/>\n<meta property=\"og:locale\" content=\"pl_PL\" \/>\n<meta property=\"og:type\" content=\"article\" \/>\n<meta property=\"og:title\" content=\"WASPE 15000 PUFFS Mixed Berries E-Zigarette Zollfrei und zu hervorragenden Gro\u00dfhandelspreisen f\u00fcr den perfekten Beerenmix | ElementVape.de\" \/>\n<meta property=\"og:description\" content=\"Wir bieten WASPE 15000 PUFFS Mixed Berries E-Zigarette Zollfrei und zu hervorragenden Gro\u00dfhandelspreisen f\u00fcr den perfekten Beerenmix , Elementvape.de akzeptieren Gro\u00df-und Einzelhandel Bestellungen.\" \/>\n<meta property=\"og:url\" content=\"https:\/\/www.elementvape.de\/pl\/produkt\/waspe-15000-puffs-mixed-berries-e-zigarette-zollfrei-und-zu-hervorragenden-grosshandelspreisen-fuer-den-perfekten-beerenmix\/\" \/>\n<meta property=\"og:site_name\" content=\"ElementVape.de\" \/>\n<meta property=\"article:modified_time\" content=\"2024-10-15T03:05:46+00:00\" \/>\n<meta property=\"og:image\" content=\"https:\/\/www.elementvape.de\/wp-content\/uploads\/2024\/09\/green-apple-watermelon-ice.jpg\" \/>\n\t<meta property=\"og:image:width\" content=\"2000\" \/>\n\t<meta property=\"og:image:height\" content=\"2000\" \/>\n\t<meta property=\"og:image:type\" content=\"image\/jpeg\" \/>\n<meta name=\"twitter:card\" content=\"summary_large_image\" \/>\n<meta name=\"twitter:label1\" content=\"Est. reading time\" \/>\n\t<meta name=\"twitter:data1\" content=\"4 minuty\" \/>\n<script type=\"application\/ld+json\" class=\"yoast-schema-graph\">{\"@context\":\"https:\/\/schema.org\",\"@graph\":[{\"@type\":\"WebPage\",\"@id\":\"https:\/\/www.elementvape.de\/pl\/produkt\/waspe-15000-puffs-mixed-berries-e-zigarette-zollfrei-und-zu-hervorragenden-grosshandelspreisen-fuer-den-perfekten-beerenmix\/\",\"url\":\"https:\/\/www.elementvape.de\/pl\/produkt\/waspe-15000-puffs-mixed-berries-e-zigarette-zollfrei-und-zu-hervorragenden-grosshandelspreisen-fuer-den-perfekten-beerenmix\/\",\"name\":\"WASPE 15000 PUFFS Mixed Berries E-Zigarette Zollfrei und zu hervorragenden Gro\u00dfhandelspreisen f\u00fcr den perfekten Beerenmix | ElementVape.de\",\"isPartOf\":{\"@id\":\"https:\/\/www.elementvape.de\/#website\"},\"primaryImageOfPage\":{\"@id\":\"https:\/\/www.elementvape.de\/pl\/produkt\/waspe-15000-puffs-mixed-berries-e-zigarette-zollfrei-und-zu-hervorragenden-grosshandelspreisen-fuer-den-perfekten-beerenmix\/#primaryimage\"},\"image\":{\"@id\":\"https:\/\/www.elementvape.de\/pl\/produkt\/waspe-15000-puffs-mixed-berries-e-zigarette-zollfrei-und-zu-hervorragenden-grosshandelspreisen-fuer-den-perfekten-beerenmix\/#primaryimage\"},\"thumbnailUrl\":\"https:\/\/www.elementvape.de\/wp-content\/uploads\/2024\/09\/green-apple-watermelon-ice.jpg\",\"datePublished\":\"2024-09-02T09:51:56+00:00\",\"dateModified\":\"2024-10-15T03:05:46+00:00\",\"description\":\"Wir bieten WASPE 15000 PUFFS Mixed Berries E-Zigarette Zollfrei und zu hervorragenden Gro\u00dfhandelspreisen f\u00fcr den perfekten Beerenmix , Elementvape.de akzeptieren Gro\u00df-und Einzelhandel Bestellungen.\",\"breadcrumb\":{\"@id\":\"https:\/\/www.elementvape.de\/pl\/produkt\/waspe-15000-puffs-mixed-berries-e-zigarette-zollfrei-und-zu-hervorragenden-grosshandelspreisen-fuer-den-perfekten-beerenmix\/#breadcrumb\"},\"inLanguage\":\"pl-PL\",\"potentialAction\":[{\"@type\":\"ReadAction\",\"target\":[\"https:\/\/www.elementvape.de\/pl\/produkt\/waspe-15000-puffs-mixed-berries-e-zigarette-zollfrei-und-zu-hervorragenden-grosshandelspreisen-fuer-den-perfekten-beerenmix\/\"]}]},{\"@type\":\"ImageObject\",\"inLanguage\":\"pl-PL\",\"@id\":\"https:\/\/www.elementvape.de\/pl\/produkt\/waspe-15000-puffs-mixed-berries-e-zigarette-zollfrei-und-zu-hervorragenden-grosshandelspreisen-fuer-den-perfekten-beerenmix\/#primaryimage\",\"url\":\"https:\/\/www.elementvape.de\/wp-content\/uploads\/2024\/09\/green-apple-watermelon-ice.jpg\",\"contentUrl\":\"https:\/\/www.elementvape.de\/wp-content\/uploads\/2024\/09\/green-apple-watermelon-ice.jpg\",\"width\":2000,\"height\":2000,\"caption\":\"green apple watermelon ice\"},{\"@type\":\"BreadcrumbList\",\"@id\":\"https:\/\/www.elementvape.de\/pl\/produkt\/waspe-15000-puffs-mixed-berries-e-zigarette-zollfrei-und-zu-hervorragenden-grosshandelspreisen-fuer-den-perfekten-beerenmix\/#breadcrumb\",\"itemListElement\":[{\"@type\":\"ListItem\",\"position\":1,\"name\":\"Home\",\"item\":\"https:\/\/www.elementvape.de\/\"},{\"@type\":\"ListItem\",\"position\":2,\"name\":\"Shop\",\"item\":\"https:\/\/www.elementvape.de\/shop\/\"},{\"@type\":\"ListItem\",\"position\":3,\"name\":\"WASPE 15000 PUFFS Mixed Berries E-Zigarette Zollfrei und zu hervorragenden Gro\u00dfhandelspreisen f\u00fcr den perfekten Beerenmix\"}]},{\"@type\":\"WebSite\",\"@id\":\"https:\/\/www.elementvape.de\/#website\",\"url\":\"https:\/\/www.elementvape.de\/\",\"name\":\"ElementVape.de\",\"description\":\"\",\"publisher\":{\"@id\":\"https:\/\/www.elementvape.de\/#organization\"},\"potentialAction\":[{\"@type\":\"SearchAction\",\"target\":{\"@type\":\"EntryPoint\",\"urlTemplate\":\"https:\/\/www.elementvape.de\/?s={search_term_string}\"},\"query-input\":\"required name=search_term_string\"}],\"inLanguage\":\"pl-PL\"},{\"@type\":\"Organization\",\"@id\":\"https:\/\/www.elementvape.de\/#organization\",\"name\":\"ElementVape.DE\",\"url\":\"https:\/\/www.elementvape.de\/\",\"logo\":{\"@type\":\"ImageObject\",\"inLanguage\":\"pl-PL\",\"@id\":\"https:\/\/www.elementvape.de\/#\/schema\/logo\/image\/\",\"url\":\"https:\/\/www.elementvape.de\/wp-content\/uploads\/2024\/09\/cropped-1elementvape-3.png\",\"contentUrl\":\"https:\/\/www.elementvape.de\/wp-content\/uploads\/2024\/09\/cropped-1elementvape-3.png\",\"width\":285,\"height\":228,\"caption\":\"ElementVape.DE\"},\"image\":{\"@id\":\"https:\/\/www.elementvape.de\/#\/schema\/logo\/image\/\"}}]}<\/script>\n<!-- \/ Yoast SEO plugin. -->","yoast_head_json":{"title":"WASPE 15000 PUFFS Mixed Berries E-Zigarette Zollfrei und zu hervorragenden Gro\u00dfhandelspreisen f\u00fcr den perfekten Beerenmix | ElementVape.de","description":"Wir bieten WASPE 15000 PUFFS Mixed Berries E-Zigarette Zollfrei und zu hervorragenden Gro\u00dfhandelspreisen f\u00fcr den perfekten Beerenmix , Elementvape.de akzeptieren Gro\u00df-und Einzelhandel Bestellungen.","robots":{"index":"index","follow":"follow","max-snippet":"max-snippet:-1","max-image-preview":"max-image-preview:large","max-video-preview":"max-video-preview:-1"},"canonical":"https:\/\/www.elementvape.de\/pl\/produkt\/waspe-15000-puffs-mixed-berries-e-zigarette-zollfrei-und-zu-hervorragenden-grosshandelspreisen-fuer-den-perfekten-beerenmix\/","og_locale":"pl_PL","og_type":"article","og_title":"WASPE 15000 PUFFS Mixed Berries E-Zigarette Zollfrei und zu hervorragenden Gro\u00dfhandelspreisen f\u00fcr den perfekten Beerenmix | ElementVape.de","og_description":"Wir bieten WASPE 15000 PUFFS Mixed Berries E-Zigarette Zollfrei und zu hervorragenden Gro\u00dfhandelspreisen f\u00fcr den perfekten Beerenmix , Elementvape.de akzeptieren Gro\u00df-und Einzelhandel Bestellungen.","og_url":"https:\/\/www.elementvape.de\/pl\/produkt\/waspe-15000-puffs-mixed-berries-e-zigarette-zollfrei-und-zu-hervorragenden-grosshandelspreisen-fuer-den-perfekten-beerenmix\/","og_site_name":"ElementVape.de","article_modified_time":"2024-10-15T03:05:46+00:00","og_image":[{"width":2000,"height":2000,"url":"https:\/\/www.elementvape.de\/wp-content\/uploads\/2024\/09\/green-apple-watermelon-ice.jpg","type":"image\/jpeg"}],"twitter_card":"summary_large_image","twitter_misc":{"Est. reading time":"4 minuty"},"schema":{"@context":"https:\/\/schema.org","@graph":[{"@type":"WebPage","@id":"https:\/\/www.elementvape.de\/pl\/produkt\/waspe-15000-puffs-mixed-berries-e-zigarette-zollfrei-und-zu-hervorragenden-grosshandelspreisen-fuer-den-perfekten-beerenmix\/","url":"https:\/\/www.elementvape.de\/pl\/produkt\/waspe-15000-puffs-mixed-berries-e-zigarette-zollfrei-und-zu-hervorragenden-grosshandelspreisen-fuer-den-perfekten-beerenmix\/","name":"WASPE 15000 PUFFS Mixed Berries E-Zigarette Zollfrei und zu hervorragenden Gro\u00dfhandelspreisen f\u00fcr den perfekten Beerenmix | ElementVape.de","isPartOf":{"@id":"https:\/\/www.elementvape.de\/#website"},"primaryImageOfPage":{"@id":"https:\/\/www.elementvape.de\/pl\/produkt\/waspe-15000-puffs-mixed-berries-e-zigarette-zollfrei-und-zu-hervorragenden-grosshandelspreisen-fuer-den-perfekten-beerenmix\/#primaryimage"},"image":{"@id":"https:\/\/www.elementvape.de\/pl\/produkt\/waspe-15000-puffs-mixed-berries-e-zigarette-zollfrei-und-zu-hervorragenden-grosshandelspreisen-fuer-den-perfekten-beerenmix\/#primaryimage"},"thumbnailUrl":"https:\/\/www.elementvape.de\/wp-content\/uploads\/2024\/09\/green-apple-watermelon-ice.jpg","datePublished":"2024-09-02T09:51:56+00:00","dateModified":"2024-10-15T03:05:46+00:00","description":"Wir bieten WASPE 15000 PUFFS Mixed Berries E-Zigarette Zollfrei und zu hervorragenden Gro\u00dfhandelspreisen f\u00fcr den perfekten Beerenmix , Elementvape.de akzeptieren Gro\u00df-und Einzelhandel Bestellungen.","breadcrumb":{"@id":"https:\/\/www.elementvape.de\/pl\/produkt\/waspe-15000-puffs-mixed-berries-e-zigarette-zollfrei-und-zu-hervorragenden-grosshandelspreisen-fuer-den-perfekten-beerenmix\/#breadcrumb"},"inLanguage":"pl-PL","potentialAction":[{"@type":"ReadAction","target":["https:\/\/www.elementvape.de\/pl\/produkt\/waspe-15000-puffs-mixed-berries-e-zigarette-zollfrei-und-zu-hervorragenden-grosshandelspreisen-fuer-den-perfekten-beerenmix\/"]}]},{"@type":"ImageObject","inLanguage":"pl-PL","@id":"https:\/\/www.elementvape.de\/pl\/produkt\/waspe-15000-puffs-mixed-berries-e-zigarette-zollfrei-und-zu-hervorragenden-grosshandelspreisen-fuer-den-perfekten-beerenmix\/#primaryimage","url":"https:\/\/www.elementvape.de\/wp-content\/uploads\/2024\/09\/green-apple-watermelon-ice.jpg","contentUrl":"https:\/\/www.elementvape.de\/wp-content\/uploads\/2024\/09\/green-apple-watermelon-ice.jpg","width":2000,"height":2000,"caption":"green apple watermelon ice"},{"@type":"BreadcrumbList","@id":"https:\/\/www.elementvape.de\/pl\/produkt\/waspe-15000-puffs-mixed-berries-e-zigarette-zollfrei-und-zu-hervorragenden-grosshandelspreisen-fuer-den-perfekten-beerenmix\/#breadcrumb","itemListElement":[{"@type":"ListItem","position":1,"name":"Home","item":"https:\/\/www.elementvape.de\/"},{"@type":"ListItem","position":2,"name":"Shop","item":"https:\/\/www.elementvape.de\/shop\/"},{"@type":"ListItem","position":3,"name":"WASPE 15000 PUFFS Mixed Berries E-Zigarette Zollfrei und zu hervorragenden Gro\u00dfhandelspreisen f\u00fcr den perfekten Beerenmix"}]},{"@type":"WebSite","@id":"https:\/\/www.elementvape.de\/#website","url":"https:\/\/www.elementvape.de\/","name":"ElementVape.de","description":"","publisher":{"@id":"https:\/\/www.elementvape.de\/#organization"},"potentialAction":[{"@type":"SearchAction","target":{"@type":"EntryPoint","urlTemplate":"https:\/\/www.elementvape.de\/?s={search_term_string}"},"query-input":"required name=search_term_string"}],"inLanguage":"pl-PL"},{"@type":"Organization","@id":"https:\/\/www.elementvape.de\/#organization","name":"ElementVape.DE","url":"https:\/\/www.elementvape.de\/","logo":{"@type":"ImageObject","inLanguage":"pl-PL","@id":"https:\/\/www.elementvape.de\/#\/schema\/logo\/image\/","url":"https:\/\/www.elementvape.de\/wp-content\/uploads\/2024\/09\/cropped-1elementvape-3.png","contentUrl":"https:\/\/www.elementvape.de\/wp-content\/uploads\/2024\/09\/cropped-1elementvape-3.png","width":285,"height":228,"caption":"ElementVape.DE"},"image":{"@id":"https:\/\/www.elementvape.de\/#\/schema\/logo\/image\/"}}]}},"_links":{"self":[{"href":"https:\/\/www.elementvape.de\/pl\/wp-json\/wp\/v2\/product\/14110"}],"collection":[{"href":"https:\/\/www.elementvape.de\/pl\/wp-json\/wp\/v2\/product"}],"about":[{"href":"https:\/\/www.elementvape.de\/pl\/wp-json\/wp\/v2\/types\/product"}],"wp:featuredmedia":[{"embeddable":true,"href":"https:\/\/www.elementvape.de\/pl\/wp-json\/wp\/v2\/media\/14111"}],"wp:attachment":[{"href":"https:\/\/www.elementvape.de\/pl\/wp-json\/wp\/v2\/media?parent=14110"}],"wp:term":[{"taxonomy":"product_cat","embeddable":true,"href":"https:\/\/www.elementvape.de\/pl\/wp-json\/wp\/v2\/product_cat?post=14110"},{"taxonomy":"product_tag","embeddable":true,"href":"https:\/\/www.elementvape.de\/pl\/wp-json\/wp\/v2\/product_tag?post=14110"}],"curies":[{"name":"wp","href":"https:\/\/api.w.org\/{rel}","templated":true}]}}