{"id":14089,"date":"2024-08-31T07:50:49","date_gmt":"2024-08-31T07:50:49","guid":{"rendered":"https:\/\/www.elementvape.de\/?post_type=product&#038;p=14089"},"modified":"2024-10-15T03:13:34","modified_gmt":"2024-10-15T03:13:34","slug":"grosshandelspreis-sichern-waspe-8000-puffs-strawberry-watermelon-e-zigarette-zollfrei-und-voller-fruchtiger-erdbeer-wassermelonen-frische","status":"publish","type":"product","link":"https:\/\/www.elementvape.de\/pl\/produkt\/grosshandelspreis-sichern-waspe-8000-puffs-strawberry-watermelon-e-zigarette-zollfrei-und-voller-fruchtiger-erdbeer-wassermelonen-frische\/","title":{"rendered":"Zabezpiecz cen\u0119 hurtow\u0105 WASPE 8000 PUFFS Strawberry Watermelon E-papieros bez c\u0142a i pe\u0142en owocowej \u015bwie\u017co\u015bci truskawki i arbuz\u00f3w"},"content":{"rendered":"<div class=\"flex-shrink-0 flex flex-col relative items-end\">\n<div>\n<div class=\"pt-0\">\n<div class=\"gizmo-bot-avatar flex h-8 w-8 items-center justify-center overflow-hidden rounded-full\"><\/div>\n<\/div>\n<\/div>\n<\/div>\n<div class=\"group\/conversation-turn relative flex w-full min-w-0 flex-col agent-turn\">\n<div class=\"flex-col gap-1 md:gap-3\">\n<div class=\"flex max-w-full flex-col flex-grow\">\n<div class=\"min-h-[20px] text-message flex w-full flex-col items-end gap-2 break-words [.text-message+&amp;]:mt-5 overflow-x-auto whitespace-normal\" dir=\"auto\" data-message-author-role=\"assistant\" data-message-id=\"d7048ade-4588-4375-a4b3-7239cd91e86b\">\n<div class=\"flex w-full flex-col gap-1 empty:hidden first:pt-[3px]\">\n<div class=\"markdown prose w-full break-words dark:prose-invert light\">\n<h2>WASPE 8000 PUFFS Strawberry Watermelon E-Papieros \u2013 Bezc\u0142owy i pe\u0142en owocowej \u015bwie\u017co\u015bci truskawkowo-arbuzowej<\/h2>\n<p>WASPE 8000 PUFFS Strawberry Watermelon <strong><a href=\"https:\/\/www.elementvape.de\/pl\/\" target=\"_blank\" rel=\"noopener\">E-papieros<\/a><\/strong> oferuje orze\u017awiaj\u0105ce do\u015bwiadczenie vapowania, kt\u00f3re \u0142\u0105czy naturaln\u0105 s\u0142odycz truskawek z soczystym smakiem arbuz\u00f3w. Ta kombinacja jest idealna dla wszystkich mi\u0142o\u015bnik\u00f3w owocowych aromat\u00f3w i poszukuj\u0105cych przyjemnego od\u015bwie\u017cenia przy ka\u017cdym zaci\u0105gni\u0119ciu. Hurtownicy maj\u0105 mo\u017cliwo\u015b\u0107 zakupu tego produktu najwy\u017cszej jako\u015bci w atrakcyjnych cenach bezc\u0142owo i zaoferowania swoim klientom wyj\u0105tkowego doznania smakowego.<\/p>\n<h3>Truskawka-Arbuz \u2013 Owocowa rozkosz, kt\u00f3ra od\u015bwie\u017ca<\/h3>\n<p>Szczeg\u00f3ln\u0105 atrakcyjno\u015b\u0107 WASPE 8000 PUFFS Strawberry Watermelon E-Papierosa stanowi harmonijne po\u0142\u0105czenie truskawek i arbuz\u00f3w. Aromat jest doskona\u0142\u0105 r\u00f3wnowag\u0105 mi\u0119dzy s\u0142odycz\u0105 dojrza\u0142ych truskawek a orze\u017awiaj\u0105cym, lekko ch\u0142odz\u0105cym smakiem arbuza. Ta owocowa fuzja jest idealna dla vapowc\u00f3w, kt\u00f3rzy szukaj\u0105 odmiany od tradycyjnych aromat\u00f3w i preferuj\u0105 \u015bwie\u017cy, s\u0142odki smak owoc\u00f3w.<\/p>\n<p>Aromat truskawkowo-arbuzowy jest zar\u00f3wno latem, jak i przez ca\u0142y rok, wy\u015bmienitym wyborem. Doskonale sprawdza si\u0119 dla vapowc\u00f3w pragn\u0105cych owocowego, a zarazem lekkiego smaku, kt\u00f3ry przy ka\u017cdym zaci\u0105gni\u0119ciu wywo\u0142uje u\u015bmiech na twarzy.<\/p>\n<h3>8000 zaci\u0105gni\u0119\u0107 dla d\u0142ugotrwa\u0142ej owocowej przyjemno\u015bci<\/h3>\n<p>Dzi\u0119ki ogromnej pojemno\u015bci 8000 zaci\u0105gni\u0119\u0107, WASPE 8000 PUFFS Strawberry Watermelon E-Papieros zosta\u0142 zaprojektowany do wytrwa\u0142ego vapowania. Du\u017cy 16 ml zbiornik na e-liquid zapewnia d\u0142ugi czas cieszenia si\u0119 owocowym smakiem truskawek i arbuz\u00f3w bez utraty intensywno\u015bci. Ta wysoka liczba zaci\u0105gni\u0119\u0107 czyni ten produkt szczeg\u00f3lnie atrakcyjnym dla hurtownik\u00f3w, kt\u00f3rzy chc\u0105 zaoferowa\u0107 swoim klientom trwa\u0142y i wysokiej jako\u015bci produkt.<\/p>\n<p>Po\u0142\u0105czenie d\u0142ugiego czasu u\u017cytkowania i sta\u0142ego, intensywnego doznania smakowego czyni WASPE 8000 PUFFS Strawberry Watermelon idealnym wyborem dla vapowc\u00f3w ceni\u0105cych jako\u015b\u0107 i niezawodno\u015b\u0107.<\/p>\n<h3>Zaawansowana technologia dla idealnego zaci\u0105gni\u0119cia<\/h3>\n<p>WASPE 8000 PUFFS Strawberry Watermelon \u00a0<strong><a href=\"https:\/\/www.elementvape.de\/pl\/c\/einweg-zigarette\/\" target=\"_blank\" rel=\"noopener\">Jednorazowy E-papieros<\/a><\/strong> wyposa\u017cony w nowoczesny mesh coil o oporno\u015bci 0,8\u03a9, kt\u00f3ry zapewnia r\u00f3wnomierne odparowywanie e-liquidu. Ta technologia gwarantuje, \u017ce owocowy aromat jest w pe\u0142ni wyczuwalny przy ka\u017cdym zaci\u0105gni\u0119ciu i umo\u017cliwia intensywne do\u015bwiadczenie vapowania. Technologia mesh coil zapewnia r\u00f3wnie\u017c g\u0119st\u0105 produkcj\u0119 pary, co czyni vapowanie jeszcze bardziej satysfakcjonuj\u0105cym.<\/p>\n<p>Z portem \u0142adowania Type-C i wydajnym akumulatorem 650mAh, e-papieros jest \u0142atwy do na\u0142adowania i gotowy do u\u017cycia od razu. Te funkcje techniczne, w po\u0142\u0105czeniu z przyjaznym dla u\u017cytkownika designem, czyni\u0105 WASPE 8000 PUFFS Strawberry Watermelon doskona\u0142ym wyborem dla wszystkich vapowc\u00f3w, niezale\u017cnie od poziomu do\u015bwiadczenia.<\/p>\n<h3>Dostawa bez c\u0142a i nie do pobicia ceny hurtowe<\/h3>\n<p>Hurtownicy mog\u0105 skorzysta\u0107 z bezc\u0142owej dostawy WASPE 8000 PUFFS Strawberry Watermelon E-Papierosa, co znacznie obni\u017ca koszty zakupu. Umo\u017cliwia to oferowanie produktu w bardzo konkurencyjnych cenach, co zwi\u0119ksza atrakcyjno\u015b\u0107 dla klient\u00f3w i mar\u017ce zysku. Atrakcyjne ceny hurtowe sprawiaj\u0105, \u017ce \u0142atwo mo\u017cna wprowadzi\u0107 ten wysokiej jako\u015bci produkt do w\u0142asnego asortymentu i zyska\u0107 przewag\u0119 na rynku.<\/p>\n<p>Te ekonomiczne korzy\u015bci, w po\u0142\u0105czeniu z doskona\u0142ym produktem, czyni\u0105 WASPE 8000 PUFFS Strawberry Watermelon op\u0142acaln\u0105 inwestycj\u0105 dla ka\u017cdego hurtownika.<\/p>\n<h3>Owocowa rozkosz na ka\u017cd\u0105 okazj\u0119<\/h3>\n<p>WASPE 8000 PUFFS Strawberry Watermelon E-Papieros oferuje niezr\u00f3wnane do\u015bwiadczenie vapowania, kt\u00f3re zachwyca harmonijnym po\u0142\u0105czeniem truskawek i arbuz\u00f3w. Dzi\u0119ki du\u017cej pojemno\u015bci puff\u00f3w, zaawansowanej technologii i przyjaznej obs\u0142udze jest to idealny wyb\u00f3r dla vapowc\u00f3w ceni\u0105cych smak i jako\u015b\u0107.<\/p>\n<p>Dla hurtownik\u00f3w ten produkt to nie tylko wzbogacenie oferty, ale tak\u017ce znaczne korzy\u015bci ekonomiczne dzi\u0119ki bezc\u0142owej dostawie i atrakcyjnym cenom hurtowym. Zabezpiecz si\u0119 ju\u017c teraz, oferuj\u0105c swoim klientom najwy\u017cszej jako\u015bci owocow\u0105 rozkosz \u2013 bezc\u0142owo i w najlepszej cenie.<\/p>\n<\/div>\n<\/div>\n<\/div>\n<\/div>\n<\/div>\n<\/div>","protected":false},"excerpt":{"rendered":"<p>WASPE 8000 PUFFS Strawberry Watermelon E-Zigarette \u2013 Zollfrei und voller fruchtiger Erdbeer-Wassermelonen-Frische Die WASPE 8000 PUFFS Strawberry Watermelon E-Zigarette bietet ein erfrischendes Dampferlebnis, das die nat\u00fcrliche S\u00fc\u00dfe von Erdbeeren mit dem saftigen Geschmack von Wassermelonen vereint. Diese Kombination ist perfekt f\u00fcr alle, die fruchtige Aromen lieben und eine angenehme Erfrischung in jedem Zug suchen. Gro\u00dfh\u00e4ndler [&hellip;]<\/p>","protected":false},"featured_media":14090,"template":"","meta":{"inline_featured_image":false},"product_cat":[15,78,735,746,741,733,750,737,736,749,752,756,744,755,738,751,727],"product_tag":[710,683],"tiered_pricing_type":"fixed","tiered_pricing_fixed_rules":[],"tiered_pricing_percentage_rules":[],"tiered_pricing_minimum":1,"_administrator_tiered_pricing_type":"fixed","_administrator_tiered_pricing_fixed_rules":[],"_editor_tiered_pricing_type":"fixed","_editor_tiered_pricing_fixed_rules":[],"_author_tiered_pricing_type":"fixed","_author_tiered_pricing_fixed_rules":[],"_contributor_tiered_pricing_type":"fixed","_contributor_tiered_pricing_fixed_rules":[],"_subscriber_tiered_pricing_type":"fixed","_subscriber_tiered_pricing_fixed_rules":[],"_customer_tiered_pricing_type":"fixed","_customer_tiered_pricing_fixed_rules":[],"_shop_manager_tiered_pricing_type":"fixed","_shop_manager_tiered_pricing_fixed_rules":[],"_wpseo_manager_tiered_pricing_type":"fixed","_wpseo_manager_tiered_pricing_fixed_rules":[],"_wpseo_editor_tiered_pricing_type":"fixed","_wpseo_editor_tiered_pricing_fixed_rules":[],"_wholesale_customer_tiered_pricing_type":"fixed","_wholesale_customer_tiered_pricing_fixed_rules":[],"_marketer_tiered_pricing_type":"fixed","_marketer_tiered_pricing_fixed_rules":[],"_sales_manager_tiered_pricing_type":"fixed","_sales_manager_tiered_pricing_fixed_rules":[],"_sales_rep_tiered_pricing_type":"fixed","_sales_rep_tiered_pricing_fixed_rules":[],"yoast_head":"<!-- This site is optimized with the Yoast SEO plugin v23.3 - https:\/\/yoast.com\/wordpress\/plugins\/seo\/ -->\n<title>Gro\u00dfhandelspreis sichern WASPE 8000 PUFFS Strawberry Watermelon E-Zigarette zollfrei und voller fruchtiger Erdbeer-Wassermelonen-Frische | ElementVape.de<\/title>\n<meta name=\"description\" content=\"Wir bieten Gro\u00dfhandelspreis sichern WASPE 8000 PUFFS Strawberry Watermelon E-Zigarette zollfrei und voller fruchtiger Erdbeer-Wassermelonen-Frische , Elementvape.de akzeptieren Gro\u00df-und Einzelhandel Bestellungen.\" \/>\n<meta name=\"robots\" content=\"index, follow, max-snippet:-1, max-image-preview:large, max-video-preview:-1\" \/>\n<link rel=\"canonical\" href=\"https:\/\/www.elementvape.de\/pl\/produkt\/grosshandelspreis-sichern-waspe-8000-puffs-strawberry-watermelon-e-zigarette-zollfrei-und-voller-fruchtiger-erdbeer-wassermelonen-frische\/\" \/>\n<meta property=\"og:locale\" content=\"pl_PL\" \/>\n<meta property=\"og:type\" content=\"article\" \/>\n<meta property=\"og:title\" content=\"Gro\u00dfhandelspreis sichern WASPE 8000 PUFFS Strawberry Watermelon E-Zigarette zollfrei und voller fruchtiger Erdbeer-Wassermelonen-Frische | ElementVape.de\" \/>\n<meta property=\"og:description\" content=\"Wir bieten Gro\u00dfhandelspreis sichern WASPE 8000 PUFFS Strawberry Watermelon E-Zigarette zollfrei und voller fruchtiger Erdbeer-Wassermelonen-Frische , Elementvape.de akzeptieren Gro\u00df-und Einzelhandel Bestellungen.\" \/>\n<meta property=\"og:url\" content=\"https:\/\/www.elementvape.de\/pl\/produkt\/grosshandelspreis-sichern-waspe-8000-puffs-strawberry-watermelon-e-zigarette-zollfrei-und-voller-fruchtiger-erdbeer-wassermelonen-frische\/\" \/>\n<meta property=\"og:site_name\" content=\"ElementVape.de\" \/>\n<meta property=\"article:modified_time\" content=\"2024-10-15T03:13:34+00:00\" \/>\n<meta property=\"og:image\" content=\"https:\/\/www.elementvape.de\/wp-content\/uploads\/2024\/08\/STRAWBERRY-WATERMELON-2.jpg\" \/>\n\t<meta property=\"og:image:width\" content=\"800\" \/>\n\t<meta property=\"og:image:height\" content=\"800\" \/>\n\t<meta property=\"og:image:type\" content=\"image\/jpeg\" \/>\n<meta name=\"twitter:card\" content=\"summary_large_image\" \/>\n<meta name=\"twitter:label1\" content=\"Est. reading time\" \/>\n\t<meta name=\"twitter:data1\" content=\"4 minuty\" \/>\n<script type=\"application\/ld+json\" class=\"yoast-schema-graph\">{\"@context\":\"https:\/\/schema.org\",\"@graph\":[{\"@type\":\"WebPage\",\"@id\":\"https:\/\/www.elementvape.de\/da\/produkt\/grosshandelspreis-sichern-waspe-8000-puffs-strawberry-watermelon-e-zigarette-zollfrei-und-voller-fruchtiger-erdbeer-wassermelonen-frische\/\",\"url\":\"https:\/\/www.elementvape.de\/da\/produkt\/grosshandelspreis-sichern-waspe-8000-puffs-strawberry-watermelon-e-zigarette-zollfrei-und-voller-fruchtiger-erdbeer-wassermelonen-frische\/\",\"name\":\"Gro\u00dfhandelspreis sichern WASPE 8000 PUFFS Strawberry Watermelon E-Zigarette zollfrei und voller fruchtiger Erdbeer-Wassermelonen-Frische | ElementVape.de\",\"isPartOf\":{\"@id\":\"https:\/\/www.elementvape.de\/#website\"},\"primaryImageOfPage\":{\"@id\":\"https:\/\/www.elementvape.de\/da\/produkt\/grosshandelspreis-sichern-waspe-8000-puffs-strawberry-watermelon-e-zigarette-zollfrei-und-voller-fruchtiger-erdbeer-wassermelonen-frische\/#primaryimage\"},\"image\":{\"@id\":\"https:\/\/www.elementvape.de\/da\/produkt\/grosshandelspreis-sichern-waspe-8000-puffs-strawberry-watermelon-e-zigarette-zollfrei-und-voller-fruchtiger-erdbeer-wassermelonen-frische\/#primaryimage\"},\"thumbnailUrl\":\"https:\/\/www.elementvape.de\/wp-content\/uploads\/2024\/08\/STRAWBERRY-WATERMELON-2.jpg\",\"datePublished\":\"2024-08-31T07:50:49+00:00\",\"dateModified\":\"2024-10-15T03:13:34+00:00\",\"description\":\"Wir bieten Gro\u00dfhandelspreis sichern WASPE 8000 PUFFS Strawberry Watermelon E-Zigarette zollfrei und voller fruchtiger Erdbeer-Wassermelonen-Frische , Elementvape.de akzeptieren Gro\u00df-und Einzelhandel Bestellungen.\",\"breadcrumb\":{\"@id\":\"https:\/\/www.elementvape.de\/da\/produkt\/grosshandelspreis-sichern-waspe-8000-puffs-strawberry-watermelon-e-zigarette-zollfrei-und-voller-fruchtiger-erdbeer-wassermelonen-frische\/#breadcrumb\"},\"inLanguage\":\"pl-PL\",\"potentialAction\":[{\"@type\":\"ReadAction\",\"target\":[\"https:\/\/www.elementvape.de\/da\/produkt\/grosshandelspreis-sichern-waspe-8000-puffs-strawberry-watermelon-e-zigarette-zollfrei-und-voller-fruchtiger-erdbeer-wassermelonen-frische\/\"]}]},{\"@type\":\"ImageObject\",\"inLanguage\":\"pl-PL\",\"@id\":\"https:\/\/www.elementvape.de\/da\/produkt\/grosshandelspreis-sichern-waspe-8000-puffs-strawberry-watermelon-e-zigarette-zollfrei-und-voller-fruchtiger-erdbeer-wassermelonen-frische\/#primaryimage\",\"url\":\"https:\/\/www.elementvape.de\/wp-content\/uploads\/2024\/08\/STRAWBERRY-WATERMELON-2.jpg\",\"contentUrl\":\"https:\/\/www.elementvape.de\/wp-content\/uploads\/2024\/08\/STRAWBERRY-WATERMELON-2.jpg\",\"width\":800,\"height\":800,\"caption\":\"STRAWBERRY WATERMELON\"},{\"@type\":\"BreadcrumbList\",\"@id\":\"https:\/\/www.elementvape.de\/da\/produkt\/grosshandelspreis-sichern-waspe-8000-puffs-strawberry-watermelon-e-zigarette-zollfrei-und-voller-fruchtiger-erdbeer-wassermelonen-frische\/#breadcrumb\",\"itemListElement\":[{\"@type\":\"ListItem\",\"position\":1,\"name\":\"Home\",\"item\":\"https:\/\/www.elementvape.de\/\"},{\"@type\":\"ListItem\",\"position\":2,\"name\":\"Shop\",\"item\":\"https:\/\/www.elementvape.de\/shop\/\"},{\"@type\":\"ListItem\",\"position\":3,\"name\":\"Gro\u00dfhandelspreis sichern WASPE 8000 PUFFS Strawberry Watermelon E-Zigarette zollfrei und voller fruchtiger Erdbeer-Wassermelonen-Frische\"}]},{\"@type\":\"WebSite\",\"@id\":\"https:\/\/www.elementvape.de\/#website\",\"url\":\"https:\/\/www.elementvape.de\/\",\"name\":\"ElementVape.de\",\"description\":\"\",\"publisher\":{\"@id\":\"https:\/\/www.elementvape.de\/#organization\"},\"potentialAction\":[{\"@type\":\"SearchAction\",\"target\":{\"@type\":\"EntryPoint\",\"urlTemplate\":\"https:\/\/www.elementvape.de\/?s={search_term_string}\"},\"query-input\":\"required name=search_term_string\"}],\"inLanguage\":\"pl-PL\"},{\"@type\":\"Organization\",\"@id\":\"https:\/\/www.elementvape.de\/#organization\",\"name\":\"ElementVape.DE\",\"url\":\"https:\/\/www.elementvape.de\/\",\"logo\":{\"@type\":\"ImageObject\",\"inLanguage\":\"pl-PL\",\"@id\":\"https:\/\/www.elementvape.de\/#\/schema\/logo\/image\/\",\"url\":\"https:\/\/www.elementvape.de\/wp-content\/uploads\/2024\/09\/cropped-1elementvape-3.png\",\"contentUrl\":\"https:\/\/www.elementvape.de\/wp-content\/uploads\/2024\/09\/cropped-1elementvape-3.png\",\"width\":285,\"height\":228,\"caption\":\"ElementVape.DE\"},\"image\":{\"@id\":\"https:\/\/www.elementvape.de\/#\/schema\/logo\/image\/\"}}]}<\/script>\n<!-- \/ Yoast SEO plugin. -->","yoast_head_json":{"title":"Gro\u00dfhandelspreis sichern WASPE 8000 PUFFS Strawberry Watermelon E-Zigarette zollfrei und voller fruchtiger Erdbeer-Wassermelonen-Frische | ElementVape.de","description":"Wir bieten Gro\u00dfhandelspreis sichern WASPE 8000 PUFFS Strawberry Watermelon E-Zigarette zollfrei und voller fruchtiger Erdbeer-Wassermelonen-Frische , Elementvape.de akzeptieren Gro\u00df-und Einzelhandel Bestellungen.","robots":{"index":"index","follow":"follow","max-snippet":"max-snippet:-1","max-image-preview":"max-image-preview:large","max-video-preview":"max-video-preview:-1"},"canonical":"https:\/\/www.elementvape.de\/pl\/produkt\/grosshandelspreis-sichern-waspe-8000-puffs-strawberry-watermelon-e-zigarette-zollfrei-und-voller-fruchtiger-erdbeer-wassermelonen-frische\/","og_locale":"pl_PL","og_type":"article","og_title":"Gro\u00dfhandelspreis sichern WASPE 8000 PUFFS Strawberry Watermelon E-Zigarette zollfrei und voller fruchtiger Erdbeer-Wassermelonen-Frische | ElementVape.de","og_description":"Wir bieten Gro\u00dfhandelspreis sichern WASPE 8000 PUFFS Strawberry Watermelon E-Zigarette zollfrei und voller fruchtiger Erdbeer-Wassermelonen-Frische , Elementvape.de akzeptieren Gro\u00df-und Einzelhandel Bestellungen.","og_url":"https:\/\/www.elementvape.de\/pl\/produkt\/grosshandelspreis-sichern-waspe-8000-puffs-strawberry-watermelon-e-zigarette-zollfrei-und-voller-fruchtiger-erdbeer-wassermelonen-frische\/","og_site_name":"ElementVape.de","article_modified_time":"2024-10-15T03:13:34+00:00","og_image":[{"width":800,"height":800,"url":"https:\/\/www.elementvape.de\/wp-content\/uploads\/2024\/08\/STRAWBERRY-WATERMELON-2.jpg","type":"image\/jpeg"}],"twitter_card":"summary_large_image","twitter_misc":{"Est. reading time":"4 minuty"},"schema":{"@context":"https:\/\/schema.org","@graph":[{"@type":"WebPage","@id":"https:\/\/www.elementvape.de\/da\/produkt\/grosshandelspreis-sichern-waspe-8000-puffs-strawberry-watermelon-e-zigarette-zollfrei-und-voller-fruchtiger-erdbeer-wassermelonen-frische\/","url":"https:\/\/www.elementvape.de\/da\/produkt\/grosshandelspreis-sichern-waspe-8000-puffs-strawberry-watermelon-e-zigarette-zollfrei-und-voller-fruchtiger-erdbeer-wassermelonen-frische\/","name":"Gro\u00dfhandelspreis sichern WASPE 8000 PUFFS Strawberry Watermelon E-Zigarette zollfrei und voller fruchtiger Erdbeer-Wassermelonen-Frische | ElementVape.de","isPartOf":{"@id":"https:\/\/www.elementvape.de\/#website"},"primaryImageOfPage":{"@id":"https:\/\/www.elementvape.de\/da\/produkt\/grosshandelspreis-sichern-waspe-8000-puffs-strawberry-watermelon-e-zigarette-zollfrei-und-voller-fruchtiger-erdbeer-wassermelonen-frische\/#primaryimage"},"image":{"@id":"https:\/\/www.elementvape.de\/da\/produkt\/grosshandelspreis-sichern-waspe-8000-puffs-strawberry-watermelon-e-zigarette-zollfrei-und-voller-fruchtiger-erdbeer-wassermelonen-frische\/#primaryimage"},"thumbnailUrl":"https:\/\/www.elementvape.de\/wp-content\/uploads\/2024\/08\/STRAWBERRY-WATERMELON-2.jpg","datePublished":"2024-08-31T07:50:49+00:00","dateModified":"2024-10-15T03:13:34+00:00","description":"Wir bieten Gro\u00dfhandelspreis sichern WASPE 8000 PUFFS Strawberry Watermelon E-Zigarette zollfrei und voller fruchtiger Erdbeer-Wassermelonen-Frische , Elementvape.de akzeptieren Gro\u00df-und Einzelhandel Bestellungen.","breadcrumb":{"@id":"https:\/\/www.elementvape.de\/da\/produkt\/grosshandelspreis-sichern-waspe-8000-puffs-strawberry-watermelon-e-zigarette-zollfrei-und-voller-fruchtiger-erdbeer-wassermelonen-frische\/#breadcrumb"},"inLanguage":"pl-PL","potentialAction":[{"@type":"ReadAction","target":["https:\/\/www.elementvape.de\/da\/produkt\/grosshandelspreis-sichern-waspe-8000-puffs-strawberry-watermelon-e-zigarette-zollfrei-und-voller-fruchtiger-erdbeer-wassermelonen-frische\/"]}]},{"@type":"ImageObject","inLanguage":"pl-PL","@id":"https:\/\/www.elementvape.de\/da\/produkt\/grosshandelspreis-sichern-waspe-8000-puffs-strawberry-watermelon-e-zigarette-zollfrei-und-voller-fruchtiger-erdbeer-wassermelonen-frische\/#primaryimage","url":"https:\/\/www.elementvape.de\/wp-content\/uploads\/2024\/08\/STRAWBERRY-WATERMELON-2.jpg","contentUrl":"https:\/\/www.elementvape.de\/wp-content\/uploads\/2024\/08\/STRAWBERRY-WATERMELON-2.jpg","width":800,"height":800,"caption":"STRAWBERRY WATERMELON"},{"@type":"BreadcrumbList","@id":"https:\/\/www.elementvape.de\/da\/produkt\/grosshandelspreis-sichern-waspe-8000-puffs-strawberry-watermelon-e-zigarette-zollfrei-und-voller-fruchtiger-erdbeer-wassermelonen-frische\/#breadcrumb","itemListElement":[{"@type":"ListItem","position":1,"name":"Home","item":"https:\/\/www.elementvape.de\/"},{"@type":"ListItem","position":2,"name":"Shop","item":"https:\/\/www.elementvape.de\/shop\/"},{"@type":"ListItem","position":3,"name":"Gro\u00dfhandelspreis sichern WASPE 8000 PUFFS Strawberry Watermelon E-Zigarette zollfrei und voller fruchtiger Erdbeer-Wassermelonen-Frische"}]},{"@type":"WebSite","@id":"https:\/\/www.elementvape.de\/#website","url":"https:\/\/www.elementvape.de\/","name":"ElementVape.de","description":"","publisher":{"@id":"https:\/\/www.elementvape.de\/#organization"},"potentialAction":[{"@type":"SearchAction","target":{"@type":"EntryPoint","urlTemplate":"https:\/\/www.elementvape.de\/?s={search_term_string}"},"query-input":"required name=search_term_string"}],"inLanguage":"pl-PL"},{"@type":"Organization","@id":"https:\/\/www.elementvape.de\/#organization","name":"ElementVape.DE","url":"https:\/\/www.elementvape.de\/","logo":{"@type":"ImageObject","inLanguage":"pl-PL","@id":"https:\/\/www.elementvape.de\/#\/schema\/logo\/image\/","url":"https:\/\/www.elementvape.de\/wp-content\/uploads\/2024\/09\/cropped-1elementvape-3.png","contentUrl":"https:\/\/www.elementvape.de\/wp-content\/uploads\/2024\/09\/cropped-1elementvape-3.png","width":285,"height":228,"caption":"ElementVape.DE"},"image":{"@id":"https:\/\/www.elementvape.de\/#\/schema\/logo\/image\/"}}]}},"_links":{"self":[{"href":"https:\/\/www.elementvape.de\/pl\/wp-json\/wp\/v2\/product\/14089"}],"collection":[{"href":"https:\/\/www.elementvape.de\/pl\/wp-json\/wp\/v2\/product"}],"about":[{"href":"https:\/\/www.elementvape.de\/pl\/wp-json\/wp\/v2\/types\/product"}],"wp:featuredmedia":[{"embeddable":true,"href":"https:\/\/www.elementvape.de\/pl\/wp-json\/wp\/v2\/media\/14090"}],"wp:attachment":[{"href":"https:\/\/www.elementvape.de\/pl\/wp-json\/wp\/v2\/media?parent=14089"}],"wp:term":[{"taxonomy":"product_cat","embeddable":true,"href":"https:\/\/www.elementvape.de\/pl\/wp-json\/wp\/v2\/product_cat?post=14089"},{"taxonomy":"product_tag","embeddable":true,"href":"https:\/\/www.elementvape.de\/pl\/wp-json\/wp\/v2\/product_tag?post=14089"}],"curies":[{"name":"wp","href":"https:\/\/api.w.org\/{rel}","templated":true}]}}