{"id":13991,"date":"2024-08-23T08:03:49","date_gmt":"2024-08-23T08:03:49","guid":{"rendered":"https:\/\/www.elementvape.de\/?post_type=product&#038;p=13991"},"modified":"2024-10-16T02:48:22","modified_gmt":"2024-10-16T02:48:22","slug":"waspe-12000-puffs-e-zigarette-zollfrei-20-ml-blue-razz-ice-12000-zuege-650-mah-akku-typ-c","status":"publish","type":"product","link":"https:\/\/www.elementvape.de\/pl\/produkt\/waspe-12000-puffs-e-zigarette-zollfrei-20-ml-blue-razz-ice-12000-zuege-650-mah-akku-typ-c\/","title":{"rendered":"WASPE 12000 Puffs E-Papieros Bezc\u0142owy 20 ml BLUE RAZZ ICE 12000 Zaci\u0105gni\u0119\u0107 650 mAh Akumulator Typ-C"},"content":{"rendered":"<h3>WASPE-12000 E-papieros: Orze\u017awiaj\u0105ca przyjemno\u015b\u0107 z BLUE RAZZ ICE<\/h3>\n<p>WASPE-12000 <strong><a href=\"https:\/\/www.elementvape.de\/pl\/\" target=\"_blank\" rel=\"noopener\">E-papieros<\/a><\/strong> po\u0142\u0105cza wysok\u0105 wydajno\u015b\u0107 z orze\u017awiaj\u0105cym doznaniem smakowym dzi\u0119ki popularnemu smakowi BLUE RAZZ ICE. Ten bezc\u0142owy e-papieros zosta\u0142 zaprojektowany dla palaczy, kt\u00f3rzy ceni\u0105 zar\u00f3wno intensywny smak, jak i d\u0142ugotrwa\u0142e u\u017cytkowanie. Dzi\u0119ki imponuj\u0105cej pojemno\u015bci i zaawansowanej technologii, WASPE-12000 jest idealnym wyborem dla trwa\u0142ego i satysfakcjonuj\u0105cego do\u015bwiadczenia vapowania.<\/p>\n<h4>BLUE RAZZ ICE: Orze\u017awiaj\u0105cy smak owoc\u00f3w z ch\u0142odnym akcentem<\/h4>\n<p>Smak BLUE RAZZ ICE oferuje ekscytuj\u0105c\u0105 mieszank\u0119 s\u0142odkiego i lekko kwa\u015bnego smaku bor\u00f3wek i malin, po\u0142\u0105czon\u0105 z orze\u017awiaj\u0105cym ch\u0142odz\u0105cym akcentem. Ta kombinacja zapewnia intensywne i jednocze\u015bnie ch\u0142odne doznanie vapowania, kt\u00f3re jest szczeg\u00f3lnie idealne w gor\u0105ce dni lub podczas poszukiwania orze\u017awiaj\u0105cej przyjemno\u015bci. Owocowa s\u0142odycz bor\u00f3wek i malin jest doskonale uzupe\u0142niona ch\u0142odnym odcieniem lodu, co prowadzi do orze\u017awiaj\u0105cego i przyjemnego do\u015bwiadczenia smakowego.<\/p>\n<p>Z du\u017c\u0105 pojemno\u015bci\u0105 e-liquid 20 ml i do 12 000 zaci\u0105gni\u0119\u0107, WASPE-12000 zapewnia d\u0142ugotrwa\u0142e i sp\u00f3jne doznania smakowe. Smak BLUE RAZZ ICE pozostaje intensywny i jednolity przez ca\u0142y czas u\u017cytkowania, zapewniaj\u0105c ci\u0105g\u0142\u0105 przyjemno\u015b\u0107.<\/p>\n<h3>Dane techniczne i \u0142atwo\u015b\u0107 obs\u0142ugi<\/h3>\n<p>E-papieros WASPE-12000 wyr\u00f3\u017cnia si\u0119 wysokiej jako\u015bci cechami technicznymi i przyjaznym u\u017cytkownikowi designem. Najwa\u017cniejsze specyfikacje to:<\/p>\n<table>\n<thead>\n<tr>\n<th><strong>W\u0142a\u015bciwo\u015bci<\/strong><\/th>\n<th><strong>Szczeg\u00f3\u0142y<\/strong><\/th>\n<\/tr>\n<\/thead>\n<tbody>\n<tr>\n<td>Model<\/td>\n<td>WAPSE-12000<\/td>\n<\/tr>\n<tr>\n<td>Smak<\/td>\n<td>BLUE RAZZ ICE<\/td>\n<\/tr>\n<tr>\n<td>Materia\u0142<\/td>\n<td>Stop aluminium, PCGT<\/td>\n<\/tr>\n<tr>\n<td>N-Zawarto\u015b\u0107<\/td>\n<td>2%, 5%<\/td>\n<\/tr>\n<tr>\n<td>Rezystancja grza\u0142ki<\/td>\n<td>1,0 \u03a9<\/td>\n<\/tr>\n<tr>\n<td>Zaci\u0105gni\u0119cia<\/td>\n<td>12 000 poci\u0105gni\u0119\u0107<\/td>\n<\/tr>\n<tr>\n<td>Pojemno\u015b\u0107 E-liquid<\/td>\n<td>20 ml<\/td>\n<\/tr>\n<tr>\n<td>Pojemno\u015b\u0107 baterii<\/td>\n<td>650 mAh<\/td>\n<\/tr>\n<tr>\n<td>Zakres mocy<\/td>\n<td>7-12V<\/td>\n<\/tr>\n<tr>\n<td>\u0141adowalny<\/td>\n<td>Ja<\/td>\n<\/tr>\n<tr>\n<td>Port \u0142adowania<\/td>\n<td>Typ-C<\/td>\n<\/tr>\n<tr>\n<td>Waga netto<\/td>\n<td>96 g<\/td>\n<\/tr>\n<tr>\n<td>Rozmiar produktu<\/td>\n<td>32<em>36<\/em>116 mm<\/td>\n<\/tr>\n<\/tbody>\n<\/table>\n<p>WASPE-12000 oferuje wydajny akumulator 650 mAh, zapewniaj\u0105cy d\u0142ugi czas u\u017cytkowania. Nowoczesne z\u0142\u0105cze \u0142adowania typu C umo\u017cliwia szybkie i efektywne \u0142adowanie. Kompaktowy rozmiar i niewielka waga zapewniaj\u0105 \u0142atwo\u015b\u0107 obs\u0142ugi i wysok\u0105 mobilno\u015b\u0107. U\u017cycie stopu aluminium i PCGT gwarantuje trwa\u0142o\u015b\u0107 i wytrzyma\u0142o\u015b\u0107 urz\u0105dzenia.<\/p>\n<p><img loading=\"lazy\" decoding=\"async\" class=\"alignleft\" src=\"https:\/\/www.elementvape.de\/wp-content\/uploads\/2024\/08\/3-219x300.jpg\" alt=\"3\" width=\"255\" height=\"349\" \/><br \/>\n<img loading=\"lazy\" decoding=\"async\" class=\"alignnone\" src=\"https:\/\/www.elementvape.de\/wp-content\/uploads\/2024\/08\/5.jpg\" alt=\"2\" width=\"246\" height=\"351\" \/><\/p>\n<h4>Dost\u0119pno\u015b\u0107 bezc\u0142owa: Zaleta dla konsumenta<\/h4>\n<p>Wyj\u0105tkow\u0105 cech\u0105 e-papierosa WASPE-12000 jest jego dost\u0119pno\u015b\u0107 bezc\u0142owa w Polsce. Czyni to go szczeg\u00f3lnie atrakcyjnym wyborem dla vapist\u00f3w poszukuj\u0105cych wysokiej jako\u015bci produktu w konkurencyjnej cenie. Bezc\u0142owa dost\u0119pno\u015b\u0107 daje konsumentom mo\u017cliwo\u015b\u0107 cieszenia si\u0119 najwy\u017cszej klasy do\u015bwiadczeniem vapowania bez obaw o dodatkowe koszty celne lub wysokie podatki. Dla sprzedawc\u00f3w stanowi to szans\u0119 na oferowanie po\u017c\u0105danych i korzystnych cenowo produkt\u00f3w.<\/p>\n<p>Z orze\u017awiaj\u0105cym smakiem BLUE RAZZ ICE i zaawansowan\u0105 technologi\u0105, e-papieros WASPE-12000 to doskona\u0142y wyb\u00f3r dla vapist\u00f3w poszukuj\u0105cych d\u0142ugotrwa\u0142ego i wysokiej jako\u015bci do\u015bwiadczenia vapowania. Ten model \u0142\u0105czy wy\u015bmienity smak z funkcjonalno\u015bci\u0105 i stanowi idealne rozwi\u0105zanie do codziennego vapowania.<\/p>","protected":false},"excerpt":{"rendered":"<p>WASPE-12000 E-Zigarette: Erfrischender Genuss mit BLUE RAZZ ICE Die WASPE-12000 E-Zigarette kombiniert hohe Leistungsf\u00e4higkeit mit einem erfrischenden Geschmackserlebnis durch die beliebte Geschmacksrichtung BLUE RAZZ ICE. Diese zollfreie E-Zigarette ist f\u00fcr Dampfer konzipiert, die sowohl auf einen intensiven Geschmack als auch auf lange Nutzungsdauer Wert legen. Mit ihrer beeindruckenden Kapazit\u00e4t und fortschrittlichen Technik ist die WASPE-12000 [&hellip;]<\/p>","protected":false},"featured_media":13992,"template":"","meta":{"inline_featured_image":false},"product_cat":[15,78,735,746,741,733,744,755,738,751,722],"product_tag":[710,673],"tiered_pricing_type":"fixed","tiered_pricing_fixed_rules":{"110":"6.83","200":"6.07","500":"5.31"},"tiered_pricing_percentage_rules":[],"tiered_pricing_minimum":1,"_administrator_tiered_pricing_type":"fixed","_administrator_tiered_pricing_fixed_rules":[],"_editor_tiered_pricing_type":"fixed","_editor_tiered_pricing_fixed_rules":[],"_author_tiered_pricing_type":"fixed","_author_tiered_pricing_fixed_rules":[],"_contributor_tiered_pricing_type":"fixed","_contributor_tiered_pricing_fixed_rules":[],"_subscriber_tiered_pricing_type":"fixed","_subscriber_tiered_pricing_fixed_rules":[],"_customer_tiered_pricing_type":"fixed","_customer_tiered_pricing_fixed_rules":[],"_shop_manager_tiered_pricing_type":"fixed","_shop_manager_tiered_pricing_fixed_rules":[],"_wpseo_manager_tiered_pricing_type":"fixed","_wpseo_manager_tiered_pricing_fixed_rules":[],"_wpseo_editor_tiered_pricing_type":"fixed","_wpseo_editor_tiered_pricing_fixed_rules":[],"_wholesale_customer_tiered_pricing_type":"fixed","_wholesale_customer_tiered_pricing_fixed_rules":[],"_marketer_tiered_pricing_type":"fixed","_marketer_tiered_pricing_fixed_rules":[],"_sales_manager_tiered_pricing_type":"fixed","_sales_manager_tiered_pricing_fixed_rules":[],"_sales_rep_tiered_pricing_type":"fixed","_sales_rep_tiered_pricing_fixed_rules":[],"yoast_head":"<!-- This site is optimized with the Yoast SEO plugin v23.3 - https:\/\/yoast.com\/wordpress\/plugins\/seo\/ -->\n<title>WASPE 12000 Puffs E-Zigarette Zollfrei 20 ml BLUE RAZZ ICE 12000 Z\u00fcge 650 mAh Akku Typ-C | ElementVape.de<\/title>\n<meta name=\"description\" content=\"Wir bieten WASPE 12000 Puffs E-Zigarette Zollfrei 20 ml BLUE RAZZ ICE 12000 Z\u00fcge 650 mAh Akku Typ-C , Elementvape.de akzeptieren Gro\u00df-und Einzelhandel Bestellungen.\" \/>\n<meta name=\"robots\" content=\"index, follow, max-snippet:-1, max-image-preview:large, max-video-preview:-1\" \/>\n<link rel=\"canonical\" href=\"https:\/\/www.elementvape.de\/pl\/produkt\/waspe-12000-puffs-e-zigarette-zollfrei-20-ml-blue-razz-ice-12000-zuege-650-mah-akku-typ-c\/\" \/>\n<meta property=\"og:locale\" content=\"pl_PL\" \/>\n<meta property=\"og:type\" content=\"article\" \/>\n<meta property=\"og:title\" content=\"WASPE 12000 Puffs E-Zigarette Zollfrei 20 ml BLUE RAZZ ICE 12000 Z\u00fcge 650 mAh Akku Typ-C | ElementVape.de\" \/>\n<meta property=\"og:description\" content=\"Wir bieten WASPE 12000 Puffs E-Zigarette Zollfrei 20 ml BLUE RAZZ ICE 12000 Z\u00fcge 650 mAh Akku Typ-C , Elementvape.de akzeptieren Gro\u00df-und Einzelhandel Bestellungen.\" \/>\n<meta property=\"og:url\" content=\"https:\/\/www.elementvape.de\/pl\/produkt\/waspe-12000-puffs-e-zigarette-zollfrei-20-ml-blue-razz-ice-12000-zuege-650-mah-akku-typ-c\/\" \/>\n<meta property=\"og:site_name\" content=\"ElementVape.de\" \/>\n<meta property=\"article:modified_time\" content=\"2024-10-16T02:48:22+00:00\" \/>\n<meta property=\"og:image\" content=\"https:\/\/www.elementvape.de\/wp-content\/uploads\/2024\/08\/BLUE-RAZZ-ICE.jpg\" \/>\n\t<meta property=\"og:image:width\" content=\"2500\" \/>\n\t<meta property=\"og:image:height\" content=\"1500\" \/>\n\t<meta property=\"og:image:type\" content=\"image\/jpeg\" \/>\n<meta name=\"twitter:card\" content=\"summary_large_image\" \/>\n<meta name=\"twitter:label1\" content=\"Est. reading time\" \/>\n\t<meta name=\"twitter:data1\" content=\"3 minuty\" \/>\n<script type=\"application\/ld+json\" class=\"yoast-schema-graph\">{\"@context\":\"https:\/\/schema.org\",\"@graph\":[{\"@type\":\"WebPage\",\"@id\":\"https:\/\/www.elementvape.de\/ro\/produkt\/waspe-12000-puffs-e-zigarette-zollfrei-20-ml-blue-razz-ice-12000-zuege-650-mah-akku-typ-c\/\",\"url\":\"https:\/\/www.elementvape.de\/ro\/produkt\/waspe-12000-puffs-e-zigarette-zollfrei-20-ml-blue-razz-ice-12000-zuege-650-mah-akku-typ-c\/\",\"name\":\"WASPE 12000 Puffs E-Zigarette Zollfrei 20 ml BLUE RAZZ ICE 12000 Z\u00fcge 650 mAh Akku Typ-C | ElementVape.de\",\"isPartOf\":{\"@id\":\"https:\/\/www.elementvape.de\/#website\"},\"primaryImageOfPage\":{\"@id\":\"https:\/\/www.elementvape.de\/ro\/produkt\/waspe-12000-puffs-e-zigarette-zollfrei-20-ml-blue-razz-ice-12000-zuege-650-mah-akku-typ-c\/#primaryimage\"},\"image\":{\"@id\":\"https:\/\/www.elementvape.de\/ro\/produkt\/waspe-12000-puffs-e-zigarette-zollfrei-20-ml-blue-razz-ice-12000-zuege-650-mah-akku-typ-c\/#primaryimage\"},\"thumbnailUrl\":\"https:\/\/www.elementvape.de\/wp-content\/uploads\/2024\/08\/BLUE-RAZZ-ICE.jpg\",\"datePublished\":\"2024-08-23T08:03:49+00:00\",\"dateModified\":\"2024-10-16T02:48:22+00:00\",\"description\":\"Wir bieten WASPE 12000 Puffs E-Zigarette Zollfrei 20 ml BLUE RAZZ ICE 12000 Z\u00fcge 650 mAh Akku Typ-C , Elementvape.de akzeptieren Gro\u00df-und Einzelhandel Bestellungen.\",\"breadcrumb\":{\"@id\":\"https:\/\/www.elementvape.de\/ro\/produkt\/waspe-12000-puffs-e-zigarette-zollfrei-20-ml-blue-razz-ice-12000-zuege-650-mah-akku-typ-c\/#breadcrumb\"},\"inLanguage\":\"pl-PL\",\"potentialAction\":[{\"@type\":\"ReadAction\",\"target\":[\"https:\/\/www.elementvape.de\/ro\/produkt\/waspe-12000-puffs-e-zigarette-zollfrei-20-ml-blue-razz-ice-12000-zuege-650-mah-akku-typ-c\/\"]}]},{\"@type\":\"ImageObject\",\"inLanguage\":\"pl-PL\",\"@id\":\"https:\/\/www.elementvape.de\/ro\/produkt\/waspe-12000-puffs-e-zigarette-zollfrei-20-ml-blue-razz-ice-12000-zuege-650-mah-akku-typ-c\/#primaryimage\",\"url\":\"https:\/\/www.elementvape.de\/wp-content\/uploads\/2024\/08\/BLUE-RAZZ-ICE.jpg\",\"contentUrl\":\"https:\/\/www.elementvape.de\/wp-content\/uploads\/2024\/08\/BLUE-RAZZ-ICE.jpg\",\"width\":2500,\"height\":1500,\"caption\":\"BLUE RAZZ ICE\"},{\"@type\":\"BreadcrumbList\",\"@id\":\"https:\/\/www.elementvape.de\/ro\/produkt\/waspe-12000-puffs-e-zigarette-zollfrei-20-ml-blue-razz-ice-12000-zuege-650-mah-akku-typ-c\/#breadcrumb\",\"itemListElement\":[{\"@type\":\"ListItem\",\"position\":1,\"name\":\"Home\",\"item\":\"https:\/\/www.elementvape.de\/\"},{\"@type\":\"ListItem\",\"position\":2,\"name\":\"Shop\",\"item\":\"https:\/\/www.elementvape.de\/shop\/\"},{\"@type\":\"ListItem\",\"position\":3,\"name\":\"WASPE 12000 Puffs E-Zigarette Zollfrei 20 ml BLUE RAZZ ICE 12000 Z\u00fcge 650 mAh Akku Typ-C\"}]},{\"@type\":\"WebSite\",\"@id\":\"https:\/\/www.elementvape.de\/#website\",\"url\":\"https:\/\/www.elementvape.de\/\",\"name\":\"ElementVape.de\",\"description\":\"\",\"publisher\":{\"@id\":\"https:\/\/www.elementvape.de\/#organization\"},\"potentialAction\":[{\"@type\":\"SearchAction\",\"target\":{\"@type\":\"EntryPoint\",\"urlTemplate\":\"https:\/\/www.elementvape.de\/?s={search_term_string}\"},\"query-input\":\"required name=search_term_string\"}],\"inLanguage\":\"pl-PL\"},{\"@type\":\"Organization\",\"@id\":\"https:\/\/www.elementvape.de\/#organization\",\"name\":\"ElementVape.DE\",\"url\":\"https:\/\/www.elementvape.de\/\",\"logo\":{\"@type\":\"ImageObject\",\"inLanguage\":\"pl-PL\",\"@id\":\"https:\/\/www.elementvape.de\/#\/schema\/logo\/image\/\",\"url\":\"https:\/\/www.elementvape.de\/wp-content\/uploads\/2024\/09\/cropped-1elementvape-3.png\",\"contentUrl\":\"https:\/\/www.elementvape.de\/wp-content\/uploads\/2024\/09\/cropped-1elementvape-3.png\",\"width\":285,\"height\":228,\"caption\":\"ElementVape.DE\"},\"image\":{\"@id\":\"https:\/\/www.elementvape.de\/#\/schema\/logo\/image\/\"}}]}<\/script>\n<!-- \/ Yoast SEO plugin. -->","yoast_head_json":{"title":"WASPE 12000 Puffs E-Zigarette Zollfrei 20 ml BLUE RAZZ ICE 12000 Z\u00fcge 650 mAh Akku Typ-C | ElementVape.de","description":"Wir bieten WASPE 12000 Puffs E-Zigarette Zollfrei 20 ml BLUE RAZZ ICE 12000 Z\u00fcge 650 mAh Akku Typ-C , Elementvape.de akzeptieren Gro\u00df-und Einzelhandel Bestellungen.","robots":{"index":"index","follow":"follow","max-snippet":"max-snippet:-1","max-image-preview":"max-image-preview:large","max-video-preview":"max-video-preview:-1"},"canonical":"https:\/\/www.elementvape.de\/pl\/produkt\/waspe-12000-puffs-e-zigarette-zollfrei-20-ml-blue-razz-ice-12000-zuege-650-mah-akku-typ-c\/","og_locale":"pl_PL","og_type":"article","og_title":"WASPE 12000 Puffs E-Zigarette Zollfrei 20 ml BLUE RAZZ ICE 12000 Z\u00fcge 650 mAh Akku Typ-C | ElementVape.de","og_description":"Wir bieten WASPE 12000 Puffs E-Zigarette Zollfrei 20 ml BLUE RAZZ ICE 12000 Z\u00fcge 650 mAh Akku Typ-C , Elementvape.de akzeptieren Gro\u00df-und Einzelhandel Bestellungen.","og_url":"https:\/\/www.elementvape.de\/pl\/produkt\/waspe-12000-puffs-e-zigarette-zollfrei-20-ml-blue-razz-ice-12000-zuege-650-mah-akku-typ-c\/","og_site_name":"ElementVape.de","article_modified_time":"2024-10-16T02:48:22+00:00","og_image":[{"width":2500,"height":1500,"url":"https:\/\/www.elementvape.de\/wp-content\/uploads\/2024\/08\/BLUE-RAZZ-ICE.jpg","type":"image\/jpeg"}],"twitter_card":"summary_large_image","twitter_misc":{"Est. reading time":"3 minuty"},"schema":{"@context":"https:\/\/schema.org","@graph":[{"@type":"WebPage","@id":"https:\/\/www.elementvape.de\/ro\/produkt\/waspe-12000-puffs-e-zigarette-zollfrei-20-ml-blue-razz-ice-12000-zuege-650-mah-akku-typ-c\/","url":"https:\/\/www.elementvape.de\/ro\/produkt\/waspe-12000-puffs-e-zigarette-zollfrei-20-ml-blue-razz-ice-12000-zuege-650-mah-akku-typ-c\/","name":"WASPE 12000 Puffs E-Zigarette Zollfrei 20 ml BLUE RAZZ ICE 12000 Z\u00fcge 650 mAh Akku Typ-C | ElementVape.de","isPartOf":{"@id":"https:\/\/www.elementvape.de\/#website"},"primaryImageOfPage":{"@id":"https:\/\/www.elementvape.de\/ro\/produkt\/waspe-12000-puffs-e-zigarette-zollfrei-20-ml-blue-razz-ice-12000-zuege-650-mah-akku-typ-c\/#primaryimage"},"image":{"@id":"https:\/\/www.elementvape.de\/ro\/produkt\/waspe-12000-puffs-e-zigarette-zollfrei-20-ml-blue-razz-ice-12000-zuege-650-mah-akku-typ-c\/#primaryimage"},"thumbnailUrl":"https:\/\/www.elementvape.de\/wp-content\/uploads\/2024\/08\/BLUE-RAZZ-ICE.jpg","datePublished":"2024-08-23T08:03:49+00:00","dateModified":"2024-10-16T02:48:22+00:00","description":"Wir bieten WASPE 12000 Puffs E-Zigarette Zollfrei 20 ml BLUE RAZZ ICE 12000 Z\u00fcge 650 mAh Akku Typ-C , Elementvape.de akzeptieren Gro\u00df-und Einzelhandel Bestellungen.","breadcrumb":{"@id":"https:\/\/www.elementvape.de\/ro\/produkt\/waspe-12000-puffs-e-zigarette-zollfrei-20-ml-blue-razz-ice-12000-zuege-650-mah-akku-typ-c\/#breadcrumb"},"inLanguage":"pl-PL","potentialAction":[{"@type":"ReadAction","target":["https:\/\/www.elementvape.de\/ro\/produkt\/waspe-12000-puffs-e-zigarette-zollfrei-20-ml-blue-razz-ice-12000-zuege-650-mah-akku-typ-c\/"]}]},{"@type":"ImageObject","inLanguage":"pl-PL","@id":"https:\/\/www.elementvape.de\/ro\/produkt\/waspe-12000-puffs-e-zigarette-zollfrei-20-ml-blue-razz-ice-12000-zuege-650-mah-akku-typ-c\/#primaryimage","url":"https:\/\/www.elementvape.de\/wp-content\/uploads\/2024\/08\/BLUE-RAZZ-ICE.jpg","contentUrl":"https:\/\/www.elementvape.de\/wp-content\/uploads\/2024\/08\/BLUE-RAZZ-ICE.jpg","width":2500,"height":1500,"caption":"BLUE RAZZ ICE"},{"@type":"BreadcrumbList","@id":"https:\/\/www.elementvape.de\/ro\/produkt\/waspe-12000-puffs-e-zigarette-zollfrei-20-ml-blue-razz-ice-12000-zuege-650-mah-akku-typ-c\/#breadcrumb","itemListElement":[{"@type":"ListItem","position":1,"name":"Home","item":"https:\/\/www.elementvape.de\/"},{"@type":"ListItem","position":2,"name":"Shop","item":"https:\/\/www.elementvape.de\/shop\/"},{"@type":"ListItem","position":3,"name":"WASPE 12000 Puffs E-Zigarette Zollfrei 20 ml BLUE RAZZ ICE 12000 Z\u00fcge 650 mAh Akku Typ-C"}]},{"@type":"WebSite","@id":"https:\/\/www.elementvape.de\/#website","url":"https:\/\/www.elementvape.de\/","name":"ElementVape.de","description":"","publisher":{"@id":"https:\/\/www.elementvape.de\/#organization"},"potentialAction":[{"@type":"SearchAction","target":{"@type":"EntryPoint","urlTemplate":"https:\/\/www.elementvape.de\/?s={search_term_string}"},"query-input":"required name=search_term_string"}],"inLanguage":"pl-PL"},{"@type":"Organization","@id":"https:\/\/www.elementvape.de\/#organization","name":"ElementVape.DE","url":"https:\/\/www.elementvape.de\/","logo":{"@type":"ImageObject","inLanguage":"pl-PL","@id":"https:\/\/www.elementvape.de\/#\/schema\/logo\/image\/","url":"https:\/\/www.elementvape.de\/wp-content\/uploads\/2024\/09\/cropped-1elementvape-3.png","contentUrl":"https:\/\/www.elementvape.de\/wp-content\/uploads\/2024\/09\/cropped-1elementvape-3.png","width":285,"height":228,"caption":"ElementVape.DE"},"image":{"@id":"https:\/\/www.elementvape.de\/#\/schema\/logo\/image\/"}}]}},"_links":{"self":[{"href":"https:\/\/www.elementvape.de\/pl\/wp-json\/wp\/v2\/product\/13991"}],"collection":[{"href":"https:\/\/www.elementvape.de\/pl\/wp-json\/wp\/v2\/product"}],"about":[{"href":"https:\/\/www.elementvape.de\/pl\/wp-json\/wp\/v2\/types\/product"}],"wp:featuredmedia":[{"embeddable":true,"href":"https:\/\/www.elementvape.de\/pl\/wp-json\/wp\/v2\/media\/13992"}],"wp:attachment":[{"href":"https:\/\/www.elementvape.de\/pl\/wp-json\/wp\/v2\/media?parent=13991"}],"wp:term":[{"taxonomy":"product_cat","embeddable":true,"href":"https:\/\/www.elementvape.de\/pl\/wp-json\/wp\/v2\/product_cat?post=13991"},{"taxonomy":"product_tag","embeddable":true,"href":"https:\/\/www.elementvape.de\/pl\/wp-json\/wp\/v2\/product_tag?post=13991"}],"curies":[{"name":"wp","href":"https:\/\/api.w.org\/{rel}","templated":true}]}}