{"id":13913,"date":"2024-08-21T08:54:53","date_gmt":"2024-08-21T08:54:53","guid":{"rendered":"https:\/\/www.elementvape.de\/?post_type=product&#038;p=13913"},"modified":"2024-12-12T06:34:13","modified_gmt":"2024-12-12T06:34:13","slug":"waspe-blueberry-on-ice-12000-puffs-coole-led-lichter-premium-e-zigarette-grosshandelspreis","status":"publish","type":"product","link":"https:\/\/www.elementvape.de\/pl\/produkt\/waspe-blueberry-on-ice-12000-puffs-coole-led-lichter-premium-e-zigarette-grosshandelspreis\/","title":{"rendered":"WASPE Blueberry on Ice 12000 Puffs Ch\u0142odne LED-\u015bwiat\u0142a Premium E-papieros Hurtowa cena"},"content":{"rendered":"<div class=\"flex-shrink-0 flex flex-col relative items-end\">\n<div>\n<div class=\"pt-0\">\n<div class=\"gizmo-bot-avatar flex h-8 w-8 items-center justify-center overflow-hidden rounded-full\"><\/div>\n<\/div>\n<\/div>\n<\/div>\n<div class=\"group\/conversation-turn relative flex w-full min-w-0 flex-col agent-turn\">\n<div class=\"flex-col gap-1 md:gap-3\">\n<div class=\"flex max-w-full flex-col flex-grow\">\n<div class=\"min-h-[20px] text-message flex w-full flex-col items-end gap-2 break-words [.text-message+&amp;]:mt-5 overflow-x-auto whitespace-pre-wrap\" dir=\"auto\" data-message-author-role=\"assistant\" data-message-id=\"11d7fef1-d317-43b6-983a-93d797aa558a\">\n<div class=\"flex w-full flex-col gap-1 empty:hidden first:pt-[3px]\">\n<div class=\"markdown prose w-full break-words dark:prose-invert light\">\n<h2><strong>Do\u015bwiadczenie smakowe: Blueberry on Ice dla owocowego, orze\u017awiaj\u0105cego smaku<\/strong><\/h2>\n<p>WASPE 12000 Puffs Blueberry on Ice <strong><a href=\"https:\/\/www.elementvape.de\/pl\/\" target=\"_blank\" rel=\"noopener\">E-papieros<\/a><\/strong> oferuje niezr\u00f3wnane doznania vapowania, \u0142\u0105cz\u0105c s\u0142odkie, soczyste nuty dojrza\u0142ych bor\u00f3wek z ch\u0142odnym, od\u015bwie\u017caj\u0105cym efektem mentolu. Ta doskona\u0142a harmonia owocowego aromatu i lodowej \u015bwie\u017co\u015bci sprawia, \u017ce ka\u017cdy zaci\u0105g to prawdziwa przyjemno\u015b\u0107. Intensywny smak bor\u00f3wki uzupe\u0142nia ch\u0142odz\u0105cy akcent mentolu, zapewniaj\u0105c pobudzaj\u0105ce i orze\u017awiaj\u0105ce do\u015bwiadczenie vapowania.<\/p>\n<h3>Dane techniczne: Wysoka moc i du\u017ca pojemno\u015b\u0107<\/h3>\n<p>Ta e-papieros umo\u017cliwia do 12 000 zaci\u0105gni\u0119\u0107 i posiada pojemno\u015b\u0107 20 ml e-liquid, co zapewnia d\u0142ugie sesje vapowania bez konieczno\u015bci cz\u0119stego uzupe\u0142niania. Wydajny akumulator 650 mAh gwarantuje niezawodne i d\u0142ugotrwa\u0142e zasilanie, a nowoczesne z\u0142\u0105cze Type-C umo\u017cliwia szybkie i efektywne \u0142adowanie. Mesh-Coil o oporno\u015bci 0,8 \u03a9 zapewnia r\u00f3wnomierne odparowywanie, podkre\u015blaj\u0105c intensywny smak Blueberry on Ice.<\/p>\n<h3>Stylowy design i innowacyjne funkcje<\/h3>\n<p>E-papieros WASPE Blueberry on Ice wyposa\u017cony jest w pod\u015bwietlenie RGB LED, kt\u00f3re nadaje nowoczesny i atrakcyjny wygl\u0105d. Te diody LED nie tylko zapewniaj\u0105 stylow\u0105 estetyk\u0119, ale s\u0105 tak\u017ce praktyczne, pokazuj\u0105c status pracy i poziom na\u0142adowania baterii. Z wag\u0105 zaledwie 82 g i kompaktowymi wymiarami 35 x 36 x 133,5 mm, e-papieros le\u017cy wygodnie w d\u0142oni i jest idealny do codziennego u\u017cytku oraz na wycieczki. Automatyczny system zaci\u0105gania sprawia, \u017ce obs\u0142uga jest wyj\u0105tkowo prosta \u2013 wystarczy zaci\u0105gn\u0105\u0107 si\u0119 i cieszy\u0107 si\u0119 smakiem.<\/p>\n<p>E-papieros WASPE 12000 Puffs Blueberry on Ice \u0142\u0105czy najwy\u017cszej klasy smak, nowoczesn\u0105 technologi\u0119 i stylowy design w atrakcyjnej cenie hurtowej. Niezale\u017cnie od tego, czy do u\u017cytku osobistego, czy jako produkt hurtowy \u2013 ten e-papieros zapewnia wyj\u0105tkowe doznania vapowania z orze\u017awiaj\u0105cym smakiem Blueberry-Menthol, kt\u00f3ry zachwyca zar\u00f3wno pod wzgl\u0119dem smaku, jak i wizualnym.<\/p>\n<hr \/>\n<table>\n<thead>\n<tr>\n<th><strong>W\u0142a\u015bciwo\u015bci<\/strong><\/th>\n<th><strong>Szczeg\u00f3\u0142y<\/strong><\/th>\n<\/tr>\n<\/thead>\n<tbody>\n<tr>\n<td>Smak<\/td>\n<td>Blueberry on Ice (Bor\u00f3wka i Mentol)<\/td>\n<\/tr>\n<tr>\n<td>Liczba zaci\u0105gni\u0119\u0107<\/td>\n<td>12.000<\/td>\n<\/tr>\n<tr>\n<td>Pojemno\u015b\u0107 e-liquid<\/td>\n<td>20 ml<\/td>\n<\/tr>\n<tr>\n<td>N-Zawarto\u015b\u0107<\/td>\n<td>2% , 5%<\/td>\n<\/tr>\n<tr>\n<td>Pojemno\u015b\u0107 akumulatora<\/td>\n<td>650 mAh<\/td>\n<\/tr>\n<tr>\n<td>\u0141adowanie<\/td>\n<td>Type-C<\/td>\n<\/tr>\n<tr>\n<td>Pod\u015bwietlenie<\/td>\n<td>RGB LED<\/td>\n<\/tr>\n<tr>\n<td>Op\u00f3r grza\u0142ki<\/td>\n<td>Mesh-Coil 0,8 \u03a9<\/td>\n<\/tr>\n<tr>\n<td>Aktywacja<\/td>\n<td>Automatyczny zaci\u0105g<\/td>\n<\/tr>\n<tr>\n<td>Pojemnik na liquid<\/td>\n<td>14 ml<\/td>\n<\/tr>\n<tr>\n<td>Op\u00f3r drutu grzewczego<\/td>\n<td>Mesh-J\u0105dro 1,0 \u03a9<\/td>\n<\/tr>\n<tr>\n<td>Waga produktu<\/td>\n<td>82 g<\/td>\n<\/tr>\n<tr>\n<td>Rozmiar produktu<\/td>\n<td>35 x 36 x 133,5 mm<\/td>\n<\/tr>\n<\/tbody>\n<\/table>\n<\/div>\n<\/div>\n<\/div>\n<\/div>\n<\/div>\n<\/div>","protected":false},"excerpt":{"rendered":"<p>Geschmackserlebnis: Blueberry on Ice f\u00fcr einen fruchtig-frischen Genuss Die WASPE 12000 Puffs Blueberry on Ice E-Zigarette bietet ein unvergleichliches Dampferlebnis, das die s\u00fc\u00dfen, saftigen Noten von reifen Blaubeeren mit einem k\u00fchlen, erfrischenden Menthol-Effekt kombiniert. Diese perfekte Harmonie aus fruchtigem Aroma und eisiger Frische macht jeden Zug zu einem wahren Genuss. Die intensive Blaubeer-Note wird durch [&hellip;]<\/p>","protected":false},"featured_media":13914,"template":"","meta":{"inline_featured_image":false},"product_cat":[15,78,735,746,741,733,744,755,738,751,732,722],"product_tag":[710,673],"tiered_pricing_type":"fixed","tiered_pricing_fixed_rules":{"110":"6.75","200":"6.00","500":"5.25"},"tiered_pricing_percentage_rules":[],"tiered_pricing_minimum":1,"_administrator_tiered_pricing_type":"fixed","_administrator_tiered_pricing_fixed_rules":[],"_editor_tiered_pricing_type":"fixed","_editor_tiered_pricing_fixed_rules":[],"_author_tiered_pricing_type":"fixed","_author_tiered_pricing_fixed_rules":[],"_contributor_tiered_pricing_type":"fixed","_contributor_tiered_pricing_fixed_rules":[],"_subscriber_tiered_pricing_type":"fixed","_subscriber_tiered_pricing_fixed_rules":[],"_customer_tiered_pricing_type":"fixed","_customer_tiered_pricing_fixed_rules":[],"_shop_manager_tiered_pricing_type":"fixed","_shop_manager_tiered_pricing_fixed_rules":[],"_wpseo_manager_tiered_pricing_type":"fixed","_wpseo_manager_tiered_pricing_fixed_rules":[],"_wpseo_editor_tiered_pricing_type":"fixed","_wpseo_editor_tiered_pricing_fixed_rules":[],"_wholesale_customer_tiered_pricing_type":"fixed","_wholesale_customer_tiered_pricing_fixed_rules":[],"_marketer_tiered_pricing_type":"fixed","_marketer_tiered_pricing_fixed_rules":[],"_sales_manager_tiered_pricing_type":"fixed","_sales_manager_tiered_pricing_fixed_rules":[],"_sales_rep_tiered_pricing_type":"fixed","_sales_rep_tiered_pricing_fixed_rules":[],"yoast_head":"<!-- This site is optimized with the Yoast SEO plugin v23.3 - https:\/\/yoast.com\/wordpress\/plugins\/seo\/ -->\n<title>WASPE Blueberry on Ice 12000 Puffs Coole LED-Lichter Premium E-Zigarette Gro\u00dfhandelspreis | ElementVape.de<\/title>\n<meta name=\"description\" content=\"Wir bieten WASPE Blueberry on Ice 12000 Puffs Coole LED-Lichter Premium E-Zigarette Gro\u00dfhandelspreis , Elementvape.de akzeptieren Gro\u00df-und Einzelhandel Bestellungen.\" \/>\n<meta name=\"robots\" content=\"index, follow, max-snippet:-1, max-image-preview:large, max-video-preview:-1\" \/>\n<link rel=\"canonical\" href=\"https:\/\/www.elementvape.de\/pl\/produkt\/waspe-blueberry-on-ice-12000-puffs-coole-led-lichter-premium-e-zigarette-grosshandelspreis\/\" \/>\n<meta property=\"og:locale\" content=\"pl_PL\" \/>\n<meta property=\"og:type\" content=\"article\" \/>\n<meta property=\"og:title\" content=\"WASPE Blueberry on Ice 12000 Puffs Coole LED-Lichter Premium E-Zigarette Gro\u00dfhandelspreis | ElementVape.de\" \/>\n<meta property=\"og:description\" content=\"Wir bieten WASPE Blueberry on Ice 12000 Puffs Coole LED-Lichter Premium E-Zigarette Gro\u00dfhandelspreis , Elementvape.de akzeptieren Gro\u00df-und Einzelhandel Bestellungen.\" \/>\n<meta property=\"og:url\" content=\"https:\/\/www.elementvape.de\/pl\/produkt\/waspe-blueberry-on-ice-12000-puffs-coole-led-lichter-premium-e-zigarette-grosshandelspreis\/\" \/>\n<meta property=\"og:site_name\" content=\"ElementVape.de\" \/>\n<meta property=\"article:modified_time\" content=\"2024-12-12T06:34:13+00:00\" \/>\n<meta property=\"og:image\" content=\"https:\/\/www.elementvape.de\/wp-content\/uploads\/2024\/08\/Blueberry-on-Ice.jpg\" \/>\n\t<meta property=\"og:image:width\" content=\"2000\" \/>\n\t<meta property=\"og:image:height\" content=\"2000\" \/>\n\t<meta property=\"og:image:type\" content=\"image\/jpeg\" \/>\n<meta name=\"twitter:card\" content=\"summary_large_image\" \/>\n<meta name=\"twitter:label1\" content=\"Est. reading time\" \/>\n\t<meta name=\"twitter:data1\" content=\"3 minuty\" \/>\n<script type=\"application\/ld+json\" class=\"yoast-schema-graph\">{\"@context\":\"https:\/\/schema.org\",\"@graph\":[{\"@type\":\"WebPage\",\"@id\":\"https:\/\/www.elementvape.de\/ro\/produkt\/waspe-blueberry-on-ice-12000-puffs-coole-led-lichter-premium-e-zigarette-grosshandelspreis\/\",\"url\":\"https:\/\/www.elementvape.de\/ro\/produkt\/waspe-blueberry-on-ice-12000-puffs-coole-led-lichter-premium-e-zigarette-grosshandelspreis\/\",\"name\":\"WASPE Blueberry on Ice 12000 Puffs Coole LED-Lichter Premium E-Zigarette Gro\u00dfhandelspreis | ElementVape.de\",\"isPartOf\":{\"@id\":\"https:\/\/www.elementvape.de\/#website\"},\"primaryImageOfPage\":{\"@id\":\"https:\/\/www.elementvape.de\/ro\/produkt\/waspe-blueberry-on-ice-12000-puffs-coole-led-lichter-premium-e-zigarette-grosshandelspreis\/#primaryimage\"},\"image\":{\"@id\":\"https:\/\/www.elementvape.de\/ro\/produkt\/waspe-blueberry-on-ice-12000-puffs-coole-led-lichter-premium-e-zigarette-grosshandelspreis\/#primaryimage\"},\"thumbnailUrl\":\"https:\/\/www.elementvape.de\/wp-content\/uploads\/2024\/08\/Blueberry-on-Ice.jpg\",\"datePublished\":\"2024-08-21T08:54:53+00:00\",\"dateModified\":\"2024-12-12T06:34:13+00:00\",\"description\":\"Wir bieten WASPE Blueberry on Ice 12000 Puffs Coole LED-Lichter Premium E-Zigarette Gro\u00dfhandelspreis , Elementvape.de akzeptieren Gro\u00df-und Einzelhandel Bestellungen.\",\"breadcrumb\":{\"@id\":\"https:\/\/www.elementvape.de\/ro\/produkt\/waspe-blueberry-on-ice-12000-puffs-coole-led-lichter-premium-e-zigarette-grosshandelspreis\/#breadcrumb\"},\"inLanguage\":\"pl-PL\",\"potentialAction\":[{\"@type\":\"ReadAction\",\"target\":[\"https:\/\/www.elementvape.de\/ro\/produkt\/waspe-blueberry-on-ice-12000-puffs-coole-led-lichter-premium-e-zigarette-grosshandelspreis\/\"]}]},{\"@type\":\"ImageObject\",\"inLanguage\":\"pl-PL\",\"@id\":\"https:\/\/www.elementvape.de\/ro\/produkt\/waspe-blueberry-on-ice-12000-puffs-coole-led-lichter-premium-e-zigarette-grosshandelspreis\/#primaryimage\",\"url\":\"https:\/\/www.elementvape.de\/wp-content\/uploads\/2024\/08\/Blueberry-on-Ice.jpg\",\"contentUrl\":\"https:\/\/www.elementvape.de\/wp-content\/uploads\/2024\/08\/Blueberry-on-Ice.jpg\",\"width\":2000,\"height\":2000,\"caption\":\"Blueberry on Ice\"},{\"@type\":\"BreadcrumbList\",\"@id\":\"https:\/\/www.elementvape.de\/ro\/produkt\/waspe-blueberry-on-ice-12000-puffs-coole-led-lichter-premium-e-zigarette-grosshandelspreis\/#breadcrumb\",\"itemListElement\":[{\"@type\":\"ListItem\",\"position\":1,\"name\":\"Home\",\"item\":\"https:\/\/www.elementvape.de\/\"},{\"@type\":\"ListItem\",\"position\":2,\"name\":\"Shop\",\"item\":\"https:\/\/www.elementvape.de\/shop\/\"},{\"@type\":\"ListItem\",\"position\":3,\"name\":\"WASPE Blueberry on Ice 12000 Puffs Coole LED-Lichter Premium E-Zigarette Gro\u00dfhandelspreis\"}]},{\"@type\":\"WebSite\",\"@id\":\"https:\/\/www.elementvape.de\/#website\",\"url\":\"https:\/\/www.elementvape.de\/\",\"name\":\"ElementVape.de\",\"description\":\"\",\"publisher\":{\"@id\":\"https:\/\/www.elementvape.de\/#organization\"},\"potentialAction\":[{\"@type\":\"SearchAction\",\"target\":{\"@type\":\"EntryPoint\",\"urlTemplate\":\"https:\/\/www.elementvape.de\/?s={search_term_string}\"},\"query-input\":\"required name=search_term_string\"}],\"inLanguage\":\"pl-PL\"},{\"@type\":\"Organization\",\"@id\":\"https:\/\/www.elementvape.de\/#organization\",\"name\":\"ElementVape.DE\",\"url\":\"https:\/\/www.elementvape.de\/\",\"logo\":{\"@type\":\"ImageObject\",\"inLanguage\":\"pl-PL\",\"@id\":\"https:\/\/www.elementvape.de\/#\/schema\/logo\/image\/\",\"url\":\"https:\/\/www.elementvape.de\/wp-content\/uploads\/2024\/09\/cropped-1elementvape-3.png\",\"contentUrl\":\"https:\/\/www.elementvape.de\/wp-content\/uploads\/2024\/09\/cropped-1elementvape-3.png\",\"width\":285,\"height\":228,\"caption\":\"ElementVape.DE\"},\"image\":{\"@id\":\"https:\/\/www.elementvape.de\/#\/schema\/logo\/image\/\"}}]}<\/script>\n<!-- \/ Yoast SEO plugin. -->","yoast_head_json":{"title":"WASPE Blueberry on Ice 12000 Puffs Coole LED-Lichter Premium E-Zigarette Gro\u00dfhandelspreis | ElementVape.de","description":"Wir bieten WASPE Blueberry on Ice 12000 Puffs Coole LED-Lichter Premium E-Zigarette Gro\u00dfhandelspreis , Elementvape.de akzeptieren Gro\u00df-und Einzelhandel Bestellungen.","robots":{"index":"index","follow":"follow","max-snippet":"max-snippet:-1","max-image-preview":"max-image-preview:large","max-video-preview":"max-video-preview:-1"},"canonical":"https:\/\/www.elementvape.de\/pl\/produkt\/waspe-blueberry-on-ice-12000-puffs-coole-led-lichter-premium-e-zigarette-grosshandelspreis\/","og_locale":"pl_PL","og_type":"article","og_title":"WASPE Blueberry on Ice 12000 Puffs Coole LED-Lichter Premium E-Zigarette Gro\u00dfhandelspreis | ElementVape.de","og_description":"Wir bieten WASPE Blueberry on Ice 12000 Puffs Coole LED-Lichter Premium E-Zigarette Gro\u00dfhandelspreis , Elementvape.de akzeptieren Gro\u00df-und Einzelhandel Bestellungen.","og_url":"https:\/\/www.elementvape.de\/pl\/produkt\/waspe-blueberry-on-ice-12000-puffs-coole-led-lichter-premium-e-zigarette-grosshandelspreis\/","og_site_name":"ElementVape.de","article_modified_time":"2024-12-12T06:34:13+00:00","og_image":[{"width":2000,"height":2000,"url":"https:\/\/www.elementvape.de\/wp-content\/uploads\/2024\/08\/Blueberry-on-Ice.jpg","type":"image\/jpeg"}],"twitter_card":"summary_large_image","twitter_misc":{"Est. reading time":"3 minuty"},"schema":{"@context":"https:\/\/schema.org","@graph":[{"@type":"WebPage","@id":"https:\/\/www.elementvape.de\/ro\/produkt\/waspe-blueberry-on-ice-12000-puffs-coole-led-lichter-premium-e-zigarette-grosshandelspreis\/","url":"https:\/\/www.elementvape.de\/ro\/produkt\/waspe-blueberry-on-ice-12000-puffs-coole-led-lichter-premium-e-zigarette-grosshandelspreis\/","name":"WASPE Blueberry on Ice 12000 Puffs Coole LED-Lichter Premium E-Zigarette Gro\u00dfhandelspreis | ElementVape.de","isPartOf":{"@id":"https:\/\/www.elementvape.de\/#website"},"primaryImageOfPage":{"@id":"https:\/\/www.elementvape.de\/ro\/produkt\/waspe-blueberry-on-ice-12000-puffs-coole-led-lichter-premium-e-zigarette-grosshandelspreis\/#primaryimage"},"image":{"@id":"https:\/\/www.elementvape.de\/ro\/produkt\/waspe-blueberry-on-ice-12000-puffs-coole-led-lichter-premium-e-zigarette-grosshandelspreis\/#primaryimage"},"thumbnailUrl":"https:\/\/www.elementvape.de\/wp-content\/uploads\/2024\/08\/Blueberry-on-Ice.jpg","datePublished":"2024-08-21T08:54:53+00:00","dateModified":"2024-12-12T06:34:13+00:00","description":"Wir bieten WASPE Blueberry on Ice 12000 Puffs Coole LED-Lichter Premium E-Zigarette Gro\u00dfhandelspreis , Elementvape.de akzeptieren Gro\u00df-und Einzelhandel Bestellungen.","breadcrumb":{"@id":"https:\/\/www.elementvape.de\/ro\/produkt\/waspe-blueberry-on-ice-12000-puffs-coole-led-lichter-premium-e-zigarette-grosshandelspreis\/#breadcrumb"},"inLanguage":"pl-PL","potentialAction":[{"@type":"ReadAction","target":["https:\/\/www.elementvape.de\/ro\/produkt\/waspe-blueberry-on-ice-12000-puffs-coole-led-lichter-premium-e-zigarette-grosshandelspreis\/"]}]},{"@type":"ImageObject","inLanguage":"pl-PL","@id":"https:\/\/www.elementvape.de\/ro\/produkt\/waspe-blueberry-on-ice-12000-puffs-coole-led-lichter-premium-e-zigarette-grosshandelspreis\/#primaryimage","url":"https:\/\/www.elementvape.de\/wp-content\/uploads\/2024\/08\/Blueberry-on-Ice.jpg","contentUrl":"https:\/\/www.elementvape.de\/wp-content\/uploads\/2024\/08\/Blueberry-on-Ice.jpg","width":2000,"height":2000,"caption":"Blueberry on Ice"},{"@type":"BreadcrumbList","@id":"https:\/\/www.elementvape.de\/ro\/produkt\/waspe-blueberry-on-ice-12000-puffs-coole-led-lichter-premium-e-zigarette-grosshandelspreis\/#breadcrumb","itemListElement":[{"@type":"ListItem","position":1,"name":"Home","item":"https:\/\/www.elementvape.de\/"},{"@type":"ListItem","position":2,"name":"Shop","item":"https:\/\/www.elementvape.de\/shop\/"},{"@type":"ListItem","position":3,"name":"WASPE Blueberry on Ice 12000 Puffs Coole LED-Lichter Premium E-Zigarette Gro\u00dfhandelspreis"}]},{"@type":"WebSite","@id":"https:\/\/www.elementvape.de\/#website","url":"https:\/\/www.elementvape.de\/","name":"ElementVape.de","description":"","publisher":{"@id":"https:\/\/www.elementvape.de\/#organization"},"potentialAction":[{"@type":"SearchAction","target":{"@type":"EntryPoint","urlTemplate":"https:\/\/www.elementvape.de\/?s={search_term_string}"},"query-input":"required name=search_term_string"}],"inLanguage":"pl-PL"},{"@type":"Organization","@id":"https:\/\/www.elementvape.de\/#organization","name":"ElementVape.DE","url":"https:\/\/www.elementvape.de\/","logo":{"@type":"ImageObject","inLanguage":"pl-PL","@id":"https:\/\/www.elementvape.de\/#\/schema\/logo\/image\/","url":"https:\/\/www.elementvape.de\/wp-content\/uploads\/2024\/09\/cropped-1elementvape-3.png","contentUrl":"https:\/\/www.elementvape.de\/wp-content\/uploads\/2024\/09\/cropped-1elementvape-3.png","width":285,"height":228,"caption":"ElementVape.DE"},"image":{"@id":"https:\/\/www.elementvape.de\/#\/schema\/logo\/image\/"}}]}},"_links":{"self":[{"href":"https:\/\/www.elementvape.de\/pl\/wp-json\/wp\/v2\/product\/13913"}],"collection":[{"href":"https:\/\/www.elementvape.de\/pl\/wp-json\/wp\/v2\/product"}],"about":[{"href":"https:\/\/www.elementvape.de\/pl\/wp-json\/wp\/v2\/types\/product"}],"wp:featuredmedia":[{"embeddable":true,"href":"https:\/\/www.elementvape.de\/pl\/wp-json\/wp\/v2\/media\/13914"}],"wp:attachment":[{"href":"https:\/\/www.elementvape.de\/pl\/wp-json\/wp\/v2\/media?parent=13913"}],"wp:term":[{"taxonomy":"product_cat","embeddable":true,"href":"https:\/\/www.elementvape.de\/pl\/wp-json\/wp\/v2\/product_cat?post=13913"},{"taxonomy":"product_tag","embeddable":true,"href":"https:\/\/www.elementvape.de\/pl\/wp-json\/wp\/v2\/product_tag?post=13913"}],"curies":[{"name":"wp","href":"https:\/\/api.w.org\/{rel}","templated":true}]}}