{"id":13878,"date":"2024-08-20T06:10:36","date_gmt":"2024-08-20T06:10:36","guid":{"rendered":"https:\/\/www.elementvape.de\/?post_type=product&#038;p=13878"},"modified":"2024-12-12T06:34:28","modified_gmt":"2024-12-12T06:34:28","slug":"elf-shisha-16000-e-zigarette-der-fruchtig-kuehle-lush-ice-vape-fuer-heisse-tage-16000puffs","status":"publish","type":"product","link":"https:\/\/www.elementvape.de\/pl\/produkt\/elf-shisha-16000-e-zigarette-der-fruchtig-kuehle-lush-ice-vape-fuer-heisse-tage-16000puffs\/","title":{"rendered":"ELF SHISHA 16000 E-papieros. Owocowo-ch\u0142odny Lush Ice Vape na gor\u0105ce dni. 16000 PUFFS"},"content":{"rendered":"<div class=\"flex-shrink-0 flex flex-col relative items-end\">\n<div>\n<div class=\"pt-0\">\n<div class=\"gizmo-bot-avatar flex h-8 w-8 items-center justify-center overflow-hidden rounded-full\">\n<h2 class=\"relative p-1 rounded-sm flex items-center justify-center bg-token-main-surface-primary text-token-text-primary h-8 w-8\"><span style=\"font-size: 1.618em;\">Opis produktu dla Lush Ice ELF SHISHA 16000 Puffs<\/span><\/h2>\n<\/div>\n<\/div>\n<\/div>\n<\/div>\n<div class=\"group\/conversation-turn relative flex w-full min-w-0 flex-col agent-turn\">\n<div class=\"flex-col gap-1 md:gap-3\">\n<div class=\"flex max-w-full flex-col flex-grow\">\n<div class=\"min-h-[20px] text-message flex w-full flex-col items-end gap-2 whitespace-pre-wrap break-words [.text-message+&amp;]:mt-5 overflow-x-auto\" dir=\"auto\" data-message-author-role=\"assistant\" data-message-id=\"f610233d-ff2a-454f-9ba7-132652bbca68\">\n<div class=\"flex w-full flex-col gap-1 empty:hidden first:pt-[3px]\">\n<div class=\"markdown prose w-full break-words dark:prose-invert light\">\n<p>Lush Ice ELF SHISHA 16000 oferuje orze\u017awiaj\u0105ce i owocowe doznania smakowe, kt\u00f3re s\u0105 idealne na gor\u0105ce dni letnie. Ten aromat \u0142\u0105czy soczyst\u0105 s\u0142odycz dojrza\u0142ych arbuz\u00f3w z intensywnym ch\u0142odem lodu, co nadaje ka\u017cdemu zaci\u0105gni\u0119ciu orze\u017awiaj\u0105c\u0105 \u015bwie\u017co\u015b\u0107. Smak Lush Ice to harmonijne po\u0142\u0105czenie owocowej s\u0142odyczy i ch\u0142odz\u0105cej \u015bwie\u017co\u015bci, kt\u00f3re rozpieszcza zmys\u0142y i daje uczucie, jakby si\u0119 pi\u0142o mro\u017cony koktajl arbuzowy w gor\u0105cy dzie\u0144.<\/p>\n<p>Z ka\u017cdym zaci\u0105gni\u0119ciem Lush Ice <strong><a href=\"https:\/\/www.elementvape.de\/pl\/c\/elf-shisha-16000\/\" target=\"_blank\" rel=\"noopener\">ELF SHISHA 16000<\/a><\/strong> do\u015bwiadczysz fali \u015bwie\u017co\u015bci, kt\u00f3ra jest idealna, aby od\u015bwie\u017cy\u0107 si\u0119 w ciep\u0142e dni lub po prostu cieszy\u0107 si\u0119 owocowo-ch\u0142odnym smakiem przez ca\u0142y rok. To po\u0142\u0105czenie smak\u00f3w jest idealne dla tych, kt\u00f3rzy kochaj\u0105 owocowe aromaty i jednocze\u015bnie ceni\u0105 orze\u017awiaj\u0105cy efekt mentolu.<\/p>\n<h3>Najnowocze\u015bniejsza technologia i niezwyk\u0142a trwa\u0142o\u015b\u0107<\/h3>\n<p>Lush Ice ELF SHISHA 16000 to nie tylko wyb\u00f3r smakowy na najwy\u017cszym poziomie, ale tak\u017ce przekonuje zaawansowan\u0105 technologi\u0105. Z imponuj\u0105c\u0105 pojemno\u015bci\u0105 16 000 zaci\u0105gni\u0119\u0107, to urz\u0105dzenie zosta\u0142o zaprojektowane, aby s\u0142u\u017cy\u0107 d\u0142ugo i zapewni\u0107 Ci ci\u0105g\u0142e intensywne doznania parowania. Mesh-spirala o oporno\u015bci 0,6 Ohma zapewnia r\u00f3wnomiern\u0105 produkcj\u0119 pary, co pozwala w pe\u0142ni wydoby\u0107 aromat Lush Ice i tworzy\u0107 g\u0119ste, g\u0142adkie chmury.<\/p>\n<p>Wbudowany, wielokrotnie \u0142adowalny akumulator 18250\u2013600 mAh mo\u017cna wygodnie na\u0142adowa\u0107 przez port Typ-C, co zapewnia niezawodne i d\u0142ugotrwa\u0142e \u017ar\u00f3d\u0142o energii. Praktyczny wska\u017anik LED informuje o poziomie na\u0142adowania akumulatora, a regulowana ustawienie przep\u0142ywu powietrza pozwala dostosowa\u0107 zachowanie zaci\u0105gni\u0119cia do w\u0142asnych preferencji. Te funkcje czyni\u0105 Lush Ice ELF SHISHA 16000 urz\u0105dzeniem klasy premium dla palaczy, kt\u00f3rzy ceni\u0105 jako\u015b\u0107 i \u0142atwo\u015b\u0107 obs\u0142ugi.<\/p>\n<h3>Idealne na gor\u0105ce dni: orze\u017awiaj\u0105ca przyjemno\u015b\u0107 bez podatk\u00f3w<\/h3>\n<p>Z Lush Ice ELF SHISHA 16000 cieszysz si\u0119 nie tylko najwy\u017cszej jako\u015bci doznaniami smakowymi, ale tak\u017ce korzy\u015bciami z zakup\u00f3w bez podatku. Ten produkt premium oferuje wy\u015bmienity, owocowo-ch\u0142odny smak w atrakcyjnej cenie, poniewa\u017c jest dost\u0119pny bez c\u0142a. Szczeg\u00f3lnie w gor\u0105ce dni orze\u017awiaj\u0105cy efekt Lush Ice jest idealny, aby zapewni\u0107 sobie przyjemne och\u0142odzenie.<\/p>\n<p>Opakowanie jest przemy\u015blane i praktyczne, co u\u0142atwia transport i przechowywanie. Z 200 sztukami w kartonie i \u0142\u0105czn\u0105 wag\u0105 18,3 kg obs\u0142uga jest wydajna i prosta. Dzi\u0119ki kompaktowym wymiarom 30 x 125,5 mm i wadze zaledwie 85 g na sztuk\u0119, Lush Ice ELF SHISHA 16000 jest idealnym towarzyszem, aby m\u00f3c cieszy\u0107 si\u0119 owocowo-ch\u0142odnym orze\u017awieniem r\u00f3wnie\u017c w podr\u00f3\u017cy.<\/p>\n<p>Lush Ice ELF SHISHA 16000 to idealny bezc\u0142owy vape dla tych, kt\u00f3rzy w gor\u0105ce dni szukaj\u0105 orze\u017awiaj\u0105cego, owocowego do\u015bwiadczenia parowania. Dzi\u0119ki najnowocze\u015bniejszej technologii i doskona\u0142ej trwa\u0142o\u015bci mo\u017cesz cieszy\u0107 si\u0119 ch\u0142odnym, smakowitym doznaniem w ka\u017cdej chwili i miejscu.<\/p>\n<\/div>\n<\/div>\n<\/div>\n<\/div>\n<\/div>\n<\/div>","protected":false},"excerpt":{"rendered":"<p>Produktbeschreibung f\u00fcr Lush Ice ELF SHISHA 16000 Puffs Die Lush Ice ELF SHISHA 16000 bietet Ihnen ein erfrischendes und fruchtiges Geschmackserlebnis, das sich perfekt f\u00fcr hei\u00dfe Sommertage eignet. Dieses Aroma kombiniert die saftige S\u00fc\u00dfe von reifen Wassermelonen mit einer intensiven Eisk\u00fchle, die jedem Zug eine belebende Frische verleiht. Der Geschmack von Lush Ice ist eine [&hellip;]<\/p>","protected":false},"featured_media":13879,"template":"","meta":{"inline_featured_image":false},"product_cat":[15,78,747,740,734,753,719,732],"product_tag":[710,720],"tiered_pricing_type":"fixed","tiered_pricing_fixed_rules":{"110":"8.47","200":"7.53","500":"6.59"},"tiered_pricing_percentage_rules":[],"tiered_pricing_minimum":1,"_administrator_tiered_pricing_type":"fixed","_administrator_tiered_pricing_fixed_rules":[],"_editor_tiered_pricing_type":"fixed","_editor_tiered_pricing_fixed_rules":[],"_author_tiered_pricing_type":"fixed","_author_tiered_pricing_fixed_rules":[],"_contributor_tiered_pricing_type":"fixed","_contributor_tiered_pricing_fixed_rules":[],"_subscriber_tiered_pricing_type":"fixed","_subscriber_tiered_pricing_fixed_rules":[],"_customer_tiered_pricing_type":"fixed","_customer_tiered_pricing_fixed_rules":[],"_shop_manager_tiered_pricing_type":"fixed","_shop_manager_tiered_pricing_fixed_rules":[],"_wpseo_manager_tiered_pricing_type":"fixed","_wpseo_manager_tiered_pricing_fixed_rules":[],"_wpseo_editor_tiered_pricing_type":"fixed","_wpseo_editor_tiered_pricing_fixed_rules":[],"_wholesale_customer_tiered_pricing_type":"fixed","_wholesale_customer_tiered_pricing_fixed_rules":[],"_marketer_tiered_pricing_type":"fixed","_marketer_tiered_pricing_fixed_rules":[],"_sales_manager_tiered_pricing_type":"fixed","_sales_manager_tiered_pricing_fixed_rules":[],"_sales_rep_tiered_pricing_type":"fixed","_sales_rep_tiered_pricing_fixed_rules":[],"yoast_head":"<!-- This site is optimized with the Yoast SEO plugin v23.3 - https:\/\/yoast.com\/wordpress\/plugins\/seo\/ -->\n<title>ELF SHISHA 16000 E-Zigarette Der fruchtig-k\u00fchle Lush Ice Vape f\u00fcr hei\u00dfe Tage 16000PUFFS | ElementVape.de<\/title>\n<meta name=\"description\" content=\"Wir bieten ELF SHISHA 16000 E-Zigarette Der fruchtig-k\u00fchle Lush Ice Vape f\u00fcr hei\u00dfe Tage 16000PUFFS , Elementvape.de akzeptieren Gro\u00df-und Einzelhandel Bestellungen.\" \/>\n<meta name=\"robots\" content=\"index, follow, max-snippet:-1, max-image-preview:large, max-video-preview:-1\" \/>\n<link rel=\"canonical\" href=\"https:\/\/www.elementvape.de\/pl\/produkt\/elf-shisha-16000-e-zigarette-der-fruchtig-kuehle-lush-ice-vape-fuer-heisse-tage-16000puffs\/\" \/>\n<meta property=\"og:locale\" content=\"pl_PL\" \/>\n<meta property=\"og:type\" content=\"article\" \/>\n<meta property=\"og:title\" content=\"ELF SHISHA 16000 E-Zigarette Der fruchtig-k\u00fchle Lush Ice Vape f\u00fcr hei\u00dfe Tage 16000PUFFS | ElementVape.de\" \/>\n<meta property=\"og:description\" content=\"Wir bieten ELF SHISHA 16000 E-Zigarette Der fruchtig-k\u00fchle Lush Ice Vape f\u00fcr hei\u00dfe Tage 16000PUFFS , Elementvape.de akzeptieren Gro\u00df-und Einzelhandel Bestellungen.\" \/>\n<meta property=\"og:url\" content=\"https:\/\/www.elementvape.de\/pl\/produkt\/elf-shisha-16000-e-zigarette-der-fruchtig-kuehle-lush-ice-vape-fuer-heisse-tage-16000puffs\/\" \/>\n<meta property=\"og:site_name\" content=\"ElementVape.de\" \/>\n<meta property=\"article:modified_time\" content=\"2024-12-12T06:34:28+00:00\" \/>\n<meta property=\"og:image\" content=\"https:\/\/www.elementvape.de\/wp-content\/uploads\/2024\/08\/\u897f\u74dc\u51b02220000.png\" \/>\n\t<meta property=\"og:image:width\" content=\"1000\" \/>\n\t<meta property=\"og:image:height\" content=\"1000\" \/>\n\t<meta property=\"og:image:type\" content=\"image\/png\" \/>\n<meta name=\"twitter:card\" content=\"summary_large_image\" \/>\n<meta name=\"twitter:label1\" content=\"Est. reading time\" \/>\n\t<meta name=\"twitter:data1\" content=\"3 minuty\" \/>\n<script type=\"application\/ld+json\" class=\"yoast-schema-graph\">{\"@context\":\"https:\/\/schema.org\",\"@graph\":[{\"@type\":\"WebPage\",\"@id\":\"https:\/\/www.elementvape.de\/produkt\/elf-shisha-16000-e-zigarette-der-fruchtig-kuehle-lush-ice-vape-fuer-heisse-tage-16000puffs\/\",\"url\":\"https:\/\/www.elementvape.de\/produkt\/elf-shisha-16000-e-zigarette-der-fruchtig-kuehle-lush-ice-vape-fuer-heisse-tage-16000puffs\/\",\"name\":\"ELF SHISHA 16000 E-Zigarette Der fruchtig-k\u00fchle Lush Ice Vape f\u00fcr hei\u00dfe Tage 16000PUFFS | ElementVape.de\",\"isPartOf\":{\"@id\":\"https:\/\/www.elementvape.de\/#website\"},\"primaryImageOfPage\":{\"@id\":\"https:\/\/www.elementvape.de\/produkt\/elf-shisha-16000-e-zigarette-der-fruchtig-kuehle-lush-ice-vape-fuer-heisse-tage-16000puffs\/#primaryimage\"},\"image\":{\"@id\":\"https:\/\/www.elementvape.de\/produkt\/elf-shisha-16000-e-zigarette-der-fruchtig-kuehle-lush-ice-vape-fuer-heisse-tage-16000puffs\/#primaryimage\"},\"thumbnailUrl\":\"https:\/\/www.elementvape.de\/wp-content\/uploads\/2024\/08\/\u897f\u74dc\u51b02220000.png\",\"datePublished\":\"2024-08-20T06:10:36+00:00\",\"dateModified\":\"2024-12-12T06:34:28+00:00\",\"description\":\"Wir bieten ELF SHISHA 16000 E-Zigarette Der fruchtig-k\u00fchle Lush Ice Vape f\u00fcr hei\u00dfe Tage 16000PUFFS , Elementvape.de akzeptieren Gro\u00df-und Einzelhandel Bestellungen.\",\"breadcrumb\":{\"@id\":\"https:\/\/www.elementvape.de\/produkt\/elf-shisha-16000-e-zigarette-der-fruchtig-kuehle-lush-ice-vape-fuer-heisse-tage-16000puffs\/#breadcrumb\"},\"inLanguage\":\"pl-PL\",\"potentialAction\":[{\"@type\":\"ReadAction\",\"target\":[\"https:\/\/www.elementvape.de\/produkt\/elf-shisha-16000-e-zigarette-der-fruchtig-kuehle-lush-ice-vape-fuer-heisse-tage-16000puffs\/\"]}]},{\"@type\":\"ImageObject\",\"inLanguage\":\"pl-PL\",\"@id\":\"https:\/\/www.elementvape.de\/produkt\/elf-shisha-16000-e-zigarette-der-fruchtig-kuehle-lush-ice-vape-fuer-heisse-tage-16000puffs\/#primaryimage\",\"url\":\"https:\/\/www.elementvape.de\/wp-content\/uploads\/2024\/08\/\u897f\u74dc\u51b02220000.png\",\"contentUrl\":\"https:\/\/www.elementvape.de\/wp-content\/uploads\/2024\/08\/\u897f\u74dc\u51b02220000.png\",\"width\":1000,\"height\":1000,\"caption\":\"Lush ice\"},{\"@type\":\"BreadcrumbList\",\"@id\":\"https:\/\/www.elementvape.de\/produkt\/elf-shisha-16000-e-zigarette-der-fruchtig-kuehle-lush-ice-vape-fuer-heisse-tage-16000puffs\/#breadcrumb\",\"itemListElement\":[{\"@type\":\"ListItem\",\"position\":1,\"name\":\"Home\",\"item\":\"https:\/\/www.elementvape.de\/\"},{\"@type\":\"ListItem\",\"position\":2,\"name\":\"Shop\",\"item\":\"https:\/\/www.elementvape.de\/shop\/\"},{\"@type\":\"ListItem\",\"position\":3,\"name\":\"ELF SHISHA 16000 E-Zigarette Der fruchtig-k\u00fchle Lush Ice Vape f\u00fcr hei\u00dfe Tage 16000PUFFS\"}]},{\"@type\":\"WebSite\",\"@id\":\"https:\/\/www.elementvape.de\/#website\",\"url\":\"https:\/\/www.elementvape.de\/\",\"name\":\"ElementVape.de\",\"description\":\"\",\"publisher\":{\"@id\":\"https:\/\/www.elementvape.de\/#organization\"},\"potentialAction\":[{\"@type\":\"SearchAction\",\"target\":{\"@type\":\"EntryPoint\",\"urlTemplate\":\"https:\/\/www.elementvape.de\/?s={search_term_string}\"},\"query-input\":\"required name=search_term_string\"}],\"inLanguage\":\"pl-PL\"},{\"@type\":\"Organization\",\"@id\":\"https:\/\/www.elementvape.de\/#organization\",\"name\":\"ElementVape.DE\",\"url\":\"https:\/\/www.elementvape.de\/\",\"logo\":{\"@type\":\"ImageObject\",\"inLanguage\":\"pl-PL\",\"@id\":\"https:\/\/www.elementvape.de\/#\/schema\/logo\/image\/\",\"url\":\"https:\/\/www.elementvape.de\/wp-content\/uploads\/2024\/09\/cropped-1elementvape-3.png\",\"contentUrl\":\"https:\/\/www.elementvape.de\/wp-content\/uploads\/2024\/09\/cropped-1elementvape-3.png\",\"width\":285,\"height\":228,\"caption\":\"ElementVape.DE\"},\"image\":{\"@id\":\"https:\/\/www.elementvape.de\/#\/schema\/logo\/image\/\"}}]}<\/script>\n<!-- \/ Yoast SEO plugin. -->","yoast_head_json":{"title":"ELF SHISHA 16000 E-Zigarette Der fruchtig-k\u00fchle Lush Ice Vape f\u00fcr hei\u00dfe Tage 16000PUFFS | ElementVape.de","description":"Wir bieten ELF SHISHA 16000 E-Zigarette Der fruchtig-k\u00fchle Lush Ice Vape f\u00fcr hei\u00dfe Tage 16000PUFFS , Elementvape.de akzeptieren Gro\u00df-und Einzelhandel Bestellungen.","robots":{"index":"index","follow":"follow","max-snippet":"max-snippet:-1","max-image-preview":"max-image-preview:large","max-video-preview":"max-video-preview:-1"},"canonical":"https:\/\/www.elementvape.de\/pl\/produkt\/elf-shisha-16000-e-zigarette-der-fruchtig-kuehle-lush-ice-vape-fuer-heisse-tage-16000puffs\/","og_locale":"pl_PL","og_type":"article","og_title":"ELF SHISHA 16000 E-Zigarette Der fruchtig-k\u00fchle Lush Ice Vape f\u00fcr hei\u00dfe Tage 16000PUFFS | ElementVape.de","og_description":"Wir bieten ELF SHISHA 16000 E-Zigarette Der fruchtig-k\u00fchle Lush Ice Vape f\u00fcr hei\u00dfe Tage 16000PUFFS , Elementvape.de akzeptieren Gro\u00df-und Einzelhandel Bestellungen.","og_url":"https:\/\/www.elementvape.de\/pl\/produkt\/elf-shisha-16000-e-zigarette-der-fruchtig-kuehle-lush-ice-vape-fuer-heisse-tage-16000puffs\/","og_site_name":"ElementVape.de","article_modified_time":"2024-12-12T06:34:28+00:00","og_image":[{"width":1000,"height":1000,"url":"https:\/\/www.elementvape.de\/wp-content\/uploads\/2024\/08\/\u897f\u74dc\u51b02220000.png","type":"image\/png"}],"twitter_card":"summary_large_image","twitter_misc":{"Est. reading time":"3 minuty"},"schema":{"@context":"https:\/\/schema.org","@graph":[{"@type":"WebPage","@id":"https:\/\/www.elementvape.de\/produkt\/elf-shisha-16000-e-zigarette-der-fruchtig-kuehle-lush-ice-vape-fuer-heisse-tage-16000puffs\/","url":"https:\/\/www.elementvape.de\/produkt\/elf-shisha-16000-e-zigarette-der-fruchtig-kuehle-lush-ice-vape-fuer-heisse-tage-16000puffs\/","name":"ELF SHISHA 16000 E-Zigarette Der fruchtig-k\u00fchle Lush Ice Vape f\u00fcr hei\u00dfe Tage 16000PUFFS | ElementVape.de","isPartOf":{"@id":"https:\/\/www.elementvape.de\/#website"},"primaryImageOfPage":{"@id":"https:\/\/www.elementvape.de\/produkt\/elf-shisha-16000-e-zigarette-der-fruchtig-kuehle-lush-ice-vape-fuer-heisse-tage-16000puffs\/#primaryimage"},"image":{"@id":"https:\/\/www.elementvape.de\/produkt\/elf-shisha-16000-e-zigarette-der-fruchtig-kuehle-lush-ice-vape-fuer-heisse-tage-16000puffs\/#primaryimage"},"thumbnailUrl":"https:\/\/www.elementvape.de\/wp-content\/uploads\/2024\/08\/\u897f\u74dc\u51b02220000.png","datePublished":"2024-08-20T06:10:36+00:00","dateModified":"2024-12-12T06:34:28+00:00","description":"Wir bieten ELF SHISHA 16000 E-Zigarette Der fruchtig-k\u00fchle Lush Ice Vape f\u00fcr hei\u00dfe Tage 16000PUFFS , Elementvape.de akzeptieren Gro\u00df-und Einzelhandel Bestellungen.","breadcrumb":{"@id":"https:\/\/www.elementvape.de\/produkt\/elf-shisha-16000-e-zigarette-der-fruchtig-kuehle-lush-ice-vape-fuer-heisse-tage-16000puffs\/#breadcrumb"},"inLanguage":"pl-PL","potentialAction":[{"@type":"ReadAction","target":["https:\/\/www.elementvape.de\/produkt\/elf-shisha-16000-e-zigarette-der-fruchtig-kuehle-lush-ice-vape-fuer-heisse-tage-16000puffs\/"]}]},{"@type":"ImageObject","inLanguage":"pl-PL","@id":"https:\/\/www.elementvape.de\/produkt\/elf-shisha-16000-e-zigarette-der-fruchtig-kuehle-lush-ice-vape-fuer-heisse-tage-16000puffs\/#primaryimage","url":"https:\/\/www.elementvape.de\/wp-content\/uploads\/2024\/08\/\u897f\u74dc\u51b02220000.png","contentUrl":"https:\/\/www.elementvape.de\/wp-content\/uploads\/2024\/08\/\u897f\u74dc\u51b02220000.png","width":1000,"height":1000,"caption":"Lush ice"},{"@type":"BreadcrumbList","@id":"https:\/\/www.elementvape.de\/produkt\/elf-shisha-16000-e-zigarette-der-fruchtig-kuehle-lush-ice-vape-fuer-heisse-tage-16000puffs\/#breadcrumb","itemListElement":[{"@type":"ListItem","position":1,"name":"Home","item":"https:\/\/www.elementvape.de\/"},{"@type":"ListItem","position":2,"name":"Shop","item":"https:\/\/www.elementvape.de\/shop\/"},{"@type":"ListItem","position":3,"name":"ELF SHISHA 16000 E-Zigarette Der fruchtig-k\u00fchle Lush Ice Vape f\u00fcr hei\u00dfe Tage 16000PUFFS"}]},{"@type":"WebSite","@id":"https:\/\/www.elementvape.de\/#website","url":"https:\/\/www.elementvape.de\/","name":"ElementVape.de","description":"","publisher":{"@id":"https:\/\/www.elementvape.de\/#organization"},"potentialAction":[{"@type":"SearchAction","target":{"@type":"EntryPoint","urlTemplate":"https:\/\/www.elementvape.de\/?s={search_term_string}"},"query-input":"required name=search_term_string"}],"inLanguage":"pl-PL"},{"@type":"Organization","@id":"https:\/\/www.elementvape.de\/#organization","name":"ElementVape.DE","url":"https:\/\/www.elementvape.de\/","logo":{"@type":"ImageObject","inLanguage":"pl-PL","@id":"https:\/\/www.elementvape.de\/#\/schema\/logo\/image\/","url":"https:\/\/www.elementvape.de\/wp-content\/uploads\/2024\/09\/cropped-1elementvape-3.png","contentUrl":"https:\/\/www.elementvape.de\/wp-content\/uploads\/2024\/09\/cropped-1elementvape-3.png","width":285,"height":228,"caption":"ElementVape.DE"},"image":{"@id":"https:\/\/www.elementvape.de\/#\/schema\/logo\/image\/"}}]}},"_links":{"self":[{"href":"https:\/\/www.elementvape.de\/pl\/wp-json\/wp\/v2\/product\/13878"}],"collection":[{"href":"https:\/\/www.elementvape.de\/pl\/wp-json\/wp\/v2\/product"}],"about":[{"href":"https:\/\/www.elementvape.de\/pl\/wp-json\/wp\/v2\/types\/product"}],"wp:featuredmedia":[{"embeddable":true,"href":"https:\/\/www.elementvape.de\/pl\/wp-json\/wp\/v2\/media\/13879"}],"wp:attachment":[{"href":"https:\/\/www.elementvape.de\/pl\/wp-json\/wp\/v2\/media?parent=13878"}],"wp:term":[{"taxonomy":"product_cat","embeddable":true,"href":"https:\/\/www.elementvape.de\/pl\/wp-json\/wp\/v2\/product_cat?post=13878"},{"taxonomy":"product_tag","embeddable":true,"href":"https:\/\/www.elementvape.de\/pl\/wp-json\/wp\/v2\/product_tag?post=13878"}],"curies":[{"name":"wp","href":"https:\/\/api.w.org\/{rel}","templated":true}]}}