{"id":13844,"date":"2024-08-19T03:50:29","date_gmt":"2024-08-19T03:50:29","guid":{"rendered":"https:\/\/www.elementvape.de\/?post_type=product&#038;p=13844"},"modified":"2024-12-12T06:34:42","modified_gmt":"2024-12-12T06:34:42","slug":"zollfreie-elf-box-rgb14000-pro-e-zigaretten-blue-razz-ice-vape-ganz-nach-ihrem-geschmack-14000-puffs","status":"publish","type":"product","link":"https:\/\/www.elementvape.de\/pl\/produkt\/zollfreie-elf-box-rgb14000-pro-e-zigaretten-blue-razz-ice-vape-ganz-nach-ihrem-geschmack-14000-puffs\/","title":{"rendered":"Bez c\u0142a ELF BOX RGB14000 dla e-papieros\u00f3w Blue Razz Ice Vape wed\u0142ug w\u0142asnych upodoba\u0144 14000 poci\u0105gni\u0119\u0107"},"content":{"rendered":"<div class=\"flex-shrink-0 flex flex-col relative items-end\">\n<div>\n<div class=\"pt-0\">\n<div class=\"gizmo-bot-avatar flex h-8 w-8 items-center justify-center overflow-hidden rounded-full\">\n<div class=\"relative p-1 rounded-sm flex items-center justify-center bg-token-main-surface-primary text-token-text-primary h-8 w-8\"><\/div>\n<\/div>\n<\/div>\n<\/div>\n<\/div>\n<div class=\"group\/conversation-turn relative flex w-full min-w-0 flex-col agent-turn\">\n<div class=\"flex-col gap-1 md:gap-3\">\n<div class=\"flex max-w-full flex-col flex-grow\">\n<div class=\"min-h-[20px] text-message flex w-full flex-col items-end gap-2 whitespace-pre-wrap break-words [.text-message+&amp;]:mt-5 overflow-x-auto\" dir=\"auto\" data-message-author-role=\"assistant\" data-message-id=\"e5b682f9-bd93-432d-9fe3-c97763d5b5a8\">\n<div class=\"flex w-full flex-col gap-1 empty:hidden first:pt-[3px]\">\n<div class=\"markdown prose w-full break-words dark:prose-invert light\">\n<h3>Zwolniony od c\u0142a ELF BOX RGB14000 \u2013 Blue Razz Ice Vape<\/h3>\n<p>ELF BOX RGB14000 dostarcza Ci orze\u017awiaj\u0105cy smak Blue Razz Ice prosto do domu \u2013 bez c\u0142a i w najlepszej jako\u015bci! To urz\u0105dzenie jest idealnym wyborem dla wszystkich, kt\u00f3rzy chc\u0105 po\u0142\u0105czy\u0107 intensywne doznania z chmurami z ch\u0142odnym, owocowym aromatem. Z niesamowitymi 14 000 poci\u0105gni\u0119ciami, ELF BOX RGB14000 zapewnia d\u0142ugotrwa\u0142e i satysfakcjonuj\u0105ce do\u015bwiadczenie vapingowe, kt\u00f3re Ci\u0119 nie zawiedzie.<\/p>\n<p>Po\u0142\u0105czenie technologii Mesh-Coil i oporu 1,0 Ohma zapewnia g\u0119ste, smakowite chmury przy ka\u017cdym poci\u0105gni\u0119ciu. Wy\u015bwietlacz LED na bie\u017c\u0105co informuje o zu\u017cyciu poci\u0105gni\u0119\u0107 i stanie na\u0142adowania baterii, podczas gdy pod\u015bwietlenie RGB sprawia, \u017ce urz\u0105dzenie jest naprawd\u0119 efektowne.<\/p>\n<p>Dzi\u0119ki pojemno\u015bci e-liquid 25 ml i zawarto\u015bci N 2% lub 5% masz mo\u017cliwo\u015b\u0107 dostosowania swojego do\u015bwiadczenia vapingowego do w\u0142asnych upodoba\u0144. Bateria 600mAh, kt\u00f3r\u0105 mo\u017cna wygodnie na\u0142adowa\u0107 przez port Type-C, zapewnia wystarczaj\u0105c\u0105 moc na Twoj\u0105 przygod\u0119 z vapingiem.<\/p>\n<p>Z wag\u0105 105g i kompaktowymi wymiarami 35 x 36 x 133,5 mm ELF BOX RGB14000 idealnie mie\u015bci si\u0119 w Twojej torbie i mo\u017cna j\u0105 bezpiecznie i wygodnie nosi\u0107 na stylowym lanyardzie. Je\u015bli szukasz wydajnego i estetycznego urz\u0105dzenia do vapingu, kt\u00f3re oferuje najlepszy smak i funkcjonalno\u015b\u0107, ELF BOX RGB14000 jest w\u0142a\u015bnie dla Ciebie.<\/p>\n<h3>Oto szczeg\u00f3\u0142owe informacje o g\u0142\u00f3wnych funkcjach:<\/h3>\n<ul>\n<li>Liczba poci\u0105gni\u0119\u0107: Urz\u0105dzenie mie\u015bci 14 000 poci\u0105gni\u0119\u0107, co jest do\u015b\u0107 du\u017c\u0105 warto\u015bci\u0105, wskazuj\u0105c\u0105 na wysok\u0105 trwa\u0142o\u015b\u0107 produktu.<\/li>\n<li>Rdze\u0144: U\u017cywa si\u0119 mesh-spirali o oporze 1,0 Ohma, co zazwyczaj zapewnia lepszy smak i produkcj\u0119 pary.<\/li>\n<li>Pojemno\u015b\u0107 e-liquid: Urz\u0105dzenie mo\u017ce pomie\u015bci\u0107 25 ml e-liquid, co jest wystarczaj\u0105ce na d\u0142u\u017cszy czas u\u017cytkowania przed konieczno\u015bci\u0105 nape\u0142nienia.<\/li>\n<li>Zawarto\u015b\u0107 N: Dost\u0119pne s\u0105 r\u00f3\u017cne st\u0119\u017cenia N, takie jak 2% i 5%, aby sprosta\u0107 preferencjom r\u00f3\u017cnych u\u017cytkownik\u00f3w.<\/li>\n<li>Bateria: Urz\u0105dzenie jest zasilane bateri\u0105 18250 o pojemno\u015bci 600 mAh i mo\u017cna j\u0105 na\u0142adowa\u0107 przez port Type-C.<\/li>\n<li>Wy\u015bwietlacz: Posiada wy\u015bwietlacz LED, kt\u00f3ry pokazuje czas pracy baterii, liczb\u0119 poci\u0105gni\u0119\u0107 i inne informacje.<\/li>\n<li>Pod\u015bwietlenie i akcesoria: Urz\u0105dzenie wyposa\u017cone jest w pod\u015bwietlenie RGB (tryb pulsuj\u0105cy), kt\u00f3re mo\u017cna dostosowa\u0107 lub zmieni\u0107 kolor, oraz praktyczny pasek na szyj\u0119 (lanyard).<\/li>\n<\/ul>\n<p>Waga i wymiary: Produkt wa\u017cy 105 gram\u00f3w i ma wymiary 35 mm x 36 mm x 133,5 mm.<\/p>\n<\/div>\n<\/div>\n<\/div>\n<\/div>\n<\/div>\n<\/div>","protected":false},"excerpt":{"rendered":"<p>Zollfreie ELF BOX RGB14000 \u2013 Blue Razz Ice Vape Die ELF BOX RGB14000 bringt dir den erfrischenden Geschmack von Blue Razz Ice direkt nach Hause \u2013 zollfrei und in bester Qualit\u00e4t! Dieses Ger\u00e4t ist die perfekte Wahl f\u00fcr alle, die intensiven Dampfgenuss mit einem coolen, fruchtigen Aroma kombinieren m\u00f6chten. Mit unglaublichen 14.000 Z\u00fcgen bietet die [&hellip;]<\/p>","protected":false},"featured_media":13847,"template":"","meta":{"inline_featured_image":false},"product_cat":[15,78,747,740,734,753,718,732],"product_tag":[710,674],"tiered_pricing_type":"fixed","tiered_pricing_fixed_rules":{"110":"7.95","200":"7.06","500":"6.18"},"tiered_pricing_percentage_rules":[],"tiered_pricing_minimum":1,"_administrator_tiered_pricing_type":"fixed","_administrator_tiered_pricing_fixed_rules":[],"_editor_tiered_pricing_type":"fixed","_editor_tiered_pricing_fixed_rules":[],"_author_tiered_pricing_type":"fixed","_author_tiered_pricing_fixed_rules":[],"_contributor_tiered_pricing_type":"fixed","_contributor_tiered_pricing_fixed_rules":[],"_subscriber_tiered_pricing_type":"fixed","_subscriber_tiered_pricing_fixed_rules":[],"_customer_tiered_pricing_type":"fixed","_customer_tiered_pricing_fixed_rules":[],"_shop_manager_tiered_pricing_type":"fixed","_shop_manager_tiered_pricing_fixed_rules":[],"_wpseo_manager_tiered_pricing_type":"fixed","_wpseo_manager_tiered_pricing_fixed_rules":[],"_wpseo_editor_tiered_pricing_type":"fixed","_wpseo_editor_tiered_pricing_fixed_rules":[],"_wholesale_customer_tiered_pricing_type":"fixed","_wholesale_customer_tiered_pricing_fixed_rules":[],"_marketer_tiered_pricing_type":"fixed","_marketer_tiered_pricing_fixed_rules":[],"_sales_manager_tiered_pricing_type":"fixed","_sales_manager_tiered_pricing_fixed_rules":[],"_sales_rep_tiered_pricing_type":"fixed","_sales_rep_tiered_pricing_fixed_rules":[],"yoast_head":"<!-- This site is optimized with the Yoast SEO plugin v23.3 - https:\/\/yoast.com\/wordpress\/plugins\/seo\/ -->\n<title>Zollfreie ELF BOX RGB14000 pro E-Zigaretten Blue Razz Ice Vape ganz nach Ihrem Geschmack 14000 Puffs | ElementVape.de<\/title>\n<meta name=\"description\" content=\"Wir bieten Zollfreie ELF BOX RGB14000 pro E-Zigaretten Blue Razz Ice Vape ganz nach Ihrem Geschmack 14000 Puffs , Elementvape.de akzeptieren Gro\u00df-und Einzelhandel Bestellungen.\" \/>\n<meta name=\"robots\" content=\"index, follow, max-snippet:-1, max-image-preview:large, max-video-preview:-1\" \/>\n<link rel=\"canonical\" href=\"https:\/\/www.elementvape.de\/pl\/produkt\/zollfreie-elf-box-rgb14000-pro-e-zigaretten-blue-razz-ice-vape-ganz-nach-ihrem-geschmack-14000-puffs\/\" \/>\n<meta property=\"og:locale\" content=\"pl_PL\" \/>\n<meta property=\"og:type\" content=\"article\" \/>\n<meta property=\"og:title\" content=\"Zollfreie ELF BOX RGB14000 pro E-Zigaretten Blue Razz Ice Vape ganz nach Ihrem Geschmack 14000 Puffs | ElementVape.de\" \/>\n<meta property=\"og:description\" content=\"Wir bieten Zollfreie ELF BOX RGB14000 pro E-Zigaretten Blue Razz Ice Vape ganz nach Ihrem Geschmack 14000 Puffs , Elementvape.de akzeptieren Gro\u00df-und Einzelhandel Bestellungen.\" \/>\n<meta property=\"og:url\" content=\"https:\/\/www.elementvape.de\/pl\/produkt\/zollfreie-elf-box-rgb14000-pro-e-zigaretten-blue-razz-ice-vape-ganz-nach-ihrem-geschmack-14000-puffs\/\" \/>\n<meta property=\"og:site_name\" content=\"ElementVape.de\" \/>\n<meta property=\"article:modified_time\" content=\"2024-12-12T06:34:42+00:00\" \/>\n<meta property=\"og:image\" content=\"https:\/\/www.elementvape.de\/wp-content\/uploads\/2024\/08\/\u84dd\u8393\u6811\u83930000.png\" \/>\n\t<meta property=\"og:image:width\" content=\"1000\" \/>\n\t<meta property=\"og:image:height\" content=\"1000\" \/>\n\t<meta property=\"og:image:type\" content=\"image\/png\" \/>\n<meta name=\"twitter:card\" content=\"summary_large_image\" \/>\n<meta name=\"twitter:label1\" content=\"Est. reading time\" \/>\n\t<meta name=\"twitter:data1\" content=\"3 minuty\" \/>\n<script type=\"application\/ld+json\" class=\"yoast-schema-graph\">{\"@context\":\"https:\/\/schema.org\",\"@graph\":[{\"@type\":\"WebPage\",\"@id\":\"https:\/\/www.elementvape.de\/nl\/produkt\/zollfreie-elf-box-rgb14000-pro-e-zigaretten-blue-razz-ice-vape-ganz-nach-ihrem-geschmack-14000-puffs\/\",\"url\":\"https:\/\/www.elementvape.de\/nl\/produkt\/zollfreie-elf-box-rgb14000-pro-e-zigaretten-blue-razz-ice-vape-ganz-nach-ihrem-geschmack-14000-puffs\/\",\"name\":\"Zollfreie ELF BOX RGB14000 pro E-Zigaretten Blue Razz Ice Vape ganz nach Ihrem Geschmack 14000 Puffs | ElementVape.de\",\"isPartOf\":{\"@id\":\"https:\/\/www.elementvape.de\/#website\"},\"primaryImageOfPage\":{\"@id\":\"https:\/\/www.elementvape.de\/nl\/produkt\/zollfreie-elf-box-rgb14000-pro-e-zigaretten-blue-razz-ice-vape-ganz-nach-ihrem-geschmack-14000-puffs\/#primaryimage\"},\"image\":{\"@id\":\"https:\/\/www.elementvape.de\/nl\/produkt\/zollfreie-elf-box-rgb14000-pro-e-zigaretten-blue-razz-ice-vape-ganz-nach-ihrem-geschmack-14000-puffs\/#primaryimage\"},\"thumbnailUrl\":\"https:\/\/www.elementvape.de\/wp-content\/uploads\/2024\/08\/\u84dd\u8393\u6811\u83930000.png\",\"datePublished\":\"2024-08-19T03:50:29+00:00\",\"dateModified\":\"2024-12-12T06:34:42+00:00\",\"description\":\"Wir bieten Zollfreie ELF BOX RGB14000 pro E-Zigaretten Blue Razz Ice Vape ganz nach Ihrem Geschmack 14000 Puffs , Elementvape.de akzeptieren Gro\u00df-und Einzelhandel Bestellungen.\",\"breadcrumb\":{\"@id\":\"https:\/\/www.elementvape.de\/nl\/produkt\/zollfreie-elf-box-rgb14000-pro-e-zigaretten-blue-razz-ice-vape-ganz-nach-ihrem-geschmack-14000-puffs\/#breadcrumb\"},\"inLanguage\":\"pl-PL\",\"potentialAction\":[{\"@type\":\"ReadAction\",\"target\":[\"https:\/\/www.elementvape.de\/nl\/produkt\/zollfreie-elf-box-rgb14000-pro-e-zigaretten-blue-razz-ice-vape-ganz-nach-ihrem-geschmack-14000-puffs\/\"]}]},{\"@type\":\"ImageObject\",\"inLanguage\":\"pl-PL\",\"@id\":\"https:\/\/www.elementvape.de\/nl\/produkt\/zollfreie-elf-box-rgb14000-pro-e-zigaretten-blue-razz-ice-vape-ganz-nach-ihrem-geschmack-14000-puffs\/#primaryimage\",\"url\":\"https:\/\/www.elementvape.de\/wp-content\/uploads\/2024\/08\/\u84dd\u8393\u6811\u83930000.png\",\"contentUrl\":\"https:\/\/www.elementvape.de\/wp-content\/uploads\/2024\/08\/\u84dd\u8393\u6811\u83930000.png\",\"width\":1000,\"height\":1000,\"caption\":\"Blue Razz ice\"},{\"@type\":\"BreadcrumbList\",\"@id\":\"https:\/\/www.elementvape.de\/nl\/produkt\/zollfreie-elf-box-rgb14000-pro-e-zigaretten-blue-razz-ice-vape-ganz-nach-ihrem-geschmack-14000-puffs\/#breadcrumb\",\"itemListElement\":[{\"@type\":\"ListItem\",\"position\":1,\"name\":\"Home\",\"item\":\"https:\/\/www.elementvape.de\/\"},{\"@type\":\"ListItem\",\"position\":2,\"name\":\"Shop\",\"item\":\"https:\/\/www.elementvape.de\/shop\/\"},{\"@type\":\"ListItem\",\"position\":3,\"name\":\"Zollfreie ELF BOX RGB14000 pro E-Zigaretten Blue Razz Ice Vape ganz nach Ihrem Geschmack 14000 Puffs\"}]},{\"@type\":\"WebSite\",\"@id\":\"https:\/\/www.elementvape.de\/#website\",\"url\":\"https:\/\/www.elementvape.de\/\",\"name\":\"ElementVape.de\",\"description\":\"\",\"publisher\":{\"@id\":\"https:\/\/www.elementvape.de\/#organization\"},\"potentialAction\":[{\"@type\":\"SearchAction\",\"target\":{\"@type\":\"EntryPoint\",\"urlTemplate\":\"https:\/\/www.elementvape.de\/?s={search_term_string}\"},\"query-input\":\"required name=search_term_string\"}],\"inLanguage\":\"pl-PL\"},{\"@type\":\"Organization\",\"@id\":\"https:\/\/www.elementvape.de\/#organization\",\"name\":\"ElementVape.DE\",\"url\":\"https:\/\/www.elementvape.de\/\",\"logo\":{\"@type\":\"ImageObject\",\"inLanguage\":\"pl-PL\",\"@id\":\"https:\/\/www.elementvape.de\/#\/schema\/logo\/image\/\",\"url\":\"https:\/\/www.elementvape.de\/wp-content\/uploads\/2024\/09\/cropped-1elementvape-3.png\",\"contentUrl\":\"https:\/\/www.elementvape.de\/wp-content\/uploads\/2024\/09\/cropped-1elementvape-3.png\",\"width\":285,\"height\":228,\"caption\":\"ElementVape.DE\"},\"image\":{\"@id\":\"https:\/\/www.elementvape.de\/#\/schema\/logo\/image\/\"}}]}<\/script>\n<!-- \/ Yoast SEO plugin. -->","yoast_head_json":{"title":"Zollfreie ELF BOX RGB14000 pro E-Zigaretten Blue Razz Ice Vape ganz nach Ihrem Geschmack 14000 Puffs | ElementVape.de","description":"Wir bieten Zollfreie ELF BOX RGB14000 pro E-Zigaretten Blue Razz Ice Vape ganz nach Ihrem Geschmack 14000 Puffs , Elementvape.de akzeptieren Gro\u00df-und Einzelhandel Bestellungen.","robots":{"index":"index","follow":"follow","max-snippet":"max-snippet:-1","max-image-preview":"max-image-preview:large","max-video-preview":"max-video-preview:-1"},"canonical":"https:\/\/www.elementvape.de\/pl\/produkt\/zollfreie-elf-box-rgb14000-pro-e-zigaretten-blue-razz-ice-vape-ganz-nach-ihrem-geschmack-14000-puffs\/","og_locale":"pl_PL","og_type":"article","og_title":"Zollfreie ELF BOX RGB14000 pro E-Zigaretten Blue Razz Ice Vape ganz nach Ihrem Geschmack 14000 Puffs | ElementVape.de","og_description":"Wir bieten Zollfreie ELF BOX RGB14000 pro E-Zigaretten Blue Razz Ice Vape ganz nach Ihrem Geschmack 14000 Puffs , Elementvape.de akzeptieren Gro\u00df-und Einzelhandel Bestellungen.","og_url":"https:\/\/www.elementvape.de\/pl\/produkt\/zollfreie-elf-box-rgb14000-pro-e-zigaretten-blue-razz-ice-vape-ganz-nach-ihrem-geschmack-14000-puffs\/","og_site_name":"ElementVape.de","article_modified_time":"2024-12-12T06:34:42+00:00","og_image":[{"width":1000,"height":1000,"url":"https:\/\/www.elementvape.de\/wp-content\/uploads\/2024\/08\/\u84dd\u8393\u6811\u83930000.png","type":"image\/png"}],"twitter_card":"summary_large_image","twitter_misc":{"Est. reading time":"3 minuty"},"schema":{"@context":"https:\/\/schema.org","@graph":[{"@type":"WebPage","@id":"https:\/\/www.elementvape.de\/nl\/produkt\/zollfreie-elf-box-rgb14000-pro-e-zigaretten-blue-razz-ice-vape-ganz-nach-ihrem-geschmack-14000-puffs\/","url":"https:\/\/www.elementvape.de\/nl\/produkt\/zollfreie-elf-box-rgb14000-pro-e-zigaretten-blue-razz-ice-vape-ganz-nach-ihrem-geschmack-14000-puffs\/","name":"Zollfreie ELF BOX RGB14000 pro E-Zigaretten Blue Razz Ice Vape ganz nach Ihrem Geschmack 14000 Puffs | ElementVape.de","isPartOf":{"@id":"https:\/\/www.elementvape.de\/#website"},"primaryImageOfPage":{"@id":"https:\/\/www.elementvape.de\/nl\/produkt\/zollfreie-elf-box-rgb14000-pro-e-zigaretten-blue-razz-ice-vape-ganz-nach-ihrem-geschmack-14000-puffs\/#primaryimage"},"image":{"@id":"https:\/\/www.elementvape.de\/nl\/produkt\/zollfreie-elf-box-rgb14000-pro-e-zigaretten-blue-razz-ice-vape-ganz-nach-ihrem-geschmack-14000-puffs\/#primaryimage"},"thumbnailUrl":"https:\/\/www.elementvape.de\/wp-content\/uploads\/2024\/08\/\u84dd\u8393\u6811\u83930000.png","datePublished":"2024-08-19T03:50:29+00:00","dateModified":"2024-12-12T06:34:42+00:00","description":"Wir bieten Zollfreie ELF BOX RGB14000 pro E-Zigaretten Blue Razz Ice Vape ganz nach Ihrem Geschmack 14000 Puffs , Elementvape.de akzeptieren Gro\u00df-und Einzelhandel Bestellungen.","breadcrumb":{"@id":"https:\/\/www.elementvape.de\/nl\/produkt\/zollfreie-elf-box-rgb14000-pro-e-zigaretten-blue-razz-ice-vape-ganz-nach-ihrem-geschmack-14000-puffs\/#breadcrumb"},"inLanguage":"pl-PL","potentialAction":[{"@type":"ReadAction","target":["https:\/\/www.elementvape.de\/nl\/produkt\/zollfreie-elf-box-rgb14000-pro-e-zigaretten-blue-razz-ice-vape-ganz-nach-ihrem-geschmack-14000-puffs\/"]}]},{"@type":"ImageObject","inLanguage":"pl-PL","@id":"https:\/\/www.elementvape.de\/nl\/produkt\/zollfreie-elf-box-rgb14000-pro-e-zigaretten-blue-razz-ice-vape-ganz-nach-ihrem-geschmack-14000-puffs\/#primaryimage","url":"https:\/\/www.elementvape.de\/wp-content\/uploads\/2024\/08\/\u84dd\u8393\u6811\u83930000.png","contentUrl":"https:\/\/www.elementvape.de\/wp-content\/uploads\/2024\/08\/\u84dd\u8393\u6811\u83930000.png","width":1000,"height":1000,"caption":"Blue Razz ice"},{"@type":"BreadcrumbList","@id":"https:\/\/www.elementvape.de\/nl\/produkt\/zollfreie-elf-box-rgb14000-pro-e-zigaretten-blue-razz-ice-vape-ganz-nach-ihrem-geschmack-14000-puffs\/#breadcrumb","itemListElement":[{"@type":"ListItem","position":1,"name":"Home","item":"https:\/\/www.elementvape.de\/"},{"@type":"ListItem","position":2,"name":"Shop","item":"https:\/\/www.elementvape.de\/shop\/"},{"@type":"ListItem","position":3,"name":"Zollfreie ELF BOX RGB14000 pro E-Zigaretten Blue Razz Ice Vape ganz nach Ihrem Geschmack 14000 Puffs"}]},{"@type":"WebSite","@id":"https:\/\/www.elementvape.de\/#website","url":"https:\/\/www.elementvape.de\/","name":"ElementVape.de","description":"","publisher":{"@id":"https:\/\/www.elementvape.de\/#organization"},"potentialAction":[{"@type":"SearchAction","target":{"@type":"EntryPoint","urlTemplate":"https:\/\/www.elementvape.de\/?s={search_term_string}"},"query-input":"required name=search_term_string"}],"inLanguage":"pl-PL"},{"@type":"Organization","@id":"https:\/\/www.elementvape.de\/#organization","name":"ElementVape.DE","url":"https:\/\/www.elementvape.de\/","logo":{"@type":"ImageObject","inLanguage":"pl-PL","@id":"https:\/\/www.elementvape.de\/#\/schema\/logo\/image\/","url":"https:\/\/www.elementvape.de\/wp-content\/uploads\/2024\/09\/cropped-1elementvape-3.png","contentUrl":"https:\/\/www.elementvape.de\/wp-content\/uploads\/2024\/09\/cropped-1elementvape-3.png","width":285,"height":228,"caption":"ElementVape.DE"},"image":{"@id":"https:\/\/www.elementvape.de\/#\/schema\/logo\/image\/"}}]}},"_links":{"self":[{"href":"https:\/\/www.elementvape.de\/pl\/wp-json\/wp\/v2\/product\/13844"}],"collection":[{"href":"https:\/\/www.elementvape.de\/pl\/wp-json\/wp\/v2\/product"}],"about":[{"href":"https:\/\/www.elementvape.de\/pl\/wp-json\/wp\/v2\/types\/product"}],"wp:featuredmedia":[{"embeddable":true,"href":"https:\/\/www.elementvape.de\/pl\/wp-json\/wp\/v2\/media\/13847"}],"wp:attachment":[{"href":"https:\/\/www.elementvape.de\/pl\/wp-json\/wp\/v2\/media?parent=13844"}],"wp:term":[{"taxonomy":"product_cat","embeddable":true,"href":"https:\/\/www.elementvape.de\/pl\/wp-json\/wp\/v2\/product_cat?post=13844"},{"taxonomy":"product_tag","embeddable":true,"href":"https:\/\/www.elementvape.de\/pl\/wp-json\/wp\/v2\/product_tag?post=13844"}],"curies":[{"name":"wp","href":"https:\/\/api.w.org\/{rel}","templated":true}]}}