{"id":13840,"date":"2024-08-19T02:37:09","date_gmt":"2024-08-19T02:37:09","guid":{"rendered":"https:\/\/www.elementvape.de\/?post_type=product&#038;p=13840"},"modified":"2024-12-12T06:34:44","modified_gmt":"2024-12-12T06:34:44","slug":"cherry-soda-elf-box-rgb14000-erfrischender-kirschgenuss-mit-stylischem-rgb-design-14000-puffs-vape","status":"publish","type":"product","link":"https:\/\/www.elementvape.de\/pl\/produkt\/cherry-soda-elf-box-rgb14000-erfrischender-kirschgenuss-mit-stylischem-rgb-design-14000-puffs-vape\/","title":{"rendered":"Cherry Soda ELF BOX RGB14000 \u2013 orze\u017awiaj\u0105ca czere\u015bnia w stylowym RGB, 14000 PUFFS VAPE"},"content":{"rendered":"<h2>Orze\u017awiaj\u0105ca wi\u015bniowa rozkosz spotyka si\u0119 z nowoczesnym designem<\/h2>\n<p>Do\u015bwiadcz musuj\u0105cego smaku orze\u017awiaj\u0105cej lemoniady wi\u015bniowej z Cherry Soda ELF BOX RGB14000, zamkni\u0119tej w nowoczesnym i stylowym designie. Ten e-papieros przenosi intensywny, owocowy smak wi\u015bni prosto do Twojej codzienno\u015bci i zapewnia z ka\u017cdym zaci\u0105gni\u0119ciem si\u0119 musuj\u0105ce doznanie, kt\u00f3re przypomina gor\u0105cy letni dzie\u0144, kiedy orze\u017awiasz si\u0119 ch\u0142odn\u0105 szklank\u0105 wi\u015bniowej sodki.<\/p>\n<p>Dzi\u0119ki pojemno\u015bci do 14 000 zaci\u0105gni\u0119\u0107 i zaawansowanej grza\u0142ce Mesh Coil o oporno\u015bci 1,0 Ohm, urz\u0105dzenie to gwarantuje r\u00f3wnomierne wytwarzanie pary i zapewnia optymalne uwydatnienie smaku w ka\u017cdym ob\u0142oku. Obszerny zbiornik na e-liquid o pojemno\u015bci 25 ml jest dost\u0119pny w r\u00f3\u017cnych st\u0119\u017ceniach N (2% i 5%), dzi\u0119ki czemu mo\u017cesz wybra\u0107 odpowiedni\u0105 dla siebie intensywno\u015b\u0107.<\/p>\n<h3>Wydajny i praktyczny na co dzie\u0144<\/h3>\n<p>Cherry Soda ELF BOX RGB14000 przekonuje nie tylko smakiem, ale r\u00f3wnie\u017c wydajn\u0105 i przyjazn\u0105 dla u\u017cytkownika technologi\u0105. Zintegrowany akumulator 18250 o pojemno\u015bci 600 mAh zapewnia d\u0142ugi czas pracy, dzi\u0119ki czemu mo\u017cesz nieprzerwanie cieszy\u0107 si\u0119 orze\u017awiaj\u0105cym wi\u015bniowym smakiem. Gdy bateria jest pusta, mo\u017cna j\u0105 wygodnie na\u0142adowa\u0107 za pomoc\u0105 z\u0142\u0105cza Type-C, dzi\u0119ki czemu szybko b\u0119dziesz gotowy na kolejne zaci\u0105gni\u0119cie.<\/p>\n<p>Pomimo kompaktowych rozmiar\u00f3w 35 mm x 36 mm x 133,5 mm i wadze zaledwie 100 g, Cherry Soda ELF BOX zapewnia imponuj\u0105c\u0105 wydajno\u015b\u0107. Urz\u0105dzenie jest nie tylko lekkie i \u0142atwe w transporcie, ale oferuje r\u00f3wnie\u017c efektowne \u015bwiat\u0142o RGB, kt\u00f3re sprawia, \u017ce ka\u017cde zaci\u0105gni\u0119cie staje si\u0119 wizualn\u0105 atrakcj\u0105. Ponadto <strong><a href=\"https:\/\/www.elementvape.de\/pl\/c\/einweg-zigarette\/\" target=\"_blank\" rel=\"noopener\">E-papieros<\/a><\/strong> jest wyposa\u017cony w praktyczn\u0105 link\u0119 do zawieszenia, dzi\u0119ki czemu mo\u017cesz go wygodnie nosi\u0107 w podr\u00f3\u017cy.<\/p>\n<h3>Stylowe wapowanie z kolorowym designem namiotu festynowego<\/h3>\n<p>Kolorowy design namiotu festynowego Cherry Soda ELF BOX RGB14000 sprawia, \u017ce przyci\u0105ga on wzrok. Jasne \u015bwiat\u0142a RGB i stylowy design sprawiaj\u0105, \u017ce wapowanie jest przyjemno\u015bci\u0105 nie tylko smakow\u0105, ale r\u00f3wnie\u017c wizualn\u0105. Idealny dla wszystkich, kt\u00f3rzy chc\u0105 po\u0142\u0105czy\u0107 owocowy smak wi\u015bni z nowoczesn\u0105 technologi\u0105 i stylem. Ten e-papieros oferuje nie tylko intensywne doznania smakowe, ale r\u00f3wnie\u017c wizualn\u0105 atrakcj\u0119, kt\u00f3r\u0105 mo\u017cesz cieszy\u0107 si\u0119 zawsze i wsz\u0119dzie.<\/p>\n<p>Podaruj sobie musuj\u0105c\u0105 rozkosz lemoniady wi\u015bniowej w po\u0142\u0105czeniu z najnowocze\u015bniejsz\u0105 technologi\u0105 \u2013 idealne po\u0142\u0105czenie dla stylowego wapowania!<\/p>","protected":false},"excerpt":{"rendered":"<p>Erfrischender Kirschgenuss trifft modernes Design Erleben Sie mit der Cherry Soda ELF BOX RGB14000 den spritzigen Geschmack von erfrischender Kirschlimonade, verpackt in einem modernen und stilvollen Design. Diese E-Zigarette bringt den intensiven, fruchtigen Geschmack von Kirsche direkt in Ihren Alltag und liefert mit jedem Zug ein prickelndes Erlebnis, das an einen hei\u00dfen Sommertag erinnert, an [&hellip;]<\/p>","protected":false},"featured_media":13841,"template":"","meta":{"inline_featured_image":false},"product_cat":[15,78,747,740,734,753,718,732],"product_tag":[710,674],"tiered_pricing_type":"fixed","tiered_pricing_fixed_rules":{"110":"7.54","200":"6.68","500":"5.85"},"tiered_pricing_percentage_rules":[],"tiered_pricing_minimum":1,"_administrator_tiered_pricing_type":"fixed","_administrator_tiered_pricing_fixed_rules":[],"_editor_tiered_pricing_type":"fixed","_editor_tiered_pricing_fixed_rules":[],"_author_tiered_pricing_type":"fixed","_author_tiered_pricing_fixed_rules":[],"_contributor_tiered_pricing_type":"fixed","_contributor_tiered_pricing_fixed_rules":[],"_subscriber_tiered_pricing_type":"fixed","_subscriber_tiered_pricing_fixed_rules":[],"_customer_tiered_pricing_type":"fixed","_customer_tiered_pricing_fixed_rules":[],"_shop_manager_tiered_pricing_type":"fixed","_shop_manager_tiered_pricing_fixed_rules":[],"_wpseo_manager_tiered_pricing_type":"fixed","_wpseo_manager_tiered_pricing_fixed_rules":[],"_wpseo_editor_tiered_pricing_type":"fixed","_wpseo_editor_tiered_pricing_fixed_rules":[],"_wholesale_customer_tiered_pricing_type":"fixed","_wholesale_customer_tiered_pricing_fixed_rules":[],"_marketer_tiered_pricing_type":"fixed","_marketer_tiered_pricing_fixed_rules":[],"_sales_manager_tiered_pricing_type":"fixed","_sales_manager_tiered_pricing_fixed_rules":[],"_sales_rep_tiered_pricing_type":"fixed","_sales_rep_tiered_pricing_fixed_rules":[],"yoast_head":"<!-- This site is optimized with the Yoast SEO plugin v23.3 - https:\/\/yoast.com\/wordpress\/plugins\/seo\/ -->\n<title>Cherry Soda ELF BOX RGB14000 Erfrischender Kirschgenuss mit stylischem RGB-Design 14000 PUFFS VAPE | ElementVape.de<\/title>\n<meta name=\"description\" content=\"Wir bieten Cherry Soda ELF BOX RGB14000 Erfrischender Kirschgenuss mit stylischem RGB-Design 14000 PUFFS VAPE , Elementvape.de akzeptieren Gro\u00df-und Einzelhandel Bestellungen.\" \/>\n<meta name=\"robots\" content=\"index, follow, max-snippet:-1, max-image-preview:large, max-video-preview:-1\" \/>\n<link rel=\"canonical\" href=\"https:\/\/www.elementvape.de\/pl\/produkt\/cherry-soda-elf-box-rgb14000-erfrischender-kirschgenuss-mit-stylischem-rgb-design-14000-puffs-vape\/\" \/>\n<meta property=\"og:locale\" content=\"pl_PL\" \/>\n<meta property=\"og:type\" content=\"article\" \/>\n<meta property=\"og:title\" content=\"Cherry Soda ELF BOX RGB14000 Erfrischender Kirschgenuss mit stylischem RGB-Design 14000 PUFFS VAPE | ElementVape.de\" \/>\n<meta property=\"og:description\" content=\"Wir bieten Cherry Soda ELF BOX RGB14000 Erfrischender Kirschgenuss mit stylischem RGB-Design 14000 PUFFS VAPE , Elementvape.de akzeptieren Gro\u00df-und Einzelhandel Bestellungen.\" \/>\n<meta property=\"og:url\" content=\"https:\/\/www.elementvape.de\/pl\/produkt\/cherry-soda-elf-box-rgb14000-erfrischender-kirschgenuss-mit-stylischem-rgb-design-14000-puffs-vape\/\" \/>\n<meta property=\"og:site_name\" content=\"ElementVape.de\" \/>\n<meta property=\"article:modified_time\" content=\"2024-12-12T06:34:44+00:00\" \/>\n<meta property=\"og:image\" content=\"https:\/\/www.elementvape.de\/wp-content\/uploads\/2024\/08\/Cherry-Soda_.png\" \/>\n\t<meta property=\"og:image:width\" content=\"1000\" \/>\n\t<meta property=\"og:image:height\" content=\"1000\" \/>\n\t<meta property=\"og:image:type\" content=\"image\/png\" \/>\n<meta name=\"twitter:card\" content=\"summary_large_image\" \/>\n<meta name=\"twitter:label1\" content=\"Est. reading time\" \/>\n\t<meta name=\"twitter:data1\" content=\"3 minuty\" \/>\n<script type=\"application\/ld+json\" class=\"yoast-schema-graph\">{\"@context\":\"https:\/\/schema.org\",\"@graph\":[{\"@type\":\"WebPage\",\"@id\":\"https:\/\/www.elementvape.de\/sv\/produkt\/cherry-soda-elf-box-rgb14000-erfrischender-kirschgenuss-mit-stylischem-rgb-design-14000-puffs-vape\/\",\"url\":\"https:\/\/www.elementvape.de\/sv\/produkt\/cherry-soda-elf-box-rgb14000-erfrischender-kirschgenuss-mit-stylischem-rgb-design-14000-puffs-vape\/\",\"name\":\"Cherry Soda ELF BOX RGB14000 Erfrischender Kirschgenuss mit stylischem RGB-Design 14000 PUFFS VAPE | ElementVape.de\",\"isPartOf\":{\"@id\":\"https:\/\/www.elementvape.de\/#website\"},\"primaryImageOfPage\":{\"@id\":\"https:\/\/www.elementvape.de\/sv\/produkt\/cherry-soda-elf-box-rgb14000-erfrischender-kirschgenuss-mit-stylischem-rgb-design-14000-puffs-vape\/#primaryimage\"},\"image\":{\"@id\":\"https:\/\/www.elementvape.de\/sv\/produkt\/cherry-soda-elf-box-rgb14000-erfrischender-kirschgenuss-mit-stylischem-rgb-design-14000-puffs-vape\/#primaryimage\"},\"thumbnailUrl\":\"https:\/\/www.elementvape.de\/wp-content\/uploads\/2024\/08\/Cherry-Soda_.png\",\"datePublished\":\"2024-08-19T02:37:09+00:00\",\"dateModified\":\"2024-12-12T06:34:44+00:00\",\"description\":\"Wir bieten Cherry Soda ELF BOX RGB14000 Erfrischender Kirschgenuss mit stylischem RGB-Design 14000 PUFFS VAPE , Elementvape.de akzeptieren Gro\u00df-und Einzelhandel Bestellungen.\",\"breadcrumb\":{\"@id\":\"https:\/\/www.elementvape.de\/sv\/produkt\/cherry-soda-elf-box-rgb14000-erfrischender-kirschgenuss-mit-stylischem-rgb-design-14000-puffs-vape\/#breadcrumb\"},\"inLanguage\":\"pl-PL\",\"potentialAction\":[{\"@type\":\"ReadAction\",\"target\":[\"https:\/\/www.elementvape.de\/sv\/produkt\/cherry-soda-elf-box-rgb14000-erfrischender-kirschgenuss-mit-stylischem-rgb-design-14000-puffs-vape\/\"]}]},{\"@type\":\"ImageObject\",\"inLanguage\":\"pl-PL\",\"@id\":\"https:\/\/www.elementvape.de\/sv\/produkt\/cherry-soda-elf-box-rgb14000-erfrischender-kirschgenuss-mit-stylischem-rgb-design-14000-puffs-vape\/#primaryimage\",\"url\":\"https:\/\/www.elementvape.de\/wp-content\/uploads\/2024\/08\/Cherry-Soda_.png\",\"contentUrl\":\"https:\/\/www.elementvape.de\/wp-content\/uploads\/2024\/08\/Cherry-Soda_.png\",\"width\":1000,\"height\":1000,\"caption\":\"Cherry Soda\"},{\"@type\":\"BreadcrumbList\",\"@id\":\"https:\/\/www.elementvape.de\/sv\/produkt\/cherry-soda-elf-box-rgb14000-erfrischender-kirschgenuss-mit-stylischem-rgb-design-14000-puffs-vape\/#breadcrumb\",\"itemListElement\":[{\"@type\":\"ListItem\",\"position\":1,\"name\":\"Home\",\"item\":\"https:\/\/www.elementvape.de\/\"},{\"@type\":\"ListItem\",\"position\":2,\"name\":\"Shop\",\"item\":\"https:\/\/www.elementvape.de\/shop\/\"},{\"@type\":\"ListItem\",\"position\":3,\"name\":\"Cherry Soda ELF BOX RGB14000 Erfrischender Kirschgenuss mit stylischem RGB-Design 14000 PUFFS VAPE\"}]},{\"@type\":\"WebSite\",\"@id\":\"https:\/\/www.elementvape.de\/#website\",\"url\":\"https:\/\/www.elementvape.de\/\",\"name\":\"ElementVape.de\",\"description\":\"\",\"publisher\":{\"@id\":\"https:\/\/www.elementvape.de\/#organization\"},\"potentialAction\":[{\"@type\":\"SearchAction\",\"target\":{\"@type\":\"EntryPoint\",\"urlTemplate\":\"https:\/\/www.elementvape.de\/?s={search_term_string}\"},\"query-input\":\"required name=search_term_string\"}],\"inLanguage\":\"pl-PL\"},{\"@type\":\"Organization\",\"@id\":\"https:\/\/www.elementvape.de\/#organization\",\"name\":\"ElementVape.DE\",\"url\":\"https:\/\/www.elementvape.de\/\",\"logo\":{\"@type\":\"ImageObject\",\"inLanguage\":\"pl-PL\",\"@id\":\"https:\/\/www.elementvape.de\/#\/schema\/logo\/image\/\",\"url\":\"https:\/\/www.elementvape.de\/wp-content\/uploads\/2024\/09\/cropped-1elementvape-3.png\",\"contentUrl\":\"https:\/\/www.elementvape.de\/wp-content\/uploads\/2024\/09\/cropped-1elementvape-3.png\",\"width\":285,\"height\":228,\"caption\":\"ElementVape.DE\"},\"image\":{\"@id\":\"https:\/\/www.elementvape.de\/#\/schema\/logo\/image\/\"}}]}<\/script>\n<!-- \/ Yoast SEO plugin. -->","yoast_head_json":{"title":"Cherry Soda ELF BOX RGB14000 Erfrischender Kirschgenuss mit stylischem RGB-Design 14000 PUFFS VAPE | ElementVape.de","description":"Wir bieten Cherry Soda ELF BOX RGB14000 Erfrischender Kirschgenuss mit stylischem RGB-Design 14000 PUFFS VAPE , Elementvape.de akzeptieren Gro\u00df-und Einzelhandel Bestellungen.","robots":{"index":"index","follow":"follow","max-snippet":"max-snippet:-1","max-image-preview":"max-image-preview:large","max-video-preview":"max-video-preview:-1"},"canonical":"https:\/\/www.elementvape.de\/pl\/produkt\/cherry-soda-elf-box-rgb14000-erfrischender-kirschgenuss-mit-stylischem-rgb-design-14000-puffs-vape\/","og_locale":"pl_PL","og_type":"article","og_title":"Cherry Soda ELF BOX RGB14000 Erfrischender Kirschgenuss mit stylischem RGB-Design 14000 PUFFS VAPE | ElementVape.de","og_description":"Wir bieten Cherry Soda ELF BOX RGB14000 Erfrischender Kirschgenuss mit stylischem RGB-Design 14000 PUFFS VAPE , Elementvape.de akzeptieren Gro\u00df-und Einzelhandel Bestellungen.","og_url":"https:\/\/www.elementvape.de\/pl\/produkt\/cherry-soda-elf-box-rgb14000-erfrischender-kirschgenuss-mit-stylischem-rgb-design-14000-puffs-vape\/","og_site_name":"ElementVape.de","article_modified_time":"2024-12-12T06:34:44+00:00","og_image":[{"width":1000,"height":1000,"url":"https:\/\/www.elementvape.de\/wp-content\/uploads\/2024\/08\/Cherry-Soda_.png","type":"image\/png"}],"twitter_card":"summary_large_image","twitter_misc":{"Est. reading time":"3 minuty"},"schema":{"@context":"https:\/\/schema.org","@graph":[{"@type":"WebPage","@id":"https:\/\/www.elementvape.de\/sv\/produkt\/cherry-soda-elf-box-rgb14000-erfrischender-kirschgenuss-mit-stylischem-rgb-design-14000-puffs-vape\/","url":"https:\/\/www.elementvape.de\/sv\/produkt\/cherry-soda-elf-box-rgb14000-erfrischender-kirschgenuss-mit-stylischem-rgb-design-14000-puffs-vape\/","name":"Cherry Soda ELF BOX RGB14000 Erfrischender Kirschgenuss mit stylischem RGB-Design 14000 PUFFS VAPE | ElementVape.de","isPartOf":{"@id":"https:\/\/www.elementvape.de\/#website"},"primaryImageOfPage":{"@id":"https:\/\/www.elementvape.de\/sv\/produkt\/cherry-soda-elf-box-rgb14000-erfrischender-kirschgenuss-mit-stylischem-rgb-design-14000-puffs-vape\/#primaryimage"},"image":{"@id":"https:\/\/www.elementvape.de\/sv\/produkt\/cherry-soda-elf-box-rgb14000-erfrischender-kirschgenuss-mit-stylischem-rgb-design-14000-puffs-vape\/#primaryimage"},"thumbnailUrl":"https:\/\/www.elementvape.de\/wp-content\/uploads\/2024\/08\/Cherry-Soda_.png","datePublished":"2024-08-19T02:37:09+00:00","dateModified":"2024-12-12T06:34:44+00:00","description":"Wir bieten Cherry Soda ELF BOX RGB14000 Erfrischender Kirschgenuss mit stylischem RGB-Design 14000 PUFFS VAPE , Elementvape.de akzeptieren Gro\u00df-und Einzelhandel Bestellungen.","breadcrumb":{"@id":"https:\/\/www.elementvape.de\/sv\/produkt\/cherry-soda-elf-box-rgb14000-erfrischender-kirschgenuss-mit-stylischem-rgb-design-14000-puffs-vape\/#breadcrumb"},"inLanguage":"pl-PL","potentialAction":[{"@type":"ReadAction","target":["https:\/\/www.elementvape.de\/sv\/produkt\/cherry-soda-elf-box-rgb14000-erfrischender-kirschgenuss-mit-stylischem-rgb-design-14000-puffs-vape\/"]}]},{"@type":"ImageObject","inLanguage":"pl-PL","@id":"https:\/\/www.elementvape.de\/sv\/produkt\/cherry-soda-elf-box-rgb14000-erfrischender-kirschgenuss-mit-stylischem-rgb-design-14000-puffs-vape\/#primaryimage","url":"https:\/\/www.elementvape.de\/wp-content\/uploads\/2024\/08\/Cherry-Soda_.png","contentUrl":"https:\/\/www.elementvape.de\/wp-content\/uploads\/2024\/08\/Cherry-Soda_.png","width":1000,"height":1000,"caption":"Cherry Soda"},{"@type":"BreadcrumbList","@id":"https:\/\/www.elementvape.de\/sv\/produkt\/cherry-soda-elf-box-rgb14000-erfrischender-kirschgenuss-mit-stylischem-rgb-design-14000-puffs-vape\/#breadcrumb","itemListElement":[{"@type":"ListItem","position":1,"name":"Home","item":"https:\/\/www.elementvape.de\/"},{"@type":"ListItem","position":2,"name":"Shop","item":"https:\/\/www.elementvape.de\/shop\/"},{"@type":"ListItem","position":3,"name":"Cherry Soda ELF BOX RGB14000 Erfrischender Kirschgenuss mit stylischem RGB-Design 14000 PUFFS VAPE"}]},{"@type":"WebSite","@id":"https:\/\/www.elementvape.de\/#website","url":"https:\/\/www.elementvape.de\/","name":"ElementVape.de","description":"","publisher":{"@id":"https:\/\/www.elementvape.de\/#organization"},"potentialAction":[{"@type":"SearchAction","target":{"@type":"EntryPoint","urlTemplate":"https:\/\/www.elementvape.de\/?s={search_term_string}"},"query-input":"required name=search_term_string"}],"inLanguage":"pl-PL"},{"@type":"Organization","@id":"https:\/\/www.elementvape.de\/#organization","name":"ElementVape.DE","url":"https:\/\/www.elementvape.de\/","logo":{"@type":"ImageObject","inLanguage":"pl-PL","@id":"https:\/\/www.elementvape.de\/#\/schema\/logo\/image\/","url":"https:\/\/www.elementvape.de\/wp-content\/uploads\/2024\/09\/cropped-1elementvape-3.png","contentUrl":"https:\/\/www.elementvape.de\/wp-content\/uploads\/2024\/09\/cropped-1elementvape-3.png","width":285,"height":228,"caption":"ElementVape.DE"},"image":{"@id":"https:\/\/www.elementvape.de\/#\/schema\/logo\/image\/"}}]}},"_links":{"self":[{"href":"https:\/\/www.elementvape.de\/pl\/wp-json\/wp\/v2\/product\/13840"}],"collection":[{"href":"https:\/\/www.elementvape.de\/pl\/wp-json\/wp\/v2\/product"}],"about":[{"href":"https:\/\/www.elementvape.de\/pl\/wp-json\/wp\/v2\/types\/product"}],"wp:featuredmedia":[{"embeddable":true,"href":"https:\/\/www.elementvape.de\/pl\/wp-json\/wp\/v2\/media\/13841"}],"wp:attachment":[{"href":"https:\/\/www.elementvape.de\/pl\/wp-json\/wp\/v2\/media?parent=13840"}],"wp:term":[{"taxonomy":"product_cat","embeddable":true,"href":"https:\/\/www.elementvape.de\/pl\/wp-json\/wp\/v2\/product_cat?post=13840"},{"taxonomy":"product_tag","embeddable":true,"href":"https:\/\/www.elementvape.de\/pl\/wp-json\/wp\/v2\/product_tag?post=13840"}],"curies":[{"name":"wp","href":"https:\/\/api.w.org\/{rel}","templated":true}]}}