{"id":13833,"date":"2024-08-17T09:00:18","date_gmt":"2024-08-17T09:00:18","guid":{"rendered":"https:\/\/www.elementvape.de\/?post_type=product&#038;p=13833"},"modified":"2024-12-12T06:34:47","modified_gmt":"2024-12-12T06:34:47","slug":"elf-box-rgb14000-double-apple-eine-fusion-aus-fruchtiger-apfeldoppelfrische-und-modernem-rgb-design","status":"publish","type":"product","link":"https:\/\/www.elementvape.de\/pl\/produkt\/elf-box-rgb14000-double-apple-eine-fusion-aus-fruchtiger-apfeldoppelfrische-und-modernem-rgb-design\/","title":{"rendered":"ELF BOX RGB14000 Double Apple \u2013 po\u0142\u0105czenie owocowej \u015bwie\u017co\u015bci jab\u0142ka z nowoczesnym designem RGB"},"content":{"rendered":"<div class=\"flex-shrink-0 flex flex-col relative items-end\">\n<div>\n<div class=\"pt-0\">\n<div class=\"gizmo-bot-avatar flex h-8 w-8 items-center justify-center overflow-hidden rounded-full\">\n<div class=\"relative p-1 rounded-sm flex items-center justify-center bg-token-main-surface-primary text-token-text-primary h-8 w-8\"><\/div>\n<\/div>\n<\/div>\n<\/div>\n<\/div>\n<div class=\"group\/conversation-turn relative flex w-full min-w-0 flex-col agent-turn\">\n<div class=\"flex-col gap-1 md:gap-3\">\n<div class=\"flex max-w-full flex-col flex-grow\">\n<div class=\"min-h-[20px] text-message flex w-full flex-col items-end gap-2 whitespace-pre-wrap break-words [.text-message+&amp;]:mt-5 overflow-x-auto\" dir=\"auto\" data-message-author-role=\"assistant\" data-message-id=\"05a20f00-c474-46d3-9214-588c2fc8b7f0\">\n<div class=\"flex w-full flex-col gap-1 empty:hidden first:pt-[3px]\">\n<div class=\"markdown prose w-full break-words dark:prose-invert light\">\n<h3>ELF BOX RGB14000 Double Apple \u2013 Podw\u00f3jna \u015bwie\u017co\u015b\u0107 jab\u0142ka dla Twoich zmys\u0142\u00f3w<\/h3>\n<p>Do\u015bwiadcz idealnego po\u0142\u0105czenia owocowej \u015bwie\u017co\u015bci i nowoczesnego designu z ELF BOX RGB14000 Double Apple. To <strong><a href=\"https:\/\/www.elementvape.de\/pl\/\">E-papieros<\/a><\/strong> przynosi niepowtarzalny smak podw\u00f3jnego jab\u0142ka \u2013 harmonijne po\u0142\u0105czenie s\u0142odkich i kwa\u015bnych nut jab\u0142ka, kt\u00f3re zabior\u0105 Twoje kubki smakowe na ekscytuj\u0105c\u0105 podr\u00f3\u017c. Z ka\u017cdym zaci\u0105gni\u0119ciem przeniesiesz si\u0119 do \u015bwiata soczystych aromat\u00f3w jab\u0142ka, kt\u00f3re nie tylko od\u015bwie\u017caj\u0105, ale tak\u017ce zachwycaj\u0105.<\/p>\n<p>O z pojemno\u015bci do 15 000 zaci\u0105gni\u0119\u0107, ELF BOX RGB14000 zapewnia d\u0142ugotrwa\u0142e korzystanie z tej podw\u00f3jnej \u015bwie\u017co\u015bci jab\u0142ka. 1,0 Ohm Mesh Coil gwarantuje r\u00f3wnomiern\u0105 produkcj\u0119 pary, co podkre\u015bla intensywny smak. Dodatkowo, pojemno\u015b\u0107 25 ml e-liquid zapewnia wystarczaj\u0105cy zapas, aby cieszy\u0107 si\u0119 d\u0142ugimi godzinami bez konieczno\u015bci cz\u0119stego uzupe\u0142niania.<\/p>\n<h3>Nowoczesny design RGB \u0142\u0105czy si\u0119 z eleganckim vapowaniem<\/h3>\n<p>ELF BOX RGB14000 Double Apple to nie tylko kulinarne doznanie, ale tak\u017ce stylowy wygl\u0105d. Dzi\u0119ki zintegrowanej technologii RGB \u015bwiat\u0142o, ka\u017cde vapowanie staje si\u0119 wizualnym prze\u017cyciem. Jasne kolory lampy wy\u015bcigowej zamieniaj\u0105 ka\u017cdy zaci\u0105gni\u0119cie w imponuj\u0105cy spektakl \u015bwietlny, kt\u00f3ry zachwyca zar\u00f3wno wizualnie, jak i atmosferycznie. Ta futurystyczna iluminacja nadaje Twojemu do\u015bwiadczeniu vapowania wyj\u0105tkowy charakter i czyni ELF BOX prawdziw\u0105 ozdob\u0105.<\/p>\n<p>Dzi\u0119ki por\u0119cznemu designowi i kompaktowym wymiarom 35 mm x 36 mm x 133,5 mm ELF BOX RGB14000 idealnie mie\u015bci si\u0119 w ka\u017cdej torbie i jest \u015bwietny na wyj\u015bcia. Niewielka waga 100 g i do\u0142\u0105czony pasek do noszenia sprawiaj\u0105, \u017ce \u0142atwo mie\u0107 e-papierosa zawsze pod r\u0119k\u0105. Bez wzgl\u0119du na to, gdzie jeste\u015b, stylowe pod\u015bwietlenia RGB zapewniaj\u0105, \u017ce Twoje vapowanie zawsze wygl\u0105da \u015bwietnie.<\/p>\n<h3>Wydajny, praktyczny i gotowy do codziennego u\u017cytku<\/h3>\n<p>ELF BOX RGB14000 Double Apple \u0142\u0105czy innowacyjn\u0105 technologi\u0119 z praktyczn\u0105 obs\u0142ug\u0105. Bateria 18250 o pojemno\u015bci 600 mAh zapewnia d\u0142ugi czas pracy, dzi\u0119ki czemu mo\u017cesz cieszy\u0107 si\u0119 intensywnym smakiem podw\u00f3jnego jab\u0142ka i imponuj\u0105cym pod\u015bwietleniem RGB bez przerw. Dzi\u0119ki z\u0142\u0105czu USB Typ-C \u0142adowanie jest szybkie i proste, co pozwala by\u0107 zawsze gotowym na kolejn\u0105 sesj\u0119 vapowania.<\/p>\n<p>Ten e-papieros to idealny wyb\u00f3r dla vapowicz\u00f3w, kt\u00f3rzy ceni\u0105 sobie nie tylko najwy\u017cszej jako\u015bci doznania smakowe, ale tak\u017ce nowoczesny design i \u0142atwo\u015b\u0107 obs\u0142ugi. Z ELF BOX RGB14000 Double Apple otrzymujesz wydajny, stylowy i niezawodny e-papieros, kt\u00f3ry podnosi Twoje vapowanie na nowy poziom. Pozw\u00f3l sobie na podw\u00f3jn\u0105 \u015bwie\u017co\u015b\u0107 jab\u0142ka i prze\u017cyj wyj\u0105tkowe do\u015bwiadczenie vapowania!<\/p>\n<\/div>\n<\/div>\n<\/div>\n<\/div>\n<\/div>\n<\/div>","protected":false},"excerpt":{"rendered":"<p>ELF BOX RGB14000 Double Apple \u2013 Die doppelte Apfelfrische f\u00fcr deine Sinne Erlebe die perfekte Fusion aus fruchtiger Frische und modernem Design mit der ELF BOX RGB14000 Double Apple. Diese E-Zigarette bringt den unverwechselbaren Geschmack von doppeltem Apfel \u2013 eine harmonische Kombination aus s\u00fc\u00dfen und sauren Apfelnoten, die deine Geschmacksknospen auf eine aufregende Reise schicken. [&hellip;]<\/p>","protected":false},"featured_media":13834,"template":"","meta":{"inline_featured_image":false},"product_cat":[15,78,747,740,734,753,718,732],"product_tag":[710,674],"tiered_pricing_type":"fixed","tiered_pricing_fixed_rules":{"110":"7.54","200":"6.68","500":"5.85"},"tiered_pricing_percentage_rules":[],"tiered_pricing_minimum":1,"_administrator_tiered_pricing_type":"fixed","_administrator_tiered_pricing_fixed_rules":[],"_editor_tiered_pricing_type":"fixed","_editor_tiered_pricing_fixed_rules":[],"_author_tiered_pricing_type":"fixed","_author_tiered_pricing_fixed_rules":[],"_contributor_tiered_pricing_type":"fixed","_contributor_tiered_pricing_fixed_rules":[],"_subscriber_tiered_pricing_type":"fixed","_subscriber_tiered_pricing_fixed_rules":[],"_customer_tiered_pricing_type":"fixed","_customer_tiered_pricing_fixed_rules":[],"_shop_manager_tiered_pricing_type":"fixed","_shop_manager_tiered_pricing_fixed_rules":[],"_wpseo_manager_tiered_pricing_type":"fixed","_wpseo_manager_tiered_pricing_fixed_rules":[],"_wpseo_editor_tiered_pricing_type":"fixed","_wpseo_editor_tiered_pricing_fixed_rules":[],"_wholesale_customer_tiered_pricing_type":"fixed","_wholesale_customer_tiered_pricing_fixed_rules":[],"_marketer_tiered_pricing_type":"fixed","_marketer_tiered_pricing_fixed_rules":[],"_sales_manager_tiered_pricing_type":"fixed","_sales_manager_tiered_pricing_fixed_rules":[],"_sales_rep_tiered_pricing_type":"fixed","_sales_rep_tiered_pricing_fixed_rules":[],"yoast_head":"<!-- This site is optimized with the Yoast SEO plugin v23.3 - https:\/\/yoast.com\/wordpress\/plugins\/seo\/ -->\n<title>ELF BOX RGB14000 Double Apple Eine Fusion aus fruchtiger Apfeldoppelfrische und modernem RGB-Design | ElementVape.de<\/title>\n<meta name=\"description\" content=\"Wir bieten ELF BOX RGB14000 Double Apple Eine Fusion aus fruchtiger Apfeldoppelfrische und modernem RGB-Design , Elementvape.de akzeptieren Gro\u00df-und Einzelhandel Bestellungen.\" \/>\n<meta name=\"robots\" content=\"index, follow, max-snippet:-1, max-image-preview:large, max-video-preview:-1\" \/>\n<link rel=\"canonical\" href=\"https:\/\/www.elementvape.de\/pl\/produkt\/elf-box-rgb14000-double-apple-eine-fusion-aus-fruchtiger-apfeldoppelfrische-und-modernem-rgb-design\/\" \/>\n<meta property=\"og:locale\" content=\"pl_PL\" \/>\n<meta property=\"og:type\" content=\"article\" \/>\n<meta property=\"og:title\" content=\"ELF BOX RGB14000 Double Apple Eine Fusion aus fruchtiger Apfeldoppelfrische und modernem RGB-Design | ElementVape.de\" \/>\n<meta property=\"og:description\" content=\"Wir bieten ELF BOX RGB14000 Double Apple Eine Fusion aus fruchtiger Apfeldoppelfrische und modernem RGB-Design , Elementvape.de akzeptieren Gro\u00df-und Einzelhandel Bestellungen.\" \/>\n<meta property=\"og:url\" content=\"https:\/\/www.elementvape.de\/pl\/produkt\/elf-box-rgb14000-double-apple-eine-fusion-aus-fruchtiger-apfeldoppelfrische-und-modernem-rgb-design\/\" \/>\n<meta property=\"og:site_name\" content=\"ElementVape.de\" \/>\n<meta property=\"article:modified_time\" content=\"2024-12-12T06:34:47+00:00\" \/>\n<meta property=\"og:image\" content=\"https:\/\/www.elementvape.de\/wp-content\/uploads\/2024\/08\/Double-Apple_.png\" \/>\n\t<meta property=\"og:image:width\" content=\"1000\" \/>\n\t<meta property=\"og:image:height\" content=\"1000\" \/>\n\t<meta property=\"og:image:type\" content=\"image\/png\" \/>\n<meta name=\"twitter:card\" content=\"summary_large_image\" \/>\n<meta name=\"twitter:label1\" content=\"Est. reading time\" \/>\n\t<meta name=\"twitter:data1\" content=\"3 minuty\" \/>\n<script type=\"application\/ld+json\" class=\"yoast-schema-graph\">{\"@context\":\"https:\/\/schema.org\",\"@graph\":[{\"@type\":\"WebPage\",\"@id\":\"https:\/\/www.elementvape.de\/es\/produkt\/elf-box-rgb14000-double-apple-eine-fusion-aus-fruchtiger-apfeldoppelfrische-und-modernem-rgb-design\/\",\"url\":\"https:\/\/www.elementvape.de\/es\/produkt\/elf-box-rgb14000-double-apple-eine-fusion-aus-fruchtiger-apfeldoppelfrische-und-modernem-rgb-design\/\",\"name\":\"ELF BOX RGB14000 Double Apple Eine Fusion aus fruchtiger Apfeldoppelfrische und modernem RGB-Design | ElementVape.de\",\"isPartOf\":{\"@id\":\"https:\/\/www.elementvape.de\/#website\"},\"primaryImageOfPage\":{\"@id\":\"https:\/\/www.elementvape.de\/es\/produkt\/elf-box-rgb14000-double-apple-eine-fusion-aus-fruchtiger-apfeldoppelfrische-und-modernem-rgb-design\/#primaryimage\"},\"image\":{\"@id\":\"https:\/\/www.elementvape.de\/es\/produkt\/elf-box-rgb14000-double-apple-eine-fusion-aus-fruchtiger-apfeldoppelfrische-und-modernem-rgb-design\/#primaryimage\"},\"thumbnailUrl\":\"https:\/\/www.elementvape.de\/wp-content\/uploads\/2024\/08\/Double-Apple_.png\",\"datePublished\":\"2024-08-17T09:00:18+00:00\",\"dateModified\":\"2024-12-12T06:34:47+00:00\",\"description\":\"Wir bieten ELF BOX RGB14000 Double Apple Eine Fusion aus fruchtiger Apfeldoppelfrische und modernem RGB-Design , Elementvape.de akzeptieren Gro\u00df-und Einzelhandel Bestellungen.\",\"breadcrumb\":{\"@id\":\"https:\/\/www.elementvape.de\/es\/produkt\/elf-box-rgb14000-double-apple-eine-fusion-aus-fruchtiger-apfeldoppelfrische-und-modernem-rgb-design\/#breadcrumb\"},\"inLanguage\":\"pl-PL\",\"potentialAction\":[{\"@type\":\"ReadAction\",\"target\":[\"https:\/\/www.elementvape.de\/es\/produkt\/elf-box-rgb14000-double-apple-eine-fusion-aus-fruchtiger-apfeldoppelfrische-und-modernem-rgb-design\/\"]}]},{\"@type\":\"ImageObject\",\"inLanguage\":\"pl-PL\",\"@id\":\"https:\/\/www.elementvape.de\/es\/produkt\/elf-box-rgb14000-double-apple-eine-fusion-aus-fruchtiger-apfeldoppelfrische-und-modernem-rgb-design\/#primaryimage\",\"url\":\"https:\/\/www.elementvape.de\/wp-content\/uploads\/2024\/08\/Double-Apple_.png\",\"contentUrl\":\"https:\/\/www.elementvape.de\/wp-content\/uploads\/2024\/08\/Double-Apple_.png\",\"width\":1000,\"height\":1000,\"caption\":\"Double Apple\"},{\"@type\":\"BreadcrumbList\",\"@id\":\"https:\/\/www.elementvape.de\/es\/produkt\/elf-box-rgb14000-double-apple-eine-fusion-aus-fruchtiger-apfeldoppelfrische-und-modernem-rgb-design\/#breadcrumb\",\"itemListElement\":[{\"@type\":\"ListItem\",\"position\":1,\"name\":\"Home\",\"item\":\"https:\/\/www.elementvape.de\/\"},{\"@type\":\"ListItem\",\"position\":2,\"name\":\"Shop\",\"item\":\"https:\/\/www.elementvape.de\/shop\/\"},{\"@type\":\"ListItem\",\"position\":3,\"name\":\"ELF BOX RGB14000 Double Apple Eine Fusion aus fruchtiger Apfeldoppelfrische und modernem RGB-Design\"}]},{\"@type\":\"WebSite\",\"@id\":\"https:\/\/www.elementvape.de\/#website\",\"url\":\"https:\/\/www.elementvape.de\/\",\"name\":\"ElementVape.de\",\"description\":\"\",\"publisher\":{\"@id\":\"https:\/\/www.elementvape.de\/#organization\"},\"potentialAction\":[{\"@type\":\"SearchAction\",\"target\":{\"@type\":\"EntryPoint\",\"urlTemplate\":\"https:\/\/www.elementvape.de\/?s={search_term_string}\"},\"query-input\":\"required name=search_term_string\"}],\"inLanguage\":\"pl-PL\"},{\"@type\":\"Organization\",\"@id\":\"https:\/\/www.elementvape.de\/#organization\",\"name\":\"ElementVape.DE\",\"url\":\"https:\/\/www.elementvape.de\/\",\"logo\":{\"@type\":\"ImageObject\",\"inLanguage\":\"pl-PL\",\"@id\":\"https:\/\/www.elementvape.de\/#\/schema\/logo\/image\/\",\"url\":\"https:\/\/www.elementvape.de\/wp-content\/uploads\/2024\/09\/cropped-1elementvape-3.png\",\"contentUrl\":\"https:\/\/www.elementvape.de\/wp-content\/uploads\/2024\/09\/cropped-1elementvape-3.png\",\"width\":285,\"height\":228,\"caption\":\"ElementVape.DE\"},\"image\":{\"@id\":\"https:\/\/www.elementvape.de\/#\/schema\/logo\/image\/\"}}]}<\/script>\n<!-- \/ Yoast SEO plugin. -->","yoast_head_json":{"title":"ELF BOX RGB14000 Double Apple Eine Fusion aus fruchtiger Apfeldoppelfrische und modernem RGB-Design | ElementVape.de","description":"Wir bieten ELF BOX RGB14000 Double Apple Eine Fusion aus fruchtiger Apfeldoppelfrische und modernem RGB-Design , Elementvape.de akzeptieren Gro\u00df-und Einzelhandel Bestellungen.","robots":{"index":"index","follow":"follow","max-snippet":"max-snippet:-1","max-image-preview":"max-image-preview:large","max-video-preview":"max-video-preview:-1"},"canonical":"https:\/\/www.elementvape.de\/pl\/produkt\/elf-box-rgb14000-double-apple-eine-fusion-aus-fruchtiger-apfeldoppelfrische-und-modernem-rgb-design\/","og_locale":"pl_PL","og_type":"article","og_title":"ELF BOX RGB14000 Double Apple Eine Fusion aus fruchtiger Apfeldoppelfrische und modernem RGB-Design | ElementVape.de","og_description":"Wir bieten ELF BOX RGB14000 Double Apple Eine Fusion aus fruchtiger Apfeldoppelfrische und modernem RGB-Design , Elementvape.de akzeptieren Gro\u00df-und Einzelhandel Bestellungen.","og_url":"https:\/\/www.elementvape.de\/pl\/produkt\/elf-box-rgb14000-double-apple-eine-fusion-aus-fruchtiger-apfeldoppelfrische-und-modernem-rgb-design\/","og_site_name":"ElementVape.de","article_modified_time":"2024-12-12T06:34:47+00:00","og_image":[{"width":1000,"height":1000,"url":"https:\/\/www.elementvape.de\/wp-content\/uploads\/2024\/08\/Double-Apple_.png","type":"image\/png"}],"twitter_card":"summary_large_image","twitter_misc":{"Est. reading time":"3 minuty"},"schema":{"@context":"https:\/\/schema.org","@graph":[{"@type":"WebPage","@id":"https:\/\/www.elementvape.de\/es\/produkt\/elf-box-rgb14000-double-apple-eine-fusion-aus-fruchtiger-apfeldoppelfrische-und-modernem-rgb-design\/","url":"https:\/\/www.elementvape.de\/es\/produkt\/elf-box-rgb14000-double-apple-eine-fusion-aus-fruchtiger-apfeldoppelfrische-und-modernem-rgb-design\/","name":"ELF BOX RGB14000 Double Apple Eine Fusion aus fruchtiger Apfeldoppelfrische und modernem RGB-Design | ElementVape.de","isPartOf":{"@id":"https:\/\/www.elementvape.de\/#website"},"primaryImageOfPage":{"@id":"https:\/\/www.elementvape.de\/es\/produkt\/elf-box-rgb14000-double-apple-eine-fusion-aus-fruchtiger-apfeldoppelfrische-und-modernem-rgb-design\/#primaryimage"},"image":{"@id":"https:\/\/www.elementvape.de\/es\/produkt\/elf-box-rgb14000-double-apple-eine-fusion-aus-fruchtiger-apfeldoppelfrische-und-modernem-rgb-design\/#primaryimage"},"thumbnailUrl":"https:\/\/www.elementvape.de\/wp-content\/uploads\/2024\/08\/Double-Apple_.png","datePublished":"2024-08-17T09:00:18+00:00","dateModified":"2024-12-12T06:34:47+00:00","description":"Wir bieten ELF BOX RGB14000 Double Apple Eine Fusion aus fruchtiger Apfeldoppelfrische und modernem RGB-Design , Elementvape.de akzeptieren Gro\u00df-und Einzelhandel Bestellungen.","breadcrumb":{"@id":"https:\/\/www.elementvape.de\/es\/produkt\/elf-box-rgb14000-double-apple-eine-fusion-aus-fruchtiger-apfeldoppelfrische-und-modernem-rgb-design\/#breadcrumb"},"inLanguage":"pl-PL","potentialAction":[{"@type":"ReadAction","target":["https:\/\/www.elementvape.de\/es\/produkt\/elf-box-rgb14000-double-apple-eine-fusion-aus-fruchtiger-apfeldoppelfrische-und-modernem-rgb-design\/"]}]},{"@type":"ImageObject","inLanguage":"pl-PL","@id":"https:\/\/www.elementvape.de\/es\/produkt\/elf-box-rgb14000-double-apple-eine-fusion-aus-fruchtiger-apfeldoppelfrische-und-modernem-rgb-design\/#primaryimage","url":"https:\/\/www.elementvape.de\/wp-content\/uploads\/2024\/08\/Double-Apple_.png","contentUrl":"https:\/\/www.elementvape.de\/wp-content\/uploads\/2024\/08\/Double-Apple_.png","width":1000,"height":1000,"caption":"Double Apple"},{"@type":"BreadcrumbList","@id":"https:\/\/www.elementvape.de\/es\/produkt\/elf-box-rgb14000-double-apple-eine-fusion-aus-fruchtiger-apfeldoppelfrische-und-modernem-rgb-design\/#breadcrumb","itemListElement":[{"@type":"ListItem","position":1,"name":"Home","item":"https:\/\/www.elementvape.de\/"},{"@type":"ListItem","position":2,"name":"Shop","item":"https:\/\/www.elementvape.de\/shop\/"},{"@type":"ListItem","position":3,"name":"ELF BOX RGB14000 Double Apple Eine Fusion aus fruchtiger Apfeldoppelfrische und modernem RGB-Design"}]},{"@type":"WebSite","@id":"https:\/\/www.elementvape.de\/#website","url":"https:\/\/www.elementvape.de\/","name":"ElementVape.de","description":"","publisher":{"@id":"https:\/\/www.elementvape.de\/#organization"},"potentialAction":[{"@type":"SearchAction","target":{"@type":"EntryPoint","urlTemplate":"https:\/\/www.elementvape.de\/?s={search_term_string}"},"query-input":"required name=search_term_string"}],"inLanguage":"pl-PL"},{"@type":"Organization","@id":"https:\/\/www.elementvape.de\/#organization","name":"ElementVape.DE","url":"https:\/\/www.elementvape.de\/","logo":{"@type":"ImageObject","inLanguage":"pl-PL","@id":"https:\/\/www.elementvape.de\/#\/schema\/logo\/image\/","url":"https:\/\/www.elementvape.de\/wp-content\/uploads\/2024\/09\/cropped-1elementvape-3.png","contentUrl":"https:\/\/www.elementvape.de\/wp-content\/uploads\/2024\/09\/cropped-1elementvape-3.png","width":285,"height":228,"caption":"ElementVape.DE"},"image":{"@id":"https:\/\/www.elementvape.de\/#\/schema\/logo\/image\/"}}]}},"_links":{"self":[{"href":"https:\/\/www.elementvape.de\/pl\/wp-json\/wp\/v2\/product\/13833"}],"collection":[{"href":"https:\/\/www.elementvape.de\/pl\/wp-json\/wp\/v2\/product"}],"about":[{"href":"https:\/\/www.elementvape.de\/pl\/wp-json\/wp\/v2\/types\/product"}],"wp:featuredmedia":[{"embeddable":true,"href":"https:\/\/www.elementvape.de\/pl\/wp-json\/wp\/v2\/media\/13834"}],"wp:attachment":[{"href":"https:\/\/www.elementvape.de\/pl\/wp-json\/wp\/v2\/media?parent=13833"}],"wp:term":[{"taxonomy":"product_cat","embeddable":true,"href":"https:\/\/www.elementvape.de\/pl\/wp-json\/wp\/v2\/product_cat?post=13833"},{"taxonomy":"product_tag","embeddable":true,"href":"https:\/\/www.elementvape.de\/pl\/wp-json\/wp\/v2\/product_tag?post=13833"}],"curies":[{"name":"wp","href":"https:\/\/api.w.org\/{rel}","templated":true}]}}