{"id":13771,"date":"2024-08-15T09:33:41","date_gmt":"2024-08-15T09:33:41","guid":{"rendered":"https:\/\/www.elementvape.de\/?post_type=product&#038;p=13771"},"modified":"2024-12-12T06:34:54","modified_gmt":"2024-12-12T06:34:54","slug":"unleash-the-power-red-bull-elf-box-pulse-x-15000-puffs-in-pulse-mode","status":"publish","type":"product","link":"https:\/\/www.elementvape.de\/pl\/produkt\/unleash-the-power-red-bull-elf-box-pulse-x-15000-puffs-in-pulse-mode\/","title":{"rendered":"Uwolnij moc Red Bull ELF BOX PULSE X 15000 poci\u0105gni\u0119\u0107 w trybie pulsacyjnym"},"content":{"rendered":"<h2>Uwolnij moc \u2013 Red Bull ELF BOX PULSE X<\/h2>\n<table>\n<thead>\n<tr>\n<th>Cecha<\/th>\n<th>Specyfikacja<\/th>\n<\/tr>\n<\/thead>\n<tbody>\n<tr>\n<td><strong>Z\u0119by (tryb pulsacyjny)<\/strong><\/td>\n<td>15.000<\/td>\n<\/tr>\n<tr>\n<td><strong>Podw\u00f3jna cewka Mesh<\/strong><\/td>\n<td>0,8\u03a9 + 0,8\u03a9<\/td>\n<\/tr>\n<tr>\n<td><strong>E-liquid<\/strong><\/td>\n<td>18 ml<\/td>\n<\/tr>\n<tr>\n<td><strong>N<\/strong><\/td>\n<td>2% \/ 5%<\/td>\n<\/tr>\n<tr>\n<td><strong>Bateria<\/strong><\/td>\n<td>13500-750mAh<\/td>\n<\/tr>\n<tr>\n<td><strong>Ekran<\/strong><\/td>\n<td>Ekran zakrzywiony 3D, Regulacja mocy AI<\/td>\n<\/tr>\n<tr>\n<td><strong>Technologia<\/strong><\/td>\n<td>Moc Pulse, Super Boost VPU Inside<\/td>\n<\/tr>\n<tr>\n<td><strong>\u0141adowalny<\/strong><\/td>\n<td>Type-C<\/td>\n<\/tr>\n<tr>\n<td><strong>Waga produktu<\/strong><\/td>\n<td>100 g<\/td>\n<\/tr>\n<tr>\n<td><strong>Rozmiar produktu<\/strong><\/td>\n<td>91.5<em>56.5<\/em>28,5mm<\/td>\n<\/tr>\n<\/tbody>\n<\/table>\n<h3>Do\u015bwiadczenie smakowe: Red Bull<\/h3>\n<table>\n<thead>\n<tr>\n<th>Aspekt<\/th>\n<th>Opis<\/th>\n<\/tr>\n<\/thead>\n<tbody>\n<tr>\n<td><strong>Aromaty<\/strong><\/td>\n<td>Orze\u017awiaj\u0105cy i pobudzaj\u0105cy smak Red Bull<\/td>\n<\/tr>\n<tr>\n<td><strong>Smak<\/strong><\/td>\n<td>S\u0142odki, lekko musuj\u0105cy, z nut\u0105 energii<\/td>\n<\/tr>\n<tr>\n<td><strong>Cechy szczeg\u00f3lne<\/strong><\/td>\n<td>Perfekcyjne odwzorowanie popularnego napoju Red Bull<\/td>\n<\/tr>\n<\/tbody>\n<\/table>\n<h3>Cechy wyr\u00f3\u017cniaj\u0105ce<\/h3>\n<h4>Tryb pulsacyjny dla maksymalnej intensywno\u015bci<\/h4>\n<ul>\n<li><strong>15 000 z\u0119b\u00f3w w trybie pulsacyjnym<\/strong>: Z 15 000 z\u0119bami w trybie pulsacyjnym do\u015bwiadczysz imponuj\u0105cej liczby z\u0119b\u00f3w, kt\u00f3re zapewni\u0105 Ci d\u0142ugotrwa\u0142\u0105 sta\u0142\u0105 moc i intensywny smak.<\/li>\n<li><strong>Optymalna wydajno\u015b\u0107<\/strong>: Tryb pulsacyjny wzmacnia ka\u017cdy z\u0105b, zapewniaj\u0105c bardziej intensywne doznania smakowe i g\u0119stsze wytwarzanie pary.<\/li>\n<\/ul>\n<h4>Super Boost VPU i AI-Power<\/h4>\n<ul>\n<li><strong>Super Boost VPU<\/strong>: Ta technologia zapewnia dodatkowy impuls mocy, kt\u00f3ry intensyfikuje produkcj\u0119 pary i smak. Ka\u017cdy z\u0105b staje si\u0119 silniejszy i bardziej aromatyczny, co czyni do\u015bwiadczenie vapowania jeszcze bardziej ekscytuj\u0105cym.<\/li>\n<li><strong>Dostosowanie AI-Power<\/strong>: Wspomagana sztuczn\u0105 inteligencj\u0105 regulacja wydajno\u015bci zapewnia, \u017ce moc e-papierosa jest automatycznie dostosowywana do Twojego stylu palenia, aby zawsze zapewni\u0107 r\u00f3wnomierne i optymalne do\u015bwiadczenie parowania.<\/li>\n<\/ul>\n<h4>Podw\u00f3jne cewki Mesh dla r\u00f3wnomiernej przyjemno\u015bci<\/h4>\n<ul>\n<li><strong>Podw\u00f3jne cewki Mesh (0,8 ohma + 0,8 ohma)<\/strong>: Podw\u00f3jne cewki Mesh zapewniaj\u0105 r\u00f3wnomierny rozk\u0142ad ciep\u0142a i sta\u0142\u0105 produkcj\u0119 pary, co optymalnie wydobywa pe\u0142ny smak aromatu Red Bull. To gwarantuje sta\u0142e, smakowe do\u015bwiadczenie parowania przy ka\u017cdym zaci\u0105gni\u0119ciu si\u0119.<\/li>\n<\/ul>\n<h3>Pot\u0119\u017cne do\u015bwiadczenie parowania<\/h3>\n<p>Z ELF BOX PULSE X i smakiem Red Bull do\u015bwiadczysz niezwyk\u0142ej kombinacji intensywnej mocy i orze\u017awiaj\u0105cego smaku. 15 000 zaci\u0105gni\u0119\u0107 w trybie pulsacyjnym, po\u0142\u0105czonych z nowoczesn\u0105 technologi\u0105 tak\u0105 jak Super Boost VPU i AI-Power Adjustment, zapewniaj\u0105 do\u015bwiadczenie parowania, kt\u00f3re jest zar\u00f3wno mocne, jak i wybitnie smakowe. Pozw\u00f3l si\u0119 porwa\u0107 energii i \u015bwie\u017co\u015bci aromatu Red Bull i ciesz si\u0119 do\u015bwiadczeniem parowania, kt\u00f3re nie zawiedzie \u017cadnych oczekiwa\u0144.<\/p>","protected":false},"excerpt":{"rendered":"<p>Uwolnij moc \u2013 Red Bull ELF BOX PULSE X cechy specyfikacja Zaci\u0105gni\u0119cia (tryb pulsacyjny) 15 000 Podw\u00f3jna siatka grza\u0142ek 0,8 ohm + 0,8 ohm E-liquid 18 ml N 2% \/ 5% Bateria 13500-750mAh Ekran 3D zakrzywiony ekran, technologia AI do regulacji mocy Pulsowa moc, Super Boost VPU Inside \u0141adowanie typu C Waga produktu 100g Rozmiar produktu 91.5 x 56.5 x 28.5 mm Do\u015bwiadczenie smakowe: Red Bull Opis aspektu Aromaty [\u2026]<\/p>","protected":false},"featured_media":13772,"template":"","meta":{"inline_featured_image":false},"product_cat":[15,78,747,740,734,753,717,732],"product_tag":[710,674],"tiered_pricing_type":"fixed","tiered_pricing_fixed_rules":{"110":"12.39","200":"11.02","500":"9.64"},"tiered_pricing_percentage_rules":[],"tiered_pricing_minimum":1,"_administrator_tiered_pricing_type":"fixed","_administrator_tiered_pricing_fixed_rules":[],"_editor_tiered_pricing_type":"fixed","_editor_tiered_pricing_fixed_rules":[],"_author_tiered_pricing_type":"fixed","_author_tiered_pricing_fixed_rules":[],"_contributor_tiered_pricing_type":"fixed","_contributor_tiered_pricing_fixed_rules":[],"_subscriber_tiered_pricing_type":"fixed","_subscriber_tiered_pricing_fixed_rules":[],"_customer_tiered_pricing_type":"fixed","_customer_tiered_pricing_fixed_rules":[],"_shop_manager_tiered_pricing_type":"fixed","_shop_manager_tiered_pricing_fixed_rules":[],"_wpseo_manager_tiered_pricing_type":"fixed","_wpseo_manager_tiered_pricing_fixed_rules":[],"_wpseo_editor_tiered_pricing_type":"fixed","_wpseo_editor_tiered_pricing_fixed_rules":[],"_wholesale_customer_tiered_pricing_type":"fixed","_wholesale_customer_tiered_pricing_fixed_rules":[],"_marketer_tiered_pricing_type":"fixed","_marketer_tiered_pricing_fixed_rules":[],"_sales_manager_tiered_pricing_type":"fixed","_sales_manager_tiered_pricing_fixed_rules":[],"_sales_rep_tiered_pricing_type":"fixed","_sales_rep_tiered_pricing_fixed_rules":[],"yoast_head":"<!-- This site is optimized with the Yoast SEO plugin v23.3 - https:\/\/yoast.com\/wordpress\/plugins\/seo\/ -->\n<title>Entfesseln Sie die Power Red Bull ELF BOX PULSE X 15000 Z\u00fcge im Pulsmodus | ElementVape.de<\/title>\n<meta name=\"description\" content=\"Wir bieten Entfesseln Sie die Power Red Bull ELF BOX PULSE X 15000 Z\u00fcge im Pulsmodus , Elementvape.de akzeptieren Gro\u00df-und Einzelhandel Bestellungen.\" \/>\n<meta name=\"robots\" content=\"index, follow, max-snippet:-1, max-image-preview:large, max-video-preview:-1\" \/>\n<link rel=\"canonical\" href=\"https:\/\/www.elementvape.de\/pl\/produkt\/unleash-the-power-red-bull-elf-box-pulse-x-15000-puffs-in-pulse-mode\/\" \/>\n<meta property=\"og:locale\" content=\"pl_PL\" \/>\n<meta property=\"og:type\" content=\"article\" \/>\n<meta property=\"og:title\" content=\"Entfesseln Sie die Power Red Bull ELF BOX PULSE X 15000 Z\u00fcge im Pulsmodus | ElementVape.de\" \/>\n<meta property=\"og:description\" content=\"Wir bieten Entfesseln Sie die Power Red Bull ELF BOX PULSE X 15000 Z\u00fcge im Pulsmodus , Elementvape.de akzeptieren Gro\u00df-und Einzelhandel Bestellungen.\" \/>\n<meta property=\"og:url\" content=\"https:\/\/www.elementvape.de\/pl\/produkt\/unleash-the-power-red-bull-elf-box-pulse-x-15000-puffs-in-pulse-mode\/\" \/>\n<meta property=\"og:site_name\" content=\"ElementVape.de\" \/>\n<meta property=\"article:modified_time\" content=\"2024-12-12T06:34:54+00:00\" \/>\n<meta property=\"og:image\" content=\"https:\/\/www.elementvape.de\/wp-content\/uploads\/2024\/08\/10.jpg\" \/>\n\t<meta property=\"og:image:width\" content=\"1000\" \/>\n\t<meta property=\"og:image:height\" content=\"1000\" \/>\n\t<meta property=\"og:image:type\" content=\"image\/jpeg\" \/>\n<meta name=\"twitter:card\" content=\"summary_large_image\" \/>\n<meta name=\"twitter:label1\" content=\"Est. reading time\" \/>\n\t<meta name=\"twitter:data1\" content=\"2 minuty\" \/>\n<script type=\"application\/ld+json\" class=\"yoast-schema-graph\">{\"@context\":\"https:\/\/schema.org\",\"@graph\":[{\"@type\":\"WebPage\",\"@id\":\"https:\/\/www.elementvape.de\/pl\/produkt\/unleash-the-power-red-bull-elf-box-pulse-x-15000-puffs-in-pulse-mode\/\",\"url\":\"https:\/\/www.elementvape.de\/pl\/produkt\/unleash-the-power-red-bull-elf-box-pulse-x-15000-puffs-in-pulse-mode\/\",\"name\":\"Entfesseln Sie die Power Red Bull ELF BOX PULSE X 15000 Z\u00fcge im Pulsmodus | ElementVape.de\",\"isPartOf\":{\"@id\":\"https:\/\/www.elementvape.de\/#website\"},\"primaryImageOfPage\":{\"@id\":\"https:\/\/www.elementvape.de\/pl\/produkt\/unleash-the-power-red-bull-elf-box-pulse-x-15000-puffs-in-pulse-mode\/#primaryimage\"},\"image\":{\"@id\":\"https:\/\/www.elementvape.de\/pl\/produkt\/unleash-the-power-red-bull-elf-box-pulse-x-15000-puffs-in-pulse-mode\/#primaryimage\"},\"thumbnailUrl\":\"https:\/\/www.elementvape.de\/wp-content\/uploads\/2024\/08\/10.jpg\",\"datePublished\":\"2024-08-15T09:33:41+00:00\",\"dateModified\":\"2024-12-12T06:34:54+00:00\",\"description\":\"Wir bieten Entfesseln Sie die Power Red Bull ELF BOX PULSE X 15000 Z\u00fcge im Pulsmodus , Elementvape.de akzeptieren Gro\u00df-und Einzelhandel Bestellungen.\",\"breadcrumb\":{\"@id\":\"https:\/\/www.elementvape.de\/pl\/produkt\/unleash-the-power-red-bull-elf-box-pulse-x-15000-puffs-in-pulse-mode\/#breadcrumb\"},\"inLanguage\":\"pl-PL\",\"potentialAction\":[{\"@type\":\"ReadAction\",\"target\":[\"https:\/\/www.elementvape.de\/pl\/produkt\/unleash-the-power-red-bull-elf-box-pulse-x-15000-puffs-in-pulse-mode\/\"]}]},{\"@type\":\"ImageObject\",\"inLanguage\":\"pl-PL\",\"@id\":\"https:\/\/www.elementvape.de\/pl\/produkt\/unleash-the-power-red-bull-elf-box-pulse-x-15000-puffs-in-pulse-mode\/#primaryimage\",\"url\":\"https:\/\/www.elementvape.de\/wp-content\/uploads\/2024\/08\/10.jpg\",\"contentUrl\":\"https:\/\/www.elementvape.de\/wp-content\/uploads\/2024\/08\/10.jpg\",\"width\":1000,\"height\":1000,\"caption\":\"Red Bull\"},{\"@type\":\"BreadcrumbList\",\"@id\":\"https:\/\/www.elementvape.de\/pl\/produkt\/unleash-the-power-red-bull-elf-box-pulse-x-15000-puffs-in-pulse-mode\/#breadcrumb\",\"itemListElement\":[{\"@type\":\"ListItem\",\"position\":1,\"name\":\"Home\",\"item\":\"https:\/\/www.elementvape.de\/\"},{\"@type\":\"ListItem\",\"position\":2,\"name\":\"Shop\",\"item\":\"https:\/\/www.elementvape.de\/shop\/\"},{\"@type\":\"ListItem\",\"position\":3,\"name\":\"Entfesseln Sie die Power Red Bull ELF BOX PULSE X 15000 Z\u00fcge im Pulsmodus\"}]},{\"@type\":\"WebSite\",\"@id\":\"https:\/\/www.elementvape.de\/#website\",\"url\":\"https:\/\/www.elementvape.de\/\",\"name\":\"ElementVape.de\",\"description\":\"\",\"publisher\":{\"@id\":\"https:\/\/www.elementvape.de\/#organization\"},\"potentialAction\":[{\"@type\":\"SearchAction\",\"target\":{\"@type\":\"EntryPoint\",\"urlTemplate\":\"https:\/\/www.elementvape.de\/?s={search_term_string}\"},\"query-input\":\"required name=search_term_string\"}],\"inLanguage\":\"pl-PL\"},{\"@type\":\"Organization\",\"@id\":\"https:\/\/www.elementvape.de\/#organization\",\"name\":\"ElementVape.DE\",\"url\":\"https:\/\/www.elementvape.de\/\",\"logo\":{\"@type\":\"ImageObject\",\"inLanguage\":\"pl-PL\",\"@id\":\"https:\/\/www.elementvape.de\/#\/schema\/logo\/image\/\",\"url\":\"https:\/\/www.elementvape.de\/wp-content\/uploads\/2024\/09\/cropped-1elementvape-3.png\",\"contentUrl\":\"https:\/\/www.elementvape.de\/wp-content\/uploads\/2024\/09\/cropped-1elementvape-3.png\",\"width\":285,\"height\":228,\"caption\":\"ElementVape.DE\"},\"image\":{\"@id\":\"https:\/\/www.elementvape.de\/#\/schema\/logo\/image\/\"}}]}<\/script>\n<!-- \/ Yoast SEO plugin. -->","yoast_head_json":{"title":"Entfesseln Sie die Power Red Bull ELF BOX PULSE X 15000 Z\u00fcge im Pulsmodus | ElementVape.de","description":"Wir bieten Entfesseln Sie die Power Red Bull ELF BOX PULSE X 15000 Z\u00fcge im Pulsmodus , Elementvape.de akzeptieren Gro\u00df-und Einzelhandel Bestellungen.","robots":{"index":"index","follow":"follow","max-snippet":"max-snippet:-1","max-image-preview":"max-image-preview:large","max-video-preview":"max-video-preview:-1"},"canonical":"https:\/\/www.elementvape.de\/pl\/produkt\/unleash-the-power-red-bull-elf-box-pulse-x-15000-puffs-in-pulse-mode\/","og_locale":"pl_PL","og_type":"article","og_title":"Entfesseln Sie die Power Red Bull ELF BOX PULSE X 15000 Z\u00fcge im Pulsmodus | ElementVape.de","og_description":"Wir bieten Entfesseln Sie die Power Red Bull ELF BOX PULSE X 15000 Z\u00fcge im Pulsmodus , Elementvape.de akzeptieren Gro\u00df-und Einzelhandel Bestellungen.","og_url":"https:\/\/www.elementvape.de\/pl\/produkt\/unleash-the-power-red-bull-elf-box-pulse-x-15000-puffs-in-pulse-mode\/","og_site_name":"ElementVape.de","article_modified_time":"2024-12-12T06:34:54+00:00","og_image":[{"width":1000,"height":1000,"url":"https:\/\/www.elementvape.de\/wp-content\/uploads\/2024\/08\/10.jpg","type":"image\/jpeg"}],"twitter_card":"summary_large_image","twitter_misc":{"Est. reading time":"2 minuty"},"schema":{"@context":"https:\/\/schema.org","@graph":[{"@type":"WebPage","@id":"https:\/\/www.elementvape.de\/pl\/produkt\/unleash-the-power-red-bull-elf-box-pulse-x-15000-puffs-in-pulse-mode\/","url":"https:\/\/www.elementvape.de\/pl\/produkt\/unleash-the-power-red-bull-elf-box-pulse-x-15000-puffs-in-pulse-mode\/","name":"Entfesseln Sie die Power Red Bull ELF BOX PULSE X 15000 Z\u00fcge im Pulsmodus | ElementVape.de","isPartOf":{"@id":"https:\/\/www.elementvape.de\/#website"},"primaryImageOfPage":{"@id":"https:\/\/www.elementvape.de\/pl\/produkt\/unleash-the-power-red-bull-elf-box-pulse-x-15000-puffs-in-pulse-mode\/#primaryimage"},"image":{"@id":"https:\/\/www.elementvape.de\/pl\/produkt\/unleash-the-power-red-bull-elf-box-pulse-x-15000-puffs-in-pulse-mode\/#primaryimage"},"thumbnailUrl":"https:\/\/www.elementvape.de\/wp-content\/uploads\/2024\/08\/10.jpg","datePublished":"2024-08-15T09:33:41+00:00","dateModified":"2024-12-12T06:34:54+00:00","description":"Wir bieten Entfesseln Sie die Power Red Bull ELF BOX PULSE X 15000 Z\u00fcge im Pulsmodus , Elementvape.de akzeptieren Gro\u00df-und Einzelhandel Bestellungen.","breadcrumb":{"@id":"https:\/\/www.elementvape.de\/pl\/produkt\/unleash-the-power-red-bull-elf-box-pulse-x-15000-puffs-in-pulse-mode\/#breadcrumb"},"inLanguage":"pl-PL","potentialAction":[{"@type":"ReadAction","target":["https:\/\/www.elementvape.de\/pl\/produkt\/unleash-the-power-red-bull-elf-box-pulse-x-15000-puffs-in-pulse-mode\/"]}]},{"@type":"ImageObject","inLanguage":"pl-PL","@id":"https:\/\/www.elementvape.de\/pl\/produkt\/unleash-the-power-red-bull-elf-box-pulse-x-15000-puffs-in-pulse-mode\/#primaryimage","url":"https:\/\/www.elementvape.de\/wp-content\/uploads\/2024\/08\/10.jpg","contentUrl":"https:\/\/www.elementvape.de\/wp-content\/uploads\/2024\/08\/10.jpg","width":1000,"height":1000,"caption":"Red Bull"},{"@type":"BreadcrumbList","@id":"https:\/\/www.elementvape.de\/pl\/produkt\/unleash-the-power-red-bull-elf-box-pulse-x-15000-puffs-in-pulse-mode\/#breadcrumb","itemListElement":[{"@type":"ListItem","position":1,"name":"Home","item":"https:\/\/www.elementvape.de\/"},{"@type":"ListItem","position":2,"name":"Shop","item":"https:\/\/www.elementvape.de\/shop\/"},{"@type":"ListItem","position":3,"name":"Entfesseln Sie die Power Red Bull ELF BOX PULSE X 15000 Z\u00fcge im Pulsmodus"}]},{"@type":"WebSite","@id":"https:\/\/www.elementvape.de\/#website","url":"https:\/\/www.elementvape.de\/","name":"ElementVape.de","description":"","publisher":{"@id":"https:\/\/www.elementvape.de\/#organization"},"potentialAction":[{"@type":"SearchAction","target":{"@type":"EntryPoint","urlTemplate":"https:\/\/www.elementvape.de\/?s={search_term_string}"},"query-input":"required name=search_term_string"}],"inLanguage":"pl-PL"},{"@type":"Organization","@id":"https:\/\/www.elementvape.de\/#organization","name":"ElementVape.DE","url":"https:\/\/www.elementvape.de\/","logo":{"@type":"ImageObject","inLanguage":"pl-PL","@id":"https:\/\/www.elementvape.de\/#\/schema\/logo\/image\/","url":"https:\/\/www.elementvape.de\/wp-content\/uploads\/2024\/09\/cropped-1elementvape-3.png","contentUrl":"https:\/\/www.elementvape.de\/wp-content\/uploads\/2024\/09\/cropped-1elementvape-3.png","width":285,"height":228,"caption":"ElementVape.DE"},"image":{"@id":"https:\/\/www.elementvape.de\/#\/schema\/logo\/image\/"}}]}},"_links":{"self":[{"href":"https:\/\/www.elementvape.de\/pl\/wp-json\/wp\/v2\/product\/13771"}],"collection":[{"href":"https:\/\/www.elementvape.de\/pl\/wp-json\/wp\/v2\/product"}],"about":[{"href":"https:\/\/www.elementvape.de\/pl\/wp-json\/wp\/v2\/types\/product"}],"wp:featuredmedia":[{"embeddable":true,"href":"https:\/\/www.elementvape.de\/pl\/wp-json\/wp\/v2\/media\/13772"}],"wp:attachment":[{"href":"https:\/\/www.elementvape.de\/pl\/wp-json\/wp\/v2\/media?parent=13771"}],"wp:term":[{"taxonomy":"product_cat","embeddable":true,"href":"https:\/\/www.elementvape.de\/pl\/wp-json\/wp\/v2\/product_cat?post=13771"},{"taxonomy":"product_tag","embeddable":true,"href":"https:\/\/www.elementvape.de\/pl\/wp-json\/wp\/v2\/product_tag?post=13771"}],"curies":[{"name":"wp","href":"https:\/\/api.w.org\/{rel}","templated":true}]}}