{"id":13717,"date":"2024-08-09T08:42:50","date_gmt":"2024-08-09T08:42:50","guid":{"rendered":"https:\/\/www.elementvape.de\/?post_type=product&#038;p=13717"},"modified":"2024-12-12T06:35:01","modified_gmt":"2024-12-12T06:35:01","slug":"heiss-begehrte-elf-box-ls15000-in-strawberry-watermelon-qualitaet-zum-besten-preis-15000-puffs","status":"publish","type":"product","link":"https:\/\/www.elementvape.de\/pl\/produkt\/heiss-begehrte-elf-box-ls15000-in-strawberry-watermelon-qualitaet-zum-besten-preis-15000-puffs\/","title":{"rendered":"Bardzo po\u017c\u0105dane ELF BOX LS15000 w jako\u015bci Strawberry Watermelon w najlepszej cenie 15000 puffs"},"content":{"rendered":"<p>Strawberry Watermelon ELF BOX LS15000 zabierze Ci\u0119 w podr\u00f3\u017c smakow\u0105, kt\u00f3rej nie zapomnisz szybko. Po\u0142\u0105czenie s\u0142odkiej, soczystej truskawki i orze\u017awiaj\u0105cej arbuz tworzy harmonijne doznanie smakowe, kt\u00f3re o\u017cywia i od\u015bwie\u017ca Twoje zmys\u0142y. Ka\u017cdy wdech to przyjemno\u015b\u0107, oferuj\u0105ca idealn\u0105 r\u00f3wnowag\u0119 mi\u0119dzy owocow\u0105 s\u0142odycz\u0105 a ch\u0142odnym orze\u017awieniem, idealne na co dzie\u0144 lub jako wyj\u0105tkowa rozkosz.<\/p>\n<p>Wyobra\u017a sobie, \u017ce relaksujesz si\u0119 w s\u0142oneczny dzie\u0144 i cieszysz si\u0119 ostatecznym uderzeniem owocowym. E-papieros Strawberry Watermelon zamienia ka\u017cdy moment w orze\u017awiaj\u0105ce do\u015bwiadczenie i sprawia, \u017ce palenie jest prawdziw\u0105 przyjemno\u015bci\u0105. Ten wy\u015bmienity smak jest idealny dla tych, kt\u00f3rzy szukaj\u0105 orze\u017awiaj\u0105cego i s\u0142odkiego do\u015bwiadczenia, kt\u00f3re towarzyszy im przez ca\u0142y dzie\u0144.<\/p>\n<h3>Zalety 15 000 zaci\u0105gni\u0119\u0107<\/h3>\n<h4>D\u0142ugotrwa\u0142e u\u017cytkowanie dla najwy\u017cszego komfortu<\/h4>\n<p>Strawberry Watermelon ELF BOX LS15000 wyznacza nowe standardy w \u015bwiecie <strong><a href=\"https:\/\/www.elementvape.de\/pl\/c\/einweg-zigarette\/\">Jednorazowe e-papierosy<\/a><\/strong>. Z do 15 000 poci\u0105gni\u0119\u0107 do\u015bwiadczysz najwy\u017cszej jako\u015bci do\u015bwiadczenia vapowania przez d\u0142ugi czas, nie musz\u0105c ci\u0105gle my\u015ble\u0107 o uzupe\u0142nianiu. Ta imponuj\u0105ca liczba puf\u00f3w czyni ELF BOX LS15000 niezast\u0105pionym towarzyszem dla tych, kt\u00f3rzy ceni\u0105 sobie komfort i wygod\u0119.<\/p>\n<p>Tak du\u017ca pojemno\u015b\u0107 zapewnia nie tylko d\u0142ugi czas cieszenia si\u0119, ale tak\u017ce wyj\u0105tkow\u0105 warto\u015b\u0107. D\u0142uga trwa\u0142o\u015b\u0107 i najwy\u017csza jako\u015b\u0107 smaku gwarantuj\u0105, \u017ce mo\u017cesz w pe\u0142ni cieszy\u0107 si\u0119 swoim e-papierosem, nie rezygnuj\u0105c z jako\u015bci. To sprawia, \u017ce ELF BOX LS15000 jest idealnym wyborem dla tych, kt\u00f3rzy chc\u0105 wycisn\u0105\u0107 maksimum ze swojego do\u015bwiadczenia vapowania.<\/p>\n<h4>Innowacyjna technologia Mesh-Coil dla sta\u0142ej jako\u015bci<\/h4>\n<p>Zaawansowana technologia Mesh-Coil w ELF BOX LS15000 gwarantuje Ci sp\u00f3jne i wybitne do\u015bwiadczenie vapowania. Dzi\u0119ki 0.6ohm Mesh-Coilom cieszysz si\u0119 r\u00f3wnomiernym rozk\u0142adem ciep\u0142a, co prowadzi do g\u0119stego, aromatycznego dymu. Ta technologia zapewnia, \u017ce przez ca\u0142y okres u\u017cytkowania e-papierosa do\u015bwiadczasz niezmiennie wysokiej jako\u015bci.<\/p>\n<p>Dzi\u0119ki efektywnemu rozk\u0142adowi ciep\u0142a mo\u017cesz liczy\u0107 na intensywne i r\u00f3wnomierne doznania smakowe, kt\u00f3re nie pozostawiaj\u0105 miejsca na kompromisy. Mesh-Coil s\u0105 specjalnie zaprojektowane, aby optymalnie wykorzystywa\u0107 e-liquid i zawsze zapewnia\u0107 satysfakcjonuj\u0105ce do\u015bwiadczenie vapowania, co czyni Blue Razz Lemonade ELF BOX LS15000 absolutnym must-have.<\/p>\n<h3>Atrakcyjne ceny hurtowe i bezpieczna dostawa<\/h3>\n<h4>Najlepsze ceny dla hurtownik\u00f3w<\/h4>\n<p>Strawberry Watermelon ELF BOX LS15000 to nie tylko rozkosz dla Ciebie, ale tak\u017ce doskona\u0142y biznes dla sprzedawc\u00f3w. Dzi\u0119ki atrakcyjnym cenom hurtowym, oferowanym bezpo\u015brednio z fabryki, mo\u017cesz korzysta\u0107 z nie do pobicia warunk\u00f3w i zachwyca\u0107 swoich klient\u00f3w produktem najwy\u017cszej jako\u015bci w \u015bwietnym stosunku jako\u015bci do ceny. Skorzystaj z tej okazji, aby wyr\u00f3\u017cni\u0107 si\u0119 na tle konkurencji i zaoferowa\u0107 swoim klientom wyj\u0105tkowe do\u015bwiadczenie vapowania.<\/p>\n<h4>Niezawodna i bezpieczna dostawa<\/h4>\n<p>Opr\u00f3cz doskona\u0142ych cen hurtowych, nasza kompleksowa obs\u0142uga zapewnia bezpieczn\u0105 i niezawodn\u0105 dostaw\u0119. Strawberry Watermelon ELF BOX LS15000 jest starannie pakowany i dostarczany na czas, aby\u015b otrzyma\u0142 produkty w nienaruszonym stanie. Zaufaj naszej logistyce i ciesz si\u0119 p\u0142ynnym zakupem, w kt\u00f3rym najwa\u017cniejsza jest jako\u015b\u0107 i obs\u0142uga.<\/p>\n<p>Strawberry Watermelon 15000 Puffs ELF BOX LS15000 oferuje nie tylko wybitne doznania smakowe, ale tak\u017ce wyj\u0105tkowe korzy\u015bci pod wzgl\u0119dem trwa\u0142o\u015bci, technologii i stosunku jako\u015bci do ceny. Zamie\u0144 ten bestseller na swojego nowego faworyta i przekonaj si\u0119 sam o jego jako\u015bci i popularno\u015bci.<\/p>","protected":false},"excerpt":{"rendered":"<p>Die Strawberry Watermelon ELF BOX LS15000 bringt Sie auf eine geschmackliche Reise, die Sie nicht so schnell vergessen werden. Die Kombination aus der s\u00fc\u00dfen, saftigen Erdbeere und der erfrischenden Wassermelone schafft ein harmonisches Geschmackserlebnis, das Ihre Sinne belebt und erfrischt. Jeder Zug ist ein Genuss, der Ihnen die perfekte Balance zwischen fruchtiger S\u00fc\u00dfe und k\u00fchler [&hellip;]<\/p>","protected":false},"featured_media":13718,"template":"","meta":{"inline_featured_image":false},"product_cat":[15,78,747,740,734,753,716,732],"product_tag":[710,674],"tiered_pricing_type":"fixed","tiered_pricing_fixed_rules":{"110":"7.54","200":"6.68","500":"5.85"},"tiered_pricing_percentage_rules":[],"tiered_pricing_minimum":1,"_administrator_tiered_pricing_type":"fixed","_administrator_tiered_pricing_fixed_rules":[],"_editor_tiered_pricing_type":"fixed","_editor_tiered_pricing_fixed_rules":[],"_author_tiered_pricing_type":"fixed","_author_tiered_pricing_fixed_rules":[],"_contributor_tiered_pricing_type":"fixed","_contributor_tiered_pricing_fixed_rules":[],"_subscriber_tiered_pricing_type":"fixed","_subscriber_tiered_pricing_fixed_rules":[],"_customer_tiered_pricing_type":"fixed","_customer_tiered_pricing_fixed_rules":[],"_shop_manager_tiered_pricing_type":"fixed","_shop_manager_tiered_pricing_fixed_rules":[],"_wpseo_manager_tiered_pricing_type":"fixed","_wpseo_manager_tiered_pricing_fixed_rules":[],"_wpseo_editor_tiered_pricing_type":"fixed","_wpseo_editor_tiered_pricing_fixed_rules":[],"_wholesale_customer_tiered_pricing_type":"fixed","_wholesale_customer_tiered_pricing_fixed_rules":[],"_marketer_tiered_pricing_type":"fixed","_marketer_tiered_pricing_fixed_rules":[],"_sales_manager_tiered_pricing_type":"fixed","_sales_manager_tiered_pricing_fixed_rules":[],"_sales_rep_tiered_pricing_type":"fixed","_sales_rep_tiered_pricing_fixed_rules":[],"yoast_head":"<!-- This site is optimized with the Yoast SEO plugin v23.3 - https:\/\/yoast.com\/wordpress\/plugins\/seo\/ -->\n<title>Hei\u00df begehrte ELF BOX LS15000 in Strawberry Watermelon Qualit\u00e4t zum besten Preis 15000 puffs | ElementVape.de<\/title>\n<meta name=\"description\" content=\"Wir bieten Hei\u00df begehrte ELF BOX LS15000 in Strawberry Watermelon Qualit\u00e4t zum besten Preis 15000 puffs , Elementvape.de akzeptieren Gro\u00df-und Einzelhandel Bestellungen.\" \/>\n<meta name=\"robots\" content=\"index, follow, max-snippet:-1, max-image-preview:large, max-video-preview:-1\" \/>\n<link rel=\"canonical\" href=\"https:\/\/www.elementvape.de\/pl\/produkt\/heiss-begehrte-elf-box-ls15000-in-strawberry-watermelon-qualitaet-zum-besten-preis-15000-puffs\/\" \/>\n<meta property=\"og:locale\" content=\"pl_PL\" \/>\n<meta property=\"og:type\" content=\"article\" \/>\n<meta property=\"og:title\" content=\"Hei\u00df begehrte ELF BOX LS15000 in Strawberry Watermelon Qualit\u00e4t zum besten Preis 15000 puffs | ElementVape.de\" \/>\n<meta property=\"og:description\" content=\"Wir bieten Hei\u00df begehrte ELF BOX LS15000 in Strawberry Watermelon Qualit\u00e4t zum besten Preis 15000 puffs , Elementvape.de akzeptieren Gro\u00df-und Einzelhandel Bestellungen.\" \/>\n<meta property=\"og:url\" content=\"https:\/\/www.elementvape.de\/pl\/produkt\/heiss-begehrte-elf-box-ls15000-in-strawberry-watermelon-qualitaet-zum-besten-preis-15000-puffs\/\" \/>\n<meta property=\"og:site_name\" content=\"ElementVape.de\" \/>\n<meta property=\"article:modified_time\" content=\"2024-12-12T06:35:01+00:00\" \/>\n<meta property=\"og:image\" content=\"https:\/\/www.elementvape.de\/wp-content\/uploads\/2024\/08\/Strawberry-Watermelon.png\" \/>\n\t<meta property=\"og:image:width\" content=\"1000\" \/>\n\t<meta property=\"og:image:height\" content=\"1000\" \/>\n\t<meta property=\"og:image:type\" content=\"image\/png\" \/>\n<meta name=\"twitter:card\" content=\"summary_large_image\" \/>\n<meta name=\"twitter:label1\" content=\"Est. reading time\" \/>\n\t<meta name=\"twitter:data1\" content=\"4 minuty\" \/>\n<script type=\"application\/ld+json\" class=\"yoast-schema-graph\">{\"@context\":\"https:\/\/schema.org\",\"@graph\":[{\"@type\":\"WebPage\",\"@id\":\"https:\/\/www.elementvape.de\/es\/produkt\/heiss-begehrte-elf-box-ls15000-in-strawberry-watermelon-qualitaet-zum-besten-preis-15000-puffs\/\",\"url\":\"https:\/\/www.elementvape.de\/es\/produkt\/heiss-begehrte-elf-box-ls15000-in-strawberry-watermelon-qualitaet-zum-besten-preis-15000-puffs\/\",\"name\":\"Hei\u00df begehrte ELF BOX LS15000 in Strawberry Watermelon Qualit\u00e4t zum besten Preis 15000 puffs | ElementVape.de\",\"isPartOf\":{\"@id\":\"https:\/\/www.elementvape.de\/#website\"},\"primaryImageOfPage\":{\"@id\":\"https:\/\/www.elementvape.de\/es\/produkt\/heiss-begehrte-elf-box-ls15000-in-strawberry-watermelon-qualitaet-zum-besten-preis-15000-puffs\/#primaryimage\"},\"image\":{\"@id\":\"https:\/\/www.elementvape.de\/es\/produkt\/heiss-begehrte-elf-box-ls15000-in-strawberry-watermelon-qualitaet-zum-besten-preis-15000-puffs\/#primaryimage\"},\"thumbnailUrl\":\"https:\/\/www.elementvape.de\/wp-content\/uploads\/2024\/08\/Strawberry-Watermelon.png\",\"datePublished\":\"2024-08-09T08:42:50+00:00\",\"dateModified\":\"2024-12-12T06:35:01+00:00\",\"description\":\"Wir bieten Hei\u00df begehrte ELF BOX LS15000 in Strawberry Watermelon Qualit\u00e4t zum besten Preis 15000 puffs , Elementvape.de akzeptieren Gro\u00df-und Einzelhandel Bestellungen.\",\"breadcrumb\":{\"@id\":\"https:\/\/www.elementvape.de\/es\/produkt\/heiss-begehrte-elf-box-ls15000-in-strawberry-watermelon-qualitaet-zum-besten-preis-15000-puffs\/#breadcrumb\"},\"inLanguage\":\"pl-PL\",\"potentialAction\":[{\"@type\":\"ReadAction\",\"target\":[\"https:\/\/www.elementvape.de\/es\/produkt\/heiss-begehrte-elf-box-ls15000-in-strawberry-watermelon-qualitaet-zum-besten-preis-15000-puffs\/\"]}]},{\"@type\":\"ImageObject\",\"inLanguage\":\"pl-PL\",\"@id\":\"https:\/\/www.elementvape.de\/es\/produkt\/heiss-begehrte-elf-box-ls15000-in-strawberry-watermelon-qualitaet-zum-besten-preis-15000-puffs\/#primaryimage\",\"url\":\"https:\/\/www.elementvape.de\/wp-content\/uploads\/2024\/08\/Strawberry-Watermelon.png\",\"contentUrl\":\"https:\/\/www.elementvape.de\/wp-content\/uploads\/2024\/08\/Strawberry-Watermelon.png\",\"width\":1000,\"height\":1000,\"caption\":\"Strawberry Watermelon\"},{\"@type\":\"BreadcrumbList\",\"@id\":\"https:\/\/www.elementvape.de\/es\/produkt\/heiss-begehrte-elf-box-ls15000-in-strawberry-watermelon-qualitaet-zum-besten-preis-15000-puffs\/#breadcrumb\",\"itemListElement\":[{\"@type\":\"ListItem\",\"position\":1,\"name\":\"Home\",\"item\":\"https:\/\/www.elementvape.de\/\"},{\"@type\":\"ListItem\",\"position\":2,\"name\":\"Shop\",\"item\":\"https:\/\/www.elementvape.de\/shop\/\"},{\"@type\":\"ListItem\",\"position\":3,\"name\":\"Hei\u00df begehrte ELF BOX LS15000 in Strawberry Watermelon Qualit\u00e4t zum besten Preis 15000 puffs\"}]},{\"@type\":\"WebSite\",\"@id\":\"https:\/\/www.elementvape.de\/#website\",\"url\":\"https:\/\/www.elementvape.de\/\",\"name\":\"ElementVape.de\",\"description\":\"\",\"publisher\":{\"@id\":\"https:\/\/www.elementvape.de\/#organization\"},\"potentialAction\":[{\"@type\":\"SearchAction\",\"target\":{\"@type\":\"EntryPoint\",\"urlTemplate\":\"https:\/\/www.elementvape.de\/?s={search_term_string}\"},\"query-input\":\"required name=search_term_string\"}],\"inLanguage\":\"pl-PL\"},{\"@type\":\"Organization\",\"@id\":\"https:\/\/www.elementvape.de\/#organization\",\"name\":\"ElementVape.DE\",\"url\":\"https:\/\/www.elementvape.de\/\",\"logo\":{\"@type\":\"ImageObject\",\"inLanguage\":\"pl-PL\",\"@id\":\"https:\/\/www.elementvape.de\/#\/schema\/logo\/image\/\",\"url\":\"https:\/\/www.elementvape.de\/wp-content\/uploads\/2024\/09\/cropped-1elementvape-3.png\",\"contentUrl\":\"https:\/\/www.elementvape.de\/wp-content\/uploads\/2024\/09\/cropped-1elementvape-3.png\",\"width\":285,\"height\":228,\"caption\":\"ElementVape.DE\"},\"image\":{\"@id\":\"https:\/\/www.elementvape.de\/#\/schema\/logo\/image\/\"}}]}<\/script>\n<!-- \/ Yoast SEO plugin. -->","yoast_head_json":{"title":"Hei\u00df begehrte ELF BOX LS15000 in Strawberry Watermelon Qualit\u00e4t zum besten Preis 15000 puffs | ElementVape.de","description":"Wir bieten Hei\u00df begehrte ELF BOX LS15000 in Strawberry Watermelon Qualit\u00e4t zum besten Preis 15000 puffs , Elementvape.de akzeptieren Gro\u00df-und Einzelhandel Bestellungen.","robots":{"index":"index","follow":"follow","max-snippet":"max-snippet:-1","max-image-preview":"max-image-preview:large","max-video-preview":"max-video-preview:-1"},"canonical":"https:\/\/www.elementvape.de\/pl\/produkt\/heiss-begehrte-elf-box-ls15000-in-strawberry-watermelon-qualitaet-zum-besten-preis-15000-puffs\/","og_locale":"pl_PL","og_type":"article","og_title":"Hei\u00df begehrte ELF BOX LS15000 in Strawberry Watermelon Qualit\u00e4t zum besten Preis 15000 puffs | ElementVape.de","og_description":"Wir bieten Hei\u00df begehrte ELF BOX LS15000 in Strawberry Watermelon Qualit\u00e4t zum besten Preis 15000 puffs , Elementvape.de akzeptieren Gro\u00df-und Einzelhandel Bestellungen.","og_url":"https:\/\/www.elementvape.de\/pl\/produkt\/heiss-begehrte-elf-box-ls15000-in-strawberry-watermelon-qualitaet-zum-besten-preis-15000-puffs\/","og_site_name":"ElementVape.de","article_modified_time":"2024-12-12T06:35:01+00:00","og_image":[{"width":1000,"height":1000,"url":"https:\/\/www.elementvape.de\/wp-content\/uploads\/2024\/08\/Strawberry-Watermelon.png","type":"image\/png"}],"twitter_card":"summary_large_image","twitter_misc":{"Est. reading time":"4 minuty"},"schema":{"@context":"https:\/\/schema.org","@graph":[{"@type":"WebPage","@id":"https:\/\/www.elementvape.de\/es\/produkt\/heiss-begehrte-elf-box-ls15000-in-strawberry-watermelon-qualitaet-zum-besten-preis-15000-puffs\/","url":"https:\/\/www.elementvape.de\/es\/produkt\/heiss-begehrte-elf-box-ls15000-in-strawberry-watermelon-qualitaet-zum-besten-preis-15000-puffs\/","name":"Hei\u00df begehrte ELF BOX LS15000 in Strawberry Watermelon Qualit\u00e4t zum besten Preis 15000 puffs | ElementVape.de","isPartOf":{"@id":"https:\/\/www.elementvape.de\/#website"},"primaryImageOfPage":{"@id":"https:\/\/www.elementvape.de\/es\/produkt\/heiss-begehrte-elf-box-ls15000-in-strawberry-watermelon-qualitaet-zum-besten-preis-15000-puffs\/#primaryimage"},"image":{"@id":"https:\/\/www.elementvape.de\/es\/produkt\/heiss-begehrte-elf-box-ls15000-in-strawberry-watermelon-qualitaet-zum-besten-preis-15000-puffs\/#primaryimage"},"thumbnailUrl":"https:\/\/www.elementvape.de\/wp-content\/uploads\/2024\/08\/Strawberry-Watermelon.png","datePublished":"2024-08-09T08:42:50+00:00","dateModified":"2024-12-12T06:35:01+00:00","description":"Wir bieten Hei\u00df begehrte ELF BOX LS15000 in Strawberry Watermelon Qualit\u00e4t zum besten Preis 15000 puffs , Elementvape.de akzeptieren Gro\u00df-und Einzelhandel Bestellungen.","breadcrumb":{"@id":"https:\/\/www.elementvape.de\/es\/produkt\/heiss-begehrte-elf-box-ls15000-in-strawberry-watermelon-qualitaet-zum-besten-preis-15000-puffs\/#breadcrumb"},"inLanguage":"pl-PL","potentialAction":[{"@type":"ReadAction","target":["https:\/\/www.elementvape.de\/es\/produkt\/heiss-begehrte-elf-box-ls15000-in-strawberry-watermelon-qualitaet-zum-besten-preis-15000-puffs\/"]}]},{"@type":"ImageObject","inLanguage":"pl-PL","@id":"https:\/\/www.elementvape.de\/es\/produkt\/heiss-begehrte-elf-box-ls15000-in-strawberry-watermelon-qualitaet-zum-besten-preis-15000-puffs\/#primaryimage","url":"https:\/\/www.elementvape.de\/wp-content\/uploads\/2024\/08\/Strawberry-Watermelon.png","contentUrl":"https:\/\/www.elementvape.de\/wp-content\/uploads\/2024\/08\/Strawberry-Watermelon.png","width":1000,"height":1000,"caption":"Strawberry Watermelon"},{"@type":"BreadcrumbList","@id":"https:\/\/www.elementvape.de\/es\/produkt\/heiss-begehrte-elf-box-ls15000-in-strawberry-watermelon-qualitaet-zum-besten-preis-15000-puffs\/#breadcrumb","itemListElement":[{"@type":"ListItem","position":1,"name":"Home","item":"https:\/\/www.elementvape.de\/"},{"@type":"ListItem","position":2,"name":"Shop","item":"https:\/\/www.elementvape.de\/shop\/"},{"@type":"ListItem","position":3,"name":"Hei\u00df begehrte ELF BOX LS15000 in Strawberry Watermelon Qualit\u00e4t zum besten Preis 15000 puffs"}]},{"@type":"WebSite","@id":"https:\/\/www.elementvape.de\/#website","url":"https:\/\/www.elementvape.de\/","name":"ElementVape.de","description":"","publisher":{"@id":"https:\/\/www.elementvape.de\/#organization"},"potentialAction":[{"@type":"SearchAction","target":{"@type":"EntryPoint","urlTemplate":"https:\/\/www.elementvape.de\/?s={search_term_string}"},"query-input":"required name=search_term_string"}],"inLanguage":"pl-PL"},{"@type":"Organization","@id":"https:\/\/www.elementvape.de\/#organization","name":"ElementVape.DE","url":"https:\/\/www.elementvape.de\/","logo":{"@type":"ImageObject","inLanguage":"pl-PL","@id":"https:\/\/www.elementvape.de\/#\/schema\/logo\/image\/","url":"https:\/\/www.elementvape.de\/wp-content\/uploads\/2024\/09\/cropped-1elementvape-3.png","contentUrl":"https:\/\/www.elementvape.de\/wp-content\/uploads\/2024\/09\/cropped-1elementvape-3.png","width":285,"height":228,"caption":"ElementVape.DE"},"image":{"@id":"https:\/\/www.elementvape.de\/#\/schema\/logo\/image\/"}}]}},"_links":{"self":[{"href":"https:\/\/www.elementvape.de\/pl\/wp-json\/wp\/v2\/product\/13717"}],"collection":[{"href":"https:\/\/www.elementvape.de\/pl\/wp-json\/wp\/v2\/product"}],"about":[{"href":"https:\/\/www.elementvape.de\/pl\/wp-json\/wp\/v2\/types\/product"}],"wp:featuredmedia":[{"embeddable":true,"href":"https:\/\/www.elementvape.de\/pl\/wp-json\/wp\/v2\/media\/13718"}],"wp:attachment":[{"href":"https:\/\/www.elementvape.de\/pl\/wp-json\/wp\/v2\/media?parent=13717"}],"wp:term":[{"taxonomy":"product_cat","embeddable":true,"href":"https:\/\/www.elementvape.de\/pl\/wp-json\/wp\/v2\/product_cat?post=13717"},{"taxonomy":"product_tag","embeddable":true,"href":"https:\/\/www.elementvape.de\/pl\/wp-json\/wp\/v2\/product_tag?post=13717"}],"curies":[{"name":"wp","href":"https:\/\/api.w.org\/{rel}","templated":true}]}}