{"id":13713,"date":"2024-08-09T06:49:32","date_gmt":"2024-08-09T06:49:32","guid":{"rendered":"https:\/\/www.elementvape.de\/?post_type=product&#038;p=13713"},"modified":"2024-12-12T06:35:02","modified_gmt":"2024-12-12T06:35:02","slug":"blue-razz-lemonade-fabrik-grosshandelspreis-sichere-lieferung-elf-box-ls15000","status":"publish","type":"product","link":"https:\/\/www.elementvape.de\/pl\/produkt\/blue-razz-lemonade-fabrik-grosshandelspreis-sichere-lieferung-elf-box-ls15000\/","title":{"rendered":"Blue Razz Lemonade Hurtowa cena, bezpieczna dostawa ELF BOX LS15000"},"content":{"rendered":"<h2>E-papieros: Blue Razz Lemonade 15000 Puffs ELF BOX LS15000<\/h2>\n<table>\n<thead>\n<tr>\n<th>Cecha<\/th>\n<th>Specyfikacja<\/th>\n<\/tr>\n<\/thead>\n<tbody>\n<tr>\n<td>Puff\u00f3w<\/td>\n<td>15000<\/td>\n<\/tr>\n<tr>\n<td>Rdze\u0144<\/td>\n<td>Grza\u0142ka siatkowa 0,6 ohma<\/td>\n<\/tr>\n<tr>\n<td>E-liquid<\/td>\n<td>26ml<\/td>\n<\/tr>\n<tr>\n<td>N<\/td>\n<td>2% \/ 5%<\/td>\n<\/tr>\n<tr>\n<td>Bateria<\/td>\n<td>18250-600mAh<\/td>\n<\/tr>\n<tr>\n<td>\u0141adowalny<\/td>\n<td>Type-C<\/td>\n<\/tr>\n<tr>\n<td>Waga produktu<\/td>\n<td>91g<\/td>\n<\/tr>\n<tr>\n<td>Rozmiar produktu<\/td>\n<td>124,5*31,5mm<\/td>\n<\/tr>\n<\/tbody>\n<\/table>\n<h3>S\u0142odki i musuj\u0105cy: Najlepsze doznania smakowe<\/h3>\n<p>Smak Blue Razz Lemonade \u0142\u0105czy owocow\u0105 s\u0142odycz niebieskich malin (Blue Razz) z musuj\u0105c\u0105 \u015bwie\u017co\u015bci\u0105 lemoniady. Ta unikalna kombinacja oferuje orze\u017awiaj\u0105ce do\u015bwiadczenie waporyzacji, kt\u00f3re jest zar\u00f3wno s\u0142odkie, jak i od\u015bwie\u017caj\u0105ce. Ka\u017cdy wdech przynosi idealn\u0105 r\u00f3wnowag\u0119 mi\u0119dzy kwa\u015bnymi i s\u0142odkimi nutami, kt\u00f3re pobudzaj\u0105 podniebienie i wzmagaj\u0105 apetyt na wi\u0119cej.<\/p>\n<h3>Zalety 15 000 zaci\u0105gni\u0119\u0107<\/h3>\n<h4>D\u0142ugotrwa\u0142e do\u015bwiadczenie z parowaniem<\/h4>\n<p>Dzi\u0119ki pojemno\u015bci 15 000 zaci\u0105gni\u0119\u0107, Blue Razz Lemonade ELF BOX LS15000 jest jednym z najd\u0142u\u017cej dzia\u0142aj\u0105cych <strong><a href=\"https:\/\/www.elementvape.de\/pl\/c\/einweg-zigarette\/\">Jednorazowe e-papierosy<\/a><\/strong> na rynku. Ta wysoka liczba zaci\u0105gni\u0119\u0107 zapewnia u\u017cytkownikom mo\u017cliwo\u015b\u0107 korzystania z e-papierosa przez d\u0142u\u017cszy czas bez cz\u0119stej wymiany lub uzupe\u0142niania. To sprawia, \u017ce ELF BOX LS15000 jest szczeg\u00f3lnie przyjazny dla u\u017cytkownika i ekonomiczny.<\/p>\n<h4>Zaawansowana technologia Mesh-Coil<\/h4>\n<p>15 000 zaci\u0105gni\u0119\u0107 jest mo\u017cliwe dzi\u0119ki innowacyjnej technologii Mesh-Coil. Grza\u0142ki Mesh 0,6ohm zapewniaj\u0105 r\u00f3wnomierny rozk\u0142ad ciep\u0142a, co prowadzi do sta\u0142ego smaku i g\u0119stszego dymu. Technologia ta maksymalizuje \u017cywotno\u015b\u0107 e-liquidu i baterii, co wspiera wysok\u0105 liczb\u0119 zaci\u0105gni\u0119\u0107.<\/p>\n<h4>Du\u017ca obj\u0119to\u015b\u0107 E-Liquidu<\/h4>\n<p>Blue Razz Lemonade ELF BOX LS15000 jest nape\u0142niony 26ml e-liquidu, co zapewnia u\u017cytkownikom d\u0142ugotrwa\u0142e i intensywne doznania podczas waporyzacji. Du\u017ca obj\u0119to\u015b\u0107 e-liquidu, w po\u0142\u0105czeniu z wydajn\u0105 technologi\u0105 grza\u0142ki, gwarantuje satysfakcjonuj\u0105ce i ci\u0105g\u0142e wapowanie bez ci\u0105g\u0142ych przerw.<\/p>\n<h3>Przewaga technologiczna<\/h3>\n<h4>Wydajna bateria<\/h4>\n<p>ELF BOX LS15000 jest wyposa\u017cony w trwa\u0142\u0105 bateri\u0119 18250-600mAh, kt\u00f3ra jest przeznaczona do wysokiej liczby zaci\u0105gni\u0119\u0107. Bateria ta zapewnia sta\u0142\u0105 wydajno\u015b\u0107, umo\u017cliwiaj\u0105c d\u0142ugie u\u017cytkowanie bez cz\u0119stego \u0142adowania. Port \u0142adowania Type-C zapewnia dodatkowy komfort dzi\u0119ki szybkiemu i wydajnemu \u0142adowaniu.<\/p>\n<h4>Kompaktowa i przyjazna dla u\u017cytkownika konstrukcja<\/h4>\n<p>Przy wadze zaledwie 91g i kompaktowych wymiarach 124,5 * 31,5 mm, ELF BOX LS15000 jest \u0142atwy do transportu i wygodny w obs\u0142udze. Ergonomiczna konstrukcja sprawia, \u017ce idealnie nadaje si\u0119 do codziennego u\u017cytku, bez kompromis\u00f3w w zakresie wydajno\u015bci i smaku.<\/p>\n<h4>Bezpieczna dostawa i ceny hurtowe prosto z fabryki<\/h4>\n<p>Blue Razz Lemonade ELF BOX LS15000 jest dost\u0119pny w atrakcyjnych cenach hurtowych bezpo\u015brednio z fabryki i jest bezpiecznie dostarczany. Stanowi to doskona\u0142\u0105 okazj\u0119 dla sprzedawc\u00f3w do oferowania wysokiej jako\u015bci produkt\u00f3w w konkurencyjnych cenach, a bezpieczna dostawa gwarantuje, \u017ce produkty dotr\u0105 w idealnym stanie.<\/p>\n<p>Blue Razz Lemonade 15000 Puffs ELF BOX LS15000 to idealny wyb\u00f3r dla waper\u00f3w, kt\u00f3rzy szukaj\u0105 orze\u017awiaj\u0105cego, d\u0142ugotrwa\u0142ego i smacznego do\u015bwiadczenia waporyzacji. Innowacyjna technologia i praktyczne zalety sprawiaj\u0105, \u017ce jest to wyj\u0105tkowy produkt na rynku e-papieros\u00f3w.<\/p>","protected":false},"excerpt":{"rendered":"<p>E-Zigarette: Blue Razz Lemonade 15000 Puffs ELF BOX LS15000 Merkmal Spezifikation Puffs 15000 Core Mesh coil 0.6ohm E-Liquid 26ml N 2% \/ 5% Batterie 18250-600mAh Wiederaufladbar Type-C Produktgewicht 91g Produktgr\u00f6\u00dfe 124.5*31.5mm S\u00fc\u00df und spritzig: Das ultimative Geschmackserlebnis Der Geschmack von Blue Razz Lemonade vereint die fruchtige S\u00fc\u00dfe von blauen Himbeeren (Blue Razz) mit der spritzigen [&hellip;]<\/p>","protected":false},"featured_media":13714,"template":"","meta":{"inline_featured_image":false},"product_cat":[15,78,747,740,734,753,716,732],"product_tag":[710,674],"tiered_pricing_type":"fixed","tiered_pricing_fixed_rules":{"110":"7.54","200":"6.68","500":"5.85"},"tiered_pricing_percentage_rules":[],"tiered_pricing_minimum":1,"_administrator_tiered_pricing_type":"fixed","_administrator_tiered_pricing_fixed_rules":[],"_editor_tiered_pricing_type":"fixed","_editor_tiered_pricing_fixed_rules":[],"_author_tiered_pricing_type":"fixed","_author_tiered_pricing_fixed_rules":[],"_contributor_tiered_pricing_type":"fixed","_contributor_tiered_pricing_fixed_rules":[],"_subscriber_tiered_pricing_type":"fixed","_subscriber_tiered_pricing_fixed_rules":[],"_customer_tiered_pricing_type":"fixed","_customer_tiered_pricing_fixed_rules":[],"_shop_manager_tiered_pricing_type":"fixed","_shop_manager_tiered_pricing_fixed_rules":[],"_wpseo_manager_tiered_pricing_type":"fixed","_wpseo_manager_tiered_pricing_fixed_rules":[],"_wpseo_editor_tiered_pricing_type":"fixed","_wpseo_editor_tiered_pricing_fixed_rules":[],"_wholesale_customer_tiered_pricing_type":"fixed","_wholesale_customer_tiered_pricing_fixed_rules":[],"_marketer_tiered_pricing_type":"fixed","_marketer_tiered_pricing_fixed_rules":[],"_sales_manager_tiered_pricing_type":"fixed","_sales_manager_tiered_pricing_fixed_rules":[],"_sales_rep_tiered_pricing_type":"fixed","_sales_rep_tiered_pricing_fixed_rules":[],"yoast_head":"<!-- This site is optimized with the Yoast SEO plugin v23.3 - https:\/\/yoast.com\/wordpress\/plugins\/seo\/ -->\n<title>Blue Razz Lemonade Fabrik Gro\u00dfhandelspreis sichere Lieferung ELF BOX LS15000 | ElementVape.de<\/title>\n<meta name=\"description\" content=\"Wir bieten Blue Razz Lemonade Fabrik Gro\u00dfhandelspreis sichere Lieferung ELF BOX LS15000 , Elementvape.de akzeptieren Gro\u00df-und Einzelhandel Bestellungen.\" \/>\n<meta name=\"robots\" content=\"index, follow, max-snippet:-1, max-image-preview:large, max-video-preview:-1\" \/>\n<link rel=\"canonical\" href=\"https:\/\/www.elementvape.de\/pl\/produkt\/blue-razz-lemonade-fabrik-grosshandelspreis-sichere-lieferung-elf-box-ls15000\/\" \/>\n<meta property=\"og:locale\" content=\"pl_PL\" \/>\n<meta property=\"og:type\" content=\"article\" \/>\n<meta property=\"og:title\" content=\"Blue Razz Lemonade Fabrik Gro\u00dfhandelspreis sichere Lieferung ELF BOX LS15000 | ElementVape.de\" \/>\n<meta property=\"og:description\" content=\"Wir bieten Blue Razz Lemonade Fabrik Gro\u00dfhandelspreis sichere Lieferung ELF BOX LS15000 , Elementvape.de akzeptieren Gro\u00df-und Einzelhandel Bestellungen.\" \/>\n<meta property=\"og:url\" content=\"https:\/\/www.elementvape.de\/pl\/produkt\/blue-razz-lemonade-fabrik-grosshandelspreis-sichere-lieferung-elf-box-ls15000\/\" \/>\n<meta property=\"og:site_name\" content=\"ElementVape.de\" \/>\n<meta property=\"article:modified_time\" content=\"2024-12-12T06:35:02+00:00\" \/>\n<meta property=\"og:image\" content=\"https:\/\/www.elementvape.de\/wp-content\/uploads\/2024\/08\/Blue-Razz-Lemonade.png\" \/>\n\t<meta property=\"og:image:width\" content=\"1000\" \/>\n\t<meta property=\"og:image:height\" content=\"1000\" \/>\n\t<meta property=\"og:image:type\" content=\"image\/png\" \/>\n<meta name=\"twitter:card\" content=\"summary_large_image\" \/>\n<meta name=\"twitter:label1\" content=\"Est. reading time\" \/>\n\t<meta name=\"twitter:data1\" content=\"3 minuty\" \/>\n<script type=\"application\/ld+json\" class=\"yoast-schema-graph\">{\"@context\":\"https:\/\/schema.org\",\"@graph\":[{\"@type\":\"WebPage\",\"@id\":\"https:\/\/www.elementvape.de\/fi\/produkt\/blue-razz-lemonade-fabrik-grosshandelspreis-sichere-lieferung-elf-box-ls15000\/\",\"url\":\"https:\/\/www.elementvape.de\/fi\/produkt\/blue-razz-lemonade-fabrik-grosshandelspreis-sichere-lieferung-elf-box-ls15000\/\",\"name\":\"Blue Razz Lemonade Fabrik Gro\u00dfhandelspreis sichere Lieferung ELF BOX LS15000 | ElementVape.de\",\"isPartOf\":{\"@id\":\"https:\/\/www.elementvape.de\/#website\"},\"primaryImageOfPage\":{\"@id\":\"https:\/\/www.elementvape.de\/fi\/produkt\/blue-razz-lemonade-fabrik-grosshandelspreis-sichere-lieferung-elf-box-ls15000\/#primaryimage\"},\"image\":{\"@id\":\"https:\/\/www.elementvape.de\/fi\/produkt\/blue-razz-lemonade-fabrik-grosshandelspreis-sichere-lieferung-elf-box-ls15000\/#primaryimage\"},\"thumbnailUrl\":\"https:\/\/www.elementvape.de\/wp-content\/uploads\/2024\/08\/Blue-Razz-Lemonade.png\",\"datePublished\":\"2024-08-09T06:49:32+00:00\",\"dateModified\":\"2024-12-12T06:35:02+00:00\",\"description\":\"Wir bieten Blue Razz Lemonade Fabrik Gro\u00dfhandelspreis sichere Lieferung ELF BOX LS15000 , Elementvape.de akzeptieren Gro\u00df-und Einzelhandel Bestellungen.\",\"breadcrumb\":{\"@id\":\"https:\/\/www.elementvape.de\/fi\/produkt\/blue-razz-lemonade-fabrik-grosshandelspreis-sichere-lieferung-elf-box-ls15000\/#breadcrumb\"},\"inLanguage\":\"pl-PL\",\"potentialAction\":[{\"@type\":\"ReadAction\",\"target\":[\"https:\/\/www.elementvape.de\/fi\/produkt\/blue-razz-lemonade-fabrik-grosshandelspreis-sichere-lieferung-elf-box-ls15000\/\"]}]},{\"@type\":\"ImageObject\",\"inLanguage\":\"pl-PL\",\"@id\":\"https:\/\/www.elementvape.de\/fi\/produkt\/blue-razz-lemonade-fabrik-grosshandelspreis-sichere-lieferung-elf-box-ls15000\/#primaryimage\",\"url\":\"https:\/\/www.elementvape.de\/wp-content\/uploads\/2024\/08\/Blue-Razz-Lemonade.png\",\"contentUrl\":\"https:\/\/www.elementvape.de\/wp-content\/uploads\/2024\/08\/Blue-Razz-Lemonade.png\",\"width\":1000,\"height\":1000,\"caption\":\"Blue Razz Lemonade\"},{\"@type\":\"BreadcrumbList\",\"@id\":\"https:\/\/www.elementvape.de\/fi\/produkt\/blue-razz-lemonade-fabrik-grosshandelspreis-sichere-lieferung-elf-box-ls15000\/#breadcrumb\",\"itemListElement\":[{\"@type\":\"ListItem\",\"position\":1,\"name\":\"Home\",\"item\":\"https:\/\/www.elementvape.de\/\"},{\"@type\":\"ListItem\",\"position\":2,\"name\":\"Shop\",\"item\":\"https:\/\/www.elementvape.de\/shop\/\"},{\"@type\":\"ListItem\",\"position\":3,\"name\":\"Blue Razz Lemonade Fabrik Gro\u00dfhandelspreis sichere Lieferung ELF BOX LS15000\"}]},{\"@type\":\"WebSite\",\"@id\":\"https:\/\/www.elementvape.de\/#website\",\"url\":\"https:\/\/www.elementvape.de\/\",\"name\":\"ElementVape.de\",\"description\":\"\",\"publisher\":{\"@id\":\"https:\/\/www.elementvape.de\/#organization\"},\"potentialAction\":[{\"@type\":\"SearchAction\",\"target\":{\"@type\":\"EntryPoint\",\"urlTemplate\":\"https:\/\/www.elementvape.de\/?s={search_term_string}\"},\"query-input\":\"required name=search_term_string\"}],\"inLanguage\":\"pl-PL\"},{\"@type\":\"Organization\",\"@id\":\"https:\/\/www.elementvape.de\/#organization\",\"name\":\"ElementVape.DE\",\"url\":\"https:\/\/www.elementvape.de\/\",\"logo\":{\"@type\":\"ImageObject\",\"inLanguage\":\"pl-PL\",\"@id\":\"https:\/\/www.elementvape.de\/#\/schema\/logo\/image\/\",\"url\":\"https:\/\/www.elementvape.de\/wp-content\/uploads\/2024\/09\/cropped-1elementvape-3.png\",\"contentUrl\":\"https:\/\/www.elementvape.de\/wp-content\/uploads\/2024\/09\/cropped-1elementvape-3.png\",\"width\":285,\"height\":228,\"caption\":\"ElementVape.DE\"},\"image\":{\"@id\":\"https:\/\/www.elementvape.de\/#\/schema\/logo\/image\/\"}}]}<\/script>\n<!-- \/ Yoast SEO plugin. -->","yoast_head_json":{"title":"Blue Razz Lemonade Fabrik Gro\u00dfhandelspreis sichere Lieferung ELF BOX LS15000 | ElementVape.de","description":"Wir bieten Blue Razz Lemonade Fabrik Gro\u00dfhandelspreis sichere Lieferung ELF BOX LS15000 , Elementvape.de akzeptieren Gro\u00df-und Einzelhandel Bestellungen.","robots":{"index":"index","follow":"follow","max-snippet":"max-snippet:-1","max-image-preview":"max-image-preview:large","max-video-preview":"max-video-preview:-1"},"canonical":"https:\/\/www.elementvape.de\/pl\/produkt\/blue-razz-lemonade-fabrik-grosshandelspreis-sichere-lieferung-elf-box-ls15000\/","og_locale":"pl_PL","og_type":"article","og_title":"Blue Razz Lemonade Fabrik Gro\u00dfhandelspreis sichere Lieferung ELF BOX LS15000 | ElementVape.de","og_description":"Wir bieten Blue Razz Lemonade Fabrik Gro\u00dfhandelspreis sichere Lieferung ELF BOX LS15000 , Elementvape.de akzeptieren Gro\u00df-und Einzelhandel Bestellungen.","og_url":"https:\/\/www.elementvape.de\/pl\/produkt\/blue-razz-lemonade-fabrik-grosshandelspreis-sichere-lieferung-elf-box-ls15000\/","og_site_name":"ElementVape.de","article_modified_time":"2024-12-12T06:35:02+00:00","og_image":[{"width":1000,"height":1000,"url":"https:\/\/www.elementvape.de\/wp-content\/uploads\/2024\/08\/Blue-Razz-Lemonade.png","type":"image\/png"}],"twitter_card":"summary_large_image","twitter_misc":{"Est. reading time":"3 minuty"},"schema":{"@context":"https:\/\/schema.org","@graph":[{"@type":"WebPage","@id":"https:\/\/www.elementvape.de\/fi\/produkt\/blue-razz-lemonade-fabrik-grosshandelspreis-sichere-lieferung-elf-box-ls15000\/","url":"https:\/\/www.elementvape.de\/fi\/produkt\/blue-razz-lemonade-fabrik-grosshandelspreis-sichere-lieferung-elf-box-ls15000\/","name":"Blue Razz Lemonade Fabrik Gro\u00dfhandelspreis sichere Lieferung ELF BOX LS15000 | ElementVape.de","isPartOf":{"@id":"https:\/\/www.elementvape.de\/#website"},"primaryImageOfPage":{"@id":"https:\/\/www.elementvape.de\/fi\/produkt\/blue-razz-lemonade-fabrik-grosshandelspreis-sichere-lieferung-elf-box-ls15000\/#primaryimage"},"image":{"@id":"https:\/\/www.elementvape.de\/fi\/produkt\/blue-razz-lemonade-fabrik-grosshandelspreis-sichere-lieferung-elf-box-ls15000\/#primaryimage"},"thumbnailUrl":"https:\/\/www.elementvape.de\/wp-content\/uploads\/2024\/08\/Blue-Razz-Lemonade.png","datePublished":"2024-08-09T06:49:32+00:00","dateModified":"2024-12-12T06:35:02+00:00","description":"Wir bieten Blue Razz Lemonade Fabrik Gro\u00dfhandelspreis sichere Lieferung ELF BOX LS15000 , Elementvape.de akzeptieren Gro\u00df-und Einzelhandel Bestellungen.","breadcrumb":{"@id":"https:\/\/www.elementvape.de\/fi\/produkt\/blue-razz-lemonade-fabrik-grosshandelspreis-sichere-lieferung-elf-box-ls15000\/#breadcrumb"},"inLanguage":"pl-PL","potentialAction":[{"@type":"ReadAction","target":["https:\/\/www.elementvape.de\/fi\/produkt\/blue-razz-lemonade-fabrik-grosshandelspreis-sichere-lieferung-elf-box-ls15000\/"]}]},{"@type":"ImageObject","inLanguage":"pl-PL","@id":"https:\/\/www.elementvape.de\/fi\/produkt\/blue-razz-lemonade-fabrik-grosshandelspreis-sichere-lieferung-elf-box-ls15000\/#primaryimage","url":"https:\/\/www.elementvape.de\/wp-content\/uploads\/2024\/08\/Blue-Razz-Lemonade.png","contentUrl":"https:\/\/www.elementvape.de\/wp-content\/uploads\/2024\/08\/Blue-Razz-Lemonade.png","width":1000,"height":1000,"caption":"Blue Razz Lemonade"},{"@type":"BreadcrumbList","@id":"https:\/\/www.elementvape.de\/fi\/produkt\/blue-razz-lemonade-fabrik-grosshandelspreis-sichere-lieferung-elf-box-ls15000\/#breadcrumb","itemListElement":[{"@type":"ListItem","position":1,"name":"Home","item":"https:\/\/www.elementvape.de\/"},{"@type":"ListItem","position":2,"name":"Shop","item":"https:\/\/www.elementvape.de\/shop\/"},{"@type":"ListItem","position":3,"name":"Blue Razz Lemonade Fabrik Gro\u00dfhandelspreis sichere Lieferung ELF BOX LS15000"}]},{"@type":"WebSite","@id":"https:\/\/www.elementvape.de\/#website","url":"https:\/\/www.elementvape.de\/","name":"ElementVape.de","description":"","publisher":{"@id":"https:\/\/www.elementvape.de\/#organization"},"potentialAction":[{"@type":"SearchAction","target":{"@type":"EntryPoint","urlTemplate":"https:\/\/www.elementvape.de\/?s={search_term_string}"},"query-input":"required name=search_term_string"}],"inLanguage":"pl-PL"},{"@type":"Organization","@id":"https:\/\/www.elementvape.de\/#organization","name":"ElementVape.DE","url":"https:\/\/www.elementvape.de\/","logo":{"@type":"ImageObject","inLanguage":"pl-PL","@id":"https:\/\/www.elementvape.de\/#\/schema\/logo\/image\/","url":"https:\/\/www.elementvape.de\/wp-content\/uploads\/2024\/09\/cropped-1elementvape-3.png","contentUrl":"https:\/\/www.elementvape.de\/wp-content\/uploads\/2024\/09\/cropped-1elementvape-3.png","width":285,"height":228,"caption":"ElementVape.DE"},"image":{"@id":"https:\/\/www.elementvape.de\/#\/schema\/logo\/image\/"}}]}},"_links":{"self":[{"href":"https:\/\/www.elementvape.de\/pl\/wp-json\/wp\/v2\/product\/13713"}],"collection":[{"href":"https:\/\/www.elementvape.de\/pl\/wp-json\/wp\/v2\/product"}],"about":[{"href":"https:\/\/www.elementvape.de\/pl\/wp-json\/wp\/v2\/types\/product"}],"wp:featuredmedia":[{"embeddable":true,"href":"https:\/\/www.elementvape.de\/pl\/wp-json\/wp\/v2\/media\/13714"}],"wp:attachment":[{"href":"https:\/\/www.elementvape.de\/pl\/wp-json\/wp\/v2\/media?parent=13713"}],"wp:term":[{"taxonomy":"product_cat","embeddable":true,"href":"https:\/\/www.elementvape.de\/pl\/wp-json\/wp\/v2\/product_cat?post=13713"},{"taxonomy":"product_tag","embeddable":true,"href":"https:\/\/www.elementvape.de\/pl\/wp-json\/wp\/v2\/product_tag?post=13713"}],"curies":[{"name":"wp","href":"https:\/\/api.w.org\/{rel}","templated":true}]}}