{"id":13705,"date":"2024-08-08T07:46:22","date_gmt":"2024-08-08T07:46:22","guid":{"rendered":"https:\/\/www.elementvape.de\/?post_type=product&#038;p=13705"},"modified":"2024-12-12T06:35:03","modified_gmt":"2024-12-12T06:35:03","slug":"vape-ohne-zollgebuehren-strawberry-kiwi-elf-box-ls15000-zu-attraktiven-grosshandelspreisen","status":"publish","type":"product","link":"https:\/\/www.elementvape.de\/pl\/produkt\/vape-ohne-zollgebuehren-strawberry-kiwi-elf-box-ls15000-zu-attraktiven-grosshandelspreisen\/","title":{"rendered":"VAPE bez op\u0142at celnych Strawberry Kiwi ELF BOX LS15000 w atrakcyjnych cenach hurtowych"},"content":{"rendered":"<h2>E-papieros: Strawberry Kiwi 15000 Puffs ELF BOX LS15000<\/h2>\n<p>&nbsp;<\/p>\n<table>\n<thead>\n<tr>\n<th>Cecha<\/th>\n<th>Specyfikacja<\/th>\n<\/tr>\n<\/thead>\n<tbody>\n<tr>\n<td>Puff\u00f3w<\/td>\n<td>15000<\/td>\n<\/tr>\n<tr>\n<td>Rdze\u0144<\/td>\n<td>Grza\u0142ka siatkowa 0,6 ohma<\/td>\n<\/tr>\n<tr>\n<td>E-liquid<\/td>\n<td>26ml<\/td>\n<\/tr>\n<tr>\n<td>N<\/td>\n<td>\u00a02% \/ 5%<\/td>\n<\/tr>\n<tr>\n<td>Bateria<\/td>\n<td>18250-600mAh<\/td>\n<\/tr>\n<tr>\n<td>\u0141adowalny<\/td>\n<td>Type-C<\/td>\n<\/tr>\n<tr>\n<td>Waga produktu<\/td>\n<td>91g<\/td>\n<\/tr>\n<tr>\n<td>Rozmiar produktu<\/td>\n<td>124,5*31,5mm<\/td>\n<\/tr>\n<\/tbody>\n<\/table>\n<p>Smak Strawberry Kiwi oferuje kusz\u0105c\u0105 mieszank\u0119 soczystej s\u0142odyczy dojrza\u0142ej truskawki i subtelnej, lekko kwa\u015bnej nuty kiwi. Ta kombinacja tworzy zr\u00f3wnowa\u017cone i owocowe do\u015bwiadczenie z chmur\u0105, kt\u00f3re jest zar\u00f3wno od\u015bwie\u017caj\u0105ce, jak i satysfakcjonuj\u0105ce. Ka\u017cde zaci\u0105gni\u0119cie podkre\u015bla idealn\u0105 r\u00f3wnowag\u0119 tych dw\u00f3ch popularnych owoc\u00f3w, czyni\u0105c wapowanie kulminacj\u0105 smakow\u0105.<\/p>\n<p>Strawberry Kiwi ELF BOX LS15000 zosta\u0142a zaprojektowana tak, aby zapewni\u0107 do 15 000 zaci\u0105gni\u0119\u0107, co czyni j\u0105 jedn\u0105 z najbardziej trwa\u0142ych jednorazowych e-papieros\u00f3w na rynku. U\u017cytkownicy mog\u0105 cieszy\u0107 si\u0119 ni\u0105 przez d\u0142u\u017cszy czas, nie martwi\u0105c si\u0119 o cz\u0119st\u0105 wymian\u0119 czy uzupe\u0142nianie, co czyni j\u0105 szczeg\u00f3lnie praktyczn\u0105 i ekonomiczn\u0105.<\/p>\n<h4>Wysokowydajna technologia mesh-coil<\/h4>\n<p>Te 15 000 zaci\u0105gni\u0119\u0107 jest mo\u017cliwe dzi\u0119ki zaawansowanej technologii mesh-coil. Mesh-coil o oporno\u015bci 0,6 ohma zapewnia r\u00f3wnomierne rozprowadzanie ciep\u0142a, co prowadzi do sp\u00f3jnego smaku i g\u0119stszej chmury. Technologia ta maksymalizuje \u017cywotno\u015b\u0107 e-liquidu i baterii, wspieraj\u0105c wysok\u0105 liczb\u0119 zaci\u0105gni\u0119\u0107.<\/p>\n<p>Dzi\u0119ki 26 ml e-liquidu w Strawberry Kiwi ELF BOX LS15000 u\u017cytkownicy mog\u0105 cieszy\u0107 si\u0119 intensywnym i d\u0142ugotrwa\u0142ym do\u015bwiadczeniem wapowania, bez szybkiego zu\u017cycia e-liquidu. Ta kombinacja du\u017cej pojemno\u015bci e-liquidu i wydajnej technologii coil zapewnia niezawodne i satysfakcjonuj\u0105ce wapowanie.<\/p>\n<h3>Przewaga technologiczna<\/h3>\n<p>Wyposa\u017cona w bateri\u0119 18250 o pojemno\u015bci 600 mAh, ELF BOX LS15000 jest zaprojektowana tak, aby zapewni\u0107 sta\u0142\u0105 moc, umo\u017cliwiaj\u0105c d\u0142ugotrwa\u0142e u\u017cytkowanie bez cz\u0119stego \u0142adowania. Z\u0142\u0105cze \u0142adowania Type-C zapewnia dodatkowy komfort i umo\u017cliwia szybkie i efektywne \u0142adowanie urz\u0105dzenia.<\/p>\n<p>Z wag\u0105 zaledwie 91 g i kompaktowymi wymiarami 124,5*31,5 mm, ELF BOX LS15000 jest lekka i \u0142atwa w obs\u0142udze. Przemy\u015blany design czyni j\u0105 idealn\u0105 do u\u017cytku w podr\u00f3\u017cy, nie rezygnuj\u0105c z wydajno\u015bci ani smaku.<\/p>\n<h4>Darmowa dostawa bez c\u0142a i atrakcyjne ceny hurtowe<\/h4>\n<p>Strawberry Kiwi ELF BOX LS15000 jest dost\u0119pna bez c\u0142a, co czyni j\u0105 szczeg\u00f3lnie atrakcyjn\u0105 dla mi\u0119dzynarodowych nabywc\u00f3w. Dzi\u0119ki korzystnym cenom hurtowym, stanowi doskona\u0142\u0105 okazj\u0119 dla sprzedawc\u00f3w do oferowania wysokiej jako\u015bci produkt\u00f3w w konkurencyjnych cenach.<\/p>","protected":false},"excerpt":{"rendered":"<p>E-Zigarette: Strawberry Kiwi 15000 Puffs ELF BOX LS15000 &nbsp; Merkmal Spezifikation Puffs 15000 Core Mesh coil 0.6ohm E-Liquid 26ml N \u00a02% \/ 5% Batterie 18250-600mAh Wiederaufladbar Type-C Produktgewicht 91g Produktgr\u00f6\u00dfe 124.5*31.5mm Der Geschmack von Strawberry Kiwi bietet eine verlockende Mischung aus der saftigen S\u00fc\u00dfe reifer Strawberry und der subtilen, leicht s\u00e4uerlichen Note der Kiwi. Diese [&hellip;]<\/p>","protected":false},"featured_media":13706,"template":"","meta":{"inline_featured_image":false},"product_cat":[15,78,747,740,734,753,716,732],"product_tag":[710,674],"tiered_pricing_type":"fixed","tiered_pricing_fixed_rules":{"110":"7.54","200":"6.68","500":"5.85"},"tiered_pricing_percentage_rules":[],"tiered_pricing_minimum":1,"_administrator_tiered_pricing_type":"fixed","_administrator_tiered_pricing_fixed_rules":[],"_editor_tiered_pricing_type":"fixed","_editor_tiered_pricing_fixed_rules":[],"_author_tiered_pricing_type":"fixed","_author_tiered_pricing_fixed_rules":[],"_contributor_tiered_pricing_type":"fixed","_contributor_tiered_pricing_fixed_rules":[],"_subscriber_tiered_pricing_type":"fixed","_subscriber_tiered_pricing_fixed_rules":[],"_customer_tiered_pricing_type":"fixed","_customer_tiered_pricing_fixed_rules":[],"_shop_manager_tiered_pricing_type":"fixed","_shop_manager_tiered_pricing_fixed_rules":[],"_wpseo_manager_tiered_pricing_type":"fixed","_wpseo_manager_tiered_pricing_fixed_rules":[],"_wpseo_editor_tiered_pricing_type":"fixed","_wpseo_editor_tiered_pricing_fixed_rules":[],"_wholesale_customer_tiered_pricing_type":"fixed","_wholesale_customer_tiered_pricing_fixed_rules":[],"_marketer_tiered_pricing_type":"fixed","_marketer_tiered_pricing_fixed_rules":[],"_sales_manager_tiered_pricing_type":"fixed","_sales_manager_tiered_pricing_fixed_rules":[],"_sales_rep_tiered_pricing_type":"fixed","_sales_rep_tiered_pricing_fixed_rules":[],"yoast_head":"<!-- This site is optimized with the Yoast SEO plugin v23.3 - https:\/\/yoast.com\/wordpress\/plugins\/seo\/ -->\n<title>VAPE ohne Zollgeb\u00fchren Strawberry Kiwi ELF BOX LS15000 zu attraktiven Gro\u00dfhandelspreisen | ElementVape.de<\/title>\n<meta name=\"description\" content=\"Wir bieten VAPE ohne Zollgeb\u00fchren Strawberry Kiwi ELF BOX LS15000 zu attraktiven Gro\u00dfhandelspreisen , Elementvape.de akzeptieren Gro\u00df-und Einzelhandel Bestellungen.\" \/>\n<meta name=\"robots\" content=\"index, follow, max-snippet:-1, max-image-preview:large, max-video-preview:-1\" \/>\n<link rel=\"canonical\" href=\"https:\/\/www.elementvape.de\/pl\/produkt\/vape-ohne-zollgebuehren-strawberry-kiwi-elf-box-ls15000-zu-attraktiven-grosshandelspreisen\/\" \/>\n<meta property=\"og:locale\" content=\"pl_PL\" \/>\n<meta property=\"og:type\" content=\"article\" \/>\n<meta property=\"og:title\" content=\"VAPE ohne Zollgeb\u00fchren Strawberry Kiwi ELF BOX LS15000 zu attraktiven Gro\u00dfhandelspreisen | ElementVape.de\" \/>\n<meta property=\"og:description\" content=\"Wir bieten VAPE ohne Zollgeb\u00fchren Strawberry Kiwi ELF BOX LS15000 zu attraktiven Gro\u00dfhandelspreisen , Elementvape.de akzeptieren Gro\u00df-und Einzelhandel Bestellungen.\" \/>\n<meta property=\"og:url\" content=\"https:\/\/www.elementvape.de\/pl\/produkt\/vape-ohne-zollgebuehren-strawberry-kiwi-elf-box-ls15000-zu-attraktiven-grosshandelspreisen\/\" \/>\n<meta property=\"og:site_name\" content=\"ElementVape.de\" \/>\n<meta property=\"article:modified_time\" content=\"2024-12-12T06:35:03+00:00\" \/>\n<meta property=\"og:image\" content=\"https:\/\/www.elementvape.de\/wp-content\/uploads\/2024\/08\/Strawberry-Kiwi.png\" \/>\n\t<meta property=\"og:image:width\" content=\"1000\" \/>\n\t<meta property=\"og:image:height\" content=\"1000\" \/>\n\t<meta property=\"og:image:type\" content=\"image\/png\" \/>\n<meta name=\"twitter:card\" content=\"summary_large_image\" \/>\n<meta name=\"twitter:label1\" content=\"Est. reading time\" \/>\n\t<meta name=\"twitter:data1\" content=\"3 minuty\" \/>\n<script type=\"application\/ld+json\" class=\"yoast-schema-graph\">{\"@context\":\"https:\/\/schema.org\",\"@graph\":[{\"@type\":\"WebPage\",\"@id\":\"https:\/\/www.elementvape.de\/produkt\/vape-ohne-zollgebuehren-strawberry-kiwi-elf-box-ls15000-zu-attraktiven-grosshandelspreisen\/\",\"url\":\"https:\/\/www.elementvape.de\/produkt\/vape-ohne-zollgebuehren-strawberry-kiwi-elf-box-ls15000-zu-attraktiven-grosshandelspreisen\/\",\"name\":\"VAPE ohne Zollgeb\u00fchren Strawberry Kiwi ELF BOX LS15000 zu attraktiven Gro\u00dfhandelspreisen | ElementVape.de\",\"isPartOf\":{\"@id\":\"https:\/\/www.elementvape.de\/#website\"},\"primaryImageOfPage\":{\"@id\":\"https:\/\/www.elementvape.de\/produkt\/vape-ohne-zollgebuehren-strawberry-kiwi-elf-box-ls15000-zu-attraktiven-grosshandelspreisen\/#primaryimage\"},\"image\":{\"@id\":\"https:\/\/www.elementvape.de\/produkt\/vape-ohne-zollgebuehren-strawberry-kiwi-elf-box-ls15000-zu-attraktiven-grosshandelspreisen\/#primaryimage\"},\"thumbnailUrl\":\"https:\/\/www.elementvape.de\/wp-content\/uploads\/2024\/08\/Strawberry-Kiwi.png\",\"datePublished\":\"2024-08-08T07:46:22+00:00\",\"dateModified\":\"2024-12-12T06:35:03+00:00\",\"description\":\"Wir bieten VAPE ohne Zollgeb\u00fchren Strawberry Kiwi ELF BOX LS15000 zu attraktiven Gro\u00dfhandelspreisen , Elementvape.de akzeptieren Gro\u00df-und Einzelhandel Bestellungen.\",\"breadcrumb\":{\"@id\":\"https:\/\/www.elementvape.de\/produkt\/vape-ohne-zollgebuehren-strawberry-kiwi-elf-box-ls15000-zu-attraktiven-grosshandelspreisen\/#breadcrumb\"},\"inLanguage\":\"pl-PL\",\"potentialAction\":[{\"@type\":\"ReadAction\",\"target\":[\"https:\/\/www.elementvape.de\/produkt\/vape-ohne-zollgebuehren-strawberry-kiwi-elf-box-ls15000-zu-attraktiven-grosshandelspreisen\/\"]}]},{\"@type\":\"ImageObject\",\"inLanguage\":\"pl-PL\",\"@id\":\"https:\/\/www.elementvape.de\/produkt\/vape-ohne-zollgebuehren-strawberry-kiwi-elf-box-ls15000-zu-attraktiven-grosshandelspreisen\/#primaryimage\",\"url\":\"https:\/\/www.elementvape.de\/wp-content\/uploads\/2024\/08\/Strawberry-Kiwi.png\",\"contentUrl\":\"https:\/\/www.elementvape.de\/wp-content\/uploads\/2024\/08\/Strawberry-Kiwi.png\",\"width\":1000,\"height\":1000,\"caption\":\"Strawberry Kiwi\"},{\"@type\":\"BreadcrumbList\",\"@id\":\"https:\/\/www.elementvape.de\/produkt\/vape-ohne-zollgebuehren-strawberry-kiwi-elf-box-ls15000-zu-attraktiven-grosshandelspreisen\/#breadcrumb\",\"itemListElement\":[{\"@type\":\"ListItem\",\"position\":1,\"name\":\"Home\",\"item\":\"https:\/\/www.elementvape.de\/\"},{\"@type\":\"ListItem\",\"position\":2,\"name\":\"Shop\",\"item\":\"https:\/\/www.elementvape.de\/shop\/\"},{\"@type\":\"ListItem\",\"position\":3,\"name\":\"VAPE ohne Zollgeb\u00fchren Strawberry Kiwi ELF BOX LS15000 zu attraktiven Gro\u00dfhandelspreisen\"}]},{\"@type\":\"WebSite\",\"@id\":\"https:\/\/www.elementvape.de\/#website\",\"url\":\"https:\/\/www.elementvape.de\/\",\"name\":\"ElementVape.de\",\"description\":\"\",\"publisher\":{\"@id\":\"https:\/\/www.elementvape.de\/#organization\"},\"potentialAction\":[{\"@type\":\"SearchAction\",\"target\":{\"@type\":\"EntryPoint\",\"urlTemplate\":\"https:\/\/www.elementvape.de\/?s={search_term_string}\"},\"query-input\":\"required name=search_term_string\"}],\"inLanguage\":\"pl-PL\"},{\"@type\":\"Organization\",\"@id\":\"https:\/\/www.elementvape.de\/#organization\",\"name\":\"ElementVape.DE\",\"url\":\"https:\/\/www.elementvape.de\/\",\"logo\":{\"@type\":\"ImageObject\",\"inLanguage\":\"pl-PL\",\"@id\":\"https:\/\/www.elementvape.de\/#\/schema\/logo\/image\/\",\"url\":\"https:\/\/www.elementvape.de\/wp-content\/uploads\/2024\/09\/cropped-1elementvape-3.png\",\"contentUrl\":\"https:\/\/www.elementvape.de\/wp-content\/uploads\/2024\/09\/cropped-1elementvape-3.png\",\"width\":285,\"height\":228,\"caption\":\"ElementVape.DE\"},\"image\":{\"@id\":\"https:\/\/www.elementvape.de\/#\/schema\/logo\/image\/\"}}]}<\/script>\n<!-- \/ Yoast SEO plugin. -->","yoast_head_json":{"title":"VAPE ohne Zollgeb\u00fchren Strawberry Kiwi ELF BOX LS15000 zu attraktiven Gro\u00dfhandelspreisen | ElementVape.de","description":"Wir bieten VAPE ohne Zollgeb\u00fchren Strawberry Kiwi ELF BOX LS15000 zu attraktiven Gro\u00dfhandelspreisen , Elementvape.de akzeptieren Gro\u00df-und Einzelhandel Bestellungen.","robots":{"index":"index","follow":"follow","max-snippet":"max-snippet:-1","max-image-preview":"max-image-preview:large","max-video-preview":"max-video-preview:-1"},"canonical":"https:\/\/www.elementvape.de\/pl\/produkt\/vape-ohne-zollgebuehren-strawberry-kiwi-elf-box-ls15000-zu-attraktiven-grosshandelspreisen\/","og_locale":"pl_PL","og_type":"article","og_title":"VAPE ohne Zollgeb\u00fchren Strawberry Kiwi ELF BOX LS15000 zu attraktiven Gro\u00dfhandelspreisen | ElementVape.de","og_description":"Wir bieten VAPE ohne Zollgeb\u00fchren Strawberry Kiwi ELF BOX LS15000 zu attraktiven Gro\u00dfhandelspreisen , Elementvape.de akzeptieren Gro\u00df-und Einzelhandel Bestellungen.","og_url":"https:\/\/www.elementvape.de\/pl\/produkt\/vape-ohne-zollgebuehren-strawberry-kiwi-elf-box-ls15000-zu-attraktiven-grosshandelspreisen\/","og_site_name":"ElementVape.de","article_modified_time":"2024-12-12T06:35:03+00:00","og_image":[{"width":1000,"height":1000,"url":"https:\/\/www.elementvape.de\/wp-content\/uploads\/2024\/08\/Strawberry-Kiwi.png","type":"image\/png"}],"twitter_card":"summary_large_image","twitter_misc":{"Est. reading time":"3 minuty"},"schema":{"@context":"https:\/\/schema.org","@graph":[{"@type":"WebPage","@id":"https:\/\/www.elementvape.de\/produkt\/vape-ohne-zollgebuehren-strawberry-kiwi-elf-box-ls15000-zu-attraktiven-grosshandelspreisen\/","url":"https:\/\/www.elementvape.de\/produkt\/vape-ohne-zollgebuehren-strawberry-kiwi-elf-box-ls15000-zu-attraktiven-grosshandelspreisen\/","name":"VAPE ohne Zollgeb\u00fchren Strawberry Kiwi ELF BOX LS15000 zu attraktiven Gro\u00dfhandelspreisen | ElementVape.de","isPartOf":{"@id":"https:\/\/www.elementvape.de\/#website"},"primaryImageOfPage":{"@id":"https:\/\/www.elementvape.de\/produkt\/vape-ohne-zollgebuehren-strawberry-kiwi-elf-box-ls15000-zu-attraktiven-grosshandelspreisen\/#primaryimage"},"image":{"@id":"https:\/\/www.elementvape.de\/produkt\/vape-ohne-zollgebuehren-strawberry-kiwi-elf-box-ls15000-zu-attraktiven-grosshandelspreisen\/#primaryimage"},"thumbnailUrl":"https:\/\/www.elementvape.de\/wp-content\/uploads\/2024\/08\/Strawberry-Kiwi.png","datePublished":"2024-08-08T07:46:22+00:00","dateModified":"2024-12-12T06:35:03+00:00","description":"Wir bieten VAPE ohne Zollgeb\u00fchren Strawberry Kiwi ELF BOX LS15000 zu attraktiven Gro\u00dfhandelspreisen , Elementvape.de akzeptieren Gro\u00df-und Einzelhandel Bestellungen.","breadcrumb":{"@id":"https:\/\/www.elementvape.de\/produkt\/vape-ohne-zollgebuehren-strawberry-kiwi-elf-box-ls15000-zu-attraktiven-grosshandelspreisen\/#breadcrumb"},"inLanguage":"pl-PL","potentialAction":[{"@type":"ReadAction","target":["https:\/\/www.elementvape.de\/produkt\/vape-ohne-zollgebuehren-strawberry-kiwi-elf-box-ls15000-zu-attraktiven-grosshandelspreisen\/"]}]},{"@type":"ImageObject","inLanguage":"pl-PL","@id":"https:\/\/www.elementvape.de\/produkt\/vape-ohne-zollgebuehren-strawberry-kiwi-elf-box-ls15000-zu-attraktiven-grosshandelspreisen\/#primaryimage","url":"https:\/\/www.elementvape.de\/wp-content\/uploads\/2024\/08\/Strawberry-Kiwi.png","contentUrl":"https:\/\/www.elementvape.de\/wp-content\/uploads\/2024\/08\/Strawberry-Kiwi.png","width":1000,"height":1000,"caption":"Strawberry Kiwi"},{"@type":"BreadcrumbList","@id":"https:\/\/www.elementvape.de\/produkt\/vape-ohne-zollgebuehren-strawberry-kiwi-elf-box-ls15000-zu-attraktiven-grosshandelspreisen\/#breadcrumb","itemListElement":[{"@type":"ListItem","position":1,"name":"Home","item":"https:\/\/www.elementvape.de\/"},{"@type":"ListItem","position":2,"name":"Shop","item":"https:\/\/www.elementvape.de\/shop\/"},{"@type":"ListItem","position":3,"name":"VAPE ohne Zollgeb\u00fchren Strawberry Kiwi ELF BOX LS15000 zu attraktiven Gro\u00dfhandelspreisen"}]},{"@type":"WebSite","@id":"https:\/\/www.elementvape.de\/#website","url":"https:\/\/www.elementvape.de\/","name":"ElementVape.de","description":"","publisher":{"@id":"https:\/\/www.elementvape.de\/#organization"},"potentialAction":[{"@type":"SearchAction","target":{"@type":"EntryPoint","urlTemplate":"https:\/\/www.elementvape.de\/?s={search_term_string}"},"query-input":"required name=search_term_string"}],"inLanguage":"pl-PL"},{"@type":"Organization","@id":"https:\/\/www.elementvape.de\/#organization","name":"ElementVape.DE","url":"https:\/\/www.elementvape.de\/","logo":{"@type":"ImageObject","inLanguage":"pl-PL","@id":"https:\/\/www.elementvape.de\/#\/schema\/logo\/image\/","url":"https:\/\/www.elementvape.de\/wp-content\/uploads\/2024\/09\/cropped-1elementvape-3.png","contentUrl":"https:\/\/www.elementvape.de\/wp-content\/uploads\/2024\/09\/cropped-1elementvape-3.png","width":285,"height":228,"caption":"ElementVape.DE"},"image":{"@id":"https:\/\/www.elementvape.de\/#\/schema\/logo\/image\/"}}]}},"_links":{"self":[{"href":"https:\/\/www.elementvape.de\/pl\/wp-json\/wp\/v2\/product\/13705"}],"collection":[{"href":"https:\/\/www.elementvape.de\/pl\/wp-json\/wp\/v2\/product"}],"about":[{"href":"https:\/\/www.elementvape.de\/pl\/wp-json\/wp\/v2\/types\/product"}],"wp:featuredmedia":[{"embeddable":true,"href":"https:\/\/www.elementvape.de\/pl\/wp-json\/wp\/v2\/media\/13706"}],"wp:attachment":[{"href":"https:\/\/www.elementvape.de\/pl\/wp-json\/wp\/v2\/media?parent=13705"}],"wp:term":[{"taxonomy":"product_cat","embeddable":true,"href":"https:\/\/www.elementvape.de\/pl\/wp-json\/wp\/v2\/product_cat?post=13705"},{"taxonomy":"product_tag","embeddable":true,"href":"https:\/\/www.elementvape.de\/pl\/wp-json\/wp\/v2\/product_tag?post=13705"}],"curies":[{"name":"wp","href":"https:\/\/api.w.org\/{rel}","templated":true}]}}