{"id":13478,"date":"2024-07-01T07:35:08","date_gmt":"2024-07-01T07:35:08","guid":{"rendered":"https:\/\/www.elementvape.de\/?post_type=product&#038;p=13478"},"modified":"2024-09-12T10:28:41","modified_gmt":"2024-09-12T10:28:41","slug":"oxva-xlim-c-pod-kit-900mah","status":"publish","type":"product","link":"https:\/\/www.elementvape.de\/pl\/produkt\/oxva-xlim-c-pod-kit-900mah\/","title":{"rendered":"Zestaw Pod OXVA XLIM C 900mAh"},"content":{"rendered":"<div class=\"flex-shrink-0 flex flex-col relative items-end\">\n<div>\n<div class=\"pt-0.5 juice:pt-0\">\n<div class=\"gizmo-bot-avatar flex h-6 w-6 items-center justify-center overflow-hidden rounded-full juice:h-8 juice:w-8\">\n<div class=\"relative p-1 rounded-sm flex items-center justify-center bg-token-main-surface-primary text-token-text-primary h-8 w-8\">Zestaw OXVA XLIM C Pod Kit to rozszerzenie popularnej serii XLIM, zaprojektowane, aby zapewni\u0107 wyj\u0105tkowe do\u015bwiadczenie vapowania. Z wbudowanym akumulatorem 900 mAh i kartrid\u017cem XLIM C jest dost\u0119pny w 10 stylowych opcjach kolorystycznych i oferuje ulepszon\u0105 mo\u017cliwo\u015b\u0107 cieszenia si\u0119 ekstremalnym smakiem.<\/div>\n<\/div>\n<\/div>\n<\/div>\n<\/div>\n<div class=\"group\/conversation-turn relative flex w-full min-w-0 flex-col agent-turn\">\n<div class=\"flex-col gap-1 md:gap-3\">\n<div class=\"flex flex-grow flex-col max-w-full\">\n<div class=\"min-h-[20px] text-message flex flex-col items-start whitespace-pre-wrap break-words [.text-message+&amp;]:mt-5 juice:w-full juice:items-end overflow-x-auto gap-2\" dir=\"auto\" data-message-author-role=\"assistant\" data-message-id=\"bc1b3654-7cf8-4161-b9ce-d1c9d944a695\">\n<div class=\"flex w-full flex-col gap-1 juice:empty:hidden juice:first:pt-[3px]\">\n<div class=\"markdown prose w-full break-words dark:prose-invert light\">\n<h3>Parametry techniczne<\/h3>\n<ul>\n<li><strong>Moc wyj\u015bciowa:<\/strong> Max. 25 W<\/li>\n<li><strong>Pojemno\u015b\u0107 kartusza:<\/strong> 2 ml<\/li>\n<li><strong>Pojemno\u015b\u0107 baterii:<\/strong> 900 mAh<\/li>\n<li><strong>Materia\u0142:<\/strong> Stop aluminium + PCTG<\/li>\n<li><strong>\u0141adowanie:<\/strong> DC 5 V\/2 A, Typ C<\/li>\n<li><strong>Wymiary:<\/strong> 114,5 mm x 14 mm x 24 mm<\/li>\n<li><strong>Waga:<\/strong> 40 g<\/li>\n<li><strong>Grza\u0142ki:<\/strong> KA1 MESH (0,6 \u03a9 \/ 0,8 \u03a9 \/ 1,2 \u03a9)<\/li>\n<\/ul>\n<h3>G\u0142\u00f3wne funkcje<\/h3>\n<ol>\n<li><strong>X-TREME SMAK:<\/strong> Wymienne spirale Xlim C (0,6 \u03a9 \/ 0,8 \u03a9 \/ 1,2 \u03a9) z KA1 MESH dla intensywnego smaku.<\/li>\n<li><strong>Automatyczne poci\u0105gni\u0119cie + przycisk:<\/strong> Umo\u017cliwia zar\u00f3wno automatyczne poci\u0105gni\u0119cie, jak i korzystanie z przycisku.<\/li>\n<li><strong>3-stopniowy regulowany tryb smart:<\/strong> Zapewnia elastyczno\u015b\u0107 w ustawianiu mocy wyj\u015bciowej.<\/li>\n<li><strong>Ergonomiczna boczna regulacja przep\u0142ywu powietrza:<\/strong> Umo\u017cliwia precyzyjne dostosowanie przep\u0142ywu powietrza.<\/li>\n<li><strong>Wbudowany akumulator 900 mAh:<\/strong> Na d\u0142ugotrwa\u0142e u\u017cytkowanie.<\/li>\n<li><strong>Maksymalna moc wyj\u015bciowa 25 W:<\/strong> Zapewnia wystarczaj\u0105c\u0105 moc do satysfakcjonuj\u0105cego do\u015bwiadczenia z waporyzacj\u0105.<\/li>\n<li><strong>\u0141adowanie boczne:<\/strong> Prosty spos\u00f3b uzupe\u0142niania kartrid\u017ca.<\/li>\n<li><strong>Szybkie \u0142adowanie Typ C 5 V\/2 A:<\/strong> Szybkie \u0142adowanie urz\u0105dzenia.<\/li>\n<li><strong>10 opcji kolorystycznych:<\/strong> Czarny, mosi\u0105dz, czerwony, gradient niebieski, fioletowy, b\u0142yszcz\u0105ca czer\u0144-srebro, b\u0142yszcz\u0105ce z\u0142oto-srebro, b\u0142yszcz\u0105ce zielone-srebro, zielony kamufla\u017c, czarny kamufla\u017c.<\/li>\n<\/ol>\n<h3>Zawarto\u015b\u0107 opakowania<\/h3>\n<ul>\n<li>1 x XLIM C urz\u0105dzenie<\/li>\n<li>1 x XLIM C cewka 0,6 \u03a9<\/li>\n<li>1 x Kabel Typ-C<\/li>\n<li>1 x instrukcja obs\u0142ugi<\/li>\n<li>1 x XLIM C kartrid\u017c 2 ml<\/li>\n<li>1 x XLIM C cewka 0,8 \u03a9<\/li>\n<li>1 x pasek do noszenia<\/li>\n<\/ul>\n<p>Zestaw OXVA XLIM C Pod jest idealny dla waporyzator\u00f3w ceni\u0105cych kompaktowy rozmiar, prost\u0105 obs\u0142ug\u0119 i wyrazisty smak. Dzi\u0119ki swoim r\u00f3\u017cnorodnym funkcjom i stylowemu designowi jest doskona\u0142ym wyborem do codziennego u\u017cytku.<\/p>\n<\/div>\n<\/div>\n<\/div>\n<\/div>\n<\/div>\n<\/div>","protected":false},"excerpt":{"rendered":"<p>Das OXVA XLIM C Pod Kit ist eine Erweiterung der beliebten XLIM-Serie und wurde entwickelt, um ein herausragendes Dampferlebnis zu bieten. Mit seinem eingebauten 900 mAh Akku und der XLIM C-Kartusche ist es in 10 stilvollen Farboptionen erh\u00e4ltlich und bietet eine verbesserte M\u00f6glichkeit, X-treme-Geschmack zu genie\u00dfen. Technische Parameter Ausgangsleistung: Max. 25 W Kartuschenkapazit\u00e4t: 2 ml [&hellip;]<\/p>","protected":false},"featured_media":13489,"template":"","meta":{"inline_featured_image":false},"product_cat":[747,740,734,753,76],"product_tag":[],"tiered_pricing_type":"fixed","tiered_pricing_fixed_rules":[],"tiered_pricing_percentage_rules":[],"tiered_pricing_minimum":1,"_administrator_tiered_pricing_type":"fixed","_administrator_tiered_pricing_fixed_rules":[],"_editor_tiered_pricing_type":"fixed","_editor_tiered_pricing_fixed_rules":[],"_author_tiered_pricing_type":"fixed","_author_tiered_pricing_fixed_rules":[],"_contributor_tiered_pricing_type":"fixed","_contributor_tiered_pricing_fixed_rules":[],"_subscriber_tiered_pricing_type":"fixed","_subscriber_tiered_pricing_fixed_rules":[],"_customer_tiered_pricing_type":"fixed","_customer_tiered_pricing_fixed_rules":[],"_shop_manager_tiered_pricing_type":"fixed","_shop_manager_tiered_pricing_fixed_rules":[],"_wpseo_manager_tiered_pricing_type":"fixed","_wpseo_manager_tiered_pricing_fixed_rules":[],"_wpseo_editor_tiered_pricing_type":"fixed","_wpseo_editor_tiered_pricing_fixed_rules":[],"_wholesale_customer_tiered_pricing_type":"fixed","_wholesale_customer_tiered_pricing_fixed_rules":[],"_marketer_tiered_pricing_type":"fixed","_marketer_tiered_pricing_fixed_rules":[],"_sales_manager_tiered_pricing_type":"fixed","_sales_manager_tiered_pricing_fixed_rules":[],"_sales_rep_tiered_pricing_type":"fixed","_sales_rep_tiered_pricing_fixed_rules":[],"yoast_head":"<!-- This site is optimized with the Yoast SEO plugin v23.3 - https:\/\/yoast.com\/wordpress\/plugins\/seo\/ -->\n<title>OXVA XLIM C Pod Kit 900mAh | ElementVape.de<\/title>\n<meta name=\"description\" content=\"Wir bieten OXVA XLIM C Pod Kit 900mAh , Elementvape.de akzeptieren Gro\u00df-und Einzelhandel Bestellungen.\" \/>\n<meta name=\"robots\" content=\"index, follow, max-snippet:-1, max-image-preview:large, max-video-preview:-1\" \/>\n<link rel=\"canonical\" href=\"https:\/\/www.elementvape.de\/pl\/produkt\/oxva-xlim-c-pod-kit-900mah\/\" \/>\n<meta property=\"og:locale\" content=\"pl_PL\" \/>\n<meta property=\"og:type\" content=\"article\" \/>\n<meta property=\"og:title\" content=\"OXVA XLIM C Pod Kit 900mAh | ElementVape.de\" \/>\n<meta property=\"og:description\" content=\"Wir bieten OXVA XLIM C Pod Kit 900mAh , Elementvape.de akzeptieren Gro\u00df-und Einzelhandel Bestellungen.\" \/>\n<meta property=\"og:url\" content=\"https:\/\/www.elementvape.de\/pl\/produkt\/oxva-xlim-c-pod-kit-900mah\/\" \/>\n<meta property=\"og:site_name\" content=\"ElementVape.de\" \/>\n<meta property=\"article:modified_time\" content=\"2024-09-12T10:28:41+00:00\" \/>\n<meta property=\"og:image\" content=\"https:\/\/www.elementvape.de\/wp-content\/uploads\/2024\/07\/OXVA-XLIM-C-Kit-_19.webp\" \/>\n\t<meta property=\"og:image:width\" content=\"800\" \/>\n\t<meta property=\"og:image:height\" content=\"800\" \/>\n\t<meta property=\"og:image:type\" content=\"image\/webp\" \/>\n<meta name=\"twitter:card\" content=\"summary_large_image\" \/>\n<meta name=\"twitter:label1\" content=\"Est. reading time\" \/>\n\t<meta name=\"twitter:data1\" content=\"2 minuty\" \/>\n<script type=\"application\/ld+json\" class=\"yoast-schema-graph\">{\"@context\":\"https:\/\/schema.org\",\"@graph\":[{\"@type\":\"WebPage\",\"@id\":\"https:\/\/www.elementvape.de\/da\/produkt\/oxva-xlim-c-pod-kit-900mah\/\",\"url\":\"https:\/\/www.elementvape.de\/da\/produkt\/oxva-xlim-c-pod-kit-900mah\/\",\"name\":\"OXVA XLIM C Pod Kit 900mAh | ElementVape.de\",\"isPartOf\":{\"@id\":\"https:\/\/www.elementvape.de\/#website\"},\"primaryImageOfPage\":{\"@id\":\"https:\/\/www.elementvape.de\/da\/produkt\/oxva-xlim-c-pod-kit-900mah\/#primaryimage\"},\"image\":{\"@id\":\"https:\/\/www.elementvape.de\/da\/produkt\/oxva-xlim-c-pod-kit-900mah\/#primaryimage\"},\"thumbnailUrl\":\"https:\/\/www.elementvape.de\/wp-content\/uploads\/2024\/07\/OXVA-XLIM-C-Kit-_19.webp\",\"datePublished\":\"2024-07-01T07:35:08+00:00\",\"dateModified\":\"2024-09-12T10:28:41+00:00\",\"description\":\"Wir bieten OXVA XLIM C Pod Kit 900mAh , Elementvape.de akzeptieren Gro\u00df-und Einzelhandel Bestellungen.\",\"breadcrumb\":{\"@id\":\"https:\/\/www.elementvape.de\/da\/produkt\/oxva-xlim-c-pod-kit-900mah\/#breadcrumb\"},\"inLanguage\":\"pl-PL\",\"potentialAction\":[{\"@type\":\"ReadAction\",\"target\":[\"https:\/\/www.elementvape.de\/da\/produkt\/oxva-xlim-c-pod-kit-900mah\/\"]}]},{\"@type\":\"ImageObject\",\"inLanguage\":\"pl-PL\",\"@id\":\"https:\/\/www.elementvape.de\/da\/produkt\/oxva-xlim-c-pod-kit-900mah\/#primaryimage\",\"url\":\"https:\/\/www.elementvape.de\/wp-content\/uploads\/2024\/07\/OXVA-XLIM-C-Kit-_19.webp\",\"contentUrl\":\"https:\/\/www.elementvape.de\/wp-content\/uploads\/2024\/07\/OXVA-XLIM-C-Kit-_19.webp\",\"width\":800,\"height\":800,\"caption\":\"OXVA-XLIM-C-Kit-_19\"},{\"@type\":\"BreadcrumbList\",\"@id\":\"https:\/\/www.elementvape.de\/da\/produkt\/oxva-xlim-c-pod-kit-900mah\/#breadcrumb\",\"itemListElement\":[{\"@type\":\"ListItem\",\"position\":1,\"name\":\"Home\",\"item\":\"https:\/\/www.elementvape.de\/\"},{\"@type\":\"ListItem\",\"position\":2,\"name\":\"Shop\",\"item\":\"https:\/\/www.elementvape.de\/shop\/\"},{\"@type\":\"ListItem\",\"position\":3,\"name\":\"OXVA XLIM C Pod Kit 900mAh\"}]},{\"@type\":\"WebSite\",\"@id\":\"https:\/\/www.elementvape.de\/#website\",\"url\":\"https:\/\/www.elementvape.de\/\",\"name\":\"ElementVape.de\",\"description\":\"\",\"publisher\":{\"@id\":\"https:\/\/www.elementvape.de\/#organization\"},\"potentialAction\":[{\"@type\":\"SearchAction\",\"target\":{\"@type\":\"EntryPoint\",\"urlTemplate\":\"https:\/\/www.elementvape.de\/?s={search_term_string}\"},\"query-input\":\"required name=search_term_string\"}],\"inLanguage\":\"pl-PL\"},{\"@type\":\"Organization\",\"@id\":\"https:\/\/www.elementvape.de\/#organization\",\"name\":\"ElementVape.DE\",\"url\":\"https:\/\/www.elementvape.de\/\",\"logo\":{\"@type\":\"ImageObject\",\"inLanguage\":\"pl-PL\",\"@id\":\"https:\/\/www.elementvape.de\/#\/schema\/logo\/image\/\",\"url\":\"https:\/\/www.elementvape.de\/wp-content\/uploads\/2024\/09\/cropped-1elementvape-3.png\",\"contentUrl\":\"https:\/\/www.elementvape.de\/wp-content\/uploads\/2024\/09\/cropped-1elementvape-3.png\",\"width\":285,\"height\":228,\"caption\":\"ElementVape.DE\"},\"image\":{\"@id\":\"https:\/\/www.elementvape.de\/#\/schema\/logo\/image\/\"}}]}<\/script>\n<!-- \/ Yoast SEO plugin. -->","yoast_head_json":{"title":"OXVA XLIM C Pod Kit 900mAh | ElementVape.de","description":"Wir bieten OXVA XLIM C Pod Kit 900mAh , Elementvape.de akzeptieren Gro\u00df-und Einzelhandel Bestellungen.","robots":{"index":"index","follow":"follow","max-snippet":"max-snippet:-1","max-image-preview":"max-image-preview:large","max-video-preview":"max-video-preview:-1"},"canonical":"https:\/\/www.elementvape.de\/pl\/produkt\/oxva-xlim-c-pod-kit-900mah\/","og_locale":"pl_PL","og_type":"article","og_title":"OXVA XLIM C Pod Kit 900mAh | ElementVape.de","og_description":"Wir bieten OXVA XLIM C Pod Kit 900mAh , Elementvape.de akzeptieren Gro\u00df-und Einzelhandel Bestellungen.","og_url":"https:\/\/www.elementvape.de\/pl\/produkt\/oxva-xlim-c-pod-kit-900mah\/","og_site_name":"ElementVape.de","article_modified_time":"2024-09-12T10:28:41+00:00","og_image":[{"width":800,"height":800,"url":"https:\/\/www.elementvape.de\/wp-content\/uploads\/2024\/07\/OXVA-XLIM-C-Kit-_19.webp","type":"image\/webp"}],"twitter_card":"summary_large_image","twitter_misc":{"Est. reading time":"2 minuty"},"schema":{"@context":"https:\/\/schema.org","@graph":[{"@type":"WebPage","@id":"https:\/\/www.elementvape.de\/da\/produkt\/oxva-xlim-c-pod-kit-900mah\/","url":"https:\/\/www.elementvape.de\/da\/produkt\/oxva-xlim-c-pod-kit-900mah\/","name":"OXVA XLIM C Pod Kit 900mAh | ElementVape.de","isPartOf":{"@id":"https:\/\/www.elementvape.de\/#website"},"primaryImageOfPage":{"@id":"https:\/\/www.elementvape.de\/da\/produkt\/oxva-xlim-c-pod-kit-900mah\/#primaryimage"},"image":{"@id":"https:\/\/www.elementvape.de\/da\/produkt\/oxva-xlim-c-pod-kit-900mah\/#primaryimage"},"thumbnailUrl":"https:\/\/www.elementvape.de\/wp-content\/uploads\/2024\/07\/OXVA-XLIM-C-Kit-_19.webp","datePublished":"2024-07-01T07:35:08+00:00","dateModified":"2024-09-12T10:28:41+00:00","description":"Wir bieten OXVA XLIM C Pod Kit 900mAh , Elementvape.de akzeptieren Gro\u00df-und Einzelhandel Bestellungen.","breadcrumb":{"@id":"https:\/\/www.elementvape.de\/da\/produkt\/oxva-xlim-c-pod-kit-900mah\/#breadcrumb"},"inLanguage":"pl-PL","potentialAction":[{"@type":"ReadAction","target":["https:\/\/www.elementvape.de\/da\/produkt\/oxva-xlim-c-pod-kit-900mah\/"]}]},{"@type":"ImageObject","inLanguage":"pl-PL","@id":"https:\/\/www.elementvape.de\/da\/produkt\/oxva-xlim-c-pod-kit-900mah\/#primaryimage","url":"https:\/\/www.elementvape.de\/wp-content\/uploads\/2024\/07\/OXVA-XLIM-C-Kit-_19.webp","contentUrl":"https:\/\/www.elementvape.de\/wp-content\/uploads\/2024\/07\/OXVA-XLIM-C-Kit-_19.webp","width":800,"height":800,"caption":"OXVA-XLIM-C-Kit-_19"},{"@type":"BreadcrumbList","@id":"https:\/\/www.elementvape.de\/da\/produkt\/oxva-xlim-c-pod-kit-900mah\/#breadcrumb","itemListElement":[{"@type":"ListItem","position":1,"name":"Home","item":"https:\/\/www.elementvape.de\/"},{"@type":"ListItem","position":2,"name":"Shop","item":"https:\/\/www.elementvape.de\/shop\/"},{"@type":"ListItem","position":3,"name":"OXVA XLIM C Pod Kit 900mAh"}]},{"@type":"WebSite","@id":"https:\/\/www.elementvape.de\/#website","url":"https:\/\/www.elementvape.de\/","name":"ElementVape.de","description":"","publisher":{"@id":"https:\/\/www.elementvape.de\/#organization"},"potentialAction":[{"@type":"SearchAction","target":{"@type":"EntryPoint","urlTemplate":"https:\/\/www.elementvape.de\/?s={search_term_string}"},"query-input":"required name=search_term_string"}],"inLanguage":"pl-PL"},{"@type":"Organization","@id":"https:\/\/www.elementvape.de\/#organization","name":"ElementVape.DE","url":"https:\/\/www.elementvape.de\/","logo":{"@type":"ImageObject","inLanguage":"pl-PL","@id":"https:\/\/www.elementvape.de\/#\/schema\/logo\/image\/","url":"https:\/\/www.elementvape.de\/wp-content\/uploads\/2024\/09\/cropped-1elementvape-3.png","contentUrl":"https:\/\/www.elementvape.de\/wp-content\/uploads\/2024\/09\/cropped-1elementvape-3.png","width":285,"height":228,"caption":"ElementVape.DE"},"image":{"@id":"https:\/\/www.elementvape.de\/#\/schema\/logo\/image\/"}}]}},"_links":{"self":[{"href":"https:\/\/www.elementvape.de\/pl\/wp-json\/wp\/v2\/product\/13478"}],"collection":[{"href":"https:\/\/www.elementvape.de\/pl\/wp-json\/wp\/v2\/product"}],"about":[{"href":"https:\/\/www.elementvape.de\/pl\/wp-json\/wp\/v2\/types\/product"}],"wp:featuredmedia":[{"embeddable":true,"href":"https:\/\/www.elementvape.de\/pl\/wp-json\/wp\/v2\/media\/13489"}],"wp:attachment":[{"href":"https:\/\/www.elementvape.de\/pl\/wp-json\/wp\/v2\/media?parent=13478"}],"wp:term":[{"taxonomy":"product_cat","embeddable":true,"href":"https:\/\/www.elementvape.de\/pl\/wp-json\/wp\/v2\/product_cat?post=13478"},{"taxonomy":"product_tag","embeddable":true,"href":"https:\/\/www.elementvape.de\/pl\/wp-json\/wp\/v2\/product_tag?post=13478"}],"curies":[{"name":"wp","href":"https:\/\/api.w.org\/{rel}","templated":true}]}}