{"id":13278,"date":"2024-06-27T02:59:48","date_gmt":"2024-06-27T02:59:48","guid":{"rendered":"https:\/\/www.elementvape.de\/?post_type=product&#038;p=13278"},"modified":"2024-09-12T10:28:47","modified_gmt":"2024-09-12T10:28:47","slug":"uwell-sculptor-pod-kit-370-mah","status":"publish","type":"product","link":"https:\/\/www.elementvape.de\/pl\/produkt\/uwell-sculptor-pod-kit-370-mah\/","title":{"rendered":"Uwell Sculptor Pod Kit 370 mAh"},"content":{"rendered":"<h3>Uwell Sculptor Vape Kit w elementvape \u2013 Kompaktowy i stylowy wyb\u00f3r<\/h3>\n<p><strong>Elementvape<\/strong>, jednym z wiod\u0105cych hurtownik\u00f3w e-papieros\u00f3w na \u015bwiecie, oferuje <strong>Uwell Sculptor Vape Kit<\/strong> w najlepszych cenach hurtowych. Ten kompaktowy i przyjazny dla u\u017cytkownika zestaw jest idealny zar\u00f3wno dla pocz\u0105tkuj\u0105cych, jak i do\u015bwiadczonych palaczy. Zapewnia do\u015bwiadczenie MTL (Usta do p\u0142uc) i jest wyposa\u017cony w wbudowany akumulator 370 mAh. Z regulowanym zakresem mocy od 5 do 11 W mo\u017cesz dostosowa\u0107 do\u015bwiadczenie palenia do w\u0142asnych preferencji. Ka\u017cdy zestaw jest kompletny z dwoma nape\u0142nialnymi podami Sculptor o pojemno\u015bci 2 ml, wyposa\u017conymi we wbudowane cewki, dzi\u0119ki czemu mo\u017cesz zacz\u0105\u0107 od razu.<\/p>\n<h3>Stylowy design i praktyczne funkcje<\/h3>\n<p>Uwell Sculptor Vape Kit wyr\u00f3\u017cnia si\u0119 po\u0142\u0105czeniem funkcjonalno\u015bci i estetyki. Wkl\u0119s\u0142a strona <strong><a href=\"https:\/\/www.elementvape.de\/pl\/c\/pod\/\">Pod\u00f3w<\/a><\/strong> u\u0142atwia ich usuni\u0119cie, a wbudowana cewka 1,2 \u03a9 z technologi\u0105 Pro-FOCS do dostosowania smaku zapewnia intensywne doznania smakowe. Metalowa faktura obudowy symbolizuje si\u0142\u0119 i kunszt, podczas gdy matowe galwanizowanie nadaje urz\u0105dzeniu staro\u015bwiecki styl i unikalny chwyt. Dodatkowo zestaw jest wyposa\u017cony w naszyjnik, co czyni go eleganckim dodatkiem.<\/p>\n<h3>Dane techniczne i zawarto\u015b\u0107 zestawu<\/h3>\n<p><strong>Specyfikacje:<\/strong><\/p>\n<ul>\n<li><strong>Materia\u0142y:<\/strong> PCTG, stop cynku, PC, POK, mied\u017a<\/li>\n<li><strong>Wymiary:<\/strong> 32,6 mm \u00d7 15 mm \u00d7 77,1 mm<\/li>\n<li><strong>Waga netto:<\/strong> 50 g<\/li>\n<li><strong>Pojemno\u015b\u0107 e-liquidu:<\/strong> 1,6 ml<\/li>\n<li><strong>Moc wyj\u015bciowa:<\/strong> Maksymalna moc 11 W<\/li>\n<li><strong>Specyfikacja podu:<\/strong> FeCrAl Meshed-H 1,2 \u03a9, Nape\u0142nialny pod SCULPTOR<\/li>\n<li><strong>Pojemno\u015b\u0107 baterii:<\/strong> 370 mAh<\/li>\n<\/ul>\n<p><strong>Zawarto\u015b\u0107 opakowania:<\/strong><\/p>\n<ul>\n<li>1 x urz\u0105dzenie Sculptor<\/li>\n<li>2 x Meshed-H 1,2 \u03a9 nape\u0142nialny pod Sculptor<\/li>\n<li>1 x kabel \u0142adowania Typ-C<\/li>\n<li>1 x instrukcja obs\u0142ugi<\/li>\n<li>1 x naszyjnik<\/li>\n<\/ul>\n<p>Uwell Sculptor Vape Kit to doskona\u0142y wyb\u00f3r dla wszystkich, kt\u00f3rzy szukaj\u0105 stylowego i kompaktowego do\u015bwiadczenia vapingowego. Dzi\u0119ki prostocie obs\u0142ugi, wysokiej jako\u015bci wykonania i praktycznym funkcjom jest idealny do codziennego u\u017cytku. Zam\u00f3w Uwell Sculptor Vape Kit w <strong>elementvape<\/strong> i do\u015bwiadczysz najwy\u017cszej klasy do\u015bwiadczenia z parowaniem.<\/p>","protected":false},"excerpt":{"rendered":"<p>Uwell Sculptor Vape Kit bei elementvape \u2013 Eine kompakte und stilvolle Wahl Elementvape, einer der f\u00fchrenden Gro\u00dfh\u00e4ndler f\u00fcr E-Zigaretten weltweit, bietet das Uwell Sculptor Vape Kit zu den besten Gro\u00dfhandelspreisen an. Dieses kompakte und benutzerfreundliche Kit ist ideal sowohl f\u00fcr Anf\u00e4nger als auch f\u00fcr erfahrene Dampfer. Es liefert ein MTL-Dampferlebnis (Mouth To Lung) und ist [&hellip;]<\/p>","protected":false},"featured_media":13279,"template":"","meta":{"inline_featured_image":false},"product_cat":[747,740,734,753,76],"product_tag":[],"tiered_pricing_type":"fixed","tiered_pricing_fixed_rules":[],"tiered_pricing_percentage_rules":[],"tiered_pricing_minimum":1,"_administrator_tiered_pricing_type":"fixed","_administrator_tiered_pricing_fixed_rules":[],"_editor_tiered_pricing_type":"fixed","_editor_tiered_pricing_fixed_rules":[],"_author_tiered_pricing_type":"fixed","_author_tiered_pricing_fixed_rules":[],"_contributor_tiered_pricing_type":"fixed","_contributor_tiered_pricing_fixed_rules":[],"_subscriber_tiered_pricing_type":"fixed","_subscriber_tiered_pricing_fixed_rules":[],"_customer_tiered_pricing_type":"fixed","_customer_tiered_pricing_fixed_rules":[],"_shop_manager_tiered_pricing_type":"fixed","_shop_manager_tiered_pricing_fixed_rules":[],"_wpseo_manager_tiered_pricing_type":"fixed","_wpseo_manager_tiered_pricing_fixed_rules":[],"_wpseo_editor_tiered_pricing_type":"fixed","_wpseo_editor_tiered_pricing_fixed_rules":[],"_wholesale_customer_tiered_pricing_type":"fixed","_wholesale_customer_tiered_pricing_fixed_rules":[],"_marketer_tiered_pricing_type":"fixed","_marketer_tiered_pricing_fixed_rules":[],"_sales_manager_tiered_pricing_type":"fixed","_sales_manager_tiered_pricing_fixed_rules":[],"_sales_rep_tiered_pricing_type":"fixed","_sales_rep_tiered_pricing_fixed_rules":[],"yoast_head":"<!-- This site is optimized with the Yoast SEO plugin v23.3 - https:\/\/yoast.com\/wordpress\/plugins\/seo\/ -->\n<title>Uwell Sculptor Pod Kit 370 mAh | ElementVape.de<\/title>\n<meta name=\"description\" content=\"Wir bieten Uwell Sculptor Pod Kit 370 mAh , Elementvape.de akzeptieren Gro\u00df-und Einzelhandel Bestellungen.\" \/>\n<meta name=\"robots\" content=\"index, follow, max-snippet:-1, max-image-preview:large, max-video-preview:-1\" \/>\n<link rel=\"canonical\" href=\"https:\/\/www.elementvape.de\/pl\/produkt\/uwell-sculptor-pod-kit-370-mah\/\" \/>\n<meta property=\"og:locale\" content=\"pl_PL\" \/>\n<meta property=\"og:type\" content=\"article\" \/>\n<meta property=\"og:title\" content=\"Uwell Sculptor Pod Kit 370 mAh | ElementVape.de\" \/>\n<meta property=\"og:description\" content=\"Wir bieten Uwell Sculptor Pod Kit 370 mAh , Elementvape.de akzeptieren Gro\u00df-und Einzelhandel Bestellungen.\" \/>\n<meta property=\"og:url\" content=\"https:\/\/www.elementvape.de\/pl\/produkt\/uwell-sculptor-pod-kit-370-mah\/\" \/>\n<meta property=\"og:site_name\" content=\"ElementVape.de\" \/>\n<meta property=\"article:modified_time\" content=\"2024-09-12T10:28:47+00:00\" \/>\n<meta property=\"og:image\" content=\"https:\/\/www.elementvape.de\/wp-content\/uploads\/2024\/06\/Uwell-Sculptor-Pod-Kit-6.jpg\" \/>\n\t<meta property=\"og:image:width\" content=\"800\" \/>\n\t<meta property=\"og:image:height\" content=\"800\" \/>\n\t<meta property=\"og:image:type\" content=\"image\/jpeg\" \/>\n<meta name=\"twitter:card\" content=\"summary_large_image\" \/>\n<meta name=\"twitter:label1\" content=\"Est. reading time\" \/>\n\t<meta name=\"twitter:data1\" content=\"2 minuty\" \/>\n<script type=\"application\/ld+json\" class=\"yoast-schema-graph\">{\"@context\":\"https:\/\/schema.org\",\"@graph\":[{\"@type\":\"WebPage\",\"@id\":\"https:\/\/www.elementvape.de\/produkt\/uwell-sculptor-pod-kit-370-mah\/\",\"url\":\"https:\/\/www.elementvape.de\/produkt\/uwell-sculptor-pod-kit-370-mah\/\",\"name\":\"Uwell Sculptor Pod Kit 370 mAh | ElementVape.de\",\"isPartOf\":{\"@id\":\"https:\/\/www.elementvape.de\/#website\"},\"primaryImageOfPage\":{\"@id\":\"https:\/\/www.elementvape.de\/produkt\/uwell-sculptor-pod-kit-370-mah\/#primaryimage\"},\"image\":{\"@id\":\"https:\/\/www.elementvape.de\/produkt\/uwell-sculptor-pod-kit-370-mah\/#primaryimage\"},\"thumbnailUrl\":\"https:\/\/www.elementvape.de\/wp-content\/uploads\/2024\/06\/Uwell-Sculptor-Pod-Kit-6.jpg\",\"datePublished\":\"2024-06-27T02:59:48+00:00\",\"dateModified\":\"2024-09-12T10:28:47+00:00\",\"description\":\"Wir bieten Uwell Sculptor Pod Kit 370 mAh , Elementvape.de akzeptieren Gro\u00df-und Einzelhandel Bestellungen.\",\"breadcrumb\":{\"@id\":\"https:\/\/www.elementvape.de\/produkt\/uwell-sculptor-pod-kit-370-mah\/#breadcrumb\"},\"inLanguage\":\"pl-PL\",\"potentialAction\":[{\"@type\":\"ReadAction\",\"target\":[\"https:\/\/www.elementvape.de\/produkt\/uwell-sculptor-pod-kit-370-mah\/\"]}]},{\"@type\":\"ImageObject\",\"inLanguage\":\"pl-PL\",\"@id\":\"https:\/\/www.elementvape.de\/produkt\/uwell-sculptor-pod-kit-370-mah\/#primaryimage\",\"url\":\"https:\/\/www.elementvape.de\/wp-content\/uploads\/2024\/06\/Uwell-Sculptor-Pod-Kit-6.jpg\",\"contentUrl\":\"https:\/\/www.elementvape.de\/wp-content\/uploads\/2024\/06\/Uwell-Sculptor-Pod-Kit-6.jpg\",\"width\":800,\"height\":800,\"caption\":\"Uwell-Sculptor-Pod-Kit-6\"},{\"@type\":\"BreadcrumbList\",\"@id\":\"https:\/\/www.elementvape.de\/produkt\/uwell-sculptor-pod-kit-370-mah\/#breadcrumb\",\"itemListElement\":[{\"@type\":\"ListItem\",\"position\":1,\"name\":\"Home\",\"item\":\"https:\/\/www.elementvape.de\/\"},{\"@type\":\"ListItem\",\"position\":2,\"name\":\"Shop\",\"item\":\"https:\/\/www.elementvape.de\/shop\/\"},{\"@type\":\"ListItem\",\"position\":3,\"name\":\"Uwell Sculptor Pod Kit 370 mAh\"}]},{\"@type\":\"WebSite\",\"@id\":\"https:\/\/www.elementvape.de\/#website\",\"url\":\"https:\/\/www.elementvape.de\/\",\"name\":\"ElementVape.de\",\"description\":\"\",\"publisher\":{\"@id\":\"https:\/\/www.elementvape.de\/#organization\"},\"potentialAction\":[{\"@type\":\"SearchAction\",\"target\":{\"@type\":\"EntryPoint\",\"urlTemplate\":\"https:\/\/www.elementvape.de\/?s={search_term_string}\"},\"query-input\":\"required name=search_term_string\"}],\"inLanguage\":\"pl-PL\"},{\"@type\":\"Organization\",\"@id\":\"https:\/\/www.elementvape.de\/#organization\",\"name\":\"ElementVape.DE\",\"url\":\"https:\/\/www.elementvape.de\/\",\"logo\":{\"@type\":\"ImageObject\",\"inLanguage\":\"pl-PL\",\"@id\":\"https:\/\/www.elementvape.de\/#\/schema\/logo\/image\/\",\"url\":\"https:\/\/www.elementvape.de\/wp-content\/uploads\/2024\/09\/cropped-1elementvape-3.png\",\"contentUrl\":\"https:\/\/www.elementvape.de\/wp-content\/uploads\/2024\/09\/cropped-1elementvape-3.png\",\"width\":285,\"height\":228,\"caption\":\"ElementVape.DE\"},\"image\":{\"@id\":\"https:\/\/www.elementvape.de\/#\/schema\/logo\/image\/\"}}]}<\/script>\n<!-- \/ Yoast SEO plugin. -->","yoast_head_json":{"title":"Uwell Sculptor Pod Kit 370 mAh | ElementVape.de","description":"Wir bieten Uwell Sculptor Pod Kit 370 mAh , Elementvape.de akzeptieren Gro\u00df-und Einzelhandel Bestellungen.","robots":{"index":"index","follow":"follow","max-snippet":"max-snippet:-1","max-image-preview":"max-image-preview:large","max-video-preview":"max-video-preview:-1"},"canonical":"https:\/\/www.elementvape.de\/pl\/produkt\/uwell-sculptor-pod-kit-370-mah\/","og_locale":"pl_PL","og_type":"article","og_title":"Uwell Sculptor Pod Kit 370 mAh | ElementVape.de","og_description":"Wir bieten Uwell Sculptor Pod Kit 370 mAh , Elementvape.de akzeptieren Gro\u00df-und Einzelhandel Bestellungen.","og_url":"https:\/\/www.elementvape.de\/pl\/produkt\/uwell-sculptor-pod-kit-370-mah\/","og_site_name":"ElementVape.de","article_modified_time":"2024-09-12T10:28:47+00:00","og_image":[{"width":800,"height":800,"url":"https:\/\/www.elementvape.de\/wp-content\/uploads\/2024\/06\/Uwell-Sculptor-Pod-Kit-6.jpg","type":"image\/jpeg"}],"twitter_card":"summary_large_image","twitter_misc":{"Est. reading time":"2 minuty"},"schema":{"@context":"https:\/\/schema.org","@graph":[{"@type":"WebPage","@id":"https:\/\/www.elementvape.de\/produkt\/uwell-sculptor-pod-kit-370-mah\/","url":"https:\/\/www.elementvape.de\/produkt\/uwell-sculptor-pod-kit-370-mah\/","name":"Uwell Sculptor Pod Kit 370 mAh | ElementVape.de","isPartOf":{"@id":"https:\/\/www.elementvape.de\/#website"},"primaryImageOfPage":{"@id":"https:\/\/www.elementvape.de\/produkt\/uwell-sculptor-pod-kit-370-mah\/#primaryimage"},"image":{"@id":"https:\/\/www.elementvape.de\/produkt\/uwell-sculptor-pod-kit-370-mah\/#primaryimage"},"thumbnailUrl":"https:\/\/www.elementvape.de\/wp-content\/uploads\/2024\/06\/Uwell-Sculptor-Pod-Kit-6.jpg","datePublished":"2024-06-27T02:59:48+00:00","dateModified":"2024-09-12T10:28:47+00:00","description":"Wir bieten Uwell Sculptor Pod Kit 370 mAh , Elementvape.de akzeptieren Gro\u00df-und Einzelhandel Bestellungen.","breadcrumb":{"@id":"https:\/\/www.elementvape.de\/produkt\/uwell-sculptor-pod-kit-370-mah\/#breadcrumb"},"inLanguage":"pl-PL","potentialAction":[{"@type":"ReadAction","target":["https:\/\/www.elementvape.de\/produkt\/uwell-sculptor-pod-kit-370-mah\/"]}]},{"@type":"ImageObject","inLanguage":"pl-PL","@id":"https:\/\/www.elementvape.de\/produkt\/uwell-sculptor-pod-kit-370-mah\/#primaryimage","url":"https:\/\/www.elementvape.de\/wp-content\/uploads\/2024\/06\/Uwell-Sculptor-Pod-Kit-6.jpg","contentUrl":"https:\/\/www.elementvape.de\/wp-content\/uploads\/2024\/06\/Uwell-Sculptor-Pod-Kit-6.jpg","width":800,"height":800,"caption":"Uwell-Sculptor-Pod-Kit-6"},{"@type":"BreadcrumbList","@id":"https:\/\/www.elementvape.de\/produkt\/uwell-sculptor-pod-kit-370-mah\/#breadcrumb","itemListElement":[{"@type":"ListItem","position":1,"name":"Home","item":"https:\/\/www.elementvape.de\/"},{"@type":"ListItem","position":2,"name":"Shop","item":"https:\/\/www.elementvape.de\/shop\/"},{"@type":"ListItem","position":3,"name":"Uwell Sculptor Pod Kit 370 mAh"}]},{"@type":"WebSite","@id":"https:\/\/www.elementvape.de\/#website","url":"https:\/\/www.elementvape.de\/","name":"ElementVape.de","description":"","publisher":{"@id":"https:\/\/www.elementvape.de\/#organization"},"potentialAction":[{"@type":"SearchAction","target":{"@type":"EntryPoint","urlTemplate":"https:\/\/www.elementvape.de\/?s={search_term_string}"},"query-input":"required name=search_term_string"}],"inLanguage":"pl-PL"},{"@type":"Organization","@id":"https:\/\/www.elementvape.de\/#organization","name":"ElementVape.DE","url":"https:\/\/www.elementvape.de\/","logo":{"@type":"ImageObject","inLanguage":"pl-PL","@id":"https:\/\/www.elementvape.de\/#\/schema\/logo\/image\/","url":"https:\/\/www.elementvape.de\/wp-content\/uploads\/2024\/09\/cropped-1elementvape-3.png","contentUrl":"https:\/\/www.elementvape.de\/wp-content\/uploads\/2024\/09\/cropped-1elementvape-3.png","width":285,"height":228,"caption":"ElementVape.DE"},"image":{"@id":"https:\/\/www.elementvape.de\/#\/schema\/logo\/image\/"}}]}},"_links":{"self":[{"href":"https:\/\/www.elementvape.de\/pl\/wp-json\/wp\/v2\/product\/13278"}],"collection":[{"href":"https:\/\/www.elementvape.de\/pl\/wp-json\/wp\/v2\/product"}],"about":[{"href":"https:\/\/www.elementvape.de\/pl\/wp-json\/wp\/v2\/types\/product"}],"wp:featuredmedia":[{"embeddable":true,"href":"https:\/\/www.elementvape.de\/pl\/wp-json\/wp\/v2\/media\/13279"}],"wp:attachment":[{"href":"https:\/\/www.elementvape.de\/pl\/wp-json\/wp\/v2\/media?parent=13278"}],"wp:term":[{"taxonomy":"product_cat","embeddable":true,"href":"https:\/\/www.elementvape.de\/pl\/wp-json\/wp\/v2\/product_cat?post=13278"},{"taxonomy":"product_tag","embeddable":true,"href":"https:\/\/www.elementvape.de\/pl\/wp-json\/wp\/v2\/product_tag?post=13278"}],"curies":[{"name":"wp","href":"https:\/\/api.w.org\/{rel}","templated":true}]}}