{"id":13223,"date":"2024-06-26T08:34:03","date_gmt":"2024-06-26T08:34:03","guid":{"rendered":"https:\/\/www.elementvape.de\/?post_type=product&#038;p=13223"},"modified":"2024-09-12T10:28:48","modified_gmt":"2024-09-12T10:28:48","slug":"uwell-caliburn-tenet-pod-system-kit-750-mah","status":"publish","type":"product","link":"https:\/\/www.elementvape.de\/pl\/produkt\/uwell-caliburn-tenet-pod-system-kit-750-mah\/","title":{"rendered":"Uwell CALIBURN TENET Zestaw Pod 750 mAh"},"content":{"rendered":"<div class=\"flex-shrink-0 flex flex-col relative items-end\">\n<div>\n<div class=\"pt-0.5 juice:pt-0\">\n<div class=\"gizmo-bot-avatar flex h-6 w-6 items-center justify-center overflow-hidden rounded-full juice:h-8 juice:w-8\">\n<div class=\"relative p-1 rounded-sm flex items-center justify-center bg-token-main-surface-primary text-token-text-primary h-8 w-8\"><span style=\"font-size: 1.618em;\">Uwell CALIBURN TENET Pod System-Kit<\/span><\/div>\n<\/div>\n<\/div>\n<\/div>\n<\/div>\n<div class=\"group\/conversation-turn relative flex w-full min-w-0 flex-col agent-turn\">\n<div class=\"flex-col gap-1 md:gap-3\">\n<div class=\"flex flex-grow flex-col max-w-full\">\n<div class=\"min-h-[20px] text-message flex flex-col items-start whitespace-pre-wrap break-words [.text-message+&amp;]:mt-5 juice:w-full juice:items-end overflow-x-auto gap-2\" dir=\"auto\" data-message-author-role=\"assistant\" data-message-id=\"c3c39629-6634-45eb-9c51-984e39851a19\">\n<div class=\"flex w-full flex-col gap-1 juice:empty:hidden juice:first:pt-[3px]\">\n<div class=\"markdown prose w-full break-words dark:prose-invert light\">\n<h4>Opis produktu:<\/h4>\n<p>Uwell CALIBURN TENET <strong><a href=\"https:\/\/www.elementvape.de\/pl\/c\/pod\/\">Pod<\/a><\/strong> System-Kit \u0142\u0105czy futurystyczny design w stylu punkowym z mocn\u0105 wydajno\u015bci\u0105 i estetyczn\u0105 elegancj\u0105. O wadze 50,4 g jest lekki i por\u0119czny, ale oferuje doskona\u0142\u0105 wydajno\u015b\u0107 dla satysfakcjonuj\u0105cego do\u015bwiadczenia vapowania. To urz\u0105dzenie jest idealne dla u\u017cytkownik\u00f3w ceni\u0105cych unikalny i zabawny design.<\/p>\n<h4>G\u0142\u00f3wne cechy:<\/h4>\n<ul>\n<li><strong>Futurystyczny wygl\u0105d i styl punkowy<\/strong>: Przyci\u0105gaj\u0105cy uwag\u0119 i nowoczesny design.<\/li>\n<li><strong>Estetyczne i antypo\u015blizgowe elementy \u015brub i nit\u00f3w<\/strong>: Bezpieczne trzymanie i stylowy wygl\u0105d.<\/li>\n<li><strong>Precyzyjna regulacja przep\u0142ywu powietrza<\/strong>: Dostosowywalne do\u015bwiadczenie vapowania.<\/li>\n<li><strong>Interakcja wibracyjna<\/strong>: Informacja zwrotna przy r\u00f3\u017cnych stanach pracy.<\/li>\n<li><strong>Technologia ustawiania smaku Pro-FOCS<\/strong>: Optymalny smak przy ka\u017cdym zaci\u0105gni\u0119ciu.<\/li>\n<li><strong>Wygodne nape\u0142nianie od g\u00f3ry<\/strong>: Proste i czyste uzupe\u0142nianie.<\/li>\n<li><strong>Dwie opcje zap\u0142onu<\/strong>: Wyb\u00f3r automatycznego zaci\u0105gania lub zap\u0142onu przyciskiem.<\/li>\n<li><strong>Okno kontroli e-liquid<\/strong>: Wygodnie sprawdzaj poziom nape\u0142nienia.<\/li>\n<li><strong>750 mAh akumulator o du\u017cej pojemno\u015bci<\/strong>: D\u0142ugi czas u\u017cytkowania i szybkie \u0142adowanie.<\/li>\n<li><strong>Wiele opcji grza\u0142ek z serii CALIBURN G<\/strong>: Elastyczno\u015b\u0107 w wyborze grza\u0142ek.<\/li>\n<\/ul>\n<h4>Podstawowe specyfikacje:<\/h4>\n<ul>\n<li><strong>Materia\u0142y<\/strong>: PA, stop aluminium<\/li>\n<li><strong>Wymiary<\/strong>: 110,9 mm x 25,1 mm x 16,3 mm<\/li>\n<li><strong>Waga netto<\/strong>: 50,4 g<\/li>\n<li><strong>Pojemno\u015b\u0107 E-liquid<\/strong>: 2 ml<\/li>\n<li><strong>Moc wyj\u015bciowa<\/strong>: Maksymalnie 16 W<\/li>\n<li><strong>Pojemno\u015b\u0107 baterii<\/strong>: 750 mAh<\/li>\n<li><strong>Specyfikacje cewek<\/strong>:\n<ul>\n<li>FeCrAl UN2 Mesh 0,8 \u03a9 Cewka CALIBURN G<\/li>\n<li>Meszowana grza\u0142ka FeCrAl UN2 1,2 \u03a9 CALIBURN G2<\/li>\n<li>Cewka FeCrAl 1,0 \u03a9 CALIBURN G (dost\u0119pna oddzielnie)<\/li>\n<\/ul>\n<\/li>\n<\/ul>\n<h4>Zawarto\u015b\u0107 opakowania:<\/h4>\n<ul>\n<li>1 \u00d7 urz\u0105dzenie CALIBURN TENET<\/li>\n<li>1 \u00d7 pusty kartrid\u017c CALIBURN G2<\/li>\n<li>1 \u00d7 meszowana grza\u0142ka UN2 0,8 \u03a9 CALIBURN G (wst\u0119pnie zamontowana)<\/li>\n<li>1 \u00d7 meszowana grza\u0142ka UN2 1,2 \u03a9 CALIBURN G2 (zamiennik)<\/li>\n<li>1 \u00d7 instrukcja obs\u0142ugi<\/li>\n<li>1 \u00d7 kabel Typ-C<\/li>\n<\/ul>\n<p>Skorzystaj z najlepszych cen hurtowych w Elementvape i rozszerz swoj\u0105 ofert\u0119 o ten innowacyjny i wydajny system pod\u00f3w.<\/p>\n<\/div>\n<\/div>\n<\/div>\n<\/div>\n<\/div>\n<\/div>","protected":false},"excerpt":{"rendered":"<p>Uwell CALIBURN TENET Pod System-Kit Produktbeschreibung: Das Uwell CALIBURN TENET Pod System-Kit vereint futuristisches Design im mechanischen Punk-Stil mit starker Leistung und \u00e4sthetischer Eleganz. Mit einem Gewicht von 50,4 g ist es leicht und handlich, bietet aber dennoch eine hervorragende Leistung f\u00fcr ein zufriedenstellendes Dampferlebnis. Dieses Ger\u00e4t ist ideal f\u00fcr Benutzer, die ein einzigartiges und [&hellip;]<\/p>","protected":false},"featured_media":13224,"template":"","meta":{"inline_featured_image":false},"product_cat":[747,740,734,753,76],"product_tag":[],"tiered_pricing_type":"fixed","tiered_pricing_fixed_rules":[],"tiered_pricing_percentage_rules":[],"tiered_pricing_minimum":1,"_administrator_tiered_pricing_type":"fixed","_administrator_tiered_pricing_fixed_rules":[],"_editor_tiered_pricing_type":"fixed","_editor_tiered_pricing_fixed_rules":[],"_author_tiered_pricing_type":"fixed","_author_tiered_pricing_fixed_rules":[],"_contributor_tiered_pricing_type":"fixed","_contributor_tiered_pricing_fixed_rules":[],"_subscriber_tiered_pricing_type":"fixed","_subscriber_tiered_pricing_fixed_rules":[],"_customer_tiered_pricing_type":"fixed","_customer_tiered_pricing_fixed_rules":[],"_shop_manager_tiered_pricing_type":"fixed","_shop_manager_tiered_pricing_fixed_rules":[],"_wpseo_manager_tiered_pricing_type":"fixed","_wpseo_manager_tiered_pricing_fixed_rules":[],"_wpseo_editor_tiered_pricing_type":"fixed","_wpseo_editor_tiered_pricing_fixed_rules":[],"_wholesale_customer_tiered_pricing_type":"fixed","_wholesale_customer_tiered_pricing_fixed_rules":[],"_marketer_tiered_pricing_type":"fixed","_marketer_tiered_pricing_fixed_rules":[],"_sales_manager_tiered_pricing_type":"fixed","_sales_manager_tiered_pricing_fixed_rules":[],"_sales_rep_tiered_pricing_type":"fixed","_sales_rep_tiered_pricing_fixed_rules":[],"yoast_head":"<!-- This site is optimized with the Yoast SEO plugin v23.3 - https:\/\/yoast.com\/wordpress\/plugins\/seo\/ -->\n<title>Uwell CALIBURN TENET Pod System Kit 750 mAh | ElementVape.de<\/title>\n<meta name=\"description\" content=\"Wir bieten Uwell CALIBURN TENET Pod System Kit 750 mAh , Elementvape.de akzeptieren Gro\u00df-und Einzelhandel Bestellungen.\" \/>\n<meta name=\"robots\" content=\"index, follow, max-snippet:-1, max-image-preview:large, max-video-preview:-1\" \/>\n<link rel=\"canonical\" href=\"https:\/\/www.elementvape.de\/pl\/produkt\/uwell-caliburn-tenet-pod-system-kit-750-mah\/\" \/>\n<meta property=\"og:locale\" content=\"pl_PL\" \/>\n<meta property=\"og:type\" content=\"article\" \/>\n<meta property=\"og:title\" content=\"Uwell CALIBURN TENET Pod System Kit 750 mAh | ElementVape.de\" \/>\n<meta property=\"og:description\" content=\"Wir bieten Uwell CALIBURN TENET Pod System Kit 750 mAh , Elementvape.de akzeptieren Gro\u00df-und Einzelhandel Bestellungen.\" \/>\n<meta property=\"og:url\" content=\"https:\/\/www.elementvape.de\/pl\/produkt\/uwell-caliburn-tenet-pod-system-kit-750-mah\/\" \/>\n<meta property=\"og:site_name\" content=\"ElementVape.de\" \/>\n<meta property=\"article:modified_time\" content=\"2024-09-12T10:28:48+00:00\" \/>\n<meta property=\"og:image\" content=\"https:\/\/www.elementvape.de\/wp-content\/uploads\/2024\/06\/Uwell-CALIBURN-TENET-Pod-Kit.jpg\" \/>\n\t<meta property=\"og:image:width\" content=\"800\" \/>\n\t<meta property=\"og:image:height\" content=\"800\" \/>\n\t<meta property=\"og:image:type\" content=\"image\/jpeg\" \/>\n<meta name=\"twitter:card\" content=\"summary_large_image\" \/>\n<meta name=\"twitter:label1\" content=\"Est. reading time\" \/>\n\t<meta name=\"twitter:data1\" content=\"2 minuty\" \/>\n<script type=\"application\/ld+json\" class=\"yoast-schema-graph\">{\"@context\":\"https:\/\/schema.org\",\"@graph\":[{\"@type\":\"WebPage\",\"@id\":\"https:\/\/www.elementvape.de\/nl\/produkt\/uwell-caliburn-tenet-pod-system-kit-750-mah\/\",\"url\":\"https:\/\/www.elementvape.de\/nl\/produkt\/uwell-caliburn-tenet-pod-system-kit-750-mah\/\",\"name\":\"Uwell CALIBURN TENET Pod System Kit 750 mAh | ElementVape.de\",\"isPartOf\":{\"@id\":\"https:\/\/www.elementvape.de\/#website\"},\"primaryImageOfPage\":{\"@id\":\"https:\/\/www.elementvape.de\/nl\/produkt\/uwell-caliburn-tenet-pod-system-kit-750-mah\/#primaryimage\"},\"image\":{\"@id\":\"https:\/\/www.elementvape.de\/nl\/produkt\/uwell-caliburn-tenet-pod-system-kit-750-mah\/#primaryimage\"},\"thumbnailUrl\":\"https:\/\/www.elementvape.de\/wp-content\/uploads\/2024\/06\/Uwell-CALIBURN-TENET-Pod-Kit.jpg\",\"datePublished\":\"2024-06-26T08:34:03+00:00\",\"dateModified\":\"2024-09-12T10:28:48+00:00\",\"description\":\"Wir bieten Uwell CALIBURN TENET Pod System Kit 750 mAh , Elementvape.de akzeptieren Gro\u00df-und Einzelhandel Bestellungen.\",\"breadcrumb\":{\"@id\":\"https:\/\/www.elementvape.de\/nl\/produkt\/uwell-caliburn-tenet-pod-system-kit-750-mah\/#breadcrumb\"},\"inLanguage\":\"pl-PL\",\"potentialAction\":[{\"@type\":\"ReadAction\",\"target\":[\"https:\/\/www.elementvape.de\/nl\/produkt\/uwell-caliburn-tenet-pod-system-kit-750-mah\/\"]}]},{\"@type\":\"ImageObject\",\"inLanguage\":\"pl-PL\",\"@id\":\"https:\/\/www.elementvape.de\/nl\/produkt\/uwell-caliburn-tenet-pod-system-kit-750-mah\/#primaryimage\",\"url\":\"https:\/\/www.elementvape.de\/wp-content\/uploads\/2024\/06\/Uwell-CALIBURN-TENET-Pod-Kit.jpg\",\"contentUrl\":\"https:\/\/www.elementvape.de\/wp-content\/uploads\/2024\/06\/Uwell-CALIBURN-TENET-Pod-Kit.jpg\",\"width\":800,\"height\":800,\"caption\":\"Uwell-CALIBURN-TENET-Pod-Kit\"},{\"@type\":\"BreadcrumbList\",\"@id\":\"https:\/\/www.elementvape.de\/nl\/produkt\/uwell-caliburn-tenet-pod-system-kit-750-mah\/#breadcrumb\",\"itemListElement\":[{\"@type\":\"ListItem\",\"position\":1,\"name\":\"Home\",\"item\":\"https:\/\/www.elementvape.de\/\"},{\"@type\":\"ListItem\",\"position\":2,\"name\":\"Shop\",\"item\":\"https:\/\/www.elementvape.de\/shop\/\"},{\"@type\":\"ListItem\",\"position\":3,\"name\":\"Uwell CALIBURN TENET Pod System Kit 750 mAh\"}]},{\"@type\":\"WebSite\",\"@id\":\"https:\/\/www.elementvape.de\/#website\",\"url\":\"https:\/\/www.elementvape.de\/\",\"name\":\"ElementVape.de\",\"description\":\"\",\"publisher\":{\"@id\":\"https:\/\/www.elementvape.de\/#organization\"},\"potentialAction\":[{\"@type\":\"SearchAction\",\"target\":{\"@type\":\"EntryPoint\",\"urlTemplate\":\"https:\/\/www.elementvape.de\/?s={search_term_string}\"},\"query-input\":\"required name=search_term_string\"}],\"inLanguage\":\"pl-PL\"},{\"@type\":\"Organization\",\"@id\":\"https:\/\/www.elementvape.de\/#organization\",\"name\":\"ElementVape.DE\",\"url\":\"https:\/\/www.elementvape.de\/\",\"logo\":{\"@type\":\"ImageObject\",\"inLanguage\":\"pl-PL\",\"@id\":\"https:\/\/www.elementvape.de\/#\/schema\/logo\/image\/\",\"url\":\"https:\/\/www.elementvape.de\/wp-content\/uploads\/2024\/09\/cropped-1elementvape-3.png\",\"contentUrl\":\"https:\/\/www.elementvape.de\/wp-content\/uploads\/2024\/09\/cropped-1elementvape-3.png\",\"width\":285,\"height\":228,\"caption\":\"ElementVape.DE\"},\"image\":{\"@id\":\"https:\/\/www.elementvape.de\/#\/schema\/logo\/image\/\"}}]}<\/script>\n<!-- \/ Yoast SEO plugin. -->","yoast_head_json":{"title":"Uwell CALIBURN TENET Pod System Kit 750 mAh | ElementVape.de","description":"Wir bieten Uwell CALIBURN TENET Pod System Kit 750 mAh , Elementvape.de akzeptieren Gro\u00df-und Einzelhandel Bestellungen.","robots":{"index":"index","follow":"follow","max-snippet":"max-snippet:-1","max-image-preview":"max-image-preview:large","max-video-preview":"max-video-preview:-1"},"canonical":"https:\/\/www.elementvape.de\/pl\/produkt\/uwell-caliburn-tenet-pod-system-kit-750-mah\/","og_locale":"pl_PL","og_type":"article","og_title":"Uwell CALIBURN TENET Pod System Kit 750 mAh | ElementVape.de","og_description":"Wir bieten Uwell CALIBURN TENET Pod System Kit 750 mAh , Elementvape.de akzeptieren Gro\u00df-und Einzelhandel Bestellungen.","og_url":"https:\/\/www.elementvape.de\/pl\/produkt\/uwell-caliburn-tenet-pod-system-kit-750-mah\/","og_site_name":"ElementVape.de","article_modified_time":"2024-09-12T10:28:48+00:00","og_image":[{"width":800,"height":800,"url":"https:\/\/www.elementvape.de\/wp-content\/uploads\/2024\/06\/Uwell-CALIBURN-TENET-Pod-Kit.jpg","type":"image\/jpeg"}],"twitter_card":"summary_large_image","twitter_misc":{"Est. reading time":"2 minuty"},"schema":{"@context":"https:\/\/schema.org","@graph":[{"@type":"WebPage","@id":"https:\/\/www.elementvape.de\/nl\/produkt\/uwell-caliburn-tenet-pod-system-kit-750-mah\/","url":"https:\/\/www.elementvape.de\/nl\/produkt\/uwell-caliburn-tenet-pod-system-kit-750-mah\/","name":"Uwell CALIBURN TENET Pod System Kit 750 mAh | ElementVape.de","isPartOf":{"@id":"https:\/\/www.elementvape.de\/#website"},"primaryImageOfPage":{"@id":"https:\/\/www.elementvape.de\/nl\/produkt\/uwell-caliburn-tenet-pod-system-kit-750-mah\/#primaryimage"},"image":{"@id":"https:\/\/www.elementvape.de\/nl\/produkt\/uwell-caliburn-tenet-pod-system-kit-750-mah\/#primaryimage"},"thumbnailUrl":"https:\/\/www.elementvape.de\/wp-content\/uploads\/2024\/06\/Uwell-CALIBURN-TENET-Pod-Kit.jpg","datePublished":"2024-06-26T08:34:03+00:00","dateModified":"2024-09-12T10:28:48+00:00","description":"Wir bieten Uwell CALIBURN TENET Pod System Kit 750 mAh , Elementvape.de akzeptieren Gro\u00df-und Einzelhandel Bestellungen.","breadcrumb":{"@id":"https:\/\/www.elementvape.de\/nl\/produkt\/uwell-caliburn-tenet-pod-system-kit-750-mah\/#breadcrumb"},"inLanguage":"pl-PL","potentialAction":[{"@type":"ReadAction","target":["https:\/\/www.elementvape.de\/nl\/produkt\/uwell-caliburn-tenet-pod-system-kit-750-mah\/"]}]},{"@type":"ImageObject","inLanguage":"pl-PL","@id":"https:\/\/www.elementvape.de\/nl\/produkt\/uwell-caliburn-tenet-pod-system-kit-750-mah\/#primaryimage","url":"https:\/\/www.elementvape.de\/wp-content\/uploads\/2024\/06\/Uwell-CALIBURN-TENET-Pod-Kit.jpg","contentUrl":"https:\/\/www.elementvape.de\/wp-content\/uploads\/2024\/06\/Uwell-CALIBURN-TENET-Pod-Kit.jpg","width":800,"height":800,"caption":"Uwell-CALIBURN-TENET-Pod-Kit"},{"@type":"BreadcrumbList","@id":"https:\/\/www.elementvape.de\/nl\/produkt\/uwell-caliburn-tenet-pod-system-kit-750-mah\/#breadcrumb","itemListElement":[{"@type":"ListItem","position":1,"name":"Home","item":"https:\/\/www.elementvape.de\/"},{"@type":"ListItem","position":2,"name":"Shop","item":"https:\/\/www.elementvape.de\/shop\/"},{"@type":"ListItem","position":3,"name":"Uwell CALIBURN TENET Pod System Kit 750 mAh"}]},{"@type":"WebSite","@id":"https:\/\/www.elementvape.de\/#website","url":"https:\/\/www.elementvape.de\/","name":"ElementVape.de","description":"","publisher":{"@id":"https:\/\/www.elementvape.de\/#organization"},"potentialAction":[{"@type":"SearchAction","target":{"@type":"EntryPoint","urlTemplate":"https:\/\/www.elementvape.de\/?s={search_term_string}"},"query-input":"required name=search_term_string"}],"inLanguage":"pl-PL"},{"@type":"Organization","@id":"https:\/\/www.elementvape.de\/#organization","name":"ElementVape.DE","url":"https:\/\/www.elementvape.de\/","logo":{"@type":"ImageObject","inLanguage":"pl-PL","@id":"https:\/\/www.elementvape.de\/#\/schema\/logo\/image\/","url":"https:\/\/www.elementvape.de\/wp-content\/uploads\/2024\/09\/cropped-1elementvape-3.png","contentUrl":"https:\/\/www.elementvape.de\/wp-content\/uploads\/2024\/09\/cropped-1elementvape-3.png","width":285,"height":228,"caption":"ElementVape.DE"},"image":{"@id":"https:\/\/www.elementvape.de\/#\/schema\/logo\/image\/"}}]}},"_links":{"self":[{"href":"https:\/\/www.elementvape.de\/pl\/wp-json\/wp\/v2\/product\/13223"}],"collection":[{"href":"https:\/\/www.elementvape.de\/pl\/wp-json\/wp\/v2\/product"}],"about":[{"href":"https:\/\/www.elementvape.de\/pl\/wp-json\/wp\/v2\/types\/product"}],"wp:featuredmedia":[{"embeddable":true,"href":"https:\/\/www.elementvape.de\/pl\/wp-json\/wp\/v2\/media\/13224"}],"wp:attachment":[{"href":"https:\/\/www.elementvape.de\/pl\/wp-json\/wp\/v2\/media?parent=13223"}],"wp:term":[{"taxonomy":"product_cat","embeddable":true,"href":"https:\/\/www.elementvape.de\/pl\/wp-json\/wp\/v2\/product_cat?post=13223"},{"taxonomy":"product_tag","embeddable":true,"href":"https:\/\/www.elementvape.de\/pl\/wp-json\/wp\/v2\/product_tag?post=13223"}],"curies":[{"name":"wp","href":"https:\/\/api.w.org\/{rel}","templated":true}]}}