{"id":13060,"date":"2024-06-25T08:05:44","date_gmt":"2024-06-25T08:05:44","guid":{"rendered":"https:\/\/www.elementvape.de\/?post_type=product&#038;p=13060"},"modified":"2024-09-12T10:29:42","modified_gmt":"2024-09-12T10:29:42","slug":"uwell-crown-s-pod-system-kit-kaufen","status":"publish","type":"product","link":"https:\/\/www.elementvape.de\/pl\/produkt\/uwell-crown-s-pod-system-kit-kaufen\/","title":{"rendered":"Uwell Crown S Pod System Kit do zakupu"},"content":{"rendered":"<p>Zestaw Uwell Crown S to wydajny system pod, kt\u00f3ry oferuje imponuj\u0105c\u0105 moc wyj\u015bciow\u0105 do 75 W i jest odpowiedni zar\u00f3wno do MTL (ustno-do-p\u0142uc), jak i DTL (bezpo\u015brednio-do-p\u0142uc) wapowania. \u0141\u0105czy kompaktowy design z wydajno\u015bci\u0105 tanku i jest prosty w obs\u0142udze.<\/p>\n<p><strong>Cechy:<\/strong><\/p>\n<ul>\n<li><strong>Wydajno\u015b\u0107 podobna do tanku w podzie<\/strong>: Zapewnia moc tanku w kompaktowym designie podu.<\/li>\n<li><strong>Delikatne MTL do bogatego DTL wapowania<\/strong>: Obs\u0142uguje r\u00f3\u017cne preferencje wapowania.<\/li>\n<li><strong>Trzystopniowa regulacja mocy wyj\u015bciowej<\/strong>: Umo\u017cliwia indywidualne dostosowania mocy wapowania.<\/li>\n<li><strong>Pojemno\u015b\u0107 akumulatora 1500 mAh<\/strong>: Zapewnia d\u0142ugi czas pracy przy d\u0142ugotrwa\u0142ym wapowaniu.<\/li>\n<li><strong>Precyzyjne dostosowanie regulacji przep\u0142ywu powietrza<\/strong>: Mo\u017cliwo\u015b\u0107 regulacji dla optymalnego do\u015bwiadczenia wapowania.<\/li>\n<li><strong>Du\u017ca pojemno\u015b\u0107 podu 5 ml<\/strong>: Du\u017ca pojemno\u015b\u0107 na d\u0142u\u017csze parowanie bez cz\u0119stego uzupe\u0142niania.<\/li>\n<li><strong>Technologia PRO-FOCS<\/strong>: Zapewnia intensywny smak i optymaln\u0105 wydajno\u015b\u0107.<\/li>\n<li><strong>3 tryby zap\u0142onu<\/strong>: Aktywacja powietrzem, zap\u0142on przycisku oraz po\u0142\u0105czenie aktywacji powietrzem i przyciskiem dla elastycznego u\u017cytkowania.<\/li>\n<\/ul>\n<p><strong>Specyfikacje:<\/strong><\/p>\n<ul>\n<li><strong>marka<\/strong>: Uwell<\/li>\n<li><strong>Jednostka<\/strong>: Zestaw<\/li>\n<li><strong>Materia\u0142<\/strong>: PCTG, PC+PBT, POM<\/li>\n<li><strong>Wymiary<\/strong>: 35,5 x 17,5 x 112,8 mm<\/li>\n<li><strong>Pojemno\u015b\u0107 podu<\/strong>: 5 ml<\/li>\n<li><strong>Moc wyj\u015bciowa<\/strong>: Maks. 75 W<\/li>\n<li><strong>Pojemno\u015b\u0107 baterii<\/strong>: 1500 mAh<\/li>\n<li><strong>Rodzaj nape\u0142niania<\/strong>: Nape\u0142nianie z boku<\/li>\n<li><strong>Specyfikacje wk\u0142adek<\/strong>: 0,2 Ohm \/ 0,6 Ohm \/ 1,0 Ohm Wbudowana wk\u0142adka Uwell Crown S (oddzielnie dost\u0119pna 1,0 Ohm)<\/li>\n<li><strong>Opakowanie<\/strong>: Pude\u0142ko prezentowe<\/li>\n<\/ul>\n<p><strong>Zawarto\u015b\u0107 zestawu:<\/strong><\/p>\n<ul>\n<li>1 x urz\u0105dzenie Uwell Crown S<\/li>\n<li>1 x wbudowana wk\u0142adka Uwell Crown S 0,2 Ohm<\/li>\n<li>1 x wbudowana wk\u0142adka Uwell Crown S 0,6 Ohm<\/li>\n<li>1 x kabel \u0142adowania typu C<\/li>\n<li>1 x instrukcja obs\u0142ugi<\/li>\n<\/ul>\n<p>Zestaw Uwell Crown S jest idealny dla palaczy, kt\u00f3rzy szukaj\u0105 wysokiej wydajno\u015bci i elastyczno\u015bci w eleganckim i kompaktowym designie. Dzi\u0119ki regulowanej mocy, du\u017cej pojemno\u015bci podu i r\u00f3\u017cnym trybom zap\u0142onu oferuje wyj\u0105tkowe do\u015bwiadczenie parowania.<\/p>","protected":false},"excerpt":{"rendered":"<p>Das Uwell Crown S Kit ist ein leistungsstarkes Pod-System, das eine beeindruckende Ausgangsleistung von bis zu 75 W bietet und sowohl f\u00fcr MTL (Mouth-to-Lung) als auch DTL (Direct-to-Lung) Dampfen geeignet ist. Es kombiniert ein kompaktes Design mit der Leistungsf\u00e4higkeit eines Tanks und ist einfach zu bedienen. Merkmale: Tank-\u00e4hnliche Leistung in einem Pod: Bietet die Leistung [&hellip;]<\/p>","protected":false},"featured_media":13068,"template":"","meta":{"inline_featured_image":false},"product_cat":[754,745,742,748,76],"product_tag":[],"tiered_pricing_type":"fixed","tiered_pricing_fixed_rules":[],"tiered_pricing_percentage_rules":[],"tiered_pricing_minimum":1,"_administrator_tiered_pricing_type":"fixed","_administrator_tiered_pricing_fixed_rules":[],"_editor_tiered_pricing_type":"fixed","_editor_tiered_pricing_fixed_rules":[],"_author_tiered_pricing_type":"fixed","_author_tiered_pricing_fixed_rules":[],"_contributor_tiered_pricing_type":"fixed","_contributor_tiered_pricing_fixed_rules":[],"_subscriber_tiered_pricing_type":"fixed","_subscriber_tiered_pricing_fixed_rules":[],"_customer_tiered_pricing_type":"fixed","_customer_tiered_pricing_fixed_rules":[],"_shop_manager_tiered_pricing_type":"fixed","_shop_manager_tiered_pricing_fixed_rules":[],"_wpseo_manager_tiered_pricing_type":"fixed","_wpseo_manager_tiered_pricing_fixed_rules":[],"_wpseo_editor_tiered_pricing_type":"fixed","_wpseo_editor_tiered_pricing_fixed_rules":[],"_wholesale_customer_tiered_pricing_type":"fixed","_wholesale_customer_tiered_pricing_fixed_rules":[],"_marketer_tiered_pricing_type":"fixed","_marketer_tiered_pricing_fixed_rules":[],"_sales_manager_tiered_pricing_type":"fixed","_sales_manager_tiered_pricing_fixed_rules":[],"_sales_rep_tiered_pricing_type":"fixed","_sales_rep_tiered_pricing_fixed_rules":[],"yoast_head":"<!-- This site is optimized with the Yoast SEO plugin v23.3 - https:\/\/yoast.com\/wordpress\/plugins\/seo\/ -->\n<title>Uwell Crown S Pod System Kit Kaufen | ElementVape.de<\/title>\n<meta name=\"description\" content=\"Wir bieten Uwell Crown S Pod System Kit Kaufen , Elementvape.de akzeptieren Gro\u00df-und Einzelhandel Bestellungen.\" \/>\n<meta name=\"robots\" content=\"index, follow, max-snippet:-1, max-image-preview:large, max-video-preview:-1\" \/>\n<link rel=\"canonical\" href=\"https:\/\/www.elementvape.de\/pl\/produkt\/uwell-crown-s-pod-system-kit-kaufen\/\" \/>\n<meta property=\"og:locale\" content=\"pl_PL\" \/>\n<meta property=\"og:type\" content=\"article\" \/>\n<meta property=\"og:title\" content=\"Uwell Crown S Pod System Kit Kaufen | ElementVape.de\" \/>\n<meta property=\"og:description\" content=\"Wir bieten Uwell Crown S Pod System Kit Kaufen , Elementvape.de akzeptieren Gro\u00df-und Einzelhandel Bestellungen.\" \/>\n<meta property=\"og:url\" content=\"https:\/\/www.elementvape.de\/pl\/produkt\/uwell-crown-s-pod-system-kit-kaufen\/\" \/>\n<meta property=\"og:site_name\" content=\"ElementVape.de\" \/>\n<meta property=\"article:modified_time\" content=\"2024-09-12T10:29:42+00:00\" \/>\n<meta property=\"og:image\" content=\"https:\/\/www.elementvape.de\/wp-content\/uploads\/2024\/06\/Crown-S-Pod-Kit-1_0a6e1f42-036a-463d-b111-c1de0015b4aa.webp\" \/>\n\t<meta property=\"og:image:width\" content=\"800\" \/>\n\t<meta property=\"og:image:height\" content=\"800\" \/>\n\t<meta property=\"og:image:type\" content=\"image\/webp\" \/>\n<meta name=\"twitter:card\" content=\"summary_large_image\" \/>\n<meta name=\"twitter:label1\" content=\"Est. reading time\" \/>\n\t<meta name=\"twitter:data1\" content=\"2 minuty\" \/>\n<script type=\"application\/ld+json\" class=\"yoast-schema-graph\">{\"@context\":\"https:\/\/schema.org\",\"@graph\":[{\"@type\":\"WebPage\",\"@id\":\"https:\/\/www.elementvape.de\/produkt\/uwell-crown-s-pod-system-kit-kaufen\/\",\"url\":\"https:\/\/www.elementvape.de\/produkt\/uwell-crown-s-pod-system-kit-kaufen\/\",\"name\":\"Uwell Crown S Pod System Kit Kaufen | ElementVape.de\",\"isPartOf\":{\"@id\":\"https:\/\/www.elementvape.de\/#website\"},\"primaryImageOfPage\":{\"@id\":\"https:\/\/www.elementvape.de\/produkt\/uwell-crown-s-pod-system-kit-kaufen\/#primaryimage\"},\"image\":{\"@id\":\"https:\/\/www.elementvape.de\/produkt\/uwell-crown-s-pod-system-kit-kaufen\/#primaryimage\"},\"thumbnailUrl\":\"https:\/\/www.elementvape.de\/wp-content\/uploads\/2024\/06\/Crown-S-Pod-Kit-1_0a6e1f42-036a-463d-b111-c1de0015b4aa.webp\",\"datePublished\":\"2024-06-25T08:05:44+00:00\",\"dateModified\":\"2024-09-12T10:29:42+00:00\",\"description\":\"Wir bieten Uwell Crown S Pod System Kit Kaufen , Elementvape.de akzeptieren Gro\u00df-und Einzelhandel Bestellungen.\",\"breadcrumb\":{\"@id\":\"https:\/\/www.elementvape.de\/produkt\/uwell-crown-s-pod-system-kit-kaufen\/#breadcrumb\"},\"inLanguage\":\"pl-PL\",\"potentialAction\":[{\"@type\":\"ReadAction\",\"target\":[\"https:\/\/www.elementvape.de\/produkt\/uwell-crown-s-pod-system-kit-kaufen\/\"]}]},{\"@type\":\"ImageObject\",\"inLanguage\":\"pl-PL\",\"@id\":\"https:\/\/www.elementvape.de\/produkt\/uwell-crown-s-pod-system-kit-kaufen\/#primaryimage\",\"url\":\"https:\/\/www.elementvape.de\/wp-content\/uploads\/2024\/06\/Crown-S-Pod-Kit-1_0a6e1f42-036a-463d-b111-c1de0015b4aa.webp\",\"contentUrl\":\"https:\/\/www.elementvape.de\/wp-content\/uploads\/2024\/06\/Crown-S-Pod-Kit-1_0a6e1f42-036a-463d-b111-c1de0015b4aa.webp\",\"width\":800,\"height\":800,\"caption\":\"Crown-S-Pod-Kit-1_0a6e1f42-036a-463d-b111-c1de0015b4aa\"},{\"@type\":\"BreadcrumbList\",\"@id\":\"https:\/\/www.elementvape.de\/produkt\/uwell-crown-s-pod-system-kit-kaufen\/#breadcrumb\",\"itemListElement\":[{\"@type\":\"ListItem\",\"position\":1,\"name\":\"Home\",\"item\":\"https:\/\/www.elementvape.de\/\"},{\"@type\":\"ListItem\",\"position\":2,\"name\":\"Shop\",\"item\":\"https:\/\/www.elementvape.de\/shop\/\"},{\"@type\":\"ListItem\",\"position\":3,\"name\":\"Uwell Crown S Pod System Kit Kaufen\"}]},{\"@type\":\"WebSite\",\"@id\":\"https:\/\/www.elementvape.de\/#website\",\"url\":\"https:\/\/www.elementvape.de\/\",\"name\":\"ElementVape.de\",\"description\":\"\",\"publisher\":{\"@id\":\"https:\/\/www.elementvape.de\/#organization\"},\"potentialAction\":[{\"@type\":\"SearchAction\",\"target\":{\"@type\":\"EntryPoint\",\"urlTemplate\":\"https:\/\/www.elementvape.de\/?s={search_term_string}\"},\"query-input\":\"required name=search_term_string\"}],\"inLanguage\":\"pl-PL\"},{\"@type\":\"Organization\",\"@id\":\"https:\/\/www.elementvape.de\/#organization\",\"name\":\"ElementVape.DE\",\"url\":\"https:\/\/www.elementvape.de\/\",\"logo\":{\"@type\":\"ImageObject\",\"inLanguage\":\"pl-PL\",\"@id\":\"https:\/\/www.elementvape.de\/#\/schema\/logo\/image\/\",\"url\":\"https:\/\/www.elementvape.de\/wp-content\/uploads\/2024\/09\/cropped-1elementvape-3.png\",\"contentUrl\":\"https:\/\/www.elementvape.de\/wp-content\/uploads\/2024\/09\/cropped-1elementvape-3.png\",\"width\":285,\"height\":228,\"caption\":\"ElementVape.DE\"},\"image\":{\"@id\":\"https:\/\/www.elementvape.de\/#\/schema\/logo\/image\/\"}}]}<\/script>\n<!-- \/ Yoast SEO plugin. -->","yoast_head_json":{"title":"Uwell Crown S Pod System Kit Kaufen | ElementVape.de","description":"Wir bieten Uwell Crown S Pod System Kit Kaufen , Elementvape.de akzeptieren Gro\u00df-und Einzelhandel Bestellungen.","robots":{"index":"index","follow":"follow","max-snippet":"max-snippet:-1","max-image-preview":"max-image-preview:large","max-video-preview":"max-video-preview:-1"},"canonical":"https:\/\/www.elementvape.de\/pl\/produkt\/uwell-crown-s-pod-system-kit-kaufen\/","og_locale":"pl_PL","og_type":"article","og_title":"Uwell Crown S Pod System Kit Kaufen | ElementVape.de","og_description":"Wir bieten Uwell Crown S Pod System Kit Kaufen , Elementvape.de akzeptieren Gro\u00df-und Einzelhandel Bestellungen.","og_url":"https:\/\/www.elementvape.de\/pl\/produkt\/uwell-crown-s-pod-system-kit-kaufen\/","og_site_name":"ElementVape.de","article_modified_time":"2024-09-12T10:29:42+00:00","og_image":[{"width":800,"height":800,"url":"https:\/\/www.elementvape.de\/wp-content\/uploads\/2024\/06\/Crown-S-Pod-Kit-1_0a6e1f42-036a-463d-b111-c1de0015b4aa.webp","type":"image\/webp"}],"twitter_card":"summary_large_image","twitter_misc":{"Est. reading time":"2 minuty"},"schema":{"@context":"https:\/\/schema.org","@graph":[{"@type":"WebPage","@id":"https:\/\/www.elementvape.de\/produkt\/uwell-crown-s-pod-system-kit-kaufen\/","url":"https:\/\/www.elementvape.de\/produkt\/uwell-crown-s-pod-system-kit-kaufen\/","name":"Uwell Crown S Pod System Kit Kaufen | ElementVape.de","isPartOf":{"@id":"https:\/\/www.elementvape.de\/#website"},"primaryImageOfPage":{"@id":"https:\/\/www.elementvape.de\/produkt\/uwell-crown-s-pod-system-kit-kaufen\/#primaryimage"},"image":{"@id":"https:\/\/www.elementvape.de\/produkt\/uwell-crown-s-pod-system-kit-kaufen\/#primaryimage"},"thumbnailUrl":"https:\/\/www.elementvape.de\/wp-content\/uploads\/2024\/06\/Crown-S-Pod-Kit-1_0a6e1f42-036a-463d-b111-c1de0015b4aa.webp","datePublished":"2024-06-25T08:05:44+00:00","dateModified":"2024-09-12T10:29:42+00:00","description":"Wir bieten Uwell Crown S Pod System Kit Kaufen , Elementvape.de akzeptieren Gro\u00df-und Einzelhandel Bestellungen.","breadcrumb":{"@id":"https:\/\/www.elementvape.de\/produkt\/uwell-crown-s-pod-system-kit-kaufen\/#breadcrumb"},"inLanguage":"pl-PL","potentialAction":[{"@type":"ReadAction","target":["https:\/\/www.elementvape.de\/produkt\/uwell-crown-s-pod-system-kit-kaufen\/"]}]},{"@type":"ImageObject","inLanguage":"pl-PL","@id":"https:\/\/www.elementvape.de\/produkt\/uwell-crown-s-pod-system-kit-kaufen\/#primaryimage","url":"https:\/\/www.elementvape.de\/wp-content\/uploads\/2024\/06\/Crown-S-Pod-Kit-1_0a6e1f42-036a-463d-b111-c1de0015b4aa.webp","contentUrl":"https:\/\/www.elementvape.de\/wp-content\/uploads\/2024\/06\/Crown-S-Pod-Kit-1_0a6e1f42-036a-463d-b111-c1de0015b4aa.webp","width":800,"height":800,"caption":"Crown-S-Pod-Kit-1_0a6e1f42-036a-463d-b111-c1de0015b4aa"},{"@type":"BreadcrumbList","@id":"https:\/\/www.elementvape.de\/produkt\/uwell-crown-s-pod-system-kit-kaufen\/#breadcrumb","itemListElement":[{"@type":"ListItem","position":1,"name":"Home","item":"https:\/\/www.elementvape.de\/"},{"@type":"ListItem","position":2,"name":"Shop","item":"https:\/\/www.elementvape.de\/shop\/"},{"@type":"ListItem","position":3,"name":"Uwell Crown S Pod System Kit Kaufen"}]},{"@type":"WebSite","@id":"https:\/\/www.elementvape.de\/#website","url":"https:\/\/www.elementvape.de\/","name":"ElementVape.de","description":"","publisher":{"@id":"https:\/\/www.elementvape.de\/#organization"},"potentialAction":[{"@type":"SearchAction","target":{"@type":"EntryPoint","urlTemplate":"https:\/\/www.elementvape.de\/?s={search_term_string}"},"query-input":"required name=search_term_string"}],"inLanguage":"pl-PL"},{"@type":"Organization","@id":"https:\/\/www.elementvape.de\/#organization","name":"ElementVape.DE","url":"https:\/\/www.elementvape.de\/","logo":{"@type":"ImageObject","inLanguage":"pl-PL","@id":"https:\/\/www.elementvape.de\/#\/schema\/logo\/image\/","url":"https:\/\/www.elementvape.de\/wp-content\/uploads\/2024\/09\/cropped-1elementvape-3.png","contentUrl":"https:\/\/www.elementvape.de\/wp-content\/uploads\/2024\/09\/cropped-1elementvape-3.png","width":285,"height":228,"caption":"ElementVape.DE"},"image":{"@id":"https:\/\/www.elementvape.de\/#\/schema\/logo\/image\/"}}]}},"_links":{"self":[{"href":"https:\/\/www.elementvape.de\/pl\/wp-json\/wp\/v2\/product\/13060"}],"collection":[{"href":"https:\/\/www.elementvape.de\/pl\/wp-json\/wp\/v2\/product"}],"about":[{"href":"https:\/\/www.elementvape.de\/pl\/wp-json\/wp\/v2\/types\/product"}],"wp:featuredmedia":[{"embeddable":true,"href":"https:\/\/www.elementvape.de\/pl\/wp-json\/wp\/v2\/media\/13068"}],"wp:attachment":[{"href":"https:\/\/www.elementvape.de\/pl\/wp-json\/wp\/v2\/media?parent=13060"}],"wp:term":[{"taxonomy":"product_cat","embeddable":true,"href":"https:\/\/www.elementvape.de\/pl\/wp-json\/wp\/v2\/product_cat?post=13060"},{"taxonomy":"product_tag","embeddable":true,"href":"https:\/\/www.elementvape.de\/pl\/wp-json\/wp\/v2\/product_tag?post=13060"}],"curies":[{"name":"wp","href":"https:\/\/api.w.org\/{rel}","templated":true}]}}