{"id":12906,"date":"2024-06-24T09:39:41","date_gmt":"2024-06-24T09:39:41","guid":{"rendered":"https:\/\/www.elementvape.de\/?post_type=product&#038;p=12906"},"modified":"2024-09-12T10:29:48","modified_gmt":"2024-09-12T10:29:48","slug":"lost-vape-ursa-nano-pod-system-kit","status":"publish","type":"product","link":"https:\/\/www.elementvape.de\/pl\/produkt\/lost-vape-ursa-nano-pod-system-kit\/","title":{"rendered":"Zestaw systemu pod Lost Vape Ursa Nano"},"content":{"rendered":"<div class=\"flex-shrink-0 flex flex-col relative items-end\">\n<div>\n<div class=\"pt-0.5 juice:pt-0\">\n<div class=\"gizmo-bot-avatar flex h-6 w-6 items-center justify-center overflow-hidden rounded-full juice:h-8 juice:w-8\">\n<div class=\"relative p-1 rounded-sm flex items-center justify-center bg-token-main-surface-primary text-token-text-primary h-8 w-8\"><\/div>\n<\/div>\n<\/div>\n<\/div>\n<\/div>\n<div class=\"group\/conversation-turn relative flex w-full min-w-0 flex-col agent-turn\">\n<div class=\"flex-col gap-1 md:gap-3\">\n<div class=\"flex flex-grow flex-col max-w-full\">\n<div class=\"min-h-[20px] text-message flex flex-col items-start whitespace-pre-wrap break-words [.text-message+&amp;]:mt-5 juice:w-full juice:items-end overflow-x-auto gap-2\" dir=\"auto\" data-message-author-role=\"assistant\" data-message-id=\"c93dbfce-0543-4951-b313-a1b4aa30c9d2\">\n<div class=\"flex w-full flex-col gap-1 juice:empty:hidden juice:first:pt-[3px]\">\n<div class=\"markdown prose w-full break-words dark:prose-invert light\">\n<h3>Lost Vape Ursa Nano Pod Kit \u2013 Prosta obs\u0142uga dla pocz\u0105tkuj\u0105cych<\/h3>\n<p>Lost Vape Ursa Nano Pod Kit to przyjazny dla u\u017cytkownika system e-papieros\u00f3w, specjalnie zaprojektowany dla pocz\u0105tkuj\u0105cych. Dzi\u0119ki smuk\u0142emu i przeno\u015bnemu designowi \u0142\u0105czy styl z funkcjonalno\u015bci\u0105. Urz\u0105dzenie jest zasilane wbudowanym akumulatorem o pojemno\u015bci 800 mAh i oferuje maksymaln\u0105 moc 18 W, co zapewnia przyjemne chmurki MTL (mouth to lung) i wytrzymuje ca\u0142y dzie\u0144 na jednym \u0142adowaniu.<\/p>\n<h3>Kompaktowa konstrukcja i wymienne podzespo\u0142y<\/h3>\n<p>Zestaw zawiera urz\u0105dzenie na akumulator oraz nape\u0142niany wk\u0142ad Ursa Nano o pojemno\u015bci 2,5 ml, kt\u00f3ry u\u0142atwia rozpocz\u0119cie. Wk\u0142ady s\u0105 dost\u0119pne w dw\u00f3ch oporno\u015bciach: 0,8 Ohma i 1,0 Ohma, co czyni je odpowiednimi zar\u00f3wno do p\u0142yn\u00f3w Freebase, jak i Nic-Salt. Ta r\u00f3\u017cnorodno\u015b\u0107 pozwala u\u017cytkownikom znale\u017a\u0107 preferowany styl wapowania i smak. Ponadto urz\u0105dzenie posiada regulowany przep\u0142yw powietrza, zapewniaj\u0105cy optymalny efekt gard\u0142a.<\/p>\n<h3>Dane techniczne i cechy<\/h3>\n<p>Zestaw Ursa Nano Pod Kit wyr\u00f3\u017cnia si\u0119 kompaktowymi wymiarami 100,56 x 24,1 x 14 mm oraz niewielk\u0105 wag\u0105, co czyni go idealnym na podr\u00f3\u017c. Wbudowany akumulator o pojemno\u015bci 800 mAh zapewnia d\u0142ugotrwa\u0142\u0105 wydajno\u015b\u0107, a port \u0142adowania typu C umo\u017cliwia szybkie i efektywne \u0142adowanie. Pojemno\u015b\u0107 na p\u0142yn wynosi 2,5 ml, wi\u0119c nie trzeba go stale uzupe\u0142nia\u0107, a napi\u0119cie wyj\u015bciowe od 3,0 V do 3,9 V zapewnia r\u00f3wnomiern\u0105 produkcj\u0119 pary.<\/p>\n<h3>Zawarto\u015b\u0107 opakowania<\/h3>\n<p>Zestaw Lost Vape Ursa Nano Pod Kit zawiera w komplecie nast\u0119puj\u0105ce elementy:<\/p>\n<ul>\n<li>1\u00d7 Ursa Nano Pod urz\u0105dzenie<\/li>\n<li>1\u00d7 0,8\u03a9 Ursa Nano Pod (2,5 ml)<\/li>\n<li>1\u00d7 kabel \u0142adowania typu C<\/li>\n<li>1\u00d7 instrukcja obs\u0142ugi<\/li>\n<li>1\u00d7 karta gwarancyjna<\/li>\n<\/ul>\n<h3>Wy\u015bmienity smak i \u0142atwo\u015b\u0107 obs\u0142ugi<\/h3>\n<p>Niezale\u017cnie od tego, czy jeste\u015b do\u015bwiadczonym wapowiczem, czy nowicjuszem, zestaw Ursa Nano Pod Kit oferuje doskona\u0142e wydobycie smaku i prost\u0105 obs\u0142ug\u0119. Materia\u0142 obudowy z stopu cynku zapewnia trwa\u0142o\u015b\u0107, a kompaktowy design i ergonomiczny kszta\u0142t gwarantuj\u0105 komfort u\u017cytkowania. Z zestawem Lost Vape Ursa Nano Pod Kit masz niezawodne i wszechstronne urz\u0105dzenie, kt\u00f3re spe\u0142ni Twoje potrzeby wapowania i oferuje doskona\u0142y stosunek jako\u015bci do ceny.<\/p>\n<\/div>\n<\/div>\n<\/div>\n<\/div>\n<\/div>\n<\/div>","protected":false},"excerpt":{"rendered":"<p>Lost Vape Ursa Nano Pod Kit \u2013 Einfache Bedienung f\u00fcr Anf\u00e4nger Das Lost Vape Ursa Nano Pod Kit ist ein benutzerfreundliches E-Zigaretten-System, das speziell f\u00fcr Anf\u00e4nger entwickelt wurde. Mit seinem schlanken und tragbaren Design kombiniert es Stil mit Funktionalit\u00e4t. Das Ger\u00e4t wird von einem eingebauten 800-mAh-Akku betrieben und bietet eine maximale Leistung von 18 W, [&hellip;]<\/p>","protected":false},"featured_media":12927,"template":"","meta":{"inline_featured_image":false},"product_cat":[78,754,745,742,748],"product_tag":[],"tiered_pricing_type":"fixed","tiered_pricing_fixed_rules":[],"tiered_pricing_percentage_rules":[],"tiered_pricing_minimum":1,"_administrator_tiered_pricing_type":"fixed","_administrator_tiered_pricing_fixed_rules":[],"_editor_tiered_pricing_type":"fixed","_editor_tiered_pricing_fixed_rules":[],"_author_tiered_pricing_type":"fixed","_author_tiered_pricing_fixed_rules":[],"_contributor_tiered_pricing_type":"fixed","_contributor_tiered_pricing_fixed_rules":[],"_subscriber_tiered_pricing_type":"fixed","_subscriber_tiered_pricing_fixed_rules":[],"_customer_tiered_pricing_type":"fixed","_customer_tiered_pricing_fixed_rules":[],"_shop_manager_tiered_pricing_type":"fixed","_shop_manager_tiered_pricing_fixed_rules":[],"_wpseo_manager_tiered_pricing_type":"fixed","_wpseo_manager_tiered_pricing_fixed_rules":[],"_wpseo_editor_tiered_pricing_type":"fixed","_wpseo_editor_tiered_pricing_fixed_rules":[],"_wholesale_customer_tiered_pricing_type":"fixed","_wholesale_customer_tiered_pricing_fixed_rules":[],"_marketer_tiered_pricing_type":"fixed","_marketer_tiered_pricing_fixed_rules":[],"_sales_manager_tiered_pricing_type":"fixed","_sales_manager_tiered_pricing_fixed_rules":[],"_sales_rep_tiered_pricing_type":"fixed","_sales_rep_tiered_pricing_fixed_rules":[],"yoast_head":"<!-- This site is optimized with the Yoast SEO plugin v23.3 - https:\/\/yoast.com\/wordpress\/plugins\/seo\/ -->\n<title>Lost Vape Ursa Nano Pod System Kit | ElementVape.de<\/title>\n<meta name=\"description\" content=\"Wir bieten Lost Vape Ursa Nano Pod System Kit , Elementvape.de akzeptieren Gro\u00df-und Einzelhandel Bestellungen.\" \/>\n<meta name=\"robots\" content=\"index, follow, max-snippet:-1, max-image-preview:large, max-video-preview:-1\" \/>\n<link rel=\"canonical\" href=\"https:\/\/www.elementvape.de\/pl\/produkt\/lost-vape-ursa-nano-pod-system-kit\/\" \/>\n<meta property=\"og:locale\" content=\"pl_PL\" \/>\n<meta property=\"og:type\" content=\"article\" \/>\n<meta property=\"og:title\" content=\"Lost Vape Ursa Nano Pod System Kit | ElementVape.de\" \/>\n<meta property=\"og:description\" content=\"Wir bieten Lost Vape Ursa Nano Pod System Kit , Elementvape.de akzeptieren Gro\u00df-und Einzelhandel Bestellungen.\" \/>\n<meta property=\"og:url\" content=\"https:\/\/www.elementvape.de\/pl\/produkt\/lost-vape-ursa-nano-pod-system-kit\/\" \/>\n<meta property=\"og:site_name\" content=\"ElementVape.de\" \/>\n<meta property=\"article:modified_time\" content=\"2024-09-12T10:29:48+00:00\" \/>\n<meta property=\"og:image\" content=\"https:\/\/www.elementvape.de\/wp-content\/uploads\/2024\/06\/LostVapeUrsaPodKit-VWG_1.jpg\" \/>\n\t<meta property=\"og:image:width\" content=\"800\" \/>\n\t<meta property=\"og:image:height\" content=\"800\" \/>\n\t<meta property=\"og:image:type\" content=\"image\/jpeg\" \/>\n<meta name=\"twitter:card\" content=\"summary_large_image\" \/>\n<meta name=\"twitter:label1\" content=\"Est. reading time\" \/>\n\t<meta name=\"twitter:data1\" content=\"2 minuty\" \/>\n<script type=\"application\/ld+json\" class=\"yoast-schema-graph\">{\"@context\":\"https:\/\/schema.org\",\"@graph\":[{\"@type\":\"WebPage\",\"@id\":\"https:\/\/www.elementvape.de\/produkt\/lost-vape-ursa-nano-pod-system-kit\/\",\"url\":\"https:\/\/www.elementvape.de\/produkt\/lost-vape-ursa-nano-pod-system-kit\/\",\"name\":\"Lost Vape Ursa Nano Pod System Kit | ElementVape.de\",\"isPartOf\":{\"@id\":\"https:\/\/www.elementvape.de\/#website\"},\"primaryImageOfPage\":{\"@id\":\"https:\/\/www.elementvape.de\/produkt\/lost-vape-ursa-nano-pod-system-kit\/#primaryimage\"},\"image\":{\"@id\":\"https:\/\/www.elementvape.de\/produkt\/lost-vape-ursa-nano-pod-system-kit\/#primaryimage\"},\"thumbnailUrl\":\"https:\/\/www.elementvape.de\/wp-content\/uploads\/2024\/06\/LostVapeUrsaPodKit-VWG_1.jpg\",\"datePublished\":\"2024-06-24T09:39:41+00:00\",\"dateModified\":\"2024-09-12T10:29:48+00:00\",\"description\":\"Wir bieten Lost Vape Ursa Nano Pod System Kit , Elementvape.de akzeptieren Gro\u00df-und Einzelhandel Bestellungen.\",\"breadcrumb\":{\"@id\":\"https:\/\/www.elementvape.de\/produkt\/lost-vape-ursa-nano-pod-system-kit\/#breadcrumb\"},\"inLanguage\":\"pl-PL\",\"potentialAction\":[{\"@type\":\"ReadAction\",\"target\":[\"https:\/\/www.elementvape.de\/produkt\/lost-vape-ursa-nano-pod-system-kit\/\"]}]},{\"@type\":\"ImageObject\",\"inLanguage\":\"pl-PL\",\"@id\":\"https:\/\/www.elementvape.de\/produkt\/lost-vape-ursa-nano-pod-system-kit\/#primaryimage\",\"url\":\"https:\/\/www.elementvape.de\/wp-content\/uploads\/2024\/06\/LostVapeUrsaPodKit-VWG_1.jpg\",\"contentUrl\":\"https:\/\/www.elementvape.de\/wp-content\/uploads\/2024\/06\/LostVapeUrsaPodKit-VWG_1.jpg\",\"width\":800,\"height\":800,\"caption\":\"LostVapeUrsaPodKit-VWG_1\"},{\"@type\":\"BreadcrumbList\",\"@id\":\"https:\/\/www.elementvape.de\/produkt\/lost-vape-ursa-nano-pod-system-kit\/#breadcrumb\",\"itemListElement\":[{\"@type\":\"ListItem\",\"position\":1,\"name\":\"Home\",\"item\":\"https:\/\/www.elementvape.de\/\"},{\"@type\":\"ListItem\",\"position\":2,\"name\":\"Shop\",\"item\":\"https:\/\/www.elementvape.de\/shop\/\"},{\"@type\":\"ListItem\",\"position\":3,\"name\":\"Lost Vape Ursa Nano Pod System Kit\"}]},{\"@type\":\"WebSite\",\"@id\":\"https:\/\/www.elementvape.de\/#website\",\"url\":\"https:\/\/www.elementvape.de\/\",\"name\":\"ElementVape.de\",\"description\":\"\",\"publisher\":{\"@id\":\"https:\/\/www.elementvape.de\/#organization\"},\"potentialAction\":[{\"@type\":\"SearchAction\",\"target\":{\"@type\":\"EntryPoint\",\"urlTemplate\":\"https:\/\/www.elementvape.de\/?s={search_term_string}\"},\"query-input\":\"required name=search_term_string\"}],\"inLanguage\":\"pl-PL\"},{\"@type\":\"Organization\",\"@id\":\"https:\/\/www.elementvape.de\/#organization\",\"name\":\"ElementVape.DE\",\"url\":\"https:\/\/www.elementvape.de\/\",\"logo\":{\"@type\":\"ImageObject\",\"inLanguage\":\"pl-PL\",\"@id\":\"https:\/\/www.elementvape.de\/#\/schema\/logo\/image\/\",\"url\":\"https:\/\/www.elementvape.de\/wp-content\/uploads\/2024\/09\/cropped-1elementvape-3.png\",\"contentUrl\":\"https:\/\/www.elementvape.de\/wp-content\/uploads\/2024\/09\/cropped-1elementvape-3.png\",\"width\":285,\"height\":228,\"caption\":\"ElementVape.DE\"},\"image\":{\"@id\":\"https:\/\/www.elementvape.de\/#\/schema\/logo\/image\/\"}}]}<\/script>\n<!-- \/ Yoast SEO plugin. -->","yoast_head_json":{"title":"Lost Vape Ursa Nano Pod System Kit | ElementVape.de","description":"Wir bieten Lost Vape Ursa Nano Pod System Kit , Elementvape.de akzeptieren Gro\u00df-und Einzelhandel Bestellungen.","robots":{"index":"index","follow":"follow","max-snippet":"max-snippet:-1","max-image-preview":"max-image-preview:large","max-video-preview":"max-video-preview:-1"},"canonical":"https:\/\/www.elementvape.de\/pl\/produkt\/lost-vape-ursa-nano-pod-system-kit\/","og_locale":"pl_PL","og_type":"article","og_title":"Lost Vape Ursa Nano Pod System Kit | ElementVape.de","og_description":"Wir bieten Lost Vape Ursa Nano Pod System Kit , Elementvape.de akzeptieren Gro\u00df-und Einzelhandel Bestellungen.","og_url":"https:\/\/www.elementvape.de\/pl\/produkt\/lost-vape-ursa-nano-pod-system-kit\/","og_site_name":"ElementVape.de","article_modified_time":"2024-09-12T10:29:48+00:00","og_image":[{"width":800,"height":800,"url":"https:\/\/www.elementvape.de\/wp-content\/uploads\/2024\/06\/LostVapeUrsaPodKit-VWG_1.jpg","type":"image\/jpeg"}],"twitter_card":"summary_large_image","twitter_misc":{"Est. reading time":"2 minuty"},"schema":{"@context":"https:\/\/schema.org","@graph":[{"@type":"WebPage","@id":"https:\/\/www.elementvape.de\/produkt\/lost-vape-ursa-nano-pod-system-kit\/","url":"https:\/\/www.elementvape.de\/produkt\/lost-vape-ursa-nano-pod-system-kit\/","name":"Lost Vape Ursa Nano Pod System Kit | ElementVape.de","isPartOf":{"@id":"https:\/\/www.elementvape.de\/#website"},"primaryImageOfPage":{"@id":"https:\/\/www.elementvape.de\/produkt\/lost-vape-ursa-nano-pod-system-kit\/#primaryimage"},"image":{"@id":"https:\/\/www.elementvape.de\/produkt\/lost-vape-ursa-nano-pod-system-kit\/#primaryimage"},"thumbnailUrl":"https:\/\/www.elementvape.de\/wp-content\/uploads\/2024\/06\/LostVapeUrsaPodKit-VWG_1.jpg","datePublished":"2024-06-24T09:39:41+00:00","dateModified":"2024-09-12T10:29:48+00:00","description":"Wir bieten Lost Vape Ursa Nano Pod System Kit , Elementvape.de akzeptieren Gro\u00df-und Einzelhandel Bestellungen.","breadcrumb":{"@id":"https:\/\/www.elementvape.de\/produkt\/lost-vape-ursa-nano-pod-system-kit\/#breadcrumb"},"inLanguage":"pl-PL","potentialAction":[{"@type":"ReadAction","target":["https:\/\/www.elementvape.de\/produkt\/lost-vape-ursa-nano-pod-system-kit\/"]}]},{"@type":"ImageObject","inLanguage":"pl-PL","@id":"https:\/\/www.elementvape.de\/produkt\/lost-vape-ursa-nano-pod-system-kit\/#primaryimage","url":"https:\/\/www.elementvape.de\/wp-content\/uploads\/2024\/06\/LostVapeUrsaPodKit-VWG_1.jpg","contentUrl":"https:\/\/www.elementvape.de\/wp-content\/uploads\/2024\/06\/LostVapeUrsaPodKit-VWG_1.jpg","width":800,"height":800,"caption":"LostVapeUrsaPodKit-VWG_1"},{"@type":"BreadcrumbList","@id":"https:\/\/www.elementvape.de\/produkt\/lost-vape-ursa-nano-pod-system-kit\/#breadcrumb","itemListElement":[{"@type":"ListItem","position":1,"name":"Home","item":"https:\/\/www.elementvape.de\/"},{"@type":"ListItem","position":2,"name":"Shop","item":"https:\/\/www.elementvape.de\/shop\/"},{"@type":"ListItem","position":3,"name":"Lost Vape Ursa Nano Pod System Kit"}]},{"@type":"WebSite","@id":"https:\/\/www.elementvape.de\/#website","url":"https:\/\/www.elementvape.de\/","name":"ElementVape.de","description":"","publisher":{"@id":"https:\/\/www.elementvape.de\/#organization"},"potentialAction":[{"@type":"SearchAction","target":{"@type":"EntryPoint","urlTemplate":"https:\/\/www.elementvape.de\/?s={search_term_string}"},"query-input":"required name=search_term_string"}],"inLanguage":"pl-PL"},{"@type":"Organization","@id":"https:\/\/www.elementvape.de\/#organization","name":"ElementVape.DE","url":"https:\/\/www.elementvape.de\/","logo":{"@type":"ImageObject","inLanguage":"pl-PL","@id":"https:\/\/www.elementvape.de\/#\/schema\/logo\/image\/","url":"https:\/\/www.elementvape.de\/wp-content\/uploads\/2024\/09\/cropped-1elementvape-3.png","contentUrl":"https:\/\/www.elementvape.de\/wp-content\/uploads\/2024\/09\/cropped-1elementvape-3.png","width":285,"height":228,"caption":"ElementVape.DE"},"image":{"@id":"https:\/\/www.elementvape.de\/#\/schema\/logo\/image\/"}}]}},"_links":{"self":[{"href":"https:\/\/www.elementvape.de\/pl\/wp-json\/wp\/v2\/product\/12906"}],"collection":[{"href":"https:\/\/www.elementvape.de\/pl\/wp-json\/wp\/v2\/product"}],"about":[{"href":"https:\/\/www.elementvape.de\/pl\/wp-json\/wp\/v2\/types\/product"}],"wp:featuredmedia":[{"embeddable":true,"href":"https:\/\/www.elementvape.de\/pl\/wp-json\/wp\/v2\/media\/12927"}],"wp:attachment":[{"href":"https:\/\/www.elementvape.de\/pl\/wp-json\/wp\/v2\/media?parent=12906"}],"wp:term":[{"taxonomy":"product_cat","embeddable":true,"href":"https:\/\/www.elementvape.de\/pl\/wp-json\/wp\/v2\/product_cat?post=12906"},{"taxonomy":"product_tag","embeddable":true,"href":"https:\/\/www.elementvape.de\/pl\/wp-json\/wp\/v2\/product_tag?post=12906"}],"curies":[{"name":"wp","href":"https:\/\/api.w.org\/{rel}","templated":true}]}}